{"id":2983,"date":"2025-11-12T14:21:57","date_gmt":"2025-11-12T06:21:57","guid":{"rendered":"https:\/\/www.leyaled.com\/?post_type=product&#038;p=2983"},"modified":"2025-12-18T15:17:17","modified_gmt":"2025-12-18T07:17:17","slug":"outdoor-p2-604","status":"publish","type":"product","link":"https:\/\/www.leyaled.com\/tr\/outdoor-led-display\/outdoor-p2-604\/","title":{"rendered":"A\u00e7\u0131k ekran P2.604"},"content":{"rendered":"<p style=\"text-align: center;\"><span style=\"font-family: helvetica, arial, sans-serif; font-size: 14pt;\"><strong>Boyut &amp; A\u011f\u0131rl\u0131k: 5<\/strong>00\u00d7500, 500&#215; 1000, panel ba\u015f\u0131na sadece 9kg<\/span><\/p>\n<p style=\"text-align: center;\"><span style=\"font-family: helvetica, arial, sans-serif; font-size: 14pt;\"><strong>Ekran:<\/strong> Y\u00fcksek yenileme \/ gri \u00f6l\u00e7ekli, hayalet olmadan, \u00e7arp\u0131c\u0131 g\u00f6r\u00fcnt\u00fcler<\/span><\/p>\n<p style=\"text-align: center;\"><span style=\"font-family: helvetica, arial, sans-serif; font-size: 14pt;\"><strong>Kabine:<\/strong> D\u00f6k\u00fcml\u00fc al\u00fcminyum, y\u00fcksek hassasiyetli, diki\u015fsiz ekleme<\/span><\/p>\n<p style=\"text-align: center;\"><span style=\"font-family: helvetica, arial, sans-serif; font-size: 14pt;\"><strong>Yap\u0131:<\/strong> B\u00fcy\u00fck \u0131s\u0131 da\u011f\u0131l\u0131m\u0131 i\u00e7in \u00f6zel \u00e7er\u00e7eve; fans\u0131z, sessiz \u00e7al\u0131\u015fma<\/span><\/p>\n<p style=\"text-align: center;\"><span style=\"font-family: helvetica, arial, sans-serif; font-size: 14pt;\"><strong>G\u00f6r\u00fcnt\u00fcleme:<\/strong> Geni\u015f a\u00e7\u0131, p\u00fcr\u00fczs\u00fcz &amp; Her taraftan canl\u0131 g\u00f6r\u00fcnt\u00fcler<\/span><\/p>\n<p style=\"text-align: center;\"><span style=\"font-family: helvetica, arial, sans-serif; font-size: 14pt;\"><strong>Kurulum:<\/strong> Dayan\u0131kl\u0131 h\u0131zl\u0131 kilitli tasar\u0131m, h\u0131zl\u0131 montaj ve demontaj<\/span><\/p>\n<p style=\"text-align: center;\"><span style=\"font-family: helvetica, arial, sans-serif; font-size: 14pt;\"><img fetchpriority=\"high\" decoding=\"async\" class=\"alignnone size-full wp-image-3090\" src=\"https:\/\/www.leyaled.com\/wp-content\/uploads\/2025\/11\/display.webp\" alt=\"\" width=\"800\" height=\"800\" srcset=\"https:\/\/www.leyaled.com\/wp-content\/uploads\/2025\/11\/display.webp 800w, https:\/\/www.leyaled.com\/wp-content\/uploads\/2025\/11\/display-300x300.webp 300w, https:\/\/www.leyaled.com\/wp-content\/uploads\/2025\/11\/display-150x150.webp 150w, https:\/\/www.leyaled.com\/wp-content\/uploads\/2025\/11\/display-768x768.webp 768w, https:\/\/www.leyaled.com\/wp-content\/uploads\/2025\/11\/display-600x600.webp 600w, https:\/\/www.leyaled.com\/wp-content\/uploads\/2025\/11\/display-100x100.webp 100w\" sizes=\"(max-width: 800px) 100vw, 800px\" \/><\/span><\/p>\n<p style=\"text-align: center;\"><span style=\"font-family: helvetica, arial, sans-serif; font-size: 14pt;\"> <img decoding=\"async\" class=\"alignnone size-full wp-image-3091\" src=\"https:\/\/www.leyaled.com\/wp-content\/uploads\/2025\/11\/display1.webp\" alt=\"\" width=\"800\" height=\"800\" srcset=\"https:\/\/www.leyaled.com\/wp-content\/uploads\/2025\/11\/display1.webp 800w, https:\/\/www.leyaled.com\/wp-content\/uploads\/2025\/11\/display1-300x300.webp 300w, https:\/\/www.leyaled.com\/wp-content\/uploads\/2025\/11\/display1-150x150.webp 150w, https:\/\/www.leyaled.com\/wp-content\/uploads\/2025\/11\/display1-768x768.webp 768w, https:\/\/www.leyaled.com\/wp-content\/uploads\/2025\/11\/display1-600x600.webp 600w, https:\/\/www.leyaled.com\/wp-content\/uploads\/2025\/11\/display1-100x100.webp 100w\" sizes=\"(max-width: 800px) 100vw, 800px\" \/><\/span><\/p>\n<p style=\"text-align: center;\"><span style=\"font-family: helvetica, arial, sans-serif; font-size: 14pt;\"> <img decoding=\"async\" class=\"alignnone size-full wp-image-3092\" src=\"https:\/\/www.leyaled.com\/wp-content\/uploads\/2025\/11\/display2.webp\" alt=\"\" width=\"800\" height=\"800\" srcset=\"https:\/\/www.leyaled.com\/wp-content\/uploads\/2025\/11\/display2.webp 800w, https:\/\/www.leyaled.com\/wp-content\/uploads\/2025\/11\/display2-300x300.webp 300w, https:\/\/www.leyaled.com\/wp-content\/uploads\/2025\/11\/display2-150x150.webp 150w, https:\/\/www.leyaled.com\/wp-content\/uploads\/2025\/11\/display2-768x768.webp 768w, https:\/\/www.leyaled.com\/wp-content\/uploads\/2025\/11\/display2-600x600.webp 600w, https:\/\/www.leyaled.com\/wp-content\/uploads\/2025\/11\/display2-100x100.webp 100w\" sizes=\"(max-width: 800px) 100vw, 800px\" \/><\/span><\/p>\n<p>&nbsp;<\/p>\n<p style=\"text-align: center;\"><span style=\"font-family: helvetica, arial, sans-serif;\">P2.6 ekran\u0131, 500 \u00d7 500mm dolaplar\u0131n veya 500 \u00d7 1000mm'nin ba\u011f\u0131ms\u0131z kullan\u0131m\u0131n\u0131 destekler<\/span><\/p>\n<p style=\"text-align: center;\"><span style=\"font-family: helvetica, arial, sans-serif;\"> dolaplar, ve hatta her iki boyutun kar\u0131\u015f\u0131k ekleme izin verir. Bu benzersiz bir ekleme y\u00f6ntemidir <\/span><\/p>\n<p style=\"text-align: center;\"><span style=\"font-family: helvetica, arial, sans-serif;\">P2.6 ekran\u0131na \u00f6zel olarak, daha esnek kurulumu sa\u011flar.<\/span><\/p>\n<p style=\"text-align: center;\"><img loading=\"lazy\" decoding=\"async\" class=\"alignnone size-full wp-image-3093\" src=\"https:\/\/www.leyaled.com\/wp-content\/uploads\/2025\/11\/display5.webp\" alt=\"\" width=\"800\" height=\"506\" srcset=\"https:\/\/www.leyaled.com\/wp-content\/uploads\/2025\/11\/display5.webp 800w, https:\/\/www.leyaled.com\/wp-content\/uploads\/2025\/11\/display5-300x190.webp 300w, https:\/\/www.leyaled.com\/wp-content\/uploads\/2025\/11\/display5-768x486.webp 768w, https:\/\/www.leyaled.com\/wp-content\/uploads\/2025\/11\/display5-600x380.webp 600w\" sizes=\"(max-width: 800px) 100vw, 800px\" \/><\/p>\n<p style=\"text-align: center;\"><span style=\"font-family: helvetica, arial, sans-serif;\">Geleneksel LED dolaplar\u0131 sadece kare veya dikd\u00f6rtgen \u015fekillere eklenebilir. Bununla birlikte, <\/span><\/p>\n<p style=\"text-align: center;\"><span style=\"font-family: helvetica, arial, sans-serif;\">e\u015fle\u015fen e\u011fri kilitlerle, P2.6 LED duvar\u0131m\u0131z bir<\/span><\/p>\n<p style=\"text-align: center;\"><span style=\"font-family: helvetica, arial, sans-serif;\"> Neredeyse eliptik \u015fekil. E\u011fri kilitler ayn\u0131 zamanda d\u00fczensiz y\u00fczeylere kurulumu sa\u011flar.<\/span><\/p>\n<p><img loading=\"lazy\" decoding=\"async\" class=\"size-full wp-image-3095 aligncenter\" src=\"https:\/\/www.leyaled.com\/wp-content\/uploads\/2025\/11\/display-1.webp\" alt=\"\" width=\"800\" height=\"683\" srcset=\"https:\/\/www.leyaled.com\/wp-content\/uploads\/2025\/11\/display-1.webp 800w, https:\/\/www.leyaled.com\/wp-content\/uploads\/2025\/11\/display-1-300x256.webp 300w, https:\/\/www.leyaled.com\/wp-content\/uploads\/2025\/11\/display-1-768x656.webp 768w, https:\/\/www.leyaled.com\/wp-content\/uploads\/2025\/11\/display-1-600x512.webp 600w\" sizes=\"(max-width: 800px) 100vw, 800px\" \/><\/p>\n<p style=\"text-align: center;\"><strong><span style=\"font-family: helvetica, arial, sans-serif; font-size: 14pt;\">Ultra geni\u015f bak\u0131\u015f a\u00e7\u0131s\u0131<\/span><\/strong><br \/>\n<span style=\"font-family: helvetica, arial, sans-serif;\">Ekran 160\u00b0 bak\u0131\u015f a\u00e7\u0131s\u0131na sahiptir ve herhangi bir konumdan a\u00e7\u0131k g\u00f6r\u00fcn\u00fcrl\u00fc\u011f\u00fc sa\u011flar.<\/span><\/p>\n<p style=\"text-align: center;\"><img loading=\"lazy\" decoding=\"async\" class=\"alignnone size-full wp-image-3096\" src=\"https:\/\/www.leyaled.com\/wp-content\/uploads\/2025\/11\/display1-1.webp\" alt=\"\" width=\"800\" height=\"362\" srcset=\"https:\/\/www.leyaled.com\/wp-content\/uploads\/2025\/11\/display1-1.webp 800w, https:\/\/www.leyaled.com\/wp-content\/uploads\/2025\/11\/display1-1-300x136.webp 300w, https:\/\/www.leyaled.com\/wp-content\/uploads\/2025\/11\/display1-1-768x348.webp 768w, https:\/\/www.leyaled.com\/wp-content\/uploads\/2025\/11\/display1-1-600x272.webp 600w\" sizes=\"(max-width: 800px) 100vw, 800px\" \/><\/p>\n<p style=\"text-align: center;\"><strong><span style=\"font-family: helvetica, arial, sans-serif; font-size: 14pt;\">\u00dcst\u00fcn G\u00f6rseller<\/span><\/strong><br \/>\n<span style=\"font-family: helvetica, arial, sans-serif;\">Y\u00fcksek kontrast &amp; gri \u00f6l\u00e7eki: Kristal a\u00e7\u0131k g\u00f6r\u00fcnt\u00fcler sunar.<\/span><br \/>\n<span style=\"font-family: helvetica, arial, sans-serif;\">10.000 nits parlakl\u0131k: Do\u011frudan g\u00fcne\u015f \u0131\u015f\u0131\u011f\u0131nda bile keskin g\u00f6r\u00fcn\u00fcrl\u00fck.<\/span><\/p>\n<p>&nbsp;<\/p>\n<p style=\"text-align: center;\"><img loading=\"lazy\" decoding=\"async\" class=\"alignnone size-full wp-image-3097\" src=\"https:\/\/www.leyaled.com\/wp-content\/uploads\/2025\/11\/display5-1.webp\" alt=\"\" width=\"800\" height=\"566\" srcset=\"https:\/\/www.leyaled.com\/wp-content\/uploads\/2025\/11\/display5-1.webp 800w, https:\/\/www.leyaled.com\/wp-content\/uploads\/2025\/11\/display5-1-300x212.webp 300w, https:\/\/www.leyaled.com\/wp-content\/uploads\/2025\/11\/display5-1-768x543.webp 768w, https:\/\/www.leyaled.com\/wp-content\/uploads\/2025\/11\/display5-1-600x425.webp 600w\" sizes=\"(max-width: 800px) 100vw, 800px\" \/><\/p>\n<p style=\"text-align: center;\"><span style=\"font-size: 14pt;\"><strong><span style=\"font-family: helvetica, arial, sans-serif;\">Uygulama Senaryolar\u0131<\/span><\/strong><\/span><br \/>\n<span style=\"font-family: helvetica, arial, sans-serif;\">A\u00e7\u0131k mekan reklam\u0131 \/ Dijital medya reklam\u0131 \/ Ara\u00e7 montajl\u0131 ekranlar (kamyonlar)<\/span><\/p>\n<p style=\"text-align: center;\"><img loading=\"lazy\" decoding=\"async\" class=\"alignnone size-full wp-image-3098\" src=\"https:\/\/www.leyaled.com\/wp-content\/uploads\/2025\/11\/display-2.webp\" alt=\"\" width=\"800\" height=\"566\" srcset=\"https:\/\/www.leyaled.com\/wp-content\/uploads\/2025\/11\/display-2.webp 800w, https:\/\/www.leyaled.com\/wp-content\/uploads\/2025\/11\/display-2-300x212.webp 300w, https:\/\/www.leyaled.com\/wp-content\/uploads\/2025\/11\/display-2-768x543.webp 768w, https:\/\/www.leyaled.com\/wp-content\/uploads\/2025\/11\/display-2-600x425.webp 600w\" sizes=\"(max-width: 800px) 100vw, 800px\" \/><\/p>\n<p style=\"text-align: center;\"><span style=\"font-family: helvetica, arial, sans-serif; font-size: 14pt;\">P2.6 ve P3.91 aras\u0131ndaki farklar\u0131 merak ediyor musunuz? \u015eimdi bizimle ileti\u015fime ge\u00e7in!<\/span><\/p>","protected":false},"excerpt":{"rendered":"<p>Kat\u0131 her y\u00f6nl\u00fc se\u00e7im.<br \/>\n2.6mm aral\u0131k, y\u00fcksek yenileme h\u0131z\u0131, 160 \u00b0 geni\u015f g\u00f6r\u00fcn\u00fcm - her a\u00e7\u0131da net g\u00f6rseller. 10.000 nit parlakl\u0131k, do\u011frudan g\u00fcne\u015f \u0131\u015f\u0131\u011f\u0131nda bile a\u00e7\u0131k. A\u00e7\u0131k &amp; amp; yar\u0131 a\u00e7\u0131k kullan\u0131m.<br \/>\nKar\u0131\u015f\u0131k 500 \u00d7 500mm \/ 500 \u00d7 1000mm kabin ekleme. Eliptik \u015fekiller i\u00e7in e\u011fri kilitler, d\u00fczensiz y\u00fczeylere uyar. Hafif al\u00fcminyum dolap, h\u0131zl\u0131 montaj ve h\u0131zl\u0131 kilit i\u00e7in y\u0131rtma.<br \/>\nA\u00e7\u0131k reklamlar, dijital medya, kamyon ekranlar\u0131 i\u00e7in ideal.<\/p>","protected":false},"featured_media":2981,"comment_status":"closed","ping_status":"closed","template":"","meta":[],"product_brand":[],"product_cat":[43],"product_tag":[],"class_list":{"0":"post-2983","1":"product","2":"type-product","3":"status-publish","4":"has-post-thumbnail","6":"product_cat-outdoor-led-display","8":"first","9":"instock","10":"shipping-taxable","11":"product-type-simple"},"_links":{"self":[{"href":"https:\/\/www.leyaled.com\/tr\/wp-json\/wp\/v2\/product\/2983","targetHints":{"allow":["GET"]}}],"collection":[{"href":"https:\/\/www.leyaled.com\/tr\/wp-json\/wp\/v2\/product"}],"about":[{"href":"https:\/\/www.leyaled.com\/tr\/wp-json\/wp\/v2\/types\/product"}],"replies":[{"embeddable":true,"href":"https:\/\/www.leyaled.com\/tr\/wp-json\/wp\/v2\/comments?post=2983"}],"wp:featuredmedia":[{"embeddable":true,"href":"https:\/\/www.leyaled.com\/tr\/wp-json\/wp\/v2\/media\/2981"}],"wp:attachment":[{"href":"https:\/\/www.leyaled.com\/tr\/wp-json\/wp\/v2\/media?parent=2983"}],"wp:term":[{"taxonomy":"product_brand","embeddable":true,"href":"https:\/\/www.leyaled.com\/tr\/wp-json\/wp\/v2\/product_brand?post=2983"},{"taxonomy":"product_cat","embeddable":true,"href":"https:\/\/www.leyaled.com\/tr\/wp-json\/wp\/v2\/product_cat?post=2983"},{"taxonomy":"product_tag","embeddable":true,"href":"https:\/\/www.leyaled.com\/tr\/wp-json\/wp\/v2\/product_tag?post=2983"}],"curies":[{"name":"wp","href":"https:\/\/api.w.org\/{rel}","templated":true}]}}