{"id":2947,"date":"2025-11-10T14:29:27","date_gmt":"2025-11-10T06:29:27","guid":{"rendered":"https:\/\/www.leyaled.com\/?post_type=product&#038;p=2947"},"modified":"2025-12-09T11:53:40","modified_gmt":"2025-12-09T03:53:40","slug":"outdoor-display-p3","status":"publish","type":"product","link":"https:\/\/www.leyaled.com\/tr\/outdoor-led-display\/outdoor-display-p3\/","title":{"rendered":"a\u00e7\u0131k ekran P3"},"content":{"rendered":"<p style=\"text-align: center;\"><strong><span style=\"font-family: helvetica, arial, sans-serif; font-size: 14pt;\">LED ekranlar \u00f6zel \u00fcretilmi\u015f \u00fcr\u00fcnlerdir. Tam ekran \u00f6zelle\u015ftirme i\u00e7in, sorular i\u00e7in m\u00fc\u015fteri hizmetlerine ula\u015f\u0131n.<\/span><\/strong><\/p>\n<p style=\"text-align: center;\"><strong><span style=\"font-family: helvetica, arial, sans-serif; font-size: 14pt;\">P3 LED Ekran \u00c7ekirdek Sat\u0131\u015f Noktalar\u0131<\/span><\/strong><\/p>\n<p style=\"text-align: center;\"><span style=\"font-family: helvetica, arial, sans-serif; font-size: 14pt;\">\u00d6zellikler vurgulamak: 3mm piksel aral\u0131\u011f\u0131 ve metrekare ba\u015f\u0131na 111.111 piksel, ultra net ve hassas ekran efektleri sunar.<\/span><\/p>\n<p style=\"text-align: center;\"><span style=\"font-family: helvetica, arial, sans-serif; font-size: 14pt;\"> 1080P \/ 4K deste\u011fi ile net, ayr\u0131nt\u0131l\u0131 g\u00f6rseller sunar.<\/span><\/p>\n<p style=\"text-align: center;\"><span style=\"font-family: helvetica, arial, sans-serif; font-size: 14pt;\">600-1000 cd\/ \u33a1  parlakl\u0131k ve y\u00fcksek kontrast, i\u00e7 mekanlarda rahat yak\u0131ndan g\u00f6r\u00fcnt\u00fclemek i\u00e7in m\u00fckemmel.<\/span><\/p>\n<p style=\"text-align: center;\"><span style=\"font-family: helvetica, arial, sans-serif; font-size: 14pt;\">Mod\u00fcler tasar\u0131m, esnek ekleme ve \u00f6zel \u015fekilleri sa\u011flar, kurulumu s\u00fcper kolay.<\/span><\/p>\n<p style=\"text-align: center;\"><span style=\"font-family: helvetica, arial, sans-serif; font-size: 14pt;\">160 \u00b0 geni\u015f bak\u0131\u015f a\u00e7\u0131s\u0131, her taraftan tutarl\u0131 renkler, d\u00fc\u015f\u00fck g\u00fc\u00e7 kullan\u0131m\u0131 ve uzun hizmet \u00f6mr\u00fc.<\/span><\/p>\n<p style=\"text-align: center;\"><span style=\"font-family: helvetica, arial, sans-serif; font-size: 14pt;\">Premium kapal\u0131 alanlar i\u00e7in ideal: sergi salonlar\u0131, toplant\u0131 odalar\u0131, al\u0131\u015fveri\u015f merkezleri ve daha fazlas\u0131.<\/span><\/p>\n<p style=\"text-align: center;\"><strong><span style=\"font-family: helvetica, arial, sans-serif; font-size: 14pt;\">Sahne Kiralama Ekran\u0131<\/span><\/strong><\/p>\n<p style=\"text-align: center;\"><span style=\"font-family: helvetica, arial, sans-serif; font-size: 14pt;\">Y\u00fcksek \u00c7\u00f6z\u00fcn\u00fcrl\u00fckl\u00fc EkranDiki\u015fsiz Diki\u015f-Y\u00fcksek Yenileme H\u0131z\u0131<\/span><\/p>\n<p style=\"text-align: center;\"><img fetchpriority=\"high\" decoding=\"async\" class=\"alignnone size-full wp-image-3112\" src=\"https:\/\/www.leyaled.com\/wp-content\/uploads\/2025\/11\/disp1.webp\" alt=\"\" width=\"800\" height=\"812\" srcset=\"https:\/\/www.leyaled.com\/wp-content\/uploads\/2025\/11\/disp1.webp 800w, https:\/\/www.leyaled.com\/wp-content\/uploads\/2025\/11\/disp1-296x300.webp 296w, https:\/\/www.leyaled.com\/wp-content\/uploads\/2025\/11\/disp1-768x780.webp 768w, https:\/\/www.leyaled.com\/wp-content\/uploads\/2025\/11\/disp1-600x609.webp 600w\" sizes=\"(max-width: 800px) 100vw, 800px\" \/><\/p>\n<p style=\"text-align: center;\"><strong><span style=\"font-family: helvetica, arial, sans-serif; font-size: 14pt;\">D\u00fc\u015f\u00fck Parlakl\u0131kY\u00fcksek Gri<\/span><\/strong><\/p>\n<p style=\"text-align: center;\"><span style=\"font-family: helvetica, arial, sans-serif;\">Kesin, renkli, y\u00fcksek \u00e7\u00f6z\u00fcn\u00fcrl\u00fckl\u00fc ve do\u011fa<\/span><\/p>\n<p style=\"text-align: center;\"><img decoding=\"async\" class=\"alignnone size-full wp-image-3075\" src=\"https:\/\/www.leyaled.com\/wp-content\/uploads\/2025\/10\/display-3.webp\" alt=\"\" width=\"800\" height=\"648\" srcset=\"https:\/\/www.leyaled.com\/wp-content\/uploads\/2025\/10\/display-3.webp 800w, https:\/\/www.leyaled.com\/wp-content\/uploads\/2025\/10\/display-3-300x243.webp 300w, https:\/\/www.leyaled.com\/wp-content\/uploads\/2025\/10\/display-3-768x622.webp 768w, https:\/\/www.leyaled.com\/wp-content\/uploads\/2025\/10\/display-3-600x486.webp 600w\" sizes=\"(max-width: 800px) 100vw, 800px\" \/><\/p>\n<p style=\"text-align: center;\"><span style=\"font-family: helvetica, arial, sans-serif;\">\u00a0 D\u00fc\u015f\u00fck parlakl\u0131k &amp;  &amp; d\u00fc\u015f\u00fck gri \u00f6l\u00e7ekli Y\u00fcksek parlakl\u0131k &amp; D\u00fc\u015f\u00fck gri \u00f6l\u00e7ekli <\/span><\/p>\n<p style=\"text-align: center;\"><span style=\"font-family: helvetica, arial, sans-serif;\">Karanl\u0131k alan detaylar\u0131n\u0131n \u00f6nemli bir kayb\u0131 Karanl\u0131k alan detaylar\u0131n\u0131n minimum kayb\u0131<\/span><\/p>\n<p style=\"text-align: center;\"><strong><span style=\"font-family: helvetica, arial, sans-serif; font-size: 14pt;\">\u0130nce &amp; Y\u00fcksek yap\u0131<\/span><\/strong><\/p>\n<p style=\"text-align: center;\"><span style=\"font-family: helvetica, arial, sans-serif; font-size: 14pt;\">10 y\u0131ll\u0131k \u00f6m\u00fcrl\u00fc hafif<\/span><\/p>\n<p><img decoding=\"async\" class=\"size-full wp-image-3092 aligncenter\" src=\"https:\/\/www.leyaled.com\/wp-content\/uploads\/2025\/11\/display2.webp\" alt=\"\" width=\"800\" height=\"800\" srcset=\"https:\/\/www.leyaled.com\/wp-content\/uploads\/2025\/11\/display2.webp 800w, https:\/\/www.leyaled.com\/wp-content\/uploads\/2025\/11\/display2-300x300.webp 300w, https:\/\/www.leyaled.com\/wp-content\/uploads\/2025\/11\/display2-150x150.webp 150w, https:\/\/www.leyaled.com\/wp-content\/uploads\/2025\/11\/display2-768x768.webp 768w, https:\/\/www.leyaled.com\/wp-content\/uploads\/2025\/11\/display2-600x600.webp 600w, https:\/\/www.leyaled.com\/wp-content\/uploads\/2025\/11\/display2-100x100.webp 100w\" sizes=\"(max-width: 800px) 100vw, 800px\" \/><\/p>\n<p style=\"text-align: center;\"><span style=\"font-family: helvetica, arial, sans-serif; font-size: 14pt;\">Kutu g\u00f6vdesi kal\u0131p d\u00f6k\u00fcm al\u00fcminyum kal\u0131plama y\u00fckseklik mukavemeti, sertli\u011fi benimser,<\/span><\/p>\n<p style=\"text-align: center;\"><span style=\"font-family: helvetica, arial, sans-serif; font-size: 14pt;\">enerji tasarrufu i\u00e7in ula\u015f\u0131m i\u00e7in y\u00fcksek hassasiyet, deforme kolay de\u011fil.<\/span><\/p>\n<p style=\"text-align: center;\"><span style=\"font-family: helvetica, arial, sans-serif; font-size: 14pt;\">Kolay kurulum<\/span><\/p>\n<p style=\"text-align: center;\"><span style=\"font-family: helvetica, arial, sans-serif; font-size: 14pt;\">Hassas H\u0131zl\u0131 Esnek Konumlu Kurulum<\/span><\/p>\n<p style=\"text-align: center;\"><img loading=\"lazy\" decoding=\"async\" class=\"alignnone size-full wp-image-3044\" src=\"https:\/\/www.leyaled.com\/wp-content\/uploads\/2025\/10\/display-led.webp\" alt=\"\" width=\"800\" height=\"556\" srcset=\"https:\/\/www.leyaled.com\/wp-content\/uploads\/2025\/10\/display-led.webp 800w, https:\/\/www.leyaled.com\/wp-content\/uploads\/2025\/10\/display-led-300x209.webp 300w, https:\/\/www.leyaled.com\/wp-content\/uploads\/2025\/10\/display-led-768x534.webp 768w, https:\/\/www.leyaled.com\/wp-content\/uploads\/2025\/10\/display-led-600x417.webp 600w\" sizes=\"(max-width: 800px) 100vw, 800px\" \/><\/p>\n<p style=\"text-align: center;\"><span style=\"font-family: helvetica, arial, sans-serif; font-size: 14pt;\">Kutu hafif ve ince, ta\u015f\u0131ma i\u00e7in montaj ve ayr\u0131lmak kolayd\u0131r, <\/span><\/p>\n<p style=\"text-align: center;\"><span style=\"font-family: helvetica, arial, sans-serif; font-size: 14pt;\">ve ekran alan\u0131n\u0131 kaydetmek i\u00e7in kal\u0131nl\u0131k azalt\u0131l\u0131r.<\/span><\/p>\n<p style=\"text-align: center;\"><span style=\"font-size: 14pt;\"><strong><span style=\"font-family: helvetica, arial, sans-serif;\">Ayr\u0131nt\u0131lar kaliteyi belirler.<\/span><\/strong><\/span><\/p>\n<p><span style=\"font-size: 14pt;\"><strong><span style=\"font-family: helvetica, arial, sans-serif;\"><img loading=\"lazy\" decoding=\"async\" class=\"size-full wp-image-3156 aligncenter\" src=\"https:\/\/www.leyaled.com\/wp-content\/uploads\/2025\/11\/ing-2.webp\" alt=\"\" width=\"800\" height=\"690\" srcset=\"https:\/\/www.leyaled.com\/wp-content\/uploads\/2025\/11\/ing-2.webp 800w, https:\/\/www.leyaled.com\/wp-content\/uploads\/2025\/11\/ing-2-300x259.webp 300w, https:\/\/www.leyaled.com\/wp-content\/uploads\/2025\/11\/ing-2-768x662.webp 768w, https:\/\/www.leyaled.com\/wp-content\/uploads\/2025\/11\/ing-2-600x518.webp 600w\" sizes=\"(max-width: 800px) 100vw, 800px\" \/><\/span><\/strong><\/span><\/p>\n<p style=\"text-align: center;\"><span style=\"font-family: helvetica, arial, sans-serif; font-size: 14pt;\">LED ekranlar\u0131m\u0131z \u00fcniforma lamba boncuklar\u0131na sahiptir ve asla \u00f6l\u00fc piksellere sahip de\u011fildir. Siyah ekran\u0131n tad\u0131n\u0131 \u00e7\u0131kar\u0131n,<\/span><\/p>\n<p style=\"text-align: center;\"><span style=\"font-family: helvetica, arial, sans-serif; font-size: 14pt;\"> donma yok, gecikme yok ve s\u00fcper y\u00fcksek parlakl\u0131k! Ultra HD saf renkli pikseller getirir <\/span><\/p>\n<p style=\"text-align: center;\"><span style=\"font-family: helvetica, arial, sans-serif; font-size: 14pt;\">kristal a\u00e7\u0131k g\u00f6r\u00fcnt\u00fcler - par\u0131ldama yok, hayalet yok ve kesinlikle g\u00f6r\u00fcnt\u00fc yakma yok!<\/span><\/p>\n<p style=\"text-align: center;\"><img loading=\"lazy\" decoding=\"async\" class=\"alignnone size-full wp-image-3157\" src=\"https:\/\/www.leyaled.com\/wp-content\/uploads\/2025\/11\/detailed-pictures.webp\" alt=\"\" width=\"800\" height=\"800\" srcset=\"https:\/\/www.leyaled.com\/wp-content\/uploads\/2025\/11\/detailed-pictures.webp 800w, https:\/\/www.leyaled.com\/wp-content\/uploads\/2025\/11\/detailed-pictures-300x300.webp 300w, https:\/\/www.leyaled.com\/wp-content\/uploads\/2025\/11\/detailed-pictures-150x150.webp 150w, https:\/\/www.leyaled.com\/wp-content\/uploads\/2025\/11\/detailed-pictures-768x768.webp 768w, https:\/\/www.leyaled.com\/wp-content\/uploads\/2025\/11\/detailed-pictures-600x600.webp 600w, https:\/\/www.leyaled.com\/wp-content\/uploads\/2025\/11\/detailed-pictures-100x100.webp 100w\" sizes=\"(max-width: 800px) 100vw, 800px\" \/><\/p>\n<p style=\"text-align: center;\"><span style=\"font-family: helvetica, arial, sans-serif; font-size: 14pt;\">LED ekranlar\u0131m\u0131z d\u00fcz maske y\u00fczeylerine ve b\u00fcy\u00fck \u00fcr\u00fcn tutarl\u0131l\u0131\u011f\u0131na sahiptir! End\u00fcstri lideri olan pot teknolojisini kullan\u0131yoruz<\/span><\/p>\n<p style=\"text-align: center;\"><span style=\"font-family: helvetica, arial, sans-serif; font-size: 14pt;\"> Toz ve nemi d\u0131\u015far\u0131 tutan p\u00fcr\u00fczs\u00fcz, d\u00fcz bir kaplama i\u00e7in - her birim i\u00e7in ayn\u0131 g\u00fcvenilir kaliteyi garanti eder.<\/span><\/p>\n<p style=\"text-align: center;\"><span style=\"font-family: helvetica, arial, sans-serif; font-size: 14pt;\">LED ekranlar\u0131m\u0131z, kapal\u0131 sergiler ve a\u00e7\u0131k reklam panolar\u0131 da dahil olmak \u00fczere birden fazla uygulama senaryosunu kapsar.<\/span><\/p>\n<p style=\"text-align: center;\"><img loading=\"lazy\" decoding=\"async\" class=\"alignnone size-full wp-image-3158\" src=\"https:\/\/www.leyaled.com\/wp-content\/uploads\/2025\/11\/ing3.webp\" alt=\"\" width=\"800\" height=\"800\" srcset=\"https:\/\/www.leyaled.com\/wp-content\/uploads\/2025\/11\/ing3.webp 800w, https:\/\/www.leyaled.com\/wp-content\/uploads\/2025\/11\/ing3-300x300.webp 300w, https:\/\/www.leyaled.com\/wp-content\/uploads\/2025\/11\/ing3-150x150.webp 150w, https:\/\/www.leyaled.com\/wp-content\/uploads\/2025\/11\/ing3-768x768.webp 768w, https:\/\/www.leyaled.com\/wp-content\/uploads\/2025\/11\/ing3-600x600.webp 600w, https:\/\/www.leyaled.com\/wp-content\/uploads\/2025\/11\/ing3-100x100.webp 100w\" sizes=\"(max-width: 800px) 100vw, 800px\" \/><\/p>\n<p style=\"text-align: center;\"><span style=\"font-family: helvetica, arial, sans-serif; font-size: 14pt;\">A\u00e7\u0131k P3 LED ekranlar\u0131n\u0131n g\u00fc\u00e7l\u00fc y\u00f6nleri hakk\u0131nda m\u0131? \u00d6zelle\u015ftirilmi\u015f \u00e7\u00f6z\u00fcmler i\u00e7in bug\u00fcn bizimle ileti\u015fime ge\u00e7in!<\/span><\/p>","protected":false},"excerpt":{"rendered":"<p>P3 LED ekran\u0131 3mm piksel aral\u0131\u011f\u0131na ve metrekare ba\u015f\u0131na 111.111 piksele sahiptir ve yak\u0131ndan kapal\u0131 g\u00f6r\u00fcnt\u00fcleme i\u00e7in m\u00fckemmel olan keskin 1080P \/ 4K g\u00f6rseller sunar. 600-1000 cd\/ \u33a1  parlakl\u0131k ve y\u00fcksek kontrast, bu y\u00fczden \u0131\u015f\u0131k g\u00f6zlerde yumu\u015fak ve yumu\u015fak kal\u0131r. Dahas\u0131, s\u00fcper kolay kurulum ile esnek mod\u00fcler ekleme ve \u00f6zel d\u00fczensiz \u015fekilleri destekler. Ayr\u0131ca 160\u00b0 geni\u015f bir g\u00f6r\u00fcnt\u00fcleme a\u00e7\u0131s\u0131, tutarl\u0131 renkler, d\u00fc\u015f\u00fck g\u00fc\u00e7 kullan\u0131m\u0131 ve uzun bir \u00f6mre sahiptir - bu da orta ve y\u00fcksek kaliteli kapal\u0131 ekran ayarlar\u0131 i\u00e7in m\u00fckemmel bir se\u00e7im haline getirir.<\/p>","protected":false},"featured_media":2949,"comment_status":"closed","ping_status":"closed","template":"","meta":[],"product_brand":[],"product_cat":[43,15],"product_tag":[],"class_list":{"0":"post-2947","1":"product","2":"type-product","3":"status-publish","4":"has-post-thumbnail","6":"product_cat-outdoor-led-display","7":"product_cat-standard-led-display","9":"first","10":"instock","11":"shipping-taxable","12":"product-type-simple"},"_links":{"self":[{"href":"https:\/\/www.leyaled.com\/tr\/wp-json\/wp\/v2\/product\/2947","targetHints":{"allow":["GET"]}}],"collection":[{"href":"https:\/\/www.leyaled.com\/tr\/wp-json\/wp\/v2\/product"}],"about":[{"href":"https:\/\/www.leyaled.com\/tr\/wp-json\/wp\/v2\/types\/product"}],"replies":[{"embeddable":true,"href":"https:\/\/www.leyaled.com\/tr\/wp-json\/wp\/v2\/comments?post=2947"}],"wp:featuredmedia":[{"embeddable":true,"href":"https:\/\/www.leyaled.com\/tr\/wp-json\/wp\/v2\/media\/2949"}],"wp:attachment":[{"href":"https:\/\/www.leyaled.com\/tr\/wp-json\/wp\/v2\/media?parent=2947"}],"wp:term":[{"taxonomy":"product_brand","embeddable":true,"href":"https:\/\/www.leyaled.com\/tr\/wp-json\/wp\/v2\/product_brand?post=2947"},{"taxonomy":"product_cat","embeddable":true,"href":"https:\/\/www.leyaled.com\/tr\/wp-json\/wp\/v2\/product_cat?post=2947"},{"taxonomy":"product_tag","embeddable":true,"href":"https:\/\/www.leyaled.com\/tr\/wp-json\/wp\/v2\/product_tag?post=2947"}],"curies":[{"name":"wp","href":"https:\/\/api.w.org\/{rel}","templated":true}]}}