{"id":2931,"date":"2025-11-07T11:59:46","date_gmt":"2025-11-07T03:59:46","guid":{"rendered":"https:\/\/www.leyaled.com\/?post_type=product&#038;p=2931"},"modified":"2025-12-09T14:32:59","modified_gmt":"2025-12-09T06:32:59","slug":"outdoor-p6","status":"publish","type":"product","link":"https:\/\/www.leyaled.com\/tr\/outdoor-fixed-installation\/outdoor-p6\/","title":{"rendered":"Kiralama i\u00e7in a\u00e7\u0131k P6 ekran\u0131"},"content":{"rendered":"<p style=\"text-align: center;\"><strong><span style=\"font-family: helvetica, arial, sans-serif; font-size: 14pt;\">LED ekranlar \u00f6zel \u00fcretilmi\u015f \u00fcr\u00fcnlerdir. Tam ekran \u00f6zelle\u015ftirme i\u00e7in, sorular i\u00e7in m\u00fc\u015fteri hizmetlerine ula\u015f\u0131n.<\/span><\/strong><\/p>\n<p style=\"text-align: center;\"><span style=\"font-family: helvetica, arial, sans-serif; font-size: 14pt;\"><strong>B\u00fct\u00e7e Dostu &amp; Y\u00fcksek Performansl\u0131<\/strong><\/span><br \/>\n<span style=\"font-family: helvetica, arial, sans-serif; font-size: 14pt;\">6mm piksel aral\u0131\u011f\u0131, net g\u00f6rseller ve maliyet verimlili\u011fi aras\u0131ndaki ideal dengeyi sa\u011flar. P3 \/ P4'ten daha iyi <\/span><\/p>\n<p style=\"text-align: center;\"><span style=\"font-family: helvetica, arial, sans-serif; font-size: 14pt;\">orta uzunluk g\u00f6r\u00fcnt\u00fcleme (6-30m optimum mesafe) - a\u00e7\u0131k ticari reklam panolar\u0131 ve kamp\u00fcs bildirim ekranlar\u0131 i\u00e7in en iyi se\u00e7im.<\/span><\/p>\n<p style=\"text-align: center;\"><span style=\"font-family: helvetica, arial, sans-serif; font-size: 14pt;\"><strong>D\u0131\u015f Elemanlara Kar\u015f\u0131 Sert<\/strong><\/span><\/p>\n<p style=\"text-align: center;\"><span style=\"font-family: helvetica, arial, sans-serif; font-size: 14pt;\">Profesyonel kaplama ile IP65 derecelendirilmi\u015f: ya\u011fmur, toz, \u0131s\u0131 ve neme dayan\u0131kl\u0131.<\/span><\/p>\n<p style=\"text-align: center;\"><span style=\"font-family: helvetica, arial, sans-serif; font-size: 14pt;\">Y\u00fcksek parlakl\u0131k (\u22656000cd\/ \u33a1)  do\u011frudan g\u00fcne\u015f \u0131\u015f\u0131\u011f\u0131nda bile canl\u0131, solmad\u0131\u011f\u0131 g\u00f6r\u00fcnt\u00fcleri sa\u011flar ve saat boyunca sorunsuz \u00e7al\u0131\u015f\u0131r.<\/span><\/p>\n<p style=\"text-align: center;\"><span style=\"font-family: helvetica, arial, sans-serif; font-size: 14pt;\"><strong>Uzun s\u00fcreli &amp; D\u00fc\u015f\u00fck Bak\u0131m<\/strong><\/span><\/p>\n<p style=\"text-align: center;\"><span style=\"font-family: helvetica, arial, sans-serif; font-size: 14pt;\">Diki\u015fsiz ekleme ve \u00fcniform g\u00f6rseller i\u00e7in d\u00fcz maske; standartla\u015ft\u0131r\u0131lm\u0131\u015f mod\u00fcller<\/span><\/p>\n<p style=\"text-align: center;\"><span style=\"font-family: helvetica, arial, sans-serif; font-size: 14pt;\"> h\u0131zl\u0131 de\u011fi\u015ftirme, bak\u0131m maliyetlerini azaltma.<\/span><br \/>\n<span style=\"font-family: helvetica, arial, sans-serif; font-size: 14pt;\">\u00dcniforma lamba boncuklar\u0131 \u00f6l\u00fc piksel, par\u0131ldama, yan\u0131lma veya hayalet olma anlam\u0131na gelir. <\/span><\/p>\n<p style=\"text-align: center;\"><span style=\"font-family: helvetica, arial, sans-serif; font-size: 14pt;\">Toplu sat\u0131n almalar i\u00e7in tutarl\u0131 kalite garantisi.<\/span><\/p>\n<p style=\"text-align: center;\"><span style=\"font-family: helvetica, arial, sans-serif; font-size: 14pt;\"><strong>Birden fazla senaryo i\u00e7in \u00f6zelle\u015ftirilebilir<\/strong><\/span><\/p>\n<p style=\"text-align: center;\"><span style=\"font-family: helvetica, arial, sans-serif; font-size: 14pt;\">Ekran boyutunu ve kurulum tipini (duvar \/ tavan \/ s\u00fctun montajl\u0131) a\u00e7\u0131k reklamlara uygun olarak \u00f6zelle\u015ftirin, <\/span><\/p>\n<p style=\"text-align: center;\"><span style=\"font-family: helvetica, arial, sans-serif; font-size: 14pt;\">stadyum \u00e7evre ekranlar\u0131, trafik rehberlik ekranlar\u0131 ve daha fazlas\u0131.<\/span><\/p>\n<p style=\"text-align: center;\"><span style=\"font-family: helvetica, arial, sans-serif; font-size: 14pt;\">LED ekranlar\u0131m\u0131z d\u0131\u015f g\u00f6r\u00fcn\u00fcrl\u00fck, d\u00fc\u015f\u00fck g\u00fc\u00e7 t\u00fcketimi i\u00e7in y\u00fcksek parlakl\u0131k sa\u011flar<\/span><\/p>\n<p style=\"text-align: center;\"><span style=\"font-family: helvetica, arial, sans-serif; font-size: 14pt;\"> maliyet tasarrufu i\u00e7in ve p\u00fcr\u00fczs\u00fcz, par\u0131ldamazs\u0131z g\u00f6r\u00fcnt\u00fcler i\u00e7in y\u00fcksek yenileme oran\u0131!<\/span><\/p>\n<p style=\"text-align: center;\"><img fetchpriority=\"high\" decoding=\"async\" class=\"alignnone size-full wp-image-3161\" src=\"https:\/\/www.leyaled.com\/wp-content\/uploads\/2025\/11\/p6-display.webp\" alt=\"\" width=\"800\" height=\"468\" srcset=\"https:\/\/www.leyaled.com\/wp-content\/uploads\/2025\/11\/p6-display.webp 800w, https:\/\/www.leyaled.com\/wp-content\/uploads\/2025\/11\/p6-display-300x176.webp 300w, https:\/\/www.leyaled.com\/wp-content\/uploads\/2025\/11\/p6-display-768x449.webp 768w, https:\/\/www.leyaled.com\/wp-content\/uploads\/2025\/11\/p6-display-600x351.webp 600w\" sizes=\"(max-width: 800px) 100vw, 800px\" \/><\/p>\n<p style=\"text-align: center;\"><span style=\"font-family: helvetica, arial, sans-serif; font-size: 14pt;\">Ultra Su Ge\u00e7irmez, R\u00fczgar ve Ya\u011fmur Ge\u00e7irmez<\/span><\/p>\n<p style=\"text-align: center;\"><span style=\"font-family: helvetica, arial, sans-serif; font-size: 14pt;\">Tayfunlara dayan\u0131r &amp; d\u00fc\u015f\u00fck s\u0131cakl\u0131klar<\/span><\/p>\n<p style=\"text-align: center;\"><span style=\"font-family: helvetica, arial, sans-serif; font-size: 14pt;\">A\u011f\u0131r ya\u011fmurlara dayan\u0131r<\/span><\/p>\n<p style=\"text-align: center;\"><span style=\"font-family: helvetica, arial, sans-serif; font-size: 14pt;\">Y\u00fcksek nem tolere eder<\/span><\/p>\n<p style=\"text-align: center;\"><span style=\"font-family: helvetica, arial, sans-serif; font-size: 14pt;\">Y\u00fcksek \u0131s\u0131ya dayan\u0131r &amp; tuz sprey<\/span><\/p>\n<p style=\"text-align: center;\"><img decoding=\"async\" class=\"alignnone size-full wp-image-3160\" src=\"https:\/\/www.leyaled.com\/wp-content\/uploads\/2025\/11\/p6display.webp\" alt=\"\" width=\"800\" height=\"464\" srcset=\"https:\/\/www.leyaled.com\/wp-content\/uploads\/2025\/11\/p6display.webp 800w, https:\/\/www.leyaled.com\/wp-content\/uploads\/2025\/11\/p6display-300x174.webp 300w, https:\/\/www.leyaled.com\/wp-content\/uploads\/2025\/11\/p6display-768x445.webp 768w, https:\/\/www.leyaled.com\/wp-content\/uploads\/2025\/11\/p6display-600x348.webp 600w\" sizes=\"(max-width: 800px) 100vw, 800px\" \/><\/p>\n<p style=\"text-align: center;\"><span style=\"font-family: helvetica, arial, sans-serif; font-size: 14pt;\">Piksel yo\u011funlu\u011fu ne kadar y\u00fcksekse resim kalitesi o kadar keskin olur<\/span><\/p>\n<p style=\"text-align: center;\"><img decoding=\"async\" class=\"alignnone size-full wp-image-3162\" src=\"https:\/\/www.leyaled.com\/wp-content\/uploads\/2025\/11\/p6display-for.webp\" alt=\"\" width=\"800\" height=\"533\" srcset=\"https:\/\/www.leyaled.com\/wp-content\/uploads\/2025\/11\/p6display-for.webp 800w, https:\/\/www.leyaled.com\/wp-content\/uploads\/2025\/11\/p6display-for-300x200.webp 300w, https:\/\/www.leyaled.com\/wp-content\/uploads\/2025\/11\/p6display-for-768x512.webp 768w, https:\/\/www.leyaled.com\/wp-content\/uploads\/2025\/11\/p6display-for-600x400.webp 600w\" sizes=\"(max-width: 800px) 100vw, 800px\" \/><\/p>\n<p style=\"text-align: center;\"><strong><span style=\"font-family: helvetica, arial, sans-serif; font-size: 14pt;\">FWS Teknolojisi LED Ekranlar\u0131 - Her Ayr\u0131nt\u0131ya Daha Fazla Dikkat<\/span><\/strong><\/p>\n<p style=\"text-align: center;\"><strong><span style=\"font-family: helvetica, arial, sans-serif; font-size: 14pt;\">Y\u00fcksek Kaliteli Mod\u00fcller<\/span><\/strong><\/p>\n<p style=\"text-align: center;\"><span style=\"font-family: helvetica, arial, sans-serif; font-size: 14pt;\">Kolay splicingTrue renk, y\u00fcksek istikrarl\u0131, uzun \u00f6m\u00fcrl\u00fc i\u00e7in mod\u00fcler tasar\u0131m<\/span><\/p>\n<p style=\"text-align: center;\"><img loading=\"lazy\" decoding=\"async\" class=\"alignnone size-full wp-image-3163\" src=\"https:\/\/www.leyaled.com\/wp-content\/uploads\/2025\/11\/p6.webp\" alt=\"\" width=\"800\" height=\"662\" srcset=\"https:\/\/www.leyaled.com\/wp-content\/uploads\/2025\/11\/p6.webp 800w, https:\/\/www.leyaled.com\/wp-content\/uploads\/2025\/11\/p6-300x248.webp 300w, https:\/\/www.leyaled.com\/wp-content\/uploads\/2025\/11\/p6-768x636.webp 768w, https:\/\/www.leyaled.com\/wp-content\/uploads\/2025\/11\/p6-600x497.webp 600w\" sizes=\"(max-width: 800px) 100vw, 800px\" \/><\/p>\n<p style=\"text-align: center;\"><span style=\"font-size: 14pt;\"><strong><span style=\"font-family: helvetica, arial, sans-serif;\">Y\u00fcksek Kaliteli PcB Kurulu &amp; amp; Lamba Boncuklar\u0131<\/span><\/strong><\/span><\/p>\n<p style=\"text-align: center;\"><span style=\"font-family: helvetica, arial, sans-serif; font-size: 14pt;\">Otomatik dalga lehim, kat\u0131 kaynakLamba boncuklar\u0131 d\u00fc\u015fmez, daha uzun \u00f6m\u00fcr<\/span><\/p>\n<p style=\"text-align: center;\"><img loading=\"lazy\" decoding=\"async\" class=\"alignnone size-full wp-image-3164\" src=\"https:\/\/www.leyaled.com\/wp-content\/uploads\/2025\/11\/p6display-for-1.webp\" alt=\"\" width=\"800\" height=\"417\" srcset=\"https:\/\/www.leyaled.com\/wp-content\/uploads\/2025\/11\/p6display-for-1.webp 800w, https:\/\/www.leyaled.com\/wp-content\/uploads\/2025\/11\/p6display-for-1-300x156.webp 300w, https:\/\/www.leyaled.com\/wp-content\/uploads\/2025\/11\/p6display-for-1-768x400.webp 768w, https:\/\/www.leyaled.com\/wp-content\/uploads\/2025\/11\/p6display-for-1-600x313.webp 600w\" sizes=\"(max-width: 800px) 100vw, 800px\" \/><\/p>\n<p style=\"text-align: center;\"><strong><span style=\"font-family: helvetica, arial, sans-serif; font-size: 14pt;\">D\u00f6k\u00fcml\u00fc Al\u00fcminyum<\/span><\/strong><\/p>\n<p style=\"text-align: center;\"><span style=\"font-size: 14pt; font-family: helvetica, arial, sans-serif;\">D\u00f6k\u00fcml\u00fc al\u00fcminyum, g\u00fc\u00e7l\u00fc &amp; inceG\u00fczel &amp; c\u00f6mert, ki\u015filik g\u00f6ster<\/span><\/p>\n<p style=\"text-align: center;\"><img loading=\"lazy\" decoding=\"async\" class=\"alignnone size-full wp-image-3165\" src=\"https:\/\/www.leyaled.com\/wp-content\/uploads\/2025\/11\/display-7.webp\" alt=\"\" width=\"800\" height=\"533\" srcset=\"https:\/\/www.leyaled.com\/wp-content\/uploads\/2025\/11\/display-7.webp 800w, https:\/\/www.leyaled.com\/wp-content\/uploads\/2025\/11\/display-7-300x200.webp 300w, https:\/\/www.leyaled.com\/wp-content\/uploads\/2025\/11\/display-7-768x512.webp 768w, https:\/\/www.leyaled.com\/wp-content\/uploads\/2025\/11\/display-7-600x400.webp 600w\" sizes=\"(max-width: 800px) 100vw, 800px\" \/><\/p>\n<p style=\"text-align: center;\"><strong><span style=\"font-family: helvetica, arial, sans-serif; font-size: 14pt;\">Kolay Kurulum &amp; amp; Kald\u0131rma<\/span><\/strong><\/p>\n<p style=\"text-align: center;\"><span style=\"font-family: helvetica, arial, sans-serif; font-size: 14pt;\">Yenilik\u00e7i yap\u0131sal tasar\u0131m\u0130nce ve hafif kutu, ba\u011flanmas\u0131 kolay<\/span><\/p>\n<p style=\"text-align: center;\"><img loading=\"lazy\" decoding=\"async\" class=\"alignnone size-full wp-image-3166\" src=\"https:\/\/www.leyaled.com\/wp-content\/uploads\/2025\/11\/display-for.webp\" alt=\"\" width=\"800\" height=\"1067\" srcset=\"https:\/\/www.leyaled.com\/wp-content\/uploads\/2025\/11\/display-for.webp 800w, https:\/\/www.leyaled.com\/wp-content\/uploads\/2025\/11\/display-for-225x300.webp 225w, https:\/\/www.leyaled.com\/wp-content\/uploads\/2025\/11\/display-for-768x1024.webp 768w, https:\/\/www.leyaled.com\/wp-content\/uploads\/2025\/11\/display-for-600x800.webp 600w\" sizes=\"(max-width: 800px) 100vw, 800px\" \/><\/p>\n<p style=\"text-align: center;\"><strong><span style=\"font-family: helvetica, arial, sans-serif; font-size: 14pt;\">Uygulanabilir sahneler<\/span><\/strong><\/p>\n<p style=\"text-align: center;\"><span style=\"font-family: helvetica, arial, sans-serif; font-size: 14pt;\">\u00c7e\u015fitli End\u00fcstriler \u0130\u00e7in Uygun Konferans Salonlar\u0131, S\u00fcpermarketler, Barlar, Vb<\/span><\/p>\n<p style=\"text-align: center;\"><img loading=\"lazy\" decoding=\"async\" class=\"alignnone size-full wp-image-3167\" src=\"https:\/\/www.leyaled.com\/wp-content\/uploads\/2025\/11\/display-p6.webp\" alt=\"\" width=\"800\" height=\"769\" srcset=\"https:\/\/www.leyaled.com\/wp-content\/uploads\/2025\/11\/display-p6.webp 800w, https:\/\/www.leyaled.com\/wp-content\/uploads\/2025\/11\/display-p6-300x288.webp 300w, https:\/\/www.leyaled.com\/wp-content\/uploads\/2025\/11\/display-p6-768x738.webp 768w, https:\/\/www.leyaled.com\/wp-content\/uploads\/2025\/11\/display-p6-600x577.webp 600w\" sizes=\"(max-width: 800px) 100vw, 800px\" \/><\/p>\n<p style=\"text-align: center;\"><span style=\"font-family: helvetica, arial, sans-serif; font-size: 14pt;\">P6 LED ekranlar\u0131 ba\u015fka ne yapabilir? Ticari i\u00e7in \u00e7arp\u0131c\u0131 \u00e7\u0131plak g\u00f6zle 3D efektler sunabilirler<\/span><\/p>\n<p style=\"text-align: center;\"><span style=\"font-family: helvetica, arial, sans-serif; font-size: 14pt;\"> b\u00f6lgeler ve k\u00fclt\u00fcrel yerler, ekstra ekipman olmadan dald\u0131r\u0131c\u0131 deneyimler yaratmak. E\u011fri olarak \u00f6zelle\u015ftirilebilir,<\/span><\/p>\n<p style=\"text-align: center;\"><span style=\"font-family: helvetica, arial, sans-serif; font-size: 14pt;\"> k\u00fcresel veya di\u011fer \u00f6zel \u015fekiller, sahne arka planlar\u0131, manzaral\u0131 sanat tesisleri ve bina cepheleri i\u00e7in m\u00fckemmel bir \u015fekilde uyumludurlar.<\/span><\/p>\n<p style=\"text-align: center;\"><span style=\"font-family: helvetica, arial, sans-serif; font-size: 14pt;\"> Ula\u015f\u0131m merkezlerindeki ger\u00e7ek zamanl\u0131 bilgi yay\u0131nlamas\u0131ndan ticari reklamlara ve h\u00fck\u00fcmet tan\u0131t\u0131mlar\u0131na kadar, IP65<\/span><\/p>\n<p style=\"text-align: center;\"><span style=\"font-family: helvetica, arial, sans-serif; font-size: 14pt;\"> koruma ve y\u00fcksek \u00e7\u00f6z\u00fcn\u00fcrl\u00fckl\u00fc ekran g\u00fcvenilir performans sa\u011flar. Daha fazla olas\u0131l\u0131k ke\u015ffetmek i\u00e7in \u015fimdi bizimle ileti\u015fime ge\u00e7in!<\/span><\/p>","protected":false},"excerpt":{"rendered":"<p>Bu P6 LED ekran\u0131, a\u00e7\u0131k orta mesafe g\u00f6r\u00fcnt\u00fcleme senaryolar\u0131 i\u00e7in tasarlanm\u0131\u015ft\u0131r ve \u00e7ekirdek parametreleri ve \u00fcretim s\u00fcre\u00e7leri 14 y\u0131ll\u0131k end\u00fcstri uzmanl\u0131\u011f\u0131yla rafine edilmi\u015ftir. 6mm piksel aral\u0131\u011f\u0131, ticari reklam ve bilgi yay\u0131m\u0131n\u0131n a\u00e7\u0131kl\u0131k gereksinimlerini kar\u015f\u0131larken, y\u00fcksek parlakl\u0131k tasar\u0131m\u0131 (\u22656000cd\/ \u33a1)  do\u011frudan g\u00fc\u00e7l\u00fc g\u00fcne\u015f \u0131\u015f\u0131\u011f\u0131 alt\u0131nda bile canl\u0131, solmayan g\u00f6r\u00fcnt\u00fcleri garanti eder. Tam tencere ve s\u0131zd\u0131rmazl\u0131k teknolojisini benimseyerek, 7\/24 istikrarl\u0131 \u00e7al\u0131\u015fma i\u00e7in tayfunlara, a\u015f\u0131r\u0131 s\u0131cakl\u0131klara, a\u011f\u0131r ya\u011fmurlara ve tuz spreylerine diren\u00e7li olan IP65 koruma derecesine sahiptir. M\u00fckemmel maske d\u00fczl\u00fc\u011f\u00fc ve \u00fcr\u00fcn tutarl\u0131l\u0131\u011f\u0131 ile ekran minimum ekleme bo\u015fluklar\u0131n\u0131 sa\u011flar. Standartla\u015ft\u0131r\u0131lm\u0131\u015f mod\u00fcller h\u0131zl\u0131 demontaj ve de\u011fi\u015ftirmeyi destekler ve sonraki \u00e7al\u0131\u015fma ve bak\u0131m maliyetlerini \u00f6nemli \u00f6l\u00e7\u00fcde azalt\u0131r. Farkl\u0131 mekanlar\u0131n yerinde da\u011f\u0131t\u0131m ihtiya\u00e7lar\u0131n\u0131 kar\u015f\u0131lamak i\u00e7in \u00f6zelle\u015ftirilebilir kurulum se\u00e7enekleri (duvara monte edilmi\u015f, tavana monte edilmi\u015f, s\u00fctunlara monte edilmi\u015f) sa\u011flan\u0131r.<\/p>","protected":false},"featured_media":2944,"comment_status":"closed","ping_status":"closed","template":"","meta":[],"product_brand":[],"product_cat":[32,44],"product_tag":[],"class_list":{"0":"post-2931","1":"product","2":"type-product","3":"status-publish","4":"has-post-thumbnail","6":"product_cat-fixed-led-display","7":"product_cat-outdoor-fixed-installation","9":"first","10":"instock","11":"shipping-taxable","12":"product-type-simple"},"_links":{"self":[{"href":"https:\/\/www.leyaled.com\/tr\/wp-json\/wp\/v2\/product\/2931","targetHints":{"allow":["GET"]}}],"collection":[{"href":"https:\/\/www.leyaled.com\/tr\/wp-json\/wp\/v2\/product"}],"about":[{"href":"https:\/\/www.leyaled.com\/tr\/wp-json\/wp\/v2\/types\/product"}],"replies":[{"embeddable":true,"href":"https:\/\/www.leyaled.com\/tr\/wp-json\/wp\/v2\/comments?post=2931"}],"wp:featuredmedia":[{"embeddable":true,"href":"https:\/\/www.leyaled.com\/tr\/wp-json\/wp\/v2\/media\/2944"}],"wp:attachment":[{"href":"https:\/\/www.leyaled.com\/tr\/wp-json\/wp\/v2\/media?parent=2931"}],"wp:term":[{"taxonomy":"product_brand","embeddable":true,"href":"https:\/\/www.leyaled.com\/tr\/wp-json\/wp\/v2\/product_brand?post=2931"},{"taxonomy":"product_cat","embeddable":true,"href":"https:\/\/www.leyaled.com\/tr\/wp-json\/wp\/v2\/product_cat?post=2931"},{"taxonomy":"product_tag","embeddable":true,"href":"https:\/\/www.leyaled.com\/tr\/wp-json\/wp\/v2\/product_tag?post=2931"}],"curies":[{"name":"wp","href":"https:\/\/api.w.org\/{rel}","templated":true}]}}