{"id":2892,"date":"2025-11-06T14:05:58","date_gmt":"2025-11-06T06:05:58","guid":{"rendered":"https:\/\/www.leyaled.com\/?post_type=product&#038;p=2892"},"modified":"2025-12-09T15:57:12","modified_gmt":"2025-12-09T07:57:12","slug":"aluminum-profiles-p6-67","status":"publish","type":"product","link":"https:\/\/www.leyaled.com\/tr\/outdoor-special-led-screen\/aluminum-profiles-p6-67\/","title":{"rendered":"Kiralama i\u00e7in al\u00fcminyum profiller P6.67"},"content":{"rendered":"<p style=\"text-align: center;\"><strong><span style=\"font-family: helvetica, arial, sans-serif; font-size: 14pt;\">LED ekranlar \u00f6zel \u00fcretilmi\u015f \u00fcr\u00fcnlerdir. Tam ekran \u00f6zelle\u015ftirme i\u00e7in, sorular i\u00e7in m\u00fc\u015fteri hizmetlerine ula\u015f\u0131n.<\/span><\/strong><\/p>\n<p style=\"text-align: center;\"><strong><span style=\"font-family: helvetica, arial, sans-serif; font-size: 14pt;\">A\u00e7\u0131k Reklam LED Ekran<\/span><\/strong><\/p>\n<p style=\"text-align: center;\"><span style=\"font-family: helvetica, arial, sans-serif;\"><strong><span style=\"font-size: 14pt;\">Hafif &amp; Kolay KurulumUzak<\/span><\/strong> <\/span><br \/>\n<span style=\"font-family: helvetica, arial, sans-serif;\">Ayn\u0131 kuvvetle \u00e7elikten daha hafif, al\u00fcminyum profiller LED ekranlar\u0131n genel y\u00fck\u00fcn\u00fc azalt\u0131r. Bu da bas\u0131nc\u0131 azalt\u0131r<\/span><\/p>\n<p style=\"text-align: center;\"><span style=\"font-family: helvetica, arial, sans-serif;\"> Duvarlar ve \u00e7elik \u00e7er\u00e7eveler gibi montaj yap\u0131lar\u0131, ta\u015f\u0131ma ve yerinde montaj daha h\u0131zl\u0131 hale getirirken - ideal <\/span><\/p>\n<p style=\"text-align: center;\"><span style=\"font-family: helvetica, arial, sans-serif;\">h\u0131zl\u0131 kurulum ve s\u00f6kme gerektiren b\u00fcy\u00fck a\u00e7\u0131k ekranlar ve kiral\u0131k ekranlar i\u00e7in.<\/span><\/p>\n<p style=\"text-align: center;\"><strong><span style=\"font-family: helvetica, arial, sans-serif; font-size: 14pt;\">Y\u00fcksek mukavemet &amp; Korozyon Direnci<\/span><\/strong><\/p>\n<p style=\"text-align: center;\"><span style=\"font-family: helvetica, arial, sans-serif; font-size: 14pt;\">Ekstr\u00fcze edilmi\u015f ve oksidasyon veya sprey kaplamas\u0131 ile i\u015flenmi\u015f al\u00fcminyum profiller ola\u011fan\u00fcst\u00fc yap\u0131sal \u00f6zelliklere sahiptir <\/span><\/p>\n<p style=\"text-align: center;\"><span style=\"font-family: helvetica, arial, sans-serif; font-size: 14pt;\">uzun vadeli g\u00fcvenilir \u00e7al\u0131\u015fma i\u00e7in istikrar ve deformasyon direnci. M\u00fckemmel anti-korozyon ile<\/span><\/p>\n<p style=\"text-align: center;\"><span style=\"font-family: helvetica, arial, sans-serif; font-size: 14pt;\"> ve pas ge\u00e7irmez performans, gibi sert a\u00e7\u0131k ko\u015fullarda geli\u015firler <\/span><\/p>\n<p style=\"text-align: center;\"><span style=\"font-family: helvetica, arial, sans-serif; font-size: 14pt;\">nem ve k\u0131y\u0131 tuzu spreyi, LED ekran\u0131n hizmet \u00f6mr\u00fcn\u00fc uzat\u0131r.<\/span><\/p>\n<p style=\"text-align: center;\"><strong><span style=\"font-family: helvetica, arial, sans-serif; font-size: 14pt;\">\u00dcst\u00fcn Is\u0131 Da\u011f\u0131l\u0131m\u0131<\/span><\/strong><\/p>\n<p style=\"text-align: center;\"><span style=\"font-family: helvetica, arial, sans-serif; font-size: 14pt;\">M\u00fckemmel bir termal iletken olarak al\u00fcminyum profiller, \u00e7al\u0131\u015fma s\u0131ras\u0131nda LED mod\u00fclleri taraf\u0131ndan \u00fcretilen \u0131s\u0131y\u0131 verimli bir \u015fekilde aktar\u0131r. <\/span><\/p>\n<p style=\"text-align: center;\"><span style=\"font-family: helvetica, arial, sans-serif; font-size: 14pt;\">Bu, \u00f6l\u00fc pikseller ve g\u00f6r\u00fcnt\u00fc donmas\u0131 gibi a\u015f\u0131r\u0131 \u0131s\u0131nma ile ilgili sorunlar\u0131 \u00f6nler ve ekran\u0131n \u00e7al\u0131\u015fma istikrar\u0131n\u0131 art\u0131r\u0131r.<\/span><\/p>\n<p style=\"text-align: center;\"><strong><span style=\"font-family: helvetica, arial, sans-serif; font-size: 14pt;\">Standartla\u015ft\u0131r\u0131lm\u0131\u015f \u00dcretim &amp; \u00c7ok y\u00f6nl\u00fc uyumluluk<\/span><\/strong><\/p>\n<p style=\"text-align: center;\"><span style=\"font-family: helvetica, arial, sans-serif; font-size: 14pt;\">\u00d6zel kal\u0131plar LED dolap boyutlar\u0131na uymak i\u00e7in yap\u0131labilir, standartla\u015ft\u0131r\u0131lm\u0131\u015f ve seri \u00fcretimi sa\u011flar <\/span><\/p>\n<p style=\"text-align: center;\"><span style=\"font-family: helvetica, arial, sans-serif; font-size: 14pt;\">Y\u00fcksek \u00fcr\u00fcn tutarl\u0131l\u0131\u011f\u0131 ile. Ekleme ve \u00f6zelle\u015ftirme i\u00e7in esnek, \u00e7e\u015fitli ekran tasar\u0131mlar\u0131na uygundurlar <\/span><\/p>\n<p style=\"text-align: center;\"><span style=\"font-family: helvetica, arial, sans-serif; font-size: 14pt;\">\u00f6zel \u015fekilli e\u011fri ekranlara standart dikd\u00f6rtgen ekranlar.<\/span><\/p>\n<p style=\"text-align: center;\"><strong><span style=\"font-family: helvetica, arial, sans-serif; font-size: 14pt;\">Maliyet etkili &amp; D\u00fc\u015f\u00fck Bak\u0131m<\/span><\/strong><\/p>\n<p style=\"text-align: center;\"><span style=\"font-family: helvetica, arial, sans-serif; font-size: 14pt;\">Paslanmaz \u00e7elik ve ala\u015f\u0131mlarla kar\u015f\u0131la\u015ft\u0131r\u0131ld\u0131\u011f\u0131nda, al\u00fcminyum profiller sat\u0131n alma ve i\u015fleme maliyetlerinde daha iyi bir de\u011fer sunar. <\/span><\/p>\n<p style=\"text-align: center;\"><span style=\"font-family: helvetica, arial, sans-serif; font-size: 14pt;\">Dayan\u0131kl\u0131 y\u00fczeyleri hasara direnir, s\u0131k bak\u0131m ihtiyac\u0131n\u0131 en aza indirir ve <\/span><\/p>\n<p style=\"text-align: center;\"><span style=\"font-family: helvetica, arial, sans-serif; font-size: 14pt;\">LED ekranlar i\u00e7in toplam sahiplik maliyetini azaltmak.<\/span><\/p>\n<p style=\"text-align: center;\"><strong><span style=\"font-size: 14pt; font-family: helvetica, arial, sans-serif;\">\u00d6n ve ger\u00e7ek bak\u0131m Y\u00fcksek parlakl\u0131k enerji tasarrufu ekran\u0131 \u00c7ift votaj kayna\u011f\u0131<\/span><\/strong><\/p>\n<p style=\"text-align: center;\"><img fetchpriority=\"high\" decoding=\"async\" class=\"alignnone size-full wp-image-3170\" src=\"https:\/\/www.leyaled.com\/wp-content\/uploads\/2025\/11\/p6.67-display.webp\" alt=\"\" width=\"800\" height=\"556\" srcset=\"https:\/\/www.leyaled.com\/wp-content\/uploads\/2025\/11\/p6.67-display.webp 800w, https:\/\/www.leyaled.com\/wp-content\/uploads\/2025\/11\/p6.67-display-300x209.webp 300w, https:\/\/www.leyaled.com\/wp-content\/uploads\/2025\/11\/p6.67-display-768x534.webp 768w, https:\/\/www.leyaled.com\/wp-content\/uploads\/2025\/11\/p6.67-display-600x417.webp 600w\" sizes=\"(max-width: 800px) 100vw, 800px\" \/><\/p>\n<p style=\"text-align: center;\"><strong><span style=\"font-family: helvetica, arial, sans-serif; font-size: 14pt;\">A\u00e7\u0131k, titremeyen g\u00f6rseller i\u00e7in ultra y\u00fcksek yenileme h\u0131z\u0131.<\/span><\/strong><\/p>\n<p style=\"text-align: center;\"><span style=\"font-family: helvetica, arial, sans-serif; font-size: 14pt;\">3840-7680Hz yenileme h\u0131z\u0131na sahip (standart eklenmi\u015f ekranlardan \u00e7ok daha y\u00fcksek),<\/span><\/p>\n<p style=\"text-align: center;\"><span style=\"font-family: helvetica, arial, sans-serif; font-size: 14pt;\"> daha keskin ve p\u00fcr\u00fczs\u00fcz g\u00f6r\u00fcnt\u00fc performans\u0131 sa\u011flar.<\/span><\/p>\n<p style=\"text-align: center;\"><img decoding=\"async\" class=\"alignnone size-full wp-image-3171\" src=\"https:\/\/www.leyaled.com\/wp-content\/uploads\/2025\/11\/p6.67-display-fot.webp\" alt=\"\" width=\"800\" height=\"584\" srcset=\"https:\/\/www.leyaled.com\/wp-content\/uploads\/2025\/11\/p6.67-display-fot.webp 800w, https:\/\/www.leyaled.com\/wp-content\/uploads\/2025\/11\/p6.67-display-fot-300x219.webp 300w, https:\/\/www.leyaled.com\/wp-content\/uploads\/2025\/11\/p6.67-display-fot-768x561.webp 768w, https:\/\/www.leyaled.com\/wp-content\/uploads\/2025\/11\/p6.67-display-fot-600x438.webp 600w\" sizes=\"(max-width: 800px) 100vw, 800px\" \/><\/p>\n<p style=\"text-align: center;\"><strong><span style=\"font-size: 14pt; font-family: helvetica, arial, sans-serif;\">Ger\u00e7ek\u00e7i, canl\u0131 g\u00f6r\u00fcnt\u00fcler i\u00e7in ultra geni\u015f renk yelpazesi.<\/span><\/strong><\/p>\n<p style=\"text-align: center;\"><img decoding=\"async\" class=\"alignnone size-full wp-image-3074\" src=\"https:\/\/www.leyaled.com\/wp-content\/uploads\/2025\/10\/display-2.webp\" alt=\"\" width=\"800\" height=\"574\" srcset=\"https:\/\/www.leyaled.com\/wp-content\/uploads\/2025\/10\/display-2.webp 800w, https:\/\/www.leyaled.com\/wp-content\/uploads\/2025\/10\/display-2-300x215.webp 300w, https:\/\/www.leyaled.com\/wp-content\/uploads\/2025\/10\/display-2-768x551.webp 768w, https:\/\/www.leyaled.com\/wp-content\/uploads\/2025\/10\/display-2-600x431.webp 600w\" sizes=\"(max-width: 800px) 100vw, 800px\" \/><\/p>\n<p style=\"text-align: center;\"><span style=\"font-size: 14pt;\"><strong><span style=\"font-family: helvetica, arial, sans-serif;\">Diki\u015fsiz Ba\u011flama &amp; 4K Ultra HD: Ger\u00e7ek\u00e7ili\u011fin G\u00fczelli\u011fini Deneyim Edin<\/span><\/strong><\/span><\/p>\n<p style=\"text-align: center;\"><span style=\"font-family: helvetica, arial, sans-serif; font-size: 14pt;\">Diki\u015fsiz panel birle\u015fimi, doymu\u015f renkler ve s\u0131f\u0131r hareket bulan\u0131kl\u0131\u011f\u0131 ile keskin, engelsiz g\u00f6rseller sunar. <\/span><\/p>\n<p style=\"text-align: center;\"><span style=\"font-family: helvetica, arial, sans-serif; font-size: 14pt;\">\u00d6v\u00fcn <\/span><span style=\"font-family: helvetica, arial, sans-serif; font-size: 14pt;\">4K ultra HD \u00e7\u00f6z\u00fcn\u00fcrl\u00fc\u011f\u00fc, dald\u0131r\u0131c\u0131 ve \u00e7arp\u0131c\u0131 bir izleme deneyimi sunar.<\/span><\/p>\n<p style=\"text-align: center;\"><img loading=\"lazy\" decoding=\"async\" class=\"alignnone size-full wp-image-3172\" src=\"https:\/\/www.leyaled.com\/wp-content\/uploads\/2025\/11\/display-p6.67.webp\" alt=\"\" width=\"800\" height=\"1171\" srcset=\"https:\/\/www.leyaled.com\/wp-content\/uploads\/2025\/11\/display-p6.67.webp 800w, https:\/\/www.leyaled.com\/wp-content\/uploads\/2025\/11\/display-p6.67-205x300.webp 205w, https:\/\/www.leyaled.com\/wp-content\/uploads\/2025\/11\/display-p6.67-700x1024.webp 700w, https:\/\/www.leyaled.com\/wp-content\/uploads\/2025\/11\/display-p6.67-768x1124.webp 768w, https:\/\/www.leyaled.com\/wp-content\/uploads\/2025\/11\/display-p6.67-600x878.webp 600w\" sizes=\"(max-width: 800px) 100vw, 800px\" \/><\/p>\n<p style=\"text-align: center;\">\n<p style=\"text-align: center;\"><span style=\"font-family: helvetica, arial, sans-serif; font-size: 14pt;\">FWS Teknolojisinin A\u00e7\u0131k P6 LED Ekran\u0131, orta ve uzun mesafeli ticari kurumlar i\u00e7in ak\u0131ll\u0131, b\u00fct\u00e7e dostu bir se\u00e7imdir.<\/span><\/p>\n<p style=\"text-align: center;\"><span style=\"font-family: helvetica, arial, sans-serif; font-size: 14pt;\"> 6mm piksel aral\u0131\u011f\u0131na ve metrekare ba\u015f\u0131na yakla\u015f\u0131k 27.778 piksele sahiptir, b\u00f6ylece keskin, net g\u00f6r\u00fcnt\u00fcler al\u0131rs\u0131n\u0131z. <\/span><\/p>\n<p style=\"text-align: center;\"><span style=\"font-family: helvetica, arial, sans-serif; font-size: 14pt;\">6 ila 30 metre aras\u0131nda g\u00f6r\u00fcld\u00fc\u011f\u00fcnde - a\u00e7\u0131k hava kullan\u0131m\u0131 i\u00e7in toplam tatl\u0131 nokta.<\/span><\/p>\n<p style=\"text-align: center;\"><span style=\"font-family: helvetica, arial, sans-serif; font-size: 14pt;\">Daha da iyisi, e\u011fri veya k\u00f6\u015fe \u015fekillere \u00f6zelle\u015ftirilebilir, herhangi bir <\/span><\/p>\n<p style=\"text-align: center;\"><span style=\"font-family: helvetica, arial, sans-serif; font-size: 14pt;\">binan\u0131n hatlar\u0131. Art\u0131k s\u0131radan eski dikd\u00f6rtgen ekranlarla s\u0131k\u0131\u015fmay\u0131n - yarat\u0131c\u0131 fikirlerinizi ger\u00e7ek bir \u015feye d\u00f6n\u00fc\u015ft\u00fcr\u00fcn.<\/span><\/p>\n<p><img loading=\"lazy\" decoding=\"async\" class=\"alignnone size-full wp-image-3070 aligncenter\" src=\"https:\/\/www.leyaled.com\/wp-content\/uploads\/2025\/10\/ing-2.webp\" alt=\"\" width=\"800\" height=\"533\" srcset=\"https:\/\/www.leyaled.com\/wp-content\/uploads\/2025\/10\/ing-2.webp 800w, https:\/\/www.leyaled.com\/wp-content\/uploads\/2025\/10\/ing-2-300x200.webp 300w, https:\/\/www.leyaled.com\/wp-content\/uploads\/2025\/10\/ing-2-768x512.webp 768w, https:\/\/www.leyaled.com\/wp-content\/uploads\/2025\/10\/ing-2-600x400.webp 600w\" sizes=\"(max-width: 800px) 100vw, 800px\" \/><\/p>\n<p style=\"text-align: center;\"><strong><span style=\"font-family: helvetica, arial, sans-serif; font-size: 14pt;\">Uygulama Senaryolar\u0131<\/span><\/strong><\/p>\n<p style=\"text-align: center;\"><span style=\"font-family: helvetica, arial, sans-serif; font-size: 14pt;\">Reklam &amp; Medya | Sergi &amp; Ekran | Ticari Ekran | H\u00fck\u00fcmet &amp; Kurumsal G\u00f6r\u00fcnt\u00fc | Ula\u015f\u0131m | vb.<\/span><\/p>\n<p>&nbsp;<\/p>\n<p style=\"text-align: center;\"><img loading=\"lazy\" decoding=\"async\" class=\"alignnone size-full wp-image-3065\" src=\"https:\/\/www.leyaled.com\/wp-content\/uploads\/2025\/10\/leddisplay.webp\" alt=\"\" width=\"805\" height=\"597\" srcset=\"https:\/\/www.leyaled.com\/wp-content\/uploads\/2025\/10\/leddisplay.webp 805w, https:\/\/www.leyaled.com\/wp-content\/uploads\/2025\/10\/leddisplay-300x222.webp 300w, https:\/\/www.leyaled.com\/wp-content\/uploads\/2025\/10\/leddisplay-768x570.webp 768w, https:\/\/www.leyaled.com\/wp-content\/uploads\/2025\/10\/leddisplay-600x445.webp 600w\" sizes=\"(max-width: 805px) 100vw, 805px\" \/><\/p>\n<div class=\"auto-hide-last-sibling-br paragraph-pP9ZLC paragraph-element br-paragraph-space\" style=\"text-align: center;\"><span style=\"font-family: helvetica, arial, sans-serif; font-size: 14pt;\">LED ekran al\u00fcminyum profillerimizin ne kadar hafif oldu\u011funu bilmek ister misiniz? Bizimle ileti\u015fime ge\u00e7mek i\u00e7in ho\u015f geldiniz!<\/span><\/div>\n<h3 class=\"header-iWP5WJ auto-hide-last-sibling-br\"><\/h3>","protected":false},"excerpt":{"rendered":"<p>FWS P6.67 LED Ekran, premium al\u00fcminyum profil \u00e7er\u00e7evesine sahiptir. Hafif tasar\u0131m\u0131 montaj y\u00fck\u00fcn\u00fc \u00f6nemli \u00f6l\u00e7\u00fcde azalt\u0131r ve ta\u015f\u0131ma ve yerinde montaj bir r\u00fczgar haline getirir. M\u00fckemmel korozyon direnci ile, k\u0131y\u0131 nemi ve a\u015f\u0131r\u0131 g\u00fcne\u015f \u0131\u015f\u0131\u011f\u0131 gibi sert a\u00e7\u0131k ko\u015fullarda bile kusursuz performans g\u00f6sterir.<br \/>\n\u00dcst\u00fcn \u0131s\u0131 da\u011f\u0131l\u0131m\u0131 ile \u00f6v\u00fcn\u00fcr, a\u015f\u0131r\u0131 \u0131s\u0131nmayla ilgili ar\u0131zalar\u0131 \u00f6nler ve hizmet \u00f6mr\u00fcn\u00fc uzat\u0131r. Standart dikd\u00f6rtgen ekranlar\u0131n k\u0131s\u0131tlamalar\u0131ndan kurtulup \u00e7e\u015fitli bina konturlar\u0131na uymak i\u00e7in \u00f6zel e\u011fri veya k\u00f6\u015fe tasar\u0131mlar mevcuttur. A\u00e7\u0131k mekan reklam\u0131, ticari karma\u015f\u0131k promosyonlar ve k\u00fclt\u00fcrel yerle\u015fik g\u00f6steriler i\u00e7in ideal olan t\u00fcm ticari g\u00f6rselle\u015ftirme ihtiya\u00e7lar\u0131n\u0131z i\u00e7in uygun maliyetli bir \u00e7\u00f6z\u00fcmd\u00fcr.<\/p>","protected":false},"featured_media":2900,"comment_status":"closed","ping_status":"closed","template":"","meta":[],"product_brand":[],"product_cat":[49,34],"product_tag":[],"class_list":{"0":"post-2892","1":"product","2":"type-product","3":"status-publish","4":"has-post-thumbnail","6":"product_cat-outdoor-special-led-screen","7":"product_cat-special-led-screen","9":"first","10":"instock","11":"shipping-taxable","12":"product-type-simple"},"_links":{"self":[{"href":"https:\/\/www.leyaled.com\/tr\/wp-json\/wp\/v2\/product\/2892","targetHints":{"allow":["GET"]}}],"collection":[{"href":"https:\/\/www.leyaled.com\/tr\/wp-json\/wp\/v2\/product"}],"about":[{"href":"https:\/\/www.leyaled.com\/tr\/wp-json\/wp\/v2\/types\/product"}],"replies":[{"embeddable":true,"href":"https:\/\/www.leyaled.com\/tr\/wp-json\/wp\/v2\/comments?post=2892"}],"wp:featuredmedia":[{"embeddable":true,"href":"https:\/\/www.leyaled.com\/tr\/wp-json\/wp\/v2\/media\/2900"}],"wp:attachment":[{"href":"https:\/\/www.leyaled.com\/tr\/wp-json\/wp\/v2\/media?parent=2892"}],"wp:term":[{"taxonomy":"product_brand","embeddable":true,"href":"https:\/\/www.leyaled.com\/tr\/wp-json\/wp\/v2\/product_brand?post=2892"},{"taxonomy":"product_cat","embeddable":true,"href":"https:\/\/www.leyaled.com\/tr\/wp-json\/wp\/v2\/product_cat?post=2892"},{"taxonomy":"product_tag","embeddable":true,"href":"https:\/\/www.leyaled.com\/tr\/wp-json\/wp\/v2\/product_tag?post=2892"}],"curies":[{"name":"wp","href":"https:\/\/api.w.org\/{rel}","templated":true}]}}