{"id":2880,"date":"2025-11-05T13:51:52","date_gmt":"2025-11-05T05:51:52","guid":{"rendered":"https:\/\/www.leyaled.com\/?post_type=product&#038;p=2880"},"modified":"2025-12-04T17:45:05","modified_gmt":"2025-12-04T09:45:05","slug":"stadium-screen","status":"publish","type":"product","link":"https:\/\/www.leyaled.com\/tr\/indoor-fixed-installation\/stadium-screen\/","title":{"rendered":"stadyum ekran\u0131"},"content":{"rendered":"<p style=\"text-align: center;\"><span style=\"font-family: helvetica, arial, sans-serif; font-size: 14pt;\"><strong>Al\u00fcminyum Kabin &amp; G\u00fcvenilir Koruma<\/strong><\/span><br \/>\n<span style=\"font-family: helvetica, arial, sans-serif;\">Bu \u00fcr\u00fcn, \u00f6zel kal\u0131planm\u0131\u015f yumu\u015fak y\u00fcz plakas\u0131 ile e\u015fle\u015ftirilmi\u015f bir al\u00fcminyum ala\u015f\u0131ml\u0131 dolaba sahiptir. Uzmanl\u0131k sayesinde<\/span><\/p>\n<p style=\"text-align: center;\"><span style=\"font-family: helvetica, arial, sans-serif;\"> \u00fcretim s\u00fcreci, m\u00fckemmel darbe direnci sunar. Dahas\u0131, \u00fcst monte edilmi\u015f yumu\u015fak yast\u0131klama oyuncu \u00f6nler<\/span><\/p>\n<p style=\"text-align: center;\"><span style=\"font-family: helvetica, arial, sans-serif;\"> mahkemede ekranla tesad\u00fcfen \u00e7arp\u0131\u015fma durumunda yaralanmalar.<\/span><\/p>\n<p style=\"text-align: center;\"><strong><span style=\"font-family: helvetica, arial, sans-serif; font-size: 14pt;\">\u015eeffaf LED Film Ekran\u0131 LED<\/span><\/strong><\/p>\n<p style=\"text-align: center;\"><span style=\"font-family: helvetica, arial, sans-serif;\">Y\u00fcksek \u00c7\u00f6z\u00fcn\u00fcrl\u00fckl\u00fc Ekran \u00d6n ve Arka Bak\u0131m Kurulumu Ta\u015f\u0131nabilirlik<\/span><\/p>\n<p><img fetchpriority=\"high\" decoding=\"async\" class=\"size-full wp-image-3104 aligncenter\" src=\"https:\/\/www.leyaled.com\/wp-content\/uploads\/2025\/11\/display1-3.webp\" alt=\"\" width=\"800\" height=\"595\" srcset=\"https:\/\/www.leyaled.com\/wp-content\/uploads\/2025\/11\/display1-3.webp 800w, https:\/\/www.leyaled.com\/wp-content\/uploads\/2025\/11\/display1-3-300x223.webp 300w, https:\/\/www.leyaled.com\/wp-content\/uploads\/2025\/11\/display1-3-768x571.webp 768w, https:\/\/www.leyaled.com\/wp-content\/uploads\/2025\/11\/display1-3-600x446.webp 600w\" sizes=\"(max-width: 800px) 100vw, 800px\" \/><\/p>\n<p>&nbsp;<\/p>\n<p style=\"text-align: center;\"><img decoding=\"async\" class=\"alignnone size-full wp-image-3100\" src=\"https:\/\/www.leyaled.com\/wp-content\/uploads\/2025\/11\/display-.webp\" alt=\"\" width=\"800\" height=\"595\" srcset=\"https:\/\/www.leyaled.com\/wp-content\/uploads\/2025\/11\/display-.webp 800w, https:\/\/www.leyaled.com\/wp-content\/uploads\/2025\/11\/display--300x223.webp 300w, https:\/\/www.leyaled.com\/wp-content\/uploads\/2025\/11\/display--768x571.webp 768w, https:\/\/www.leyaled.com\/wp-content\/uploads\/2025\/11\/display--600x446.webp 600w\" sizes=\"(max-width: 800px) 100vw, 800px\" \/><\/p>\n<p style=\"text-align: center;\"><img decoding=\"async\" class=\"alignnone size-full wp-image-3101\" src=\"https:\/\/www.leyaled.com\/wp-content\/uploads\/2025\/11\/display-3.webp\" alt=\"\" width=\"800\" height=\"454\" srcset=\"https:\/\/www.leyaled.com\/wp-content\/uploads\/2025\/11\/display-3.webp 800w, https:\/\/www.leyaled.com\/wp-content\/uploads\/2025\/11\/display-3-300x170.webp 300w, https:\/\/www.leyaled.com\/wp-content\/uploads\/2025\/11\/display-3-768x436.webp 768w, https:\/\/www.leyaled.com\/wp-content\/uploads\/2025\/11\/display-3-600x341.webp 600w\" sizes=\"(max-width: 800px) 100vw, 800px\" \/><\/p>\n<p style=\"text-align: center;\"><strong><span style=\"font-family: helvetica, arial, sans-serif; font-size: 14pt;\">Yumu\u015fak maske tasar\u0131m teknolojisi sporcular\u0131 daha iyi korur<\/span><\/strong><\/p>\n<p style=\"text-align: center;\"><span style=\"font-family: helvetica, arial, sans-serif;\">Yumu\u015fak maske ve yumu\u015fak koruyucu yast\u0131k, personel g\u00fcvenli\u011fini korumak i\u00e7in tasarlanm\u0131\u015ft\u0131r.<\/span><\/p>\n<p style=\"text-align: center;\"><span style=\"font-family: helvetica, arial, sans-serif;\"> vuru\u015f. Mod\u00fcl kendi kalibrasyon veri depolamas\u0131na sahiptir ve de\u011fi\u015ftirildi\u011finde otomatik olarak veri ithal eder.<\/span><\/p>\n<p style=\"text-align: center;\"><img loading=\"lazy\" decoding=\"async\" class=\"alignnone size-full wp-image-3102\" src=\"https:\/\/www.leyaled.com\/wp-content\/uploads\/2025\/11\/display1-2.webp\" alt=\"\" width=\"800\" height=\"595\" srcset=\"https:\/\/www.leyaled.com\/wp-content\/uploads\/2025\/11\/display1-2.webp 800w, https:\/\/www.leyaled.com\/wp-content\/uploads\/2025\/11\/display1-2-300x223.webp 300w, https:\/\/www.leyaled.com\/wp-content\/uploads\/2025\/11\/display1-2-768x571.webp 768w, https:\/\/www.leyaled.com\/wp-content\/uploads\/2025\/11\/display1-2-600x446.webp 600w\" sizes=\"(max-width: 800px) 100vw, 800px\" \/><\/p>\n<p style=\"text-align: center;\"><span style=\"font-family: helvetica, arial, sans-serif;\">Ekran su ge\u00e7irmez ve IP65 derecesine sahiptir, b\u00f6ylece <\/span><\/p>\n<p style=\"text-align: center;\"><span style=\"font-family: helvetica, arial, sans-serif;\">Ya\u011fmurlu havalarda bile \u00e7al\u0131\u015fmaya devam etmek.<\/span><\/p>\n<p style=\"text-align: center;\"><img loading=\"lazy\" decoding=\"async\" class=\"alignnone size-full wp-image-3103\" src=\"https:\/\/www.leyaled.com\/wp-content\/uploads\/2025\/11\/display2.jpg\" alt=\"\" width=\"800\" height=\"595\" srcset=\"https:\/\/www.leyaled.com\/wp-content\/uploads\/2025\/11\/display2.jpg 800w, https:\/\/www.leyaled.com\/wp-content\/uploads\/2025\/11\/display2-300x223.jpg 300w, https:\/\/www.leyaled.com\/wp-content\/uploads\/2025\/11\/display2-768x571.jpg 768w, https:\/\/www.leyaled.com\/wp-content\/uploads\/2025\/11\/display2-600x446.jpg 600w\" sizes=\"(max-width: 800px) 100vw, 800px\" \/><\/p>\n<p style=\"text-align: center;\"><span style=\"font-family: helvetica, arial, sans-serif;\">Arka destek \u00e7er\u00e7evesi herhangi bir a\u00e7\u0131ya ayarlanabilir, b\u00f6ylece kullan\u0131c\u0131lar <\/span><\/p>\n<p style=\"text-align: center;\"><span style=\"font-family: helvetica, arial, sans-serif;\">daha iyi g\u00f6r\u00fcnt\u00fcleme etkileri elde etmek i\u00e7in ekran\u0131n g\u00f6r\u00fcnt\u00fcleme a\u00e7\u0131s\u0131n\u0131 ayarlay\u0131n.<\/span><\/p>\n<p style=\"text-align: center;\"><img loading=\"lazy\" decoding=\"async\" class=\"alignnone size-full wp-image-3105\" src=\"https:\/\/www.leyaled.com\/wp-content\/uploads\/2025\/11\/display-4.webp\" alt=\"\" width=\"800\" height=\"595\" srcset=\"https:\/\/www.leyaled.com\/wp-content\/uploads\/2025\/11\/display-4.webp 800w, https:\/\/www.leyaled.com\/wp-content\/uploads\/2025\/11\/display-4-300x223.webp 300w, https:\/\/www.leyaled.com\/wp-content\/uploads\/2025\/11\/display-4-768x571.webp 768w, https:\/\/www.leyaled.com\/wp-content\/uploads\/2025\/11\/display-4-600x446.webp 600w\" sizes=\"(max-width: 800px) 100vw, 800px\" \/><\/p>\n<p style=\"text-align: center;\"><img loading=\"lazy\" decoding=\"async\" class=\"alignnone size-full wp-image-3106\" src=\"https:\/\/www.leyaled.com\/wp-content\/uploads\/2025\/11\/display-5.webp\" alt=\"\" width=\"800\" height=\"595\" srcset=\"https:\/\/www.leyaled.com\/wp-content\/uploads\/2025\/11\/display-5.webp 800w, https:\/\/www.leyaled.com\/wp-content\/uploads\/2025\/11\/display-5-300x223.webp 300w, https:\/\/www.leyaled.com\/wp-content\/uploads\/2025\/11\/display-5-768x571.webp 768w, https:\/\/www.leyaled.com\/wp-content\/uploads\/2025\/11\/display-5-600x446.webp 600w\" sizes=\"(max-width: 800px) 100vw, 800px\" \/><\/p>\n<p style=\"text-align: center;\"><span style=\"font-family: helvetica, arial, sans-serif;\">LED stadyum ekran\u0131, boyut s\u0131n\u0131r\u0131n\u0131 k\u0131rabilecek diki\u015fsiz birle\u015ftirme \u00f6zelli\u011fine sahiptir<\/span><\/p>\n<p style=\"text-align: center;\"><span style=\"font-family: helvetica, arial, sans-serif;\"> tek bir ekran\u0131n ve kolayca herhangi bir alan\u0131 kapsayan ultra b\u00fcy\u00fck bir ekran sistemi olu\u015fturmak \u200b\u200b Stadyum.<\/span><\/p>\n<p>&nbsp;<\/p>\n<p style=\"text-align: center;\"><strong><span style=\"font-family: helvetica, arial, sans-serif; font-size: 14pt;\">Yayg\u0131n Kullan\u0131lan<\/span><\/strong><\/p>\n<p style=\"text-align: center;\"><span style=\"font-family: helvetica, arial, sans-serif;\">Futbol sahalar\u0131, basketbol sahalar\u0131 ve di\u011fer spor sahneleri i\u00e7in uygundur<\/span><\/p>\n<p style=\"text-align: center;\"><img loading=\"lazy\" decoding=\"async\" class=\"alignnone size-full wp-image-3111\" src=\"https:\/\/www.leyaled.com\/wp-content\/uploads\/2025\/11\/display-6.webp\" alt=\"\" width=\"800\" height=\"812\" srcset=\"https:\/\/www.leyaled.com\/wp-content\/uploads\/2025\/11\/display-6.webp 800w, https:\/\/www.leyaled.com\/wp-content\/uploads\/2025\/11\/display-6-296x300.webp 296w, https:\/\/www.leyaled.com\/wp-content\/uploads\/2025\/11\/display-6-768x780.webp 768w, https:\/\/www.leyaled.com\/wp-content\/uploads\/2025\/11\/display-6-600x609.webp 600w\" sizes=\"(max-width: 800px) 100vw, 800px\" \/><\/p>\n<p style=\"text-align: center;\"><span style=\"font-family: helvetica, arial, sans-serif; font-size: 12pt;\">Stadyum LED ekranlar\u0131n\u0131n tan\u0131m\u0131 ne kadar y\u00fckse\u011fe ula\u015fabilir?<\/span><\/p>\n<p style=\"text-align: center;\"><span style=\"font-family: helvetica, arial, sans-serif;\">Stadyum LED ekranlar\u0131n\u0131n tan\u0131m\u0131 \u00e7\u00f6z\u00fcn\u00fcrl\u00fckle \u00f6l\u00e7\u00fcl\u00fcr. Ana ak\u0131m modelleri 4K \u00e7\u00f6z\u00fcn\u00fcrl\u00fc\u011f\u00fcn\u00fc destekler, <\/span><\/p>\n<p style=\"text-align: center;\"><span style=\"font-family: helvetica, arial, sans-serif;\">Y\u00fcksek s\u0131n\u0131f mekanlarda merkeze as\u0131l\u0131 ekranlar 8K'ya do\u011fru geli\u015fiyor. En \u00fcst d\u00fczey turnuva ekranlar\u0131: Tek panel \u00e7\u00f6z\u00fcn\u00fcrl\u00fc\u011f\u00fc<\/span><\/p>\n<p style=\"text-align: center;\"><span style=\"font-family: helvetica, arial, sans-serif;\"> 3000 \u00d7 1700 pikseli a\u015fabilir, 4K sinyal giri\u015fiyle uyumludur.<\/span><\/p>\n<p style=\"text-align: center;\"><span style=\"font-family: helvetica, arial, sans-serif;\">FIFA standart ekranlar\u0131: Y\u00fcksek \u00e7\u00f6z\u00fcn\u00fcrl\u00fckl\u00fc, skor g\u00f6r\u00fcnt\u00fcleme ve tekrar oynatma ihtiya\u00e7lar\u0131n\u0131 kar\u015f\u0131layan kabin ekleme yoluyla elde edilir<\/span><\/p>","protected":false},"excerpt":{"rendered":"<p>Stadyum LED ekranlar\u0131 \u00e7e\u015fitli ola\u011fan\u00fcst\u00fc avantajlara sahiptir: parlakl\u0131k 5000 ila 10000 nits aras\u0131nda de\u011fi\u015fir, parlak a\u00e7\u0131k \u0131\u015f\u0131kta bile a\u00e7\u0131k g\u00f6r\u00fcn\u00fcrl\u00fc\u011f\u00fc sa\u011flar; 1920Hz veya daha y\u00fcksek yenileme h\u0131zlar\u0131, h\u0131zl\u0131 hareket eden eylemi do\u011fru bir \u015fekilde yakalayarak hareket bulan\u0131kl\u0131\u011f\u0131n\u0131 ve hayaleti etkili bir \u015fekilde ortadan kald\u0131r\u0131r; Yakla\u015f\u0131k 160\u00b0 geni\u015f bir bak\u0131\u015f a\u00e7\u0131s\u0131, \u00e7e\u015fitli pozisyonlardaki seyirciler i\u00e7in \u00fcst\u00fcn bir bak\u0131\u015f deneyimi sa\u011flar; m\u00fckemmel koruyucu performans, genellikle IP65 veya daha y\u00fcksek koruma derecelerine ula\u015fmak, su ge\u00e7irmez, toz ge\u00e7irmez ve \u00e7e\u015fitli sert a\u00e7\u0131k ortamlara uyarlanabilir hale getirmek; baz\u0131 \u00fcr\u00fcnler oyuncular\u0131n tesad\u00fcfen etkilerine kar\u015f\u0131 korumak i\u00e7in darbeye dayan\u0131kl\u0131 silikon y\u00fcz kalkanlar\u0131na bile sahiptir; ve istikrarl\u0131 ve g\u00fcvenilir \u00e7al\u0131\u015fma, y\u00fcksek kaliteli y\u00fczey monte LED'ler, m\u00fckemmel PCB tasar\u0131m\u0131 ve \u00e7ift sinyal, \u00e7ift g\u00fc\u00e7 kayna\u011f\u0131 \u00e7\u00f6z\u00fcmleri ile garanti edilir. Stadyumun kenar\u0131na kurulan yayg\u0131n bir \u00e7evre LED ekran\u0131 olarak, sadece skorlar, kalan zaman ve hatalar gibi ger\u00e7ek zamanl\u0131 ma\u00e7 bilgilerini g\u00f6r\u00fcnt\u00fclemekle kalmaz, ayn\u0131 zamanda pratik de\u011ferini daha da vurgulayan \u00f6nemli bir reklam ortam\u0131 olarak da hizmet eder.<\/p>","protected":false},"featured_media":2889,"comment_status":"closed","ping_status":"closed","template":"","meta":[],"product_brand":[],"product_cat":[32,45],"product_tag":[],"class_list":{"0":"post-2880","1":"product","2":"type-product","3":"status-publish","4":"has-post-thumbnail","6":"product_cat-fixed-led-display","7":"product_cat-indoor-fixed-installation","9":"first","10":"instock","11":"shipping-taxable","12":"product-type-simple"},"_links":{"self":[{"href":"https:\/\/www.leyaled.com\/tr\/wp-json\/wp\/v2\/product\/2880","targetHints":{"allow":["GET"]}}],"collection":[{"href":"https:\/\/www.leyaled.com\/tr\/wp-json\/wp\/v2\/product"}],"about":[{"href":"https:\/\/www.leyaled.com\/tr\/wp-json\/wp\/v2\/types\/product"}],"replies":[{"embeddable":true,"href":"https:\/\/www.leyaled.com\/tr\/wp-json\/wp\/v2\/comments?post=2880"}],"wp:featuredmedia":[{"embeddable":true,"href":"https:\/\/www.leyaled.com\/tr\/wp-json\/wp\/v2\/media\/2889"}],"wp:attachment":[{"href":"https:\/\/www.leyaled.com\/tr\/wp-json\/wp\/v2\/media?parent=2880"}],"wp:term":[{"taxonomy":"product_brand","embeddable":true,"href":"https:\/\/www.leyaled.com\/tr\/wp-json\/wp\/v2\/product_brand?post=2880"},{"taxonomy":"product_cat","embeddable":true,"href":"https:\/\/www.leyaled.com\/tr\/wp-json\/wp\/v2\/product_cat?post=2880"},{"taxonomy":"product_tag","embeddable":true,"href":"https:\/\/www.leyaled.com\/tr\/wp-json\/wp\/v2\/product_tag?post=2880"}],"curies":[{"name":"wp","href":"https:\/\/api.w.org\/{rel}","templated":true}]}}