{"id":2177,"date":"2025-10-09T17:04:11","date_gmt":"2025-10-09T09:04:11","guid":{"rendered":"https:\/\/www.leyaled.com\/?post_type=product&#038;p=2177"},"modified":"2025-12-11T14:43:22","modified_gmt":"2025-12-11T06:43:22","slug":"p3-91","status":"publish","type":"product","link":"https:\/\/www.leyaled.com\/tr\/outdoor-fixed-installation\/p3-91\/","title":{"rendered":"Kiral\u0131k a\u00e7\u0131k P3.91"},"content":{"rendered":"<h5 class=\"header-iWP5WJ auto-hide-last-sibling-br\" style=\"text-align: center;\"><span style=\"font-family: helvetica, arial, sans-serif; font-size: 14pt;\">LED Ultra-A\u00e7\u0131k Kiralama B\u00fcy\u00fck Ekranlar<\/span><\/h5>\n<p style=\"text-align: center;\"><span style=\"font-family: helvetica, arial, sans-serif; font-size: 14pt;\">kolay kurulum \u00f6zelli\u011fi ile<\/span><\/p>\n<h5 class=\"header-iWP5WJ auto-hide-last-sibling-br\" style=\"text-align: center;\"><span style=\"font-size: 14pt; font-family: helvetica, arial, sans-serif;\">Montaj edilebilir, geni\u015f bak\u0131\u015f a\u00e7\u0131s\u0131, d\u00fc\u015f\u00fck enerji t\u00fcketimi<\/span><\/h5>\n<p style=\"text-align: center;\"><strong><span style=\"font-family: helvetica, arial, sans-serif; font-size: 14pt;\">1. P3.91 Piksel Aral\u0131\u011f\u0131 ile ideal a\u00e7\u0131k ekran<\/span><\/strong><\/p>\n<p style=\"text-align: center;\"><span style=\"font-family: helvetica, arial, sans-serif; font-size: 14pt;\">3.91mm piksel aral\u0131\u011f\u0131yla, netlik ve g\u00f6r\u00fcnt\u00fcleme mesafesini iyi dengelemektedir.<\/span><\/p>\n<p style=\"text-align: center;\"><span style=\"font-family: helvetica, arial, sans-serif; font-size: 14pt;\"> Konserler, sergiler ve road shows, metin, logolar ve dinamik videolar gibi a\u00e7\u0131k hava etkinlikleri i\u00e7in<\/span><\/p>\n<p style=\"text-align: center;\"><span style=\"font-family: helvetica, arial, sans-serif; font-size: 14pt;\"> Hepsi a\u00e7\u0131kt\u0131r ve \u00e7ok y\u00fcksek piksel yo\u011funlu\u011fundan daha fazla mal olmayacakt\u0131r. Parlak g\u00fcne\u015fde bile, ekran<\/span><\/p>\n<p style=\"text-align: center;\"><span style=\"font-family: helvetica, arial, sans-serif; font-size: 14pt;\"> Y\u00fcksek kontrast korur, b\u00f6ylece seyirciler 5 ila 20 metre uzakl\u0131kta a\u00e7\u0131k\u00e7a g\u00f6rebilirler.<\/span><\/p>\n<p style=\"text-align: center;\"><span style=\"font-size: 14pt;\"><strong><span style=\"font-family: helvetica, arial, sans-serif;\">2. Hava ge\u00e7irmez &amp; D\u0131\u015far\u0131da kullan\u0131m i\u00e7in dayan\u0131kl\u0131<\/span><\/strong><\/span><\/p>\n<p style=\"text-align: center;\"><span style=\"font-size: 14pt;\">IP65 veya daha y\u00fcksek toz ge\u00e7irmez ve su ge\u00e7irmez dereceye sahiptir, b\u00f6ylece ya\u011fmur, toz ve aniden direnebilir<\/span><\/p>\n<p style=\"text-align: center;\"><span style=\"font-size: 14pt;\"> s\u0131cakl\u0131k de\u011fi\u015fiklikleri (-20 \u00b0 C'den 50 \u00b0 C'ye kadar \u00e7al\u0131\u015f\u0131r). Ekran y\u00fczeyi anti-UV'ye sahiptir<\/span><\/p>\n<p style=\"text-align: center;\"><span style=\"font-size: 14pt;\"> kaplama, b\u00f6ylece uzun g\u00fcne\u015fe maruz kald\u0131ktan sonra sar\u0131 olmayacak - bu \u00f6zellikle Ortado\u011fu gibi g\u00fcne\u015fli b\u00f6lgelerde a\u00e7\u0131k hava kiralama i\u00e7in \u00f6nemlidir.<\/span><\/p>\n<p style=\"text-align: center;\"><span style=\"font-size: 14pt;\"><strong><span style=\"font-family: helvetica, arial, sans-serif;\">3. Hafif &amp; Kolay Montaj \/ Demonti<\/span><\/strong><\/span><\/p>\n<p style=\"text-align: center;\"><span style=\"font-size: 14pt;\">Kiralama dolab\u0131 hafif al\u00fcminyum ala\u015f\u0131m\u0131ndan yap\u0131lm\u0131\u015ft\u0131r, birim ba\u015f\u0131na sadece 8-10kg ta\u015f\u0131mas\u0131 kolayd\u0131r<\/span><\/p>\n<p style=\"text-align: center;\"><span style=\"font-size: 14pt;\"> ve ula\u015f\u0131m (ge\u00e7ici olaylar i\u00e7in lojistik maliyetlerini tasarruf eder). Dolaplar h\u0131zl\u0131 bir \u015fekilde kilitlenir:<\/span><\/p>\n<p style=\"text-align: center;\"><span style=\"font-size: 14pt;\"> 2-3 ki\u015fi 50 \u33a1  1-2 saat i\u00e7inde ekran, ihtiya\u00e7 duyan a\u00e7\u0131k hava kiralama i\u00e7in m\u00fckemmel &#8220; h\u0131zl\u0131 kurulum ve y\u0131k\u0131m. &#8221;<\/span><\/p>\n<p style=\"text-align: center;\"><span style=\"font-size: 14pt;\"><strong><span style=\"font-family: helvetica, arial, sans-serif;\">4. Y\u00fcksek Yenileme H\u0131z\u0131 &amp; Kararl\u0131 Performans<\/span><\/strong><\/span><\/p>\n<p style=\"text-align: center;\"><span style=\"font-size: 14pt;\">\u22653840Hz yenileme h\u0131z\u0131 ile, kamera veya telefon ile \u00e7ekim yaparken par\u0131ldama veya hareket bulan\u0131kl\u0131\u011f\u0131 yoktur - iyi<\/span><\/p>\n<p style=\"text-align: center;\"><span style=\"font-size: 14pt;\"> Canl\u0131 yay\u0131n veya medya kapsam\u0131na ihtiya\u00e7 duyan etkinlikler i\u00e7in. Dahili y\u00fcksek verimlilik g\u00fc\u00e7 kayna\u011f\u0131 ve \u0131s\u0131 var<\/span><\/p>\n<p style=\"text-align: center;\"><span style=\"font-size: 14pt;\"> da\u011f\u0131l\u0131m yap\u0131s\u0131, b\u00f6ylece d\u0131\u015far\u0131da 8 saatten fazla s\u00fcrekli olarak kullan\u0131lsa bile a\u015f\u0131r\u0131 \u0131s\u0131nmaz, kiralama s\u0131ras\u0131nda hata riskini azalt\u0131r.<\/span><\/p>\n<p style=\"text-align: center;\"><span style=\"font-family: helvetica, arial, sans-serif; font-size: 14pt;\"><strong>5. \u00d6zel \u015eekiller i\u00e7in Esnek Ba\u011flama<\/strong><\/span><\/p>\n<p style=\"text-align: center;\"><span style=\"font-family: helvetica, arial, sans-serif; font-size: 14pt;\">Diki\u015fsiz ekleme (bo\u015fluk \u22640.5mm) destekler ve b\u00fcy\u00fck dikd\u00f6rtgenler, kemerler veya d\u00fczensiz \u015fekiller olarak yap\u0131labilir <\/span><\/p>\n<p style=\"text-align: center;\"><span style=\"font-family: helvetica, arial, sans-serif; font-size: 14pt;\">etkinlik ihtiya\u00e7lar\u0131 - sahne arka planlar\u0131 veya a\u00e7\u0131k reklam duvarlar\u0131 gibi. Mod\u00fcler tasar\u0131m ayr\u0131ca tek hatal\u0131 de\u011fi\u015ftirmenize izin verir<\/span><\/p>\n<p style=\"text-align: center;\"><span style=\"font-family: helvetica, arial, sans-serif; font-size: 14pt;\"> mod\u00fcller h\u0131zl\u0131 bir \u015fekilde, t\u00fcm ekrana etki etmez, kiralama i\u015fletmelerine bak\u0131m maliyetlerini azaltmaya yard\u0131mc\u0131 olur.<\/span><\/p>\n<p style=\"text-align: center;\"><img fetchpriority=\"high\" decoding=\"async\" class=\"alignnone size-full wp-image-3190\" src=\"https:\/\/www.leyaled.com\/wp-content\/uploads\/2025\/10\/outdoor-display1.webp\" alt=\"\" width=\"800\" height=\"752\" srcset=\"https:\/\/www.leyaled.com\/wp-content\/uploads\/2025\/10\/outdoor-display1.webp 800w, https:\/\/www.leyaled.com\/wp-content\/uploads\/2025\/10\/outdoor-display1-300x282.webp 300w, https:\/\/www.leyaled.com\/wp-content\/uploads\/2025\/10\/outdoor-display1-768x722.webp 768w, https:\/\/www.leyaled.com\/wp-content\/uploads\/2025\/10\/outdoor-display1-600x564.webp 600w\" sizes=\"(max-width: 800px) 100vw, 800px\" \/><\/p>\n<p style=\"text-align: center;\"><strong><span style=\"font-size: 14pt; font-family: helvetica, arial, sans-serif;\">LED kiralama ekranlar\u0131m\u0131z arkada ekstra b\u00fcy\u00fck bir alan sunuyor <\/span><\/strong><\/p>\n<p style=\"text-align: center;\"><strong><span style=\"font-size: 14pt; font-family: helvetica, arial, sans-serif;\">daha iyi \u0131s\u0131 da\u011f\u0131l\u0131m\u0131 i\u00e7in kapak, s\u0131cak iklimler i\u00e7in ideal<\/span><\/strong><\/p>\n<p style=\"text-align: center;\"><img decoding=\"async\" class=\"alignnone size-full wp-image-3191\" src=\"https:\/\/www.leyaled.com\/wp-content\/uploads\/2025\/10\/out-display.webp\" alt=\"\" width=\"800\" height=\"666\" srcset=\"https:\/\/www.leyaled.com\/wp-content\/uploads\/2025\/10\/out-display.webp 800w, https:\/\/www.leyaled.com\/wp-content\/uploads\/2025\/10\/out-display-300x250.webp 300w, https:\/\/www.leyaled.com\/wp-content\/uploads\/2025\/10\/out-display-768x639.webp 768w, https:\/\/www.leyaled.com\/wp-content\/uploads\/2025\/10\/out-display-600x500.webp 600w\" sizes=\"(max-width: 800px) 100vw, 800px\" \/><\/p>\n<p style=\"text-align: center;\"><strong><span style=\"font-family: helvetica, arial, sans-serif; font-size: 14pt;\">Daha Kesin G\u00f6r\u00fcnt\u00fc Kalitesi i\u00e7in Y\u00fcksek Yenileme H\u0131z\u0131<\/span><\/strong><\/p>\n<p style=\"text-align: center;\"><span style=\"font-family: helvetica, arial, sans-serif; font-size: 14pt;\">3840Hz yenileme h\u0131z\u0131yla h\u0131zl\u0131 yan\u0131t h\u0131z\u0131na sahiptir. Ekran <\/span><\/p>\n<p style=\"text-align: center;\"><span style=\"font-family: helvetica, arial, sans-serif; font-size: 14pt;\">hi\u00e7bir hareket bulan\u0131kl\u0131\u011f\u0131 veya titreme g\u00f6stermez, net ve istikrarl\u0131 g\u00f6r\u00fcnt\u00fcler sunar.<\/span><\/p>\n<p style=\"text-align: center;\"><img decoding=\"async\" class=\"alignnone size-full wp-image-3074\" src=\"https:\/\/www.leyaled.com\/wp-content\/uploads\/2025\/10\/display-2.webp\" alt=\"\" width=\"800\" height=\"574\" srcset=\"https:\/\/www.leyaled.com\/wp-content\/uploads\/2025\/10\/display-2.webp 800w, https:\/\/www.leyaled.com\/wp-content\/uploads\/2025\/10\/display-2-300x215.webp 300w, https:\/\/www.leyaled.com\/wp-content\/uploads\/2025\/10\/display-2-768x551.webp 768w, https:\/\/www.leyaled.com\/wp-content\/uploads\/2025\/10\/display-2-600x431.webp 600w\" sizes=\"(max-width: 800px) 100vw, 800px\" \/><\/p>\n<p style=\"text-align: center;\"><strong><span style=\"font-size: 14pt; font-family: helvetica, arial, sans-serif;\">\u00dcr\u00fcn Detayl\u0131 Foto\u011fraflar<\/span><\/strong><\/p>\n<p style=\"text-align: center;\"><img loading=\"lazy\" decoding=\"async\" class=\"alignnone size-full wp-image-3192\" src=\"https:\/\/www.leyaled.com\/wp-content\/uploads\/2025\/10\/outdoor.webp\" alt=\"\" width=\"800\" height=\"702\" srcset=\"https:\/\/www.leyaled.com\/wp-content\/uploads\/2025\/10\/outdoor.webp 800w, https:\/\/www.leyaled.com\/wp-content\/uploads\/2025\/10\/outdoor-300x263.webp 300w, https:\/\/www.leyaled.com\/wp-content\/uploads\/2025\/10\/outdoor-768x674.webp 768w, https:\/\/www.leyaled.com\/wp-content\/uploads\/2025\/10\/outdoor-600x527.webp 600w\" sizes=\"(max-width: 800px) 100vw, 800px\" \/><\/p>\n<p style=\"text-align: center;\"><span style=\"font-family: helvetica, arial, sans-serif; font-size: 14pt;\">UYUKLU KORUM<\/span><\/p>\n<p style=\"text-align: center;\"><img loading=\"lazy\" decoding=\"async\" class=\"alignnone size-full wp-image-3193\" src=\"https:\/\/www.leyaled.com\/wp-content\/uploads\/2025\/10\/display-outdoor.webp\" alt=\"\" width=\"800\" height=\"750\" srcset=\"https:\/\/www.leyaled.com\/wp-content\/uploads\/2025\/10\/display-outdoor.webp 800w, https:\/\/www.leyaled.com\/wp-content\/uploads\/2025\/10\/display-outdoor-300x281.webp 300w, https:\/\/www.leyaled.com\/wp-content\/uploads\/2025\/10\/display-outdoor-768x720.webp 768w, https:\/\/www.leyaled.com\/wp-content\/uploads\/2025\/10\/display-outdoor-600x563.webp 600w\" sizes=\"(max-width: 800px) 100vw, 800px\" \/><\/p>\n<table style=\"border-collapse: collapse; width: 84.4511%; height: 1104px;\">\n<tbody>\n<tr style=\"height: 44px;\">\n<td style=\"width: 58.4212%; text-align: center; height: 44px;\" colspan=\"2\"><strong><span style=\"font-size: 12pt;\">parametre ad\u0131<\/span><\/strong><\/td>\n<td style=\"width: 25.8263%; text-align: center; height: 44px;\" colspan=\"2\"><strong><span style=\"font-size: 12pt;\">\u00dcr\u00fcn Parametreleri<\/span><\/strong><\/td>\n<\/tr>\n<tr style=\"height: 29px;\">\n<td style=\"width: 28.1749%; height: 193px; text-align: center;\" rowspan=\"6\">Mod\u00fcl kompozisyonu<\/td>\n<td style=\"height: 29px; width: 30.2463%; text-align: center;\" width=\"190\">piksel yap\u0131s\u0131<\/td>\n<td style=\"width: 25.8263%; height: 29px; text-align: center;\" colspan=\"2\">SMD1921 \u00dc\u00e7 Bir LED<\/td>\n<\/tr>\n<tr style=\"height: 34px;\">\n<td style=\"height: 34px; width: 30.2463%; text-align: center;\" width=\"190\">piksel aral\u0131\u011f\u0131 (mm)<\/td>\n<td style=\"width: 25.8263%; height: 34px; text-align: center;\" colspan=\"2\">3.91<\/td>\n<\/tr>\n<tr style=\"height: 29px;\">\n<td style=\"height: 29px; width: 30.2463%; text-align: center;\" width=\"190\">Mod\u00fcl \u00c7\u00f6z\u00fcn\u00fcrl\u00fc\u011f\u00fc (W \u00d7 H)<\/td>\n<td style=\"width: 25.8263%; height: 29px; text-align: center;\" colspan=\"2\">64*64<\/td>\n<\/tr>\n<tr style=\"height: 35px;\">\n<td style=\"height: 35px; width: 30.2463%; text-align: center;\" width=\"190\">Mod\u00fcl boyutlar\u0131 (mm)<\/td>\n<td style=\"width: 25.8263%; height: 35px; text-align: center;\" colspan=\"2\">250 (W) * 250 (H)<\/td>\n<\/tr>\n<tr style=\"height: 33px;\">\n<td style=\"height: 33px; width: 30.2463%; text-align: center;\" width=\"190\">Mod\u00fcl a\u011f\u0131rl\u0131\u011f\u0131 (kg)<\/td>\n<td style=\"width: 25.8263%; height: 33px; text-align: center;\" colspan=\"2\">0.8<\/td>\n<\/tr>\n<tr style=\"height: 33px;\">\n<td style=\"height: 33px; width: 30.2463%; text-align: center;\" width=\"190\">Mod\u00fcl\u00fcn maksimum g\u00fc\u00e7 t\u00fcketimi (W)<\/td>\n<td style=\"width: 25.8263%; height: 33px; text-align: center;\" colspan=\"2\">\u00a050<\/td>\n<\/tr>\n<tr style=\"height: 24px;\">\n<td style=\"width: 28.1749%; height: 226px; text-align: center;\" rowspan=\"10\">Kutu olu\u015fumu<\/td>\n<td style=\"width: 30.2463%; height: 24px; text-align: center;\">Kutu mod\u00fcl\u00fcn\u00fcn bile\u015fimi (W \u00d7 H)<\/td>\n<td style=\"width: 13.3585%; height: 24px; text-align: center;\">2*2<\/td>\n<td style=\"width: 12.4678%; height: 24px; text-align: center;\">2*4<\/td>\n<\/tr>\n<tr style=\"height: 24px;\">\n<td style=\"height: 24px; width: 30.2463%; text-align: center;\" width=\"190\">kutu \u00e7\u00f6z\u00fcn\u00fcrl\u00fc\u011f\u00fc (W \u00d7 H)<\/td>\n<td style=\"height: 24px; width: 13.3585%; text-align: center;\" width=\"143\">128*128<\/td>\n<td style=\"height: 24px; width: 12.4678%; text-align: center;\" width=\"144\">128*256<\/td>\n<\/tr>\n<tr style=\"height: 24px;\">\n<td style=\"height: 24px; width: 30.2463%; text-align: center;\" width=\"190\">kutu \u00e7\u00f6z\u00fcn\u00fcrl\u00fc\u011f\u00fc (W \u00d7 H)<\/td>\n<td style=\"height: 24px; width: 13.3585%; text-align: center;\" width=\"143\">128*128<\/td>\n<td style=\"height: 24px; width: 12.4678%; text-align: center;\" width=\"144\">128*256<\/td>\n<\/tr>\n<tr style=\"height: 24px;\">\n<td style=\"height: 24px; width: 30.2463%; text-align: center;\" width=\"190\">Kutu boyutlar\u0131 (mm)<\/td>\n<td style=\"height: 24px; width: 13.3585%; text-align: center;\" width=\"143\">500*500*80<\/td>\n<td style=\"height: 24px; width: 12.4678%; text-align: center;\" width=\"144\">500*1000*80<\/td>\n<\/tr>\n<tr style=\"height: 24px;\">\n<td style=\"height: 24px; width: 30.2463%; text-align: center;\" width=\"190\">Kutu alan\u0131 (m)<sup>2<\/sup>\uff09<\/td>\n<td style=\"height: 24px; width: 13.3585%; text-align: center;\" width=\"143\">0.25<\/td>\n<td style=\"height: 24px; width: 12.4678%; text-align: center;\" width=\"144\">0.5<\/td>\n<\/tr>\n<tr style=\"height: 24px;\">\n<td style=\"height: 24px; width: 30.2463%; text-align: center;\" width=\"190\">Kutu A\u011f\u0131rl\u0131\u011f\u0131 (kg)<\/td>\n<td style=\"height: 24px; width: 13.3585%; text-align: center;\" width=\"143\">8<\/td>\n<td style=\"height: 24px; width: 12.4678%; text-align: center;\" width=\"144\">12<\/td>\n<\/tr>\n<tr style=\"height: 24px;\">\n<td style=\"width: 30.2463%; text-align: center; height: 24px;\">Kutu piksel yo\u011funlu\u011fu (noktalar \/ m2)<\/td>\n<td style=\"width: 25.8263%; text-align: center; height: 24px;\" colspan=\"2\">65410<\/td>\n<\/tr>\n<tr style=\"height: 24px;\">\n<td style=\"width: 30.2463%; text-align: center; height: 24px;\">Kutu g\u00f6vdesinin d\u00fczl\u00fc\u011f\u00fc (mm)<\/td>\n<td style=\"width: 25.8263%; text-align: center; height: 24px;\" colspan=\"2\">\u22640.1<\/td>\n<\/tr>\n<tr style=\"height: 10px;\">\n<td style=\"width: 30.2463%; text-align: center; height: 10px;\">Bak\u0131m Y\u00f6ntemi<\/td>\n<td style=\"width: 25.8263%; text-align: center; height: 10px;\" colspan=\"2\">bak\u0131m sonras\u0131<\/td>\n<\/tr>\n<tr style=\"height: 24px;\">\n<td style=\"width: 30.2463%; text-align: center; height: 24px;\">Kutu olu\u015fumu<\/td>\n<td style=\"width: 25.8263%; text-align: center; height: 24px;\" colspan=\"2\">Demir \/ Al\u00fcminyum \/ Profil<\/td>\n<\/tr>\n<tr style=\"height: 24px;\">\n<td style=\"width: 28.1749%; text-align: center; height: 216px;\" rowspan=\"8\">optik parametreler<\/td>\n<td style=\"width: 30.2463%; text-align: center; height: 24px;\">Tek noktal\u0131 parlakl\u0131k d\u00fczeltmesi<\/td>\n<td style=\"text-align: center; height: 24px; width: 25.8263%;\" colspan=\"2\">hi\u00e7bir<\/td>\n<\/tr>\n<tr style=\"height: 24px;\">\n<td style=\"width: 30.2463%; text-align: center; height: 24px;\">Tek noktal\u0131 kromatiklik d\u00fczeltmesi<\/td>\n<td style=\"text-align: center; height: 24px; width: 25.8263%;\" colspan=\"2\">hi\u00e7bir<\/td>\n<\/tr>\n<tr style=\"height: 24px;\">\n<td style=\"width: 30.2463%; text-align: center; height: 24px;\">Beyaz Dengeli Parlakl\u0131k (nits)<\/td>\n<td style=\"text-align: center; height: 24px; width: 25.8263%;\" colspan=\"2\">\u22654500-7500<\/td>\n<\/tr>\n<tr style=\"height: 24px;\">\n<td style=\"width: 30.2463%; text-align: center; height: 24px;\">Renk s\u0131cakl\u0131\u011f\u0131 (K)<\/td>\n<td style=\"text-align: center; height: 24px; width: 25.8263%;\" colspan=\"2\">8000-10000<\/td>\n<\/tr>\n<tr style=\"height: 24px;\">\n<td style=\"width: 30.2463%; text-align: center; height: 24px;\">Perspektif (yatay \/ dikey \u00b0)<\/td>\n<td style=\"text-align: center; width: 25.8263%; height: 24px;\" colspan=\"2\">140\/140<\/td>\n<\/tr>\n<tr style=\"height: 48px;\">\n<td style=\"width: 30.2463%; text-align: center; height: 48px;\">I\u015f\u0131k noktas\u0131n\u0131n merkez mesafesinden sapma<\/td>\n<td style=\"text-align: center; width: 25.8263%; height: 48px;\" colspan=\"2\">&lt; 3%<\/td>\n<\/tr>\n<tr style=\"height: 24px;\">\n<td style=\"width: 30.2463%; text-align: center; height: 24px;\">Parlakl\u0131k\/kromatiklik e\u015fitli\u011fi<\/td>\n<td style=\"text-align: center; width: 25.8263%; height: 24px;\" colspan=\"2\">\u226597%<\/td>\n<\/tr>\n<tr style=\"height: 24px;\">\n<td style=\"width: 30.2463%; text-align: center; height: 24px;\">Kontrast oran\u0131<\/td>\n<td style=\"text-align: center; height: 24px; width: 25.8263%;\" colspan=\"2\">4000:1<\/td>\n<\/tr>\n<tr style=\"height: 49px;\">\n<td style=\"height: 121px; width: 28.1749%; text-align: center;\" rowspan=\"4\" width=\"100\">Elektrik parametreleri<\/td>\n<td style=\"width: 30.2463%; text-align: center; height: 49px;\">En y\u00fcksek g\u00fc\u00e7 t\u00fcketimi (W\/m2)<\/td>\n<td style=\"width: 25.8263%; text-align: center; height: 49px;\" colspan=\"2\">500<\/td>\n<\/tr>\n<tr style=\"height: 24px;\">\n<td style=\"width: 30.2463%; text-align: center; height: 24px;\">Ortalama g\u00fc\u00e7 t\u00fcketimi (W\/m2)<\/td>\n<td style=\"text-align: center; width: 25.8263%; height: 24px;\" colspan=\"2\">300<\/td>\n<\/tr>\n<tr style=\"height: 24px;\">\n<td style=\"width: 30.2463%; text-align: center; height: 24px;\">G\u00fc\u00e7 kayna\u011f\u0131 gereksinimleri<\/td>\n<td style=\"width: 25.8263%; text-align: center; height: 24px;\" colspan=\"2\">AC220V, Frekans\u0131 47-63 (Hz)<\/td>\n<\/tr>\n<tr style=\"height: 24px;\">\n<td style=\"width: 30.2463%; text-align: center; height: 24px;\">g\u00fcvenlik \u00f6zellikleri<\/td>\n<td style=\"text-align: center; height: 24px; width: 25.8263%;\" colspan=\"2\">GB4943 \/ EN60950<\/td>\n<\/tr>\n<tr style=\"height: 64px;\">\n<td style=\"height: 208px; width: 28.1749%; text-align: center;\" rowspan=\"7\" width=\"100\">i\u015fleme performans\u0131<\/td>\n<td style=\"width: 30.2463%; text-align: center; height: 64px;\">\u00c7er\u00e7eve anahtarlama frekans\u0131 (Hz)<\/td>\n<td style=\"text-align: center; height: 64px; width: 25.8263%;\" colspan=\"2\">50&amp; 60<\/td>\n<\/tr>\n<tr style=\"height: 24px;\">\n<td style=\"width: 30.2463%; text-align: center; height: 24px;\">S\u00fcr\u00fc\u015f modu<\/td>\n<td style=\"text-align: center; height: 24px; width: 25.8263%;\" colspan=\"2\">Sabit ak\u0131m s\u00fcr\u00fcc\u00fcs\u00fc, 8\/16 tarama<\/td>\n<\/tr>\n<tr style=\"height: 24px;\">\n<td style=\"width: 30.2463%; text-align: center; height: 24px;\">Gri seviyesi<\/td>\n<td style=\"text-align: center; height: 24px; width: 25.8263%;\" colspan=\"2\">16384<\/td>\n<\/tr>\n<tr style=\"height: 24px;\">\n<td style=\"width: 30.2463%; text-align: center; height: 24px;\">Yenileme h\u0131z\u0131 (Hz)<\/td>\n<td style=\"text-align: center; height: 24px; width: 25.8263%;\" colspan=\"2\">\u22653840<\/td>\n<\/tr>\n<tr style=\"height: 24px;\">\n<td style=\"width: 30.2463%; text-align: center; height: 24px;\">Renk i\u015fleme bitlerinin say\u0131s\u0131<\/td>\n<td style=\"text-align: center; height: 24px; width: 25.8263%;\" colspan=\"2\">14 bit<\/td>\n<\/tr>\n<tr style=\"height: 24px;\">\n<td style=\"width: 30.2463%; text-align: center; height: 24px;\">Mod\u00fcl yerle\u015fik bir g\u00fc\u00e7 kapatma depolama fonksiyonu ile gelir<\/td>\n<td style=\"text-align: center; height: 24px; width: 25.8263%;\" colspan=\"2\">Parlakl\u0131k ve kromatiklik d\u00fczeltme verilerini, mod\u00fcl parametrelerini tasarruf edin<\/td>\n<\/tr>\n<tr style=\"height: 24px;\">\n<td style=\"width: 30.2463%; text-align: center; height: 24px;\">Video oynatma yetene\u011fi<\/td>\n<td style=\"text-align: center; height: 24px; width: 25.8263%;\" colspan=\"2\">2K y\u00fcksek \u00e7\u00f6z\u00fcn\u00fcrl\u00fckl\u00fc, 4K ultra y\u00fcksek \u00e7\u00f6z\u00fcn\u00fcrl\u00fckl\u00fc resim<\/td>\n<\/tr>\n<tr style=\"height: 24px;\">\n<td style=\"height: 96px; width: 28.1749%; text-align: center;\" rowspan=\"4\" width=\"100\">Parametreleri kullan\u0131n<\/td>\n<td style=\"width: 30.2463%; text-align: center; height: 24px;\">Tipik \u00f6m\u00fcr de\u011feri (saatler)<\/td>\n<td style=\"text-align: center; height: 24px; width: 25.8263%;\" colspan=\"2\">50.000 saat<\/td>\n<\/tr>\n<tr style=\"height: 24px;\">\n<td style=\"width: 30.2463%; text-align: center; height: 24px;\">\u00d6mr\u00fc S\u00f6zl\u00fck \u00c7al\u0131\u015fma S\u0131cakl\u0131\u011f\u0131 \/ Nem Aral\u0131\u011f\u0131 (\u2103 \/ RH) Tip De\u011feri (HR)<\/td>\n<td style=\"text-align: center; height: 24px; width: 25.8263%;\" colspan=\"2\">-10 - 40 \/ 10% -80% RH (yo\u011funla\u015fma yok)<\/td>\n<\/tr>\n<tr style=\"height: 24px;\">\n<td style=\"width: 30.2463%; text-align: center; height: 24px;\">Depolama s\u0131cakl\u0131\u011f\u0131 \/ nem aral\u0131\u011f\u0131 (\u2103 \/ RH)<\/td>\n<td style=\"text-align: center; height: 24px; width: 25.8263%;\" colspan=\"2\">-20 - 60 \/ 10% -85% RH (yo\u011funla\u015fma yok)<\/td>\n<\/tr>\n<tr style=\"height: 24px;\">\n<td style=\"width: 30.2463%; text-align: center; height: 24px;\">Uygulanabilir standart<\/td>\n<td style=\"width: 25.8263%; text-align: center; height: 24px;\" colspan=\"2\">CCC'nin,<\/td>\n<\/tr>\n<\/tbody>\n<\/table>\n<p>&nbsp;<\/p>","protected":false},"excerpt":{"rendered":"<p>A\u00e7\u0131k P3.91 Kiralama LED Ekran: 3.91mm Piksel Aral\u0131\u011f\u0131 IP65 Koruma Hafif ve H\u0131zl\u0131 Kurulum, A\u00e7\u0131k Ge\u00e7ici Kullan\u0131m i\u00e7in En \u0130yi Se\u00e7im<br \/>\nA\u00e7\u0131k hava P3.91 kiralama LED ekran\u0131, ger\u00e7ek kullan\u0131ma uygun anahtar \u00f6zelliklerle a\u00e7\u0131k hava ge\u00e7ici ihtiya\u00e7lar\u0131 i\u00e7in yap\u0131lm\u0131\u015ft\u0131r: 3.91mm piksel aral\u0131\u011f\u0131 a\u00e7\u0131kl\u0131\u011f\u0131 ve maliyeti dengeler. 5-20 metre uzakl\u0131kta, metin, marka logolar\u0131 ve dinamik videolar a\u00e7\u0131kt\u0131r - konser arka planlar\u0131, sergi roadshows ve a\u00e7\u0131k hava reklamlar\u0131 i\u00e7in m\u00fckemmeldir. Ayr\u0131ca \u00e7ok yo\u011fun piksellerden daha fazla maliyet vermez. IP65 toz ge\u00e7irmez ve su ge\u00e7irmez korumaya sahiptir, -20 \u2103den 50 \u2103e kadar istikrarl\u0131 \u00e7al\u0131\u015f\u0131r. Ekran y\u00fczeyi anti-UV kaplamaya sahiptir - Ortado\u011fu gibi g\u00fcne\u015fli, s\u0131cak yerlerde bile ya\u011fmur ve toza dayan\u0131r ve uzun g\u00fcne\u015f maruz kalmas\u0131ndan sar\u0131 olmaz. Endi\u015fe etmeden d\u0131\u015far\u0131da kullanabilirsiniz. Kabin hafif al\u00fcminyum ala\u015f\u0131m\u0131d\u0131r, her biri sadece 8-10kg. 2-3 ki\u015fi bir 50 toplayabilir \u33a1  1-2 saat i\u00e7inde ekran, ve ayr\u0131lmak ve ta\u015f\u0131mak kolayd\u0131r - lojistik ve emekten \u00e7ok tasarruf eder. Ayr\u0131ca, dikd\u00f6rtgenler, kemerler ve di\u011fer \u015fekillere sorunsuz bir \u015fekilde eklenebilir.  \u22653840Hz yenileme h\u0131z\u0131 ile, telefonlarla veya kameralarla \u00e7ekim yaparken yan\u0131p s\u00f6nme veya bulan\u0131kl\u0131k yoktur, canl\u0131 ak\u0131\u015flar veya medya kapsam\u0131 i\u00e7in iyi. Bir mod\u00fcl k\u0131r\u0131l\u0131rsa, do\u011frudan de\u011fi\u015ftirin - t\u00fcm ekran\u0131 etkilemez, kiralama i\u015fletmelerine \u00e7ok bak\u0131m sorunu ve maliyetten tasarruf eder. A\u00e7\u0131k ge\u00e7ici ekran ihtiya\u00e7lar\u0131n\u0131 tam olarak kar\u015f\u0131l\u0131yor.<\/p>","protected":false},"featured_media":2673,"comment_status":"closed","ping_status":"closed","template":"","meta":[],"product_brand":[],"product_cat":[32,44],"product_tag":[],"class_list":{"0":"post-2177","1":"product","2":"type-product","3":"status-publish","4":"has-post-thumbnail","6":"product_cat-fixed-led-display","7":"product_cat-outdoor-fixed-installation","9":"first","10":"instock","11":"shipping-taxable","12":"product-type-simple"},"_links":{"self":[{"href":"https:\/\/www.leyaled.com\/tr\/wp-json\/wp\/v2\/product\/2177","targetHints":{"allow":["GET"]}}],"collection":[{"href":"https:\/\/www.leyaled.com\/tr\/wp-json\/wp\/v2\/product"}],"about":[{"href":"https:\/\/www.leyaled.com\/tr\/wp-json\/wp\/v2\/types\/product"}],"replies":[{"embeddable":true,"href":"https:\/\/www.leyaled.com\/tr\/wp-json\/wp\/v2\/comments?post=2177"}],"wp:featuredmedia":[{"embeddable":true,"href":"https:\/\/www.leyaled.com\/tr\/wp-json\/wp\/v2\/media\/2673"}],"wp:attachment":[{"href":"https:\/\/www.leyaled.com\/tr\/wp-json\/wp\/v2\/media?parent=2177"}],"wp:term":[{"taxonomy":"product_brand","embeddable":true,"href":"https:\/\/www.leyaled.com\/tr\/wp-json\/wp\/v2\/product_brand?post=2177"},{"taxonomy":"product_cat","embeddable":true,"href":"https:\/\/www.leyaled.com\/tr\/wp-json\/wp\/v2\/product_cat?post=2177"},{"taxonomy":"product_tag","embeddable":true,"href":"https:\/\/www.leyaled.com\/tr\/wp-json\/wp\/v2\/product_tag?post=2177"}],"curies":[{"name":"wp","href":"https:\/\/api.w.org\/{rel}","templated":true}]}}