{"id":2173,"date":"2025-10-09T17:01:36","date_gmt":"2025-10-09T09:01:36","guid":{"rendered":"https:\/\/www.leyaled.com\/?post_type=product&#038;p=2173"},"modified":"2025-12-08T11:09:58","modified_gmt":"2025-12-08T03:09:58","slug":"profile-body","status":"publish","type":"product","link":"https:\/\/www.leyaled.com\/tr\/indoor-led-display\/profile-body\/","title":{"rendered":"Profil al\u00fcminyum LED ekran"},"content":{"rendered":"<p style=\"text-align: center;\"><span style=\"font-family: helvetica, arial, sans-serif;\"><strong>Hafif Tasar\u0131m: <\/strong>Profil al\u00fcminyum \u00e7er\u00e7eve tasar\u0131m\u0131n\u0131 benimser, ekran g\u00f6vdesini yapar <\/span><\/p>\n<p style=\"text-align: center;\"><span style=\"font-family: helvetica, arial, sans-serif;\">ince ve hafif; alan\u0131 ve maliyeti tasarruf eder ve ta\u015f\u0131mas\u0131 ve kurulmas\u0131 kolayd\u0131r<\/span><\/p>\n<p style=\"text-align: center;\"><span style=\"font-family: helvetica, arial, sans-serif;\"><strong>\u00d6n \/ Arka Bak\u0131m Deste\u011fi:<\/strong> \u00dcr\u00fcn \u00f6n ve arka bak\u0131m\u0131 destekler, <\/span><\/p>\n<p style=\"text-align: center;\"><span style=\"font-family: helvetica, arial, sans-serif;\">\u0130n\u015faat alan\u0131 ve maliyetlerinden tasarruf; kurulum verimlili\u011fini art\u0131r\u0131r.<\/span><\/p>\n<p style=\"text-align: center;\"><span style=\"font-family: helvetica, arial, sans-serif;\"><strong>\u00c7evre dostu \/ Y\u00fcksek Parlakl\u0131k \/ Y\u00fcksek Enerji Verimlili\u011fi:<\/strong> Voltaj b\u00f6l\u00fcnm\u00fc\u015f g\u00fc\u00e7 kayna\u011f\u0131 ile donat\u0131lm\u0131\u015f <\/span><\/p>\n<p style=\"text-align: center;\"><span style=\"font-family: helvetica, arial, sans-serif;\">tasar\u0131m, sadece 200W'l\u0131k maksimum ortalama g\u00fc\u00e7 t\u00fcketimi ile; y\u00fcksek parlakl\u0131k \u00f6zellikleri <\/span><\/p>\n<p style=\"text-align: center;\"><span style=\"font-family: helvetica, arial, sans-serif;\">6500 nitten fazla, \u00e7evre dostu ve enerji verimlili\u011fi elde etmek.<\/span><\/p>\n<p style=\"text-align: center;\"><span style=\"font-family: helvetica, arial, sans-serif;\"><strong>Kolay Kurulum:<\/strong> Dolap istiflenebilir veya kald\u0131r\u0131labilir, uygun ve h\u0131zl\u0131 kurulum ve demontaj sa\u011flar.<\/span><\/p>\n<p style=\"text-align: center;\"><span style=\"font-family: helvetica, arial, sans-serif;\"><strong>Ultra Geni\u015f G\u00f6r\u00fcn\u00fcm A\u00e7\u0131s\u0131 \/ \u00c7\u0131plak G\u00f6zl\u00fc 3D:<\/strong> 140 \u00b0 (H \/ V) ultra geni\u015f bir bak\u0131\u015f a\u00e7\u0131s\u0131na sahiptir;<\/span><\/p>\n<p style=\"text-align: center;\"><span style=\"font-family: helvetica, arial, sans-serif;\"> d\u00fcz a\u00e7\u0131l\u0131 ve e\u011fri splicing destekler, \u00e7\u0131plak g\u00f6zle 3D etkisini kolayca ger\u00e7ekle\u015ftirir.<\/span><\/p>\n<p style=\"text-align: center;\"><span style=\"font-family: helvetica, arial, sans-serif;\"><strong>Y\u00fcksek Kontrast &amp; Canl\u0131 Renkler:<\/strong> 9500:1'e kadar y\u00fcksek kontrast oran\u0131yla parlak, ince ve zengin renkler sunar,<\/span><\/p>\n<p style=\"text-align: center;\"><span style=\"font-family: helvetica, arial, sans-serif;\"> m\u00fckemmel m\u00fcrekkep renk tutarl\u0131l\u0131\u011f\u0131n\u0131 sa\u011flayan y\u00fcksek viz\u00f6r maske tasar\u0131m\u0131 sayesinde; Resim a\u00e7\u0131k <\/span><\/p>\n<p style=\"text-align: center;\"><span style=\"font-family: helvetica, arial, sans-serif;\">ve do\u011fal, size canl\u0131 ve keskin bir izleme deneyimi getiriyor.<\/span><\/p>\n<p style=\"text-align: center;\"><span style=\"font-family: helvetica, arial, sans-serif;\"><strong>Y\u00fcksek Koruma Seviyesi \/ Kararl\u0131 &amp; G\u00fcvenilir:<\/strong> IP65 koruma derecesi ile y\u00fcksek dayan\u0131kl\u0131 anti-ya\u015flanma kuma\u015f\u0131ndan yap\u0131lm\u0131\u015ft\u0131r; d\u00f6k\u00fcm <\/span><\/p>\n<p style=\"text-align: center;\"><span style=\"font-family: helvetica, arial, sans-serif;\">Y\u00fcksek \u0131s\u0131 da\u011f\u0131l\u0131m\u0131 kaburga tasar\u0131m\u0131 ile al\u00fcminyum alt kasa m\u00fckemmel sa\u011flar<\/span><\/p>\n<p style=\"text-align: center;\"><span style=\"font-family: helvetica, arial, sans-serif;\"> \u0131s\u0131 da\u011f\u0131l\u0131m performans\u0131 ve ekran g\u00f6vdesinin hizmet \u00f6mr\u00fcn\u00fc uzat\u0131r.<\/span><\/p>\n<p><img fetchpriority=\"high\" decoding=\"async\" class=\"size-full wp-image-3071 aligncenter\" src=\"https:\/\/www.leyaled.com\/wp-content\/uploads\/2025\/10\/ing3.webp\" alt=\"\" width=\"800\" height=\"654\" srcset=\"https:\/\/www.leyaled.com\/wp-content\/uploads\/2025\/10\/ing3.webp 800w, https:\/\/www.leyaled.com\/wp-content\/uploads\/2025\/10\/ing3-300x245.webp 300w, https:\/\/www.leyaled.com\/wp-content\/uploads\/2025\/10\/ing3-768x628.webp 768w, https:\/\/www.leyaled.com\/wp-content\/uploads\/2025\/10\/ing3-600x491.webp 600w\" sizes=\"(max-width: 800px) 100vw, 800px\" \/><\/p>\n<p><img decoding=\"async\" class=\"size-full wp-image-3070 aligncenter\" src=\"https:\/\/www.leyaled.com\/wp-content\/uploads\/2025\/10\/ing-2.webp\" alt=\"\" width=\"800\" height=\"533\" srcset=\"https:\/\/www.leyaled.com\/wp-content\/uploads\/2025\/10\/ing-2.webp 800w, https:\/\/www.leyaled.com\/wp-content\/uploads\/2025\/10\/ing-2-300x200.webp 300w, https:\/\/www.leyaled.com\/wp-content\/uploads\/2025\/10\/ing-2-768x512.webp 768w, https:\/\/www.leyaled.com\/wp-content\/uploads\/2025\/10\/ing-2-600x400.webp 600w\" sizes=\"(max-width: 800px) 100vw, 800px\" \/> <img decoding=\"async\" class=\"size-full wp-image-3072 aligncenter\" src=\"https:\/\/www.leyaled.com\/wp-content\/uploads\/2025\/10\/ing5.webp\" alt=\"\" width=\"800\" height=\"648\" srcset=\"https:\/\/www.leyaled.com\/wp-content\/uploads\/2025\/10\/ing5.webp 800w, https:\/\/www.leyaled.com\/wp-content\/uploads\/2025\/10\/ing5-300x243.webp 300w, https:\/\/www.leyaled.com\/wp-content\/uploads\/2025\/10\/ing5-768x622.webp 768w, https:\/\/www.leyaled.com\/wp-content\/uploads\/2025\/10\/ing5-600x486.webp 600w\" sizes=\"(max-width: 800px) 100vw, 800px\" \/><\/p>\n<p style=\"text-align: center;\"><span style=\"font-family: helvetica, arial, sans-serif; font-size: 14pt;\">Daha net ayr\u0131nt\u0131lar i\u00e7in y\u00fcksek parlakl\u0131k ve d\u00fc\u015f\u00fck gri teknoloji<\/span><\/p>\n<p style=\"text-align: center;\"><span style=\"font-family: helvetica, arial, sans-serif; font-size: 14pt;\">Parlakl\u0131k g\u00f6re ayarlanabilir<\/span><\/p>\n<p style=\"text-align: center;\"><span style=\"font-family: helvetica, arial, sans-serif; font-size: 14pt;\"> gri \u00f6l\u00e7ek ve g\u00f6r\u00fcnt\u00fc kalitesini kaybetmeden \u00e7evre (100-550nit).<\/span><\/p>\n<p style=\"text-align: center;\"><span style=\"font-family: helvetica, arial, sans-serif; font-size: 14pt;\">Y\u00fcksek yenileme h\u0131z\u0131: 3840H<\/span><\/p>\n<p style=\"text-align: center;\"><img loading=\"lazy\" decoding=\"async\" class=\"alignnone size-full wp-image-3075\" src=\"https:\/\/www.leyaled.com\/wp-content\/uploads\/2025\/10\/display-3.webp\" alt=\"\" width=\"800\" height=\"648\" srcset=\"https:\/\/www.leyaled.com\/wp-content\/uploads\/2025\/10\/display-3.webp 800w, https:\/\/www.leyaled.com\/wp-content\/uploads\/2025\/10\/display-3-300x243.webp 300w, https:\/\/www.leyaled.com\/wp-content\/uploads\/2025\/10\/display-3-768x622.webp 768w, https:\/\/www.leyaled.com\/wp-content\/uploads\/2025\/10\/display-3-600x486.webp 600w\" sizes=\"(max-width: 800px) 100vw, 800px\" \/><\/p>\n<p style=\"text-align: center;\"><span style=\"font-family: helvetica, arial, sans-serif;\">\u00a0 \u00a0 \u00a0 D\u00fc\u015f\u00fck parlakl\u0131k &amp;  &amp; d\u00fc\u015f\u00fck gri \u00f6l\u00e7ekli Y\u00fcksek parlakl\u0131k &amp; D\u00fc\u015f\u00fck gri \u00f6l\u00e7ekli\u00a0<\/span><\/p>\n<p style=\"text-align: center;\"><span style=\"font-family: helvetica, arial, sans-serif;\">\u00a0 \u00a0 Karanl\u0131k alan detaylar\u0131n\u0131n \u00f6nemli bir kayb\u0131 Karanl\u0131k alan detaylar\u0131n\u0131n minimum kayb\u0131<\/span><\/p>\n<p>&nbsp;<\/p>\n<p style=\"text-align: center;\"><span style=\"font-family: helvetica, arial, sans-serif; font-size: 14pt;\">\u00d6n ve arka bak\u0131m<\/span><\/p>\n<p style=\"text-align: center;\"><span style=\"font-family: helvetica, arial, sans-serif; font-size: 14pt;\">G\u00fc\u00e7 kutusu ve mod\u00fcl\u00fcn\u00fcn h\u0131zl\u0131 montaj\u0131, demontasyonu ve bak\u0131m\u0131 Tamamen m\u00fch\u00fcrl\u00fc mod\u00fcl,<\/span><\/p>\n<p style=\"text-align: center;\"><span style=\"font-family: helvetica, arial, sans-serif; font-size: 14pt;\"> \u00d6n ve arka bak\u0131m\u0131 destekler. Bak\u0131m AC gerekmez<\/span><\/p>\n<p><img loading=\"lazy\" decoding=\"async\" class=\"size-full wp-image-3076 aligncenter\" src=\"https:\/\/www.leyaled.com\/wp-content\/uploads\/2025\/10\/ing22.webp\" alt=\"\" width=\"800\" height=\"638\" srcset=\"https:\/\/www.leyaled.com\/wp-content\/uploads\/2025\/10\/ing22.webp 800w, https:\/\/www.leyaled.com\/wp-content\/uploads\/2025\/10\/ing22-300x239.webp 300w, https:\/\/www.leyaled.com\/wp-content\/uploads\/2025\/10\/ing22-768x612.webp 768w, https:\/\/www.leyaled.com\/wp-content\/uploads\/2025\/10\/ing22-600x479.webp 600w\" sizes=\"(max-width: 800px) 100vw, 800px\" \/><\/p>\n<p style=\"text-align: center;\"><span style=\"font-family: helvetica, arial, sans-serif; font-size: 14pt;\">G\u00fcvenlik<\/span><\/p>\n<p style=\"text-align: center;\"><span style=\"font-family: helvetica, arial, sans-serif; font-size: 14pt;\">T\u00fcm al\u00fcminyum alt kabuk, y\u00fcksek ate\u015f noktas\u0131, y\u00fcksek yang\u0131n direnci seviyesi, TUV ajans\u0131 5VB yang\u0131n testini ge\u00e7ebilir<\/span><\/p>\n<p>&nbsp;<\/p>\n<p style=\"text-align: center;\"><img loading=\"lazy\" decoding=\"async\" class=\"alignnone size-full wp-image-3077\" src=\"https:\/\/www.leyaled.com\/wp-content\/uploads\/2025\/10\/ing55.webp\" alt=\"\" width=\"800\" height=\"648\" srcset=\"https:\/\/www.leyaled.com\/wp-content\/uploads\/2025\/10\/ing55.webp 800w, https:\/\/www.leyaled.com\/wp-content\/uploads\/2025\/10\/ing55-300x243.webp 300w, https:\/\/www.leyaled.com\/wp-content\/uploads\/2025\/10\/ing55-768x622.webp 768w, https:\/\/www.leyaled.com\/wp-content\/uploads\/2025\/10\/ing55-600x486.webp 600w\" sizes=\"(max-width: 800px) 100vw, 800px\" \/><\/p>\n<p style=\"text-align: center;\"><span style=\"font-family: helvetica, arial, sans-serif; font-size: 14pt;\">\u00c7ift g\u00fc\u00e7 kayna\u011f\u0131<\/span><\/p>\n<p style=\"text-align: center;\"><span style=\"font-family: helvetica, arial, sans-serif;\"><span style=\"font-size: 14pt;\">G\u00fc\u00e7 kayna\u011f\u0131 istikrar\u0131n\u0131 sa\u011flamak i\u00e7in otomatik da\u011f\u0131t\u0131m ve \u00e7ift \u00e7\u0131k\u0131\u015f fonksiyonu ile \u00e7ift voltajl\u0131 g\u00fc\u00e7 kayna\u011f\u0131<\/span> <\/span><\/p>\n<p style=\"text-align: center;\"><img loading=\"lazy\" decoding=\"async\" class=\"alignnone size-full wp-image-3078\" src=\"https:\/\/www.leyaled.com\/wp-content\/uploads\/2025\/10\/display-4.webp\" alt=\"\" width=\"800\" height=\"387\" srcset=\"https:\/\/www.leyaled.com\/wp-content\/uploads\/2025\/10\/display-4.webp 800w, https:\/\/www.leyaled.com\/wp-content\/uploads\/2025\/10\/display-4-300x145.webp 300w, https:\/\/www.leyaled.com\/wp-content\/uploads\/2025\/10\/display-4-768x372.webp 768w, https:\/\/www.leyaled.com\/wp-content\/uploads\/2025\/10\/display-4-600x290.webp 600w\" sizes=\"(max-width: 800px) 100vw, 800px\" \/><\/p>\n<p style=\"text-align: center;\"><span style=\"font-size: 12pt;\"><span style=\"font-family: helvetica, arial, sans-serif;\">G\u00fc\u00e7 kayna\u011f\u0131 Kabini \u00a0 \u00a0 \u00a0 <\/span>\u00a0<\/span><\/p>\n<p style=\"text-align: center;\"><span style=\"font-family: helvetica, arial, sans-serif; font-size: 14pt;\">Uygulama Senaryolar\u0131: <\/span><\/p>\n<p style=\"text-align: center;\"><span style=\"font-family: helvetica, arial, sans-serif;\">Reklam &amp; Medya | Sergi &amp; Ekran | Ticari Ekran | H\u00fck\u00fcmet &amp; Kurumsal G\u00f6r\u00fcnt\u00fc | Ula\u015f\u0131m | vb.<\/span><\/p>\n<p style=\"text-align: center;\"><img loading=\"lazy\" decoding=\"async\" class=\"alignnone size-full wp-image-3079\" src=\"https:\/\/www.leyaled.com\/wp-content\/uploads\/2025\/10\/display3-1.webp\" alt=\"\" width=\"800\" height=\"800\" srcset=\"https:\/\/www.leyaled.com\/wp-content\/uploads\/2025\/10\/display3-1.webp 800w, https:\/\/www.leyaled.com\/wp-content\/uploads\/2025\/10\/display3-1-300x300.webp 300w, https:\/\/www.leyaled.com\/wp-content\/uploads\/2025\/10\/display3-1-150x150.webp 150w, https:\/\/www.leyaled.com\/wp-content\/uploads\/2025\/10\/display3-1-768x768.webp 768w, https:\/\/www.leyaled.com\/wp-content\/uploads\/2025\/10\/display3-1-600x600.webp 600w, https:\/\/www.leyaled.com\/wp-content\/uploads\/2025\/10\/display3-1-100x100.webp 100w\" sizes=\"(max-width: 800px) 100vw, 800px\" \/><\/p>\n<p style=\"text-align: center;\"><span style=\"font-family: helvetica, arial, sans-serif;\">LED profil al\u00fcminyumunun hizmet \u00f6mr\u00fc ne kadar? Bizimle ileti\u015fime ge\u00e7mekten \u00e7ekinmeyin.<\/span><\/p>","protected":false},"excerpt":{"rendered":"<p>Profil al\u00fcminyum dolaplar\u0131m\u0131z standart modellerden% 15 daha hafifdir, ayr\u0131ca \u00fcst d\u00fczey \u0131s\u0131 da\u011f\u0131l\u0131m\u0131 sa\u011flarlar ve tam IP65 su ge\u00e7irmez standartlara uygundurlar.<br \/>\nHem \u00f6n hem de arka bak\u0131m desteklenir, bu da yerinde bak\u0131m\u0131 kolayla\u015ft\u0131r\u0131r.<br \/>\n\u00c7arp\u0131c\u0131 resim kalitesi elde edeceksiniz: 3840Hz yenileme h\u0131z\u0131, 10000: 1 kontrast oran\u0131, 16 bit gri \u00f6l\u00e7ekli ve 160 \u00b0 geni\u015f bir g\u00f6r\u00fcnt\u00fcleme a\u00e7\u0131s\u0131.<br \/>\nAyr\u0131ca, metrekare ba\u015f\u0131na sadece 270 watt ortalama g\u00fc\u00e7 \u00e7ekimi ile son derece enerji verimlidir.<br \/>\nBu ekranlar a\u00e7\u0131k reklam, canl\u0131 sahne g\u00f6sterileri, marka sergi alanlar\u0131 ve di\u011fer bir\u00e7ok uygulama i\u00e7in m\u00fckemmel bir \u015fekilde \u00e7al\u0131\u015f\u0131r.<\/p>","protected":false},"featured_media":2672,"comment_status":"closed","ping_status":"closed","template":"","meta":[],"product_brand":[],"product_cat":[42,15],"product_tag":[],"class_list":{"0":"post-2173","1":"product","2":"type-product","3":"status-publish","4":"has-post-thumbnail","6":"product_cat-indoor-led-display","7":"product_cat-standard-led-display","9":"first","10":"instock","11":"shipping-taxable","12":"product-type-simple"},"_links":{"self":[{"href":"https:\/\/www.leyaled.com\/tr\/wp-json\/wp\/v2\/product\/2173","targetHints":{"allow":["GET"]}}],"collection":[{"href":"https:\/\/www.leyaled.com\/tr\/wp-json\/wp\/v2\/product"}],"about":[{"href":"https:\/\/www.leyaled.com\/tr\/wp-json\/wp\/v2\/types\/product"}],"replies":[{"embeddable":true,"href":"https:\/\/www.leyaled.com\/tr\/wp-json\/wp\/v2\/comments?post=2173"}],"wp:featuredmedia":[{"embeddable":true,"href":"https:\/\/www.leyaled.com\/tr\/wp-json\/wp\/v2\/media\/2672"}],"wp:attachment":[{"href":"https:\/\/www.leyaled.com\/tr\/wp-json\/wp\/v2\/media?parent=2173"}],"wp:term":[{"taxonomy":"product_brand","embeddable":true,"href":"https:\/\/www.leyaled.com\/tr\/wp-json\/wp\/v2\/product_brand?post=2173"},{"taxonomy":"product_cat","embeddable":true,"href":"https:\/\/www.leyaled.com\/tr\/wp-json\/wp\/v2\/product_cat?post=2173"},{"taxonomy":"product_tag","embeddable":true,"href":"https:\/\/www.leyaled.com\/tr\/wp-json\/wp\/v2\/product_tag?post=2173"}],"curies":[{"name":"wp","href":"https:\/\/api.w.org\/{rel}","templated":true}]}}