{"id":2169,"date":"2025-10-09T16:57:42","date_gmt":"2025-10-09T08:57:42","guid":{"rendered":"https:\/\/www.leyaled.com\/?post_type=product&#038;p=2169"},"modified":"2025-12-11T14:46:45","modified_gmt":"2025-12-11T06:46:45","slug":"transparent-screen","status":"publish","type":"product","link":"https:\/\/www.leyaled.com\/tr\/outdoor-special-led-screen\/transparent-screen\/","title":{"rendered":"\u015eeffaf ekran"},"content":{"rendered":"<p style=\"text-align: center;\"><span style=\"font-family: helvetica, arial, sans-serif; font-size: 14pt;\"><strong>LED ekranlar \u00f6zel \u00fcretilmi\u015f \u00fcr\u00fcnlerdir. Tam ekran \u00f6zelle\u015ftirme i\u00e7in, sorular i\u00e7in m\u00fc\u015fteri hizmetlerine ula\u015f\u0131n.<\/strong><\/span><\/p>\n<p style=\"text-align: center;\"><span style=\"font-family: helvetica, arial, sans-serif; font-size: 14pt;\"><strong>1. Engelsiz G\u00f6rme ile Y\u00fcksek \u015eeffafl\u0131k<\/strong><\/span><br \/>\n<span style=\"font-family: helvetica, arial, sans-serif; font-size: 14pt;\">\u015eeffaf ekranlar genellikle -90 \u015feffafl\u0131k oran\u0131 sunar (modele g\u00f6re de\u011fi\u015fir). <\/span><\/p>\n<p style=\"text-align: center;\"><span style=\"font-family: helvetica, arial, sans-serif; font-size: 14pt;\">Cam tabanl\u0131 veya bo\u015f LED boncuk tasar\u0131mlar\u0131n\u0131 benimseyerek, sahnelerin arkas\u0131nda engellemezler <\/span><\/p>\n<p style=\"text-align: center;\"><span style=\"font-family: helvetica, arial, sans-serif; font-size: 14pt;\">(\u00f6rne\u011fin, ma\u011faza pencereleri, cam perde duvarlar\u0131, sergi dolab\u0131 ekranlar\u0131), \u015feffaf bir <\/span><\/p>\n<p style=\"text-align: center;\"><span style=\"font-family: helvetica, arial, sans-serif; font-size: 14pt;\">etkisi nerede &#8220; g\u00f6r\u00fcnt\u00fclenen i\u00e7erik ger\u00e7ek sahneyi \u00f6rt\u00fcyor&#8221; ve ac\u0131 noktas\u0131n\u0131 \u00e7\u00f6zmek &#8220; engellenmi\u015f g\u00f6r\u00fcn\u00fcm&#8221; Geleneksel ekranlarla.<\/span><\/p>\n<p style=\"text-align: center;\"><span style=\"font-family: helvetica, arial, sans-serif; font-size: 14pt;\"><strong>2. M\u00fckemmel Renkli Y\u00fcksek \u00c7\u00f6z\u00fcn\u00fcrl\u00fckl\u00fc Ekran Dinamik Performans<\/strong><\/span><br \/>\n<span style=\"font-family: helvetica, arial, sans-serif; font-size: 14pt;\">LED ekranlar\u0131n g\u00f6r\u00fcnt\u00fc kalitesi avantajlar\u0131n\u0131 miras alan, \u00e7o\u011fu \u015feffaf ekran deste\u011fi <\/span><\/p>\n<p style=\"text-align: center;\"><span style=\"font-family: helvetica, arial, sans-serif; font-size: 14pt;\">y\u00fcksek \u00e7\u00f6z\u00fcn\u00fcrl\u00fckl\u00fc \u00e7\u00f6z\u00fcn\u00fcrl\u00fck (\u00f6rne\u011fin 1080P ve \u00fcst\u00fc) ve y\u00fcksek kontrast oranlar\u0131 (baz\u0131 modeller i\u00e7in 10000:1'e kadar).<\/span><\/p>\n<p style=\"text-align: center;\"><span style=\"font-family: helvetica, arial, sans-serif; font-size: 14pt;\"> Geni\u015f renk yelpazesi teknolojisi ile donat\u0131lm\u0131\u015f, net ve p\u00fcr\u00fczs\u00fcz dinamik i\u00e7erik sa\u011flarlar<\/span><\/p>\n<p style=\"text-align: center;\"><span style=\"font-family: helvetica, arial, sans-serif; font-size: 14pt;\"> (Video ve animasyon gibi) G\u00fc\u00e7l\u00fc \u0131\u015f\u0131k ortamlar\u0131nda bile (\u00f6rne\u011fin, a\u00e7\u0131k pencereler),<\/span><\/p>\n<p style=\"text-align: center;\"><span style=\"font-family: helvetica, arial, sans-serif; font-size: 14pt;\"> renk do\u011frulu\u011funu korur ve ekran\u0131n beyazlanmas\u0131n\u0131 \u00f6nler.<\/span><\/p>\n<p style=\"text-align: center;\"><span style=\"font-family: helvetica, arial, sans-serif; font-size: 14pt;\"><strong>3. \u0130nce &amp; Esnek Kurulum ile Hafif Tasar\u0131m<\/strong><\/span><br \/>\n<span style=\"font-family: helvetica, arial, sans-serif; font-size: 14pt;\">Hafif bir yap\u0131ya sahip, kal\u0131nl\u0131\u011f\u0131 genellikle sadece 5-15mm'dir. Do\u011frudan monte edilebilir <\/span><\/p>\n<p style=\"text-align: center;\"><span style=\"font-family: helvetica, arial, sans-serif; font-size: 14pt;\">cam \u00fczerinde (manyetik adsorpsyon, duvar montaj\u0131 veya tavan montaj\u0131 yoluyla) karma\u015f\u0131k<\/span><\/p>\n<p style=\"text-align: center;\"><span style=\"font-family: helvetica, arial, sans-serif; font-size: 14pt;\"> parantezler. Ayr\u0131ca, baz\u0131 esnek \u015feffaf ekranlar e\u011fri veya d\u00fczensiz senaryolara uyum sa\u011flayabilir<\/span><\/p>\n<p style=\"text-align: center;\"><span style=\"font-family: helvetica, arial, sans-serif; font-size: 14pt;\"> (\u00f6rne\u011fin, silindirik ekran dolaplar\u0131, e\u011fri cam duvarlar), farkl\u0131 mekanlar\u0131n kurulum gereksinimlerini kar\u015f\u0131lamaktad\u0131r.<\/span><\/p>\n<p style=\"text-align: center;\"><span style=\"font-family: helvetica, arial, sans-serif; font-size: 14pt;\"><strong>4. Uzun vadeli \u00e7al\u0131\u015fma i\u00e7in d\u00fc\u015f\u00fck g\u00fc\u00e7 t\u00fcketimi y\u00fcksek istikrar\u0131<\/strong><\/span><\/p>\n<p style=\"text-align: center;\"><span style=\"font-family: helvetica, arial, sans-serif; font-size: 14pt;\">LED \u00e7iplerinin d\u00fc\u015f\u00fck g\u00fc\u00e7 \u00f6zelliklerinden yararlanarak, \u015feffaf ekranlar geleneksel olanlardan daha enerji verimlidir<\/span><\/p>\n<p style=\"text-align: center;\"><span style=\"font-family: helvetica, arial, sans-serif; font-size: 14pt;\"> LCD \u015feffaf ekranlar. Ayr\u0131ca 7\/24 s\u00fcrekli \u00e7al\u0131\u015fmay\u0131 destekler (\u00f6rne\u011fin, al\u0131\u015fveri\u015f merkezi pencereleri, havaalan\u0131 bilgi ekranlar\u0131).<\/span><\/p>\n<p style=\"text-align: center;\"><span style=\"font-family: helvetica, arial, sans-serif; font-size: 14pt;\"> \u015eirketinizin sat\u0131\u015f sonras\u0131 destek sistemiyle birlikte, m\u00fc\u015fterilerinin uzun vadeli bak\u0131m maliyetlerini azaltmaya yard\u0131mc\u0131 olurlar.<\/span><\/p>\n<p style=\"text-align: center;\"><span style=\"font-family: helvetica, arial, sans-serif; font-size: 14pt;\"><strong>Temiz ve pitoresk, ultra hafif ve ultra ince<\/strong>\u00a0<\/span><\/p>\n<p style=\"text-align: center;\"><span style=\"font-family: helvetica, arial, sans-serif; font-size: 14pt;\">Basit d\u00f6k\u00fcm al\u00fcminyum \u00e7er\u00e7eve, uzatma ve deformasyona kar\u015f\u0131, y\u00fcksek d\u00fczl\u00fck ve kenars\u0131z ekleme <\/span><\/p>\n<p style=\"text-align: center;\"><strong><span style=\"font-family: helvetica, arial, sans-serif; font-size: 14pt;\">Y\u00fcksek \u015feffafl\u0131k |% 50 \u015feffafl\u0131k<\/span><\/strong><\/p>\n<p style=\"text-align: center;\"><span style=\"font-family: helvetica, arial, sans-serif; font-size: 14pt;\">Pozitif \u0131\u015f\u0131nlama teknolojisi \u015feffafl\u0131\u011f\u0131 'den fazla art\u0131rabilir. <\/span><\/p>\n<p style=\"text-align: center;\"><span style=\"font-family: helvetica, arial, sans-serif; font-size: 14pt;\">Resim g\u00f6r\u00fcnt\u00fclendi\u011finde, do\u011frudan havada g\u00f6r\u00fcnen \u00fc\u00e7 boyutlu bir g\u00f6r\u00fcnt\u00fc gibidir.<\/span><\/p>\n<p><img fetchpriority=\"high\" decoding=\"async\" class=\"size-full wp-image-3173 aligncenter\" src=\"https:\/\/www.leyaled.com\/wp-content\/uploads\/2025\/10\/tmp.webp\" alt=\"\" width=\"800\" height=\"476\" srcset=\"https:\/\/www.leyaled.com\/wp-content\/uploads\/2025\/10\/tmp.webp 800w, https:\/\/www.leyaled.com\/wp-content\/uploads\/2025\/10\/tmp-300x179.webp 300w, https:\/\/www.leyaled.com\/wp-content\/uploads\/2025\/10\/tmp-768x457.webp 768w, https:\/\/www.leyaled.com\/wp-content\/uploads\/2025\/10\/tmp-600x357.webp 600w\" sizes=\"(max-width: 800px) 100vw, 800px\" \/><\/p>\n<p style=\"text-align: center;\"><span style=\"font-size: 14pt;\"><strong><span style=\"font-family: helvetica, arial, sans-serif;\">Diki\u015fsiz birle\u015fme, esnek kurulum<\/span><\/strong><\/span><\/p>\n<p style=\"text-align: center;\"><span style=\"font-family: helvetica, arial, sans-serif; font-size: 14pt;\">Diki\u015fsiz birle\u015fme, daha g\u00fczel bir resim aramam\u0131z\u0131 tatmin eder. Esnek kurulum uygundur <\/span><\/p>\n<p style=\"text-align: center;\"><span style=\"font-family: helvetica, arial, sans-serif; font-size: 14pt;\">Her boyut i\u00e7in. Video uzant\u0131 teknolojisi, resimin olmamas\u0131n\u0131 sa\u011flamak i\u00e7in kullan\u0131l\u0131r. <\/span><\/p>\n<p style=\"text-align: center;\"><span style=\"font-family: helvetica, arial, sans-serif; font-size: 14pt;\">deforme ve resim g\u00f6r\u00fcnt\u00fclenirken renk bozulmaz. <\/span><\/p>\n<p style=\"text-align: center;\"><img decoding=\"async\" class=\"alignnone size-full wp-image-3174\" src=\"https:\/\/www.leyaled.com\/wp-content\/uploads\/2025\/10\/tmpdisplay.webp\" alt=\"\" width=\"800\" height=\"700\" srcset=\"https:\/\/www.leyaled.com\/wp-content\/uploads\/2025\/10\/tmpdisplay.webp 800w, https:\/\/www.leyaled.com\/wp-content\/uploads\/2025\/10\/tmpdisplay-300x263.webp 300w, https:\/\/www.leyaled.com\/wp-content\/uploads\/2025\/10\/tmpdisplay-768x672.webp 768w, https:\/\/www.leyaled.com\/wp-content\/uploads\/2025\/10\/tmpdisplay-600x525.webp 600w\" sizes=\"(max-width: 800px) 100vw, 800px\" \/><\/p>\n<p style=\"text-align: center;\"><strong><span style=\"font-family: helvetica, arial, sans-serif; font-size: 14pt;\"> \u00dcr\u00fcn Detaylar\u0131<\/span><\/strong><\/p>\n<p style=\"text-align: center;\"><img decoding=\"async\" class=\"alignnone size-full wp-image-3175\" src=\"https:\/\/www.leyaled.com\/wp-content\/uploads\/2025\/10\/display-tmp.webp\" alt=\"\" width=\"800\" height=\"617\" srcset=\"https:\/\/www.leyaled.com\/wp-content\/uploads\/2025\/10\/display-tmp.webp 800w, https:\/\/www.leyaled.com\/wp-content\/uploads\/2025\/10\/display-tmp-300x231.webp 300w, https:\/\/www.leyaled.com\/wp-content\/uploads\/2025\/10\/display-tmp-768x592.webp 768w, https:\/\/www.leyaled.com\/wp-content\/uploads\/2025\/10\/display-tmp-600x463.webp 600w\" sizes=\"(max-width: 800px) 100vw, 800px\" \/><\/p>\n<p><span style=\"font-family: helvetica, arial, sans-serif; font-size: 14pt;\"><strong><img loading=\"lazy\" decoding=\"async\" class=\"size-full wp-image-3178 aligncenter\" src=\"https:\/\/www.leyaled.com\/wp-content\/uploads\/2025\/10\/tmpdisplay-2.webp\" alt=\"\" width=\"800\" height=\"541\" srcset=\"https:\/\/www.leyaled.com\/wp-content\/uploads\/2025\/10\/tmpdisplay-2.webp 800w, https:\/\/www.leyaled.com\/wp-content\/uploads\/2025\/10\/tmpdisplay-2-300x203.webp 300w, https:\/\/www.leyaled.com\/wp-content\/uploads\/2025\/10\/tmpdisplay-2-768x519.webp 768w, https:\/\/www.leyaled.com\/wp-content\/uploads\/2025\/10\/tmpdisplay-2-600x406.webp 600w\" sizes=\"(max-width: 800px) 100vw, 800px\" \/><\/strong><\/span><\/p>\n<p style=\"text-align: center;\"><strong><span style=\"font-family: helvetica, arial, sans-serif; font-size: 14pt;\">Y\u00fcksek \u00c7\u00f6z\u00fcn\u00fcrl\u00fckl\u00fc Ekran<\/span><\/strong><\/p>\n<p style=\"text-align: center;\"><span style=\"font-family: helvetica, arial, sans-serif; font-size: 14pt;\">Renk Sadakat\u0131<\/span><\/p>\n<p style=\"text-align: center;\"><span style=\"font-family: helvetica, arial, sans-serif; font-size: 14pt;\">14 bit gri \u00f6l\u00e7ekli seviye<\/span><\/p>\n<p style=\"text-align: center;\"><span style=\"font-family: helvetica, arial, sans-serif; font-size: 14pt;\">Yenileme H\u0131z\u0131 \u2265 1920Hz<\/span><\/p>\n<p style=\"text-align: center;\"><span style=\"font-family: helvetica, arial, sans-serif; font-size: 14pt;\">Parlakl\u0131k 4500 cd\/ \u33a1<\/span><\/p>\n<p style=\"text-align: center;\"><img loading=\"lazy\" decoding=\"async\" class=\"alignnone size-full wp-image-3179\" src=\"https:\/\/www.leyaled.com\/wp-content\/uploads\/2025\/10\/zhiruy.webp\" alt=\"\" width=\"800\" height=\"643\" srcset=\"https:\/\/www.leyaled.com\/wp-content\/uploads\/2025\/10\/zhiruy.webp 800w, https:\/\/www.leyaled.com\/wp-content\/uploads\/2025\/10\/zhiruy-300x241.webp 300w, https:\/\/www.leyaled.com\/wp-content\/uploads\/2025\/10\/zhiruy-768x617.webp 768w, https:\/\/www.leyaled.com\/wp-content\/uploads\/2025\/10\/zhiruy-600x482.webp 600w\" sizes=\"(max-width: 800px) 100vw, 800px\" \/><\/p>\n<p style=\"text-align: center;\"><span style=\"font-size: 14pt; font-family: helvetica, arial, sans-serif;\"><strong> Senaryo \u00d6zel Avantajlar\u0131: <\/strong>G\u00fc\u00e7l\u00fc Uygulama Uygulanabilirli\u011fi ile Geni\u015f End\u00fcstri Kaplamas\u0131<\/span><\/p>\n<p style=\"text-align: center;\"><span style=\"font-size: 14pt; font-family: helvetica, arial, sans-serif;\"><strong>Ticari Perakende Senaryosu:<\/strong> Ma\u011faza pencereleri i\u00e7in \u015feffaf ekranlar \u00fcr\u00fcn promosyonunu oynayabilir <\/span><\/p>\n<p style=\"text-align: center;\"><span style=\"font-size: 14pt; font-family: helvetica, arial, sans-serif;\">ma\u011faza i\u00e7indeki ekranlar\u0131 engellemeden videolar. Ge\u00e7iciler &#8220; \u00fcr\u00fcnleri ekrandan g\u00f6r\u00fcn &#8221; <\/span><\/p>\n<p style=\"text-align: center;\"><span style=\"font-size: 14pt; font-family: helvetica, arial, sans-serif;\">Pencereyi geli\u015ftirmek&#8217; s itiraz (\u00f6rne\u011fin, m\u00fccevher ma\u011fazalar\u0131, giyim ma\u011fazalar\u0131, 3C ma\u011fazalar\u0131).<\/span><\/p>\n<p style=\"text-align: center;\"><span style=\"font-family: helvetica, arial, sans-serif; font-size: 14pt;\"><strong>sergi &amp; G\u00f6r\u00fcnt\u00fcleme Senaryosu:<\/strong> M\u00fczelerde ve<\/span><\/p>\n<p style=\"text-align: center;\"><span style=\"font-family: helvetica, arial, sans-serif; font-size: 14pt;\"> Bilim ve teknoloji m\u00fczeleri sergilerin \u00fcst\u00fcne metin ve animasyon a\u00e7\u0131klamalar\u0131n\u0131 \u00f6rtebilir<\/span><\/p>\n<p style=\"text-align: center;\"><span style=\"font-family: helvetica, arial, sans-serif; font-size: 14pt;\"> (k\u00fclt\u00fcrel kal\u0131nt\u0131lar ve modeller gibi), ayn\u0131 anda sunumu sa\u011flayan &#8220; fiziksel nesneler dijital bilgi&#8221; <\/span><\/p>\n<p style=\"text-align: center;\"><span style=\"font-family: helvetica, arial, sans-serif; font-size: 14pt;\">ve interaktif deneyimi geli\u015ftirmek.<\/span><\/p>\n<p style=\"text-align: center;\"><span style=\"font-family: helvetica, arial, sans-serif; font-size: 14pt;\"><strong>Mimarl\u0131k &amp; A\u00e7\u0131k Senaryo:<\/strong> \u015eeffaf ekranlar y\u00fcklendi\u011finde<\/span><\/p>\n<p style=\"text-align: center;\"><span style=\"font-family: helvetica, arial, sans-serif; font-size: 14pt;\"> binalar\u0131n cam perde duvarlar\u0131, binay\u0131 etkilemez&#8217; s g\u00fcn \u0131\u015f\u0131\u011f\u0131 s\u0131ras\u0131nda <\/span><\/p>\n<p style=\"text-align: center;\"><span style=\"font-family: helvetica, arial, sans-serif; font-size: 14pt;\">G\u00fcn. Geceleri, kentsel gece sahnesi animasyonlar\u0131 ve marka reklamlar\u0131 oynayabilirler, <\/span><\/p>\n<p style=\"text-align: center;\"><span style=\"font-family: helvetica, arial, sans-serif; font-size: 14pt;\">Estetik \u00e7ekicili\u011fi ticari de\u011ferle birle\u015ftirir.<\/span><\/p>\n<p style=\"text-align: center;\"><span style=\"font-size: 14pt; font-family: helvetica, arial, sans-serif;\"><strong>Ula\u015f\u0131m &amp; Halk Senaryosu:<\/strong> Cam b\u00f6l\u00fcmler i\u00e7in kullan\u0131lan \u015feffaf ekranlar <\/span><\/p>\n<p style=\"text-align: center;\"><span style=\"font-size: 14pt; font-family: helvetica, arial, sans-serif;\">havaalanlar\u0131 ve metrolar yolculara m\u00fcdahale etmeden u\u00e7u\u015f \/ rota bilgilerini g\u00f6r\u00fcnt\u00fcleyebilir; yetene\u011fi<\/span>y i\u00e7in<\/p>\n<p style=\"text-align: center;\"><span style=\"font-family: helvetica, arial, sans-serif; font-size: 14pt;\">\u00e7evreyi g\u00f6zlemlemek, bilgi teslimat\u0131n\u0131n verimlili\u011fini art\u0131rmak.<\/span><\/p>","protected":false},"excerpt":{"rendered":"<p>Bu oyunu de\u011fi\u015ftiren \u015feffaf LED ekran\u0131na g\u00f6z at\u0131n - dijital i\u00e7eri\u011fi ger\u00e7ek d\u00fcnyaya sorunsuz bir \u015fekilde kar\u0131\u015ft\u0131r\u0131r.<br \/>\nge\u00e7irgenlik, Full HD veya hatta 4K kalitesi - net g\u00f6rseller ve ger\u00e7ek \u015feffafl\u0131k, hepsi bir arada.<br \/>\nUltra ince, kurulumu kolay, parlak g\u00fcne\u015fte keskin kal\u0131r ve serin etkile\u015fimler i\u00e7in dokunmatik, jestli veya AR ekleyebilirsiniz.<br \/>\nPerakende, sergiler, sahneler, oteller i\u00e7in \u00f6zel boyutlar ve \u015fekiller - ihtiyac\u0131n\u0131z olan her \u015fey!<\/p>","protected":false},"featured_media":2665,"comment_status":"closed","ping_status":"closed","template":"","meta":[],"product_brand":[],"product_cat":[49,34],"product_tag":[],"class_list":{"0":"post-2169","1":"product","2":"type-product","3":"status-publish","4":"has-post-thumbnail","6":"product_cat-outdoor-special-led-screen","7":"product_cat-special-led-screen","9":"first","10":"instock","11":"shipping-taxable","12":"product-type-simple"},"_links":{"self":[{"href":"https:\/\/www.leyaled.com\/tr\/wp-json\/wp\/v2\/product\/2169","targetHints":{"allow":["GET"]}}],"collection":[{"href":"https:\/\/www.leyaled.com\/tr\/wp-json\/wp\/v2\/product"}],"about":[{"href":"https:\/\/www.leyaled.com\/tr\/wp-json\/wp\/v2\/types\/product"}],"replies":[{"embeddable":true,"href":"https:\/\/www.leyaled.com\/tr\/wp-json\/wp\/v2\/comments?post=2169"}],"wp:featuredmedia":[{"embeddable":true,"href":"https:\/\/www.leyaled.com\/tr\/wp-json\/wp\/v2\/media\/2665"}],"wp:attachment":[{"href":"https:\/\/www.leyaled.com\/tr\/wp-json\/wp\/v2\/media?parent=2169"}],"wp:term":[{"taxonomy":"product_brand","embeddable":true,"href":"https:\/\/www.leyaled.com\/tr\/wp-json\/wp\/v2\/product_brand?post=2169"},{"taxonomy":"product_cat","embeddable":true,"href":"https:\/\/www.leyaled.com\/tr\/wp-json\/wp\/v2\/product_cat?post=2169"},{"taxonomy":"product_tag","embeddable":true,"href":"https:\/\/www.leyaled.com\/tr\/wp-json\/wp\/v2\/product_tag?post=2169"}],"curies":[{"name":"wp","href":"https:\/\/api.w.org\/{rel}","templated":true}]}}