{"id":2165,"date":"2025-10-09T16:55:10","date_gmt":"2025-10-09T08:55:10","guid":{"rendered":"https:\/\/www.leyaled.com\/?post_type=product&#038;p=2165"},"modified":"2025-12-11T14:50:57","modified_gmt":"2025-12-11T06:50:57","slug":"floor-tile-displayp3-91","status":"publish","type":"product","link":"https:\/\/www.leyaled.com\/tr\/indoor-fixed-installation\/floor-tile-displayp3-91\/","title":{"rendered":"Zemin karosu ekran\u0131P3.91"},"content":{"rendered":"<p style=\"text-align: center;\"><span style=\"font-family: helvetica, arial, sans-serif; font-size: 14pt;\"><strong>LED Zemin Ekran\u0131 Nedir?<\/strong><\/span><\/p>\n<p style=\"text-align: center;\"><span style=\"font-family: helvetica, arial, sans-serif; font-size: 14pt;\">LED zemin ekran\u0131, zemine monte edilmi\u015f kullan\u0131m i\u00e7in \u00f6zel olarak tasarlanm\u0131\u015f \u00f6zelle\u015ftirilmi\u015f bir LED ekrand\u0131r. Geleneksel LED ile kar\u015f\u0131la\u015ft\u0131r\u0131ld\u0131\u011f\u0131nda<\/span><\/p>\n<p style=\"text-align: center;\"><span style=\"font-family: helvetica, arial, sans-serif; font-size: 14pt;\"> ekranlar, y\u00fck ta\u015f\u0131ma kapasitesi, koruyucu performans ve \u0131s\u0131 da\u011f\u0131l\u0131m\u0131 konusunda uzman tasar\u0131mlara sahiptir. Amac\u0131 <\/span><\/p>\n<p style=\"text-align: center;\"><span style=\"font-family: helvetica, arial, sans-serif; font-size: 14pt;\">zemin ekran\u0131n\u0131n uzun vadede istikrarl\u0131 \u00e7al\u0131\u015fmay\u0131 korurken birden fazla ki\u015fiden y\u00fcksek yo\u011funluklu ayak trafi\u011fine dayanmas\u0131n\u0131 sa\u011flamakt\u0131r.<\/span><\/p>\n<p style=\"text-align: center;\"><span style=\"font-family: helvetica, arial, sans-serif; font-size: 14pt;\"><strong>1. S\u00fcper Y\u00fck Ta\u015f\u0131ma Kapasitesi &amp; Y\u00fcksek Frekansl\u0131 Y\u00fcr\u00fcme Senaryolar\u0131 i\u00e7in Dayan\u0131kl\u0131l\u0131k<\/strong><\/span><\/p>\n<p style=\"text-align: center;\"><span style=\"font-family: helvetica, arial, sans-serif; font-size: 14pt;\">Y\u00fcksek mukavemetli bir yap\u0131sal tasar\u0131m\u0131 benimseyen (\u00f6rne\u011fin, d\u00f6k\u00fcm al\u00fcminyum g\u00f6vde, kal\u0131nla\u015ft\u0131r\u0131lm\u0131\u015f PC maskesi), bir<\/span><\/p>\n<p style=\"text-align: center;\"><span style=\"font-family: helvetica, arial, sans-serif; font-size: 14pt;\"> 500-1000kg d\u00fczenli y\u00fck ta\u015f\u0131ma kapasitesi \u33a1.  Yo\u011fun ayak trafi\u011fine istikrarl\u0131 bir \u015fekilde dayanabilir, yuvarlan\u0131r <\/span><\/p>\n<p style=\"text-align: center;\"><span style=\"font-family: helvetica, arial, sans-serif; font-size: 14pt;\">k\u00fc\u00e7\u00fck ekipmanlar\u0131n (\u00f6rne\u011fin sahne arabalar\u0131 ve al\u0131\u015fveri\u015f merkezi temizlik ekipmanlar\u0131) ve bozulmam\u0131\u015f kal\u0131r veya<\/span><\/p>\n<p style=\"text-align: center;\"><span style=\"font-family: helvetica, arial, sans-serif; font-size: 14pt;\"> Uzun s\u00fcreli kullan\u0131mdan sonra hasars\u0131z. Al\u0131\u015fveri\u015f merkezleri, sahneler ve sergiler gibi y\u00fcksek frekansl\u0131 kullan\u0131m senaryolar\u0131 i\u00e7in uygundur.<\/span><\/p>\n<p style=\"text-align: center;\"><span style=\"font-family: helvetica, arial, sans-serif; font-size: 14pt;\"><strong>2. D\u00fc\u015f\u00fck Enerji T\u00fcketimi &amp; Endi\u015fesiz Uzun S\u00fcreli Kullan\u0131m i\u00e7in Kararl\u0131 Is\u0131 Da\u011f\u0131l\u0131m\u0131<\/strong><\/span><\/p>\n<p style=\"text-align: center;\"><span style=\"font-size: 14pt; font-family: helvetica, arial, sans-serif;\">D\u00fc\u015f\u00fck g\u00fc\u00e7l\u00fc LED boncuklar ve ak\u0131ll\u0131 s\u00fcr\u00fcc\u00fc \u00e7ipleri kullanarak% 30'dan fazla enerji tasarrufu sa\u011flar<\/span><\/p>\n<p style=\"text-align: center;\"><span style=\"font-size: 14pt; font-family: helvetica, arial, sans-serif;\">Geleneksel zemin ekranlar\u0131na k\u0131yasla, uzun vadeli senaryolar i\u00e7in uygun hale getirir <\/span><\/p>\n<p style=\"text-align: center;\"><span style=\"font-size: 14pt; font-family: helvetica, arial, sans-serif;\">operasyon (\u00f6rne\u011fin, 24 saat a\u00e7\u0131k al\u0131\u015fveri\u015f merkezleri). Yerle\u015fmi\u015f verimli \u0131s\u0131 da\u011f\u0131l\u0131m yap\u0131s\u0131 <\/span><\/p>\n<p style=\"text-align: center;\"><span style=\"font-size: 14pt; font-family: helvetica, arial, sans-serif;\">(\u00f6rne\u011fin, al\u00fcminyum \u0131s\u0131 da\u011f\u0131t\u0131c\u0131 arka plan\u0131, bo\u015f \u0131s\u0131 da\u011f\u0131t\u0131c\u0131 tasar\u0131m) etkili bir \u015fekilde \u00f6nler<\/span><\/p>\n<p style=\"text-align: center;\"><span style=\"font-size: 14pt; font-family: helvetica, arial, sans-serif;\"> Uzun vadeli kullan\u0131mdan kaynaklanan a\u015f\u0131r\u0131 \u0131s\u0131nma, ekran\u0131n istikrarl\u0131 s\u00fcrekli \u00e7al\u0131\u015fmas\u0131n\u0131 sa\u011flamak ve hata onar\u0131m s\u0131kl\u0131\u011f\u0131n\u0131 azaltmak.<\/span><\/p>\n<p style=\"text-align: center;\"><strong><span style=\"font-family: helvetica, arial, sans-serif; font-size: 14pt;\">3. Anti-Kayma, Anti-Darbe &amp; Maksimum G\u00fcvenlik i\u00e7in IP65 Koruma<\/span><\/strong><\/p>\n<p style=\"text-align: center;\"><span style=\"font-family: helvetica, arial, sans-serif; font-size: 14pt;\">Kaymaya kar\u015f\u0131 bir y\u00fczeye sahiptir, bu y\u00fczden \u0131slak sahnelerde veya sadece temizlenen al\u0131\u015fveri\u015f merkezleri gibi nemli alanlarda bile kaymayacaks\u0131n\u0131z. <\/span><\/p>\n<p style=\"text-align: center;\"><span style=\"font-family: helvetica, arial, sans-serif; font-size: 14pt;\">IP65 veya daha iyi toz ge\u00e7irmez ve su ge\u00e7irmez derecesi ile tozu d\u0131\u015far\u0131 tutar ve s\u0131\u00e7ramalar\u0131 kolayca ele al\u0131r. <\/span><\/p>\n<p style=\"text-align: center;\"><span style=\"font-family: helvetica, arial, sans-serif; font-size: 14pt;\">Bu, a\u00e7\u0131k \/ yar\u0131 a\u00e7\u0131k mekanlar (\u00f6rne\u011fin a\u00e7\u0131k meydanlar) i\u00e7in bak\u0131m maliyetlerini azalt\u0131r ve Ortado\u011fu'daki a\u00e7\u0131k hava etkinlikleri i\u00e7in de m\u00fckemmel \u00e7al\u0131\u015f\u0131r.<\/span><\/p>\n<p style=\"text-align: center;\"><span style=\"font-size: 14pt;\"><strong><span style=\"font-family: helvetica, arial, sans-serif;\">4. HD G\u00f6r\u00fcnt\u00fc Kalitesi &amp; Geli\u015ftirilmi\u015f G\u00f6rsel Deneyim i\u00e7in Dinamik Etkili\u015fim<\/span><\/strong><\/span><\/p>\n<p style=\"text-align: center;\"><span style=\"font-size: 14pt;\">1080P \/ 4K \/ 8K HD \u00e7\u00f6z\u00fcn\u00fcrl\u00fc\u011f\u00fcn\u00fc destekler - yo\u011fun pikseller g\u00f6r\u00fcnt\u00fcleri p\u00fcr\u00fczs\u00fcz ve net hale getirir,<\/span><\/p>\n<p style=\"text-align: center;\"><span style=\"font-size: 14pt;\"> Hi\u00e7bir tah\u0131l yok. Baz\u0131 modellerde bas\u0131n\u00e7 alg\u0131lama teknolojisi var: ekrana ad\u0131m at\u0131n, ayd\u0131nlan\u0131r,<\/span><\/p>\n<p style=\"text-align: center;\"><span style=\"font-size: 14pt;\"> ve hareketleriniz g\u00f6lge etkilerini bile tetikler. Ayr\u0131ca desen de\u011fi\u015fiklikleri veya m\u00fczik ba\u011flant\u0131lar\u0131 da alabilirsiniz.<\/span><\/p>\n<p style=\"text-align: center;\"><span style=\"font-size: 14pt;\"> Sahne dinamik efektleri ya da al\u0131\u015fveri\u015f merkezi etkile\u015fimli pazarlama i\u00e7in olsun, g\u00fc\u00e7l\u00fc g\u00f6rsellerle g\u00f6zleri yakalar ve alan\u0131 daha canl\u0131 hale getirir.<\/span><\/p>\n<p style=\"text-align: center;\"><span style=\"font-size: 14pt;\"><strong><span style=\"font-family: helvetica, arial, sans-serif;\">5. Esnek \u00d6zelle\u015ftirme &amp; \u00c7e\u015fitli Senaryolar i\u00e7in Kolay Kurulum<\/span><\/strong><\/span><\/p>\n<p style=\"text-align: center;\"><span style=\"font-family: helvetica, arial, sans-serif; font-size: 14pt;\">\u0130stedi\u011finiz her \u015fekli yapabiliriz - e\u011fri, dairesel, hatta d\u00fczensiz olanlar - sadece sitenizin ihtiya\u00e7lar\u0131n\u0131 payla\u015f\u0131n. Ayr\u0131ca sorunsuz destekler<\/span><\/p>\n<p style=\"text-align: center;\"><span style=\"font-family: helvetica, arial, sans-serif; font-size: 14pt;\"> splicing (bo\u015fluk \u2264 0.5mm), b\u00f6ylece sahne pistleri veya al\u0131\u015fveri\u015f merkezi atriyum zeminleri gibi kolayca b\u00fcy\u00fck ekranlar veya \u00f6zel \u015fekiller olu\u015fturabilirsiniz. <\/span><\/p>\n<p style=\"text-align: center;\"><span style=\"font-family: helvetica, arial, sans-serif; font-size: 14pt;\">Mod\u00fcler tasar\u0131m, kurulum ve indirmeyi de basit hale getirir; Sonra tamir gerekirse,<\/span><\/p>\n<p style=\"text-align: center;\"><span style=\"font-family: helvetica, arial, sans-serif; font-size: 14pt;\"> sadece k\u00fc\u00e7\u00fck bir mod\u00fcl\u00fc de\u011fi\u015ftirin - b\u00fcy\u00fck bir i\u015f gerekmez, zaman ve emekten tasarruf eder.<\/span><\/p>\n<p>&nbsp;<\/p>\n<p>&nbsp;<\/p>\n<p style=\"text-align: center;\"><img fetchpriority=\"high\" decoding=\"async\" class=\"alignnone size-full wp-image-3185\" src=\"https:\/\/www.leyaled.com\/wp-content\/uploads\/2025\/10\/display-dzp.webp\" alt=\"\" width=\"800\" height=\"907\" srcset=\"https:\/\/www.leyaled.com\/wp-content\/uploads\/2025\/10\/display-dzp.webp 800w, https:\/\/www.leyaled.com\/wp-content\/uploads\/2025\/10\/display-dzp-265x300.webp 265w, https:\/\/www.leyaled.com\/wp-content\/uploads\/2025\/10\/display-dzp-768x871.webp 768w, https:\/\/www.leyaled.com\/wp-content\/uploads\/2025\/10\/display-dzp-600x680.webp 600w\" sizes=\"(max-width: 800px) 100vw, 800px\" \/><\/p>\n<p style=\"text-align: center;\"><strong><span style=\"font-size: 14pt; font-family: helvetica, arial, sans-serif;\">IP66 Su Ge\u00e7irmez Derecelendirme: Sert A\u00e7\u0131k Ko\u015fullara Kar\u015f\u0131 Korkusuz<\/span><\/strong><\/p>\n<p style=\"text-align: center;\"><span style=\"font-family: helvetica, arial, sans-serif;\">Ulusal IP66 su ge\u00e7irmez standart\u0131na uyuyor, ayakta duruyor <\/span><\/p>\n<p style=\"text-align: center;\"><span style=\"font-family: helvetica, arial, sans-serif;\">Zor a\u00e7\u0131k ortamlara ve daha fazla senaryo i\u00e7in uygundur.<\/span><\/p>\n<p style=\"text-align: center;\"><img decoding=\"async\" class=\"alignnone size-full wp-image-3184\" src=\"https:\/\/www.leyaled.com\/wp-content\/uploads\/2025\/10\/dzp1.webp\" alt=\"\" width=\"800\" height=\"449\" srcset=\"https:\/\/www.leyaled.com\/wp-content\/uploads\/2025\/10\/dzp1.webp 800w, https:\/\/www.leyaled.com\/wp-content\/uploads\/2025\/10\/dzp1-300x168.webp 300w, https:\/\/www.leyaled.com\/wp-content\/uploads\/2025\/10\/dzp1-768x431.webp 768w, https:\/\/www.leyaled.com\/wp-content\/uploads\/2025\/10\/dzp1-600x337.webp 600w\" sizes=\"(max-width: 800px) 100vw, 800px\" \/><\/p>\n<p style=\"text-align: center;\"><span style=\"font-size: 14pt; font-family: helvetica, arial, sans-serif;\"><strong>Her \u015eekile \u00d6zelle\u015ftirilebilir<\/strong><\/span><\/p>\n<p style=\"text-align: center;\"><span style=\"font-size: 14pt; font-family: helvetica, arial, sans-serif;\">\u0130htiya\u00e7lar\u0131n\u0131za g\u00f6re \u015fekiller ve \u00e7e\u015fitli dinamik efektler tasarlar\u0131z. Ekran destekler<\/span><\/p>\n<p style=\"text-align: center;\"><span style=\"font-size: 14pt; font-family: helvetica, arial, sans-serif;\"> keyfi kesme ve kesintisiz ekleme, \u00e7e\u015fitli yap\u0131land\u0131rmalara izin verirken net ve g\u00f6r\u00fcn\u00fcr g\u00f6r\u00fcnt\u00fc kalitesi sunar.<\/span><\/p>\n<p style=\"text-align: center;\"><img decoding=\"async\" class=\"alignnone size-full wp-image-3186\" src=\"https:\/\/www.leyaled.com\/wp-content\/uploads\/2025\/10\/display-.webp\" alt=\"\" width=\"800\" height=\"535\" srcset=\"https:\/\/www.leyaled.com\/wp-content\/uploads\/2025\/10\/display-.webp 800w, https:\/\/www.leyaled.com\/wp-content\/uploads\/2025\/10\/display--300x201.webp 300w, https:\/\/www.leyaled.com\/wp-content\/uploads\/2025\/10\/display--768x514.webp 768w, https:\/\/www.leyaled.com\/wp-content\/uploads\/2025\/10\/display--600x401.webp 600w\" sizes=\"(max-width: 800px) 100vw, 800px\" \/><\/p>\n<p style=\"text-align: center;\"><span style=\"font-size: 14pt; font-family: helvetica, arial, sans-serif;\"><strong>8K Ultra-HD G\u00f6r\u00fcnt\u00fc Kalitesi: Daha Kesin Bir G\u00f6rsel Deneyim<\/strong><\/span><\/p>\n<p style=\"text-align: center;\"><span style=\"font-size: 14pt; font-family: helvetica, arial, sans-serif;\">Hassas piksel kontrol\u00fc ile m\u00fckemmel ger\u00e7ek\u00e7i g\u00f6rseller sunar. Dinamik videolar olsun<\/span><\/p>\n<p style=\"text-align: center;\"><span style=\"font-size: 14pt; font-family: helvetica, arial, sans-serif;\"> veya statik g\u00f6r\u00fcnt\u00fcler, izleyicilere g\u00fc\u00e7l\u00fc bir g\u00f6rsel etki getirir.<\/span><\/p>\n<p style=\"text-align: center;\"><img loading=\"lazy\" decoding=\"async\" class=\"alignnone size-full wp-image-3187\" src=\"https:\/\/www.leyaled.com\/wp-content\/uploads\/2025\/10\/display6-2.webp\" alt=\"\" width=\"800\" height=\"535\" srcset=\"https:\/\/www.leyaled.com\/wp-content\/uploads\/2025\/10\/display6-2.webp 800w, https:\/\/www.leyaled.com\/wp-content\/uploads\/2025\/10\/display6-2-300x201.webp 300w, https:\/\/www.leyaled.com\/wp-content\/uploads\/2025\/10\/display6-2-768x514.webp 768w, https:\/\/www.leyaled.com\/wp-content\/uploads\/2025\/10\/display6-2-600x401.webp 600w\" sizes=\"(max-width: 800px) 100vw, 800px\" \/><\/p>\n<p style=\"text-align: center;\"><span style=\"font-family: helvetica, arial, sans-serif; font-size: 14pt;\">Zemin LED ekranlar\u0131 hakk\u0131nda e\u011flenceli olan \u015fey, insanlarla etkile\u015fim kurabilmeleri ve farkl\u0131 etkiler yaratmalar\u0131d\u0131r - bunu biliyor muydunuz?<\/span><\/p>\n<table style=\"border-collapse: collapse; width: 69.9823%; height: 1250px;\">\n<tbody>\n<tr style=\"height: 56px;\">\n<td style=\"height: 56px; width: 42.5678%;\" colspan=\"2\">\n<p style=\"text-align: center;\"><strong><b>\u00a0<\/b><\/strong><strong><b>P'nin<\/b><\/strong><strong><b>arameterler<\/b><\/strong><\/p>\n<\/td>\n<td style=\"width: 23.8358%; height: 56px; text-align: center;\"><strong><b>Parametreler<\/b><\/strong><strong><b>\u00a0Ve<\/b><\/strong><strong><b>lues<\/b><\/strong><\/td>\n<\/tr>\n<tr style=\"height: 45px;\">\n<td style=\"width: 19.6851%; height: 263px; text-align: center;\" rowspan=\"7\"><strong><b>Mod\u00fcler Kompozisyon<\/b><\/strong><\/td>\n<td style=\"height: 45px; width: 22.8827%; text-align: center;\">Piksel Yap\u0131s\u0131<\/td>\n<td style=\"height: 45px; width: 23.8358%; text-align: center;\">SMD2121 3 1 LED'de<\/td>\n<\/tr>\n<tr style=\"height: 28px;\">\n<td style=\"height: 28px; width: 22.8827%; text-align: center;\">\u00a0Piksel Aral\u0131\u011f\u0131 (mm)<\/td>\n<td style=\"height: 28px; width: 23.8358%; text-align: center;\">2.976<\/td>\n<\/tr>\n<tr style=\"height: 42px;\">\n<td style=\"height: 42px; width: 22.8827%; text-align: center;\">Mod\u00fcl Tan\u0131m\u0131 (W \u00d7 H)<\/td>\n<td style=\"height: 42px; width: 23.8358%; text-align: center;\">84\u00d784 = 7056<\/td>\n<\/tr>\n<tr style=\"height: 32px;\">\n<td style=\"height: 32px; width: 22.8827%; text-align: center;\">Mod\u00fcl Boyutu (mm)<\/td>\n<td style=\"height: 32px; width: 23.8358%; text-align: center;\">250 (W) \u00d7 250 (H)<\/td>\n<\/tr>\n<tr style=\"height: 27px;\">\n<td style=\"height: 27px; width: 22.8827%; text-align: center;\">Mod\u00fcl A\u011f\u0131rl\u0131\u011f\u0131 (kg)<\/td>\n<td style=\"height: 27px; width: 23.8358%; text-align: center;\">0.32 \u00b1 0.1KG<\/td>\n<\/tr>\n<tr style=\"height: 47px;\">\n<td style=\"height: 47px; width: 22.8827%; text-align: center;\">Mod\u00fcl Maksimum G\u00fc\u00e7 Da\u011f\u0131l\u0131m\u0131<\/td>\n<td style=\"height: 47px; width: 23.8358%; text-align: center;\">\u226435<\/td>\n<\/tr>\n<tr style=\"height: 42px;\">\n<td style=\"height: 42px; width: 22.8827%; text-align: center;\">\u00a0S\u00fcr\u00fcc\u00fc IC Kart\u0131<\/td>\n<td style=\"height: 42px; width: 23.8358%; text-align: center;\">2153S'nin<\/td>\n<\/tr>\n<tr style=\"height: 49px;\">\n<td style=\"width: 19.6851%; text-align: center; height: 306px;\" rowspan=\"9\"><strong><b><br \/>\n<\/b><\/strong><strong><b><br \/>\n<\/b><\/strong><strong><b>Kabin Kompozisyonu<\/b><\/strong><\/td>\n<td style=\"height: 49px; width: 22.8827%; text-align: center;\">Kabin Mod\u00fcl\u00fc Kompozisyonu (W \u00d7 H)<\/td>\n<td style=\"height: 49px; width: 23.8358%; text-align: center;\">2\u00d74<\/td>\n<\/tr>\n<tr style=\"height: 28px;\">\n<td style=\"height: 28px; width: 22.8827%; text-align: center;\">Kabin Tan\u0131m\u0131 (W \u00d7 H)<\/td>\n<td style=\"height: 28px; width: 23.8358%; text-align: center;\">168\u00d7336<\/td>\n<\/tr>\n<tr style=\"height: 38px;\">\n<td style=\"height: 38px; width: 22.8827%; text-align: center;\">Kabin Boyutu (mm) (W \u00d7 H \u00d7 D)<\/td>\n<td style=\"height: 38px; width: 23.8358%; text-align: center;\">500 (W) \u00d7 1000 (H) \u00d7 95 (D)<\/td>\n<\/tr>\n<tr style=\"height: 30px;\">\n<td style=\"height: 30px; width: 22.8827%; text-align: center;\">Kabin Alan\u0131 (m)<sup>2<\/sup>\uff09<\/td>\n<td style=\"height: 30px; width: 23.8358%; text-align: center;\">0.5<\/td>\n<\/tr>\n<tr style=\"height: 27px;\">\n<td style=\"height: 27px; width: 22.8827%; text-align: center;\">Kabin A\u011f\u0131rl\u0131\u011f\u0131 (kg)<\/td>\n<td style=\"height: 27px; width: 23.8358%; text-align: center;\">25KG \u00b1 1KG<\/td>\n<\/tr>\n<tr style=\"height: 35px;\">\n<td style=\"height: 35px; width: 22.8827%; text-align: center;\">Kabin Piksel Yo\u011funlu\u011fu (Piksel \/ m)<sup>2<\/sup>\uff09<\/td>\n<td style=\"height: 35px; width: 23.8358%; text-align: center;\">112896<\/td>\n<\/tr>\n<tr style=\"height: 36px;\">\n<td style=\"height: 36px; width: 22.8827%; text-align: center;\">Kabin D\u00fczenleme Hatas\u0131 (mm)<\/td>\n<td style=\"height: 36px; width: 23.8358%; text-align: center;\">\u22640.1<\/td>\n<\/tr>\n<tr style=\"height: 36px;\">\n<td style=\"height: 36px; width: 22.8827%; text-align: center;\">Bak\u0131m Y\u00f6ntemi<\/td>\n<td style=\"height: 36px; width: 23.8358%; text-align: center;\">\u00d6nden Matained \/ Arkadan<\/td>\n<\/tr>\n<tr style=\"height: 27px;\">\n<td style=\"height: 27px; width: 22.8827%; text-align: center;\">Dolap Malzemesi<\/td>\n<td style=\"height: 27px; width: 23.8358%; text-align: center;\">Demir Kabin<\/td>\n<\/tr>\n<tr style=\"height: 34px;\">\n<td style=\"width: 19.6851%; text-align: center; height: 202px;\" rowspan=\"8\"><strong><b><br \/>\n<\/b><\/strong><strong><b>Optik Parametreler<\/b><\/strong><strong><b><br \/>\n<\/b><\/strong><strong><b><br \/>\n<\/b><\/strong><strong><b><br \/>\n<\/b><\/strong><\/td>\n<td style=\"width: 22.8827%; text-align: center; height: 34px;\">Tek Piksel I\u015f\u0131k D\u00fczeltmesi<\/td>\n<td style=\"width: 23.8358%; text-align: center; height: 34px;\">\u00a0Hi\u00e7bir<\/td>\n<\/tr>\n<tr style=\"height: 24px;\">\n<td style=\"width: 22.8827%; text-align: center; height: 24px;\">Tek Piksel Renk D\u00fczeltmesi<\/td>\n<td style=\"width: 23.8358%; text-align: center; height: 24px;\">Hi\u00e7bir<\/td>\n<\/tr>\n<tr style=\"height: 24px;\">\n<td style=\"width: 22.8827%; text-align: center; height: 24px;\">Beyaz dengesi parlakl\u0131\u011f\u0131 (nits)<\/td>\n<td style=\"width: 23.8358%; text-align: center; height: 24px;\">\u2265600<\/td>\n<\/tr>\n<tr style=\"height: 24px;\">\n<td style=\"width: 22.8827%; text-align: center; height: 24px;\">Renk S\u0131cakl\u0131\u011f\u0131 (K)<\/td>\n<td style=\"width: 23.8358%; text-align: center; height: 24px;\">8000 Ayarlanabilir<\/td>\n<\/tr>\n<tr style=\"height: 24px;\">\n<td style=\"width: 22.8827%; text-align: center; height: 24px;\">G\u00f6rsel A\u00e7\u0131 (Yatay \/ Dikey)<\/td>\n<td style=\"width: 23.8358%; text-align: center; height: 24px;\">120\u00b0\/90\u00b0<\/td>\n<\/tr>\n<tr style=\"height: 24px;\">\n<td style=\"width: 22.8827%; text-align: center; height: 24px;\">Merkez i\u00e7in LED Pozisyon Hatas\u0131<\/td>\n<td style=\"width: 23.8358%; text-align: center; height: 24px;\">&lt; 3%<\/td>\n<\/tr>\n<tr style=\"height: 24px;\">\n<td style=\"width: 22.8827%; text-align: center; height: 24px;\">Parlakl\u0131k \/ Kroma Homojenli\u011fi<\/td>\n<td style=\"width: 23.8358%; text-align: center; height: 24px;\">\u226597%<\/td>\n<\/tr>\n<tr style=\"height: 24px;\">\n<td style=\"width: 22.8827%; text-align: center; height: 24px;\">Kontrast<\/td>\n<td style=\"width: 23.8358%; text-align: center; height: 24px;\">4000:1<\/td>\n<\/tr>\n<tr style=\"height: 24px;\">\n<td style=\"width: 19.6851%; text-align: center; height: 96px;\" rowspan=\"4\"><strong><b><br \/>\n<\/b><\/strong><strong><b>Elektrik Parametreleri<\/b><\/strong><strong><b><br \/>\n<\/b><\/strong><strong><b><br \/>\n<\/b><\/strong><\/td>\n<td style=\"width: 22.8827%; text-align: center; height: 24px;\">Zirve G\u00fc\u00e7 Da\u011f\u0131l\u0131m\u0131 (W \/ m<sup>2<\/sup>\uff09<\/td>\n<td style=\"width: 23.8358%; text-align: center; height: 24px;\">450<\/td>\n<\/tr>\n<tr style=\"height: 24px;\">\n<td style=\"width: 22.8827%; text-align: center; height: 24px;\">Ortalama G\u00fc\u00e7 Da\u011f\u0131l\u0131m\u0131 (W \/ m)<sup>2<\/sup>\uff09<\/td>\n<td style=\"width: 23.8358%; text-align: center; height: 24px;\">200<\/td>\n<\/tr>\n<tr style=\"height: 24px;\">\n<td style=\"width: 22.8827%; text-align: center; height: 24px;\">G\u00fc\u00e7 kayna\u011f\u0131 gereksinimleri<\/td>\n<td style=\"width: 23.8358%; text-align: center; height: 24px;\">AC110-240V\uff0c Frekans\u0131 50-60 (Hz)<\/td>\n<\/tr>\n<tr style=\"height: 24px;\">\n<td style=\"width: 22.8827%; text-align: center; height: 24px;\">G\u00fcvenlik Sertifikalar\u0131<\/td>\n<td style=\"width: 23.8358%; text-align: center; height: 24px;\">GB4943 \/ EN60950<\/td>\n<\/tr>\n<tr style=\"height: 16px;\">\n<td style=\"width: 19.6851%; text-align: center; height: 177px;\" rowspan=\"7\"><strong><b><br \/>\n<\/b><\/strong><strong><b><br \/>\n<\/b><\/strong><strong><b>\u0130\u015fleme Performans\u0131<\/b><\/strong><strong><b><br \/>\n<\/b><\/strong><strong><b><br \/>\n<\/b><\/strong><strong><b><br \/>\n<\/b><\/strong><\/td>\n<td style=\"height: 16px; width: 22.8827%; text-align: center;\">\u00c7er\u00e7eve De\u011fi\u015fim Frekans\u0131 (Hz)<\/td>\n<td style=\"height: 16px; width: 23.8358%; text-align: center;\">60<\/td>\n<\/tr>\n<tr style=\"height: 25px;\">\n<td style=\"height: 25px; width: 22.8827%; text-align: center;\">\u00a0 S\u00fcr\u00fcc\u00fc Tipi<\/td>\n<td style=\"height: 25px; width: 23.8358%; text-align: center;\">Sabit Ak\u0131m S\u00fcr\u00fcc\u00fcs\u00fc, 28Scans<\/td>\n<\/tr>\n<tr style=\"height: 17px;\">\n<td style=\"height: 17px; width: 22.8827%; text-align: center;\">Grilik<\/td>\n<td style=\"height: 17px; width: 23.8358%; text-align: center;\">4096-65536 Ayarlanabilir<\/td>\n<\/tr>\n<tr style=\"height: 34px;\">\n<td style=\"height: 34px; width: 22.8827%; text-align: center;\">Hz) Yenileme H\u0131z\u0131 (Hz)<\/td>\n<td style=\"height: 34px; width: 23.8358%; text-align: center;\">\u2265 3840Hz Ayarlanabilir<\/td>\n<\/tr>\n<tr style=\"height: 29px;\">\n<td style=\"height: 29px; width: 22.8827%; text-align: center;\">Renk \u0130\u015fleme Yetene\u011fi<\/td>\n<td style=\"height: 29px; width: 23.8358%; text-align: center;\">16 bit<\/td>\n<\/tr>\n<tr style=\"height: 10px;\">\n<td style=\"height: 10px; width: 22.8827%; text-align: center;\">G\u00fc\u00e7 Kesme Hat\u0131rlama Parametreleri<\/td>\n<td style=\"height: 10px; width: 23.8358%; text-align: center;\">Parlakl\u0131k, Krom Sabitleme \u015eekilleri, Mod\u00fcl Parametreleri<\/td>\n<\/tr>\n<tr style=\"height: 46px;\">\n<td style=\"height: 46px; width: 22.8827%; text-align: center;\">Yatay G\u00f6r\u00fcnt\u00fcleme Yetene\u011fi<\/td>\n<td style=\"height: 46px; width: 23.8358%; text-align: center;\">2K HD, 4K UHD<\/td>\n<\/tr>\n<tr style=\"height: 24px;\">\n<td style=\"width: 19.6851%; text-align: center; height: 150px;\" rowspan=\"5\">&nbsp;<\/p>\n<p><strong><b>Kullan\u0131m Parametreleri<\/b><\/strong><strong><b><br \/>\n<\/b><\/strong><strong><b><br \/>\n<\/b><\/strong><\/p>\n<p>&nbsp;<\/p>\n<p>&nbsp;<\/td>\n<td style=\"width: 22.8827%; text-align: center; height: 24px;\">Ortalama \u00d6mr\u00fc (saat)<\/td>\n<td style=\"width: 23.8358%; text-align: center; height: 24px;\">50.000 saat<\/td>\n<\/tr>\n<tr style=\"height: 77px;\">\n<td style=\"width: 22.8827%; text-align: center; height: 47px;\">\u00c7al\u0131\u015fma S\u0131cakl\u0131\u011f\u0131 \/ Nem (\u2103 \/ RH)<\/td>\n<td style=\"width: 23.8358%; text-align: center; height: 47px;\">-10-40 \/ 10% -70% RH (Kondansasyon Yok)<\/td>\n<\/tr>\n<tr style=\"height: 24px;\">\n<td style=\"width: 22.8827%; text-align: center; height: 24px;\">Depolama S\u0131cakl\u0131\u011f\u0131 \/ Nem (\u2103 \/ RH)<\/td>\n<td style=\"width: 23.8358%; text-align: center; height: 24px;\">-20-60 \/ 10% -80% RH (Kondansasyon Yok)<\/td>\n<\/tr>\n<tr style=\"height: 24px;\">\n<td style=\"width: 22.8827%; text-align: center; height: 24px;\">Uygulanan Standartlar<\/td>\n<td style=\"width: 23.8358%; text-align: center; height: 24px;\">CCC'nin<\/td>\n<\/tr>\n<tr style=\"height: 56px;\">\n<td style=\"width: 22.8827%; text-align: center; height: 31px;\">\u00a0Su ge\u00e7irmez De\u011ferlendirme<\/td>\n<td style=\"width: 23.8358%; text-align: center; height: 31px;\">IP65\u00d6n<\/td>\n<\/tr>\n<\/tbody>\n<\/table>\n<p>&nbsp;<\/p>\n<p>&nbsp;<\/p>","protected":false},"excerpt":{"rendered":"<p>Bu yeni nesil yarat\u0131c\u0131 zemin karo ekranlar\u0131 dayan\u0131kl\u0131l\u0131k, h\u0131zl\u0131 kurulum ve \u00f6nc\u00fc bir 3D ekleme birle\u015ftirir. Mod\u00fcler muhafazas\u0131 ve manyetik kilitleme mekanizmas\u0131 h\u0131zl\u0131, tek ki\u015filik kurulum ve dakika bak\u0131m\u0131 sa\u011flar. Keyfi dikey, yatay, \u00f6n-arka yanl\u0131\u015f hizalamay\u0131 destekler ve dalgalar ve ad\u0131mlar gibi 3D \u015fekiller kolayca olu\u015fturur. Geli\u015fmi\u015f kalibrasyon, sorunsuz g\u00f6r\u00fcnt\u00fclemeyi sa\u011flar ve performanslarda, ticari alanlarda, k\u00fclt\u00fcrel turizmde ve yay\u0131nlarda yayg\u0131n olarak uygulanabilir hale getirir, verimli m\u00fchendisli\u011fi yarat\u0131c\u0131 g\u00f6rsel ifadelerle sorunsuz bir \u015fekilde kar\u0131\u015ft\u0131r\u0131r.<\/p>","protected":false},"featured_media":2692,"comment_status":"closed","ping_status":"closed","template":"","meta":[],"product_brand":[],"product_cat":[32,45],"product_tag":[],"class_list":{"0":"post-2165","1":"product","2":"type-product","3":"status-publish","4":"has-post-thumbnail","6":"product_cat-fixed-led-display","7":"product_cat-indoor-fixed-installation","9":"first","10":"instock","11":"shipping-taxable","12":"product-type-simple"},"_links":{"self":[{"href":"https:\/\/www.leyaled.com\/tr\/wp-json\/wp\/v2\/product\/2165","targetHints":{"allow":["GET"]}}],"collection":[{"href":"https:\/\/www.leyaled.com\/tr\/wp-json\/wp\/v2\/product"}],"about":[{"href":"https:\/\/www.leyaled.com\/tr\/wp-json\/wp\/v2\/types\/product"}],"replies":[{"embeddable":true,"href":"https:\/\/www.leyaled.com\/tr\/wp-json\/wp\/v2\/comments?post=2165"}],"wp:featuredmedia":[{"embeddable":true,"href":"https:\/\/www.leyaled.com\/tr\/wp-json\/wp\/v2\/media\/2692"}],"wp:attachment":[{"href":"https:\/\/www.leyaled.com\/tr\/wp-json\/wp\/v2\/media?parent=2165"}],"wp:term":[{"taxonomy":"product_brand","embeddable":true,"href":"https:\/\/www.leyaled.com\/tr\/wp-json\/wp\/v2\/product_brand?post=2165"},{"taxonomy":"product_cat","embeddable":true,"href":"https:\/\/www.leyaled.com\/tr\/wp-json\/wp\/v2\/product_cat?post=2165"},{"taxonomy":"product_tag","embeddable":true,"href":"https:\/\/www.leyaled.com\/tr\/wp-json\/wp\/v2\/product_tag?post=2165"}],"curies":[{"name":"wp","href":"https:\/\/api.w.org\/{rel}","templated":true}]}}