{"id":2160,"date":"2025-10-09T16:47:47","date_gmt":"2025-10-09T08:47:47","guid":{"rendered":"https:\/\/www.leyaled.com\/?post_type=product&#038;p=2160"},"modified":"2025-12-11T16:25:16","modified_gmt":"2025-12-11T08:25:16","slug":"p4-81enclosure","status":"publish","type":"product","link":"https:\/\/www.leyaled.com\/tr\/indoor-led-display\/p4-81enclosure\/","title":{"rendered":"kapal\u0131 P4.81 ekran Muhafazas\u0131"},"content":{"rendered":"<p style=\"text-align: center;\"><strong><span style=\"font-family: helvetica, arial, sans-serif; font-size: 14pt;\">1\u3001B\u00fcy\u00fck g\u00f6rsel efektler ile sahne uyarlanm\u0131\u015f kapal\u0131 g\u00f6r\u00fcnt\u00fc kalitesi<\/span><\/strong><\/p>\n<p style=\"text-align: center;\"><span style=\"font-family: helvetica, arial, sans-serif; font-size: 14pt;\">4.81mm piksel aral\u0131\u011f\u0131 ve yakla\u015f\u0131k 43.264 piksel\/m\u00b2 piksel yo\u011funlu\u011fu ile, <\/span><\/p>\n<p style=\"text-align: center;\"><span style=\"font-family: helvetica, arial, sans-serif; font-size: 14pt;\">160\u00b0 ultra geni\u015fli\u011fi ile donat\u0131lm\u0131\u015ft\u0131r. <\/span><span style=\"font-family: helvetica, arial, sans-serif; font-size: 14pt;\">bak\u0131\u015f a\u00e7\u0131s\u0131 ve yakla\u015f\u0131k 1000cd \/ m\u00b2 parlakl\u0131k.<\/span><\/p>\n<p style=\"text-align: center;\"><span style=\"font-family: helvetica, arial, sans-serif; font-size: 14pt;\"> Sadece dinamik videolar\u0131 ve markay\u0131 a\u00e7\u0131k\u00e7a g\u00f6r\u00fcnt\u00fclemez <\/span><span style=\"font-family: helvetica, arial, sans-serif; font-size: 14pt;\">logolar ancak a\u015f\u0131r\u0131 parlakl\u0131ktan kaynaklanan parlakl\u0131ktan da ka\u00e7\u0131n\u0131r.<\/span><\/p>\n<p style=\"text-align: center;\"><span style=\"font-family: helvetica, arial, sans-serif; font-size: 14pt;\"> 500Hz'den az olmayan bir yenileme h\u0131z\u0131 ile, orada<\/span><span style=\"font-family: helvetica, arial, sans-serif; font-size: 14pt;\">etkile\u015fimli efektler veya sahne g\u00f6r\u00fcnt\u00fcleri oynarken yap\u0131\u015ft\u0131rmaz veya geride kalmaz,<\/span><\/p>\n<p style=\"text-align: center;\"><span style=\"font-family: helvetica, arial, sans-serif; font-size: 14pt;\">izleyicinin her a\u00e7\u0131dan a\u00e7\u0131k i\u00e7eri\u011fi g\u00f6rebilmesini sa\u011flamak.<\/span><\/p>\n<p style=\"text-align: center;\"><span style=\"font-family: helvetica, arial, sans-serif; font-size: 14pt;\"><strong>2, Hafif, Ayr\u0131lmas\u0131 Kolay - Kiralama Verimlili\u011fi \u0130\u00e7in M\u00fckemmel<\/strong><\/span><\/p>\n<p style=\"text-align: center;\"><span style=\"font-family: helvetica, arial, sans-serif; font-size: 14pt;\">Hafif bir dolab\u0131 var, \u00e7o\u011funlukla d\u00f6k\u00fcm al\u00fcminyum. Her birim a\u011f\u0131r de\u011fildir - 2 ila 3 ki\u015fi ta\u015f\u0131yabilir ve y\u00fckleyebilir. Ayr\u0131ca mod\u00fclerdir, <\/span><\/p>\n<p style=\"text-align: center;\"><span style=\"font-family: helvetica, arial, sans-serif; font-size: 14pt;\">Bu y\u00fczden splicing h\u0131zl\u0131d\u0131r. Yayg\u0131n boyutlar 500 \u00d7 500mm ve 500 \u00d7 1000mm gibi standart olanlard\u0131r ve ayarlayabilirsiniz<\/span><\/p>\n<p style=\"text-align: center;\"><span style=\"font-family: helvetica, arial, sans-serif; font-size: 14pt;\"> Etkinlik alan\u0131na uygun boyut ve \u015fekil. Ayr\u0131ld\u0131\u011f\u0131nda depolama i\u00e7in istiflenir - lojistik alan\u0131 ve emek maliyetlerini tasarruf eder.<\/span><\/p>\n<p style=\"text-align: center;\"><span style=\"font-size: 14pt; font-family: helvetica, arial, sans-serif;\"><strong>3, Temel koruma &amp; s\u0131k kullan\u0131m i\u00e7in dayan\u0131kl\u0131l\u0131k<\/strong><\/span><\/p>\n<p style=\"text-align: center;\"><span style=\"font-size: 14pt; font-family: helvetica, arial, sans-serif;\">\u0130\u00e7 mekan kullan\u0131m\u0131 i\u00e7in tasarlanm\u0131\u015f olsa da, hafif toz ve nem ile ba\u015fa \u00e7\u0131kabilecek temel toz ge\u00e7irmez ve nem ge\u00e7irmez yeteneklere sahiptir <\/span><\/p>\n<p style=\"text-align: center;\"><span style=\"font-size: 14pt; font-family: helvetica, arial, sans-serif;\">Sergiler ve al\u0131\u015fveri\u015f merkezleri gibi kapal\u0131 ortamlarda de\u011fi\u015fiklikler. Ekran y\u00fczeyi \u00e7o\u011funlukla \u00e7izilmeye dayan\u0131kl\u0131d\u0131r,<\/span><\/p>\n<p style=\"text-align: center;\"><span style=\"font-size: 14pt; font-family: helvetica, arial, sans-serif;\"> ve mod\u00fcl aray\u00fczleri g\u00fc\u00e7lendirilmi\u015ftir, s\u0131k montaj ve <\/span><\/p>\n<p style=\"text-align: center;\"><span style=\"font-size: 14pt; font-family: helvetica, arial, sans-serif;\">demontaj, b\u00f6ylece &#8220; tekrarlanan d\u00f6ng\u00fcl\u00fc kullan\u0131m&#8221; Kiralama i\u015finde talep.<\/span><\/p>\n<p style=\"text-align: center;\"><span style=\"font-size: 14pt; font-family: helvetica, arial, sans-serif;\"><strong>4, H\u0131zl\u0131 hata ay\u0131klama ve destek; esnek sahne adaptasyonu<\/strong><\/span><\/p>\n<p style=\"text-align: center;\"><span style=\"font-size: 14pt; font-family: helvetica, arial, sans-serif;\">Uygun sinyal ba\u011flant\u0131 aray\u00fczleri ile gelir ve kiralama \u00f6zel bir kontrol sistemi ile e\u015fle\u015ftirilir, ayd\u0131nlat\u0131lmas\u0131na izin verir <\/span><\/p>\n<p style=\"text-align: center;\"><span style=\"font-size: 14pt; font-family: helvetica, arial, sans-serif;\">Sitede ba\u011flant\u0131dan sonra h\u0131zl\u0131 bir \u015fekilde. \u0130nteraktif sens\u00f6r mod\u00fclleri ile uyumludur, ge\u00e7ici eklenmesini sa\u011flar<\/span><\/p>\n<p style=\"text-align: center;\"><span style=\"font-size: 14pt; font-family: helvetica, arial, sans-serif;\"> su dalgalar\u0131 ve dokunmatik tetikleyiciler gibi etkile\u015fimli etkiler. Bu, an\u0131nda ihtiya\u00e7 duyan senaryolar i\u00e7in uygun hale getirir<\/span><\/p>\n<p style=\"text-align: center;\"><span style=\"font-size: 14pt; font-family: helvetica, arial, sans-serif;\"> Karma\u015f\u0131k de\u011fi\u015fikliklere ihtiya\u00e7 duymadan d\u00fc\u011f\u00fcn koridorlar\u0131 ve sergi deneyim alanlar\u0131 gibi atmosfer olu\u015fturma.<\/span><\/p>\n<p style=\"text-align: center;\"><img fetchpriority=\"high\" decoding=\"async\" class=\"alignnone size-full wp-image-3206\" src=\"https:\/\/www.leyaled.com\/wp-content\/uploads\/2025\/10\/display-outdoor-1.webp\" alt=\"\" width=\"800\" height=\"591\" srcset=\"https:\/\/www.leyaled.com\/wp-content\/uploads\/2025\/10\/display-outdoor-1.webp 800w, https:\/\/www.leyaled.com\/wp-content\/uploads\/2025\/10\/display-outdoor-1-300x222.webp 300w, https:\/\/www.leyaled.com\/wp-content\/uploads\/2025\/10\/display-outdoor-1-768x567.webp 768w, https:\/\/www.leyaled.com\/wp-content\/uploads\/2025\/10\/display-outdoor-1-600x443.webp 600w\" sizes=\"(max-width: 800px) 100vw, 800px\" \/><\/p>\n<p style=\"text-align: center;\"><strong><span style=\"font-family: helvetica, arial, sans-serif; font-size: 14pt;\">Geni\u015f G\u00f6r\u00fcn\u00fcm A\u00e7\u0131s\u0131 &amp; Canl\u0131 Renkli G\u00f6r\u00fcnt\u00fcler i\u00e7in Y\u00fcksek Kontrast<\/span><\/strong><br \/>\n<span style=\"font-family: helvetica, arial, sans-serif; font-size: 14pt;\">160\u00b0 yatay ve dikey bak\u0131\u015f a\u00e7\u0131lar\u0131 ile diki\u015fsiz ekleme desteklenir. Ayr\u0131ca bir sarma e\u011fri ekleme deneyimini de sa\u011flar.<\/span><\/p>\n<p style=\"text-align: center;\"><img decoding=\"async\" class=\"alignnone size-full wp-image-3207\" src=\"https:\/\/www.leyaled.com\/wp-content\/uploads\/2025\/10\/display-5.webp\" alt=\"\" width=\"800\" height=\"446\" srcset=\"https:\/\/www.leyaled.com\/wp-content\/uploads\/2025\/10\/display-5.webp 800w, https:\/\/www.leyaled.com\/wp-content\/uploads\/2025\/10\/display-5-300x167.webp 300w, https:\/\/www.leyaled.com\/wp-content\/uploads\/2025\/10\/display-5-768x428.webp 768w, https:\/\/www.leyaled.com\/wp-content\/uploads\/2025\/10\/display-5-600x335.webp 600w\" sizes=\"(max-width: 800px) 100vw, 800px\" \/><\/p>\n<p style=\"text-align: center;\"><span style=\"font-family: helvetica, arial, sans-serif; font-size: 14pt;\"><strong>Y\u00fcksek Yenileme H\u0131z\u0131 &amp; Y\u00fcksek Kontrast Oran\u0131<\/strong><\/span><\/p>\n<p style=\"text-align: center;\"><span style=\"font-family: helvetica, arial, sans-serif; font-size: 14pt;\">Ekran h\u0131zl\u0131 yan\u0131t h\u0131z\u0131 ile istikrarl\u0131, p\u00fcr\u00fczs\u00fcz g\u00f6r\u00fcnt\u00fcler sunar. 8000:1 ile \u00f6v\u00fcn\u00fcyorum<\/span><\/p>\n<p style=\"text-align: center;\"><span style=\"font-family: helvetica, arial, sans-serif; font-size: 14pt;\"> kontrast oran\u0131, daha net ayr\u0131nt\u0131lar sunar ve parlakl\u0131\u011f\u0131 \u00e7evreye g\u00f6re otomatik olarak ayarlanabilir.<\/span><\/p>\n<p style=\"text-align: center;\"><img decoding=\"async\" class=\"alignnone size-full wp-image-3075\" src=\"https:\/\/www.leyaled.com\/wp-content\/uploads\/2025\/10\/display-3.webp\" alt=\"\" width=\"800\" height=\"648\" srcset=\"https:\/\/www.leyaled.com\/wp-content\/uploads\/2025\/10\/display-3.webp 800w, https:\/\/www.leyaled.com\/wp-content\/uploads\/2025\/10\/display-3-300x243.webp 300w, https:\/\/www.leyaled.com\/wp-content\/uploads\/2025\/10\/display-3-768x622.webp 768w, https:\/\/www.leyaled.com\/wp-content\/uploads\/2025\/10\/display-3-600x486.webp 600w\" sizes=\"(max-width: 800px) 100vw, 800px\" \/><\/p>\n<p style=\"text-align: center;\"><span style=\"font-family: helvetica, arial, sans-serif; font-size: 14pt;\">\u00a0 D\u00fc\u015f\u00fck parlakl\u0131k &amp;  &amp; d\u00fc\u015f\u00fck gri \u00f6l\u00e7ekli Y\u00fcksek parlakl\u0131k &amp; D\u00fc\u015f\u00fck gri \u00f6l\u00e7ekli\u00a0<\/span><\/p>\n<p style=\"text-align: center;\"><span style=\"font-family: helvetica, arial, sans-serif; font-size: 14pt;\">\u00a0 \u00a0 Karanl\u0131k alan detaylar\u0131n\u0131n \u00f6nemli bir kayb\u0131 Karanl\u0131k alan detaylar\u0131n\u0131n minimum kayb\u0131 \u00a0 \u00a0\u00a0<\/span><\/p>\n<p style=\"text-align: center;\"><span style=\"font-family: helvetica, arial, sans-serif; font-size: 14pt;\"><strong>Ak\u0131ll\u0131 Is\u0131 Da\u011f\u0131l\u0131m\u0131 &amp; Enerji Verimlili\u011fi<\/strong><\/span><\/p>\n<p style=\"text-align: center;\"><span style=\"font-family: helvetica, arial, sans-serif; font-size: 14pt;\">Mod\u00fcller, LED ekran\u0131n hizmet \u00f6mr\u00fcn\u00fc uzatan yerle\u015fik \u0131s\u0131 da\u011f\u0131l\u0131m\u0131na sahiptir. Ayr\u0131ca d\u00fc\u015f\u00fck \u00f6zellikleri<\/span><\/p>\n<p style=\"text-align: center;\"><span style=\"font-family: helvetica, arial, sans-serif; font-size: 14pt;\">daha iyi enerji tasarrufu ve \u00e7evre dostlu\u011fu i\u00e7in g\u00fc\u00e7 t\u00fcketimi.<\/span><\/p>\n<p style=\"text-align: center;\"><img loading=\"lazy\" decoding=\"async\" class=\"alignnone size-full wp-image-3208\" src=\"https:\/\/www.leyaled.com\/wp-content\/uploads\/2025\/10\/display1-2.webp\" alt=\"\" width=\"800\" height=\"446\" srcset=\"https:\/\/www.leyaled.com\/wp-content\/uploads\/2025\/10\/display1-2.webp 800w, https:\/\/www.leyaled.com\/wp-content\/uploads\/2025\/10\/display1-2-300x167.webp 300w, https:\/\/www.leyaled.com\/wp-content\/uploads\/2025\/10\/display1-2-768x428.webp 768w, https:\/\/www.leyaled.com\/wp-content\/uploads\/2025\/10\/display1-2-600x335.webp 600w\" sizes=\"(max-width: 800px) 100vw, 800px\" \/><\/p>\n<p style=\"text-align: center;\"><strong><span style=\"font-size: 14pt; font-family: helvetica, arial, sans-serif;\">Y\u00fcksek \u00c7\u00f6z\u00fcn\u00fcrl\u00fckl\u00fc Tam Renkli LED Ekran<\/span><\/strong><\/p>\n<p style=\"text-align: center;\"><span style=\"font-size: 14pt; font-family: helvetica, arial, sans-serif;\">Y\u00fcksek kaliteli SMD lamba boncuklar\u0131 kullan\u0131r, istikrarl\u0131, g\u00fcvenilir ve garantili \u00fcr\u00fcn kalitesini sa\u011flar.<\/span><\/p>\n<p style=\"text-align: center;\"><span style=\"font-size: 14pt; font-family: helvetica, arial, sans-serif;\"> Yan\u0131ld\u0131rma veya granularl\u0131k olmadan, DLP gibi ekran \u00fcr\u00fcnlerinden daha iyi performans g\u00f6sterir.<\/span><\/p>\n<p style=\"text-align: center;\"><img loading=\"lazy\" decoding=\"async\" class=\"alignnone size-full wp-image-3209\" src=\"https:\/\/www.leyaled.com\/wp-content\/uploads\/2025\/10\/outdoor-1.webp\" alt=\"\" width=\"790\" height=\"613\" srcset=\"https:\/\/www.leyaled.com\/wp-content\/uploads\/2025\/10\/outdoor-1.webp 790w, https:\/\/www.leyaled.com\/wp-content\/uploads\/2025\/10\/outdoor-1-300x233.webp 300w, https:\/\/www.leyaled.com\/wp-content\/uploads\/2025\/10\/outdoor-1-768x596.webp 768w, https:\/\/www.leyaled.com\/wp-content\/uploads\/2025\/10\/outdoor-1-600x466.webp 600w\" sizes=\"(max-width: 790px) 100vw, 790px\" \/><\/p>","protected":false},"excerpt":{"rendered":"<p>P4.81 kapal\u0131 y\u00fcksek \u00e7\u00f6z\u00fcn\u00fcrl\u00fckl\u00fc LED ekran\u0131, 3.91mm piksel aral\u0131\u011f\u0131yla m\u00fckemmel g\u00f6r\u00fcnt\u00fc kalitesi sunar. Y\u00fcksek piksel yo\u011funlu\u011fu, canl\u0131 renkler ve y\u00fcksek bir yenileme h\u0131z\u0131na sahiptir, p\u00fcr\u00fczs\u00fcz ve istikrarl\u0131 dinamik g\u00f6r\u00fcnt\u00fcleri sa\u011flar; Ayn\u0131 zamanda, yumu\u015fak parlakl\u0131\u011f\u0131 rahat g\u00f6r\u00fcnt\u00fcleme sa\u011flar. Diki\u015fsiz ekleme teknolojisini kullanarak, \u00f6zg\u00fcrce b\u00fcy\u00fcleyici b\u00fcy\u00fck ekranlara birle\u015ftirilebilir ve kurumsal sergi salonlar\u0131, konferans salonlar\u0131 ve st\u00fcdyolar gibi y\u00fcksek s\u0131n\u0131f kapal\u0131 mekanlar i\u00e7in ideal bir ekran \u00e7\u00f6z\u00fcm\u00fc haline getirir.<\/p>","protected":false},"featured_media":2502,"comment_status":"closed","ping_status":"closed","template":"","meta":[],"product_brand":[],"product_cat":[42,15],"product_tag":[],"class_list":{"0":"post-2160","1":"product","2":"type-product","3":"status-publish","4":"has-post-thumbnail","6":"product_cat-indoor-led-display","7":"product_cat-standard-led-display","9":"first","10":"instock","11":"shipping-taxable","12":"product-type-simple"},"_links":{"self":[{"href":"https:\/\/www.leyaled.com\/tr\/wp-json\/wp\/v2\/product\/2160","targetHints":{"allow":["GET"]}}],"collection":[{"href":"https:\/\/www.leyaled.com\/tr\/wp-json\/wp\/v2\/product"}],"about":[{"href":"https:\/\/www.leyaled.com\/tr\/wp-json\/wp\/v2\/types\/product"}],"replies":[{"embeddable":true,"href":"https:\/\/www.leyaled.com\/tr\/wp-json\/wp\/v2\/comments?post=2160"}],"wp:featuredmedia":[{"embeddable":true,"href":"https:\/\/www.leyaled.com\/tr\/wp-json\/wp\/v2\/media\/2502"}],"wp:attachment":[{"href":"https:\/\/www.leyaled.com\/tr\/wp-json\/wp\/v2\/media?parent=2160"}],"wp:term":[{"taxonomy":"product_brand","embeddable":true,"href":"https:\/\/www.leyaled.com\/tr\/wp-json\/wp\/v2\/product_brand?post=2160"},{"taxonomy":"product_cat","embeddable":true,"href":"https:\/\/www.leyaled.com\/tr\/wp-json\/wp\/v2\/product_cat?post=2160"},{"taxonomy":"product_tag","embeddable":true,"href":"https:\/\/www.leyaled.com\/tr\/wp-json\/wp\/v2\/product_tag?post=2160"}],"curies":[{"name":"wp","href":"https:\/\/api.w.org\/{rel}","templated":true}]}}