{"id":2152,"date":"2025-10-09T16:42:58","date_gmt":"2025-10-09T08:42:58","guid":{"rendered":"https:\/\/www.leyaled.com\/?post_type=product&#038;p=2152"},"modified":"2025-12-12T10:53:32","modified_gmt":"2025-12-12T02:53:32","slug":"p2-604enclosure","status":"publish","type":"product","link":"https:\/\/www.leyaled.com\/tr\/indoor-led-display\/p2-604enclosure\/","title":{"rendered":"kapal\u0131 P2.604 ekran"},"content":{"rendered":"<p style=\"text-align: center;\"><span style=\"font-size: 14pt; font-family: helvetica, arial, sans-serif;\"><strong>LED ekranlar \u00f6zel \u00fcretilmi\u015f \u00fcr\u00fcnlerdir. Tam ekran \u00f6zelle\u015ftirme i\u00e7in, sorular i\u00e7in m\u00fc\u015fteri hizmetlerine ula\u015f\u0131n.<\/strong><\/span><\/p>\n<p style=\"text-align: center;\"><strong><span style=\"font-family: helvetica, arial, sans-serif; font-size: 14pt;\">Keskin, Harika Resim Kalitesi:<\/span><\/strong><span style=\"font-family: helvetica, arial, sans-serif; font-size: 14pt;\">A\u00e7\u0131k ince ayr\u0131nt\u0131lar i\u00e7in k\u00fc\u00e7\u00fck piksel aral\u0131\u011f\u0131 (2.604mm). Parlak,<\/span><\/p>\n<p style=\"text-align: center;\"><span style=\"font-family: helvetica, arial, sans-serif; font-size: 14pt;\"> hatta renkler ve tam do\u011fru parlakl\u0131k - do\u011fal g\u00f6r\u00fcn\u00fcyor ve <\/span><\/p>\n<p style=\"text-align: center;\"><span style=\"font-family: helvetica, arial, sans-serif; font-size: 14pt;\">Ki\u015fisel olarak izliyorsan\u0131z da, \u00e7ekiyorsan\u0131z da veya sanal ayarlar i\u00e7in kullan\u0131yorsan\u0131z da g\u00f6zlerine kolay. Her a\u00e7\u0131dan da a\u00e7\u0131k g\u00f6r\u00fcn\u00fcm.<\/span><\/p>\n<p style=\"text-align: center;\"><span style=\"font-family: helvetica, arial, sans-serif; font-size: 14pt;\"><strong>Kolay Kurulum, \u00c7\u0131kma &amp; amp; Ta\u015f\u0131ma:<\/strong> Dolaplar hafif (her biri yakla\u015f\u0131k 7,5-12kg) ve incedir,<\/span><\/p>\n<p style=\"text-align: center;\"><span style=\"font-family: helvetica, arial, sans-serif; font-size: 14pt;\"> Yani ta\u015f\u0131mak kolayd\u0131r. Kesinlikle birle\u015ftirilebilir, kurulumu h\u0131zl\u0131 hale getirir - konserler ve \u00fcr\u00fcn lansmanlar\u0131 gibi ge\u00e7ici etkinlikler i\u00e7in m\u00fckemmel.<\/span><\/p>\n<p style=\"text-align: center;\"><span style=\"font-size: 14pt; font-family: helvetica, arial, sans-serif;\"><strong>Bak\u0131m\u0131 kolay &amp; Uzun s\u00fcreli:<\/strong>So\u011futma i\u00e7in fanlara ihtiya\u00e7 yoktur, bu y\u00fczden sessiz \u00e7al\u0131\u015f\u0131r - m\u00fckemmel <\/span><\/p>\n<p style=\"text-align: center;\"><span style=\"font-size: 14pt; font-family: helvetica, arial, sans-serif;\">Toplant\u0131 odalar\u0131 veya st\u00fcdyolar gibi sessiz yerler. Bir LED ampul bozulursa, tamir edebilirsiniz<\/span><\/p>\n<p style=\"text-align: center;\"><span style=\"font-size: 14pt; font-family: helvetica, arial, sans-serif;\"> \u00d6nden veya arkadan, t\u00fcm ekran\u0131 ay\u0131rmaya gerek yok. D\u00fczenli kullan\u0131m halinde bile 50.000 saate kadar harika \u00e7al\u0131\u015f\u0131r.<\/span><\/p>\n<p style=\"text-align: center;\"><span style=\"font-family: helvetica, arial, sans-serif; font-size: 14pt;\"><strong>Bir\u00e7ok senaryo i\u00e7in \u00e7ok y\u00f6nl\u00fc:<\/strong> Ticari g\u00f6steriler, toplant\u0131lar ve lansmanlar gibi kapal\u0131 etkinlikler i\u00e7in \u00e7al\u0131\u015f\u0131r. <\/span><\/p>\n<p style=\"text-align: center;\"><span style=\"font-family: helvetica, arial, sans-serif; font-size: 14pt;\">Baz\u0131 su ge\u00e7irmez modeller sergiler i\u00e7in a\u00e7\u0131k havada da kullan\u0131labilir - s\u00fcper uyarlanabilir.<\/span><\/p>\n<p style=\"text-align: center;\"><span style=\"font-family: helvetica, arial, sans-serif; font-size: 14pt;\"><strong>Geni\u015f perspektifle \u00e7evreleyen deneyim<\/strong><\/span><\/p>\n<p style=\"text-align: center;\"><span style=\"font-family: helvetica, arial, sans-serif; font-size: 14pt;\">Y\u00fczeye monte edilen LED \u00e7iplerinin kendileri geni\u015f bir bak\u0131\u015f a\u00e7\u0131s\u0131na sahiptir. Ayr\u0131ca, benimseme <\/span><\/p>\n<p style=\"text-align: center;\"><span style=\"font-family: helvetica, arial, sans-serif; font-size: 14pt;\">y\u00fcksek hassasiyetli ekipman ve geli\u015fmi\u015f \u00fcretim s\u00fcre\u00e7leri, benzersiz bir anti-elektromanyetik ile birle\u015ftirilmi\u015f <\/span><\/p>\n<p style=\"text-align: center;\"><span style=\"font-family: helvetica, arial, sans-serif; font-size: 14pt;\">dalga tedavisi, yatay ve dikey bak\u0131\u015f a\u00e7\u0131lar\u0131n\u0131 daha da geni\u015fletir.<\/span><\/p>\n<p style=\"text-align: center;\"><img fetchpriority=\"high\" decoding=\"async\" class=\"alignnone size-full wp-image-3217\" src=\"https:\/\/www.leyaled.com\/wp-content\/uploads\/2025\/10\/display-6.webp\" alt=\"\" width=\"800\" height=\"491\" srcset=\"https:\/\/www.leyaled.com\/wp-content\/uploads\/2025\/10\/display-6.webp 800w, https:\/\/www.leyaled.com\/wp-content\/uploads\/2025\/10\/display-6-300x184.webp 300w, https:\/\/www.leyaled.com\/wp-content\/uploads\/2025\/10\/display-6-768x471.webp 768w, https:\/\/www.leyaled.com\/wp-content\/uploads\/2025\/10\/display-6-600x368.webp 600w\" sizes=\"(max-width: 800px) 100vw, 800px\" \/><\/p>\n<p style=\"text-align: center;\"><span style=\"font-family: helvetica, arial, sans-serif; font-size: 14pt;\">Diki\u015fsiz Ba\u011flama, \u00c7arp\u0131c\u0131 HD G\u00f6rsel Bayram\u0131<\/span><\/p>\n<p style=\"text-align: center;\"><span style=\"font-family: helvetica, arial, sans-serif; font-size: 14pt;\">Y\u00fcksek hassasiyetli \u00fcnite ekran yap\u0131s\u0131 ile piksel aral\u0131\u011f\u0131nda tutarl\u0131l\u0131k sa\u011flar. Bu da aras\u0131ndaki bo\u015fluklar\u0131 ortadan kald\u0131r\u0131r. <\/span><\/p>\n<p style=\"text-align: center;\"><span style=\"font-family: helvetica, arial, sans-serif; font-size: 14pt;\">birle\u015ftirilmi\u015f ekranlar, ayn\u0131 parlakl\u0131k ve renk ile sorunsuz bir g\u00f6r\u00fcnt\u00fc sunar.<\/span><\/p>\n<p style=\"text-align: center;\"><img decoding=\"async\" class=\"alignnone size-full wp-image-3218\" src=\"https:\/\/www.leyaled.com\/wp-content\/uploads\/2025\/10\/display-5-1.webp\" alt=\"\" width=\"800\" height=\"491\" srcset=\"https:\/\/www.leyaled.com\/wp-content\/uploads\/2025\/10\/display-5-1.webp 800w, https:\/\/www.leyaled.com\/wp-content\/uploads\/2025\/10\/display-5-1-300x184.webp 300w, https:\/\/www.leyaled.com\/wp-content\/uploads\/2025\/10\/display-5-1-768x471.webp 768w, https:\/\/www.leyaled.com\/wp-content\/uploads\/2025\/10\/display-5-1-600x368.webp 600w\" sizes=\"(max-width: 800px) 100vw, 800px\" \/><\/p>\n<h5 class=\"header-iWP5WJ auto-hide-last-sibling-br\" style=\"text-align: center;\"><span style=\"font-family: helvetica, arial, sans-serif; font-size: 14pt;\">Y\u00fcksek \u00c7\u00f6z\u00fcn\u00fcrl\u00fckl\u00fc Tam Renkli LED Ekran<\/span><\/h5>\n<h5 class=\"auto-hide-last-sibling-br paragraph-pP9ZLC paragraph-element br-paragraph-space\" style=\"text-align: center;\"><span style=\"font-family: helvetica, arial, sans-serif; font-size: 14pt;\">Y\u00fczeye monte edilmi\u015f bir LED tasar\u0131m\u0131n\u0131 benimseyen, geni\u015f bir bak\u0131\u015f a\u00e7\u0131s\u0131na sahiptir, <\/span><\/h5>\n<h5 class=\"auto-hide-last-sibling-br paragraph-pP9ZLC paragraph-element br-paragraph-space\" style=\"text-align: center;\"><span style=\"font-family: helvetica, arial, sans-serif; font-size: 14pt;\">y\u00fcksek parlakl\u0131k ve keskin, canl\u0131 ve do\u011fal y\u00fcksek \u00e7\u00f6z\u00fcn\u00fcrl\u00fckl\u00fc g\u00f6rseller sunar.<\/span><\/h5>\n<p style=\"text-align: center;\"><img decoding=\"async\" class=\"alignnone size-full wp-image-3220\" src=\"https:\/\/www.leyaled.com\/wp-content\/uploads\/2025\/10\/display2-1.webp\" alt=\"\" width=\"800\" height=\"821\" srcset=\"https:\/\/www.leyaled.com\/wp-content\/uploads\/2025\/10\/display2-1.webp 800w, https:\/\/www.leyaled.com\/wp-content\/uploads\/2025\/10\/display2-1-292x300.webp 292w, https:\/\/www.leyaled.com\/wp-content\/uploads\/2025\/10\/display2-1-768x788.webp 768w, https:\/\/www.leyaled.com\/wp-content\/uploads\/2025\/10\/display2-1-600x616.webp 600w\" sizes=\"(max-width: 800px) 100vw, 800px\" \/><\/p>\n<p style=\"text-align: center;\"><span style=\"font-size: 14pt; font-family: helvetica, arial, sans-serif;\">Y\u00fcksek \u00c7\u00f6z\u00fcn\u00fcrl\u00fck &amp; G\u00f6z Dostu Ekran, Hepsi Y\u00fcksek \u00c7\u00f6z\u00fcn\u00fcrl\u00fckl\u00fc Te\u015fekk\u00fcrler<\/span><\/p>\n<p style=\"text-align: center;\"><span style=\"font-size: 14pt; font-family: helvetica, arial, sans-serif;\">Geli\u015ftirilmi\u015f bir g\u00f6rsel deneyim i\u00e7in, ekran\u0131n a\u015f\u0131r\u0131 parlak veya \u00f6l\u00fc LED'lerden \u00f6zg\u00fcr olmas\u0131n\u0131 sa\u011flar\u0131z. Zengin verir, <\/span><\/p>\n<p style=\"text-align: center;\"><span style=\"font-size: 14pt; font-family: helvetica, arial, sans-serif;\">\u00fcniform ve canl\u0131 renkler, y\u00fcksek \u00e7\u00f6z\u00fcn\u00fcrl\u00fck ve geni\u015f bir bak\u0131\u015f a\u00e7\u0131s\u0131 ile e\u015fle\u015ftirilmi\u015f, size daha p\u00fcr\u00fczs\u00fcz, daha dald\u0131r\u0131c\u0131 bir g\u00f6rsel zevk sunar<\/span><\/p>\n<p style=\"text-align: center;\"><img loading=\"lazy\" decoding=\"async\" class=\"alignnone size-full wp-image-3207\" src=\"https:\/\/www.leyaled.com\/wp-content\/uploads\/2025\/10\/display-5.webp\" alt=\"\" width=\"800\" height=\"446\" srcset=\"https:\/\/www.leyaled.com\/wp-content\/uploads\/2025\/10\/display-5.webp 800w, https:\/\/www.leyaled.com\/wp-content\/uploads\/2025\/10\/display-5-300x167.webp 300w, https:\/\/www.leyaled.com\/wp-content\/uploads\/2025\/10\/display-5-768x428.webp 768w, https:\/\/www.leyaled.com\/wp-content\/uploads\/2025\/10\/display-5-600x335.webp 600w\" sizes=\"(max-width: 800px) 100vw, 800px\" \/><\/p>\n<p style=\"text-align: center;\"><span style=\"font-family: helvetica, arial, sans-serif; font-size: 14pt;\">Ayr\u0131nt\u0131lar ister misin? Sadece istedi\u011finiz zaman ula\u015f\u0131n! <\/span><\/p>\n<p style=\"text-align: center;\"><span style=\"font-family: helvetica, arial, sans-serif; font-size: 14pt;\">Tam model \u00f6zelliklerini, hangi senaryolara en uygun oldu\u011funu bilmek veya teklif almak ister misiniz?<\/span><\/p>\n<p style=\"text-align: center;\"><span style=\"font-family: helvetica, arial, sans-serif; font-size: 14pt;\"> \u0130stedi\u011finiz zaman bizimle ileti\u015fime ge\u00e7in - sizin i\u00e7in i\u015fe yarayan cevaplar\u0131 verece\u011fiz!<\/span><\/p>","protected":false},"excerpt":{"rendered":"<p>P2.604 LED Ekran: B\u00fcy\u00fck HD &amp; Kullan\u0131m\u0131 Kolay<br \/>\nP2.604 pop\u00fcler bir LED ekran\u0131d\u0131r ve en iyi k\u0131sm\u0131 &#8220; 2.604mm k\u00fc\u00e7\u00fck piksel aral\u0131\u011f\u0131&#8221; Pikseller yo\u011fundur, bu y\u00fczden videolar, grafikler ve dinamik i\u00e7erikler a\u00e7\u0131k ayr\u0131nt\u0131lar g\u00f6sterir, bulan\u0131kl\u0131k yoktur. Renkler parlak ve d\u00fcz, parlakl\u0131k tam olarak do\u011frudur. \u00d6nden veya taraftan a\u00e7\u0131k\u00e7a g\u00f6r\u00fcyorsunuz ve bir s\u00fcre izledikten sonra bile g\u00f6zlerinizde kolay. Kurulum basit: dolaplar hafif, sorunsuz bir \u015fekilde birle\u015ftirin. Sergiler veya toplant\u0131 odalar\u0131 i\u00e7in haz\u0131rlamak h\u0131zl\u0131d\u0131r. Bir LED ampul daha sonra k\u0131r\u0131l\u0131rsa, \u00f6nden veya arkadan tamir edin - t\u00fcm ekran\u0131 par\u00e7alamaya gerek yok, sorunlar\u0131 kurtar\u0131r. Sessiz de \u00e7al\u0131\u015f\u0131r, toplant\u0131lar\u0131 veya st\u00fcdyo \u00e7al\u0131\u015fmalar\u0131n\u0131 rahats\u0131z etmez. Kapal\u0131 ve a\u00e7\u0131k versiyonlar vard\u0131r: toplant\u0131lar, g\u00f6steriler, salonlar i\u00e7in kapal\u0131 bir; A\u00e7\u0131k hava su ge\u00e7irmez, toz ge\u00e7irmez ve daha parlakt\u0131r - g\u00fcne\u015f \u0131\u015f\u0131\u011f\u0131nda bile resim solmaz, a\u00e7\u0131k hava etkinlikleri veya a\u00e7\u0131k hava \u015fovlar\u0131 i\u00e7in iyi. Genellikle, hem HD hem de pratik olan \u00e7ok y\u00f6nl\u00fc bir se\u00e7imdir.<\/p>","protected":false},"featured_media":2472,"comment_status":"closed","ping_status":"closed","template":"","meta":[],"product_brand":[],"product_cat":[42,15],"product_tag":[],"class_list":{"0":"post-2152","1":"product","2":"type-product","3":"status-publish","4":"has-post-thumbnail","6":"product_cat-indoor-led-display","7":"product_cat-standard-led-display","9":"first","10":"instock","11":"shipping-taxable","12":"product-type-simple"},"_links":{"self":[{"href":"https:\/\/www.leyaled.com\/tr\/wp-json\/wp\/v2\/product\/2152","targetHints":{"allow":["GET"]}}],"collection":[{"href":"https:\/\/www.leyaled.com\/tr\/wp-json\/wp\/v2\/product"}],"about":[{"href":"https:\/\/www.leyaled.com\/tr\/wp-json\/wp\/v2\/types\/product"}],"replies":[{"embeddable":true,"href":"https:\/\/www.leyaled.com\/tr\/wp-json\/wp\/v2\/comments?post=2152"}],"wp:featuredmedia":[{"embeddable":true,"href":"https:\/\/www.leyaled.com\/tr\/wp-json\/wp\/v2\/media\/2472"}],"wp:attachment":[{"href":"https:\/\/www.leyaled.com\/tr\/wp-json\/wp\/v2\/media?parent=2152"}],"wp:term":[{"taxonomy":"product_brand","embeddable":true,"href":"https:\/\/www.leyaled.com\/tr\/wp-json\/wp\/v2\/product_brand?post=2152"},{"taxonomy":"product_cat","embeddable":true,"href":"https:\/\/www.leyaled.com\/tr\/wp-json\/wp\/v2\/product_cat?post=2152"},{"taxonomy":"product_tag","embeddable":true,"href":"https:\/\/www.leyaled.com\/tr\/wp-json\/wp\/v2\/product_tag?post=2152"}],"curies":[{"name":"wp","href":"https:\/\/api.w.org\/{rel}","templated":true}]}}