{"id":2148,"date":"2025-10-09T16:40:05","date_gmt":"2025-10-09T08:40:05","guid":{"rendered":"https:\/\/www.leyaled.com\/?post_type=product&#038;p=2148"},"modified":"2025-12-08T11:09:02","modified_gmt":"2025-12-08T03:09:02","slug":"flexible-screen","status":"publish","type":"product","link":"https:\/\/www.leyaled.com\/tr\/indoor-flexible-display\/flexible-screen\/","title":{"rendered":"Esnek ekran ekran\u0131 P3.91"},"content":{"rendered":"<p style=\"text-align: center;\"><span style=\"font-family: impact, sans-serif; font-size: 14pt;\">Yarat\u0131c\u0131 esnek bir ekran olarak, S serisi ultra y\u00fcksek esnekli\u011fe sahiptir ve kolayca olu\u015fturulabilir <\/span><\/p>\n<p style=\"text-align: center;\"><span style=\"font-family: impact, sans-serif; font-size: 14pt;\">b\u00fcy\u00fck a\u00e7\u0131l\u0131 i\u00e7 veya d\u0131\u015f bir ark \u015fekli, silindir veya 90 derecelik bir ark d\u00fcz a\u00e7\u0131l\u0131 bir \u015fekil olsun.<\/span><\/p>\n<p style=\"text-align: center;\">\u00a0 \u00a0\u00a0<img fetchpriority=\"high\" decoding=\"async\" class=\"alignnone wp-image-3064\" src=\"https:\/\/www.leyaled.com\/wp-content\/uploads\/2025\/10\/display-1.webp\" alt=\"\" width=\"785\" height=\"272\" srcset=\"https:\/\/www.leyaled.com\/wp-content\/uploads\/2025\/10\/display-1.webp 805w, https:\/\/www.leyaled.com\/wp-content\/uploads\/2025\/10\/display-1-300x104.webp 300w, https:\/\/www.leyaled.com\/wp-content\/uploads\/2025\/10\/display-1-768x266.webp 768w, https:\/\/www.leyaled.com\/wp-content\/uploads\/2025\/10\/display-1-600x208.webp 600w\" sizes=\"(max-width: 785px) 100vw, 785px\" \/><\/p>\n<p style=\"text-align: center;\"><span style=\"font-family: helvetica, arial, sans-serif; font-size: 14pt;\">Yumu\u015fak membran m\u00fckemmel esnekli\u011fe sahiptir ve<\/span><\/p>\n<p style=\"text-align: center;\"><span style=\"font-family: helvetica, arial, sans-serif; font-size: 14pt;\"> Birden fazla a\u00e7\u0131da ve yar\u0131\u00e7ap\u0131nda b\u00fck\u00fclmek<\/span><\/p>\n<p style=\"text-align: center;\"><span style=\"font-family: helvetica, arial, sans-serif; font-size: 14pt;\">Yumu\u015fak membran ekleme, silindirik d\u00fczensiz LED ekranlarla uyumlu, <\/span><\/p>\n<p style=\"text-align: center;\"><span style=\"font-family: helvetica, arial, sans-serif; font-size: 14pt;\">e\u011fri, k\u00fcresel, S \u015feklinde ve di\u011fer \u015fekiller<\/span><\/p>\n<p style=\"text-align: center;\"><img decoding=\"async\" class=\"alignnone size-full wp-image-3060\" src=\"https:\/\/www.leyaled.com\/wp-content\/uploads\/2025\/10\/display1.webp\" alt=\"\" width=\"789\" height=\"340\" srcset=\"https:\/\/www.leyaled.com\/wp-content\/uploads\/2025\/10\/display1.webp 789w, https:\/\/www.leyaled.com\/wp-content\/uploads\/2025\/10\/display1-300x129.webp 300w, https:\/\/www.leyaled.com\/wp-content\/uploads\/2025\/10\/display1-768x331.webp 768w, https:\/\/www.leyaled.com\/wp-content\/uploads\/2025\/10\/display1-600x259.webp 600w\" sizes=\"(max-width: 789px) 100vw, 789px\" \/><\/p>\n<p style=\"text-align: center;\"><img decoding=\"async\" class=\"alignnone size-full wp-image-3062\" src=\"https:\/\/www.leyaled.com\/wp-content\/uploads\/2025\/10\/display3.webp\" alt=\"\" width=\"805\" height=\"231\" srcset=\"https:\/\/www.leyaled.com\/wp-content\/uploads\/2025\/10\/display3.webp 805w, https:\/\/www.leyaled.com\/wp-content\/uploads\/2025\/10\/display3-300x86.webp 300w, https:\/\/www.leyaled.com\/wp-content\/uploads\/2025\/10\/display3-768x220.webp 768w, https:\/\/www.leyaled.com\/wp-content\/uploads\/2025\/10\/display3-600x172.webp 600w\" sizes=\"(max-width: 805px) 100vw, 805px\" \/><\/p>\n<p style=\"text-align: center;\"><span style=\"font-family: helvetica, arial, sans-serif;\">\u00a0<span style=\"font-size: 14pt;\"> \u00a0 \u00a0 \u0130yi esneklik Yap\u0131\u015fkan ayr\u0131lmaz<\/span><\/span><\/p>\n<p style=\"text-align: center;\"><img loading=\"lazy\" decoding=\"async\" class=\"alignnone size-full wp-image-3061\" src=\"https:\/\/www.leyaled.com\/wp-content\/uploads\/2025\/10\/display2.webp\" alt=\"\" width=\"805\" height=\"219\" srcset=\"https:\/\/www.leyaled.com\/wp-content\/uploads\/2025\/10\/display2.webp 805w, https:\/\/www.leyaled.com\/wp-content\/uploads\/2025\/10\/display2-300x82.webp 300w, https:\/\/www.leyaled.com\/wp-content\/uploads\/2025\/10\/display2-768x209.webp 768w, https:\/\/www.leyaled.com\/wp-content\/uploads\/2025\/10\/display2-600x163.webp 600w\" sizes=\"(max-width: 805px) 100vw, 805px\" \/><\/p>\n<p style=\"text-align: center;\"><span style=\"font-family: helvetica, arial, sans-serif;\">\u00a0 \u00a0 \u00a0 \u00a0 \u00a0 \u00a0 \u00a0 \u00a0 \u00a0 \u00a0 \u00a0 \u00a0 \u00a0<span style=\"font-size: 14pt;\">\u00a0B\u00fcy\u00fck a\u00e7\u0131 \u0130yi esneklik<\/span><\/span><\/p>\n<p style=\"text-align: center;\"><img loading=\"lazy\" decoding=\"async\" class=\"alignnone size-full wp-image-3063\" src=\"https:\/\/www.leyaled.com\/wp-content\/uploads\/2025\/10\/display4.webp\" alt=\"\" width=\"805\" height=\"348\" srcset=\"https:\/\/www.leyaled.com\/wp-content\/uploads\/2025\/10\/display4.webp 805w, https:\/\/www.leyaled.com\/wp-content\/uploads\/2025\/10\/display4-300x130.webp 300w, https:\/\/www.leyaled.com\/wp-content\/uploads\/2025\/10\/display4-768x332.webp 768w, https:\/\/www.leyaled.com\/wp-content\/uploads\/2025\/10\/display4-600x259.webp 600w\" sizes=\"(max-width: 805px) 100vw, 805px\" \/><\/p>\n<p style=\"text-align: center;\"><span style=\"font-family: helvetica, arial, sans-serif; font-size: 14pt;\">Uzun bir ekran \u00f6mr\u00fc olan y\u00fcksek kaliteli lamba boncuklar\u0131.<\/span><br \/>\n<span style=\"font-family: helvetica, arial, sans-serif; font-size: 14pt;\">Premium lamba boncuklar\u0131, m\u00fckemmel renk kar\u0131\u015ft\u0131rma etkisi, uzun hizmet \u00f6mr\u00fc, d\u00fc\u015f\u00fck \u00f6l\u00fc lamba oran\u0131,<\/span><\/p>\n<p style=\"text-align: center;\"><span style=\"font-family: helvetica, arial, sans-serif; font-size: 14pt;\">g\u00f6r\u00fcnt\u00fclenen g\u00f6r\u00fcnt\u00fclerin istikrarl\u0131 ve sorunsuz \u00e7al\u0131\u015fmas\u0131, \u00e7evre korumas\u0131 ve istikrar\u0131<\/span><\/p>\n<p>&nbsp;<\/p>\n<p style=\"text-align: center;\"><span style=\"font-family: impact, sans-serif; font-size: 18pt;\">Y\u00d6Z\u00dcM Y\u00d6Z\u00dcMU<\/span><\/p>\n<p>&nbsp;<\/p>\n<p style=\"text-align: center;\"><img loading=\"lazy\" decoding=\"async\" class=\"size-full wp-image-3067 aligncenter\" src=\"https:\/\/www.leyaled.com\/wp-content\/uploads\/2025\/10\/display1.png\" alt=\"\" width=\"714\" height=\"215\" srcset=\"https:\/\/www.leyaled.com\/wp-content\/uploads\/2025\/10\/display1.png 714w, https:\/\/www.leyaled.com\/wp-content\/uploads\/2025\/10\/display1-300x90.png 300w, https:\/\/www.leyaled.com\/wp-content\/uploads\/2025\/10\/display1-600x181.png 600w\" sizes=\"(max-width: 714px) 100vw, 714px\" \/><span style=\"font-family: helvetica, arial, sans-serif; font-size: 14pt;\">\u00a0 \u00a0Tavan montajl\u0131 inlay asma<\/span><\/p>\n<p><img loading=\"lazy\" decoding=\"async\" class=\"size-full wp-image-3068 aligncenter\" src=\"https:\/\/www.leyaled.com\/wp-content\/uploads\/2025\/10\/display2.png\" alt=\"\" width=\"714\" height=\"233\" srcset=\"https:\/\/www.leyaled.com\/wp-content\/uploads\/2025\/10\/display2.png 714w, https:\/\/www.leyaled.com\/wp-content\/uploads\/2025\/10\/display2-300x98.png 300w, https:\/\/www.leyaled.com\/wp-content\/uploads\/2025\/10\/display2-600x196.png 600w\" sizes=\"(max-width: 714px) 100vw, 714px\" \/><\/p>\n<p><span style=\"font-family: helvetica, arial, sans-serif;\">\u00a0 \u00a0 \u00a0 \u00a0 \u00a0 \u00a0 \u00a0 \u00a0 \u00a0 \u00a0 \u00a0 \u00a0 \u00a0 \u00a0 \u00a0 \u00a0 \u00a0 \u00a0 \u00a0 \u00a0 \u00a0 \u00a0 \u00a0 \u00a0 \u00a0 \u00a0 \u00a0 \u00a0 <\/span><\/p>\n<p style=\"text-align: center;\"><span style=\"font-family: helvetica, arial, sans-serif;\">\u00a0 \u00a0 \u00a0 \u00a0<span style=\"font-size: 14pt;\"> duvara montajl\u0131 S\u00fctun bracket tipi Zemin standin<\/span><\/span><\/p>\n<p>&nbsp;<\/p>\n<p style=\"text-align: center;\"><span style=\"font-family: impact, sans-serif; font-size: 18pt;\">Uygulama Senaryolar\u0131<\/span><\/p>\n<p style=\"text-align: center;\"><span style=\"font-family: helvetica, arial, sans-serif; font-size: 14pt;\">Al\u0131\u015fveri\u015f Merkezi M\u00fcze Sergi Salonu<\/span><\/p>\n<p style=\"text-align: center;\"><span style=\"font-family: helvetica, arial, sans-serif; font-size: 14pt;\">\u0130nce g\u00f6vde, y\u00fcksek ekran kalitesi ve b\u00fck\u00fclme \u00f6zellikleri sayesinde \u00e7e\u015fitli durumlarda yayg\u0131n olarak kullan\u0131l\u0131r.<\/span><\/p>\n<p style=\"text-align: center;\"><img loading=\"lazy\" decoding=\"async\" class=\"alignnone size-full wp-image-3065\" src=\"https:\/\/www.leyaled.com\/wp-content\/uploads\/2025\/10\/leddisplay.webp\" alt=\"\" width=\"805\" height=\"597\" srcset=\"https:\/\/www.leyaled.com\/wp-content\/uploads\/2025\/10\/leddisplay.webp 805w, https:\/\/www.leyaled.com\/wp-content\/uploads\/2025\/10\/leddisplay-300x222.webp 300w, https:\/\/www.leyaled.com\/wp-content\/uploads\/2025\/10\/leddisplay-768x570.webp 768w, https:\/\/www.leyaled.com\/wp-content\/uploads\/2025\/10\/leddisplay-600x445.webp 600w\" sizes=\"(max-width: 805px) 100vw, 805px\" \/><\/p>\n<p style=\"text-align: center;\"><span style=\"font-family: helvetica, arial, sans-serif;\"><strong>S: Esnek ekranlar i\u00e7in elde edilebilir minimum kal\u0131nl\u0131k nedir?<\/strong><\/span><\/p>\n<p style=\"text-align: center;\"><span style=\"font-family: helvetica, arial, sans-serif;\"><strong>A: Esnek ekran \u00fcr\u00fcnlerimiz uygulama senaryolar\u0131na g\u00f6re kal\u0131nl\u0131k i\u00e7in \u00f6zelle\u015ftirilebilir. <\/strong><\/span><\/p>\n<p style=\"text-align: center;\"><span style=\"font-family: helvetica, arial, sans-serif;\"><strong>\u00c7ekirdek ekran mod\u00fcl\u00fc 0.1mm kadar ince olabilir (substrat dahil); kaps\u00fclasyon \/ koruyucu ile<\/strong><\/span><\/p>\n<p style=\"text-align: center;\"><span style=\"font-family: helvetica, arial, sans-serif;\"><strong> katmanlar, standart ticari modeller 0.3-0.5mm kal\u0131nl\u0131ktad\u0131r, \u00f6zel senaryolar i\u00e7in \u00f6zelle\u015ftirilmi\u015f s\u00fcr\u00fcmler ise<\/strong><\/span><\/p>\n<p style=\"text-align: center;\"><span style=\"font-family: helvetica, arial, sans-serif;\"><strong> (\u00f6rne\u011fin, ara\u00e7 i\u00e7i \/ d\u0131\u015f mekan kullan\u0131m\u0131) yakla\u015f\u0131k 0,8-1,2 mm kal\u0131nl\u0131ktad\u0131r. Temel kal\u0131nl\u0131\u011f\u0131 teknoloji rotas\u0131na g\u00f6re biraz de\u011fi\u015fir<\/strong><\/span><\/p>\n<p style=\"text-align: center;\"><span style=\"font-family: helvetica, arial, sans-serif;\"><strong> (OLED \/ Mikro-LED), ve \u00f6zel kullan\u0131m ihtiya\u00e7lar\u0131n\u0131z\u0131 kar\u015f\u0131lamak i\u00e7in tam olarak ayarlanabilir.<\/strong><\/span><\/p>","protected":false},"excerpt":{"rendered":"<p>Esnek ekranlar, geli\u015fmi\u015f OLED veya Micro-LED teknolojilerine dayanan devrimci ekran \u00fcr\u00fcnleridir. B\u00fck\u00fclebilir, katlanabilir ve hatta yuvarlanabilir olmak gibi benzersiz fiziksel \u00f6zelliklere sahipler, bu da geleneksel sert ekranlar\u0131n form s\u0131n\u0131rlamalar\u0131n\u0131 tamamen k\u0131rar ve kullan\u0131c\u0131lara yepyeni g\u00f6rsel deneyimler ve uygulama olanaklar\u0131 getirir. Bu ekranlar sadece serbest formlu tasar\u0131mlarla son derece esnek de\u011fildir - katlanabilir ak\u0131ll\u0131 telefonlar, yuvarlanabilir TV'ler ve sar\u0131labilir ak\u0131ll\u0131 saatler gibi \u00e7e\u015fitli terminallere uyum sa\u011flayabilir. \u015fekile uygun g\u00f6r\u00fcnt\u00fcleme&#8221; Ayr\u0131ca ince, hafif ve ta\u015f\u0131nabilir, darbeye dayan\u0131kl\u0131, d\u00fc\u015f\u00fck mavi \u0131\u015f\u0131k emisyonu, y\u00fcksek yenileme h\u0131zlar\u0131 (120Hz ve \u00fcst\u00fcne kadar) ve geni\u015f renk yelpazeleri dahil olmak \u00fczere avantajlara sahiptir. G\u00f6r\u00fcnt\u00fcleri p\u00fcr\u00fczs\u00fcz ve hassas, ayn\u0131 zamanda g\u00f6z koruyucu ve enerji verimli. Ayr\u0131ca, kendi kendini ayd\u0131nlatan teknolojileri g\u00fc\u00e7 t\u00fcketimini \u00f6nemli \u00f6l\u00e7\u00fcde azaltabilir ve cihazlar\u0131n pil \u00f6mr\u00fcn\u00fc uzatabilir. Ayr\u0131ca e\u011frilik, boyut ve \u015feffafl\u0131\u011f\u0131n esnek \u00f6zelle\u015ftirilmesini destekler ve t\u00fcketici elektronikleri, ara\u00e7 i\u00e7indeki ekranlar, ticari sergiler, giyilebilir cihazlar ve ev dekorasyonu gibi alanlarda yayg\u0131n olarak kullan\u0131lmaktad\u0131r. Esnek ekranlar ak\u0131ll\u0131 terminallerde yenilikleri s\u00fcrd\u00fcrmeye ve g\u00f6rsel etkile\u015fimi d\u00f6n\u00fc\u015ft\u00fcrmeye devam ediyor.<\/p>","protected":false},"featured_media":2508,"comment_status":"closed","ping_status":"closed","template":"","meta":[],"product_brand":[],"product_cat":[33,46],"product_tag":[],"class_list":{"0":"post-2148","1":"product","2":"type-product","3":"status-publish","4":"has-post-thumbnail","6":"product_cat-flexible-display","7":"product_cat-indoor-flexible-display","9":"first","10":"instock","11":"shipping-taxable","12":"product-type-simple"},"_links":{"self":[{"href":"https:\/\/www.leyaled.com\/tr\/wp-json\/wp\/v2\/product\/2148","targetHints":{"allow":["GET"]}}],"collection":[{"href":"https:\/\/www.leyaled.com\/tr\/wp-json\/wp\/v2\/product"}],"about":[{"href":"https:\/\/www.leyaled.com\/tr\/wp-json\/wp\/v2\/types\/product"}],"replies":[{"embeddable":true,"href":"https:\/\/www.leyaled.com\/tr\/wp-json\/wp\/v2\/comments?post=2148"}],"wp:featuredmedia":[{"embeddable":true,"href":"https:\/\/www.leyaled.com\/tr\/wp-json\/wp\/v2\/media\/2508"}],"wp:attachment":[{"href":"https:\/\/www.leyaled.com\/tr\/wp-json\/wp\/v2\/media?parent=2148"}],"wp:term":[{"taxonomy":"product_brand","embeddable":true,"href":"https:\/\/www.leyaled.com\/tr\/wp-json\/wp\/v2\/product_brand?post=2148"},{"taxonomy":"product_cat","embeddable":true,"href":"https:\/\/www.leyaled.com\/tr\/wp-json\/wp\/v2\/product_cat?post=2148"},{"taxonomy":"product_tag","embeddable":true,"href":"https:\/\/www.leyaled.com\/tr\/wp-json\/wp\/v2\/product_tag?post=2148"}],"curies":[{"name":"wp","href":"https:\/\/api.w.org\/{rel}","templated":true}]}}