{"id":2947,"date":"2025-11-10T14:29:27","date_gmt":"2025-11-10T06:29:27","guid":{"rendered":"https:\/\/www.leyaled.com\/?post_type=product&#038;p=2947"},"modified":"2025-12-09T11:53:40","modified_gmt":"2025-12-09T03:53:40","slug":"outdoor-display-p3","status":"publish","type":"product","link":"https:\/\/www.leyaled.com\/pt\/outdoor-led-display\/outdoor-display-p3\/","title":{"rendered":"ao ar livre, mostrar P3"},"content":{"rendered":"<p style=\"text-align: center;\"><strong><span style=\"font-family: helvetica, arial, sans-serif; font-size: 14pt;\">Display LED s\u00e3o produtos personalizados. Para a personaliza\u00e7\u00e3o de ecr\u00e3 completa, por favor contacte o servi\u00e7o de clientes para as perguntas.<\/span><\/strong><\/p>\n<p style=\"text-align: center;\"><strong><span style=\"font-family: helvetica, arial, sans-serif; font-size: 14pt;\">P3[UNK] LED Display Core Selling Points<\/span><\/strong><\/p>\n<p style=\"text-align: center;\"><span style=\"font-family: helvetica, arial, sans-serif; font-size: 14pt;\">Resaltar especies: pico de 3 mm e 111.111 picos por metro quadrado, produzindo efeitos de visualiza\u00e7\u00e3o ultra-claros e delicados.<\/span><\/p>\n<p style=\"text-align: center;\"><span style=\"font-family: helvetica, arial, sans-serif; font-size: 14pt;\"> fornece visuais crisps e detalhados com suporte 1080P\/4K.<\/span><\/p>\n<p style=\"text-align: center;\"><span style=\"font-family: helvetica, arial, sans-serif; font-size: 14pt;\">600-1000 cd\/ \u33a1  brilho e alto contraste, perfeito para uma vista confort\u00e1vel de perto dentro.<\/span><\/p>\n<p style=\"text-align: center;\"><span style=\"font-family: helvetica, arial, sans-serif; font-size: 14pt;\">Design modular possibilita fragmenta\u00e7\u00e3o flex\u00edvel e formas personalizadas, super f\u00e1cil de instalar.<\/span><\/p>\n<p style=\"text-align: center;\"><span style=\"font-family: helvetica, arial, sans-serif; font-size: 14pt;\">\u00e2ngulo de vis\u00e3o de 160\u00b0, cores consistentes de todos os lados, uso de baixa pot\u00eancia e longa vida de servi\u00e7o.<\/span><\/p>\n<p style=\"text-align: center;\"><span style=\"font-family: helvetica, arial, sans-serif; font-size: 14pt;\">Ideal para espa\u00e7os interiores prim\u00e1rios: salas de exposi\u00e7\u00e3o, salas de reuni\u00f5es, centros comerciais e mais.<\/span><\/p>\n<p style=\"text-align: center;\"><strong><span style=\"font-family: helvetica, arial, sans-serif; font-size: 14pt;\">Pantalla de aluguer est\u00e1gio<\/span><\/strong><\/p>\n<p style=\"text-align: center;\"><span style=\"font-family: helvetica, arial, sans-serif; font-size: 14pt;\">High Definition ScreenSeamless Stitching-High Refresh Rate<\/span><\/p>\n<p style=\"text-align: center;\"><img fetchpriority=\"high\" decoding=\"async\" class=\"alignnone size-full wp-image-3112\" src=\"https:\/\/www.leyaled.com\/wp-content\/uploads\/2025\/11\/disp1.webp\" alt=\"\" width=\"800\" height=\"812\" srcset=\"https:\/\/www.leyaled.com\/wp-content\/uploads\/2025\/11\/disp1.webp 800w, https:\/\/www.leyaled.com\/wp-content\/uploads\/2025\/11\/disp1-296x300.webp 296w, https:\/\/www.leyaled.com\/wp-content\/uploads\/2025\/11\/disp1-768x780.webp 768w, https:\/\/www.leyaled.com\/wp-content\/uploads\/2025\/11\/disp1-600x609.webp 600w\" sizes=\"(max-width: 800px) 100vw, 800px\" \/><\/p>\n<p style=\"text-align: center;\"><strong><span style=\"font-family: helvetica, arial, sans-serif; font-size: 14pt;\">Low Brightness High Gray<\/span><\/strong><\/p>\n<p style=\"text-align: center;\"><span style=\"font-family: helvetica, arial, sans-serif;\">Sharp, colorido, de alta defini\u00e7\u00e3o e natureza<\/span><\/p>\n<p style=\"text-align: center;\"><img decoding=\"async\" class=\"alignnone size-full wp-image-3075\" src=\"https:\/\/www.leyaled.com\/wp-content\/uploads\/2025\/10\/display-3.webp\" alt=\"\" width=\"800\" height=\"648\" srcset=\"https:\/\/www.leyaled.com\/wp-content\/uploads\/2025\/10\/display-3.webp 800w, https:\/\/www.leyaled.com\/wp-content\/uploads\/2025\/10\/display-3-300x243.webp 300w, https:\/\/www.leyaled.com\/wp-content\/uploads\/2025\/10\/display-3-768x622.webp 768w, https:\/\/www.leyaled.com\/wp-content\/uploads\/2025\/10\/display-3-600x486.webp 600w\" sizes=\"(max-width: 800px) 100vw, 800px\" \/><\/p>\n<p style=\"text-align: center;\"><span style=\"font-family: helvetica, arial, sans-serif;\">\u00a0 Baixo brilho e e A escala gris baixa - baixa escala gris <\/span><\/p>\n<p style=\"text-align: center;\"><span style=\"font-family: helvetica, arial, sans-serif;\">Perda significativa de detalhes da \u00e1rea escura<\/span><\/p>\n<p style=\"text-align: center;\"><strong><span style=\"font-family: helvetica, arial, sans-serif; font-size: 14pt;\">Thin &amp; estrutura direita<\/span><\/strong><\/p>\n<p style=\"text-align: center;\"><span style=\"font-family: helvetica, arial, sans-serif; font-size: 14pt;\">Peso ligeiro com uma dura\u00e7\u00e3o de vida de 10 anos<\/span><\/p>\n<p><img decoding=\"async\" class=\"size-full wp-image-3092 aligncenter\" src=\"https:\/\/www.leyaled.com\/wp-content\/uploads\/2025\/11\/display2.webp\" alt=\"\" width=\"800\" height=\"800\" srcset=\"https:\/\/www.leyaled.com\/wp-content\/uploads\/2025\/11\/display2.webp 800w, https:\/\/www.leyaled.com\/wp-content\/uploads\/2025\/11\/display2-300x300.webp 300w, https:\/\/www.leyaled.com\/wp-content\/uploads\/2025\/11\/display2-150x150.webp 150w, https:\/\/www.leyaled.com\/wp-content\/uploads\/2025\/11\/display2-768x768.webp 768w, https:\/\/www.leyaled.com\/wp-content\/uploads\/2025\/11\/display2-600x600.webp 600w, https:\/\/www.leyaled.com\/wp-content\/uploads\/2025\/11\/display2-100x100.webp 100w\" sizes=\"(max-width: 800px) 100vw, 800px\" \/><\/p>\n<p style=\"text-align: center;\"><span style=\"font-family: helvetica, arial, sans-serif; font-size: 14pt;\">O corpo da caixa adota for\u00e7a de altura de moldagem de alum\u00ednio, resist\u00eancia,<\/span><\/p>\n<p style=\"text-align: center;\"><span style=\"font-family: helvetica, arial, sans-serif; font-size: 14pt;\">alta precis\u00e3o, n\u00e3o f\u00e1cil de desformar,para o transporte economizar energia.<\/span><\/p>\n<p style=\"text-align: center;\"><span style=\"font-family: helvetica, arial, sans-serif; font-size: 14pt;\">Instala\u00e7\u00e3o f\u00e1cil<\/span><\/p>\n<p style=\"text-align: center;\"><span style=\"font-family: helvetica, arial, sans-serif; font-size: 14pt;\">Instala\u00e7\u00e3o r\u00e1pida de posi\u00e7\u00e3o flex\u00edvel precisa<\/span><\/p>\n<p style=\"text-align: center;\"><img loading=\"lazy\" decoding=\"async\" class=\"alignnone size-full wp-image-3044\" src=\"https:\/\/www.leyaled.com\/wp-content\/uploads\/2025\/10\/display-led.webp\" alt=\"\" width=\"800\" height=\"556\" srcset=\"https:\/\/www.leyaled.com\/wp-content\/uploads\/2025\/10\/display-led.webp 800w, https:\/\/www.leyaled.com\/wp-content\/uploads\/2025\/10\/display-led-300x209.webp 300w, https:\/\/www.leyaled.com\/wp-content\/uploads\/2025\/10\/display-led-768x534.webp 768w, https:\/\/www.leyaled.com\/wp-content\/uploads\/2025\/10\/display-led-600x417.webp 600w\" sizes=\"(max-width: 800px) 100vw, 800px\" \/><\/p>\n<p style=\"text-align: center;\"><span style=\"font-family: helvetica, arial, sans-serif; font-size: 14pt;\">A caixa \u00e9 leve e fina,f\u00e1cil de montar e desmontar para o transporte, <\/span><\/p>\n<p style=\"text-align: center;\"><span style=\"font-family: helvetica, arial, sans-serif; font-size: 14pt;\">e a espessura \u00e9 reduzida para salvar a \u00e1rea da tela.<\/span><\/p>\n<p style=\"text-align: center;\"><span style=\"font-size: 14pt;\"><strong><span style=\"font-family: helvetica, arial, sans-serif;\">Os detalhes determinam qualidade.<\/span><\/strong><\/span><\/p>\n<p><span style=\"font-size: 14pt;\"><strong><span style=\"font-family: helvetica, arial, sans-serif;\"><img loading=\"lazy\" decoding=\"async\" class=\"size-full wp-image-3156 aligncenter\" src=\"https:\/\/www.leyaled.com\/wp-content\/uploads\/2025\/11\/ing-2.webp\" alt=\"\" width=\"800\" height=\"690\" srcset=\"https:\/\/www.leyaled.com\/wp-content\/uploads\/2025\/11\/ing-2.webp 800w, https:\/\/www.leyaled.com\/wp-content\/uploads\/2025\/11\/ing-2-300x259.webp 300w, https:\/\/www.leyaled.com\/wp-content\/uploads\/2025\/11\/ing-2-768x662.webp 768w, https:\/\/www.leyaled.com\/wp-content\/uploads\/2025\/11\/ing-2-600x518.webp 600w\" sizes=\"(max-width: 800px) 100vw, 800px\" \/><\/span><\/strong><\/span><\/p>\n<p style=\"text-align: center;\"><span style=\"font-family: helvetica, arial, sans-serif; font-size: 14pt;\">Nossas telas LED apresentam feixes uniformes de l\u00e2mpadas e nunca t\u00eam pixels mortos. N\u00e3o goste de tela negra,<\/span><\/p>\n<p style=\"text-align: center;\"><span style=\"font-family: helvetica, arial, sans-serif; font-size: 14pt;\"> sem congelamento, sem lat\u00eancia e brilho super alto! Os pixels ultra HD de cor pura trazem <\/span><\/p>\n<p style=\"text-align: center;\"><span style=\"font-family: helvetica, arial, sans-serif; font-size: 14pt;\">imagens cristalinas claras -- sem flicker, sem fantasmas, e absolutamente sem queimadura!<\/span><\/p>\n<p style=\"text-align: center;\"><img loading=\"lazy\" decoding=\"async\" class=\"alignnone size-full wp-image-3157\" src=\"https:\/\/www.leyaled.com\/wp-content\/uploads\/2025\/11\/detailed-pictures.webp\" alt=\"\" width=\"800\" height=\"800\" srcset=\"https:\/\/www.leyaled.com\/wp-content\/uploads\/2025\/11\/detailed-pictures.webp 800w, https:\/\/www.leyaled.com\/wp-content\/uploads\/2025\/11\/detailed-pictures-300x300.webp 300w, https:\/\/www.leyaled.com\/wp-content\/uploads\/2025\/11\/detailed-pictures-150x150.webp 150w, https:\/\/www.leyaled.com\/wp-content\/uploads\/2025\/11\/detailed-pictures-768x768.webp 768w, https:\/\/www.leyaled.com\/wp-content\/uploads\/2025\/11\/detailed-pictures-600x600.webp 600w, https:\/\/www.leyaled.com\/wp-content\/uploads\/2025\/11\/detailed-pictures-100x100.webp 100w\" sizes=\"(max-width: 800px) 100vw, 800px\" \/><\/p>\n<p style=\"text-align: center;\"><span style=\"font-family: helvetica, arial, sans-serif; font-size: 14pt;\">Nossas telas LED boam-se de superf\u00edcies de m\u00e1scara plana e grande coer\u00eancia de produtos! Usamos tecnologia de potting liderante na ind\u00fastria<\/span><\/p>\n<p style=\"text-align: center;\"><span style=\"font-family: helvetica, arial, sans-serif; font-size: 14pt;\"> para uma finalidade suave, at\u00e9 mesmo que mant\u00e9m a poeira e a umidade fora - garantindo a mesma qualidade confi\u00e1vel para cada unidade.<\/span><\/p>\n<p style=\"text-align: center;\"><span style=\"font-family: helvetica, arial, sans-serif; font-size: 14pt;\">Nossas telas LED cobrem m\u00faltiplos cen\u00e1rios de aplica\u00e7\u00e3o, incluindo exposi\u00e7\u00f5es internas e bilhetes externos.<\/span><\/p>\n<p style=\"text-align: center;\"><img loading=\"lazy\" decoding=\"async\" class=\"alignnone size-full wp-image-3158\" src=\"https:\/\/www.leyaled.com\/wp-content\/uploads\/2025\/11\/ing3.webp\" alt=\"\" width=\"800\" height=\"800\" srcset=\"https:\/\/www.leyaled.com\/wp-content\/uploads\/2025\/11\/ing3.webp 800w, https:\/\/www.leyaled.com\/wp-content\/uploads\/2025\/11\/ing3-300x300.webp 300w, https:\/\/www.leyaled.com\/wp-content\/uploads\/2025\/11\/ing3-150x150.webp 150w, https:\/\/www.leyaled.com\/wp-content\/uploads\/2025\/11\/ing3-768x768.webp 768w, https:\/\/www.leyaled.com\/wp-content\/uploads\/2025\/11\/ing3-600x600.webp 600w, https:\/\/www.leyaled.com\/wp-content\/uploads\/2025\/11\/ing3-100x100.webp 100w\" sizes=\"(max-width: 800px) 100vw, 800px\" \/><\/p>\n<p style=\"text-align: center;\"><span style=\"font-family: helvetica, arial, sans-serif; font-size: 14pt;\">sobre as for\u00e7as das exibi\u00e7\u00f5es de LED P3 no ar livre? Contacte-nos hoje para solu\u00e7\u00f5es personalizadas!<\/span><\/p>","protected":false},"excerpt":{"rendered":"<p>O display de LED P3 tem um pico de 3 mm e 111.111 picos por metro quadrado, fornecendo visuais agudos 1080P\/4K que s\u00e3o perfeitos para a vis\u00e3o interior de perto. Ela oferece 600-1000 cd\/ \u33a1  brilho e alto contraste, ent\u00e3o a luz fica suave e suave nos olhos. Al\u00e9m disso, ele suporta partilha modular flex\u00edvel e formas irregulares personalizadas, com instala\u00e7\u00e3o super f\u00e1cil. Tamb\u00e9m tem um \u00e2ngulo de vis\u00e3o de 160\u00b0, cores consistentes, uso de baixa pot\u00eancia e uma long a dura\u00e7\u00e3o de vida \u2013 fazendo com que seja uma grande escolha para configura\u00e7\u00f5es de display interior de meio a alto fim.<\/p>","protected":false},"featured_media":2949,"comment_status":"closed","ping_status":"closed","template":"","meta":[],"product_brand":[],"product_cat":[43,15],"product_tag":[],"class_list":{"0":"post-2947","1":"product","2":"type-product","3":"status-publish","4":"has-post-thumbnail","6":"product_cat-outdoor-led-display","7":"product_cat-standard-led-display","9":"first","10":"instock","11":"shipping-taxable","12":"product-type-simple"},"_links":{"self":[{"href":"https:\/\/www.leyaled.com\/pt\/wp-json\/wp\/v2\/product\/2947","targetHints":{"allow":["GET"]}}],"collection":[{"href":"https:\/\/www.leyaled.com\/pt\/wp-json\/wp\/v2\/product"}],"about":[{"href":"https:\/\/www.leyaled.com\/pt\/wp-json\/wp\/v2\/types\/product"}],"replies":[{"embeddable":true,"href":"https:\/\/www.leyaled.com\/pt\/wp-json\/wp\/v2\/comments?post=2947"}],"wp:featuredmedia":[{"embeddable":true,"href":"https:\/\/www.leyaled.com\/pt\/wp-json\/wp\/v2\/media\/2949"}],"wp:attachment":[{"href":"https:\/\/www.leyaled.com\/pt\/wp-json\/wp\/v2\/media?parent=2947"}],"wp:term":[{"taxonomy":"product_brand","embeddable":true,"href":"https:\/\/www.leyaled.com\/pt\/wp-json\/wp\/v2\/product_brand?post=2947"},{"taxonomy":"product_cat","embeddable":true,"href":"https:\/\/www.leyaled.com\/pt\/wp-json\/wp\/v2\/product_cat?post=2947"},{"taxonomy":"product_tag","embeddable":true,"href":"https:\/\/www.leyaled.com\/pt\/wp-json\/wp\/v2\/product_tag?post=2947"}],"curies":[{"name":"wp","href":"https:\/\/api.w.org\/{rel}","templated":true}]}}