{"id":2931,"date":"2025-11-07T11:59:46","date_gmt":"2025-11-07T03:59:46","guid":{"rendered":"https:\/\/www.leyaled.com\/?post_type=product&#038;p=2931"},"modified":"2025-12-09T14:32:59","modified_gmt":"2025-12-09T06:32:59","slug":"outdoor-p6","status":"publish","type":"product","link":"https:\/\/www.leyaled.com\/pt\/outdoor-fixed-installation\/outdoor-p6\/","title":{"rendered":"exposi\u00e7\u00e3o P6 ao ar livre para aluguer"},"content":{"rendered":"<p style=\"text-align: center;\"><strong><span style=\"font-family: helvetica, arial, sans-serif; font-size: 14pt;\">Display LED s\u00e3o produtos personalizados. Para a personaliza\u00e7\u00e3o de ecr\u00e3 completa, por favor contacte o servi\u00e7o de clientes para as perguntas.<\/span><\/strong><\/p>\n<p style=\"text-align: center;\"><span style=\"font-family: helvetica, arial, sans-serif; font-size: 14pt;\"><strong>Amigo do or\u00e7amento e - Alto desempenho<\/strong><\/span><br \/>\n<span style=\"font-family: helvetica, arial, sans-serif; font-size: 14pt;\">O pico de 6 mm atinge o equil\u00edbrio ideal entre visuais claros e efici\u00eancia de custo. melhor do que P3\/P4 para <\/span><\/p>\n<p style=\"text-align: center;\"><span style=\"font-family: helvetica, arial, sans-serif; font-size: 14pt;\">vista de m\u00e9dio longo (dist\u00e2ncia \u00f3tima de 6 a 30 metros) \u2014 uma escolha superior para placas comerciais externas e telas de aviso do campus.<\/span><\/p>\n<p style=\"text-align: center;\"><span style=\"font-family: helvetica, arial, sans-serif; font-size: 14pt;\"><strong>Tough Against Outdoor Elements<\/strong><\/span><\/p>\n<p style=\"text-align: center;\"><span style=\"font-family: helvetica, arial, sans-serif; font-size: 14pt;\">IP65 com potteria profissional: resistente \u00e0 chuva, p\u00f3, calor e umidade.<\/span><\/p>\n<p style=\"text-align: center;\"><span style=\"font-family: helvetica, arial, sans-serif; font-size: 14pt;\">Alto brilho (\u22656000cd\/ \u33a1)  assegura imagens v\u00edvidas e n\u00e3o desvanecidas mesmo em luz solar direta, correndo suavemente ao redor do rel\u00f3gio.<\/span><\/p>\n<p style=\"text-align: center;\"><span style=\"font-family: helvetica, arial, sans-serif; font-size: 14pt;\"><strong>A longo prazo e - Baixa manuten\u00e7\u00e3o<\/strong><\/span><\/p>\n<p style=\"text-align: center;\"><span style=\"font-family: helvetica, arial, sans-serif; font-size: 14pt;\">M\u00e1scara plana para partilhas e visuais uniformes, - m\u00f3dulos padronizados para<\/span><\/p>\n<p style=\"text-align: center;\"><span style=\"font-family: helvetica, arial, sans-serif; font-size: 14pt;\"> r\u00e1pida substitui\u00e7\u00e3o, reduzindo os custos de manuten\u00e7\u00e3o.<\/span><br \/>\n<span style=\"font-family: helvetica, arial, sans-serif; font-size: 14pt;\">Bombas uniformes significam nenhum pixel morto, nenhum flicker, nenhum queimado ou fantasma. <\/span><\/p>\n<p style=\"text-align: center;\"><span style=\"font-family: helvetica, arial, sans-serif; font-size: 14pt;\">Qualidade consistente garantida para compras em massa.<\/span><\/p>\n<p style=\"text-align: center;\"><span style=\"font-family: helvetica, arial, sans-serif; font-size: 14pt;\"><strong>Personaliz\u00e1vel para m\u00faltiplos cen\u00e1rios<\/strong><\/span><\/p>\n<p style=\"text-align: center;\"><span style=\"font-family: helvetica, arial, sans-serif; font-size: 14pt;\">Adaptar o tamanho da tela e o tipo de instala\u00e7\u00e3o (parede\/teto\/coluna montado) para encaixar an\u00fancios ao ar livre, <\/span><\/p>\n<p style=\"text-align: center;\"><span style=\"font-family: helvetica, arial, sans-serif; font-size: 14pt;\">exibi\u00e7\u00f5es do per\u00edmetro do est\u00e1dio, exibi\u00e7\u00f5es de guia de tr\u00e2nsito e mais.<\/span><\/p>\n<p style=\"text-align: center;\"><span style=\"font-family: helvetica, arial, sans-serif; font-size: 14pt;\">Nossas telas LED fornecem alto brilho para a visibilidade ao ar livre, baixo consumo de energia<\/span><\/p>\n<p style=\"text-align: center;\"><span style=\"font-family: helvetica, arial, sans-serif; font-size: 14pt;\"> para poupan\u00e7as de custos, e alta taxa de refrescamento para imagens lissas e sem flicker!<\/span><\/p>\n<p style=\"text-align: center;\"><img fetchpriority=\"high\" decoding=\"async\" class=\"alignnone size-full wp-image-3161\" src=\"https:\/\/www.leyaled.com\/wp-content\/uploads\/2025\/11\/p6-display.webp\" alt=\"\" width=\"800\" height=\"468\" srcset=\"https:\/\/www.leyaled.com\/wp-content\/uploads\/2025\/11\/p6-display.webp 800w, https:\/\/www.leyaled.com\/wp-content\/uploads\/2025\/11\/p6-display-300x176.webp 300w, https:\/\/www.leyaled.com\/wp-content\/uploads\/2025\/11\/p6-display-768x449.webp 768w, https:\/\/www.leyaled.com\/wp-content\/uploads\/2025\/11\/p6-display-600x351.webp 600w\" sizes=\"(max-width: 800px) 100vw, 800px\" \/><\/p>\n<p style=\"text-align: center;\"><span style=\"font-family: helvetica, arial, sans-serif; font-size: 14pt;\">Prova de ultra-\u00e1gua, vento e chuva<\/span><\/p>\n<p style=\"text-align: center;\"><span style=\"font-family: helvetica, arial, sans-serif; font-size: 14pt;\">Resiste aos tif\u00f5es e - baixas temperaturas<\/span><\/p>\n<p style=\"text-align: center;\"><span style=\"font-family: helvetica, arial, sans-serif; font-size: 14pt;\">Resiste a fortes derramamentos<\/span><\/p>\n<p style=\"text-align: center;\"><span style=\"font-family: helvetica, arial, sans-serif; font-size: 14pt;\">Tolera alta umidade<\/span><\/p>\n<p style=\"text-align: center;\"><span style=\"font-family: helvetica, arial, sans-serif; font-size: 14pt;\">Termina alto calor e - spray de sal<\/span><\/p>\n<p style=\"text-align: center;\"><img decoding=\"async\" class=\"alignnone size-full wp-image-3160\" src=\"https:\/\/www.leyaled.com\/wp-content\/uploads\/2025\/11\/p6display.webp\" alt=\"\" width=\"800\" height=\"464\" srcset=\"https:\/\/www.leyaled.com\/wp-content\/uploads\/2025\/11\/p6display.webp 800w, https:\/\/www.leyaled.com\/wp-content\/uploads\/2025\/11\/p6display-300x174.webp 300w, https:\/\/www.leyaled.com\/wp-content\/uploads\/2025\/11\/p6display-768x445.webp 768w, https:\/\/www.leyaled.com\/wp-content\/uploads\/2025\/11\/p6display-600x348.webp 600w\" sizes=\"(max-width: 800px) 100vw, 800px\" \/><\/p>\n<p style=\"text-align: center;\"><span style=\"font-family: helvetica, arial, sans-serif; font-size: 14pt;\">Quanto maior a densidade de p\u00edxelesque mais forte a qualidade da imagem<\/span><\/p>\n<p style=\"text-align: center;\"><img decoding=\"async\" class=\"alignnone size-full wp-image-3162\" src=\"https:\/\/www.leyaled.com\/wp-content\/uploads\/2025\/11\/p6display-for.webp\" alt=\"\" width=\"800\" height=\"533\" srcset=\"https:\/\/www.leyaled.com\/wp-content\/uploads\/2025\/11\/p6display-for.webp 800w, https:\/\/www.leyaled.com\/wp-content\/uploads\/2025\/11\/p6display-for-300x200.webp 300w, https:\/\/www.leyaled.com\/wp-content\/uploads\/2025\/11\/p6display-for-768x512.webp 768w, https:\/\/www.leyaled.com\/wp-content\/uploads\/2025\/11\/p6display-for-600x400.webp 600w\" sizes=\"(max-width: 800px) 100vw, 800px\" \/><\/p>\n<p style=\"text-align: center;\"><strong><span style=\"font-family: helvetica, arial, sans-serif; font-size: 14pt;\">FWS Technology LED Displays - Mais aten\u00e7\u00e3o a cada detalhe<\/span><\/strong><\/p>\n<p style=\"text-align: center;\"><strong><span style=\"font-family: helvetica, arial, sans-serif; font-size: 14pt;\">M\u00f3dulos de alta qualidade<\/span><\/strong><\/p>\n<p style=\"text-align: center;\"><span style=\"font-family: helvetica, arial, sans-serif; font-size: 14pt;\">Design modular para dividir f\u00e1cilTrue color, high stability, long life<\/span><\/p>\n<p style=\"text-align: center;\"><img loading=\"lazy\" decoding=\"async\" class=\"alignnone size-full wp-image-3163\" src=\"https:\/\/www.leyaled.com\/wp-content\/uploads\/2025\/11\/p6.webp\" alt=\"\" width=\"800\" height=\"662\" srcset=\"https:\/\/www.leyaled.com\/wp-content\/uploads\/2025\/11\/p6.webp 800w, https:\/\/www.leyaled.com\/wp-content\/uploads\/2025\/11\/p6-300x248.webp 300w, https:\/\/www.leyaled.com\/wp-content\/uploads\/2025\/11\/p6-768x636.webp 768w, https:\/\/www.leyaled.com\/wp-content\/uploads\/2025\/11\/p6-600x497.webp 600w\" sizes=\"(max-width: 800px) 100vw, 800px\" \/><\/p>\n<p style=\"text-align: center;\"><span style=\"font-size: 14pt;\"><strong><span style=\"font-family: helvetica, arial, sans-serif;\">High Quality PcB Board&amp; - Lamp Beads<\/span><\/strong><\/span><\/p>\n<p style=\"text-align: center;\"><span style=\"font-family: helvetica, arial, sans-serif; font-size: 14pt;\">Solda\u00e7\u00e3o de ondas autom\u00e1tica, soldagem s\u00f3lida<\/span><\/p>\n<p style=\"text-align: center;\"><img loading=\"lazy\" decoding=\"async\" class=\"alignnone size-full wp-image-3164\" src=\"https:\/\/www.leyaled.com\/wp-content\/uploads\/2025\/11\/p6display-for-1.webp\" alt=\"\" width=\"800\" height=\"417\" srcset=\"https:\/\/www.leyaled.com\/wp-content\/uploads\/2025\/11\/p6display-for-1.webp 800w, https:\/\/www.leyaled.com\/wp-content\/uploads\/2025\/11\/p6display-for-1-300x156.webp 300w, https:\/\/www.leyaled.com\/wp-content\/uploads\/2025\/11\/p6display-for-1-768x400.webp 768w, https:\/\/www.leyaled.com\/wp-content\/uploads\/2025\/11\/p6display-for-1-600x313.webp 600w\" sizes=\"(max-width: 800px) 100vw, 800px\" \/><\/p>\n<p style=\"text-align: center;\"><strong><span style=\"font-family: helvetica, arial, sans-serif; font-size: 14pt;\">Aluminio Die-cast<\/span><\/strong><\/p>\n<p style=\"text-align: center;\"><span style=\"font-size: 14pt; font-family: helvetica, arial, sans-serif;\">Aluminio Die-cast, forte &amp; - ThinBeautiful &amp; generoso, mostrar personalidade<\/span><\/p>\n<p style=\"text-align: center;\"><img loading=\"lazy\" decoding=\"async\" class=\"alignnone size-full wp-image-3165\" src=\"https:\/\/www.leyaled.com\/wp-content\/uploads\/2025\/11\/display-7.webp\" alt=\"\" width=\"800\" height=\"533\" srcset=\"https:\/\/www.leyaled.com\/wp-content\/uploads\/2025\/11\/display-7.webp 800w, https:\/\/www.leyaled.com\/wp-content\/uploads\/2025\/11\/display-7-300x200.webp 300w, https:\/\/www.leyaled.com\/wp-content\/uploads\/2025\/11\/display-7-768x512.webp 768w, https:\/\/www.leyaled.com\/wp-content\/uploads\/2025\/11\/display-7-600x400.webp 600w\" sizes=\"(max-width: 800px) 100vw, 800px\" \/><\/p>\n<p style=\"text-align: center;\"><strong><span style=\"font-family: helvetica, arial, sans-serif; font-size: 14pt;\">Instala\u00e7\u00e3o f\u00e1cil&amp; - Elimina\u00e7\u00e3o<\/span><\/strong><\/p>\n<p style=\"text-align: center;\"><span style=\"font-family: helvetica, arial, sans-serif; font-size: 14pt;\">Design estrutural inovatorThin e light box, f\u00e1cil de conectar<\/span><\/p>\n<p style=\"text-align: center;\"><img loading=\"lazy\" decoding=\"async\" class=\"alignnone size-full wp-image-3166\" src=\"https:\/\/www.leyaled.com\/wp-content\/uploads\/2025\/11\/display-for.webp\" alt=\"\" width=\"800\" height=\"1067\" srcset=\"https:\/\/www.leyaled.com\/wp-content\/uploads\/2025\/11\/display-for.webp 800w, https:\/\/www.leyaled.com\/wp-content\/uploads\/2025\/11\/display-for-225x300.webp 225w, https:\/\/www.leyaled.com\/wp-content\/uploads\/2025\/11\/display-for-768x1024.webp 768w, https:\/\/www.leyaled.com\/wp-content\/uploads\/2025\/11\/display-for-600x800.webp 600w\" sizes=\"(max-width: 800px) 100vw, 800px\" \/><\/p>\n<p style=\"text-align: center;\"><strong><span style=\"font-family: helvetica, arial, sans-serif; font-size: 14pt;\">Escenas aplic\u00e1veis<\/span><\/strong><\/p>\n<p style=\"text-align: center;\"><span style=\"font-family: helvetica, arial, sans-serif; font-size: 14pt;\">Suitable for Various IndustriesConference Halls,Supermarkets, Bars, etc.<\/span><\/p>\n<p style=\"text-align: center;\"><img loading=\"lazy\" decoding=\"async\" class=\"alignnone size-full wp-image-3167\" src=\"https:\/\/www.leyaled.com\/wp-content\/uploads\/2025\/11\/display-p6.webp\" alt=\"\" width=\"800\" height=\"769\" srcset=\"https:\/\/www.leyaled.com\/wp-content\/uploads\/2025\/11\/display-p6.webp 800w, https:\/\/www.leyaled.com\/wp-content\/uploads\/2025\/11\/display-p6-300x288.webp 300w, https:\/\/www.leyaled.com\/wp-content\/uploads\/2025\/11\/display-p6-768x738.webp 768w, https:\/\/www.leyaled.com\/wp-content\/uploads\/2025\/11\/display-p6-600x577.webp 600w\" sizes=\"(max-width: 800px) 100vw, 800px\" \/><\/p>\n<p style=\"text-align: center;\"><span style=\"font-family: helvetica, arial, sans-serif; font-size: 14pt;\">O que mais podem fazer os exibidores de LED P6? Eles s\u00e3o capazes de produzir efeitos 3D de olho nua impressionantes para comerciais<\/span><\/p>\n<p style=\"text-align: center;\"><span style=\"font-family: helvetica, arial, sans-serif; font-size: 14pt;\"> distritos e marcas culturais, criando experi\u00eancias imersivas sem equipamento adicional. - Personaliz\u00e1vel em curva,<\/span><\/p>\n<p style=\"text-align: center;\"><span style=\"font-family: helvetica, arial, sans-serif; font-size: 14pt;\"> esf\u00e9ricas ou outras formas especiais, elas se encaixam perfeitamente para fundos de palco, instala\u00e7\u00f5es de arte cen\u00e1rias e facadas de constru\u00e7\u00e3o.<\/span><\/p>\n<p style=\"text-align: center;\"><span style=\"font-family: helvetica, arial, sans-serif; font-size: 14pt;\"> Desde lan\u00e7amento de informa\u00e7\u00f5es em tempo real nos centros de transporte \u00e0 publicidade comercial e p\u00fablica, seu IP65<\/span><\/p>\n<p style=\"text-align: center;\"><span style=\"font-family: helvetica, arial, sans-serif; font-size: 14pt;\"> prote\u00e7\u00e3o e display de alta defini\u00e7\u00e3o asseguram desempenho confi\u00e1vel. Contacte-nos agora para explorar mais possibilidades!<\/span><\/p>","protected":false},"excerpt":{"rendered":"<p>Esse display de LED P6[UNK] \u00e9 projetado para cen\u00e1rios de visualiza\u00e7\u00e3o de dist\u00e2ncia m\u00e9dia no exterior, com seus par\u00e2metros fundamentais e processos de fabrica\u00e7\u00e3o refinados por 14 anos de experi\u00eancia da ind\u00fastria. O pico de 6 mm (pixel pitch) satisfaz os requisitos de clareza da publicidade comercial e difus\u00e3o da informa\u00e7\u00e3o, enquanto o design de alta brilho (\u22656000cd\/ \u33a1)  garante imagens vivas e n\u00e3o esvanecidas mesmo sob luz solar forte direta. Adotando a tecnologia completa de potting e selagem, ela obt\u00e9m uma classifica\u00e7\u00e3o de prote\u00e7\u00e3o IP65, com resist\u00eancia aos tif\u00f5es, temperaturas extremas, chuva pesada e pulveriza\u00e7\u00e3o de sal para opera\u00e7\u00e3o est\u00e1vel 24\/7. Com excelente planeza de m\u00e1scara e coer\u00eancia do produto, a tela assegura lacunas m\u00ednimas de partilha. Os m\u00f3dulos padronizados suportam r\u00e1pido desmontagem e substitui\u00e7\u00e3o, reduzindo significativamente os custos posteriores de opera\u00e7\u00e3o e manuten\u00e7\u00e3o. - Op\u00e7\u00f5es de instala\u00e7\u00e3o personalizadas (montadas em parede, montadas em teto, montadas em colunas) s\u00e3o fornecidas para atender \u00e0s necessidades de implanta\u00e7\u00e3o no local de diferentes locais.<\/p>","protected":false},"featured_media":2944,"comment_status":"closed","ping_status":"closed","template":"","meta":[],"product_brand":[],"product_cat":[32,44],"product_tag":[],"class_list":{"0":"post-2931","1":"product","2":"type-product","3":"status-publish","4":"has-post-thumbnail","6":"product_cat-fixed-led-display","7":"product_cat-outdoor-fixed-installation","9":"first","10":"instock","11":"shipping-taxable","12":"product-type-simple"},"_links":{"self":[{"href":"https:\/\/www.leyaled.com\/pt\/wp-json\/wp\/v2\/product\/2931","targetHints":{"allow":["GET"]}}],"collection":[{"href":"https:\/\/www.leyaled.com\/pt\/wp-json\/wp\/v2\/product"}],"about":[{"href":"https:\/\/www.leyaled.com\/pt\/wp-json\/wp\/v2\/types\/product"}],"replies":[{"embeddable":true,"href":"https:\/\/www.leyaled.com\/pt\/wp-json\/wp\/v2\/comments?post=2931"}],"wp:featuredmedia":[{"embeddable":true,"href":"https:\/\/www.leyaled.com\/pt\/wp-json\/wp\/v2\/media\/2944"}],"wp:attachment":[{"href":"https:\/\/www.leyaled.com\/pt\/wp-json\/wp\/v2\/media?parent=2931"}],"wp:term":[{"taxonomy":"product_brand","embeddable":true,"href":"https:\/\/www.leyaled.com\/pt\/wp-json\/wp\/v2\/product_brand?post=2931"},{"taxonomy":"product_cat","embeddable":true,"href":"https:\/\/www.leyaled.com\/pt\/wp-json\/wp\/v2\/product_cat?post=2931"},{"taxonomy":"product_tag","embeddable":true,"href":"https:\/\/www.leyaled.com\/pt\/wp-json\/wp\/v2\/product_tag?post=2931"}],"curies":[{"name":"wp","href":"https:\/\/api.w.org\/{rel}","templated":true}]}}