{"id":2901,"date":"2025-11-06T15:36:32","date_gmt":"2025-11-06T07:36:32","guid":{"rendered":"https:\/\/www.leyaled.com\/?post_type=product&#038;p=2901"},"modified":"2025-12-10T15:33:34","modified_gmt":"2025-12-10T07:33:34","slug":"die-cast-aluminum-p6","status":"publish","type":"product","link":"https:\/\/www.leyaled.com\/pt\/outdoor-fixed-installation\/die-cast-aluminum-p6\/","title":{"rendered":"Aluminio Die-cast P6 para aluguer"},"content":{"rendered":"<h5 class=\"header-iWP5WJ auto-hide-last-sibling-br\" style=\"text-align: center;\"><span style=\"font-family: helvetica, arial, sans-serif;\"><strong><span style=\"font-size: 14pt;\">Display LED Die-Cast Aluminum P6: Caracter\u00edsticas chave<\/span><\/strong><\/span><\/h5>\n<p style=\"text-align: center;\"><span style=\"font-family: helvetica, arial, sans-serif; font-size: 14pt;\">O Die-Cast Aluminum P6 LED Display integra um armaz\u00e9m de alum\u00ednio de alta for\u00e7a com um pixel de 6 mm<\/span><\/p>\n<p style=\"text-align: center;\"><span style=\"font-family: helvetica, arial, sans-serif; font-size: 14pt;\"> pitch (P6), misturando estrutura robusta e desempenho de display afiado. \u00c9 uma solu\u00e7\u00e3o vers\u00e1til para o ar livre<\/span><\/p>\n<p style=\"text-align: center;\"><span style=\"font-family: helvetica, arial, sans-serif; font-size: 14pt;\"> publicidade, eventos de palco, salas de exposi\u00e7\u00e3o, e mais -- \u00e9 por isso que destaca:<\/span><\/p>\n<h2 class=\"header-iWP5WJ auto-hide-last-sibling-br\" style=\"text-align: center;\"><span style=\"font-family: helvetica, arial, sans-serif; font-size: 14pt;\">1. Forte, Slim &amp; Easy to Handle<\/span><\/h2>\n<p style=\"text-align: center;\">Encontrado com alum\u00ednio morto-laminado m\u00e1quinado com CNC, o armaz\u00e9m tem for\u00e7a excepcional<\/p>\n<p style=\"text-align: center;\">e habilidade anti-deforma\u00e7\u00e3o, perfeita para transporte externo e montagem\/desmontagem frequente.<\/p>\n<p style=\"text-align: center;\">Muito mais fino e leve do que caix\u00f5es tradicionais de metal (port\u00e1tiis por uma pessoa),<\/p>\n<p style=\"text-align: center;\">reduzindo os custos de trabalho para instala\u00e7\u00e3o e log\u00edstica.<\/p>\n<p style=\"text-align: center;\">Apoia montagem flex\u00edvel: levantamento, montagem,<\/p>\n<p style=\"text-align: center;\">ou montagem de paredes -- funciona sem problemas para superf\u00edcies planas ou curvas.<\/p>\n<p style=\"text-align: center;\"><span style=\"font-size: 14pt; font-family: helvetica, arial, sans-serif;\"><strong>2. Splicing Seamless for Immersive Views<\/strong><\/span><\/p>\n<p style=\"text-align: center;\"><span style=\"font-size: 14pt; font-family: helvetica, arial, sans-serif;\">A lacuna de partilha ultra precisa (t\u00e3o baixa como 0,1 mm) elimina os quebros de imagem, proporcionando um l\u00edquido, <\/span><\/p>\n<p style=\"text-align: center;\"><span style=\"font-size: 14pt; font-family: helvetica, arial, sans-serif;\">experi\u00eancia visual de tela inteira -- n\u00e3o h\u00e1 mais distra\u00e7\u00e3o de lacunas como exibi\u00e7\u00f5es tradicionais.<\/span><\/p>\n<p style=\"text-align: center;\"><span style=\"font-size: 14pt; font-family: helvetica, arial, sans-serif;\">O design de bloqueio r\u00e1pido permite instalar um arm\u00e1rio em cerca de 10 segundos. Adjustamento durante a partilha <\/span><\/p>\n<p style=\"text-align: center;\"><span style=\"font-size: 14pt; font-family: helvetica, arial, sans-serif;\">assegura brilho e cor uniformes em toda a tela.<\/span><\/p>\n<p style=\"text-align: center;\"><span style=\"font-family: helvetica, arial, sans-serif; font-size: 14pt;\"><strong>3. Impressionante Visualiza\u00e7\u00e3o para Qualquer Ambiente<\/strong><\/span><\/p>\n<p style=\"text-align: center;\"><span style=\"font-family: helvetica, arial, sans-serif; font-size: 14pt;\">Din\u00e2mica suave: \u22651920Hz frequ\u00eancia de refrescamento assegura v\u00eddeos\/anima\u00e7\u00f5es livres de flicker,<\/span><\/p>\n<p style=\"text-align: center;\"><span style=\"font-family: helvetica, arial, sans-serif; font-size: 14pt;\">ideal para transmiss\u00f5es ao vivo ou programas de palco onde a clareza na c\u00e2mera importa.<\/span><\/p>\n<p style=\"text-align: center;\"><span style=\"font-family: helvetica, arial, sans-serif; font-size: 14pt;\">Cores Vivas: 16,7 milh\u00f5es de cores completas com alta fidelidade. Calibra\u00e7\u00e3o pixel por pixel (em modelos selecionados) <\/span><\/p>\n<p style=\"text-align: center;\"><span style=\"font-family: helvetica, arial, sans-serif; font-size: 14pt;\">corrige o desvio de cores facilmente, mantendo os visuais consistentes a longo prazo.<\/span><\/p>\n<p style=\"text-align: center;\"><span style=\"font-family: helvetica, arial, sans-serif; font-size: 14pt;\">Luz e - Anglo Adaptable: Modelos externos oferecem \u22655500 cd\/ \u33a1  brilho <\/span><\/p>\n<p style=\"text-align: center;\"><span style=\"font-family: helvetica, arial, sans-serif; font-size: 14pt;\">(0-100% ajustado por software) - claro na luz solar, sem brilho \u00e0 noite. 100\u00b0-140\u00b0<\/span><\/p>\n<p style=\"text-align: center;\"><span style=\"font-family: helvetica, arial, sans-serif; font-size: 14pt;\"> um \u00e2ngulo de vis\u00e3o amplo permite que todos vejam claramente, n\u00e3o importa onde estejam.<\/span><\/p>\n<p style=\"text-align: center;\"><span style=\"font-family: helvetica, arial, sans-serif; font-size: 14pt;\"><strong>4. Dur\u00e1vel e Stable for 24\/7 Use<\/strong><\/span><\/p>\n<p style=\"text-align: center;\"><span style=\"font-family: helvetica, arial, sans-serif; font-size: 14pt;\">Ela \u00e9 constru\u00edda para resistir \u00e0s condi\u00e7\u00f5es do ar livre, gra\u00e7as a um armaz\u00e9m fechado com prote\u00e7\u00e3o IP65 -- isso mant\u00e9m fora a chuva, <\/span><\/p>\n<p style=\"text-align: center;\"><span style=\"font-family: helvetica, arial, sans-serif; font-size: 14pt;\">poeira, e umidade, ent\u00e3o voc\u00ea n\u00e3o tem que se preocupar com danos dos elementos. Os circuitos tamb\u00e9m t\u00eam<\/span><\/p>\n<p style=\"text-align: center;\"><span style=\"font-family: helvetica, arial, sans-serif; font-size: 14pt;\"> um revestimento especial que luta contra corros\u00e3o, est\u00e1tica e umidade, tornando a tela confi\u00e1vel por anos.<\/span><\/p>\n<p style=\"text-align: center;\"><span style=\"font-family: helvetica, arial, sans-serif; font-size: 14pt;\">Ela tamb\u00e9m lida com temperaturas duras. Usamos suprimentos de energia de alto n\u00edvel e chips IC de marcas globais bem conhecidas, <\/span><\/p>\n<p style=\"text-align: center;\"><span style=\"font-family: helvetica, arial, sans-serif; font-size: 14pt;\">ent\u00e3o funciona constantemente mesmo quando \u00e9 t\u00e3o frio como -10\u00b0C ou t\u00e3o quente como 50\u00b0C.<\/span><\/p>\n<p style=\"text-align: center;\"><span style=\"font-family: helvetica, arial, sans-serif; font-size: 14pt;\">Al\u00e9m disso, modelos selecionados v\u00eam com duas redund\u00e2ncias para energia e sinais. Isso significa que se uma fonte de energia ou sinal<\/span><\/p>\n<p style=\"text-align: center;\"><span style=\"font-family: helvetica, arial, sans-serif; font-size: 14pt;\">o caminho deixa de funcionar, o outro bate imediatamente -- sem desliga\u00e7\u00f5es s\u00fabitas para arruinar seu display.<\/span><\/p>\n<p style=\"text-align: center;\"><span style=\"font-family: helvetica, arial, sans-serif;\"><strong>5. Baixa manuten\u00e7\u00e3o, alto valor<\/strong><\/span><br \/>\n<span style=\"font-family: helvetica, arial, sans-serif;\">\u00c9 realmente bom permanecer frio -- n\u00e3o h\u00e1 problemas de sobrecarga aqui. O pr\u00f3prio alum\u00ednio morrido naturalmente deixa o calor escapar,<\/span><\/p>\n<p style=\"text-align: center;\"><span style=\"font-family: helvetica, arial, sans-serif;\"> e se voc\u00ea procurar o modelo ao ar livre, ele at\u00e9 vem com f\u00e3s adicionais para ajudar. Assim, a tela n\u00e3o se esgota r\u00e1pido de ficar quente demais.<\/span><\/p>\n<p style=\"text-align: center;\"><span style=\"font-family: helvetica, arial, sans-serif;\">Repara\u00e7\u00f5es tamb\u00e9m s\u00e3o uma brisa. Se algo quebrar, voc\u00ea n\u00e3o precisa substituir todo o arm\u00e1rio -- apenas trocar <\/span><\/p>\n<p style=\"text-align: center;\"><span style=\"font-family: helvetica, arial, sans-serif;\">m\u00f3dulo falhado ou pedra LED. poupa uma tonelada de tempo, e reduz custos de repara\u00e7\u00e3o tamb\u00e9m.<\/span><\/p>\n<p style=\"text-align: center;\"><span style=\"font-family: helvetica, arial, sans-serif;\">E os LED? Eles s\u00e3o constru\u00eddos para ir \u00e0 dist\u00e2ncia. Voc\u00ea pode executar essa tela 24\/7, dia em dia, e eles v\u00e3o<\/span><\/p>\n<p style=\"text-align: center;\"><span style=\"font-family: helvetica, arial, sans-serif;\"> esperam por anos. N\u00e3o h\u00e1 necessidade de cobrar dinheiro para substitui\u00e7\u00f5es frequentes de LED mais tarde.<\/span><\/p>\n<p style=\"text-align: center;\"><strong><span style=\"font-family: helvetica, arial, sans-serif; font-size: 14pt;\">Captura de jogos de alta cor<\/span><\/strong><\/p>\n<h5 class=\"header-iWP5WJ auto-hide-last-sibling-br\" style=\"text-align: center;\"><span style=\"font-family: helvetica, arial, sans-serif; font-size: 14pt;\">Processo em escala de grises preciso<\/span><\/h5>\n<p style=\"text-align: center;\"><img fetchpriority=\"high\" decoding=\"async\" class=\"alignnone size-full wp-image-3074\" src=\"https:\/\/www.leyaled.com\/wp-content\/uploads\/2025\/10\/display-2.webp\" alt=\"\" width=\"800\" height=\"574\" srcset=\"https:\/\/www.leyaled.com\/wp-content\/uploads\/2025\/10\/display-2.webp 800w, https:\/\/www.leyaled.com\/wp-content\/uploads\/2025\/10\/display-2-300x215.webp 300w, https:\/\/www.leyaled.com\/wp-content\/uploads\/2025\/10\/display-2-768x551.webp 768w, https:\/\/www.leyaled.com\/wp-content\/uploads\/2025\/10\/display-2-600x431.webp 600w\" sizes=\"(max-width: 800px) 100vw, 800px\" \/><\/p>\n<p style=\"text-align: center;\"><strong><span style=\"font-family: helvetica, arial, sans-serif; font-size: 14pt;\">Corpo Ultra-Slim \u00b7 Imagem HD<\/span><\/strong><\/p>\n<p style=\"text-align: center;\"><span style=\"font-size: 14pt; font-family: helvetica, arial, sans-serif;\">O corpo preto de pr\u00e9mio dormir, design minimalista integrado e textura ligeira. A imagem HD fornece <\/span><\/p>\n<p style=\"text-align: center;\"><span style=\"font-size: 14pt; font-family: helvetica, arial, sans-serif;\">reprodu\u00e7\u00e3o de cores mais precisa para uma experi\u00eancia de vista mais confort\u00e1vel.<\/span><\/p>\n<p style=\"text-align: center;\"><img decoding=\"async\" class=\"alignnone size-full wp-image-2905\" src=\"https:\/\/www.leyaled.com\/wp-content\/uploads\/2025\/11\/ing7-2.jpg\" alt=\"\" width=\"800\" height=\"800\" srcset=\"https:\/\/www.leyaled.com\/wp-content\/uploads\/2025\/11\/ing7-2.jpg 800w, https:\/\/www.leyaled.com\/wp-content\/uploads\/2025\/11\/ing7-2-300x300.jpg 300w, https:\/\/www.leyaled.com\/wp-content\/uploads\/2025\/11\/ing7-2-150x150.jpg 150w, https:\/\/www.leyaled.com\/wp-content\/uploads\/2025\/11\/ing7-2-768x768.jpg 768w, https:\/\/www.leyaled.com\/wp-content\/uploads\/2025\/11\/ing7-2-600x600.jpg 600w, https:\/\/www.leyaled.com\/wp-content\/uploads\/2025\/11\/ing7-2-100x100.jpg 100w\" sizes=\"(max-width: 800px) 100vw, 800px\" \/><\/p>\n<p style=\"text-align: center;\"><strong><span style=\"font-family: helvetica, arial, sans-serif; font-size: 14pt;\">Come\u00eancia ilimitada, controle inteligente<\/span><\/strong><\/p>\n<p style=\"text-align: center;\"><span style=\"font-family: helvetica, arial, sans-serif; font-size: 14pt;\">Conecte seu telefone com o display montado na parede LED atrav\u00e9s da fun\u00e7\u00e3o de interconex\u00e3o m\u00f3vel. <\/span><\/p>\n<p style=\"text-align: center;\"><span style=\"font-family: helvetica, arial, sans-serif; font-size: 14pt;\">Conecte-se com o Wi-Fi incorporado, e voc\u00ea pode rapidamente e precisamente procurar seus filmes desejados e arquivos de reprodu\u00e7\u00e3o.<\/span><\/p>\n<p style=\"text-align: center;\"><img decoding=\"async\" class=\"alignnone size-full wp-image-3181\" src=\"https:\/\/www.leyaled.com\/wp-content\/uploads\/2025\/11\/display-p6-1.webp\" alt=\"\" width=\"800\" height=\"544\" srcset=\"https:\/\/www.leyaled.com\/wp-content\/uploads\/2025\/11\/display-p6-1.webp 800w, https:\/\/www.leyaled.com\/wp-content\/uploads\/2025\/11\/display-p6-1-300x204.webp 300w, https:\/\/www.leyaled.com\/wp-content\/uploads\/2025\/11\/display-p6-1-768x522.webp 768w, https:\/\/www.leyaled.com\/wp-content\/uploads\/2025\/11\/display-p6-1-600x408.webp 600w\" sizes=\"(max-width: 800px) 100vw, 800px\" \/><\/p>\n<p style=\"text-align: center;\"><span style=\"font-family: helvetica, arial, sans-serif; font-size: 14pt;\">Por que escolher nosso Display LED de Aluminio P6 Die-Cast?<\/span><\/p>\n<p style=\"text-align: center;\"><span style=\"font-family: helvetica, arial, sans-serif; font-size: 14pt;\">Apoiado por 14 anos de R&amp;D LED D e experi\u00eancia em implementa\u00e7\u00e3o de projetos, oferecemos mais do que apenas um display -- n\u00f3s fornecemos uma solu\u00e7\u00e3o completa, <\/span><\/p>\n<p style=\"text-align: center;\"><span style=\"font-family: helvetica, arial, sans-serif; font-size: 14pt;\">cobrindo tudo desde consulta t\u00e9cnica pr\u00e9-venda at\u00e9 apoio p\u00f3s-venda. Se voc\u00ea precisa de uma \u00fanica tela ou de uma grande escala<\/span><\/p>\n<p style=\"text-align: center;\"><span style=\"font-family: helvetica, arial, sans-serif; font-size: 14pt;\"> projeto de instala\u00e7\u00e3o, podemos adapt\u00e1-lo \u00e0s suas necessidades espec\u00edficas.<\/span><\/p>\n<table style=\"border-collapse: collapse; width: 91.4098%; height: 936px;\">\n<tbody>\n<tr style=\"height: 24px;\">\n<td style=\"width: 25%; text-align: center; height: 24px;\"><strong><b>\u00a0<\/b><\/strong><\/td>\n<td style=\"width: 25%; height: 24px; text-align: center;\"><strong><b>Nome do Par\u00e2metro<\/b><\/strong><\/td>\n<td style=\"width: 41.3086%; height: 24px; text-align: center;\"><strong>Par\u00e2metros do Produto<\/strong><\/td>\n<\/tr>\n<tr style=\"height: 24px;\">\n<td style=\"width: 25%; text-align: center; height: 144px;\" rowspan=\"6\"><strong><b>Composi\u00e7\u00e3o do M\u00f3dulo<\/b><\/strong><\/td>\n<td style=\"width: 25%; height: 24px; text-align: center;\">Estrutura de Pixel<\/td>\n<td style=\"width: 41.3086%; height: 24px; text-align: center;\">SMD2727\/1921 LED de tr\u00eas em um<\/td>\n<\/tr>\n<tr style=\"height: 24px;\">\n<td style=\"width: 25%; height: 24px; text-align: center;\">Pixel Pitch (mm)<\/td>\n<td style=\"width: 41.3086%; height: 24px; text-align: center;\">6<\/td>\n<\/tr>\n<tr style=\"height: 24px;\">\n<td style=\"width: 25%; height: 24px; text-align: center;\">\u00a0\u00a0\u00a0\u00a0\u00a0Resolu\u00e7\u00e3o do M\u00f3dulo (W\u00d7H)<\/td>\n<td style=\"width: 41.3086%; height: 24px; text-align: center;\">\u00a032*16<\/td>\n<\/tr>\n<tr style=\"height: 24px;\">\n<td style=\"width: 25%; height: 24px; text-align: center;\">Dimens\u00f5es do m\u00f3dulo (mm)<\/td>\n<td style=\"width: 41.3086%; text-align: center; height: 24px;\">320 W\uff09*160 H<\/td>\n<\/tr>\n<tr style=\"height: 24px;\">\n<td style=\"width: 25%; height: 24px; text-align: center;\">Peso m\u00f3dulo (kg)<\/td>\n<td style=\"width: 41.3086%; text-align: center; height: 24px;\">0.42<\/td>\n<\/tr>\n<tr style=\"height: 24px;\">\n<td style=\"width: 25%; height: 24px; text-align: center;\">M\u00f3dulo Max. Consumo de energia (W)<\/td>\n<td style=\"width: 41.3086%; text-align: center; height: 24px;\">40<\/td>\n<\/tr>\n<tr style=\"height: 24px;\">\n<td style=\"width: 25%; text-align: center; height: 216px;\" rowspan=\"9\"><strong>Composi\u00e7\u00e3o do Gabinete<\/strong><\/td>\n<td style=\"width: 25%; text-align: center; height: 24px;\">Composi\u00e7\u00e3o do M\u00f3dulo do Gabinete (W\u00d7H)<\/td>\n<td style=\"width: 41.3086%; text-align: center; height: 24px;\">3*6<\/td>\n<\/tr>\n<tr style=\"height: 24px;\">\n<td style=\"width: 25%; text-align: center; height: 24px;\">Resolu\u00e7\u00e3o do Gabinete (W\u00d7H)<\/td>\n<td style=\"width: 41.3086%; text-align: center; height: 24px;\">96*96<\/td>\n<\/tr>\n<tr style=\"height: 24px;\">\n<td style=\"width: 25%; text-align: center; height: 24px;\">Dimens\u00f5es do gabinete (mm)<\/td>\n<td style=\"width: 41.3086%; text-align: center; height: 24px;\">960 W\uff09\u00d7960 H\uff09\u00d785 D<\/td>\n<\/tr>\n<tr style=\"height: 24px;\">\n<td style=\"width: 25%; text-align: center; height: 24px;\">\u00c1rea do gabinete (m \u00b2)<\/td>\n<td style=\"width: 41.3086%; text-align: center; height: 24px;\">0.93<\/td>\n<\/tr>\n<tr style=\"height: 24px;\">\n<td style=\"width: 25%; text-align: center; height: 24px;\">Peso do gabinete (kg)<\/td>\n<td style=\"width: 41.3086%; text-align: center; height: 24px;\">15-18<\/td>\n<\/tr>\n<tr style=\"height: 24px;\">\n<td style=\"width: 25%; text-align: center; height: 24px;\">Densidade de Pixel do Gabinete (pontos\/m \u00b2)<\/td>\n<td style=\"width: 41.3086%; text-align: center; height: 24px;\">10000<\/td>\n<\/tr>\n<tr style=\"height: 24px;\">\n<td style=\"width: 25%; text-align: center; height: 24px;\">Cabinet Flatness (mm)<\/td>\n<td style=\"width: 41.3086%; text-align: center; height: 24px;\">\u22640,1<\/td>\n<\/tr>\n<tr style=\"height: 24px;\">\n<td style=\"width: 25%; text-align: center; height: 24px;\">M\u00e9todo de manuten\u00e7\u00e3o<\/td>\n<td style=\"width: 41.3086%; text-align: center; height: 24px;\">Mantenimento Rear<\/td>\n<\/tr>\n<tr style=\"height: 24px;\">\n<td style=\"width: 25%; text-align: center; height: 24px;\">Material do Gabinete<\/td>\n<td style=\"width: 41.3086%; text-align: center; height: 24px;\">Ferro\/Aluminio\/Perfil<\/td>\n<\/tr>\n<tr style=\"height: 24px;\">\n<td style=\"width: 25%; text-align: center; height: 192px;\" rowspan=\"8\"><strong>Par\u00e2metros \u00d3pticos<\/strong><\/td>\n<td style=\"width: 25%; text-align: center; height: 24px;\">Correi\u00e7\u00e3o de Brilhan\u00e7a de Punto \u00danico<\/td>\n<td style=\"width: 41.3086%; text-align: center; height: 24px;\">\/<\/td>\n<\/tr>\n<tr style=\"height: 24px;\">\n<td style=\"width: 25%; text-align: center; height: 24px;\">Correi\u00e7\u00e3o de Chromaticidade Single Point<\/td>\n<td style=\"width: 41.3086%; text-align: center; height: 24px;\">\/<\/td>\n<\/tr>\n<tr style=\"height: 24px;\">\n<td style=\"width: 25%; text-align: center; height: 24px;\">Brilhan\u00e7a do equil\u00edbrio branco<\/td>\n<td style=\"width: 41.3086%; text-align: center; height: 24px;\">\u22655500-7500<\/td>\n<\/tr>\n<tr style=\"height: 24px;\">\n<td style=\"width: 25%; text-align: center; height: 24px;\">Temperatura de cores (K)<\/td>\n<td style=\"width: 41.3086%; text-align: center; height: 24px;\">8000-10000<\/td>\n<\/tr>\n<tr style=\"height: 24px;\">\n<td style=\"width: 25%; text-align: center; height: 24px;\">\u00c1ngulo de Vista (Horizontal\/Vertical \u00b0)<\/td>\n<td style=\"width: 41.3086%; text-align: center; height: 24px;\">120\/90<\/td>\n<\/tr>\n<tr style=\"height: 24px;\">\n<td style=\"width: 25%; text-align: center; height: 24px;\">Desvia\u00e7\u00e3o do Centro LED<\/td>\n<td style=\"width: 41.3086%; text-align: center; height: 24px;\">&lt; 3%<\/td>\n<\/tr>\n<tr style=\"height: 24px;\">\n<td style=\"width: 25%; text-align: center; height: 24px;\">Brilhan\u00e7a\/Uniformidade da Chromaticidade<\/td>\n<td style=\"width: 41.3086%; text-align: center; height: 24px;\">\u226597%<\/td>\n<\/tr>\n<tr style=\"height: 24px;\">\n<td style=\"width: 25%; text-align: center; height: 24px;\">Proporc\u00e3o de Contraste<\/td>\n<td style=\"width: 41.3086%; text-align: center; height: 24px;\">4000:1<\/td>\n<\/tr>\n<tr style=\"height: 24px;\">\n<td style=\"width: 25%; text-align: center; height: 96px;\" rowspan=\"4\"><strong>Par\u00e2metros el\u00e9tricos<\/strong><strong><br \/>\n<\/strong><\/td>\n<td style=\"width: 25%; height: 24px; text-align: center;\">Peak Power Consumption (W\/m \u00b2)<\/td>\n<td style=\"width: 41.3086%; height: 24px; text-align: center;\">850<\/td>\n<\/tr>\n<tr style=\"height: 24px;\">\n<td style=\"width: 25%; height: 24px; text-align: center;\">Consumo m \u00e9dio de energia (W\/m\u00b2)<\/td>\n<td style=\"width: 41.3086%; height: 24px; text-align: center;\">350<\/td>\n<\/tr>\n<tr style=\"height: 24px;\">\n<td style=\"width: 25%; height: 24px; text-align: center;\">Requisito de fornecimento de energia<\/td>\n<td style=\"width: 41.3086%; height: 24px; text-align: center;\">AC220V, Frequ\u00eancia 47-63 (Hz)<\/td>\n<\/tr>\n<tr style=\"height: 24px;\">\n<td style=\"width: 25%; height: 24px; text-align: center;\">Normas de Seguran\u00e7a<\/td>\n<td style=\"width: 41.3086%; height: 24px; text-align: center;\">GB4943\/EN60950<\/td>\n<\/tr>\n<tr style=\"height: 24px;\">\n<td style=\"width: 25%; text-align: center; height: 168px;\" rowspan=\"7\"><strong>Processando Performance<\/strong><br \/>\n<strong><br \/>\n<\/strong><\/td>\n<td style=\"width: 25%; text-align: center; height: 24px;\">Frequ\u00eancia de mudan\u00e7a de quadro (Hz)<\/td>\n<td style=\"width: 41.3086%; height: 24px; text-align: center;\">50 e 60<\/td>\n<\/tr>\n<tr style=\"height: 24px;\">\n<td style=\"width: 25%; text-align: center; height: 24px;\">M\u00e9todo de condu\u00e7\u00e3o<\/td>\n<td style=\"width: 41.3086%; height: 24px; text-align: center;\">Dispositivo Corrente Constante, 2 escaneas<\/td>\n<\/tr>\n<tr style=\"height: 24px;\">\n<td style=\"width: 25%; text-align: center; height: 24px;\">N\u00edveis em escalas de grises<\/td>\n<td style=\"width: 41.3086%; height: 24px; text-align: center;\">16384<\/td>\n<\/tr>\n<tr style=\"height: 24px;\">\n<td style=\"width: 25%; text-align: center; height: 24px;\">Taxa de Refrescimento (Hz)<\/td>\n<td style=\"width: 41.3086%; height: 24px; text-align: center;\">\u22653840<\/td>\n<\/tr>\n<tr style=\"height: 24px;\">\n<td style=\"width: 25%; text-align: center; height: 24px;\">Profundidade Bit de Processo de Cores<\/td>\n<td style=\"width: 41.3086%; height: 24px; text-align: center;\">14bit<\/td>\n<\/tr>\n<tr style=\"height: 24px;\">\n<td style=\"width: 25%; text-align: center; height: 24px;\">Fun\u00e7\u00e3o de armazenagem de energia integrada no m\u00f3dulo<\/td>\n<td style=\"width: 41.3086%; height: 24px; text-align: center;\">Almacena brilho, dados de corre\u00e7\u00e3o de crom\u00e1tica, par\u00e2metros do m\u00f3dulo<\/td>\n<\/tr>\n<tr style=\"height: 24px;\">\n<td style=\"width: 25%; text-align: center; height: 24px;\">Capacidade de Reprodu\u00e7\u00e3o de V\u00eddeo<\/td>\n<td style=\"width: 41.3086%; height: 24px; text-align: center;\">imagens 2K HD, 4K Ultra HD<\/td>\n<\/tr>\n<tr style=\"height: 24px;\">\n<td style=\"width: 25%; height: 96px; text-align: center;\" rowspan=\"4\"><strong>Par\u00e2metros de Uso<\/strong><\/td>\n<td style=\"width: 25%; text-align: center; height: 24px;\">Dura\u00e7\u00e3o de vida t\u00edpica (horas)<\/td>\n<td style=\"width: 41.3086%; height: 24px; text-align: center;\">50.000H<\/td>\n<\/tr>\n<tr style=\"height: 24px;\">\n<td style=\"width: 25%; height: 24px; text-align: center;\">Temperatura Operativa\/Rango de Humidez (\u00b0C\/RH)<\/td>\n<td style=\"width: 41.3086%; height: 24px; text-align: center;\">-10 \u2013 40 [UNK]\/ 10%-80%RH N\u00e3o condensando<\/td>\n<\/tr>\n<tr style=\"height: 24px;\">\n<td style=\"width: 25%; text-align: center; height: 24px;\">Temperatura de armazenagem\/intervalo de umidade (\u00b0C\/RH_;<\/td>\n<td style=\"width: 41.3086%; text-align: center; height: 24px;\">-20 \u2013 60 [UNK]\/ 10%-85%RH N\u00e3o condensando<\/td>\n<\/tr>\n<tr style=\"height: 24px;\">\n<td style=\"width: 25%; text-align: center; height: 24px;\">Normas aplic\u00e1veis<\/td>\n<td style=\"width: 41.3086%; text-align: center; height: 24px;\">CCC[UNK]<\/td>\n<\/tr>\n<\/tbody>\n<\/table>\n<p style=\"text-align: center;\">","protected":false},"excerpt":{"rendered":"<p>Nosso display de alum\u00ednio P6 LED de morte-cast \u00e9 confi\u00e1vel em material e desempenho, perfeito para publicidade livre de problemas e fundos de palco. Seu armaz\u00e9m de alum\u00ednio com maquinaria CNC \u00e9 forte e ainda mais leve do que aqueles tradicionais em folhas de metal \u2013 f\u00e1cil para uma pessoa transportar, compat\u00edvel com levantamento, montagem, montagem de paredes, at\u00e9 mesmo paredes curvas \u2013 poupando custos de instala\u00e7\u00e3o e de trabalho log\u00edstico. Ela oferece partilhas ultra precisas (lacunas abaixo de 0,1 mm) com fechadores r\u00e1pidos de 10 segundos e ajustes finos para brilho\/cor uniformes. Com frequ\u00eancia de refrescamento \u22651920Hz para v\u00eddeos suaves, 16,7 milh\u00f5es de cores precisas (calibra\u00e7\u00e3o pixel por pixel em modelos selecionados), vers\u00f5es externas t\u00eam \u22655500cd\/ \u33a1  brilho escurido e um \u00e2ngulo de vis\u00e3o de 100\u00b0-140\u00b0. Modelos externos apresentam prote\u00e7\u00e3o IP65, placas de circuitos revestidos, suprimentos de energia\/ICs globais de pr\u00e9mio, funcionamento est\u00e1vel 24\/7 de -10\u00b0C a 50\u00b0C (duplas copias de seguran\u00e7a em modelos selecionados), boa dissipa\u00e7\u00e3o de calor (alum\u00ednio de desgaste extra, ventiladores externos extra), repara\u00e7\u00f5es f\u00e1ceis (somente m\u00f3dulos de defeito\/remolhos substitu\u00eddos), e LEDs de longa dura\u00e7\u00e3o para baixos custos de manuten\u00e7\u00e3o a longo prazo.<\/p>","protected":false},"featured_media":2910,"comment_status":"closed","ping_status":"closed","template":"","meta":[],"product_brand":[],"product_cat":[32,44,43,15],"product_tag":[],"class_list":{"0":"post-2901","1":"product","2":"type-product","3":"status-publish","4":"has-post-thumbnail","6":"product_cat-fixed-led-display","7":"product_cat-outdoor-fixed-installation","8":"product_cat-outdoor-led-display","9":"product_cat-standard-led-display","11":"first","12":"instock","13":"shipping-taxable","14":"product-type-simple"},"_links":{"self":[{"href":"https:\/\/www.leyaled.com\/pt\/wp-json\/wp\/v2\/product\/2901","targetHints":{"allow":["GET"]}}],"collection":[{"href":"https:\/\/www.leyaled.com\/pt\/wp-json\/wp\/v2\/product"}],"about":[{"href":"https:\/\/www.leyaled.com\/pt\/wp-json\/wp\/v2\/types\/product"}],"replies":[{"embeddable":true,"href":"https:\/\/www.leyaled.com\/pt\/wp-json\/wp\/v2\/comments?post=2901"}],"wp:featuredmedia":[{"embeddable":true,"href":"https:\/\/www.leyaled.com\/pt\/wp-json\/wp\/v2\/media\/2910"}],"wp:attachment":[{"href":"https:\/\/www.leyaled.com\/pt\/wp-json\/wp\/v2\/media?parent=2901"}],"wp:term":[{"taxonomy":"product_brand","embeddable":true,"href":"https:\/\/www.leyaled.com\/pt\/wp-json\/wp\/v2\/product_brand?post=2901"},{"taxonomy":"product_cat","embeddable":true,"href":"https:\/\/www.leyaled.com\/pt\/wp-json\/wp\/v2\/product_cat?post=2901"},{"taxonomy":"product_tag","embeddable":true,"href":"https:\/\/www.leyaled.com\/pt\/wp-json\/wp\/v2\/product_tag?post=2901"}],"curies":[{"name":"wp","href":"https:\/\/api.w.org\/{rel}","templated":true}]}}