{"id":2892,"date":"2025-11-06T14:05:58","date_gmt":"2025-11-06T06:05:58","guid":{"rendered":"https:\/\/www.leyaled.com\/?post_type=product&#038;p=2892"},"modified":"2025-12-09T15:57:12","modified_gmt":"2025-12-09T07:57:12","slug":"aluminum-profiles-p6-67","status":"publish","type":"product","link":"https:\/\/www.leyaled.com\/pt\/outdoor-special-led-screen\/aluminum-profiles-p6-67\/","title":{"rendered":"Perfis de alum\u00ednio P6,67 para aluguer"},"content":{"rendered":"<p style=\"text-align: center;\"><strong><span style=\"font-family: helvetica, arial, sans-serif; font-size: 14pt;\">Display LED s\u00e3o produtos personalizados. Para a personaliza\u00e7\u00e3o de ecr\u00e3 completa, por favor contacte o servi\u00e7o de clientes para as perguntas.<\/span><\/strong><\/p>\n<p style=\"text-align: center;\"><strong><span style=\"font-family: helvetica, arial, sans-serif; font-size: 14pt;\">Display de Advertising LED no exterior<\/span><\/strong><\/p>\n<p style=\"text-align: center;\"><span style=\"font-family: helvetica, arial, sans-serif;\"><strong><span style=\"font-size: 14pt;\">Peso ligeiro e Easy InstallationFar<\/span><\/strong> <\/span><br \/>\n<span style=\"font-family: helvetica, arial, sans-serif;\">mais leve que a\u00e7o com a mesma for\u00e7a, perfis de alum\u00ednio reduzem a carga global das telas LED. Isso baixa a press\u00e3o sobre<\/span><\/p>\n<p style=\"text-align: center;\"><span style=\"font-family: helvetica, arial, sans-serif;\"> montando estruturas como paredes e quadros de a\u00e7o, enquanto tornando o transporte e a montagem no local mais r\u00e1pido \u2013 ideal <\/span><\/p>\n<p style=\"text-align: center;\"><span style=\"font-family: helvetica, arial, sans-serif;\">para grandes telas externas e telas de aluguer que requerem instala\u00e7\u00e3o r\u00e1pida e desmantelamento.<\/span><\/p>\n<p style=\"text-align: center;\"><strong><span style=\"font-family: helvetica, arial, sans-serif; font-size: 14pt;\">Alta for\u00e7a &amp; Resist\u00eancia \u00e0 Corros\u00e3o<\/span><\/strong><\/p>\n<p style=\"text-align: center;\"><span style=\"font-family: helvetica, arial, sans-serif; font-size: 14pt;\">Extrudados e tratados com oxida\u00e7\u00e3o ou revestimento de pulveriza\u00e7\u00e3o, perfis de alum\u00ednio boam de estruturas excepcionais <\/span><\/p>\n<p style=\"text-align: center;\"><span style=\"font-family: helvetica, arial, sans-serif; font-size: 14pt;\">estabilidade e resist\u00eancia \u00e0 deforma\u00e7\u00e3o para opera\u00e7\u00f5es confi\u00e1veis a longo prazo. Com excelente anti-corros\u00e3o<\/span><\/p>\n<p style=\"text-align: center;\"><span style=\"font-family: helvetica, arial, sans-serif; font-size: 14pt;\"> e desempenho de prova de ru\u00edda, elas prosperam em condi\u00e7\u00f5es externas severas como <\/span><\/p>\n<p style=\"text-align: center;\"><span style=\"font-family: helvetica, arial, sans-serif; font-size: 14pt;\">umidade e pulveriza\u00e7\u00e3o de sal costeira, prolongando a vida de servi\u00e7o da tela LED.<\/span><\/p>\n<p style=\"text-align: center;\"><strong><span style=\"font-family: helvetica, arial, sans-serif; font-size: 14pt;\">Superior Heat Dissipation<\/span><\/strong><\/p>\n<p style=\"text-align: center;\"><span style=\"font-family: helvetica, arial, sans-serif; font-size: 14pt;\">Como um excelente condutor t\u00e9rmico, perfis de alum\u00ednio transferem eficientemente o calor gerado por m\u00f3dulos LED durante a opera\u00e7\u00e3o. <\/span><\/p>\n<p style=\"text-align: center;\"><span style=\"font-family: helvetica, arial, sans-serif; font-size: 14pt;\">Isto evita problemas relacionados com o exagerado, como pixels mortos e congelamento da imagem, refor\u00e7ando a estabilidade de funcionamento da tela.<\/span><\/p>\n<p style=\"text-align: center;\"><strong><span style=\"font-family: helvetica, arial, sans-serif; font-size: 14pt;\">Produ\u00e7\u00e3o padronizada &amp; Compatibilidade Versat\u00edvel<\/span><\/strong><\/p>\n<p style=\"text-align: center;\"><span style=\"font-family: helvetica, arial, sans-serif; font-size: 14pt;\">Formas personalizadas podem ser feitas para corresponder aos tamanhos de armaz\u00e9m LED, permitindo a produ\u00e7\u00e3o padronizada e em massa <\/span><\/p>\n<p style=\"text-align: center;\"><span style=\"font-family: helvetica, arial, sans-serif; font-size: 14pt;\">com alta coer\u00eancia de produtos. Flex\u00edveis para separa\u00e7\u00e3o e personaliza\u00e7\u00e3o, eles encaixam em diversos projetos de tela -- <\/span><\/p>\n<p style=\"text-align: center;\"><span style=\"font-family: helvetica, arial, sans-serif; font-size: 14pt;\">mostras retangulares padr\u00f5es para telas curvas em forma especial.<\/span><\/p>\n<p style=\"text-align: center;\"><strong><span style=\"font-family: helvetica, arial, sans-serif; font-size: 14pt;\">Costo-Efeitivo &amp; - Baixa manuten\u00e7\u00e3o<\/span><\/strong><\/p>\n<p style=\"text-align: center;\"><span style=\"font-family: helvetica, arial, sans-serif; font-size: 14pt;\">Comparado com a\u00e7o inoxid\u00e1vel e liga, perfis de alum\u00ednio oferecem melhor valor nos custos de aquisi\u00e7\u00e3o e processamento. <\/span><\/p>\n<p style=\"text-align: center;\"><span style=\"font-family: helvetica, arial, sans-serif; font-size: 14pt;\">Sua superf\u00edcie duradoura resiste aos danos, minimizando a necessidade de manuten\u00e7\u00e3o frequente e <\/span><\/p>\n<p style=\"text-align: center;\"><span style=\"font-family: helvetica, arial, sans-serif; font-size: 14pt;\">reduzindo o custo total de propriedade de exibi\u00e7\u00f5es LED.<\/span><\/p>\n<p style=\"text-align: center;\"><strong><span style=\"font-size: 14pt; font-family: helvetica, arial, sans-serif;\">Mantenimento frontal e real Pantalla de poupan\u00e7a de energia de alto brilho Dois suprimentos de vota\u00e7\u00e3o<\/span><\/strong><\/p>\n<p style=\"text-align: center;\"><img fetchpriority=\"high\" decoding=\"async\" class=\"alignnone size-full wp-image-3170\" src=\"https:\/\/www.leyaled.com\/wp-content\/uploads\/2025\/11\/p6.67-display.webp\" alt=\"\" width=\"800\" height=\"556\" srcset=\"https:\/\/www.leyaled.com\/wp-content\/uploads\/2025\/11\/p6.67-display.webp 800w, https:\/\/www.leyaled.com\/wp-content\/uploads\/2025\/11\/p6.67-display-300x209.webp 300w, https:\/\/www.leyaled.com\/wp-content\/uploads\/2025\/11\/p6.67-display-768x534.webp 768w, https:\/\/www.leyaled.com\/wp-content\/uploads\/2025\/11\/p6.67-display-600x417.webp 600w\" sizes=\"(max-width: 800px) 100vw, 800px\" \/><\/p>\n<p style=\"text-align: center;\"><strong><span style=\"font-family: helvetica, arial, sans-serif; font-size: 14pt;\">Taxa ultra alta de refrescamento para visuais claros e sem flicker.<\/span><\/strong><\/p>\n<p style=\"text-align: center;\"><span style=\"font-family: helvetica, arial, sans-serif; font-size: 14pt;\">Boasting a 3840-7680Hz freshness rate (muito maior do que a padr\u00e3o de telas divididas),<\/span><\/p>\n<p style=\"text-align: center;\"><span style=\"font-family: helvetica, arial, sans-serif; font-size: 14pt;\"> traz um desempenho de imagem mais afiado e suave.<\/span><\/p>\n<p style=\"text-align: center;\"><img decoding=\"async\" class=\"alignnone size-full wp-image-3171\" src=\"https:\/\/www.leyaled.com\/wp-content\/uploads\/2025\/11\/p6.67-display-fot.webp\" alt=\"\" width=\"800\" height=\"584\" srcset=\"https:\/\/www.leyaled.com\/wp-content\/uploads\/2025\/11\/p6.67-display-fot.webp 800w, https:\/\/www.leyaled.com\/wp-content\/uploads\/2025\/11\/p6.67-display-fot-300x219.webp 300w, https:\/\/www.leyaled.com\/wp-content\/uploads\/2025\/11\/p6.67-display-fot-768x561.webp 768w, https:\/\/www.leyaled.com\/wp-content\/uploads\/2025\/11\/p6.67-display-fot-600x438.webp 600w\" sizes=\"(max-width: 800px) 100vw, 800px\" \/><\/p>\n<p style=\"text-align: center;\"><strong><span style=\"font-size: 14pt; font-family: helvetica, arial, sans-serif;\">gama de cores ultra ampla para imagens realistas e vibrantes.<\/span><\/strong><\/p>\n<p style=\"text-align: center;\"><img decoding=\"async\" class=\"alignnone size-full wp-image-3074\" src=\"https:\/\/www.leyaled.com\/wp-content\/uploads\/2025\/10\/display-2.webp\" alt=\"\" width=\"800\" height=\"574\" srcset=\"https:\/\/www.leyaled.com\/wp-content\/uploads\/2025\/10\/display-2.webp 800w, https:\/\/www.leyaled.com\/wp-content\/uploads\/2025\/10\/display-2-300x215.webp 300w, https:\/\/www.leyaled.com\/wp-content\/uploads\/2025\/10\/display-2-768x551.webp 768w, https:\/\/www.leyaled.com\/wp-content\/uploads\/2025\/10\/display-2-600x431.webp 600w\" sizes=\"(max-width: 800px) 100vw, 800px\" \/><\/p>\n<p style=\"text-align: center;\"><span style=\"font-size: 14pt;\"><strong><span style=\"font-family: helvetica, arial, sans-serif;\">Splicing e 4K Ultra HD: Experimente a Beleza do Realismo<\/span><\/strong><\/span><\/p>\n<p style=\"text-align: center;\"><span style=\"font-family: helvetica, arial, sans-serif; font-size: 14pt;\">O painel inofensivo que se junta fornece visuais agudos e n\u00e3o obstru\u00eddos com cores saturadas e desvio de movimento zero. <\/span><\/p>\n<p style=\"text-align: center;\"><span style=\"font-family: helvetica, arial, sans-serif; font-size: 14pt;\">Enfermagem <\/span><span style=\"font-family: helvetica, arial, sans-serif; font-size: 14pt;\">Resolu\u00e7\u00e3o ultra HD 4K, oferece uma experi\u00eancia imersiva e impressionante de vista.<\/span><\/p>\n<p style=\"text-align: center;\"><img loading=\"lazy\" decoding=\"async\" class=\"alignnone size-full wp-image-3172\" src=\"https:\/\/www.leyaled.com\/wp-content\/uploads\/2025\/11\/display-p6.67.webp\" alt=\"\" width=\"800\" height=\"1171\" srcset=\"https:\/\/www.leyaled.com\/wp-content\/uploads\/2025\/11\/display-p6.67.webp 800w, https:\/\/www.leyaled.com\/wp-content\/uploads\/2025\/11\/display-p6.67-205x300.webp 205w, https:\/\/www.leyaled.com\/wp-content\/uploads\/2025\/11\/display-p6.67-700x1024.webp 700w, https:\/\/www.leyaled.com\/wp-content\/uploads\/2025\/11\/display-p6.67-768x1124.webp 768w, https:\/\/www.leyaled.com\/wp-content\/uploads\/2025\/11\/display-p6.67-600x878.webp 600w\" sizes=\"(max-width: 800px) 100vw, 800px\" \/><\/p>\n<p style=\"text-align: center;\">\n<p style=\"text-align: center;\"><span style=\"font-family: helvetica, arial, sans-serif; font-size: 14pt;\">A FWS Technology's Outdoor P6 LED Display \u00e9 uma escolha inteligente e favor\u00e1vel ao or\u00e7amento para configura\u00e7\u00f5es comerciais de dist\u00e2ncia m\u00e9dia a longa.<\/span><\/p>\n<p style=\"text-align: center;\"><span style=\"font-family: helvetica, arial, sans-serif; font-size: 14pt;\"> Tem um pico de 6 mm e cerca de 27.778 picos por metro quadrado, ent\u00e3o voc\u00ea tem visuais agudos e claros <\/span><\/p>\n<p style=\"text-align: center;\"><span style=\"font-family: helvetica, arial, sans-serif; font-size: 14pt;\">quando visto de 6 a 30 metros -- ponto doce total para uso ao ar livre.<\/span><\/p>\n<p style=\"text-align: center;\"><span style=\"font-family: helvetica, arial, sans-serif; font-size: 14pt;\">Melhor ainda, pode ser personalizado em formas curvas ou esquinas, encaixando perfeitamente com qualquer <\/span><\/p>\n<p style=\"text-align: center;\"><span style=\"font-family: helvetica, arial, sans-serif; font-size: 14pt;\">linhas de constru\u00e7\u00e3o. N\u00e3o mais preso com telas retangulares simples, transformar suas ideias criativas em algo real.<\/span><\/p>\n<p><img loading=\"lazy\" decoding=\"async\" class=\"alignnone size-full wp-image-3070 aligncenter\" src=\"https:\/\/www.leyaled.com\/wp-content\/uploads\/2025\/10\/ing-2.webp\" alt=\"\" width=\"800\" height=\"533\" srcset=\"https:\/\/www.leyaled.com\/wp-content\/uploads\/2025\/10\/ing-2.webp 800w, https:\/\/www.leyaled.com\/wp-content\/uploads\/2025\/10\/ing-2-300x200.webp 300w, https:\/\/www.leyaled.com\/wp-content\/uploads\/2025\/10\/ing-2-768x512.webp 768w, https:\/\/www.leyaled.com\/wp-content\/uploads\/2025\/10\/ing-2-600x400.webp 600w\" sizes=\"(max-width: 800px) 100vw, 800px\" \/><\/p>\n<p style=\"text-align: center;\"><strong><span style=\"font-family: helvetica, arial, sans-serif; font-size: 14pt;\">Escen\u00e1rios de aplica\u00e7\u00f5es<\/span><\/strong><\/p>\n<p style=\"text-align: center;\"><span style=\"font-family: helvetica, arial, sans-serif; font-size: 14pt;\">Adicionamento e Media Exhibition - Visualiza\u00e7\u00e3o - Visualiza\u00e7\u00e3o comercial - Governo Imagem das Empresas Transporte etc.<\/span><\/p>\n<p>&nbsp;<\/p>\n<p style=\"text-align: center;\"><img loading=\"lazy\" decoding=\"async\" class=\"alignnone size-full wp-image-3065\" src=\"https:\/\/www.leyaled.com\/wp-content\/uploads\/2025\/10\/leddisplay.webp\" alt=\"\" width=\"805\" height=\"597\" srcset=\"https:\/\/www.leyaled.com\/wp-content\/uploads\/2025\/10\/leddisplay.webp 805w, https:\/\/www.leyaled.com\/wp-content\/uploads\/2025\/10\/leddisplay-300x222.webp 300w, https:\/\/www.leyaled.com\/wp-content\/uploads\/2025\/10\/leddisplay-768x570.webp 768w, https:\/\/www.leyaled.com\/wp-content\/uploads\/2025\/10\/leddisplay-600x445.webp 600w\" sizes=\"(max-width: 805px) 100vw, 805px\" \/><\/p>\n<div class=\"auto-hide-last-sibling-br paragraph-pP9ZLC paragraph-element br-paragraph-space\" style=\"text-align: center;\"><span style=\"font-family: helvetica, arial, sans-serif; font-size: 14pt;\">Querem saber o qu\u00e3o ligeiros s\u00e3o os perfis de alum\u00ednio do LED? Bem-vindos para nos contactar!<\/span><\/div>\n<h3 class=\"header-iWP5WJ auto-hide-last-sibling-br\"><\/h3>","protected":false},"excerpt":{"rendered":"<p>A FWS P6.67 LED Display apresenta um perfil prim\u00e1rio de alum\u00ednio. Seu design ligeiro reduz significativamente a carga de montagem, tornando o transporte e a montagem no local uma brisa. Com excelente resist\u00eancia \u00e0 corros\u00e3o, ela funciona sem defeitos mesmo em condi\u00e7\u00f5es externas severas como umidade costeira e luz solar extrema.<br \/>\nA dissipa\u00e7\u00e3o de calor superior na mamada impede malfun\u00e7\u00f5es relacionadas ao exagerado e prolonga a vida de servi\u00e7o. Desenhos personalizados curvos ou esquinas est\u00e3o dispon\u00edveis para encaixar v\u00e1rios contornos do edif\u00edcio, quebrando-se das restri\u00e7\u00f5es das telas retangulares padr\u00f5es. Ideal para publicidade ao ar livre, promo\u00e7\u00f5es complex a s comerciais e exibi\u00e7\u00f5es culturais, \u00e9 uma solu\u00e7\u00e3o econ\u00f4mica para todas as suas necessidades de visualiza\u00e7\u00e3o comercial.<\/p>","protected":false},"featured_media":2900,"comment_status":"closed","ping_status":"closed","template":"","meta":[],"product_brand":[],"product_cat":[49,34],"product_tag":[],"class_list":{"0":"post-2892","1":"product","2":"type-product","3":"status-publish","4":"has-post-thumbnail","6":"product_cat-outdoor-special-led-screen","7":"product_cat-special-led-screen","9":"first","10":"instock","11":"shipping-taxable","12":"product-type-simple"},"_links":{"self":[{"href":"https:\/\/www.leyaled.com\/pt\/wp-json\/wp\/v2\/product\/2892","targetHints":{"allow":["GET"]}}],"collection":[{"href":"https:\/\/www.leyaled.com\/pt\/wp-json\/wp\/v2\/product"}],"about":[{"href":"https:\/\/www.leyaled.com\/pt\/wp-json\/wp\/v2\/types\/product"}],"replies":[{"embeddable":true,"href":"https:\/\/www.leyaled.com\/pt\/wp-json\/wp\/v2\/comments?post=2892"}],"wp:featuredmedia":[{"embeddable":true,"href":"https:\/\/www.leyaled.com\/pt\/wp-json\/wp\/v2\/media\/2900"}],"wp:attachment":[{"href":"https:\/\/www.leyaled.com\/pt\/wp-json\/wp\/v2\/media?parent=2892"}],"wp:term":[{"taxonomy":"product_brand","embeddable":true,"href":"https:\/\/www.leyaled.com\/pt\/wp-json\/wp\/v2\/product_brand?post=2892"},{"taxonomy":"product_cat","embeddable":true,"href":"https:\/\/www.leyaled.com\/pt\/wp-json\/wp\/v2\/product_cat?post=2892"},{"taxonomy":"product_tag","embeddable":true,"href":"https:\/\/www.leyaled.com\/pt\/wp-json\/wp\/v2\/product_tag?post=2892"}],"curies":[{"name":"wp","href":"https:\/\/api.w.org\/{rel}","templated":true}]}}