{"id":2880,"date":"2025-11-05T13:51:52","date_gmt":"2025-11-05T05:51:52","guid":{"rendered":"https:\/\/www.leyaled.com\/?post_type=product&#038;p=2880"},"modified":"2025-12-04T17:45:05","modified_gmt":"2025-12-04T09:45:05","slug":"stadium-screen","status":"publish","type":"product","link":"https:\/\/www.leyaled.com\/pt\/indoor-fixed-installation\/stadium-screen\/","title":{"rendered":"tela de est\u00e1dio"},"content":{"rendered":"<p style=\"text-align: center;\"><span style=\"font-family: helvetica, arial, sans-serif; font-size: 14pt;\"><strong>Cabinete de alum\u00ednio &amp; Protec\u00e7\u00e3o confi\u00e1vel<\/strong><\/span><br \/>\n<span style=\"font-family: helvetica, arial, sans-serif;\">Este produto apresenta um armaz\u00e9m de liga de alum\u00ednio parejado com uma placa de rosto suave de forma personalizada. Gra\u00e7as a sua especializa\u00e7\u00e3o<\/span><\/p>\n<p style=\"text-align: center;\"><span style=\"font-family: helvetica, arial, sans-serif;\"> o processo de fabrica\u00e7\u00e3o, proporciona uma excelente resist\u00eancia ao impacto. Al\u00e9m disso, o topo-montado molho impede o jogador<\/span><\/p>\n<p style=\"text-align: center;\"><span style=\"font-family: helvetica, arial, sans-serif;\"> les\u00f5es em caso de colis\u00f5es acidentais com a tela no tribunal.<\/span><\/p>\n<p style=\"text-align: center;\"><strong><span style=\"font-family: helvetica, arial, sans-serif; font-size: 14pt;\">TransparentLED Film DisplayLED<\/span><\/strong><\/p>\n<p style=\"text-align: center;\"><span style=\"font-family: helvetica, arial, sans-serif;\">Display High Definition Front and Back Maintenance Installation Portability<\/span><\/p>\n<p><img fetchpriority=\"high\" decoding=\"async\" class=\"size-full wp-image-3104 aligncenter\" src=\"https:\/\/www.leyaled.com\/wp-content\/uploads\/2025\/11\/display1-3.webp\" alt=\"\" width=\"800\" height=\"595\" srcset=\"https:\/\/www.leyaled.com\/wp-content\/uploads\/2025\/11\/display1-3.webp 800w, https:\/\/www.leyaled.com\/wp-content\/uploads\/2025\/11\/display1-3-300x223.webp 300w, https:\/\/www.leyaled.com\/wp-content\/uploads\/2025\/11\/display1-3-768x571.webp 768w, https:\/\/www.leyaled.com\/wp-content\/uploads\/2025\/11\/display1-3-600x446.webp 600w\" sizes=\"(max-width: 800px) 100vw, 800px\" \/><\/p>\n<p>&nbsp;<\/p>\n<p style=\"text-align: center;\"><img decoding=\"async\" class=\"alignnone size-full wp-image-3100\" src=\"https:\/\/www.leyaled.com\/wp-content\/uploads\/2025\/11\/display-.webp\" alt=\"\" width=\"800\" height=\"595\" srcset=\"https:\/\/www.leyaled.com\/wp-content\/uploads\/2025\/11\/display-.webp 800w, https:\/\/www.leyaled.com\/wp-content\/uploads\/2025\/11\/display--300x223.webp 300w, https:\/\/www.leyaled.com\/wp-content\/uploads\/2025\/11\/display--768x571.webp 768w, https:\/\/www.leyaled.com\/wp-content\/uploads\/2025\/11\/display--600x446.webp 600w\" sizes=\"(max-width: 800px) 100vw, 800px\" \/><\/p>\n<p style=\"text-align: center;\"><img decoding=\"async\" class=\"alignnone size-full wp-image-3101\" src=\"https:\/\/www.leyaled.com\/wp-content\/uploads\/2025\/11\/display-3.webp\" alt=\"\" width=\"800\" height=\"454\" srcset=\"https:\/\/www.leyaled.com\/wp-content\/uploads\/2025\/11\/display-3.webp 800w, https:\/\/www.leyaled.com\/wp-content\/uploads\/2025\/11\/display-3-300x170.webp 300w, https:\/\/www.leyaled.com\/wp-content\/uploads\/2025\/11\/display-3-768x436.webp 768w, https:\/\/www.leyaled.com\/wp-content\/uploads\/2025\/11\/display-3-600x341.webp 600w\" sizes=\"(max-width: 800px) 100vw, 800px\" \/><\/p>\n<p style=\"text-align: center;\"><strong><span style=\"font-family: helvetica, arial, sans-serif; font-size: 14pt;\">Tecnologia de design de m\u00e1scara suave protege melhor atletas<\/span><\/strong><\/p>\n<p style=\"text-align: center;\"><span style=\"font-family: helvetica, arial, sans-serif;\">A m\u00e1scara suave e a tampa protetora suave s\u00e3o projetados para proteger a seguran\u00e7a do pessoal mesmo que sejam<\/span><\/p>\n<p style=\"text-align: center;\"><span style=\"font-family: helvetica, arial, sans-serif;\"> atingido. O m\u00f3dulo tem seu pr\u00f3prio armazenamento de dados de calibra\u00e7\u00e3o e importa automaticamente dados quando substitu\u00eddos.<\/span><\/p>\n<p style=\"text-align: center;\"><img loading=\"lazy\" decoding=\"async\" class=\"alignnone size-full wp-image-3102\" src=\"https:\/\/www.leyaled.com\/wp-content\/uploads\/2025\/11\/display1-2.webp\" alt=\"\" width=\"800\" height=\"595\" srcset=\"https:\/\/www.leyaled.com\/wp-content\/uploads\/2025\/11\/display1-2.webp 800w, https:\/\/www.leyaled.com\/wp-content\/uploads\/2025\/11\/display1-2-300x223.webp 300w, https:\/\/www.leyaled.com\/wp-content\/uploads\/2025\/11\/display1-2-768x571.webp 768w, https:\/\/www.leyaled.com\/wp-content\/uploads\/2025\/11\/display1-2-600x446.webp 600w\" sizes=\"(max-width: 800px) 100vw, 800px\" \/><\/p>\n<p style=\"text-align: center;\"><span style=\"font-family: helvetica, arial, sans-serif;\">O display \u00e9 waterproof e tem uma classifica\u00e7\u00e3o IP65, permitindo <\/span><\/p>\n<p style=\"text-align: center;\"><span style=\"font-family: helvetica, arial, sans-serif;\">para continuar trabalhando mesmo em tempo chuvoso.<\/span><\/p>\n<p style=\"text-align: center;\"><img loading=\"lazy\" decoding=\"async\" class=\"alignnone size-full wp-image-3103\" src=\"https:\/\/www.leyaled.com\/wp-content\/uploads\/2025\/11\/display2.jpg\" alt=\"\" width=\"800\" height=\"595\" srcset=\"https:\/\/www.leyaled.com\/wp-content\/uploads\/2025\/11\/display2.jpg 800w, https:\/\/www.leyaled.com\/wp-content\/uploads\/2025\/11\/display2-300x223.jpg 300w, https:\/\/www.leyaled.com\/wp-content\/uploads\/2025\/11\/display2-768x571.jpg 768w, https:\/\/www.leyaled.com\/wp-content\/uploads\/2025\/11\/display2-600x446.jpg 600w\" sizes=\"(max-width: 800px) 100vw, 800px\" \/><\/p>\n<p style=\"text-align: center;\"><span style=\"font-family: helvetica, arial, sans-serif;\">A estrutura de suporte posterior pode ser ajustada a qualquer \u00e2ngulo, para que os usu\u00e1rios possam <\/span><\/p>\n<p style=\"text-align: center;\"><span style=\"font-family: helvetica, arial, sans-serif;\">ajustar o \u00e2ngulo de visualiza\u00e7\u00e3o do display para alcan\u00e7ar melhores efeitos de visualiza\u00e7\u00e3o.<\/span><\/p>\n<p style=\"text-align: center;\"><img loading=\"lazy\" decoding=\"async\" class=\"alignnone size-full wp-image-3105\" src=\"https:\/\/www.leyaled.com\/wp-content\/uploads\/2025\/11\/display-4.webp\" alt=\"\" width=\"800\" height=\"595\" srcset=\"https:\/\/www.leyaled.com\/wp-content\/uploads\/2025\/11\/display-4.webp 800w, https:\/\/www.leyaled.com\/wp-content\/uploads\/2025\/11\/display-4-300x223.webp 300w, https:\/\/www.leyaled.com\/wp-content\/uploads\/2025\/11\/display-4-768x571.webp 768w, https:\/\/www.leyaled.com\/wp-content\/uploads\/2025\/11\/display-4-600x446.webp 600w\" sizes=\"(max-width: 800px) 100vw, 800px\" \/><\/p>\n<p style=\"text-align: center;\"><img loading=\"lazy\" decoding=\"async\" class=\"alignnone size-full wp-image-3106\" src=\"https:\/\/www.leyaled.com\/wp-content\/uploads\/2025\/11\/display-5.webp\" alt=\"\" width=\"800\" height=\"595\" srcset=\"https:\/\/www.leyaled.com\/wp-content\/uploads\/2025\/11\/display-5.webp 800w, https:\/\/www.leyaled.com\/wp-content\/uploads\/2025\/11\/display-5-300x223.webp 300w, https:\/\/www.leyaled.com\/wp-content\/uploads\/2025\/11\/display-5-768x571.webp 768w, https:\/\/www.leyaled.com\/wp-content\/uploads\/2025\/11\/display-5-600x446.webp 600w\" sizes=\"(max-width: 800px) 100vw, 800px\" \/><\/p>\n<p style=\"text-align: center;\"><span style=\"font-family: helvetica, arial, sans-serif;\">A tela do est\u00e1dio LED tem a caracter\u00edstica de partilha inofensiva, que pode quebrar a limita\u00e7\u00e3o do tamanho<\/span><\/p>\n<p style=\"text-align: center;\"><span style=\"font-family: helvetica, arial, sans-serif;\"> de uma \u00fanica tela e facilmente formar um sistema de visualiza\u00e7\u00e3o ultra-grande cobrindo qualquer \u00e1rea de \u200b\u200b o est\u00e1dio.<\/span><\/p>\n<p>&nbsp;<\/p>\n<p style=\"text-align: center;\"><strong><span style=\"font-family: helvetica, arial, sans-serif; font-size: 14pt;\">Usado amplamente<\/span><\/strong><\/p>\n<p style=\"text-align: center;\"><span style=\"font-family: helvetica, arial, sans-serif;\">Adequado para campos de futebol,campos de basquete e outras cenas esportivas<\/span><\/p>\n<p style=\"text-align: center;\"><img loading=\"lazy\" decoding=\"async\" class=\"alignnone size-full wp-image-3111\" src=\"https:\/\/www.leyaled.com\/wp-content\/uploads\/2025\/11\/display-6.webp\" alt=\"\" width=\"800\" height=\"812\" srcset=\"https:\/\/www.leyaled.com\/wp-content\/uploads\/2025\/11\/display-6.webp 800w, https:\/\/www.leyaled.com\/wp-content\/uploads\/2025\/11\/display-6-296x300.webp 296w, https:\/\/www.leyaled.com\/wp-content\/uploads\/2025\/11\/display-6-768x780.webp 768w, https:\/\/www.leyaled.com\/wp-content\/uploads\/2025\/11\/display-6-600x609.webp 600w\" sizes=\"(max-width: 800px) 100vw, 800px\" \/><\/p>\n<p style=\"text-align: center;\"><span style=\"font-family: helvetica, arial, sans-serif; font-size: 12pt;\">Quanto alto a defini\u00e7\u00e3o de est\u00e1dio LED pode alcan\u00e7ar?<\/span><\/p>\n<p style=\"text-align: center;\"><span style=\"font-family: helvetica, arial, sans-serif;\">A defini\u00e7\u00e3o de est\u00e1dio LED \u00e9 medida pela resolu\u00e7\u00e3o. Os modelos principais apoiam a resolu\u00e7\u00e3o 4K, <\/span><\/p>\n<p style=\"text-align: center;\"><span style=\"font-family: helvetica, arial, sans-serif;\">enquanto as exibi\u00e7\u00f5es colhidas no centro em locais de alto n\u00edvel est\u00e3o evoluindo em dire\u00e7\u00e3o a 8K. Mostras de torneio de alto n\u00edvel: Resolu\u00e7\u00e3o de um \u00fanico painel<\/span><\/p>\n<p style=\"text-align: center;\"><span style=\"font-family: helvetica, arial, sans-serif;\"> pode exceder 3000\u00d71700 p\u00edxeles, compat\u00edvel com entrada de sinal 4K.<\/span><\/p>\n<p style=\"text-align: center;\"><span style=\"font-family: helvetica, arial, sans-serif;\">Dispositivos padr\u00e3o FIFA: Uma alta defini\u00e7\u00e3o \u00e9 alcan\u00e7ada atrav\u00e9s da separa\u00e7\u00e3o do gabinete, atendendo \u00e0s necessidades de visualiza\u00e7\u00e3o e reprodu\u00e7\u00e3o de pontua\u00e7\u00f5es<\/span><\/p>","protected":false},"excerpt":{"rendered":"<p>Os display LED de est\u00e1dio boam-se de v\u00e1rias vantagens extraordin\u00e1rias: brilho variando de 5000 a 10000 nits, assegurando visibilidade clara mesmo em luz aberta brilhante; - taxas de refrescamento de 1920 Hz ou superiores eliminam efetivamente o desafio de movimento e fantasmas, capturando com precis\u00e3o a\u00e7\u00e3o em movimento r\u00e1pido; um \u00e2ngulo de vis\u00e3o amplo de aproximadamente 160\u00b0 assegura uma experi\u00eancia de vis\u00e3o superior para espectadores em diferentes posi\u00e7\u00f5es; - excelente desempenho protetor, geralmente alcan\u00e7ando classifica\u00e7\u00f5es de prote\u00e7\u00e3o IP65 ou mais elevadas, tornando-as provas de \u00e1gua, teto de p\u00f3 e adapt\u00e1veis a diversos ambientes exteriores dif\u00edceis; Alguns produtos incluem escudos de rosto de silicone resistentes ao impacto para proteger contra impactos acidentais dos jogadores; E uma opera\u00e7\u00e3o est\u00e1vel e confi\u00e1vel \u00e9 garantida por LEDs de alta qualidade de montagem de superf\u00edcie, excelente design de PCB e solu\u00e7\u00f5es de suprimento de duas pot\u00eancias de sinal. Como um tipo comum de display perif\u00e9rico de LED, instalado na margem do est\u00e1dio, ele n\u00e3o apenas mostra informa\u00e7\u00f5es de concord\u00e2ncia em tempo real como pontua\u00e7\u00f5es, tempo restante e falhas, mas tamb\u00e9m serve como um importante meio de publicidade, destacando ainda mais seu valor pr\u00e1tico.<\/p>","protected":false},"featured_media":2889,"comment_status":"closed","ping_status":"closed","template":"","meta":[],"product_brand":[],"product_cat":[32,45],"product_tag":[],"class_list":{"0":"post-2880","1":"product","2":"type-product","3":"status-publish","4":"has-post-thumbnail","6":"product_cat-fixed-led-display","7":"product_cat-indoor-fixed-installation","9":"first","10":"instock","11":"shipping-taxable","12":"product-type-simple"},"_links":{"self":[{"href":"https:\/\/www.leyaled.com\/pt\/wp-json\/wp\/v2\/product\/2880","targetHints":{"allow":["GET"]}}],"collection":[{"href":"https:\/\/www.leyaled.com\/pt\/wp-json\/wp\/v2\/product"}],"about":[{"href":"https:\/\/www.leyaled.com\/pt\/wp-json\/wp\/v2\/types\/product"}],"replies":[{"embeddable":true,"href":"https:\/\/www.leyaled.com\/pt\/wp-json\/wp\/v2\/comments?post=2880"}],"wp:featuredmedia":[{"embeddable":true,"href":"https:\/\/www.leyaled.com\/pt\/wp-json\/wp\/v2\/media\/2889"}],"wp:attachment":[{"href":"https:\/\/www.leyaled.com\/pt\/wp-json\/wp\/v2\/media?parent=2880"}],"wp:term":[{"taxonomy":"product_brand","embeddable":true,"href":"https:\/\/www.leyaled.com\/pt\/wp-json\/wp\/v2\/product_brand?post=2880"},{"taxonomy":"product_cat","embeddable":true,"href":"https:\/\/www.leyaled.com\/pt\/wp-json\/wp\/v2\/product_cat?post=2880"},{"taxonomy":"product_tag","embeddable":true,"href":"https:\/\/www.leyaled.com\/pt\/wp-json\/wp\/v2\/product_tag?post=2880"}],"curies":[{"name":"wp","href":"https:\/\/api.w.org\/{rel}","templated":true}]}}