{"id":2797,"date":"2025-10-31T14:28:32","date_gmt":"2025-10-31T06:28:32","guid":{"rendered":"https:\/\/www.leyaled.com\/?post_type=product&#038;p=2797"},"modified":"2025-12-08T11:08:52","modified_gmt":"2025-12-08T03:08:52","slug":"flexible-screen-p3-91","status":"publish","type":"product","link":"https:\/\/www.leyaled.com\/pt\/outdoor-flexible-display\/flexible-screen-p3-91\/","title":{"rendered":"Pantalla Flex\u00edvel LED"},"content":{"rendered":"<p style=\"text-align: center;\"><span style=\"font-family: helvetica, arial, sans-serif; font-size: 14pt;\"><strong>Flex\u00edvel e - dobr\u00e1vel:<\/strong> Multi \u00e2ngulo dobrado\/curling \u2013 ideal para est\u00e1gios curvos, fachadas de arco e instala\u00e7\u00f5es especiais<\/span><\/p>\n<p style=\"text-align: center;\"><span style=\"font-family: helvetica, arial, sans-serif; font-size: 14pt;\"><strong>Ultra fino e - port\u00e1til:<\/strong> 30% mais leve do que exibidores r\u00edgidos, fino de 2-5 mm \u2013 f\u00e1cil de transportar\/instalar<\/span><\/p>\n<p style=\"text-align: center;\"><span style=\"font-family: helvetica, arial, sans-serif; font-size: 14pt;\"><strong>Spicing sem parafuso:<\/strong> &lt; lacunas de 0,5 mm, vis\u00e3o suave sem interrup\u00e7\u00e3o<\/span><\/p>\n<p style=\"text-align: center;\"><span style=\"font-family: helvetica, arial, sans-serif; font-size: 14pt;\"><strong>Tough &amp; - duradoura:<\/strong> Embalagem flex\u00edvel, resistente ao impacto\/destrui\u00e7\u00e3o \u2013 maneja condi\u00e7\u00f5es externas severas<\/span><\/p>\n<p style=\"text-align: center;\"><span style=\"font-family: helvetica, arial, sans-serif; font-size: 14pt;\"><strong>Formas personalizadas:<\/strong> Curvado, ondado, esf\u00e9rico e Outros projetos criativos para necessidades \u00fanicas<\/span><\/p>\n<p style=\"text-align: center;\"><span style=\"font-family: helvetica, arial, sans-serif; font-size: 14pt;\"><strong>poupan\u00e7a de energia: 1<\/strong>5-20% menos poder versus exibi\u00e7\u00f5es tradicionais \u2013 inteligente para uso a longo prazo<\/span><\/p>\n<p style=\"text-align: center;\"><span style=\"font-family: helvetica, arial, sans-serif; font-size: 14pt;\"><strong>Grande qualidade da imagem:<\/strong> Altos res, contraste agudo, \u00e2ngulos de vis\u00e3o amplos e cores precisas<\/span><\/p>\n<p style=\"text-align: center;\"><strong><span style=\"font-family: helvetica, arial, sans-serif; font-size: 14pt;\">Bending Arbitrary, Ultra-wide viewing angle, Ultra-thin and ultra-light<\/span><\/strong><\/p>\n<p style=\"text-align: center;\"><img fetchpriority=\"high\" decoding=\"async\" class=\"alignnone size-full wp-image-3081\" src=\"https:\/\/www.leyaled.com\/wp-content\/uploads\/2025\/10\/disp5.webp\" alt=\"\" width=\"800\" height=\"800\" srcset=\"https:\/\/www.leyaled.com\/wp-content\/uploads\/2025\/10\/disp5.webp 800w, https:\/\/www.leyaled.com\/wp-content\/uploads\/2025\/10\/disp5-300x300.webp 300w, https:\/\/www.leyaled.com\/wp-content\/uploads\/2025\/10\/disp5-150x150.webp 150w, https:\/\/www.leyaled.com\/wp-content\/uploads\/2025\/10\/disp5-768x768.webp 768w, https:\/\/www.leyaled.com\/wp-content\/uploads\/2025\/10\/disp5-600x600.webp 600w, https:\/\/www.leyaled.com\/wp-content\/uploads\/2025\/10\/disp5-100x100.webp 100w\" sizes=\"(max-width: 800px) 100vw, 800px\" \/><\/p>\n<p><img decoding=\"async\" class=\"size-full wp-image-3083 aligncenter\" src=\"https:\/\/www.leyaled.com\/wp-content\/uploads\/2025\/10\/display6.webp\" alt=\"\" width=\"800\" height=\"83\" srcset=\"https:\/\/www.leyaled.com\/wp-content\/uploads\/2025\/10\/display6.webp 800w, https:\/\/www.leyaled.com\/wp-content\/uploads\/2025\/10\/display6-300x31.webp 300w, https:\/\/www.leyaled.com\/wp-content\/uploads\/2025\/10\/display6-768x80.webp 768w, https:\/\/www.leyaled.com\/wp-content\/uploads\/2025\/10\/display6-600x62.webp 600w\" sizes=\"(max-width: 800px) 100vw, 800px\" \/><\/p>\n<p style=\"text-align: center;\"><span style=\"font-family: helvetica, arial, sans-serif;\">separa\u00e7\u00e3o sem contr\u00e1rio<\/span><\/p>\n<p>&nbsp;<\/p>\n<p style=\"text-align: center;\"><img decoding=\"async\" class=\"alignnone size-full wp-image-3082\" src=\"https:\/\/www.leyaled.com\/wp-content\/uploads\/2025\/10\/display7.webp\" alt=\"\" width=\"800\" height=\"83\" srcset=\"https:\/\/www.leyaled.com\/wp-content\/uploads\/2025\/10\/display7.webp 800w, https:\/\/www.leyaled.com\/wp-content\/uploads\/2025\/10\/display7-300x31.webp 300w, https:\/\/www.leyaled.com\/wp-content\/uploads\/2025\/10\/display7-768x80.webp 768w, https:\/\/www.leyaled.com\/wp-content\/uploads\/2025\/10\/display7-600x62.webp 600w\" sizes=\"(max-width: 800px) 100vw, 800px\" \/><\/p>\n<p style=\"text-align: center;\"><span style=\"font-family: helvetica, arial, sans-serif;\">\u00e2ngulo de visualiza\u00e7\u00e3o ultra-amplo<\/span><\/p>\n<p style=\"text-align: center;\"><span style=\"font-size: 14pt;\"><strong><span style=\"font-family: helvetica, arial, sans-serif;\">alta flexibilidade<\/span><\/strong><\/span><\/p>\n<p style=\"text-align: center;\"><span style=\"font-size: 14pt; font-family: helvetica, arial, sans-serif;\">A tela LED flex\u00edvel pode ser projetada para ocasi\u00f5es de forma<\/span><\/p>\n<p style=\"text-align: center;\"><img loading=\"lazy\" decoding=\"async\" class=\"alignnone size-full wp-image-3084\" src=\"https:\/\/www.leyaled.com\/wp-content\/uploads\/2025\/10\/display5.webp\" alt=\"\" width=\"800\" height=\"270\" srcset=\"https:\/\/www.leyaled.com\/wp-content\/uploads\/2025\/10\/display5.webp 800w, https:\/\/www.leyaled.com\/wp-content\/uploads\/2025\/10\/display5-300x101.webp 300w, https:\/\/www.leyaled.com\/wp-content\/uploads\/2025\/10\/display5-768x259.webp 768w, https:\/\/www.leyaled.com\/wp-content\/uploads\/2025\/10\/display5-600x203.webp 600w\" sizes=\"(max-width: 800px) 100vw, 800px\" \/><\/p>\n<p style=\"text-align: center;\"><strong><span style=\"font-size: 14pt;\"><span style=\"font-family: helvetica, arial, sans-serif;\">Liberdade de formar<\/span><\/span><\/strong><\/p>\n<p style=\"text-align: center;\"><span style=\"font-family: helvetica, arial, sans-serif; font-size: 14pt;\">Adequado para todos os espa\u00e7os grandes, forma\u00e7\u00e3o livre de estilo de tela<\/span><\/p>\n<p>&nbsp;<\/p>\n<p style=\"text-align: center;\"><img loading=\"lazy\" decoding=\"async\" class=\"alignnone size-full wp-image-3086\" src=\"https:\/\/www.leyaled.com\/wp-content\/uploads\/2025\/10\/display6-1.webp\" alt=\"\" width=\"800\" height=\"384\" srcset=\"https:\/\/www.leyaled.com\/wp-content\/uploads\/2025\/10\/display6-1.webp 800w, https:\/\/www.leyaled.com\/wp-content\/uploads\/2025\/10\/display6-1-300x144.webp 300w, https:\/\/www.leyaled.com\/wp-content\/uploads\/2025\/10\/display6-1-768x369.webp 768w, https:\/\/www.leyaled.com\/wp-content\/uploads\/2025\/10\/display6-1-600x288.webp 600w\" sizes=\"(max-width: 800px) 100vw, 800px\" \/><\/p>\n<p style=\"text-align: center;\"><span style=\"font-family: helvetica, arial, sans-serif;\">estilo de cilindricidade<\/span><\/p>\n<p style=\"text-align: center;\"><img loading=\"lazy\" decoding=\"async\" class=\"alignnone size-full wp-image-3085\" src=\"https:\/\/www.leyaled.com\/wp-content\/uploads\/2025\/10\/display7-1.webp\" alt=\"\" width=\"800\" height=\"387\" srcset=\"https:\/\/www.leyaled.com\/wp-content\/uploads\/2025\/10\/display7-1.webp 800w, https:\/\/www.leyaled.com\/wp-content\/uploads\/2025\/10\/display7-1-300x145.webp 300w, https:\/\/www.leyaled.com\/wp-content\/uploads\/2025\/10\/display7-1-768x372.webp 768w, https:\/\/www.leyaled.com\/wp-content\/uploads\/2025\/10\/display7-1-600x290.webp 600w\" sizes=\"(max-width: 800px) 100vw, 800px\" \/><\/p>\n<p style=\"text-align: center;\"><span style=\"font-family: helvetica, arial, sans-serif;\">estilo de c\u00edrculo de tr\u00e2nsito<\/span><\/p>\n<p style=\"text-align: center;\"><span style=\"font-family: helvetica, arial, sans-serif; font-size: 14pt;\">Taxa de refrescamento at\u00e9 3840Hz, imagem mais clara, n\u00e3o h\u00e1 necessidade de apertar a linha<\/span><\/p>\n<p style=\"text-align: center;\"><img loading=\"lazy\" decoding=\"async\" class=\"alignnone size-full wp-image-3088\" src=\"https:\/\/www.leyaled.com\/wp-content\/uploads\/2025\/10\/display8.webp\" alt=\"\" width=\"800\" height=\"248\" srcset=\"https:\/\/www.leyaled.com\/wp-content\/uploads\/2025\/10\/display8.webp 800w, https:\/\/www.leyaled.com\/wp-content\/uploads\/2025\/10\/display8-300x93.webp 300w, https:\/\/www.leyaled.com\/wp-content\/uploads\/2025\/10\/display8-768x238.webp 768w, https:\/\/www.leyaled.com\/wp-content\/uploads\/2025\/10\/display8-600x186.webp 600w\" sizes=\"(max-width: 800px) 100vw, 800px\" \/><\/p>\n<p style=\"text-align: center;\"><span style=\"font-family: helvetica, arial, sans-serif;\">\u00a0 \u00a0 \u00a0 \u00a0 Alta taxa de refresco\u00a0 \u00a0 \u00a0 \u00a0 \u00a0 \u00a0 \u00a0 \u00a0 \u00a0 \u00a0<\/span><\/p>\n<p style=\"text-align: center;\"><strong><span style=\"font-family: helvetica, arial, sans-serif; font-size: 14pt;\">Teste de envelhecimento<\/span><\/strong><\/p>\n<p style=\"text-align: center;\"><img loading=\"lazy\" decoding=\"async\" class=\"alignnone size-full wp-image-3087\" src=\"https:\/\/www.leyaled.com\/wp-content\/uploads\/2025\/10\/display1-1.webp\" alt=\"\" width=\"800\" height=\"684\" srcset=\"https:\/\/www.leyaled.com\/wp-content\/uploads\/2025\/10\/display1-1.webp 800w, https:\/\/www.leyaled.com\/wp-content\/uploads\/2025\/10\/display1-1-300x257.webp 300w, https:\/\/www.leyaled.com\/wp-content\/uploads\/2025\/10\/display1-1-768x657.webp 768w, https:\/\/www.leyaled.com\/wp-content\/uploads\/2025\/10\/display1-1-600x513.webp 600w\" sizes=\"(max-width: 800px) 100vw, 800px\" \/><\/p>\n<p style=\"text-align: center;\"><span style=\"font-family: helvetica, arial, sans-serif; font-size: 14pt;\">Voc\u00ea gostaria de aprender mais sobre outras exibi\u00e7\u00f5es em forma irregular? Sente-se livre de contactar connosco.<\/span><\/p>","protected":false},"excerpt":{"rendered":"<p>As telas flex\u00edveis s\u00e3o verdadeiras mudan\u00e7as de jogo na tecnologia de exibi\u00e7\u00e3o \u2013 elas afastam os limites r\u00edgidos das telas tradicionais, constru\u00eddas em torno de substratos flex\u00edveis e eletr\u00f4nica de filmes finos para uma dobrabilidade e moldabilidade incr\u00edveis. Com substratos flex\u00edveis de poli\u00edmides, dispositivos de filme fino OLED e circuitos de condu\u00e7\u00e3o compat\u00edveis, eles atuam de forma confi\u00e1vel. Trabalhados com precis\u00e3o, s\u00e3o ligeiros, duros contra impactos, poupan\u00e7a de energia, sens\u00edveis ao toque, e v\u00eam em formas infinitas. De smartphones e portadores para leitores eletr\u00f4nicos, exibi\u00e7\u00f5es de carros, espa\u00e7os de venda ao retalho e configura\u00e7\u00f5es de palco -- est\u00e3o totalmente mudando como usamos telas.<\/p>","protected":false},"featured_media":2816,"comment_status":"closed","ping_status":"closed","template":"","meta":[],"product_brand":[],"product_cat":[33,47],"product_tag":[],"class_list":{"0":"post-2797","1":"product","2":"type-product","3":"status-publish","4":"has-post-thumbnail","6":"product_cat-flexible-display","7":"product_cat-outdoor-flexible-display","9":"first","10":"instock","11":"shipping-taxable","12":"product-type-simple"},"_links":{"self":[{"href":"https:\/\/www.leyaled.com\/pt\/wp-json\/wp\/v2\/product\/2797","targetHints":{"allow":["GET"]}}],"collection":[{"href":"https:\/\/www.leyaled.com\/pt\/wp-json\/wp\/v2\/product"}],"about":[{"href":"https:\/\/www.leyaled.com\/pt\/wp-json\/wp\/v2\/types\/product"}],"replies":[{"embeddable":true,"href":"https:\/\/www.leyaled.com\/pt\/wp-json\/wp\/v2\/comments?post=2797"}],"wp:featuredmedia":[{"embeddable":true,"href":"https:\/\/www.leyaled.com\/pt\/wp-json\/wp\/v2\/media\/2816"}],"wp:attachment":[{"href":"https:\/\/www.leyaled.com\/pt\/wp-json\/wp\/v2\/media?parent=2797"}],"wp:term":[{"taxonomy":"product_brand","embeddable":true,"href":"https:\/\/www.leyaled.com\/pt\/wp-json\/wp\/v2\/product_brand?post=2797"},{"taxonomy":"product_cat","embeddable":true,"href":"https:\/\/www.leyaled.com\/pt\/wp-json\/wp\/v2\/product_cat?post=2797"},{"taxonomy":"product_tag","embeddable":true,"href":"https:\/\/www.leyaled.com\/pt\/wp-json\/wp\/v2\/product_tag?post=2797"}],"curies":[{"name":"wp","href":"https:\/\/api.w.org\/{rel}","templated":true}]}}