{"id":2173,"date":"2025-10-09T17:01:36","date_gmt":"2025-10-09T09:01:36","guid":{"rendered":"https:\/\/www.leyaled.com\/?post_type=product&#038;p=2173"},"modified":"2025-12-08T11:09:58","modified_gmt":"2025-12-08T03:09:58","slug":"profile-body","status":"publish","type":"product","link":"https:\/\/www.leyaled.com\/pt\/indoor-led-display\/profile-body\/","title":{"rendered":"Display LED de perfil de alum\u00ednio"},"content":{"rendered":"<p style=\"text-align: center;\"><span style=\"font-family: helvetica, arial, sans-serif;\"><strong>Design ligeiro: <\/strong>Adoita um perfil de design de quadro de alum\u00ednio, fazendo o corpo da tela <\/span><\/p>\n<p style=\"text-align: center;\"><span style=\"font-family: helvetica, arial, sans-serif;\">min\u00fasculas e ligeiras; economiza espa\u00e7o e custo, e \u00e9 f\u00e1cil transportar e instalar<\/span><\/p>\n<p style=\"text-align: center;\"><span style=\"font-family: helvetica, arial, sans-serif;\"><strong>Suporte de manuten\u00e7\u00e3o frontal\/posterior:<\/strong> O produto suporta manuten\u00e7\u00e3o frontal e posterior, <\/span><\/p>\n<p style=\"text-align: center;\"><span style=\"font-family: helvetica, arial, sans-serif;\">economizando espa\u00e7o e custos de constru\u00e7\u00e3o; melhora a efici\u00eancia da instala\u00e7\u00e3o.<\/span><\/p>\n<p style=\"text-align: center;\"><span style=\"font-family: helvetica, arial, sans-serif;\"><strong>ecol\u00f3gico\/alta brilhante\/alta efici\u00eancia energ\u00e9tica:<\/strong> Equipado com suprimento de energia dividido por tens\u00e3o <\/span><\/p>\n<p style=\"text-align: center;\"><span style=\"font-family: helvetica, arial, sans-serif;\">design, com um consumo m\u00e9dio m\u00e1ximo de pot\u00eancia de apenas 200W; com alto brilho <\/span><\/p>\n<p style=\"text-align: center;\"><span style=\"font-family: helvetica, arial, sans-serif;\">de mais de 6500 nits, alcan\u00e7ando eco-amizade e efici\u00eancia energ\u00e9tica.<\/span><\/p>\n<p style=\"text-align: center;\"><span style=\"font-family: helvetica, arial, sans-serif;\"><strong>Instala\u00e7\u00e3o f\u00e1cil:<\/strong> O armaz\u00e9m pode ser montado ou levantado, permitindo instala\u00e7\u00e3o conveniente e r\u00e1pida e desmontagem.<\/span><\/p>\n<p style=\"text-align: center;\"><span style=\"font-family: helvetica, arial, sans-serif;\"><strong>\u00c1ngulo de Visualiza\u00e7\u00e3o Ultra-Largo\/Olho Nudo 3D:<\/strong> Faz um \u00e2ngulo de vis\u00e3o ultra-largo de 140\u00b0(H\/V);<\/span><\/p>\n<p style=\"text-align: center;\"><span style=\"font-family: helvetica, arial, sans-serif;\"> suporta o \u00e2ngulo direito e a partilha curva, facilmente percebendo efeito 3D de olho nua.<\/span><\/p>\n<p style=\"text-align: center;\"><span style=\"font-family: helvetica, arial, sans-serif;\"><strong>Alto Contraste e Cores Vivas:<\/strong> Fornece cores brilhantes, delicadas e ricas com elevada propor\u00e7\u00e3o de contraste at\u00e9 9500:1,<\/span><\/p>\n<p style=\"text-align: center;\"><span style=\"font-family: helvetica, arial, sans-serif;\"> gra\u00e7as ao design de m\u00e1scara de alto visor assegurando uma excelente coer\u00eancia de cores de tinta; a imagem est\u00e1 clara <\/span><\/p>\n<p style=\"text-align: center;\"><span style=\"font-family: helvetica, arial, sans-serif;\">e natural, trazendo uma viva e aguda experi\u00eancia de vista.<\/span><\/p>\n<p style=\"text-align: center;\"><span style=\"font-family: helvetica, arial, sans-serif;\"><strong>Alto n\u00edvel de prote\u00e7\u00e3o\/est\u00e1vel &amp; - Fi\u00e1vel:<\/strong> Fazido de tecido antienvelhecimento de alta for\u00e7a com classifica\u00e7\u00e3o de prote\u00e7\u00e3o IP65; - die-cast <\/span><\/p>\n<p style=\"text-align: center;\"><span style=\"font-family: helvetica, arial, sans-serif;\">caixa inferior de alum\u00ednio com design de costelas de dissipa\u00e7\u00e3o de alto calor assegura excelente<\/span><\/p>\n<p style=\"text-align: center;\"><span style=\"font-family: helvetica, arial, sans-serif;\"> desempenho de dissipa\u00e7\u00e3o de calor e prolonga a vida de servi\u00e7o do corpo da tela.<\/span><\/p>\n<p><img fetchpriority=\"high\" decoding=\"async\" class=\"size-full wp-image-3071 aligncenter\" src=\"https:\/\/www.leyaled.com\/wp-content\/uploads\/2025\/10\/ing3.webp\" alt=\"\" width=\"800\" height=\"654\" srcset=\"https:\/\/www.leyaled.com\/wp-content\/uploads\/2025\/10\/ing3.webp 800w, https:\/\/www.leyaled.com\/wp-content\/uploads\/2025\/10\/ing3-300x245.webp 300w, https:\/\/www.leyaled.com\/wp-content\/uploads\/2025\/10\/ing3-768x628.webp 768w, https:\/\/www.leyaled.com\/wp-content\/uploads\/2025\/10\/ing3-600x491.webp 600w\" sizes=\"(max-width: 800px) 100vw, 800px\" \/><\/p>\n<p><img decoding=\"async\" class=\"size-full wp-image-3070 aligncenter\" src=\"https:\/\/www.leyaled.com\/wp-content\/uploads\/2025\/10\/ing-2.webp\" alt=\"\" width=\"800\" height=\"533\" srcset=\"https:\/\/www.leyaled.com\/wp-content\/uploads\/2025\/10\/ing-2.webp 800w, https:\/\/www.leyaled.com\/wp-content\/uploads\/2025\/10\/ing-2-300x200.webp 300w, https:\/\/www.leyaled.com\/wp-content\/uploads\/2025\/10\/ing-2-768x512.webp 768w, https:\/\/www.leyaled.com\/wp-content\/uploads\/2025\/10\/ing-2-600x400.webp 600w\" sizes=\"(max-width: 800px) 100vw, 800px\" \/> <img decoding=\"async\" class=\"size-full wp-image-3072 aligncenter\" src=\"https:\/\/www.leyaled.com\/wp-content\/uploads\/2025\/10\/ing5.webp\" alt=\"\" width=\"800\" height=\"648\" srcset=\"https:\/\/www.leyaled.com\/wp-content\/uploads\/2025\/10\/ing5.webp 800w, https:\/\/www.leyaled.com\/wp-content\/uploads\/2025\/10\/ing5-300x243.webp 300w, https:\/\/www.leyaled.com\/wp-content\/uploads\/2025\/10\/ing5-768x622.webp 768w, https:\/\/www.leyaled.com\/wp-content\/uploads\/2025\/10\/ing5-600x486.webp 600w\" sizes=\"(max-width: 800px) 100vw, 800px\" \/><\/p>\n<p style=\"text-align: center;\"><span style=\"font-family: helvetica, arial, sans-serif; font-size: 14pt;\">Tecnologia de alto brilho e baixo gris para detalhes mais claros<\/span><\/p>\n<p style=\"text-align: center;\"><span style=\"font-family: helvetica, arial, sans-serif; font-size: 14pt;\">A luminosidade pode ser ajustada de acordo com<\/span><\/p>\n<p style=\"text-align: center;\"><span style=\"font-family: helvetica, arial, sans-serif; font-size: 14pt;\"> ambiente (100-550nit) sem perder escala de cinza e qualidade da imagem.<\/span><\/p>\n<p style=\"text-align: center;\"><span style=\"font-family: helvetica, arial, sans-serif; font-size: 14pt;\">Alta taxa de refrescamento -- 3840H<\/span><\/p>\n<p style=\"text-align: center;\"><img loading=\"lazy\" decoding=\"async\" class=\"alignnone size-full wp-image-3075\" src=\"https:\/\/www.leyaled.com\/wp-content\/uploads\/2025\/10\/display-3.webp\" alt=\"\" width=\"800\" height=\"648\" srcset=\"https:\/\/www.leyaled.com\/wp-content\/uploads\/2025\/10\/display-3.webp 800w, https:\/\/www.leyaled.com\/wp-content\/uploads\/2025\/10\/display-3-300x243.webp 300w, https:\/\/www.leyaled.com\/wp-content\/uploads\/2025\/10\/display-3-768x622.webp 768w, https:\/\/www.leyaled.com\/wp-content\/uploads\/2025\/10\/display-3-600x486.webp 600w\" sizes=\"(max-width: 800px) 100vw, 800px\" \/><\/p>\n<p style=\"text-align: center;\"><span style=\"font-family: helvetica, arial, sans-serif;\">\u00a0 \u00a0 \u00a0 Baixo brilho e e A escala gris baixa - baixa escala gris\u00a0<\/span><\/p>\n<p style=\"text-align: center;\"><span style=\"font-family: helvetica, arial, sans-serif;\">\u00a0 \u00a0 Perda significativa de detalhes da \u00e1rea escura<\/span><\/p>\n<p>&nbsp;<\/p>\n<p style=\"text-align: center;\"><span style=\"font-family: helvetica, arial, sans-serif; font-size: 14pt;\">Mantenimento frontal e posterior<\/span><\/p>\n<p style=\"text-align: center;\"><span style=\"font-family: helvetica, arial, sans-serif; font-size: 14pt;\">Montagem r\u00e1pida, desmontagem e manuten\u00e7\u00e3o de caixa de energia e m\u00f3dulo Completamente selado,<\/span><\/p>\n<p style=\"text-align: center;\"><span style=\"font-family: helvetica, arial, sans-serif; font-size: 14pt;\"> apoia a manuten\u00e7\u00e3o frontal e posterior. N\u00e3o \u00e9 necess\u00e1rio AC de manuten\u00e7\u00e3o<\/span><\/p>\n<p><img loading=\"lazy\" decoding=\"async\" class=\"size-full wp-image-3076 aligncenter\" src=\"https:\/\/www.leyaled.com\/wp-content\/uploads\/2025\/10\/ing22.webp\" alt=\"\" width=\"800\" height=\"638\" srcset=\"https:\/\/www.leyaled.com\/wp-content\/uploads\/2025\/10\/ing22.webp 800w, https:\/\/www.leyaled.com\/wp-content\/uploads\/2025\/10\/ing22-300x239.webp 300w, https:\/\/www.leyaled.com\/wp-content\/uploads\/2025\/10\/ing22-768x612.webp 768w, https:\/\/www.leyaled.com\/wp-content\/uploads\/2025\/10\/ing22-600x479.webp 600w\" sizes=\"(max-width: 800px) 100vw, 800px\" \/><\/p>\n<p style=\"text-align: center;\"><span style=\"font-family: helvetica, arial, sans-serif; font-size: 14pt;\">Seguran\u00e7a<\/span><\/p>\n<p style=\"text-align: center;\"><span style=\"font-family: helvetica, arial, sans-serif; font-size: 14pt;\">A concha inferior de todo alum\u00ednio, alto ponto de igni\u00e7\u00e3o, alto n\u00edvel de resist\u00eancia ao inc\u00eandio, pode passar pelo teste de inc\u00eandio da ag\u00eancia TUV 5VB<\/span><\/p>\n<p>&nbsp;<\/p>\n<p style=\"text-align: center;\"><img loading=\"lazy\" decoding=\"async\" class=\"alignnone size-full wp-image-3077\" src=\"https:\/\/www.leyaled.com\/wp-content\/uploads\/2025\/10\/ing55.webp\" alt=\"\" width=\"800\" height=\"648\" srcset=\"https:\/\/www.leyaled.com\/wp-content\/uploads\/2025\/10\/ing55.webp 800w, https:\/\/www.leyaled.com\/wp-content\/uploads\/2025\/10\/ing55-300x243.webp 300w, https:\/\/www.leyaled.com\/wp-content\/uploads\/2025\/10\/ing55-768x622.webp 768w, https:\/\/www.leyaled.com\/wp-content\/uploads\/2025\/10\/ing55-600x486.webp 600w\" sizes=\"(max-width: 800px) 100vw, 800px\" \/><\/p>\n<p style=\"text-align: center;\"><span style=\"font-family: helvetica, arial, sans-serif; font-size: 14pt;\">Dois fornecimentos de energia<\/span><\/p>\n<p style=\"text-align: center;\"><span style=\"font-family: helvetica, arial, sans-serif;\"><span style=\"font-size: 14pt;\">Fornecimento de energia de duas voltagens com deslocamento autom\u00e1tico e fun\u00e7\u00e3o de sa\u00edda de duas voltagens para assegurar a estabilidade do abastecimento de energia<\/span> <\/span><\/p>\n<p style=\"text-align: center;\"><img loading=\"lazy\" decoding=\"async\" class=\"alignnone size-full wp-image-3078\" src=\"https:\/\/www.leyaled.com\/wp-content\/uploads\/2025\/10\/display-4.webp\" alt=\"\" width=\"800\" height=\"387\" srcset=\"https:\/\/www.leyaled.com\/wp-content\/uploads\/2025\/10\/display-4.webp 800w, https:\/\/www.leyaled.com\/wp-content\/uploads\/2025\/10\/display-4-300x145.webp 300w, https:\/\/www.leyaled.com\/wp-content\/uploads\/2025\/10\/display-4-768x372.webp 768w, https:\/\/www.leyaled.com\/wp-content\/uploads\/2025\/10\/display-4-600x290.webp 600w\" sizes=\"(max-width: 800px) 100vw, 800px\" \/><\/p>\n<p style=\"text-align: center;\"><span style=\"font-size: 12pt;\"><span style=\"font-family: helvetica, arial, sans-serif;\">Fornecimento de energia \u00a0 \u00a0 \u00a0 <\/span>\u00a0<\/span><\/p>\n<p style=\"text-align: center;\"><span style=\"font-family: helvetica, arial, sans-serif; font-size: 14pt;\">Escen\u00e1rios de aplica\u00e7\u00e3o: <\/span><\/p>\n<p style=\"text-align: center;\"><span style=\"font-family: helvetica, arial, sans-serif;\">Adicionamento e Media Exhibition - Visualiza\u00e7\u00e3o - Visualiza\u00e7\u00e3o comercial - Governo Imagem das Empresas Transporte etc.<\/span><\/p>\n<p style=\"text-align: center;\"><img loading=\"lazy\" decoding=\"async\" class=\"alignnone size-full wp-image-3079\" src=\"https:\/\/www.leyaled.com\/wp-content\/uploads\/2025\/10\/display3-1.webp\" alt=\"\" width=\"800\" height=\"800\" srcset=\"https:\/\/www.leyaled.com\/wp-content\/uploads\/2025\/10\/display3-1.webp 800w, https:\/\/www.leyaled.com\/wp-content\/uploads\/2025\/10\/display3-1-300x300.webp 300w, https:\/\/www.leyaled.com\/wp-content\/uploads\/2025\/10\/display3-1-150x150.webp 150w, https:\/\/www.leyaled.com\/wp-content\/uploads\/2025\/10\/display3-1-768x768.webp 768w, https:\/\/www.leyaled.com\/wp-content\/uploads\/2025\/10\/display3-1-600x600.webp 600w, https:\/\/www.leyaled.com\/wp-content\/uploads\/2025\/10\/display3-1-100x100.webp 100w\" sizes=\"(max-width: 800px) 100vw, 800px\" \/><\/p>\n<p style=\"text-align: center;\"><span style=\"font-family: helvetica, arial, sans-serif;\">Quanto tempo \u00e9 a vida de servi\u00e7o do perfil de alum\u00ednio LED? Sente-se livre de nos contatar.<\/span><\/p>","protected":false},"excerpt":{"rendered":"<p>Nossos arm\u00e1rios de perfil de alum\u00ednio s\u00e3o 15% mais leves do que modelos padr\u00e3o, al\u00e9m disso eles fornecem dissipa\u00e7\u00e3o de calor de alto n\u00edvel e cumprem padr\u00f5es IP65 de prova de \u00e1gua.<br \/>\nTanto a manuten\u00e7\u00e3o frontal como posterior s\u00e3o suportadas, fazendo um vento de manuten\u00e7\u00e3o no local.<br \/>\nVoc\u00ea ter\u00e1 uma qualidade impressionante de imagem: taxa de refrescamento de 3840Hz, taxa de contraste de 10000:1, escala de cinza de 16 bits, e um \u00e2ngulo de vis\u00e3o de 160\u00b0.<br \/>\nEles tamb\u00e9m s\u00e3o altamente eficientes em energia, com uma potencia m\u00e9dia de apenas 270 watts por metro quadrado.<br \/>\nEsses exibi\u00e7\u00f5es funcionam brilhantemente para publicidade ao ar livre, espect\u00e1culos de palco ao vivo, espa\u00e7os de exposi\u00e7\u00e3o de marcas, e muitas outras aplica\u00e7\u00f5es.<\/p>","protected":false},"featured_media":2672,"comment_status":"closed","ping_status":"closed","template":"","meta":[],"product_brand":[],"product_cat":[42,15],"product_tag":[],"class_list":{"0":"post-2173","1":"product","2":"type-product","3":"status-publish","4":"has-post-thumbnail","6":"product_cat-indoor-led-display","7":"product_cat-standard-led-display","9":"first","10":"instock","11":"shipping-taxable","12":"product-type-simple"},"_links":{"self":[{"href":"https:\/\/www.leyaled.com\/pt\/wp-json\/wp\/v2\/product\/2173","targetHints":{"allow":["GET"]}}],"collection":[{"href":"https:\/\/www.leyaled.com\/pt\/wp-json\/wp\/v2\/product"}],"about":[{"href":"https:\/\/www.leyaled.com\/pt\/wp-json\/wp\/v2\/types\/product"}],"replies":[{"embeddable":true,"href":"https:\/\/www.leyaled.com\/pt\/wp-json\/wp\/v2\/comments?post=2173"}],"wp:featuredmedia":[{"embeddable":true,"href":"https:\/\/www.leyaled.com\/pt\/wp-json\/wp\/v2\/media\/2672"}],"wp:attachment":[{"href":"https:\/\/www.leyaled.com\/pt\/wp-json\/wp\/v2\/media?parent=2173"}],"wp:term":[{"taxonomy":"product_brand","embeddable":true,"href":"https:\/\/www.leyaled.com\/pt\/wp-json\/wp\/v2\/product_brand?post=2173"},{"taxonomy":"product_cat","embeddable":true,"href":"https:\/\/www.leyaled.com\/pt\/wp-json\/wp\/v2\/product_cat?post=2173"},{"taxonomy":"product_tag","embeddable":true,"href":"https:\/\/www.leyaled.com\/pt\/wp-json\/wp\/v2\/product_tag?post=2173"}],"curies":[{"name":"wp","href":"https:\/\/api.w.org\/{rel}","templated":true}]}}