{"id":2169,"date":"2025-10-09T16:57:42","date_gmt":"2025-10-09T08:57:42","guid":{"rendered":"https:\/\/www.leyaled.com\/?post_type=product&#038;p=2169"},"modified":"2025-12-11T14:46:45","modified_gmt":"2025-12-11T06:46:45","slug":"transparent-screen","status":"publish","type":"product","link":"https:\/\/www.leyaled.com\/pt\/outdoor-special-led-screen\/transparent-screen\/","title":{"rendered":"Pantalla transparente"},"content":{"rendered":"<p style=\"text-align: center;\"><span style=\"font-family: helvetica, arial, sans-serif; font-size: 14pt;\"><strong>Display LED s\u00e3o produtos personalizados. Para a personaliza\u00e7\u00e3o de ecr\u00e3 completa, por favor contacte o servi\u00e7o de clientes para as perguntas.<\/strong><\/span><\/p>\n<p style=\"text-align: center;\"><span style=\"font-family: helvetica, arial, sans-serif; font-size: 14pt;\"><strong>1. Alta transpar\u00eancia com vis\u00e3o n\u00e3o obstru\u00edda<\/strong><\/span><br \/>\n<span style=\"font-family: helvetica, arial, sans-serif; font-size: 14pt;\">Pantallas transparentes geralmente oferecem uma taxa de transpar\u00eancia de 40%-90% (varia por modelo). <\/span><\/p>\n<p style=\"text-align: center;\"><span style=\"font-family: helvetica, arial, sans-serif; font-size: 14pt;\">Adotando projetos de peda\u00e7os LED baseados em vidro ou vazios, eles n\u00e3o bloqueam as cenas atr\u00e1s <\/span><\/p>\n<p style=\"text-align: center;\"><span style=\"font-family: helvetica, arial, sans-serif; font-size: 14pt;\">(por exemplo, janelas de loja, constru\u00e7\u00e3o de paredes de cortina de vidro, exposi\u00e7\u00f5es de arm\u00e1rio), fornecendo um transl\u00facido <\/span><\/p>\n<p style=\"text-align: center;\"><span style=\"font-family: helvetica, arial, sans-serif; font-size: 14pt;\">efeito onde &#8220; o conte\u00fado mostrado sobreponde a cena real&#8221; e resolver o ponto de dor de &#8220; vis\u00e3o obstru\u00edda com telas tradicionais.<\/span><\/p>\n<p style=\"text-align: center;\"><span style=\"font-family: helvetica, arial, sans-serif; font-size: 14pt;\"><strong>2. Visualiza\u00e7\u00e3o de alta defini\u00e7\u00e3o com cor excelente e Performa\u00e7\u00e3o Din\u00e2mica<\/strong><\/span><br \/>\n<span style=\"font-family: helvetica, arial, sans-serif; font-size: 14pt;\">Herdando as vantagens da qualidade da imagem das telas LED, as telas mais transparentes apoiam <\/span><\/p>\n<p style=\"text-align: center;\"><span style=\"font-family: helvetica, arial, sans-serif; font-size: 14pt;\">resolu\u00e7\u00e3o de alta defini\u00e7\u00e3o (por exemplo, 1080P e acima) e r\u00e1cios de contraste elevados (at\u00e9 10000:1 para alguns modelos).<\/span><\/p>\n<p style=\"text-align: center;\"><span style=\"font-family: helvetica, arial, sans-serif; font-size: 14pt;\"> Equipados com tecnologia de gama de cores largas, eles asseguram conte\u00fado din\u00e2mico claro e suave<\/span><\/p>\n<p style=\"text-align: center;\"><span style=\"font-family: helvetica, arial, sans-serif; font-size: 14pt;\"> (como v\u00eddeos e anima\u00e7\u00f5es). Mesmo em ambientes luminosos fortes (por exemplo, janelas ao ar livre),<\/span><\/p>\n<p style=\"text-align: center;\"><span style=\"font-family: helvetica, arial, sans-serif; font-size: 14pt;\"> eles mant\u00eam a precis\u00e3o das cores e impedem o branqueamento da tela.<\/span><\/p>\n<p style=\"text-align: center;\"><span style=\"font-family: helvetica, arial, sans-serif; font-size: 14pt;\"><strong>3. Slim &amp; Design ligeiro com Instala\u00e7\u00e3o Flex\u00edvel<\/strong><\/span><br \/>\n<span style=\"font-family: helvetica, arial, sans-serif; font-size: 14pt;\">Com uma estrutura ligeira, a espessura \u00e9 geralmente apenas 5-15 mm. Eles podem ser montados diretamente <\/span><\/p>\n<p style=\"text-align: center;\"><span style=\"font-family: helvetica, arial, sans-serif; font-size: 14pt;\">em vidro (atrav\u00e9s de adsor\u00e7\u00e3o magn\u00e9tica, montagem de paredes ou montagem de teto) sem necessidade de complexos<\/span><\/p>\n<p style=\"text-align: center;\"><span style=\"font-family: helvetica, arial, sans-serif; font-size: 14pt;\"> par\u00e9nteses. Al\u00e9m disso, algumas telas transparentes flex\u00edveis podem se adaptar a cen\u00e1rios curvos ou irregulares<\/span><\/p>\n<p style=\"text-align: center;\"><span style=\"font-family: helvetica, arial, sans-serif; font-size: 14pt;\"> (por exemplo, armaz\u00e9ns cilindricos, paredes de vidro curvas), satisfazendo os requisitos de instala\u00e7\u00e3o de diferentes lugares.<\/span><\/p>\n<p style=\"text-align: center;\"><span style=\"font-family: helvetica, arial, sans-serif; font-size: 14pt;\"><strong>4. Consumo de baixa energia - Alta Estabilidade para Opera\u00e7\u00f5es a longo prazo<\/strong><\/span><\/p>\n<p style=\"text-align: center;\"><span style=\"font-family: helvetica, arial, sans-serif; font-size: 14pt;\">Aumentando as caracter\u00edsticas de baixa pot\u00eancia dos chips LED, telas transparentes s\u00e3o mais eficientes em energia do que tradicionais<\/span><\/p>\n<p style=\"text-align: center;\"><span style=\"font-family: helvetica, arial, sans-serif; font-size: 14pt;\"> Pantallas transparentes LCD. Eles tamb\u00e9m apoiam a opera\u00e7\u00e3o cont\u00ednua 24 horas por dia (por exemplo, janelas comerciais, ecr\u00e3s de informa\u00e7\u00e3o do aeroporto).<\/span><\/p>\n<p style=\"text-align: center;\"><span style=\"font-family: helvetica, arial, sans-serif; font-size: 14pt;\"> Combinados com o sistema de suporte de p\u00f3s-vendas da sua empresa, eles ajudam a reduzir os custos de manuten\u00e7\u00e3o de longo prazo dos clientes.<\/span><\/p>\n<p style=\"text-align: center;\"><span style=\"font-family: helvetica, arial, sans-serif; font-size: 14pt;\"><strong>Bonito e picturesco, ultra-luz e ultra-fino<\/strong>\u00a0<\/span><\/p>\n<p style=\"text-align: center;\"><span style=\"font-family: helvetica, arial, sans-serif; font-size: 14pt;\">Quadro de alum\u00ednio simples, anti-extens\u00e3o e deforma\u00e7\u00e3o, alta planeza e partilha sem bordo <\/span><\/p>\n<p style=\"text-align: center;\"><strong><span style=\"font-family: helvetica, arial, sans-serif; font-size: 14pt;\">Alta transpar\u00eancia: 50% transpar\u00eancia<\/span><\/strong><\/p>\n<p style=\"text-align: center;\"><span style=\"font-family: helvetica, arial, sans-serif; font-size: 14pt;\">A tecnologia positiva de luminesc\u00eancia pode aumentar a transpar\u00eancia para mais de 50%. <\/span><\/p>\n<p style=\"text-align: center;\"><span style=\"font-family: helvetica, arial, sans-serif; font-size: 14pt;\">Quando a imagem \u00e9 mostrada, \u00e9 como uma imagem tridimensional aparecendo diretamente no ar.<\/span><\/p>\n<p><img fetchpriority=\"high\" decoding=\"async\" class=\"size-full wp-image-3173 aligncenter\" src=\"https:\/\/www.leyaled.com\/wp-content\/uploads\/2025\/10\/tmp.webp\" alt=\"\" width=\"800\" height=\"476\" srcset=\"https:\/\/www.leyaled.com\/wp-content\/uploads\/2025\/10\/tmp.webp 800w, https:\/\/www.leyaled.com\/wp-content\/uploads\/2025\/10\/tmp-300x179.webp 300w, https:\/\/www.leyaled.com\/wp-content\/uploads\/2025\/10\/tmp-768x457.webp 768w, https:\/\/www.leyaled.com\/wp-content\/uploads\/2025\/10\/tmp-600x357.webp 600w\" sizes=\"(max-width: 800px) 100vw, 800px\" \/><\/p>\n<p style=\"text-align: center;\"><span style=\"font-size: 14pt;\"><strong><span style=\"font-family: helvetica, arial, sans-serif;\">Separa\u00e7\u00e3o inofensiva, instala\u00e7\u00e3o flex\u00edvel<\/span><\/strong><\/span><\/p>\n<p style=\"text-align: center;\"><span style=\"font-family: helvetica, arial, sans-serif; font-size: 14pt;\">Spicing sem parafuso satisfaz nossa busca por uma imagem mais bonita. A instala\u00e7\u00e3o flex\u00edvel \u00e9 adequada <\/span><\/p>\n<p style=\"text-align: center;\"><span style=\"font-family: helvetica, arial, sans-serif; font-size: 14pt;\">para qualquer tamanho. A tecnologia de extens\u00e3o de v\u00eddeo \u00e9 usada para garantir que a imagem n\u00e3o seja <\/span><\/p>\n<p style=\"text-align: center;\"><span style=\"font-family: helvetica, arial, sans-serif; font-size: 14pt;\">deformada e a cor n\u00e3o \u00e9 distorcida ao ver a imagem. <\/span><\/p>\n<p style=\"text-align: center;\"><img decoding=\"async\" class=\"alignnone size-full wp-image-3174\" src=\"https:\/\/www.leyaled.com\/wp-content\/uploads\/2025\/10\/tmpdisplay.webp\" alt=\"\" width=\"800\" height=\"700\" srcset=\"https:\/\/www.leyaled.com\/wp-content\/uploads\/2025\/10\/tmpdisplay.webp 800w, https:\/\/www.leyaled.com\/wp-content\/uploads\/2025\/10\/tmpdisplay-300x263.webp 300w, https:\/\/www.leyaled.com\/wp-content\/uploads\/2025\/10\/tmpdisplay-768x672.webp 768w, https:\/\/www.leyaled.com\/wp-content\/uploads\/2025\/10\/tmpdisplay-600x525.webp 600w\" sizes=\"(max-width: 800px) 100vw, 800px\" \/><\/p>\n<p style=\"text-align: center;\"><strong><span style=\"font-family: helvetica, arial, sans-serif; font-size: 14pt;\"> Detalles do Produto<\/span><\/strong><\/p>\n<p style=\"text-align: center;\"><img decoding=\"async\" class=\"alignnone size-full wp-image-3175\" src=\"https:\/\/www.leyaled.com\/wp-content\/uploads\/2025\/10\/display-tmp.webp\" alt=\"\" width=\"800\" height=\"617\" srcset=\"https:\/\/www.leyaled.com\/wp-content\/uploads\/2025\/10\/display-tmp.webp 800w, https:\/\/www.leyaled.com\/wp-content\/uploads\/2025\/10\/display-tmp-300x231.webp 300w, https:\/\/www.leyaled.com\/wp-content\/uploads\/2025\/10\/display-tmp-768x592.webp 768w, https:\/\/www.leyaled.com\/wp-content\/uploads\/2025\/10\/display-tmp-600x463.webp 600w\" sizes=\"(max-width: 800px) 100vw, 800px\" \/><\/p>\n<p><span style=\"font-family: helvetica, arial, sans-serif; font-size: 14pt;\"><strong><img loading=\"lazy\" decoding=\"async\" class=\"size-full wp-image-3178 aligncenter\" src=\"https:\/\/www.leyaled.com\/wp-content\/uploads\/2025\/10\/tmpdisplay-2.webp\" alt=\"\" width=\"800\" height=\"541\" srcset=\"https:\/\/www.leyaled.com\/wp-content\/uploads\/2025\/10\/tmpdisplay-2.webp 800w, https:\/\/www.leyaled.com\/wp-content\/uploads\/2025\/10\/tmpdisplay-2-300x203.webp 300w, https:\/\/www.leyaled.com\/wp-content\/uploads\/2025\/10\/tmpdisplay-2-768x519.webp 768w, https:\/\/www.leyaled.com\/wp-content\/uploads\/2025\/10\/tmpdisplay-2-600x406.webp 600w\" sizes=\"(max-width: 800px) 100vw, 800px\" \/><\/strong><\/span><\/p>\n<p style=\"text-align: center;\"><strong><span style=\"font-family: helvetica, arial, sans-serif; font-size: 14pt;\">Visualiza\u00e7\u00e3o de alta defini\u00e7\u00e3o<\/span><\/strong><\/p>\n<p style=\"text-align: center;\"><span style=\"font-family: helvetica, arial, sans-serif; font-size: 14pt;\">Fidelidade de Cores<\/span><\/p>\n<p style=\"text-align: center;\"><span style=\"font-family: helvetica, arial, sans-serif; font-size: 14pt;\">Nivel de Escala de Gris de 14 bits<\/span><\/p>\n<p style=\"text-align: center;\"><span style=\"font-family: helvetica, arial, sans-serif; font-size: 14pt;\">Taxa de refrescamento \u2265 1920Hz<\/span><\/p>\n<p style=\"text-align: center;\"><span style=\"font-family: helvetica, arial, sans-serif; font-size: 14pt;\">Brilhan\u00e7a 4500 cd\/ \u33a1<\/span><\/p>\n<p style=\"text-align: center;\"><img loading=\"lazy\" decoding=\"async\" class=\"alignnone size-full wp-image-3179\" src=\"https:\/\/www.leyaled.com\/wp-content\/uploads\/2025\/10\/zhiruy.webp\" alt=\"\" width=\"800\" height=\"643\" srcset=\"https:\/\/www.leyaled.com\/wp-content\/uploads\/2025\/10\/zhiruy.webp 800w, https:\/\/www.leyaled.com\/wp-content\/uploads\/2025\/10\/zhiruy-300x241.webp 300w, https:\/\/www.leyaled.com\/wp-content\/uploads\/2025\/10\/zhiruy-768x617.webp 768w, https:\/\/www.leyaled.com\/wp-content\/uploads\/2025\/10\/zhiruy-600x482.webp 600w\" sizes=\"(max-width: 800px) 100vw, 800px\" \/><\/p>\n<p style=\"text-align: center;\"><span style=\"font-size: 14pt; font-family: helvetica, arial, sans-serif;\"><strong> Avantagens espec\u00edficos do cen\u00e1rio: <\/strong>cobertura industrial ampla com viabilidade de implementa\u00e7\u00e3o forte<\/span><\/p>\n<p style=\"text-align: center;\"><span style=\"font-size: 14pt; font-family: helvetica, arial, sans-serif;\"><strong>Escen\u00e1rio comercial de retalho:<\/strong> Pantallas transparentes para janelas de armazenagem podem jogar promo\u00e7\u00e3o de produtos <\/span><\/p>\n<p style=\"text-align: center;\"><span style=\"font-size: 14pt; font-family: helvetica, arial, sans-serif;\">v\u00eddeos sem bloquear os exibidores da loja. \"Passadores-by can\" &#8220; ver os produtos atrav\u00e9s da tela,&#8221; <\/span><\/p>\n<p style=\"text-align: center;\"><span style=\"font-size: 14pt; font-family: helvetica, arial, sans-serif;\">melhorando a janela s apelo (por exemplo, lojas de j\u00f3ias, lojas de roupa, lojas 3C).<\/span><\/p>\n<p style=\"text-align: center;\"><span style=\"font-family: helvetica, arial, sans-serif; font-size: 14pt;\"><strong>exposi\u00e7\u00e3o e - Escen\u00e1rio de Visualiza\u00e7\u00e3o:<\/strong> Pantallas transparentes instaladas em arm\u00e1rios de exibi\u00e7\u00e3o em museus e<\/span><\/p>\n<p style=\"text-align: center;\"><span style=\"font-family: helvetica, arial, sans-serif; font-size: 14pt;\"> museus de ci\u00eancia e tecnologia podem sobrepor texto e explica\u00e7\u00f5es animadas em cima das exposi\u00e7\u00f5es<\/span><\/p>\n<p style=\"text-align: center;\"><span style=\"font-family: helvetica, arial, sans-serif; font-size: 14pt;\"> (como rel\u00edquias culturais e modelos), permitindo a apresenta\u00e7\u00e3o simult\u00e2nea de &#8220; objetos f\u00edsicos, informa\u00e7\u00e3o digital, <\/span><\/p>\n<p style=\"text-align: center;\"><span style=\"font-family: helvetica, arial, sans-serif; font-size: 14pt;\">e melhorando a experi\u00eancia interativa.<\/span><\/p>\n<p style=\"text-align: center;\"><span style=\"font-family: helvetica, arial, sans-serif; font-size: 14pt;\"><strong>Arquitetura e - Escen\u00e1rio de fora:<\/strong> Quando telas transparentes s\u00e3o instaladas<\/span><\/p>\n<p style=\"text-align: center;\"><span style=\"font-family: helvetica, arial, sans-serif; font-size: 14pt;\"> as paredes de cortina de vidro dos edif\u00edcios, eles n\u00e3o afetam o edif\u00edcio. s luz do dia durante <\/span><\/p>\n<p style=\"text-align: center;\"><span style=\"font-family: helvetica, arial, sans-serif; font-size: 14pt;\">o dia. Na noite, eles podem jogar anima\u00e7\u00f5es urbanas de cena noturna e an\u00fancios de marca, <\/span><\/p>\n<p style=\"text-align: center;\"><span style=\"font-family: helvetica, arial, sans-serif; font-size: 14pt;\">combinando apelo est\u00e9tico com valor comercial.<\/span><\/p>\n<p style=\"text-align: center;\"><span style=\"font-size: 14pt; font-family: helvetica, arial, sans-serif;\"><strong>Transporte e Scen\u00e1rio P\u00fablico:<\/strong> Pantallas transparentes usadas para parti\u00e7\u00f5es de vidro em <\/span><\/p>\n<p style=\"text-align: center;\"><span style=\"font-size: 14pt; font-family: helvetica, arial, sans-serif;\">aeroportos e metros podem mostrar informa\u00e7\u00f5es sobre voo\/rota sem interferir com passageiros. - habilidade<\/span>y a<\/p>\n<p style=\"text-align: center;\"><span style=\"font-family: helvetica, arial, sans-serif; font-size: 14pt;\">observar o ambiente ao redor, melhorando a efici\u00eancia da presta\u00e7\u00e3o de informa\u00e7\u00f5es.<\/span><\/p>","protected":false},"excerpt":{"rendered":"<p>Vejam esta tela LED transparente que muda de jogo - ela mistura conte\u00fado digital diretamente no mundo real sem problemas.<br \/>\n80% de transmiss\u00e3o, HD completo ou mesmo qualidade 4K - visuais claros e transpar\u00eancia verdadeira, todos em um.<br \/>\nUltra fino, f\u00e1cil de instalar, fica agudo no sol brilhante, e voc\u00ea pode adicionar toque, gesto ou AR para intera\u00e7\u00f5es frias.<br \/>\nTamanhos e formas personalizadas para vendas ao retalho, exposi\u00e7\u00f5es, est\u00e1gios, hot\u00e9is - o que quiserem!<\/p>","protected":false},"featured_media":2665,"comment_status":"closed","ping_status":"closed","template":"","meta":[],"product_brand":[],"product_cat":[49,34],"product_tag":[],"class_list":{"0":"post-2169","1":"product","2":"type-product","3":"status-publish","4":"has-post-thumbnail","6":"product_cat-outdoor-special-led-screen","7":"product_cat-special-led-screen","9":"first","10":"instock","11":"shipping-taxable","12":"product-type-simple"},"_links":{"self":[{"href":"https:\/\/www.leyaled.com\/pt\/wp-json\/wp\/v2\/product\/2169","targetHints":{"allow":["GET"]}}],"collection":[{"href":"https:\/\/www.leyaled.com\/pt\/wp-json\/wp\/v2\/product"}],"about":[{"href":"https:\/\/www.leyaled.com\/pt\/wp-json\/wp\/v2\/types\/product"}],"replies":[{"embeddable":true,"href":"https:\/\/www.leyaled.com\/pt\/wp-json\/wp\/v2\/comments?post=2169"}],"wp:featuredmedia":[{"embeddable":true,"href":"https:\/\/www.leyaled.com\/pt\/wp-json\/wp\/v2\/media\/2665"}],"wp:attachment":[{"href":"https:\/\/www.leyaled.com\/pt\/wp-json\/wp\/v2\/media?parent=2169"}],"wp:term":[{"taxonomy":"product_brand","embeddable":true,"href":"https:\/\/www.leyaled.com\/pt\/wp-json\/wp\/v2\/product_brand?post=2169"},{"taxonomy":"product_cat","embeddable":true,"href":"https:\/\/www.leyaled.com\/pt\/wp-json\/wp\/v2\/product_cat?post=2169"},{"taxonomy":"product_tag","embeddable":true,"href":"https:\/\/www.leyaled.com\/pt\/wp-json\/wp\/v2\/product_tag?post=2169"}],"curies":[{"name":"wp","href":"https:\/\/api.w.org\/{rel}","templated":true}]}}