{"id":2165,"date":"2025-10-09T16:55:10","date_gmt":"2025-10-09T08:55:10","guid":{"rendered":"https:\/\/www.leyaled.com\/?post_type=product&#038;p=2165"},"modified":"2025-12-11T14:50:57","modified_gmt":"2025-12-11T06:50:57","slug":"floor-tile-displayp3-91","status":"publish","type":"product","link":"https:\/\/www.leyaled.com\/pt\/indoor-fixed-installation\/floor-tile-displayp3-91\/","title":{"rendered":"Display de madeira de andarP3.91"},"content":{"rendered":"<p style=\"text-align: center;\"><span style=\"font-family: helvetica, arial, sans-serif; font-size: 14pt;\"><strong>O que \u00e9 uma tela de andar LED?<\/strong><\/span><\/p>\n<p style=\"text-align: center;\"><span style=\"font-family: helvetica, arial, sans-serif; font-size: 14pt;\">Uma tela de ch\u00e3o LED \u00e9 uma tela de LED personalizada especificamente projetada para uso montado no ch\u00e3o. Comparado com LED tradicional<\/span><\/p>\n<p style=\"text-align: center;\"><span style=\"font-family: helvetica, arial, sans-serif; font-size: 14pt;\"> mostras, apresenta projetos especializados em capacidade de carregamento, desempenho protetor e dissipa\u00e7\u00e3o de calor. Seu prop\u00f3sito <\/span><\/p>\n<p style=\"text-align: center;\"><span style=\"font-family: helvetica, arial, sans-serif; font-size: 14pt;\">\u00e9 permitir que a tela do ch\u00e3o resista ao tr\u00e2nsito de p\u00e9s de alta intensidade de m\u00faltiplas pessoas, mantendo a opera\u00e7\u00e3o est\u00e1vel a longo prazo.<\/span><\/p>\n<p style=\"text-align: center;\"><span style=\"font-family: helvetica, arial, sans-serif; font-size: 14pt;\"><strong>1. Super Capacidade de Carregar Durabilidade para cen\u00e1rios de treinamento de alta frequ\u00eancia<\/strong><\/span><\/p>\n<p style=\"text-align: center;\"><span style=\"font-family: helvetica, arial, sans-serif; font-size: 14pt;\">Adotando um projeto estrutural de alta for\u00e7a (por exemplo, casamento de alum\u00ednio de morte, m\u00e1scara de PC espessada), ela tem uma<\/span><\/p>\n<p style=\"text-align: center;\"><span style=\"font-family: helvetica, arial, sans-serif; font-size: 14pt;\"> capacidade regular de carga de 500-1000 kg\/ \u33a1.  Pode resistir a um tr\u00e2nsito denso de p\u00e9s, rodando <\/span><\/p>\n<p style=\"text-align: center;\"><span style=\"font-family: helvetica, arial, sans-serif; font-size: 14pt;\">de pequeno equipamento (como carros de palco e equipamento de limpeza comercial), e permanece sem distor\u00e7\u00e3o ou<\/span><\/p>\n<p style=\"text-align: center;\"><span style=\"font-family: helvetica, arial, sans-serif; font-size: 14pt;\"> sem preju\u00edzo ap\u00f3s uso a longo prazo. \u00c9 adequado para cen\u00e1rios de uso de alta frequ\u00eancia como centros comerciais, est\u00e1gios e exposi\u00e7\u00f5es.<\/span><\/p>\n<p style=\"text-align: center;\"><span style=\"font-family: helvetica, arial, sans-serif; font-size: 14pt;\"><strong>2. Baixo consumo de energia e Dissipa\u00e7\u00e3o de calor est\u00e1vel para uso a longo prazo sem preocupa\u00e7\u00e3o<\/strong><\/span><\/p>\n<p style=\"text-align: center;\"><span style=\"font-size: 14pt; font-family: helvetica, arial, sans-serif;\">Usando pedras LED de baixa pot\u00eancia e chips de condutor inteligentes, economiza mais de 30% de energia c<\/span><\/p>\n<p style=\"text-align: center;\"><span style=\"font-size: 14pt; font-family: helvetica, arial, sans-serif;\">comparadas \u00e0s telas tradicionais de ch\u00e3o, tornando-as adequadas para cen\u00e1rios que requerem longo prazo <\/span><\/p>\n<p style=\"text-align: center;\"><span style=\"font-size: 14pt; font-family: helvetica, arial, sans-serif;\">opera\u00e7\u00e3o (por exemplo, centros comerciais abertos de 24 horas). A estrutura de dissipa\u00e7\u00e3o de calor eficiente <\/span><\/p>\n<p style=\"text-align: center;\"><span style=\"font-size: 14pt; font-family: helvetica, arial, sans-serif;\">(por exemplo, plano posterior dissipante de calor de alum\u00ednio, projeto vazio dissipante de calor) efetivamente evita<\/span><\/p>\n<p style=\"text-align: center;\"><span style=\"font-size: 14pt; font-family: helvetica, arial, sans-serif;\"> aquecimento excessivo causado pelo uso a longo prazo, assegurando a funcionamento cont\u00ednuo est\u00e1vel da tela e reduzindo a frequ\u00eancia de repara\u00e7\u00f5es de falhas.<\/span><\/p>\n<p style=\"text-align: center;\"><strong><span style=\"font-family: helvetica, arial, sans-serif; font-size: 14pt;\">3. Anti-Slip, Anti-Impact &amp; IP65 Protec\u00e7\u00e3o pela M\u00e1xima Seguran\u00e7a<\/span><\/strong><\/p>\n<p style=\"text-align: center;\"><span style=\"font-family: helvetica, arial, sans-serif; font-size: 14pt;\">Tem uma superf\u00edcie anti-deslizante, ent\u00e3o voc\u00ea n\u00e3o ir\u00e1 deslizar nem em \u00e1reas h\u00famidas, como est\u00e1gios molhados ou centros comerciais simplesmente limpos. <\/span><\/p>\n<p style=\"text-align: center;\"><span style=\"font-family: helvetica, arial, sans-serif; font-size: 14pt;\">Com IP65 ou melhor valoriza\u00e7\u00e3o de teto de p\u00f3 e resist\u00eancia \u00e0 \u00e1gua, mant\u00e9m a p\u00f3 fora e maneja facilmente as espuls\u00f5es. <\/span><\/p>\n<p style=\"text-align: center;\"><span style=\"font-family: helvetica, arial, sans-serif; font-size: 14pt;\">Isso reduz os custos de manuten\u00e7\u00e3o de lugares fora\/semi-fora (por exemplo, plazas abertas) e funciona muito bem para eventos de ar aberto no Oriente M\u00e9dio tamb\u00e9m.<\/span><\/p>\n<p style=\"text-align: center;\"><span style=\"font-size: 14pt;\"><strong><span style=\"font-family: helvetica, arial, sans-serif;\">4. Qualidade de imagem HD &amp; Intera\u00e7\u00e3o Din\u00e2mica para Experi\u00eancia Visual Melhorada<\/span><\/strong><\/span><\/p>\n<p style=\"text-align: center;\"><span style=\"font-size: 14pt;\">Ele suporta a resolu\u00e7\u00e3o HD 1080P\/4K\/8K - p\u00edxeles densos tornam as imagens suaves e claras,<\/span><\/p>\n<p style=\"text-align: center;\"><span style=\"font-size: 14pt;\"> nenhum gr\u00e3o. Alguns modelos t\u00eam tecnologia de sensa\u00e7\u00e3o de press\u00e3o: passo na tela, ilumina,<\/span><\/p>\n<p style=\"text-align: center;\"><span style=\"font-size: 14pt;\"> e seus movimentos at\u00e9 desencadeam efeitos de sombra. Voc\u00ea tamb\u00e9m pode ter mudan\u00e7as de padr\u00e3o ou liga\u00e7\u00f5es musicais.<\/span><\/p>\n<p style=\"text-align: center;\"><span style=\"font-size: 14pt;\"> Seja para efeitos din\u00e2micos no est\u00e1gio ou comercializa\u00e7\u00e3o interativa do centro comercial, ele pega os olhos com visuais fortes e torna o espa\u00e7o mais vivo.<\/span><\/p>\n<p style=\"text-align: center;\"><span style=\"font-size: 14pt;\"><strong><span style=\"font-family: helvetica, arial, sans-serif;\">5. Adapta\u00e7\u00e3o flex\u00edvel e Instala\u00e7\u00e3o f\u00e1cil para diversos cen\u00e1rios<\/span><\/strong><\/span><\/p>\n<p style=\"text-align: center;\"><span style=\"font-family: helvetica, arial, sans-serif; font-size: 14pt;\">N\u00f3s podemos faz\u00ea-lo em qualquer forma que voc\u00ea quiser -- curvos, circulares, at\u00e9 irregulares -- apenas compartilhar suas necessidades no local. Tamb\u00e9m sustenta sem fios<\/span><\/p>\n<p style=\"text-align: center;\"><span style=\"font-family: helvetica, arial, sans-serif; font-size: 14pt;\"> espalhamento (espa\u00e7o \u2264 0,5 mm), de modo que voc\u00ea pode facilmente construir grandes telas ou formas especiais, como pistas de palco ou pisos do \u00e1trio comercial. <\/span><\/p>\n<p style=\"text-align: center;\"><span style=\"font-family: helvetica, arial, sans-serif; font-size: 14pt;\">O design modular torna a configura\u00e7\u00e3o e a descarga simples tamb\u00e9m; Se os reparos forem necess\u00e1rios mais tarde,<\/span><\/p>\n<p style=\"text-align: center;\"><span style=\"font-family: helvetica, arial, sans-serif; font-size: 14pt;\"> apenas substituir um pequeno m\u00f3dulo -- n\u00e3o \u00e9 necess\u00e1rio um grande trabalho, economizando tempo e trabalho.<\/span><\/p>\n<p>&nbsp;<\/p>\n<p>&nbsp;<\/p>\n<p style=\"text-align: center;\"><img fetchpriority=\"high\" decoding=\"async\" class=\"alignnone size-full wp-image-3185\" src=\"https:\/\/www.leyaled.com\/wp-content\/uploads\/2025\/10\/display-dzp.webp\" alt=\"\" width=\"800\" height=\"907\" srcset=\"https:\/\/www.leyaled.com\/wp-content\/uploads\/2025\/10\/display-dzp.webp 800w, https:\/\/www.leyaled.com\/wp-content\/uploads\/2025\/10\/display-dzp-265x300.webp 265w, https:\/\/www.leyaled.com\/wp-content\/uploads\/2025\/10\/display-dzp-768x871.webp 768w, https:\/\/www.leyaled.com\/wp-content\/uploads\/2025\/10\/display-dzp-600x680.webp 600w\" sizes=\"(max-width: 800px) 100vw, 800px\" \/><\/p>\n<p style=\"text-align: center;\"><strong><span style=\"font-size: 14pt; font-family: helvetica, arial, sans-serif;\">IP66 Waterproof Rating: Fearless Against Harsh Outdoor Conditions<\/span><\/strong><\/p>\n<p style=\"text-align: center;\"><span style=\"font-family: helvetica, arial, sans-serif;\">Ele cumpre o padr\u00e3o nacional IP66 de prova de \u00e1gua, levantando-se <\/span><\/p>\n<p style=\"text-align: center;\"><span style=\"font-family: helvetica, arial, sans-serif;\">para ambientes externos duros e adequados para mais cen\u00e1rios.<\/span><\/p>\n<p style=\"text-align: center;\"><img decoding=\"async\" class=\"alignnone size-full wp-image-3184\" src=\"https:\/\/www.leyaled.com\/wp-content\/uploads\/2025\/10\/dzp1.webp\" alt=\"\" width=\"800\" height=\"449\" srcset=\"https:\/\/www.leyaled.com\/wp-content\/uploads\/2025\/10\/dzp1.webp 800w, https:\/\/www.leyaled.com\/wp-content\/uploads\/2025\/10\/dzp1-300x168.webp 300w, https:\/\/www.leyaled.com\/wp-content\/uploads\/2025\/10\/dzp1-768x431.webp 768w, https:\/\/www.leyaled.com\/wp-content\/uploads\/2025\/10\/dzp1-600x337.webp 600w\" sizes=\"(max-width: 800px) 100vw, 800px\" \/><\/p>\n<p style=\"text-align: center;\"><span style=\"font-size: 14pt; font-family: helvetica, arial, sans-serif;\"><strong>Personaliz\u00e1vel a Qualquer Forma<\/strong><\/span><\/p>\n<p style=\"text-align: center;\"><span style=\"font-size: 14pt; font-family: helvetica, arial, sans-serif;\">N\u00f3s projetamos formas e diversos efeitos din\u00e2micos baseados em seus requisitos. A tela suporta<\/span><\/p>\n<p style=\"text-align: center;\"><span style=\"font-size: 14pt; font-family: helvetica, arial, sans-serif;\"> corte arbitr\u00e1rio e partilha inesperada, permitindo configura\u00e7\u00f5es diversas, ao mesmo tempo que fornecem qualidade de imagem clara e vis\u00edvel.<\/span><\/p>\n<p style=\"text-align: center;\"><img decoding=\"async\" class=\"alignnone size-full wp-image-3186\" src=\"https:\/\/www.leyaled.com\/wp-content\/uploads\/2025\/10\/display-.webp\" alt=\"\" width=\"800\" height=\"535\" srcset=\"https:\/\/www.leyaled.com\/wp-content\/uploads\/2025\/10\/display-.webp 800w, https:\/\/www.leyaled.com\/wp-content\/uploads\/2025\/10\/display--300x201.webp 300w, https:\/\/www.leyaled.com\/wp-content\/uploads\/2025\/10\/display--768x514.webp 768w, https:\/\/www.leyaled.com\/wp-content\/uploads\/2025\/10\/display--600x401.webp 600w\" sizes=\"(max-width: 800px) 100vw, 800px\" \/><\/p>\n<p style=\"text-align: center;\"><span style=\"font-size: 14pt; font-family: helvetica, arial, sans-serif;\"><strong>8K Ultra-HD Image Quality: A Sharper Visual Experience<\/strong><\/span><\/p>\n<p style=\"text-align: center;\"><span style=\"font-size: 14pt; font-family: helvetica, arial, sans-serif;\">Com controle exato de p\u00edxel, ele fornece visuais exquisitamente realistas. Se s \u00e3o v\u00eddeos din\u00e2micos<\/span><\/p>\n<p style=\"text-align: center;\"><span style=\"font-size: 14pt; font-family: helvetica, arial, sans-serif;\"> ou imagens est\u00e1ticas, traz um impacto visual poderoso para os espectadores.<\/span><\/p>\n<p style=\"text-align: center;\"><img loading=\"lazy\" decoding=\"async\" class=\"alignnone size-full wp-image-3187\" src=\"https:\/\/www.leyaled.com\/wp-content\/uploads\/2025\/10\/display6-2.webp\" alt=\"\" width=\"800\" height=\"535\" srcset=\"https:\/\/www.leyaled.com\/wp-content\/uploads\/2025\/10\/display6-2.webp 800w, https:\/\/www.leyaled.com\/wp-content\/uploads\/2025\/10\/display6-2-300x201.webp 300w, https:\/\/www.leyaled.com\/wp-content\/uploads\/2025\/10\/display6-2-768x514.webp 768w, https:\/\/www.leyaled.com\/wp-content\/uploads\/2025\/10\/display6-2-600x401.webp 600w\" sizes=\"(max-width: 800px) 100vw, 800px\" \/><\/p>\n<p style=\"text-align: center;\"><span style=\"font-family: helvetica, arial, sans-serif; font-size: 14pt;\">A coisa divertida das telas LED do ch\u00e3o \u00e9 que elas podem interagir com as pessoas e criar efeitos diferentes -- voc\u00ea sabia isso?<\/span><\/p>\n<table style=\"border-collapse: collapse; width: 69.9823%; height: 1250px;\">\n<tbody>\n<tr style=\"height: 56px;\">\n<td style=\"height: 56px; width: 42.5678%;\" colspan=\"2\">\n<p style=\"text-align: center;\"><strong><b>\u00a0<\/b><\/strong><strong><b>P<\/b><\/strong><strong><b>arametros<\/b><\/strong><\/p>\n<\/td>\n<td style=\"width: 23.8358%; height: 56px; text-align: center;\"><strong><b>Par\u00e2metros<\/b><\/strong><strong><b>\u00a0Va<\/b><\/strong><strong><b>lues<\/b><\/strong><\/td>\n<\/tr>\n<tr style=\"height: 45px;\">\n<td style=\"width: 19.6851%; height: 263px; text-align: center;\" rowspan=\"7\"><strong><b>Composi\u00e7\u00e3o Modular<\/b><\/strong><\/td>\n<td style=\"height: 45px; width: 22.8827%; text-align: center;\">Pixel Structrue<\/td>\n<td style=\"height: 45px; width: 23.8358%; text-align: center;\">SMD2121 3<\/td>\n<\/tr>\n<tr style=\"height: 28px;\">\n<td style=\"height: 28px; width: 22.8827%; text-align: center;\">\u00a0Pixel Pitch mm mm;<\/td>\n<td style=\"height: 28px; width: 23.8358%; text-align: center;\">2.976<\/td>\n<\/tr>\n<tr style=\"height: 42px;\">\n<td style=\"height: 42px; width: 22.8827%; text-align: center;\">Defini\u00e7\u00e3o do m\u00f3dulo W\u00d7H<\/td>\n<td style=\"height: 42px; width: 23.8358%; text-align: center;\">84\u00d784 = 7056<\/td>\n<\/tr>\n<tr style=\"height: 32px;\">\n<td style=\"height: 32px; width: 22.8827%; text-align: center;\">Tamanho do M\u00f3dulo mm mm;<\/td>\n<td style=\"height: 32px; width: 23.8358%; text-align: center;\">250 W\uff09\u00d7250 H<\/td>\n<\/tr>\n<tr style=\"height: 27px;\">\n<td style=\"height: 27px; width: 22.8827%; text-align: center;\">Peso m\u00f3dulo kg kg;<\/td>\n<td style=\"height: 27px; width: 23.8358%; text-align: center;\">0,32\u00b10,1KG<\/td>\n<\/tr>\n<tr style=\"height: 47px;\">\n<td style=\"height: 47px; width: 22.8827%; text-align: center;\">Dissipa\u00e7\u00e3o de pot\u00eancia m\u00e1xima m\u00f3dulo<\/td>\n<td style=\"height: 47px; width: 23.8358%; text-align: center;\">\u226435<\/td>\n<\/tr>\n<tr style=\"height: 42px;\">\n<td style=\"height: 42px; width: 22.8827%; text-align: center;\">\u00a0Cart\u00e3o IC do condutor<\/td>\n<td style=\"height: 42px; width: 23.8358%; text-align: center;\">2153S<\/td>\n<\/tr>\n<tr style=\"height: 49px;\">\n<td style=\"width: 19.6851%; text-align: center; height: 306px;\" rowspan=\"9\"><strong><b><br \/>\n<\/b><\/strong><strong><b><br \/>\n<\/b><\/strong><strong><b>Gabinete: Composi\u00e7\u00e3o<\/b><\/strong><\/td>\n<td style=\"height: 49px; width: 22.8827%; text-align: center;\">Composi\u00e7\u00e3o do M\u00f3dulo do Gabinete W\u00d7H<\/td>\n<td style=\"height: 49px; width: 23.8358%; text-align: center;\">2x4<\/td>\n<\/tr>\n<tr style=\"height: 28px;\">\n<td style=\"height: 28px; width: 22.8827%; text-align: center;\">Defini\u00e7\u00e3o do gabinete W\u00d7H<\/td>\n<td style=\"height: 28px; width: 23.8358%; text-align: center;\">168x336<\/td>\n<\/tr>\n<tr style=\"height: 38px;\">\n<td style=\"height: 38px; width: 22.8827%; text-align: center;\">Tamanho do gabinete mm\uff09(W\u00d7H\u00d7D)<\/td>\n<td style=\"height: 38px; width: 23.8358%; text-align: center;\">500 W\uff09\u00d71000 H\uff09\u00d795 D<\/td>\n<\/tr>\n<tr style=\"height: 30px;\">\n<td style=\"height: 30px; width: 22.8827%; text-align: center;\">\u00c1rea do gabinete m<sup>2<\/sup>65289;<\/td>\n<td style=\"height: 30px; width: 23.8358%; text-align: center;\">0.5<\/td>\n<\/tr>\n<tr style=\"height: 27px;\">\n<td style=\"height: 27px; width: 22.8827%; text-align: center;\">Peso do gabinete.<\/td>\n<td style=\"height: 27px; width: 23.8358%; text-align: center;\">25KG\u00b11KG<\/td>\n<\/tr>\n<tr style=\"height: 35px;\">\n<td style=\"height: 35px; width: 22.8827%; text-align: center;\">Cabinete[UNK]PixelDensity Pixel\/m<sup>2<\/sup>65289;<\/td>\n<td style=\"height: 35px; width: 23.8358%; text-align: center;\">112896<\/td>\n<\/tr>\n<tr style=\"height: 36px;\">\n<td style=\"height: 36px; width: 22.8827%; text-align: center;\">Gabinete[UNK]LevelingError mm mm;<\/td>\n<td style=\"height: 36px; width: 23.8358%; text-align: center;\">\u22640,1<\/td>\n<\/tr>\n<tr style=\"height: 36px;\">\n<td style=\"height: 36px; width: 22.8827%; text-align: center;\">M\u00e9todo de Mantenimento<\/td>\n<td style=\"height: 36px; width: 23.8358%; text-align: center;\">Matined from the Front \/ Behind<\/td>\n<\/tr>\n<tr style=\"height: 27px;\">\n<td style=\"height: 27px; width: 22.8827%; text-align: center;\">Material do Gabinete<\/td>\n<td style=\"height: 27px; width: 23.8358%; text-align: center;\">Cabinete de Ferro<\/td>\n<\/tr>\n<tr style=\"height: 34px;\">\n<td style=\"width: 19.6851%; text-align: center; height: 202px;\" rowspan=\"8\"><strong><b><br \/>\n<\/b><\/strong><strong><b>Par\u00e2metros \u00d3pticos<\/b><\/strong><strong><b><br \/>\n<\/b><\/strong><strong><b><br \/>\n<\/b><\/strong><strong><b><br \/>\n<\/b><\/strong><\/td>\n<td style=\"width: 22.8827%; text-align: center; height: 34px;\">Correi\u00e7\u00e3o de Luz Single Pixel<\/td>\n<td style=\"width: 23.8358%; text-align: center; height: 34px;\">\u00a0Nenhum<\/td>\n<\/tr>\n<tr style=\"height: 24px;\">\n<td style=\"width: 22.8827%; text-align: center; height: 24px;\">Correi\u00e7\u00e3o de cores de um \u00fanico pixel<\/td>\n<td style=\"width: 23.8358%; text-align: center; height: 24px;\">Nenhum<\/td>\n<\/tr>\n<tr style=\"height: 24px;\">\n<td style=\"width: 22.8827%; text-align: center; height: 24px;\">Brilhan\u00e7a do equil\u00edbrio branco.<\/td>\n<td style=\"width: 23.8358%; text-align: center; height: 24px;\">\u2265600<\/td>\n<\/tr>\n<tr style=\"height: 24px;\">\n<td style=\"width: 22.8827%; text-align: center; height: 24px;\">Temperatura de cores K K K<\/td>\n<td style=\"width: 23.8358%; text-align: center; height: 24px;\">8000Adujustable<\/td>\n<\/tr>\n<tr style=\"height: 24px;\">\n<td style=\"width: 22.8827%; text-align: center; height: 24px;\">\u00c1ngulo visual_;Horizontal\/Vertical_;<\/td>\n<td style=\"width: 23.8358%; text-align: center; height: 24px;\">120\u00b0\/90\u00b0<\/td>\n<\/tr>\n<tr style=\"height: 24px;\">\n<td style=\"width: 22.8827%; text-align: center; height: 24px;\">Erro de Posi\u00e7\u00e3o LED para o Centro<\/td>\n<td style=\"width: 23.8358%; text-align: center; height: 24px;\">&lt; 3%<\/td>\n<\/tr>\n<tr style=\"height: 24px;\">\n<td style=\"width: 22.8827%; text-align: center; height: 24px;\">Brilhan\u00e7a\/Homogenidade do Chroma<\/td>\n<td style=\"width: 23.8358%; text-align: center; height: 24px;\">\u226597%<\/td>\n<\/tr>\n<tr style=\"height: 24px;\">\n<td style=\"width: 22.8827%; text-align: center; height: 24px;\">Contraste<\/td>\n<td style=\"width: 23.8358%; text-align: center; height: 24px;\">4000:1<\/td>\n<\/tr>\n<tr style=\"height: 24px;\">\n<td style=\"width: 19.6851%; text-align: center; height: 96px;\" rowspan=\"4\"><strong><b><br \/>\n<\/b><\/strong><strong><b>Par\u00e2metros el\u00e9tricos<\/b><\/strong><strong><b><br \/>\n<\/b><\/strong><strong><b><br \/>\n<\/b><\/strong><\/td>\n<td style=\"width: 22.8827%; text-align: center; height: 24px;\">Dissipa\u00e7\u00e3o de energia na Cimeira W\/m<sup>2<\/sup>65289;<\/td>\n<td style=\"width: 23.8358%; text-align: center; height: 24px;\">450<\/td>\n<\/tr>\n<tr style=\"height: 24px;\">\n<td style=\"width: 22.8827%; text-align: center; height: 24px;\">Dissipa\u00e7\u00e3o m \u00e9dia de pot\u00eancia W\/m<sup>2<\/sup>65289;<\/td>\n<td style=\"width: 23.8358%; text-align: center; height: 24px;\">200<\/td>\n<\/tr>\n<tr style=\"height: 24px;\">\n<td style=\"width: 22.8827%; text-align: center; height: 24px;\">Requisitos de fornecimento de energia<\/td>\n<td style=\"width: 23.8358%; text-align: center; height: 24px;\">AC110-240V\uff0c Frequ\u00eancia 50-60 (Hz)<\/td>\n<\/tr>\n<tr style=\"height: 24px;\">\n<td style=\"width: 22.8827%; text-align: center; height: 24px;\">Certifica\u00e7\u00f5es de seguran\u00e7a<\/td>\n<td style=\"width: 23.8358%; text-align: center; height: 24px;\">GB4943\/EN60950<\/td>\n<\/tr>\n<tr style=\"height: 16px;\">\n<td style=\"width: 19.6851%; text-align: center; height: 177px;\" rowspan=\"7\"><strong><b><br \/>\n<\/b><\/strong><strong><b><br \/>\n<\/b><\/strong><strong><b>Processando o desempenho<\/b><\/strong><strong><b><br \/>\n<\/b><\/strong><strong><b><br \/>\n<\/b><\/strong><strong><b><br \/>\n<\/b><\/strong><\/td>\n<td style=\"height: 16px; width: 22.8827%; text-align: center;\">Frequ\u00eancias de mudan\u00e7a de quadro Hz<\/td>\n<td style=\"height: 16px; width: 23.8358%; text-align: center;\">60<\/td>\n<\/tr>\n<tr style=\"height: 25px;\">\n<td style=\"height: 25px; width: 22.8827%; text-align: center;\">\u00a0 Tipo de condutor<\/td>\n<td style=\"height: 25px; width: 23.8358%; text-align: center;\">Constante Current Drive, 28Scans<\/td>\n<\/tr>\n<tr style=\"height: 17px;\">\n<td style=\"height: 17px; width: 22.8827%; text-align: center;\">Gr\u00e9cia<\/td>\n<td style=\"height: 17px; width: 23.8358%; text-align: center;\">4096- 65536 Adjust\u00e1vel<\/td>\n<\/tr>\n<tr style=\"height: 34px;\">\n<td style=\"height: 34px; width: 22.8827%; text-align: center;\">Hz Rata de Refresamento Hz<\/td>\n<td style=\"height: 34px; width: 23.8358%; text-align: center;\">[UNK]3840Hz[UNK]Adjust\u00e1vel<\/td>\n<\/tr>\n<tr style=\"height: 29px;\">\n<td style=\"height: 29px; width: 22.8827%; text-align: center;\">Capacidade de Processo de Cores<\/td>\n<td style=\"height: 29px; width: 23.8358%; text-align: center;\">16bit<\/td>\n<\/tr>\n<tr style=\"height: 10px;\">\n<td style=\"height: 10px; width: 22.8827%; text-align: center;\">Par\u00e2metros de Memoria de Corte de Pot\u00eancia<\/td>\n<td style=\"height: 10px; width: 23.8358%; text-align: center;\">Brilhan\u00e7a, Figuras de Fixa\u00e7\u00e3o do Chr\u00f3mo,Par\u00e2metros M\u00f3dulos<\/td>\n<\/tr>\n<tr style=\"height: 46px;\">\n<td style=\"height: 46px; width: 22.8827%; text-align: center;\">Capacidade de Visualiza\u00e7\u00e3o Horizontal<\/td>\n<td style=\"height: 46px; width: 23.8358%; text-align: center;\">2K HD, 4K UHD<\/td>\n<\/tr>\n<tr style=\"height: 24px;\">\n<td style=\"width: 19.6851%; text-align: center; height: 150px;\" rowspan=\"5\">&nbsp;<\/p>\n<p><strong><b>Par\u00e2metros de Uso<\/b><\/strong><strong><b><br \/>\n<\/b><\/strong><strong><b><br \/>\n<\/b><\/strong><\/p>\n<p>&nbsp;<\/p>\n<p>&nbsp;<\/td>\n<td style=\"width: 22.8827%; text-align: center; height: 24px;\">Tempo de vida m\u00e9dio<\/td>\n<td style=\"width: 23.8358%; text-align: center; height: 24px;\">50.000H<\/td>\n<\/tr>\n<tr style=\"height: 77px;\">\n<td style=\"width: 22.8827%; text-align: center; height: 47px;\">Temperatura de Trabalho\/Humidez RH<\/td>\n<td style=\"width: 23.8358%; text-align: center; height: 47px;\">-10\u201340 \/[UNK]10%-70%RH Sem Condensa\u00e7\u00e3o\uff09<\/td>\n<\/tr>\n<tr style=\"height: 24px;\">\n<td style=\"width: 22.8827%; text-align: center; height: 24px;\">Temperatura de armazenamento\/Humidez RH<\/td>\n<td style=\"width: 23.8358%; text-align: center; height: 24px;\">-20\u201360 \/ 10%-80%RH Sem Condensa\u00e7\u00e3o<\/td>\n<\/tr>\n<tr style=\"height: 24px;\">\n<td style=\"width: 22.8827%; text-align: center; height: 24px;\">Normas Aplicadas<\/td>\n<td style=\"width: 23.8358%; text-align: center; height: 24px;\">CCC<\/td>\n<\/tr>\n<tr style=\"height: 56px;\">\n<td style=\"width: 22.8827%; text-align: center; height: 31px;\">\u00a0Avalia\u00e7\u00e3o \u00e0 prova de \u00e1gua<\/td>\n<td style=\"width: 23.8358%; text-align: center; height: 31px;\">IP65Front<\/td>\n<\/tr>\n<\/tbody>\n<\/table>\n<p>&nbsp;<\/p>\n<p>&nbsp;<\/p>","protected":false},"excerpt":{"rendered":"<p>Essa nova gera\u00e7\u00e3o de exibi\u00e7\u00f5es criativas de placas de ch\u00e3o combina durabilidade, instala\u00e7\u00e3o r\u00e1pida e partilha de 3D. Seu encerramento modular e mecanismo de bloqueio magn\u00e9tico permitem instala\u00e7\u00e3o r\u00e1pida, de pessoa \u00fanica e manuten\u00e7\u00e3o minuto a minuto. Suporta um desalinhamento arbitr\u00e1rio vertical, horizontal, frente para tr\u00e1s, facilmente criando formas 3D como ondas e passos. A calibra\u00e7\u00e3o avan\u00e7ada assegura uma exibi\u00e7\u00e3o inequ\u00edvoca, tornando-a amplamente aplic\u00e1vel em performances, espa\u00e7os comerciais, turismo cultural e radiodifus\u00e3o, misturando inequ\u00edvocamente engenharia eficiente com express\u00e3o visual criativa.<\/p>","protected":false},"featured_media":2692,"comment_status":"closed","ping_status":"closed","template":"","meta":[],"product_brand":[],"product_cat":[32,45],"product_tag":[],"class_list":{"0":"post-2165","1":"product","2":"type-product","3":"status-publish","4":"has-post-thumbnail","6":"product_cat-fixed-led-display","7":"product_cat-indoor-fixed-installation","9":"first","10":"instock","11":"shipping-taxable","12":"product-type-simple"},"_links":{"self":[{"href":"https:\/\/www.leyaled.com\/pt\/wp-json\/wp\/v2\/product\/2165","targetHints":{"allow":["GET"]}}],"collection":[{"href":"https:\/\/www.leyaled.com\/pt\/wp-json\/wp\/v2\/product"}],"about":[{"href":"https:\/\/www.leyaled.com\/pt\/wp-json\/wp\/v2\/types\/product"}],"replies":[{"embeddable":true,"href":"https:\/\/www.leyaled.com\/pt\/wp-json\/wp\/v2\/comments?post=2165"}],"wp:featuredmedia":[{"embeddable":true,"href":"https:\/\/www.leyaled.com\/pt\/wp-json\/wp\/v2\/media\/2692"}],"wp:attachment":[{"href":"https:\/\/www.leyaled.com\/pt\/wp-json\/wp\/v2\/media?parent=2165"}],"wp:term":[{"taxonomy":"product_brand","embeddable":true,"href":"https:\/\/www.leyaled.com\/pt\/wp-json\/wp\/v2\/product_brand?post=2165"},{"taxonomy":"product_cat","embeddable":true,"href":"https:\/\/www.leyaled.com\/pt\/wp-json\/wp\/v2\/product_cat?post=2165"},{"taxonomy":"product_tag","embeddable":true,"href":"https:\/\/www.leyaled.com\/pt\/wp-json\/wp\/v2\/product_tag?post=2165"}],"curies":[{"name":"wp","href":"https:\/\/api.w.org\/{rel}","templated":true}]}}