{"id":2160,"date":"2025-10-09T16:47:47","date_gmt":"2025-10-09T08:47:47","guid":{"rendered":"https:\/\/www.leyaled.com\/?post_type=product&#038;p=2160"},"modified":"2025-12-11T16:25:16","modified_gmt":"2025-12-11T08:25:16","slug":"p4-81enclosure","status":"publish","type":"product","link":"https:\/\/www.leyaled.com\/pt\/indoor-led-display\/p4-81enclosure\/","title":{"rendered":"indoor P4.81 display Enclosure"},"content":{"rendered":"<p style=\"text-align: center;\"><strong><span style=\"font-family: helvetica, arial, sans-serif; font-size: 14pt;\">1[UNK]Qualidade de imagem interna adaptada ao cen\u00e1rio com grandes efeitos visuais<\/span><\/strong><\/p>\n<p style=\"text-align: center;\"><span style=\"font-family: helvetica, arial, sans-serif; font-size: 14pt;\">Com um pico de 4,81m m e uma densidade de picos de aproximadamente 43,264 picos\/m \u00b2, <\/span><\/p>\n<p style=\"text-align: center;\"><span style=\"font-family: helvetica, arial, sans-serif; font-size: 14pt;\">ele est\u00e1 equipado com um ultra-largo de 160\u00b0, <\/span><span style=\"font-family: helvetica, arial, sans-serif; font-size: 14pt;\">olhando \u00e2ngulo e um brilho de cerca de 1000cd\/m \u00b2.<\/span><\/p>\n<p style=\"text-align: center;\"><span style=\"font-family: helvetica, arial, sans-serif; font-size: 14pt;\"> N\u00e3o apenas mostra claramente v\u00eddeos din\u00e2micos e marca <\/span><span style=\"font-family: helvetica, arial, sans-serif; font-size: 14pt;\">logos mas tamb\u00e9m evita brilho causado por brilho excessivo.<\/span><\/p>\n<p style=\"text-align: center;\"><span style=\"font-family: helvetica, arial, sans-serif; font-size: 14pt;\"> Com uma taxa de refrescamento n\u00e3o inferior a 500Hz, ali<\/span><span style=\"font-family: helvetica, arial, sans-serif; font-size: 14pt;\">n\u00e3o \u00e9 agitado ou atraente quando toca efeitos interativos ou visuais est\u00e1gios,<\/span><\/p>\n<p style=\"text-align: center;\"><span style=\"font-family: helvetica, arial, sans-serif; font-size: 14pt;\">assegurando que a audi\u00eancia possa ver conte\u00fado claro de qualquer \u00e2ngulo.<\/span><\/p>\n<p style=\"text-align: center;\"><span style=\"font-family: helvetica, arial, sans-serif; font-size: 14pt;\"><strong>2[UNK]Peso ligeiro, f\u00e1cil de Apartar \u2013 Grande para efici\u00eancia de aluguel<\/strong><\/span><\/p>\n<p style=\"text-align: center;\"><span style=\"font-family: helvetica, arial, sans-serif; font-size: 14pt;\">Ela tem um armaz\u00e9m ligeiro, principalmente alum\u00ednio morto. Cada unidade n\u00e3o \u00e9 pesada \u2013 2 a 3 pessoas podem transport\u00e1-la e instal\u00e1-la. Tamb\u00e9m \u00e9 modular, <\/span><\/p>\n<p style=\"text-align: center;\"><span style=\"font-family: helvetica, arial, sans-serif; font-size: 14pt;\">ent\u00e3o partir \u00e9 r\u00e1pido. Tamanhos comuns s\u00e3o padr\u00f5es como 500 \u00d7 500 mm e 500 \u00d7 1000 mm, e voc\u00ea pode ajustar<\/span><\/p>\n<p style=\"text-align: center;\"><span style=\"font-family: helvetica, arial, sans-serif; font-size: 14pt;\"> o tamanho e forma para encaixar no espa\u00e7o de eventos. Quando separado, ele se armazena \u2013 economiza espa\u00e7o log\u00edstico e custos laborais.<\/span><\/p>\n<p style=\"text-align: center;\"><span style=\"font-size: 14pt; font-family: helvetica, arial, sans-serif;\"><strong>3[UNK]Protec\u00e7\u00e3o b\u00e1sica &amp; - durabilidade para uso frequente<\/strong><\/span><\/p>\n<p style=\"text-align: center;\"><span style=\"font-size: 14pt; font-family: helvetica, arial, sans-serif;\">Embora destinado para uso interno, tem capacidades b\u00e1sicas de cobertura de p\u00f3 e resist\u00eancia \u00e0 umidade, que podem lidar com pequena polvere e umidade <\/span><\/p>\n<p style=\"text-align: center;\"><span style=\"font-size: 14pt; font-family: helvetica, arial, sans-serif;\">mudan\u00e7as em ambientes interiores como exposi\u00e7\u00f5es e centros comerciais. A superf\u00edcie da tela \u00e9 principalmente resistente ao arranho,<\/span><\/p>\n<p style=\"text-align: center;\"><span style=\"font-size: 14pt; font-family: helvetica, arial, sans-serif;\"> e as interfaces do m\u00f3dulo s\u00e3o refor\u00e7adas, tornando-a menos propensa a danos mesmo com montagem frequente e <\/span><\/p>\n<p style=\"text-align: center;\"><span style=\"font-size: 14pt; font-family: helvetica, arial, sans-serif;\">desmontar, reunindo assim o &#8220; uso c\u00edclico repetido&#8221; - demanda em neg\u00f3cios de aluguer.<\/span><\/p>\n<p style=\"text-align: center;\"><span style=\"font-size: 14pt; font-family: helvetica, arial, sans-serif;\"><strong>4[UNK]Apoio para uma depura\u00e7\u00e3o r\u00e1pida e - adapta\u00e7\u00e3o flex\u00edvel na cena<\/strong><\/span><\/p>\n<p style=\"text-align: center;\"><span style=\"font-size: 14pt; font-family: helvetica, arial, sans-serif;\">Ela vem com conex\u00f5es de sinal convenientes e \u00e9 parejada com um sistema de controle espec\u00edfico para aluguer, permitindo que ela seja iluminada <\/span><\/p>\n<p style=\"text-align: center;\"><span style=\"font-size: 14pt; font-family: helvetica, arial, sans-serif;\">logo depois da conex\u00e3o no local. \u00c9 compat\u00edvel com m\u00f3dulos de sensores interativos, permitindo a adi\u00e7\u00e3o tempor\u00e1ria de<\/span><\/p>\n<p style=\"text-align: center;\"><span style=\"font-size: 14pt; font-family: helvetica, arial, sans-serif;\"> efeitos interativos, como esgotos de \u00e1gua e gatilhos de toque. Isso o torna adequado para cen\u00e1rios que requerem instant \u00e2neos<\/span><\/p>\n<p style=\"text-align: center;\"><span style=\"font-size: 14pt; font-family: helvetica, arial, sans-serif;\"> cria\u00e7\u00e3o da atmosfera, como corredores de casamento e \u00e1reas de experi\u00eancia de exposi\u00e7\u00e3o, sem necessidade de modifica\u00e7\u00f5es complex as.<\/span><\/p>\n<p style=\"text-align: center;\"><img fetchpriority=\"high\" decoding=\"async\" class=\"alignnone size-full wp-image-3206\" src=\"https:\/\/www.leyaled.com\/wp-content\/uploads\/2025\/10\/display-outdoor-1.webp\" alt=\"\" width=\"800\" height=\"591\" srcset=\"https:\/\/www.leyaled.com\/wp-content\/uploads\/2025\/10\/display-outdoor-1.webp 800w, https:\/\/www.leyaled.com\/wp-content\/uploads\/2025\/10\/display-outdoor-1-300x222.webp 300w, https:\/\/www.leyaled.com\/wp-content\/uploads\/2025\/10\/display-outdoor-1-768x567.webp 768w, https:\/\/www.leyaled.com\/wp-content\/uploads\/2025\/10\/display-outdoor-1-600x443.webp 600w\" sizes=\"(max-width: 800px) 100vw, 800px\" \/><\/p>\n<p style=\"text-align: center;\"><strong><span style=\"font-family: helvetica, arial, sans-serif; font-size: 14pt;\">\u00c1ngulo de Visualiza\u00e7\u00e3o Larga &amp; Alto contraste para imagens de cores vivas<\/span><\/strong><br \/>\n<span style=\"font-family: helvetica, arial, sans-serif; font-size: 14pt;\">Separa\u00e7\u00e3o inofensiva suportada, com \u00e2ngulos de vista horizontal e vertical de 160\u00b0. Tamb\u00e9m possibilita uma experi\u00eancia de partilha curva.<\/span><\/p>\n<p style=\"text-align: center;\"><img decoding=\"async\" class=\"alignnone size-full wp-image-3207\" src=\"https:\/\/www.leyaled.com\/wp-content\/uploads\/2025\/10\/display-5.webp\" alt=\"\" width=\"800\" height=\"446\" srcset=\"https:\/\/www.leyaled.com\/wp-content\/uploads\/2025\/10\/display-5.webp 800w, https:\/\/www.leyaled.com\/wp-content\/uploads\/2025\/10\/display-5-300x167.webp 300w, https:\/\/www.leyaled.com\/wp-content\/uploads\/2025\/10\/display-5-768x428.webp 768w, https:\/\/www.leyaled.com\/wp-content\/uploads\/2025\/10\/display-5-600x335.webp 600w\" sizes=\"(max-width: 800px) 100vw, 800px\" \/><\/p>\n<p style=\"text-align: center;\"><span style=\"font-family: helvetica, arial, sans-serif; font-size: 14pt;\"><strong>Alta taxa de refrescamento e Alto Contraste<\/strong><\/span><\/p>\n<p style=\"text-align: center;\"><span style=\"font-family: helvetica, arial, sans-serif; font-size: 14pt;\">A tela fornece visuais est\u00e1veis e suaves com velocidade de resposta r\u00e1pida. - Boasting a 8000:1<\/span><\/p>\n<p style=\"text-align: center;\"><span style=\"font-family: helvetica, arial, sans-serif; font-size: 14pt;\"> raz\u00e3o de contraste, apresenta detalhes mais claros, e seu brilho pode se ajustar automaticamente baseado no ambiente.<\/span><\/p>\n<p style=\"text-align: center;\"><img decoding=\"async\" class=\"alignnone size-full wp-image-3075\" src=\"https:\/\/www.leyaled.com\/wp-content\/uploads\/2025\/10\/display-3.webp\" alt=\"\" width=\"800\" height=\"648\" srcset=\"https:\/\/www.leyaled.com\/wp-content\/uploads\/2025\/10\/display-3.webp 800w, https:\/\/www.leyaled.com\/wp-content\/uploads\/2025\/10\/display-3-300x243.webp 300w, https:\/\/www.leyaled.com\/wp-content\/uploads\/2025\/10\/display-3-768x622.webp 768w, https:\/\/www.leyaled.com\/wp-content\/uploads\/2025\/10\/display-3-600x486.webp 600w\" sizes=\"(max-width: 800px) 100vw, 800px\" \/><\/p>\n<p style=\"text-align: center;\"><span style=\"font-family: helvetica, arial, sans-serif; font-size: 14pt;\">\u00a0 Baixo brilho e e A escala gris baixa - baixa escala gris\u00a0<\/span><\/p>\n<p style=\"text-align: center;\"><span style=\"font-family: helvetica, arial, sans-serif; font-size: 14pt;\">\u00a0 \u00a0 Perda significativa de detalhes da \u00e1rea escura \u00a0 \u00a0\u00a0<\/span><\/p>\n<p style=\"text-align: center;\"><span style=\"font-family: helvetica, arial, sans-serif; font-size: 14pt;\"><strong>Dissipa\u00e7\u00e3o Inteligente de Calor &amp; Efici\u00eancia energ\u00e9tica<\/strong><\/span><\/p>\n<p style=\"text-align: center;\"><span style=\"font-family: helvetica, arial, sans-serif; font-size: 14pt;\">Os m\u00f3dulos t\u00eam dissipa\u00e7\u00e3o de calor incorporada, o que prolonga a vida de servi\u00e7o do display LED. Tamb\u00e9m tem baixo n\u00edvel<\/span><\/p>\n<p style=\"text-align: center;\"><span style=\"font-family: helvetica, arial, sans-serif; font-size: 14pt;\">consumo de energia para melhor poupan\u00e7a de energia e amizade ambiental.<\/span><\/p>\n<p style=\"text-align: center;\"><img loading=\"lazy\" decoding=\"async\" class=\"alignnone size-full wp-image-3208\" src=\"https:\/\/www.leyaled.com\/wp-content\/uploads\/2025\/10\/display1-2.webp\" alt=\"\" width=\"800\" height=\"446\" srcset=\"https:\/\/www.leyaled.com\/wp-content\/uploads\/2025\/10\/display1-2.webp 800w, https:\/\/www.leyaled.com\/wp-content\/uploads\/2025\/10\/display1-2-300x167.webp 300w, https:\/\/www.leyaled.com\/wp-content\/uploads\/2025\/10\/display1-2-768x428.webp 768w, https:\/\/www.leyaled.com\/wp-content\/uploads\/2025\/10\/display1-2-600x335.webp 600w\" sizes=\"(max-width: 800px) 100vw, 800px\" \/><\/p>\n<p style=\"text-align: center;\"><strong><span style=\"font-size: 14pt; font-family: helvetica, arial, sans-serif;\">Visualiza\u00e7\u00e3o de LED de cor completa de alta defini\u00e7\u00e3o<\/span><\/strong><\/p>\n<p style=\"text-align: center;\"><span style=\"font-size: 14pt; font-family: helvetica, arial, sans-serif;\">Ela usa bobinas SMD de alta qualidade, assegurando qualidade est\u00e1vel, confi\u00e1vel e garantida do produto.<\/span><\/p>\n<p style=\"text-align: center;\"><span style=\"font-size: 14pt; font-family: helvetica, arial, sans-serif;\"> Sem flicker ou graininess, ela supera produtos de exibi\u00e7\u00e3o como DLP.<\/span><\/p>\n<p style=\"text-align: center;\"><img loading=\"lazy\" decoding=\"async\" class=\"alignnone size-full wp-image-3209\" src=\"https:\/\/www.leyaled.com\/wp-content\/uploads\/2025\/10\/outdoor-1.webp\" alt=\"\" width=\"790\" height=\"613\" srcset=\"https:\/\/www.leyaled.com\/wp-content\/uploads\/2025\/10\/outdoor-1.webp 790w, https:\/\/www.leyaled.com\/wp-content\/uploads\/2025\/10\/outdoor-1-300x233.webp 300w, https:\/\/www.leyaled.com\/wp-content\/uploads\/2025\/10\/outdoor-1-768x596.webp 768w, https:\/\/www.leyaled.com\/wp-content\/uploads\/2025\/10\/outdoor-1-600x466.webp 600w\" sizes=\"(max-width: 790px) 100vw, 790px\" \/><\/p>","protected":false},"excerpt":{"rendered":"<p>O display de LED de alta defini\u00e7\u00e3o interna P4.81 fornece uma excelente qualidade de imagem com seu pico de 3,91mm. Ela tem alta densidade de pixels, cores vibrantes e alta frequ\u00eancia de refrescamento, assegurando imagens din\u00e2micas suaves e est\u00e1veis; simultaneamente, seu brilho suave proporciona uma vis\u00e3o confort\u00e1vel. Utilizando tecnologia de partilha inofensiva, ela pode ser livremente combinada em grandes ecr\u00e3s imersivas, tornando-a uma solu\u00e7\u00e3o de exibi\u00e7\u00e3o ideal para locais interiores de alto n\u00edvel como exposi\u00e7\u00f5es corporativas, salas de confer\u00eancias e est\u00fadios.<\/p>","protected":false},"featured_media":2502,"comment_status":"closed","ping_status":"closed","template":"","meta":[],"product_brand":[],"product_cat":[42,15],"product_tag":[],"class_list":{"0":"post-2160","1":"product","2":"type-product","3":"status-publish","4":"has-post-thumbnail","6":"product_cat-indoor-led-display","7":"product_cat-standard-led-display","9":"first","10":"instock","11":"shipping-taxable","12":"product-type-simple"},"_links":{"self":[{"href":"https:\/\/www.leyaled.com\/pt\/wp-json\/wp\/v2\/product\/2160","targetHints":{"allow":["GET"]}}],"collection":[{"href":"https:\/\/www.leyaled.com\/pt\/wp-json\/wp\/v2\/product"}],"about":[{"href":"https:\/\/www.leyaled.com\/pt\/wp-json\/wp\/v2\/types\/product"}],"replies":[{"embeddable":true,"href":"https:\/\/www.leyaled.com\/pt\/wp-json\/wp\/v2\/comments?post=2160"}],"wp:featuredmedia":[{"embeddable":true,"href":"https:\/\/www.leyaled.com\/pt\/wp-json\/wp\/v2\/media\/2502"}],"wp:attachment":[{"href":"https:\/\/www.leyaled.com\/pt\/wp-json\/wp\/v2\/media?parent=2160"}],"wp:term":[{"taxonomy":"product_brand","embeddable":true,"href":"https:\/\/www.leyaled.com\/pt\/wp-json\/wp\/v2\/product_brand?post=2160"},{"taxonomy":"product_cat","embeddable":true,"href":"https:\/\/www.leyaled.com\/pt\/wp-json\/wp\/v2\/product_cat?post=2160"},{"taxonomy":"product_tag","embeddable":true,"href":"https:\/\/www.leyaled.com\/pt\/wp-json\/wp\/v2\/product_tag?post=2160"}],"curies":[{"name":"wp","href":"https:\/\/api.w.org\/{rel}","templated":true}]}}