{"id":2152,"date":"2025-10-09T16:42:58","date_gmt":"2025-10-09T08:42:58","guid":{"rendered":"https:\/\/www.leyaled.com\/?post_type=product&#038;p=2152"},"modified":"2025-12-12T10:53:32","modified_gmt":"2025-12-12T02:53:32","slug":"p2-604enclosure","status":"publish","type":"product","link":"https:\/\/www.leyaled.com\/pt\/indoor-led-display\/p2-604enclosure\/","title":{"rendered":"indoor P2.604 - display - Anexo"},"content":{"rendered":"<p style=\"text-align: center;\"><span style=\"font-size: 14pt; font-family: helvetica, arial, sans-serif;\"><strong>Display LED s\u00e3o produtos personalizados. Para a personaliza\u00e7\u00e3o de ecr\u00e3 completa, por favor contacte o servi\u00e7o de clientes para as perguntas.<\/strong><\/span><\/p>\n<p style=\"text-align: center;\"><strong><span style=\"font-family: helvetica, arial, sans-serif; font-size: 14pt;\">Sharp, Great Picture Quality:<\/span><\/strong><span style=\"font-family: helvetica, arial, sans-serif; font-size: 14pt;\">Pixel pequeno (2,604 mm) para detalhes finos claros. Bright,<\/span><\/p>\n<p style=\"text-align: center;\"><span style=\"font-family: helvetica, arial, sans-serif; font-size: 14pt;\"> mesmo cores e brilho justo direito -- parece natural e <\/span><\/p>\n<p style=\"text-align: center;\"><span style=\"font-family: helvetica, arial, sans-serif; font-size: 14pt;\">f\u00e1cil nos olhos se voc\u00ea est\u00e1 assistindo pessoalmente, filmando, ou usando para configura\u00e7\u00f5es virtuais. - Vista clara de qualquer \u00e2ngulo tamb\u00e9m.<\/span><\/p>\n<p style=\"text-align: center;\"><span style=\"font-family: helvetica, arial, sans-serif; font-size: 14pt;\"><strong>f\u00e1cil de instalar, desmantelar e - Transporte:<\/strong> Os arm\u00e1rios s\u00e3o leves (cerca de 7,5-12 kg cada) e finos,<\/span><\/p>\n<p style=\"text-align: center;\"><span style=\"font-family: helvetica, arial, sans-serif; font-size: 14pt;\"> ent\u00e3o s\u00e3o f\u00e1ceis de carregar. Pode ser dividido sem parafuso, tornando a configura\u00e7\u00e3o r\u00e1pida - perfeita para eventos tempor\u00e1rios como concertos e lan\u00e7amentos de produtos.<\/span><\/p>\n<p style=\"text-align: center;\"><span style=\"font-size: 14pt; font-family: helvetica, arial, sans-serif;\"><strong>F\u00e1cil de manter e manter \"A longo prazo\",<\/strong>Sem f\u00e3s necess\u00e1rios para refrigerar, ent\u00e3o corre calado - perfeito para <\/span><\/p>\n<p style=\"text-align: center;\"><span style=\"font-size: 14pt; font-family: helvetica, arial, sans-serif;\">lugares tranquilos como salas de reuni\u00f5es ou est\u00fadios. Se uma l\u00e2mpada LED vai mal, voc\u00ea pode consert\u00e1-la<\/span><\/p>\n<p style=\"text-align: center;\"><span style=\"font-size: 14pt; font-family: helvetica, arial, sans-serif;\"> de frente ou de tr\u00e1s, n\u00e3o h\u00e1 necessidade de separar toda a tela. - Funciona \u00f3timo por at\u00e9 50.000 horas, mesmo com uso regular.<\/span><\/p>\n<p style=\"text-align: center;\"><span style=\"font-family: helvetica, arial, sans-serif; font-size: 14pt;\"><strong>Vers\u00e1til para Muitos Escen\u00e1rios:<\/strong> Funciona para eventos internos como espect\u00e1culos comerciais, reuni\u00f5es e lan\u00e7amentos. <\/span><\/p>\n<p style=\"text-align: center;\"><span style=\"font-family: helvetica, arial, sans-serif; font-size: 14pt;\">Alguns modelos de prova de \u00e1gua tamb\u00e9m podem ser usados fora para exposi\u00e7\u00f5es -- super adapt\u00e1veis.<\/span><\/p>\n<p style=\"text-align: center;\"><span style=\"font-family: helvetica, arial, sans-serif; font-size: 14pt;\"><strong>Encarregando experi\u00eancia com grande perspectiva<\/strong><\/span><\/p>\n<p style=\"text-align: center;\"><span style=\"font-family: helvetica, arial, sans-serif; font-size: 14pt;\">Os chips LED montados em superf\u00edcie t\u00eam um \u00e2ngulo de vis\u00e3o amplo. Al\u00e9m disso, a ado\u00e7\u00e3o <\/span><\/p>\n<p style=\"text-align: center;\"><span style=\"font-family: helvetica, arial, sans-serif; font-size: 14pt;\">de equipamentos de alta precis\u00e3o e processos de fabrica\u00e7\u00e3o avan\u00e7ados, combinados com um \u00fanico anti-eletromagn\u00e9tico <\/span><\/p>\n<p style=\"text-align: center;\"><span style=\"font-family: helvetica, arial, sans-serif; font-size: 14pt;\">tratamento de ondas, alarga ainda mais os \u00e2ngulos de vis\u00e3o horizontal e vertical.<\/span><\/p>\n<p style=\"text-align: center;\"><img fetchpriority=\"high\" decoding=\"async\" class=\"alignnone size-full wp-image-3217\" src=\"https:\/\/www.leyaled.com\/wp-content\/uploads\/2025\/10\/display-6.webp\" alt=\"\" width=\"800\" height=\"491\" srcset=\"https:\/\/www.leyaled.com\/wp-content\/uploads\/2025\/10\/display-6.webp 800w, https:\/\/www.leyaled.com\/wp-content\/uploads\/2025\/10\/display-6-300x184.webp 300w, https:\/\/www.leyaled.com\/wp-content\/uploads\/2025\/10\/display-6-768x471.webp 768w, https:\/\/www.leyaled.com\/wp-content\/uploads\/2025\/10\/display-6-600x368.webp 600w\" sizes=\"(max-width: 800px) 100vw, 800px\" \/><\/p>\n<p style=\"text-align: center;\"><span style=\"font-family: helvetica, arial, sans-serif; font-size: 14pt;\">Splicing Seamless, Stunning HD Visual Feast<\/span><\/p>\n<p style=\"text-align: center;\"><span style=\"font-family: helvetica, arial, sans-serif; font-size: 14pt;\">Com sua estrutura de visualiza\u00e7\u00e3o de unidade de alta precis\u00e3o, ela assegura coer\u00eancia no pico. Isso elimina as lacunas entre <\/span><\/p>\n<p style=\"text-align: center;\"><span style=\"font-family: helvetica, arial, sans-serif; font-size: 14pt;\">ecr\u00e3s divididas, fornecendo uma imagem inofensiva com brilho e cor uniformes.<\/span><\/p>\n<p style=\"text-align: center;\"><img decoding=\"async\" class=\"alignnone size-full wp-image-3218\" src=\"https:\/\/www.leyaled.com\/wp-content\/uploads\/2025\/10\/display-5-1.webp\" alt=\"\" width=\"800\" height=\"491\" srcset=\"https:\/\/www.leyaled.com\/wp-content\/uploads\/2025\/10\/display-5-1.webp 800w, https:\/\/www.leyaled.com\/wp-content\/uploads\/2025\/10\/display-5-1-300x184.webp 300w, https:\/\/www.leyaled.com\/wp-content\/uploads\/2025\/10\/display-5-1-768x471.webp 768w, https:\/\/www.leyaled.com\/wp-content\/uploads\/2025\/10\/display-5-1-600x368.webp 600w\" sizes=\"(max-width: 800px) 100vw, 800px\" \/><\/p>\n<h5 class=\"header-iWP5WJ auto-hide-last-sibling-br\" style=\"text-align: center;\"><span style=\"font-family: helvetica, arial, sans-serif; font-size: 14pt;\">Visualiza\u00e7\u00e3o de LED de cor completa de alta defini\u00e7\u00e3o<\/span><\/h5>\n<h5 class=\"auto-hide-last-sibling-br paragraph-pP9ZLC paragraph-element br-paragraph-space\" style=\"text-align: center;\"><span style=\"font-family: helvetica, arial, sans-serif; font-size: 14pt;\">Adotando um design de LED montado em superf\u00edcie, ele apresenta um \u00e2ngulo de vis\u00e3o amplo, <\/span><\/h5>\n<h5 class=\"auto-hide-last-sibling-br paragraph-pP9ZLC paragraph-element br-paragraph-space\" style=\"text-align: center;\"><span style=\"font-family: helvetica, arial, sans-serif; font-size: 14pt;\">alto brilho, e fornece visuais agudos, vibrantes e naturais de alta defini\u00e7\u00e3o.<\/span><\/h5>\n<p style=\"text-align: center;\"><img decoding=\"async\" class=\"alignnone size-full wp-image-3220\" src=\"https:\/\/www.leyaled.com\/wp-content\/uploads\/2025\/10\/display2-1.webp\" alt=\"\" width=\"800\" height=\"821\" srcset=\"https:\/\/www.leyaled.com\/wp-content\/uploads\/2025\/10\/display2-1.webp 800w, https:\/\/www.leyaled.com\/wp-content\/uploads\/2025\/10\/display2-1-292x300.webp 292w, https:\/\/www.leyaled.com\/wp-content\/uploads\/2025\/10\/display2-1-768x788.webp 768w, https:\/\/www.leyaled.com\/wp-content\/uploads\/2025\/10\/display2-1-600x616.webp 600w\" sizes=\"(max-width: 800px) 100vw, 800px\" \/><\/p>\n<p style=\"text-align: center;\"><span style=\"font-size: 14pt; font-family: helvetica, arial, sans-serif;\">Alta Defini\u00e7\u00e3o Visualiza\u00e7\u00e3o Amiga dos Olhos, Tudo Gra\u00e7as \u00e0 Alta Resolu\u00e7\u00e3o<\/span><\/p>\n<p style=\"text-align: center;\"><span style=\"font-size: 14pt; font-family: helvetica, arial, sans-serif;\">Para uma experi\u00eancia visual melhorada, asseguramos que o display seja livre de LEDs demasiado brilhantes ou mortos. Ela fornece ricos, <\/span><\/p>\n<p style=\"text-align: center;\"><span style=\"font-size: 14pt; font-family: helvetica, arial, sans-serif;\">cores uniformes e vivas, parejadas com alta resolu\u00e7\u00e3o e um \u00e2ngulo de vis\u00e3o amplo, trazendo um prazer visual mais liso e imersivo<\/span><\/p>\n<p style=\"text-align: center;\"><img loading=\"lazy\" decoding=\"async\" class=\"alignnone size-full wp-image-3207\" src=\"https:\/\/www.leyaled.com\/wp-content\/uploads\/2025\/10\/display-5.webp\" alt=\"\" width=\"800\" height=\"446\" srcset=\"https:\/\/www.leyaled.com\/wp-content\/uploads\/2025\/10\/display-5.webp 800w, https:\/\/www.leyaled.com\/wp-content\/uploads\/2025\/10\/display-5-300x167.webp 300w, https:\/\/www.leyaled.com\/wp-content\/uploads\/2025\/10\/display-5-768x428.webp 768w, https:\/\/www.leyaled.com\/wp-content\/uploads\/2025\/10\/display-5-600x335.webp 600w\" sizes=\"(max-width: 800px) 100vw, 800px\" \/><\/p>\n<p style=\"text-align: center;\"><span style=\"font-family: helvetica, arial, sans-serif; font-size: 14pt;\">Quer especifica\u00e7\u00f5es? - Apenas contacte a qualquer hora! <\/span><\/p>\n<p style=\"text-align: center;\"><span style=\"font-family: helvetica, arial, sans-serif; font-size: 14pt;\">Precisamos saber as especifica\u00e7\u00f5es exatas do modelo, quais cen\u00e1rios \u00e9 o melhor, ou obter uma cita\u00e7\u00e3o?<\/span><\/p>\n<p style=\"text-align: center;\"><span style=\"font-family: helvetica, arial, sans-serif; font-size: 14pt;\"> Contactem-nos quando quiserem \u2013 n\u00f3s daremos respostas que funcionam para voc\u00eas!<\/span><\/p>","protected":false},"excerpt":{"rendered":"<p>P2.604 LED Display: Grande HD &amp; \u00c9 f\u00e1cil de usar<br \/>\nO P2.604 \u00e9 uma tela LED popular, e sua melhor parte \u00e9 o &#8220; 2,604 mm de pico pequeno&#8221; \u2014 os p\u00edxeles s\u00e3o densos, ent\u00e3o os v\u00eddeos, gr\u00e1ficos e conte\u00fado din\u00e2mico mostram detalhes claros, sem confus\u00e3o. As cores s\u00e3o brilhantes e mesmo, o brilho \u00e9 justo. Voc\u00ea v\u00ea claramente da frente ou do lado, e \u00e9 f\u00e1cil nos seus olhos mesmo depois de ver um tempo. A configura\u00e7\u00e3o \u00e9 simple s: os arm\u00e1rios s \u00e3o ligeiros, divididos sem sequer. \u00c9 r\u00e1pido colocar para exposi\u00e7\u00f5es ou salas de reuni\u00f5es. Se uma l\u00e2mpada LED quebrar mais tarde, corrija-a de frente ou de tr\u00e1s - n\u00e3o precisa separar toda a tela, poupa problemas. \u00c9 calado tamb\u00e9m, n\u00e3o ir\u00e1 perturbar reuni\u00f5es ou trabalho de est\u00fadio. Existem vers\u00f5es internas e externas: dentro uma para reuni\u00f5es, shows, salas; A foto n\u00e3o desaparece, \u00e9 boa para eventos de ar aberto ou espect\u00e1culos de ar aberto. Em todo, \u00e9 uma escolha vers\u00e1til que \u00e9 HD e pr\u00e1tica.<\/p>","protected":false},"featured_media":2472,"comment_status":"closed","ping_status":"closed","template":"","meta":[],"product_brand":[],"product_cat":[42,15],"product_tag":[],"class_list":{"0":"post-2152","1":"product","2":"type-product","3":"status-publish","4":"has-post-thumbnail","6":"product_cat-indoor-led-display","7":"product_cat-standard-led-display","9":"first","10":"instock","11":"shipping-taxable","12":"product-type-simple"},"_links":{"self":[{"href":"https:\/\/www.leyaled.com\/pt\/wp-json\/wp\/v2\/product\/2152","targetHints":{"allow":["GET"]}}],"collection":[{"href":"https:\/\/www.leyaled.com\/pt\/wp-json\/wp\/v2\/product"}],"about":[{"href":"https:\/\/www.leyaled.com\/pt\/wp-json\/wp\/v2\/types\/product"}],"replies":[{"embeddable":true,"href":"https:\/\/www.leyaled.com\/pt\/wp-json\/wp\/v2\/comments?post=2152"}],"wp:featuredmedia":[{"embeddable":true,"href":"https:\/\/www.leyaled.com\/pt\/wp-json\/wp\/v2\/media\/2472"}],"wp:attachment":[{"href":"https:\/\/www.leyaled.com\/pt\/wp-json\/wp\/v2\/media?parent=2152"}],"wp:term":[{"taxonomy":"product_brand","embeddable":true,"href":"https:\/\/www.leyaled.com\/pt\/wp-json\/wp\/v2\/product_brand?post=2152"},{"taxonomy":"product_cat","embeddable":true,"href":"https:\/\/www.leyaled.com\/pt\/wp-json\/wp\/v2\/product_cat?post=2152"},{"taxonomy":"product_tag","embeddable":true,"href":"https:\/\/www.leyaled.com\/pt\/wp-json\/wp\/v2\/product_tag?post=2152"}],"curies":[{"name":"wp","href":"https:\/\/api.w.org\/{rel}","templated":true}]}}