{"id":2148,"date":"2025-10-09T16:40:05","date_gmt":"2025-10-09T08:40:05","guid":{"rendered":"https:\/\/www.leyaled.com\/?post_type=product&#038;p=2148"},"modified":"2025-12-08T11:09:02","modified_gmt":"2025-12-08T03:09:02","slug":"flexible-screen","status":"publish","type":"product","link":"https:\/\/www.leyaled.com\/pt\/indoor-flexible-display\/flexible-screen\/","title":{"rendered":"Pantalla flex\u00edvel P3.91"},"content":{"rendered":"<p style=\"text-align: center;\"><span style=\"font-family: impact, sans-serif; font-size: 14pt;\">Como uma exibi\u00e7\u00e3o flex\u00edvel criativa, a s\u00e9rie S tem uma flexibilidade ultra alta e pode ser facilmente criada <\/span><\/p>\n<p style=\"text-align: center;\"><span style=\"font-family: impact, sans-serif; font-size: 14pt;\">seja uma forma de arco interno ou externo de \u00e2ngulo grande, um cilindro ou um arco de \u00e2ngulo direito de 90 graus.<\/span><\/p>\n<p style=\"text-align: center;\">\u00a0 \u00a0\u00a0<img fetchpriority=\"high\" decoding=\"async\" class=\"alignnone wp-image-3064\" src=\"https:\/\/www.leyaled.com\/wp-content\/uploads\/2025\/10\/display-1.webp\" alt=\"\" width=\"785\" height=\"272\" srcset=\"https:\/\/www.leyaled.com\/wp-content\/uploads\/2025\/10\/display-1.webp 805w, https:\/\/www.leyaled.com\/wp-content\/uploads\/2025\/10\/display-1-300x104.webp 300w, https:\/\/www.leyaled.com\/wp-content\/uploads\/2025\/10\/display-1-768x266.webp 768w, https:\/\/www.leyaled.com\/wp-content\/uploads\/2025\/10\/display-1-600x208.webp 600w\" sizes=\"(max-width: 785px) 100vw, 785px\" \/><\/p>\n<p style=\"text-align: center;\"><span style=\"font-family: helvetica, arial, sans-serif; font-size: 14pt;\">A membrana suave apresenta excelente flexibilidade e pode<\/span><\/p>\n<p style=\"text-align: center;\"><span style=\"font-family: helvetica, arial, sans-serif; font-size: 14pt;\"> estar inclinado em m\u00faltiplos \u00e2ngulos e raios<\/span><\/p>\n<p style=\"text-align: center;\"><span style=\"font-family: helvetica, arial, sans-serif; font-size: 14pt;\">Separa\u00e7\u00e3o de membrana suave, compat\u00edvel com telas LED irregulares de cilindro, <\/span><\/p>\n<p style=\"text-align: center;\"><span style=\"font-family: helvetica, arial, sans-serif; font-size: 14pt;\">curvas, esf\u00e9ricas, em forma de S e outras formas<\/span><\/p>\n<p style=\"text-align: center;\"><img decoding=\"async\" class=\"alignnone size-full wp-image-3060\" src=\"https:\/\/www.leyaled.com\/wp-content\/uploads\/2025\/10\/display1.webp\" alt=\"\" width=\"789\" height=\"340\" srcset=\"https:\/\/www.leyaled.com\/wp-content\/uploads\/2025\/10\/display1.webp 789w, https:\/\/www.leyaled.com\/wp-content\/uploads\/2025\/10\/display1-300x129.webp 300w, https:\/\/www.leyaled.com\/wp-content\/uploads\/2025\/10\/display1-768x331.webp 768w, https:\/\/www.leyaled.com\/wp-content\/uploads\/2025\/10\/display1-600x259.webp 600w\" sizes=\"(max-width: 789px) 100vw, 789px\" \/><\/p>\n<p style=\"text-align: center;\"><img decoding=\"async\" class=\"alignnone size-full wp-image-3062\" src=\"https:\/\/www.leyaled.com\/wp-content\/uploads\/2025\/10\/display3.webp\" alt=\"\" width=\"805\" height=\"231\" srcset=\"https:\/\/www.leyaled.com\/wp-content\/uploads\/2025\/10\/display3.webp 805w, https:\/\/www.leyaled.com\/wp-content\/uploads\/2025\/10\/display3-300x86.webp 300w, https:\/\/www.leyaled.com\/wp-content\/uploads\/2025\/10\/display3-768x220.webp 768w, https:\/\/www.leyaled.com\/wp-content\/uploads\/2025\/10\/display3-600x172.webp 600w\" sizes=\"(max-width: 805px) 100vw, 805px\" \/><\/p>\n<p style=\"text-align: center;\"><span style=\"font-family: helvetica, arial, sans-serif;\">\u00a0<span style=\"font-size: 14pt;\"> \u00a0 \u00a0 Boa flexibilidade<\/span><\/span><\/p>\n<p style=\"text-align: center;\"><img loading=\"lazy\" decoding=\"async\" class=\"alignnone size-full wp-image-3061\" src=\"https:\/\/www.leyaled.com\/wp-content\/uploads\/2025\/10\/display2.webp\" alt=\"\" width=\"805\" height=\"219\" srcset=\"https:\/\/www.leyaled.com\/wp-content\/uploads\/2025\/10\/display2.webp 805w, https:\/\/www.leyaled.com\/wp-content\/uploads\/2025\/10\/display2-300x82.webp 300w, https:\/\/www.leyaled.com\/wp-content\/uploads\/2025\/10\/display2-768x209.webp 768w, https:\/\/www.leyaled.com\/wp-content\/uploads\/2025\/10\/display2-600x163.webp 600w\" sizes=\"(max-width: 805px) 100vw, 805px\" \/><\/p>\n<p style=\"text-align: center;\"><span style=\"font-family: helvetica, arial, sans-serif;\">\u00a0 \u00a0 \u00a0 \u00a0 \u00a0 \u00a0 \u00a0 \u00a0 \u00a0 \u00a0 \u00a0 \u00a0 \u00a0<span style=\"font-size: 14pt;\">\u00a0Grande \u00e2ngulo<\/span><\/span><\/p>\n<p style=\"text-align: center;\"><img loading=\"lazy\" decoding=\"async\" class=\"alignnone size-full wp-image-3063\" src=\"https:\/\/www.leyaled.com\/wp-content\/uploads\/2025\/10\/display4.webp\" alt=\"\" width=\"805\" height=\"348\" srcset=\"https:\/\/www.leyaled.com\/wp-content\/uploads\/2025\/10\/display4.webp 805w, https:\/\/www.leyaled.com\/wp-content\/uploads\/2025\/10\/display4-300x130.webp 300w, https:\/\/www.leyaled.com\/wp-content\/uploads\/2025\/10\/display4-768x332.webp 768w, https:\/\/www.leyaled.com\/wp-content\/uploads\/2025\/10\/display4-600x259.webp 600w\" sizes=\"(max-width: 805px) 100vw, 805px\" \/><\/p>\n<p style=\"text-align: center;\"><span style=\"font-family: helvetica, arial, sans-serif; font-size: 14pt;\">Lampas de alta qualidade com uma long a dura\u00e7\u00e3o de vida.<\/span><br \/>\n<span style=\"font-family: helvetica, arial, sans-serif; font-size: 14pt;\">As l\u00e2mpadas de pr\u00e9mio s\u00e3o adotadas, com excelente efeito de mistura de cores, longa vida de servi\u00e7o, taxa reduzida de l\u00e2mpadas mortas,<\/span><\/p>\n<p style=\"text-align: center;\"><span style=\"font-family: helvetica, arial, sans-serif; font-size: 14pt;\">funcionamento est\u00e1vel e suave das imagens mostradas, bem como prote\u00e7\u00e3o ambiental e estabilidade<\/span><\/p>\n<p>&nbsp;<\/p>\n<p style=\"text-align: center;\"><span style=\"font-family: impact, sans-serif; font-size: 18pt;\">METODO DE INSTALA\u00c7\u00c3O<\/span><\/p>\n<p>&nbsp;<\/p>\n<p style=\"text-align: center;\"><img loading=\"lazy\" decoding=\"async\" class=\"size-full wp-image-3067 aligncenter\" src=\"https:\/\/www.leyaled.com\/wp-content\/uploads\/2025\/10\/display1.png\" alt=\"\" width=\"714\" height=\"215\" srcset=\"https:\/\/www.leyaled.com\/wp-content\/uploads\/2025\/10\/display1.png 714w, https:\/\/www.leyaled.com\/wp-content\/uploads\/2025\/10\/display1-300x90.png 300w, https:\/\/www.leyaled.com\/wp-content\/uploads\/2025\/10\/display1-600x181.png 600w\" sizes=\"(max-width: 714px) 100vw, 714px\" \/><span style=\"font-family: helvetica, arial, sans-serif; font-size: 14pt;\">\u00a0 \u00a0L\u00edmites montados<\/span><\/p>\n<p><img loading=\"lazy\" decoding=\"async\" class=\"size-full wp-image-3068 aligncenter\" src=\"https:\/\/www.leyaled.com\/wp-content\/uploads\/2025\/10\/display2.png\" alt=\"\" width=\"714\" height=\"233\" srcset=\"https:\/\/www.leyaled.com\/wp-content\/uploads\/2025\/10\/display2.png 714w, https:\/\/www.leyaled.com\/wp-content\/uploads\/2025\/10\/display2-300x98.png 300w, https:\/\/www.leyaled.com\/wp-content\/uploads\/2025\/10\/display2-600x196.png 600w\" sizes=\"(max-width: 714px) 100vw, 714px\" \/><\/p>\n<p><span style=\"font-family: helvetica, arial, sans-serif;\">\u00a0 \u00a0 \u00a0 \u00a0 \u00a0 \u00a0 \u00a0 \u00a0 \u00a0 \u00a0 \u00a0 \u00a0 \u00a0 \u00a0 \u00a0 \u00a0 \u00a0 \u00a0 \u00a0 \u00a0 \u00a0 \u00a0 \u00a0 \u00a0 \u00a0 \u00a0 \u00a0 \u00a0 <\/span><\/p>\n<p style=\"text-align: center;\"><span style=\"font-family: helvetica, arial, sans-serif;\">\u00a0 \u00a0 \u00a0 \u00a0<span style=\"font-size: 14pt;\"> parede montada<\/span><\/span><\/p>\n<p>&nbsp;<\/p>\n<p style=\"text-align: center;\"><span style=\"font-family: impact, sans-serif; font-size: 18pt;\">Escen\u00e1rios de aplica\u00e7\u00f5es<\/span><\/p>\n<p style=\"text-align: center;\"><span style=\"font-family: helvetica, arial, sans-serif; font-size: 14pt;\">Comprar o Mall e o Museu<\/span><\/p>\n<p style=\"text-align: center;\"><span style=\"font-family: helvetica, arial, sans-serif; font-size: 14pt;\">Gra\u00e7as a suas caracter\u00edsticas de corpo min\u00fasculo, alta qualidade de exibi\u00e7\u00e3o e dobrabilidade, ela \u00e9 amplamente utilizada em v\u00e1rias ocasi\u00f5es.<\/span><\/p>\n<p style=\"text-align: center;\"><img loading=\"lazy\" decoding=\"async\" class=\"alignnone size-full wp-image-3065\" src=\"https:\/\/www.leyaled.com\/wp-content\/uploads\/2025\/10\/leddisplay.webp\" alt=\"\" width=\"805\" height=\"597\" srcset=\"https:\/\/www.leyaled.com\/wp-content\/uploads\/2025\/10\/leddisplay.webp 805w, https:\/\/www.leyaled.com\/wp-content\/uploads\/2025\/10\/leddisplay-300x222.webp 300w, https:\/\/www.leyaled.com\/wp-content\/uploads\/2025\/10\/leddisplay-768x570.webp 768w, https:\/\/www.leyaled.com\/wp-content\/uploads\/2025\/10\/leddisplay-600x445.webp 600w\" sizes=\"(max-width: 805px) 100vw, 805px\" \/><\/p>\n<p style=\"text-align: center;\"><span style=\"font-family: helvetica, arial, sans-serif;\"><strong>Q: Qual \u00e9 a espessura m\u00ednima poss\u00edvel para telas flex\u00edveis?<\/strong><\/span><\/p>\n<p style=\"text-align: center;\"><span style=\"font-family: helvetica, arial, sans-serif;\"><strong>A: Nossos produtos flex\u00edveis de tela podem ser personalizados para espessura baseados em cen\u00e1rios de aplica\u00e7\u00e3o. <\/strong><\/span><\/p>\n<p style=\"text-align: center;\"><span style=\"font-family: helvetica, arial, sans-serif;\"><strong>O m\u00f3dulo de visualiza\u00e7\u00e3o central pode ser t\u00e3o fino quanto 0,1 mm (incluindo substrato); com encapsula\u00e7\u00e3o\/prote\u00e7\u00e3o<\/strong><\/span><\/p>\n<p style=\"text-align: center;\"><span style=\"font-family: helvetica, arial, sans-serif;\"><strong> camadas, modelos comerciais padr\u00f5es de espessura 0,3-0,5 mm, enquanto vers\u00f5es personalizadas para cen\u00e1rios especiais<\/strong><\/span><\/p>\n<p style=\"text-align: center;\"><span style=\"font-family: helvetica, arial, sans-serif;\"><strong> (por exemplo, uso no ve\u00edculo\/fora) s\u00e3o de cerca de 0,8-1,2 mm de espessura. A espessura de base varia ligeiramente por via tecnol\u00f3gica<\/strong><\/span><\/p>\n<p style=\"text-align: center;\"><span style=\"font-family: helvetica, arial, sans-serif;\"><strong> (OLED\/Micro-LED), e pode ser ajustado precisamente para satisfazer suas necessidades espec\u00edficas de uso.<\/strong><\/span><\/p>","protected":false},"excerpt":{"rendered":"<p>Pantallas flex\u00edveis s\u00e3o produtos de exibi\u00e7\u00e3o revolucion\u00e1rios baseados em tecnologias avan\u00e7adas OLED ou Micro-LED. Elas possuem propriedades f\u00edsicas \u00fanicas de ser dobr\u00e1veis, dobr\u00e1veis e at\u00e9 rol\u00e1veis, que completamente atravessam as limita\u00e7\u00f5es da forma de telas r\u00edgidas tradicionais e trazem aos usu\u00e1rios experi\u00eancias visuais e possibilidades de aplica\u00e7\u00e3o novas. Essas telas n\u00e3o s\u00e3o apenas extremamente flex\u00edveis com projetos de forma livre \u2013 capazes de se adaptar a v\u00e1rios terminales como smartphones dobr\u00e1veis, TV rol\u00e1veis e smartwatches envolvidos para alcan\u00e7ar &#8220; mostrar que se conforma com a forma&#8221; \u2014mas tamb\u00e9m boas vantagens incluindo ser fino, ligeiro e port\u00e1til, resistente ao impacto, emiss\u00e3o de luz azul baixa, altas taxas de refrescamento (at\u00e9 120Hz e acima), e gamas de cores amplas. Suas imagens s\u00e3o suaves e delicadas, ao mesmo tempo que s\u00e3o protetoras dos olhos e eficientes em energia. Al\u00e9m disso, sua tecnologia de auto-ilumina\u00e7\u00e3o pode reduzir significativamente o consumo de energia e prolongar a vida de bateria dos dispositivos. Eles tamb\u00e9m apoiam a personaliza\u00e7\u00e3o flex\u00edvel da curvatura, tamanho e transpar\u00eancia, fazendo-as utilizar amplamente em campos como eletr\u00f4nica de consumo, exibi\u00e7\u00f5es em ve\u00edculos, exibi\u00e7\u00f5es comerciais, dispositivos vest\u00edveis e decora\u00e7\u00e3o dom\u00e9stica. As telas flex\u00edveis continuam a impulsionar a inova\u00e7\u00e3o em terminales inteligentes e transformar a intera\u00e7\u00e3o visual.<\/p>","protected":false},"featured_media":2508,"comment_status":"closed","ping_status":"closed","template":"","meta":[],"product_brand":[],"product_cat":[33,46],"product_tag":[],"class_list":{"0":"post-2148","1":"product","2":"type-product","3":"status-publish","4":"has-post-thumbnail","6":"product_cat-flexible-display","7":"product_cat-indoor-flexible-display","9":"first","10":"instock","11":"shipping-taxable","12":"product-type-simple"},"_links":{"self":[{"href":"https:\/\/www.leyaled.com\/pt\/wp-json\/wp\/v2\/product\/2148","targetHints":{"allow":["GET"]}}],"collection":[{"href":"https:\/\/www.leyaled.com\/pt\/wp-json\/wp\/v2\/product"}],"about":[{"href":"https:\/\/www.leyaled.com\/pt\/wp-json\/wp\/v2\/types\/product"}],"replies":[{"embeddable":true,"href":"https:\/\/www.leyaled.com\/pt\/wp-json\/wp\/v2\/comments?post=2148"}],"wp:featuredmedia":[{"embeddable":true,"href":"https:\/\/www.leyaled.com\/pt\/wp-json\/wp\/v2\/media\/2508"}],"wp:attachment":[{"href":"https:\/\/www.leyaled.com\/pt\/wp-json\/wp\/v2\/media?parent=2148"}],"wp:term":[{"taxonomy":"product_brand","embeddable":true,"href":"https:\/\/www.leyaled.com\/pt\/wp-json\/wp\/v2\/product_brand?post=2148"},{"taxonomy":"product_cat","embeddable":true,"href":"https:\/\/www.leyaled.com\/pt\/wp-json\/wp\/v2\/product_cat?post=2148"},{"taxonomy":"product_tag","embeddable":true,"href":"https:\/\/www.leyaled.com\/pt\/wp-json\/wp\/v2\/product_tag?post=2148"}],"curies":[{"name":"wp","href":"https:\/\/api.w.org\/{rel}","templated":true}]}}