{"id":2144,"date":"2025-10-09T16:35:17","date_gmt":"2025-10-09T08:35:17","guid":{"rendered":"https:\/\/www.leyaled.com\/?post_type=product&#038;p=2144"},"modified":"2025-12-17T14:21:29","modified_gmt":"2025-12-17T06:21:29","slug":"mirror-screen","status":"publish","type":"product","link":"https:\/\/www.leyaled.com\/pt\/indoor-special-led-screen\/mirror-screen\/","title":{"rendered":"An\u00fancio: Jogador"},"content":{"rendered":"<style>.elementor1{display: flex;flex-wrap: wrap;}<\/style>\n<p style=\"text-align: left;\"><span style=\"font-family: arial, helvetica, sans-serif;\"><strong><span style=\"font-size: 14pt;\">poupan\u00e7a de energia sem &#8220; diminuindo implica\u00e7\u00f5es, alto brilho com defini\u00e7\u00e3o mais clara - tela de publicidade LED <\/span><\/strong><strong><span style=\"font-size: 14pt;\">Defini\u00e7\u00e3o Mostrar Cor Limpa Im\u00e1gua Belo<\/span><\/strong><\/span><\/p>\n<p style=\"text-align: left;\"><span style=\"font-family: arial, helvetica, sans-serif;\"><span style=\"font-size: 14pt;\">1<strong>Eficiente em energia, sem compromisso de brilho:<\/strong> Nossa solu\u00e7\u00e3o de baixa pot\u00eancia diminui <\/span><span style=\"font-size: 14pt;\">consumo de energia \u2013 n\u00e3o \u00e9 necess\u00e1rio diminuir a escurid\u00e3o ou brilho.<\/span><\/span><\/p>\n<p style=\"text-align: left;\"><span style=\"font-family: arial, helvetica, sans-serif;\"><span style=\"font-size: 14pt;\">2<strong>Efici\u00eancia energ\u00e9tica superior:<\/strong> Usa pelo menos 20% menos energia do que telas tradicionais ao mesmo tempo <\/span><span style=\"font-size: 14pt;\">brilho, perfeitamente equilibrando poupan\u00e7as de energia e mostrando qualidade.<\/span><\/span><\/p>\n<p style=\"text-align: left;\"><img fetchpriority=\"high\" decoding=\"async\" class=\"alignnone size-full wp-image-3051\" src=\"https:\/\/www.leyaled.com\/wp-content\/uploads\/2025\/10\/ingaer1.webp\" alt=\"\" width=\"787\" height=\"822\" srcset=\"https:\/\/www.leyaled.com\/wp-content\/uploads\/2025\/10\/ingaer1.webp 787w, https:\/\/www.leyaled.com\/wp-content\/uploads\/2025\/10\/ingaer1-287x300.webp 287w, https:\/\/www.leyaled.com\/wp-content\/uploads\/2025\/10\/ingaer1-768x802.webp 768w, https:\/\/www.leyaled.com\/wp-content\/uploads\/2025\/10\/ingaer1-600x627.webp 600w\" sizes=\"(max-width: 787px) 100vw, 787px\" \/><\/p>\n<p style=\"text-align: left;\"><span style=\"font-family: arial, helvetica, sans-serif;\"><strong><span style=\"font-size: 18pt;\"> A publicidade interna liderou a tela de poster \".<\/span><span style=\"font-size: 14pt;\">P1,25 &amp; P1,53 &amp; P1,86 &amp; P2,5<\/span><\/strong><\/span><\/p>\n<p style=\"text-align: left;\"><span style=\"font-family: arial, helvetica, sans-serif;\"><strong><span style=\"font-size: 18pt;\">A janela de publicidade no exterior liderou posters<\/span><span style=\"font-size: 18pt;\">\"<\/span><span style=\"font-size: 14pt;\">P2[UNK]P2,5[UNK]P3,076<\/span><\/strong><\/span><\/p>\n<div class=\"elementor1\">\n<table class=\"alignleft\" style=\"border-collapse: collapse; width: 95.695%; height: 151px;\">\n<tbody>\n<tr style=\"height: 24px;\">\n<td style=\"width: 33.3333%; height: 24px; text-align: center;\"><span style=\"font-family: arial, helvetica, sans-serif; font-size: 14pt;\"> alta taxa de refrescamento<\/span><\/td>\n<td style=\"width: 33.3333%; height: 24px; text-align: center;\"><span style=\"font-family: arial, helvetica, sans-serif; font-size: 14pt;\">Output Horizontal TranSistor<\/span><\/td>\n<td style=\"width: 33.3333%; height: 24px; text-align: center;\"><span style=\"font-family: arial, helvetica, sans-serif; font-size: 14pt;\">Alta escala de grises<\/span><\/td>\n<\/tr>\n<tr style=\"height: 24px;\">\n<td style=\"width: 33.3333%; height: 24px; text-align: center;\"><span style=\"font-family: arial, helvetica, sans-serif; font-size: 14pt;\">7680hz<\/span><\/td>\n<td style=\"width: 33.3333%; height: 24px; text-align: center;\"><span style=\"font-family: arial, helvetica, sans-serif; font-size: 14pt;\">equil\u00edbrio branco sem tinta ciana<\/span><\/td>\n<td style=\"width: 33.3333%; height: 24px; text-align: center;\"><span style=\"font-family: arial, helvetica, sans-serif; font-size: 14pt;\">Fonte de luz de visor de alta qualidade <\/span><\/td>\n<\/tr>\n<tr style=\"height: 24px;\">\n<td style=\"width: 33.3333%; height: 24px; text-align: center;\"><span style=\"font-family: arial, helvetica, sans-serif; font-size: 14pt;\">r\u00e1pido partilhamento<\/span><\/td>\n<td style=\"width: 33.3333%; height: 24px; text-align: center;\"><span style=\"font-family: arial, helvetica, sans-serif; font-size: 14pt;\">Como usar<\/span><\/td>\n<td style=\"width: 33.3333%; height: 24px; text-align: center;\"><span style=\"font-family: arial, helvetica, sans-serif; font-size: 14pt;\">protetor anti-colis\u00e3o<\/span><\/td>\n<\/tr>\n<tr style=\"height: 24px;\">\n<td style=\"width: 33.3333%; height: 24px; text-align: center;\"><span style=\"font-family: arial, helvetica, sans-serif; font-size: 14pt;\">projeto eficiente de instala\u00e7\u00e3o<\/span><\/td>\n<td style=\"width: 33.3333%; height: 24px; text-align: center;\"><span style=\"font-family: arial, helvetica, sans-serif; font-size: 14pt;\">dobrar \/ triplicar<\/span><\/td>\n<td style=\"width: 33.3333%; height: 24px; text-align: center;\"><span style=\"font-family: arial, helvetica, sans-serif; font-size: 14pt;\">Instala\u00e7\u00e3o mais segura<\/span><\/td>\n<\/tr>\n<\/tbody>\n<\/table>\n<p>&nbsp;<\/p>\n<p>&nbsp;<\/p>\n<p>&nbsp;<\/p>\n<p>&nbsp;<\/p>\n<p>&nbsp;<\/p>\n<p style=\"text-align: left;\"><span style=\"font-family: arial, helvetica, sans-serif;\"><strong><span style=\"font-size: 18pt;\">Imagem detalhada<\/span><\/strong><span style=\"font-size: 14pt;\">Designada com a \u00faltima tecnologia, \u00e9 mais suave e mais fina. O peso total do quadro de poster \u00e9 inferior a 28 kg, tornando mais port\u00e1til e mais f\u00e1cil de instalar.<\/span><\/span><\/p>\n<p style=\"text-align: left;\"><img decoding=\"async\" class=\"alignnone size-full wp-image-3057\" src=\"https:\/\/www.leyaled.com\/wp-content\/uploads\/2025\/10\/ing.webp\" alt=\"\" width=\"787\" height=\"826\" srcset=\"https:\/\/www.leyaled.com\/wp-content\/uploads\/2025\/10\/ing.webp 787w, https:\/\/www.leyaled.com\/wp-content\/uploads\/2025\/10\/ing-286x300.webp 286w, https:\/\/www.leyaled.com\/wp-content\/uploads\/2025\/10\/ing-768x806.webp 768w, https:\/\/www.leyaled.com\/wp-content\/uploads\/2025\/10\/ing-600x630.webp 600w\" sizes=\"(max-width: 787px) 100vw, 787px\" \/><\/p>\n<p style=\"text-align: left;\"><span style=\"font-family: arial, helvetica, sans-serif; font-size: 14pt;\">O sistema de gest\u00e3o da nuvem permite gerenciar seu conte\u00fado em qualquer momento, em qualquer lugar.<\/span><\/p>\n<p style=\"text-align: left;\"><img decoding=\"async\" class=\"alignnone size-full wp-image-3052\" src=\"https:\/\/www.leyaled.com\/wp-content\/uploads\/2025\/10\/ingaer12.webp\" alt=\"\" width=\"790\" height=\"701\" srcset=\"https:\/\/www.leyaled.com\/wp-content\/uploads\/2025\/10\/ingaer12.webp 790w, https:\/\/www.leyaled.com\/wp-content\/uploads\/2025\/10\/ingaer12-300x266.webp 300w, https:\/\/www.leyaled.com\/wp-content\/uploads\/2025\/10\/ingaer12-768x681.webp 768w, https:\/\/www.leyaled.com\/wp-content\/uploads\/2025\/10\/ingaer12-600x532.webp 600w\" sizes=\"(max-width: 790px) 100vw, 790px\" \/><\/p>\n<p style=\"text-align: left;\"><span style=\"font-family: arial, helvetica, sans-serif; font-size: 14pt;\">Plug and play without parameter settings required \u2013 you don&#8217; n\u00e3o precisam estabelecer par\u00e2metros.<\/span><\/p>\n<p style=\"text-align: left;\"><img loading=\"lazy\" decoding=\"async\" class=\"alignnone wp-image-3053\" src=\"https:\/\/www.leyaled.com\/wp-content\/uploads\/2025\/10\/ingaer13.webp\" alt=\"\" width=\"793\" height=\"182\" srcset=\"https:\/\/www.leyaled.com\/wp-content\/uploads\/2025\/10\/ingaer13.webp 790w, https:\/\/www.leyaled.com\/wp-content\/uploads\/2025\/10\/ingaer13-300x69.webp 300w, https:\/\/www.leyaled.com\/wp-content\/uploads\/2025\/10\/ingaer13-768x176.webp 768w, https:\/\/www.leyaled.com\/wp-content\/uploads\/2025\/10\/ingaer13-600x137.webp 600w\" sizes=\"(max-width: 793px) 100vw, 793px\" \/><\/p>\n<p style=\"text-align: left;\"><span style=\"font-family: arial, helvetica, sans-serif;\"><strong><span style=\"font-size: 18pt;\">posters solit\u00e1rios ou paredes de v\u00eddeo.<\/span><\/strong><span style=\"font-size: 14pt;\">Mistura. Match. Magnifique. Os ecr\u00e3os de Advertising LED funcionam perfeitamente sozinhos ou combinam para um gigante <\/span>ansia. Liberte sua criatividade com FWS.<\/span><\/p>\n<p style=\"text-align: left;\"><span style=\"font-family: arial, helvetica, sans-serif;\"><strong><span style=\"font-size: 18pt;\">Universal Wheel Design<\/span><\/strong><span style=\"font-size: 14pt;\">Vem com quatro rodas universais, tornando mais f\u00e1cil mover qualquer lugar onde quiser\u00a0<\/span><\/span><\/p>\n<p style=\"text-align: left;\"><img loading=\"lazy\" decoding=\"async\" class=\"alignnone size-full wp-image-3058\" src=\"https:\/\/www.leyaled.com\/wp-content\/uploads\/2025\/10\/display-led-1.webp\" alt=\"\" width=\"712\" height=\"707\" srcset=\"https:\/\/www.leyaled.com\/wp-content\/uploads\/2025\/10\/display-led-1.webp 712w, https:\/\/www.leyaled.com\/wp-content\/uploads\/2025\/10\/display-led-1-300x298.webp 300w, https:\/\/www.leyaled.com\/wp-content\/uploads\/2025\/10\/display-led-1-150x150.webp 150w, https:\/\/www.leyaled.com\/wp-content\/uploads\/2025\/10\/display-led-1-600x596.webp 600w, https:\/\/www.leyaled.com\/wp-content\/uploads\/2025\/10\/display-led-1-100x100.webp 100w\" sizes=\"(max-width: 712px) 100vw, 712px\" \/><\/p>\n<p style=\"text-align: left;\"><img loading=\"lazy\" decoding=\"async\" class=\"alignnone wp-image-3054\" src=\"https:\/\/www.leyaled.com\/wp-content\/uploads\/2025\/10\/ingaer114.webp\" alt=\"\" width=\"796\" height=\"240\" srcset=\"https:\/\/www.leyaled.com\/wp-content\/uploads\/2025\/10\/ingaer114.webp 779w, https:\/\/www.leyaled.com\/wp-content\/uploads\/2025\/10\/ingaer114-300x91.webp 300w, https:\/\/www.leyaled.com\/wp-content\/uploads\/2025\/10\/ingaer114-768x232.webp 768w, https:\/\/www.leyaled.com\/wp-content\/uploads\/2025\/10\/ingaer114-600x181.webp 600w\" sizes=\"(max-width: 796px) 100vw, 796px\" \/><\/p>\n<p style=\"text-align: left;\"><span style=\"font-family: arial, helvetica, sans-serif;\"><strong><span style=\"font-size: 18pt;\">m\u00e9todo de embalagem<\/span><\/strong><\/span><\/p>\n<p style=\"text-align: left;\"><img loading=\"lazy\" decoding=\"async\" class=\"alignnone size-full wp-image-3055\" src=\"https:\/\/www.leyaled.com\/wp-content\/uploads\/2025\/10\/ingaer115.webp\" alt=\"\" width=\"790\" height=\"289\" srcset=\"https:\/\/www.leyaled.com\/wp-content\/uploads\/2025\/10\/ingaer115.webp 790w, https:\/\/www.leyaled.com\/wp-content\/uploads\/2025\/10\/ingaer115-300x110.webp 300w, https:\/\/www.leyaled.com\/wp-content\/uploads\/2025\/10\/ingaer115-768x281.webp 768w, https:\/\/www.leyaled.com\/wp-content\/uploads\/2025\/10\/ingaer115-600x219.webp 600w\" sizes=\"(max-width: 790px) 100vw, 790px\" \/><\/p>\n<p style=\"text-align: left;\"><span style=\"font-family: arial, helvetica, sans-serif;\"><strong><span style=\"font-size: 18pt;\">especifica\u00e7\u00e3o personaliza\u00e7\u00e3o<\/span><\/strong><\/span><\/p>\n<p style=\"text-align: left;\"><img loading=\"lazy\" decoding=\"async\" class=\"alignnone size-full wp-image-3056\" src=\"https:\/\/www.leyaled.com\/wp-content\/uploads\/2025\/10\/ingaer116.webp\" alt=\"\" width=\"790\" height=\"721\" srcset=\"https:\/\/www.leyaled.com\/wp-content\/uploads\/2025\/10\/ingaer116.webp 790w, https:\/\/www.leyaled.com\/wp-content\/uploads\/2025\/10\/ingaer116-300x274.webp 300w, https:\/\/www.leyaled.com\/wp-content\/uploads\/2025\/10\/ingaer116-768x701.webp 768w, https:\/\/www.leyaled.com\/wp-content\/uploads\/2025\/10\/ingaer116-600x548.webp 600w\" sizes=\"(max-width: 790px) 100vw, 790px\" \/><\/p>\n<table class=\"alignleft\" style=\"width: 63.9222%; height: 518px;\" width=\"963\">\n<tbody>\n<tr style=\"height: 24px;\">\n<td style=\"text-align: center; height: 24px;\" colspan=\"2\" width=\"263\"><span style=\"font-family: arial, helvetica, sans-serif; font-size: 14pt;\">ITEM<\/span><\/td>\n<td style=\"text-align: center; height: 24px;\" width=\"140\"><span style=\"font-family: arial, helvetica, sans-serif; font-size: 14pt;\">P1.25<\/span><\/td>\n<td style=\"text-align: center; height: 24px;\" width=\"140\"><span style=\"font-family: arial, helvetica, sans-serif; font-size: 14pt;\">P1.53<\/span><\/td>\n<td style=\"text-align: center; height: 24px;\" width=\"140\"><span style=\"font-family: arial, helvetica, sans-serif; font-size: 14pt;\">P1.86<\/span><\/td>\n<td style=\"text-align: center; height: 24px;\" width=\"140\"><span style=\"font-family: arial, helvetica, sans-serif; font-size: 14pt;\">P2<\/span><\/td>\n<td style=\"text-align: center; height: 24px;\" width=\"140\"><span style=\"font-family: arial, helvetica, sans-serif; font-size: 14pt;\">P2.5<\/span><\/td>\n<\/tr>\n<tr style=\"height: 24px;\">\n<td style=\"text-align: center; height: 168px;\" rowspan=\"7\"><span style=\"font-family: arial, helvetica, sans-serif; font-size: 14pt;\">m\u00f3dulo liderado<\/span><\/td>\n<td style=\"text-align: center; height: 24px;\"><span style=\"font-family: arial, helvetica, sans-serif; font-size: 14pt;\">Led<\/span><\/td>\n<td style=\"text-align: center; height: 24px;\" colspan=\"5\"><span style=\"font-family: arial, helvetica, sans-serif; font-size: 14pt;\">smd3in1<\/span><\/td>\n<\/tr>\n<tr style=\"height: 24px;\">\n<td style=\"text-align: center; height: 24px;\" width=\"158\"><span style=\"font-family: arial, helvetica, sans-serif; font-size: 14pt;\">pxoel pitch(mm)<\/span><\/td>\n<td style=\"text-align: center; height: 24px;\"><span style=\"font-family: arial, helvetica, sans-serif; font-size: 14pt;\">P1.25<\/span><\/td>\n<td style=\"text-align: center; height: 24px;\"><span style=\"font-family: arial, helvetica, sans-serif; font-size: 14pt;\">P1.53<\/span><\/td>\n<td style=\"text-align: center; height: 24px;\"><span style=\"font-family: arial, helvetica, sans-serif; font-size: 14pt;\">P1.86<\/span><\/td>\n<td style=\"text-align: center; height: 24px;\"><span style=\"font-family: arial, helvetica, sans-serif; font-size: 14pt;\">P2<\/span><\/td>\n<td style=\"text-align: center; height: 24px;\"><span style=\"font-family: arial, helvetica, sans-serif; font-size: 14pt;\">P2.5<\/span><\/td>\n<\/tr>\n<tr style=\"height: 24px;\">\n<td style=\"text-align: center; height: 24px;\"><span style=\"font-family: arial, helvetica, sans-serif; font-size: 14pt;\">Tamanho do M\u00f3dulo<\/span><\/td>\n<td style=\"text-align: center; height: 24px;\"><span style=\"font-family: arial, helvetica, sans-serif; font-size: 14pt;\">320*160<\/span><\/td>\n<td style=\"text-align: center; height: 24px;\"><span style=\"font-family: arial, helvetica, sans-serif; font-size: 14pt;\">320*160<\/span><\/td>\n<td style=\"text-align: center; height: 24px;\"><span style=\"font-family: arial, helvetica, sans-serif; font-size: 14pt;\">320*160<\/span><\/td>\n<td style=\"text-align: center; height: 24px;\"><span style=\"font-family: arial, helvetica, sans-serif; font-size: 14pt;\">320*160<\/span><\/td>\n<td style=\"text-align: center; height: 24px;\"><span style=\"font-family: arial, helvetica, sans-serif; font-size: 14pt;\">320*160<\/span><\/td>\n<\/tr>\n<tr style=\"height: 24px;\">\n<td style=\"text-align: center; height: 24px;\" width=\"158\"><span style=\"font-family: arial, helvetica, sans-serif; font-size: 14pt;\">Peso m\u00f3dulo<\/span><\/td>\n<td style=\"text-align: center; height: 24px;\" colspan=\"5\"><span style=\"font-family: arial, helvetica, sans-serif; font-size: 14pt;\">0.28kg<\/span><\/td>\n<\/tr>\n<tr style=\"height: 24px;\">\n<td style=\"text-align: center; height: 24px;\"><span style=\"font-family: arial, helvetica, sans-serif; font-size: 14pt;\">M\u00f3dulo[UNK] Quantidade<\/span><\/td>\n<td style=\"text-align: center; height: 24px;\" colspan=\"5\"><span style=\"font-family: arial, helvetica, sans-serif; font-size: 14pt;\">2*12<\/span><\/td>\n<\/tr>\n<tr style=\"height: 24px;\">\n<td style=\"text-align: center; height: 24px;\" width=\"158\"><span style=\"font-family: arial, helvetica, sans-serif; font-size: 14pt;\">Censidade Pixada<\/span><\/td>\n<td style=\"text-align: center; height: 24px;\"><span style=\"font-family: arial, helvetica, sans-serif; font-size: 14pt;\">640,000\/\u33a1<\/span><\/td>\n<td style=\"text-align: center; height: 24px;\"><span style=\"font-family: arial, helvetica, sans-serif; font-size: 14pt;\">427.716\/\u33a1<\/span><\/td>\n<td style=\"text-align: center; height: 24px;\"><span style=\"font-family: arial, helvetica, sans-serif; font-size: 14pt;\">289,444\/\u33a1<\/span><\/td>\n<td style=\"text-align: center; height: 24px;\"><span style=\"font-family: arial, helvetica, sans-serif; font-size: 14pt;\">250,000\/\u33a1<\/span><\/td>\n<td style=\"text-align: center; height: 24px;\"><span style=\"font-family: arial, helvetica, sans-serif; font-size: 14pt;\">160,000\/\u33a1<\/span><\/td>\n<\/tr>\n<tr style=\"height: 24px;\">\n<td style=\"text-align: center; height: 24px;\" width=\"158\"><span style=\"font-family: arial, helvetica, sans-serif; font-size: 14pt;\">Resolu\u00e7\u00e3o do Gabinete<\/span><\/td>\n<td style=\"text-align: center; height: 24px;\"><span style=\"font-family: arial, helvetica, sans-serif; font-size: 14pt;\">512*1536<\/span><\/td>\n<td style=\"text-align: center; height: 24px;\"><span style=\"font-family: arial, helvetica, sans-serif; font-size: 14pt;\">418*1255<\/span><\/td>\n<td style=\"text-align: center; height: 24px;\"><span style=\"font-family: arial, helvetica, sans-serif; font-size: 14pt;\">344*1032<\/span><\/td>\n<td style=\"text-align: center; height: 24px;\"><span style=\"font-family: arial, helvetica, sans-serif; font-size: 14pt;\">320*960<\/span><\/td>\n<td style=\"text-align: center; height: 24px;\"><span style=\"font-family: arial, helvetica, sans-serif; font-size: 14pt;\">256*768<\/span><\/td>\n<\/tr>\n<tr style=\"height: 24px;\">\n<td style=\"text-align: center; height: 326px;\" rowspan=\"11\" width=\"105\"><span style=\"font-family: arial, helvetica, sans-serif; font-size: 14pt;\">Poster LED<\/span><br \/>\n<span style=\"font-family: arial, helvetica, sans-serif; font-size: 14pt;\">Cabinete<\/span><\/td>\n<td style=\"text-align: center; height: 24px;\" width=\"158\"><span style=\"font-family: arial, helvetica, sans-serif; font-size: 14pt;\">Catianat[UNK] Size<\/span><\/td>\n<td style=\"text-align: center; height: 24px;\" colspan=\"5\"><span style=\"font-family: arial, helvetica, sans-serif; font-size: 14pt;\">640*1920 mm<\/span><\/td>\n<\/tr>\n<tr style=\"height: 24px;\">\n<td style=\"text-align: center; height: 24px;\" width=\"158\"><span style=\"font-family: arial, helvetica, sans-serif; font-size: 14pt;\">Cabinet Weelght<\/span><\/td>\n<td style=\"text-align: center; height: 24px;\" colspan=\"5\"><span style=\"font-family: arial, helvetica, sans-serif; font-size: 14pt;\">28<\/span><\/td>\n<\/tr>\n<tr style=\"height: 24px;\">\n<td style=\"text-align: center; height: 24px;\" width=\"158\"><span style=\"font-family: arial, helvetica, sans-serif; font-size: 14pt;\">Cabiret Mlaierial<\/span><\/td>\n<td style=\"text-align: center; height: 24px;\" colspan=\"5\"><span style=\"font-family: arial, helvetica, sans-serif; font-size: 14pt;\">Aluminio<\/span><\/td>\n<\/tr>\n<tr style=\"height: 24px;\">\n<td style=\"text-align: center; height: 24px;\" width=\"158\"><span style=\"font-family: arial, helvetica, sans-serif; font-size: 14pt;\">Prote\u00e7\u00e3o de Ingressos<\/span><\/td>\n<td style=\"text-align: center; height: 24px;\" colspan=\"5\"><span style=\"font-family: arial, helvetica, sans-serif; font-size: 14pt;\">IP30<\/span><\/td>\n<\/tr>\n<tr style=\"height: 24px;\">\n<td style=\"text-align: center; height: 24px;\" width=\"158\"><span style=\"font-family: arial, helvetica, sans-serif; font-size: 14pt;\">Cclor Ternparabure<\/span><\/td>\n<td style=\"text-align: center; height: 24px;\" colspan=\"5\"><span style=\"font-family: arial, helvetica, sans-serif; font-size: 14pt;\">3.200-12.000 (Adjustale)<\/span><\/td>\n<\/tr>\n<tr style=\"height: 24px;\">\n<td style=\"text-align: center; height: 24px;\" width=\"158\"><span style=\"font-family: arial, helvetica, sans-serif; font-size: 14pt;\">Brilhante<\/span><\/td>\n<td style=\"text-align: center; height: 24px;\" colspan=\"5\"><span style=\"font-family: arial, helvetica, sans-serif; font-size: 14pt;\">600-800<\/span><\/td>\n<\/tr>\n<tr style=\"height: 24px;\">\n<td style=\"text-align: center; height: 24px;\" width=\"158\"><span style=\"font-family: arial, helvetica, sans-serif; font-size: 14pt;\">Ver \u00e2ngulo<\/span><\/td>\n<td style=\"text-align: center; height: 24px;\" colspan=\"5\"><span style=\"font-family: arial, helvetica, sans-serif; font-size: 14pt;\">H.140\u00b0\/V.140\u00b0<\/span><\/td>\n<\/tr>\n<tr style=\"height: 24px;\">\n<td style=\"text-align: center; height: 24px;\" width=\"158\"><span style=\"font-family: arial, helvetica, sans-serif; font-size: 14pt;\">Proporc\u00e3o de Contraste<\/span><\/td>\n<td style=\"text-align: center; height: 24px;\" colspan=\"5\"><span style=\"font-family: arial, helvetica, sans-serif; font-size: 14pt;\">4.000:1<\/span><\/td>\n<\/tr>\n<tr style=\"height: 48px;\">\n<td style=\"text-align: center; height: 48px;\" width=\"158\"><span style=\"font-family: arial, helvetica, sans-serif; font-size: 14pt;\">Quatro Consumo<\/span><\/td>\n<td style=\"text-align: center; height: 48px;\" colspan=\"5\"><span style=\"font-family: arial, helvetica, sans-serif; font-size: 14pt;\">400 W\/PCS<\/span><\/td>\n<\/tr>\n<tr style=\"height: 48px;\">\n<td style=\"text-align: center; height: 48px;\" width=\"158\"><span style=\"font-family: arial, helvetica, sans-serif; font-size: 14pt;\">Consor\u00e7\u00e3o AvgPower<\/span><\/td>\n<td style=\"text-align: center; height: 48px;\" colspan=\"5\"><span style=\"font-family: arial, helvetica, sans-serif; font-size: 14pt;\">120 W\/PCS<\/span><\/td>\n<\/tr>\n<tr style=\"height: 38px;\">\n<td style=\"text-align: center; height: 38px;\" width=\"158\"><span style=\"font-size: 14pt; font-family: arial, helvetica, sans-serif;\">Rerresh Rase (Hz)<\/span><\/td>\n<td style=\"text-align: center; height: 38px;\" colspan=\"5\"><span style=\"font-size: 14pt; font-family: arial, helvetica, sans-serif;\">\u22653840Hz<\/span><\/td>\n<\/tr>\n<\/tbody>\n<\/table>\n<p style=\"text-align: left;\"><span style=\"font-family: arial, helvetica, sans-serif; font-size: 14pt;\"><strong>Reprodutor de publicidade LED: Super f\u00e1cil de instalar! Com um design modular de partilha, ele pode ser rapidamente montado em tr\u00eas passos:<\/strong><\/span><\/p>\n<p style=\"text-align: left;\"><span style=\"font-family: arial, helvetica, sans-serif; font-size: 14pt;\">\u2460  Fixe o par\u00e9ntese, <\/span><\/p>\n<p style=\"text-align: left;\"><span style=\"font-family: arial, helvetica, sans-serif; font-size: 14pt;\">\u2461  Dividir a tela e conectar energia\/sinal,<\/span><\/p>\n<p style=\"text-align: left;\"><span style=\"font-family: arial, helvetica, sans-serif; font-size: 14pt;\">\u2462  Depurar o sistema e come\u00e7ar a usar. De constru\u00e7\u00e3o de par\u00eanteses para mostrar depura\u00e7\u00e3o, nenhuma equipe profissional \u00e9 necess\u00e1ria --<\/span><\/p>\n<p style=\"text-align: left;\"><span style=\"font-family: arial, helvetica, sans-serif; font-size: 14pt;\">come\u00e7antes podem lidar com facilidade. Se voc\u00ea precisar de um plano de instala\u00e7\u00e3o personalizado ou de assist\u00eancia t\u00e9cnica, contacte-nos em qualquer momento!<\/span><\/p>\n<\/div>","protected":false},"excerpt":{"rendered":"<p><span style=\"font-family: arial, helvetica, sans-serif;\">A tela de espelho inteligente LED combina espelhos de alto n\u00edvel com tecnologia de micro-LED, trocando-se sem problemas entre um espelho regular e uma tela HD. - Desligado, \u00e9 um espelho de qualidade; e mostra 4K visuais ultra-HD. Suporta intera\u00e7\u00f5es inteligentes (proje\u00e7\u00e3o sem fio multisistema, toque, controle de voz) e personaliza\u00e7\u00f5es (tamanho, propor\u00e7\u00e3o, formas irregulares). Fazido de vidro temperado, \u00e9 anti-nevoeiro, resistente \u00e0 \u00e1gua e duradouro. Usado amplamente em casas inteligentes (assist\u00eancia ao drama de banho, apresenta\u00e7\u00e3o de receitas de cozinha, vestimentos de quarto) e cenas comerciais (equipamento de retalho, informa\u00e7\u00e3o do hotel, intera\u00e7\u00e3o de fitness), \u00e9 uma porta inteligente que liga mundos f\u00edsicos e digitais.<\/span><\/p>\n<ul>\n<li><span style=\"font-family: arial, helvetica, sans-serif;\"><strong>Dois modos Sem Semelho<\/strong>: Combina espelho de alto n\u00edvel - Micro-LED; transforma-se em espelho de qualidade (desligado) ou tela HD (ligada) suavemente.<\/span><\/li>\n<li style=\"list-style-type: none;\">\n<ul>\n<li><span style=\"font-family: arial, helvetica, sans-serif;\"><strong>HD &amp; Intera\u00e7\u00e3o Inteligente<\/strong>: 4K display ultra-HD; Suporta proje\u00e7\u00e3o, controle de toque e voz sem fio multisistema<\/span><\/li>\n<li><span style=\"font-family: arial, helvetica, sans-serif;\"><strong>Adapta\u00e7\u00e3o Flex\u00edvel<\/strong>: Personaliz\u00e1vel em tamanho, propor\u00e7\u00e3o de aspecto, at\u00e9 mesmo formas irregulares para diferentes necessidades.<\/span><\/li>\n<li><span style=\"font-family: arial, helvetica, sans-serif;\"><strong>Alta durabilidade<\/strong>: vidro temperado constru\u00eddo com nevoeiro, resistente \u00e0 \u00e1gua; longa vida para ambientes complexos.<\/span><\/li>\n<\/ul>\n<\/li>\n<\/ul>\n<ul>\n<li><span style=\"font-family: arial, helvetica, sans-serif;\"><strong>Uso Multisc\u00eanario<\/strong>: Encontra casas inteligentes (banho\/cozinha\/quarto) e configura\u00e7\u00f5es comerciais (retalho\/hotel\/aptid\u00e3o); - ligam f\u00edsicos e mundos digitais.<\/span><\/li>\n<\/ul>","protected":false},"featured_media":2666,"comment_status":"closed","ping_status":"closed","template":"","meta":[],"product_brand":[],"product_cat":[48,34],"product_tag":[],"class_list":{"0":"post-2144","1":"product","2":"type-product","3":"status-publish","4":"has-post-thumbnail","6":"product_cat-indoor-special-led-screen","7":"product_cat-special-led-screen","9":"first","10":"instock","11":"shipping-taxable","12":"product-type-simple"},"_links":{"self":[{"href":"https:\/\/www.leyaled.com\/pt\/wp-json\/wp\/v2\/product\/2144","targetHints":{"allow":["GET"]}}],"collection":[{"href":"https:\/\/www.leyaled.com\/pt\/wp-json\/wp\/v2\/product"}],"about":[{"href":"https:\/\/www.leyaled.com\/pt\/wp-json\/wp\/v2\/types\/product"}],"replies":[{"embeddable":true,"href":"https:\/\/www.leyaled.com\/pt\/wp-json\/wp\/v2\/comments?post=2144"}],"wp:featuredmedia":[{"embeddable":true,"href":"https:\/\/www.leyaled.com\/pt\/wp-json\/wp\/v2\/media\/2666"}],"wp:attachment":[{"href":"https:\/\/www.leyaled.com\/pt\/wp-json\/wp\/v2\/media?parent=2144"}],"wp:term":[{"taxonomy":"product_brand","embeddable":true,"href":"https:\/\/www.leyaled.com\/pt\/wp-json\/wp\/v2\/product_brand?post=2144"},{"taxonomy":"product_cat","embeddable":true,"href":"https:\/\/www.leyaled.com\/pt\/wp-json\/wp\/v2\/product_cat?post=2144"},{"taxonomy":"product_tag","embeddable":true,"href":"https:\/\/www.leyaled.com\/pt\/wp-json\/wp\/v2\/product_tag?post=2144"}],"curies":[{"name":"wp","href":"https:\/\/api.w.org\/{rel}","templated":true}]}}