{"id":3221,"date":"2025-12-15T13:31:50","date_gmt":"2025-12-15T05:31:50","guid":{"rendered":"https:\/\/www.leyaled.com\/?post_type=product&#038;p=3221"},"modified":"2025-12-17T10:34:15","modified_gmt":"2025-12-17T02:34:15","slug":"outdoor-led-billboard","status":"publish","type":"product","link":"https:\/\/www.leyaled.com\/fr\/outdoor-led-display\/outdoor-led-billboard\/","title":{"rendered":"Outdoor a men\u00e9 Billboard P6"},"content":{"rendered":"<p style=\"text-align: left;\"><span style=\"font-size: 18pt; font-family: arial, helvetica, sans-serif;\"><strong>Avantages du produit<\/strong><\/span><\/p>\n<ul style=\"text-align: left;\">\n<li style=\"text-align: left;\"><span style=\"font-family: arial, helvetica, sans-serif;\"><span style=\"font-size: 14pt;\"><strong>Construit pour l'ext\u00e9rieur :<\/strong>Il est IP65 imperm\u00e9able \u00e0 l'eau et \u00e0 la poussi\u00e8re, donc la pluie, le sable ventoux ne g\u00e2chera pas. Fait de <\/span><span style=\"font-size: 14pt;\">acier lamin\u00e9 \u00e0 froid, avec peinture anti-soleil \u00e0 l'ext\u00e9rieur - aucune d\u00e9formation ou rouille m\u00eame apr\u00e8s avoir \u00e9t\u00e9 au soleil pendant des si\u00e8cles.<\/span><span style=\"font-size: 14pt;\">Fonctionne r\u00e9guli\u00e8rement de -20 \u2103 \u00e0 50 \u2103, bon pour les jours super chauds du Moyen-Orient et les hivers froids du nord.<\/span><\/span><\/li>\n<li style=\"text-align: left;\"><span style=\"font-family: arial, helvetica, sans-serif;\"><span style=\"font-size: 14pt;\"><strong>Affichage clair, m\u00eame sous la lumi\u00e8re du soleil:\u00a0<\/strong> Le pas de pixel de 6mm signifie que le texte et les vid\u00e9os montrent tous les <\/span><span style=\"font-size: 14pt;\">petits d\u00e9tails clairement. Les ampoules LED sont suffisamment lumineuses pour voir facilement sous un soleil fort, et ils <\/span><span style=\"font-size: 14pt;\">Ne perdez pas beaucoup de luminosit\u00e9 au fil du temps. Certaines versions vous permettent de r\u00e9gler la temp\u00e9rature de couleur, de sorte que les couleurs semblent plus naturelles.<\/span><\/span><\/li>\n<li style=\"text-align: left;\"><span style=\"font-family: arial, helvetica, sans-serif;\"><span style=\"font-size: 14pt;\"><strong>Facile \u00e0 installer et \u00e0 r\u00e9parer<\/strong>: Il est modulaire - vous pouvez l'\u00e9piser en toute taille ou forme dont vous avez besoin, <\/span><span style=\"font-size: 14pt;\">que vous le montiez sur un mur ou sur un poteau. Vous pouvez le fixer de l'avant ou de l'arri\u00e8re, et les fils <\/span><span style=\"font-size: 14pt;\">\u00e0 l'int\u00e9rieur sont soigneusement am\u00e9nag\u00e9s. Remplacer une ampoule ou v\u00e9rifier les circuits est simple \u2013 aucun travail dur n\u2019est n\u00e9cessaire.<\/span><\/span><\/li>\n<li style=\"text-align: left;\"><span style=\"font-family: arial, helvetica, sans-serif;\"><span style=\"font-size: 14pt;\"><strong>Stable pour une utilisation \u00e0 long terme :<\/strong>Il a un syst\u00e8me de contr\u00f4le solide, il se casse rarement. L'\u00e9cran se rafra\u00eechit <\/span><span style=\"font-size: 14pt;\">rapide, de sorte que les vid\u00e9os jouent en douceur sans flou. Les fils sont imperm\u00e9ables et ne fuiront pas d'\u00e9lectricit\u00e9, donc il peut <\/span><span style=\"font-size: 14pt;\">fonctionner sans arr\u00eat pendant longtemps - parfait pour les publicit\u00e9s ext\u00e9rieures ou les \u00e9crans d'avis communautaires qui doivent rester allum\u00e9s tous les jours.<\/span><\/span><\/li>\n<\/ul>\n<p>&nbsp;<\/p>\n<p style=\"text-align: left;\"><span style=\"font-family: arial, helvetica, sans-serif;\"><strong style=\"font-size: 18pt;\">Caract\u00e9ristiques du produit<\/strong><\/span><\/p>\n<ul style=\"text-align: left;\">\n<li style=\"text-align: left;\"><span style=\"font-family: arial, helvetica, sans-serif; font-size: 14pt;\"><strong>Taille du module:<\/strong>Chaque module de panneau publicitaire LED ext\u00e9rieur P6 mesure 320 \u00d7 320 mm.<\/span><\/li>\n<\/ul>\n<p>&nbsp;<\/p>\n<p style=\"text-align: left;\"><img fetchpriority=\"high\" decoding=\"async\" class=\"wp-image-3222 alignleft\" src=\"https:\/\/www.leyaled.com\/wp-content\/uploads\/2025\/12\/dias.webp\" alt=\"\" width=\"397\" height=\"193\" srcset=\"https:\/\/www.leyaled.com\/wp-content\/uploads\/2025\/12\/dias.webp 313w, https:\/\/www.leyaled.com\/wp-content\/uploads\/2025\/12\/dias-300x146.webp 300w\" sizes=\"(max-width: 397px) 100vw, 397px\" \/><\/p>\n<p style=\"text-align: left;\"><img decoding=\"async\" class=\"wp-image-3223 alignleft\" src=\"https:\/\/www.leyaled.com\/wp-content\/uploads\/2025\/12\/display1-2.webp\" alt=\"\" width=\"401\" height=\"202\" srcset=\"https:\/\/www.leyaled.com\/wp-content\/uploads\/2025\/12\/display1-2.webp 327w, https:\/\/www.leyaled.com\/wp-content\/uploads\/2025\/12\/display1-2-300x151.webp 300w\" sizes=\"(max-width: 401px) 100vw, 401px\" \/><\/p>\n<p>&nbsp;<\/p>\n<p>&nbsp;<\/p>\n<p>&nbsp;<\/p>\n<p>&nbsp;<\/p>\n<p>&nbsp;<\/p>\n<p>&nbsp;<\/p>\n<p>&nbsp;<\/p>\n<ul>\n<li style=\"text-align: left;\"><span style=\"font-family: arial, helvetica, sans-serif;\"><span style=\"font-size: 14pt;\"><strong>Armoire en fer imperm\u00e9able:<\/strong><\/span><span style=\"font-size: 14pt;\">L'\u00e9cran d'armoire LED 960 x 960 est centr\u00e9 sur un armoire standard de 960mm x 960mm, avec une conception modulaire adapt\u00e9e aux sc\u00e9narios \u00e0 grande et moyenne \u00e9chelle. Il dispose d'un \u00e9pissage flexible pour diff\u00e9rentes tailles, d'un excellent affichage, prend en charge plusieurs pas de pixels et offre une luminosit\u00e9 \u00e9lev\u00e9e, un taux de rafra\u00eechissement et une large gamme de couleurs. Facile \u00e0 installer et \u00e0 entretenir, durable, il convient aux centres commerciaux, aux stades, etc.\u00a0<\/span><\/span><\/li>\n<\/ul>\n<p>&nbsp;<\/p>\n<p style=\"text-align: left;\"><img decoding=\"async\" class=\"size-full wp-image-3224 alignleft\" src=\"https:\/\/www.leyaled.com\/wp-content\/uploads\/2025\/12\/display-outdoor.webp\" alt=\"\" width=\"516\" height=\"535\" srcset=\"https:\/\/www.leyaled.com\/wp-content\/uploads\/2025\/12\/display-outdoor.webp 516w, https:\/\/www.leyaled.com\/wp-content\/uploads\/2025\/12\/display-outdoor-289x300.webp 289w\" sizes=\"(max-width: 516px) 100vw, 516px\" \/><\/p>\n<p>&nbsp;<\/p>\n<p>&nbsp;<\/p>\n<p>&nbsp;<\/p>\n<p>&nbsp;<\/p>\n<p>&nbsp;<\/p>\n<p>&nbsp;<\/p>\n<p>&nbsp;<\/p>\n<p>&nbsp;<\/p>\n<p>&nbsp;<\/p>\n<p>&nbsp;<\/p>\n<p>&nbsp;<\/p>\n<p>&nbsp;<\/p>\n<p>&nbsp;<\/p>\n<p>&nbsp;<\/p>\n<ul>\n<li style=\"text-align: left;\"><span style=\"font-family: arial, helvetica, sans-serif;\"><span style=\"font-size: 14pt;\"><strong data-start=\"0\" data-end=\"30\" data-is-only-node=\"\">Installation fixe ext\u00e9rieure:<\/strong><\/span><span style=\"font-size: 14pt;\">Con\u00e7u pour le montage ext\u00e9rieur permanent, cet \u00e9cran est id\u00e9al pour les murs ext\u00e9rieurs des centres commerciaux. Il offre des visuels clairs et attrayants qui \u00e9l\u00e8vent la pr\u00e9sence num\u00e9rique du b\u00e2timent et renforcent l\u2019impact global de la marque.<\/span><\/span><\/li>\n<\/ul>\n<p>&nbsp;<\/p>\n<p style=\"text-align: left;\"><img loading=\"lazy\" decoding=\"async\" class=\"size-full wp-image-3225 alignleft\" src=\"https:\/\/www.leyaled.com\/wp-content\/uploads\/2025\/12\/display.webp\" alt=\"\" width=\"620\" height=\"433\" srcset=\"https:\/\/www.leyaled.com\/wp-content\/uploads\/2025\/12\/display.webp 620w, https:\/\/www.leyaled.com\/wp-content\/uploads\/2025\/12\/display-300x210.webp 300w, https:\/\/www.leyaled.com\/wp-content\/uploads\/2025\/12\/display-600x419.webp 600w\" sizes=\"(max-width: 620px) 100vw, 620px\" \/><\/p>\n<p style=\"text-align: left;\"><span style=\"font-size: 18pt;\"><strong>\u00a0 \u00a0<\/strong><\/span><\/p>\n<p>&nbsp;<\/p>\n<p>&nbsp;<\/p>\n<p>&nbsp;<\/p>\n<p>&nbsp;<\/p>\n<p>&nbsp;<\/p>\n<p>&nbsp;<\/p>\n<p>&nbsp;<\/p>\n<p>&nbsp;<\/p>\n<p>&nbsp;<\/p>\n<p>&nbsp;<\/p>\n<p>&nbsp;<\/p>\n<p style=\"text-align: left;\"><span style=\"font-size: 18pt; font-family: arial, helvetica, sans-serif;\"><strong>Applications du produit<\/strong><\/span><\/p>\n<ul style=\"text-align: left;\">\n<li data-start=\"0\" data-end=\"157\">\n<p style=\"text-align: left;\" data-start=\"2\" data-end=\"157\"><span style=\"font-size: 14pt; font-family: arial, helvetica, sans-serif;\"><strong data-start=\"2\" data-end=\"29\" data-is-only-node=\"\">Centres commerciaux &amp; vente au d\u00e9tail<\/strong><\/span><br data-start=\"29\" data-end=\"32\" \/><span style=\"font-size: 14pt; font-family: arial, helvetica, sans-serif;\">Utilis\u00e9 pour les promotions quotidiennes et le contenu de marque. Cour de longues heures, g\u00e9n\u00e9ralement 8-10 par jour. Mettez-le en place, laissez-le jouer, pas de r\u00e9glage constant.<\/span><\/p>\n<\/li>\n<li style=\"text-align: left;\" data-start=\"159\" data-end=\"328\">\n<p data-start=\"161\" data-end=\"328\"><span style=\"font-size: 14pt; font-family: arial, helvetica, sans-serif;\"><strong data-start=\"161\" data-end=\"195\" data-is-only-node=\"\">Facades et b\u00e2timents annonces ext\u00e9rieures<\/strong><\/span><br data-start=\"195\" data-end=\"198\" \/><span style=\"font-size: 14pt; font-family: arial, helvetica, sans-serif;\">Fix\u00e9 sur les murs ext\u00e9rieurs pour une grande visibilit\u00e9. Souvent pendant 12 heures ou plus, faisant face au soleil et \u00e0 la m\u00e9t\u00e9o sans beaucoup d'attention.<\/span><\/p>\n<\/li>\n<li style=\"text-align: left;\" data-start=\"330\" data-end=\"475\">\n<p data-start=\"332\" data-end=\"475\"><span style=\"font-size: 14pt; font-family: arial, helvetica, sans-serif;\"><strong data-start=\"332\" data-end=\"355\" data-is-only-node=\"\">Espaces publics int\u00e9rieurs<\/strong><\/span><br data-start=\"355\" data-end=\"358\" \/><span style=\"font-size: 14pt; font-family: arial, helvetica, sans-serif;\">Vu dans les halls et les halls o\u00f9 les gens se tiennent plus pr\u00e8s. L'image reste propre, le contenu boucle toute la journ\u00e9e. Simple mais stable.<\/span><\/p>\n<\/li>\n<li style=\"text-align: left;\" data-start=\"477\" data-end=\"614\">\n<p data-start=\"479\" data-end=\"614\"><span style=\"font-size: 14pt; font-family: arial, helvetica, sans-serif;\"><strong data-start=\"479\" data-end=\"502\" data-is-only-node=\"\">Espaces semi-ext\u00e9rieurs<\/strong><\/span><br data-start=\"502\" data-end=\"505\" \/><span style=\"font-size: 14pt; font-family: arial, helvetica, sans-serif;\">Travaille dans les entr\u00e9es et les all\u00e9es couvertes. La lumi\u00e8re change, la poussi\u00e8re appara\u00eet, le flux d\u2019air n\u2019est pas grand, mais il tient.<\/span><\/p>\n<\/li>\n<li data-start=\"616\" data-end=\"766\" data-is-last-node=\"\">\n<p style=\"text-align: left;\" data-start=\"618\" data-end=\"766\" data-is-last-node=\"\"><span style=\"font-size: 14pt; font-family: arial, helvetica, sans-serif;\"><strong data-start=\"618\" data-end=\"649\" data-is-only-node=\"\">\u00c9v\u00e9nements &amp; Installations temporaires<\/strong><\/span><br data-start=\"649\" data-end=\"652\" \/><span style=\"font-size: 14pt; font-family: arial, helvetica, sans-serif;\">Utilis\u00e9 pour les spectacles et les expositions \u00e0 court terme. Rapide \u00e0 installer, facile \u00e0 enlever. Tant qu'il fonctionne, il fait son travail.<\/span><\/p>\n<\/li>\n<\/ul>\n<p>&nbsp;<\/p>\n<p style=\"text-align: center;\"><img loading=\"lazy\" decoding=\"async\" class=\"wp-image-3227 alignleft\" src=\"https:\/\/www.leyaled.com\/wp-content\/uploads\/2025\/12\/outdoor-display.webp\" alt=\"\" width=\"527\" height=\"678\" srcset=\"https:\/\/www.leyaled.com\/wp-content\/uploads\/2025\/12\/outdoor-display.webp 500w, https:\/\/www.leyaled.com\/wp-content\/uploads\/2025\/12\/outdoor-display-233x300.webp 233w\" sizes=\"(max-width: 527px) 100vw, 527px\" \/><\/p>","protected":false},"excerpt":{"rendered":"<p><span style=\"font-family: arial, helvetica, sans-serif;\">Cette armoire en fer imperm\u00e9able est con\u00e7ue pour prot\u00e9ger l'\u00e9quipement ext\u00e9rieur, en particulier lorsqu'elle est utilis\u00e9e avec des \u00e9crans LED. Il g\u00e8re le vent, la pluie et le sable comme un pro. Il est construit en acier lamin\u00e9 \u00e0 froid, avec une couche anti-UV et anti-rouille \u00e0 l'ext\u00e9rieur. Il est donc dur, peut prendre des coups et ne se d\u00e9formera pas ou ne rouillera pas m\u00eame si il reste au soleil pendant des si\u00e8cles. Son niveau d'\u00e9tanch\u00e9it\u00e9 est bien sup\u00e9rieur \u00e0 IP65. Chaque pi\u00e8ce, des coutures de l\u2019armoire aux connexions de fil, est scell\u00e9e. M\u00eame sous de fortes pluies, aucune eau ne p\u00e9n\u00e8tre, donc les choses \u00e0 l'int\u00e9rieur restent en s\u00e9curit\u00e9.<\/span><\/p>\n<ul>\n<li data-start=\"101\" data-end=\"209\">\n<p data-start=\"103\" data-end=\"209\">Protection m\u00e9t\u00e9orologique avanc\u00e9e<\/p>\n<\/li>\n<li data-start=\"210\" data-end=\"319\">\n<p data-start=\"212\" data-end=\"319\">Structure en acier renforc\u00e9e<\/p>\n<\/li>\n<li data-start=\"320\" data-end=\"433\">\n<p data-start=\"322\" data-end=\"433\">\u00c9tanglement \u00e9tanche am\u00e9lior\u00e9<\/p>\n<\/li>\n<li data-start=\"434\" data-end=\"532\">\n<p data-start=\"436\" data-end=\"532\">Corrosion et Finition r\u00e9sistante aux UV<\/p>\n<\/li>\n<li data-start=\"533\" data-end=\"641\" data-is-last-node=\"\">\n<p data-start=\"535\" data-end=\"641\" data-is-last-node=\"\">S\u00e9curit\u00e9 ext\u00e9rieure fiable<\/p>\n<\/li>\n<\/ul>","protected":false},"featured_media":3233,"comment_status":"closed","ping_status":"closed","template":"","meta":[],"product_brand":[],"product_cat":[43,15],"product_tag":[],"class_list":{"0":"post-3221","1":"product","2":"type-product","3":"status-publish","4":"has-post-thumbnail","6":"product_cat-outdoor-led-display","7":"product_cat-standard-led-display","9":"first","10":"instock","11":"shipping-taxable","12":"product-type-simple"},"_links":{"self":[{"href":"https:\/\/www.leyaled.com\/fr\/wp-json\/wp\/v2\/product\/3221","targetHints":{"allow":["GET"]}}],"collection":[{"href":"https:\/\/www.leyaled.com\/fr\/wp-json\/wp\/v2\/product"}],"about":[{"href":"https:\/\/www.leyaled.com\/fr\/wp-json\/wp\/v2\/types\/product"}],"replies":[{"embeddable":true,"href":"https:\/\/www.leyaled.com\/fr\/wp-json\/wp\/v2\/comments?post=3221"}],"wp:featuredmedia":[{"embeddable":true,"href":"https:\/\/www.leyaled.com\/fr\/wp-json\/wp\/v2\/media\/3233"}],"wp:attachment":[{"href":"https:\/\/www.leyaled.com\/fr\/wp-json\/wp\/v2\/media?parent=3221"}],"wp:term":[{"taxonomy":"product_brand","embeddable":true,"href":"https:\/\/www.leyaled.com\/fr\/wp-json\/wp\/v2\/product_brand?post=3221"},{"taxonomy":"product_cat","embeddable":true,"href":"https:\/\/www.leyaled.com\/fr\/wp-json\/wp\/v2\/product_cat?post=3221"},{"taxonomy":"product_tag","embeddable":true,"href":"https:\/\/www.leyaled.com\/fr\/wp-json\/wp\/v2\/product_tag?post=3221"}],"curies":[{"name":"WP","href":"https:\/\/api.w.org\/{rel}","templated":true}]}}