{"id":2983,"date":"2025-11-12T14:21:57","date_gmt":"2025-11-12T06:21:57","guid":{"rendered":"https:\/\/www.leyaled.com\/?post_type=product&#038;p=2983"},"modified":"2025-12-18T15:17:17","modified_gmt":"2025-12-18T07:17:17","slug":"outdoor-p2-604","status":"publish","type":"product","link":"https:\/\/www.leyaled.com\/fr\/outdoor-led-display\/outdoor-p2-604\/","title":{"rendered":"Affichage ext\u00e9rieur P2.604"},"content":{"rendered":"<p style=\"text-align: center;\"><span style=\"font-family: helvetica, arial, sans-serif; font-size: 14pt;\"><strong>Taille &amp; Poids: 5<\/strong>00\u00d7500, 500&#215; 1000, seulement 9kg par panneau<\/span><\/p>\n<p style=\"text-align: center;\"><span style=\"font-family: helvetica, arial, sans-serif; font-size: 14pt;\"><strong>Affichage :<\/strong> Haut rafra\u00eechissement \/ \u00e9chelle de gris, pas de fant\u00f4me, visuels \u00e9tonnants<\/span><\/p>\n<p style=\"text-align: center;\"><span style=\"font-family: helvetica, arial, sans-serif; font-size: 14pt;\"><strong>Cabinet :<\/strong> Aluminium coul\u00e9 sous pression, haute pr\u00e9cision, \u00e9pissage sans soudure<\/span><\/p>\n<p style=\"text-align: center;\"><span style=\"font-family: helvetica, arial, sans-serif; font-size: 14pt;\"><strong>Structure :<\/strong> Cadre sp\u00e9cial pour une grande dissipation de chaleur; sans ventilateur, fonctionnement silencieux<\/span><\/p>\n<p style=\"text-align: center;\"><span style=\"font-family: helvetica, arial, sans-serif; font-size: 14pt;\"><strong>Affichage :<\/strong> Grand angle, lisse &amp; Des images vives de tous les c\u00f4t\u00e9s<\/span><\/p>\n<p style=\"text-align: center;\"><span style=\"font-family: helvetica, arial, sans-serif; font-size: 14pt;\"><strong>Installation :<\/strong> Conception de verrouillage rapide durable, assemblage rapide &amp; d\u00e9montage<\/span><\/p>\n<p style=\"text-align: center;\"><span style=\"font-family: helvetica, arial, sans-serif; font-size: 14pt;\"><img fetchpriority=\"high\" decoding=\"async\" class=\"alignnone size-full wp-image-3090\" src=\"https:\/\/www.leyaled.com\/wp-content\/uploads\/2025\/11\/display.webp\" alt=\"\" width=\"800\" height=\"800\" srcset=\"https:\/\/www.leyaled.com\/wp-content\/uploads\/2025\/11\/display.webp 800w, https:\/\/www.leyaled.com\/wp-content\/uploads\/2025\/11\/display-300x300.webp 300w, https:\/\/www.leyaled.com\/wp-content\/uploads\/2025\/11\/display-150x150.webp 150w, https:\/\/www.leyaled.com\/wp-content\/uploads\/2025\/11\/display-768x768.webp 768w, https:\/\/www.leyaled.com\/wp-content\/uploads\/2025\/11\/display-600x600.webp 600w, https:\/\/www.leyaled.com\/wp-content\/uploads\/2025\/11\/display-100x100.webp 100w\" sizes=\"(max-width: 800px) 100vw, 800px\" \/><\/span><\/p>\n<p style=\"text-align: center;\"><span style=\"font-family: helvetica, arial, sans-serif; font-size: 14pt;\"> <img decoding=\"async\" class=\"alignnone size-full wp-image-3091\" src=\"https:\/\/www.leyaled.com\/wp-content\/uploads\/2025\/11\/display1.webp\" alt=\"\" width=\"800\" height=\"800\" srcset=\"https:\/\/www.leyaled.com\/wp-content\/uploads\/2025\/11\/display1.webp 800w, https:\/\/www.leyaled.com\/wp-content\/uploads\/2025\/11\/display1-300x300.webp 300w, https:\/\/www.leyaled.com\/wp-content\/uploads\/2025\/11\/display1-150x150.webp 150w, https:\/\/www.leyaled.com\/wp-content\/uploads\/2025\/11\/display1-768x768.webp 768w, https:\/\/www.leyaled.com\/wp-content\/uploads\/2025\/11\/display1-600x600.webp 600w, https:\/\/www.leyaled.com\/wp-content\/uploads\/2025\/11\/display1-100x100.webp 100w\" sizes=\"(max-width: 800px) 100vw, 800px\" \/><\/span><\/p>\n<p style=\"text-align: center;\"><span style=\"font-family: helvetica, arial, sans-serif; font-size: 14pt;\"> <img decoding=\"async\" class=\"alignnone size-full wp-image-3092\" src=\"https:\/\/www.leyaled.com\/wp-content\/uploads\/2025\/11\/display2.webp\" alt=\"\" width=\"800\" height=\"800\" srcset=\"https:\/\/www.leyaled.com\/wp-content\/uploads\/2025\/11\/display2.webp 800w, https:\/\/www.leyaled.com\/wp-content\/uploads\/2025\/11\/display2-300x300.webp 300w, https:\/\/www.leyaled.com\/wp-content\/uploads\/2025\/11\/display2-150x150.webp 150w, https:\/\/www.leyaled.com\/wp-content\/uploads\/2025\/11\/display2-768x768.webp 768w, https:\/\/www.leyaled.com\/wp-content\/uploads\/2025\/11\/display2-600x600.webp 600w, https:\/\/www.leyaled.com\/wp-content\/uploads\/2025\/11\/display2-100x100.webp 100w\" sizes=\"(max-width: 800px) 100vw, 800px\" \/><\/span><\/p>\n<p>&nbsp;<\/p>\n<p style=\"text-align: center;\"><span style=\"font-family: helvetica, arial, sans-serif;\">L'\u00e9cran P2.6 prend en charge l'utilisation autonome de 500 \u00d7 500mm armoires ou 500 \u00d7 1000mm<\/span><\/p>\n<p style=\"text-align: center;\"><span style=\"font-family: helvetica, arial, sans-serif;\"> armoires, et permet m\u00eame l'\u00e9pissage mixte des deux tailles. C'est une m\u00e9thode unique d'\u00e9pissage <\/span><\/p>\n<p style=\"text-align: center;\"><span style=\"font-family: helvetica, arial, sans-serif;\">exclusif \u00e0 l'\u00e9cran P2.6, permettant une installation plus flexible.<\/span><\/p>\n<p style=\"text-align: center;\"><img loading=\"lazy\" decoding=\"async\" class=\"alignnone size-full wp-image-3093\" src=\"https:\/\/www.leyaled.com\/wp-content\/uploads\/2025\/11\/display5.webp\" alt=\"\" width=\"800\" height=\"506\" srcset=\"https:\/\/www.leyaled.com\/wp-content\/uploads\/2025\/11\/display5.webp 800w, https:\/\/www.leyaled.com\/wp-content\/uploads\/2025\/11\/display5-300x190.webp 300w, https:\/\/www.leyaled.com\/wp-content\/uploads\/2025\/11\/display5-768x486.webp 768w, https:\/\/www.leyaled.com\/wp-content\/uploads\/2025\/11\/display5-600x380.webp 600w\" sizes=\"(max-width: 800px) 100vw, 800px\" \/><\/p>\n<p style=\"text-align: center;\"><span style=\"font-family: helvetica, arial, sans-serif;\">Les armoires LED classiques ne peuvent \u00eatre \u00e9piss\u00e9s que en formes carr\u00e9es ou rectangulaires. Cependant, <\/span><\/p>\n<p style=\"text-align: center;\"><span style=\"font-family: helvetica, arial, sans-serif;\">avec les serrures courbes correspondantes, notre mur LED P2.6 peut \u00eatre assembl\u00e9 en un<\/span><\/p>\n<p style=\"text-align: center;\"><span style=\"font-family: helvetica, arial, sans-serif;\"> forme presque elliptique. Les serrures courbes permettent \u00e9galement l'installation sur des surfaces in\u00e9gales.<\/span><\/p>\n<p><img loading=\"lazy\" decoding=\"async\" class=\"size-full wp-image-3095 aligncenter\" src=\"https:\/\/www.leyaled.com\/wp-content\/uploads\/2025\/11\/display-1.webp\" alt=\"\" width=\"800\" height=\"683\" srcset=\"https:\/\/www.leyaled.com\/wp-content\/uploads\/2025\/11\/display-1.webp 800w, https:\/\/www.leyaled.com\/wp-content\/uploads\/2025\/11\/display-1-300x256.webp 300w, https:\/\/www.leyaled.com\/wp-content\/uploads\/2025\/11\/display-1-768x656.webp 768w, https:\/\/www.leyaled.com\/wp-content\/uploads\/2025\/11\/display-1-600x512.webp 600w\" sizes=\"(max-width: 800px) 100vw, 800px\" \/><\/p>\n<p style=\"text-align: center;\"><strong><span style=\"font-family: helvetica, arial, sans-serif; font-size: 14pt;\">Angle de vision ultra large<\/span><\/strong><br \/>\n<span style=\"font-family: helvetica, arial, sans-serif;\">L'\u00e9cran dispose d'un angle de vision de 160\u00b0, assurant une visibilit\u00e9 claire depuis n'importe quelle position.<\/span><\/p>\n<p style=\"text-align: center;\"><img loading=\"lazy\" decoding=\"async\" class=\"alignnone size-full wp-image-3096\" src=\"https:\/\/www.leyaled.com\/wp-content\/uploads\/2025\/11\/display1-1.webp\" alt=\"\" width=\"800\" height=\"362\" srcset=\"https:\/\/www.leyaled.com\/wp-content\/uploads\/2025\/11\/display1-1.webp 800w, https:\/\/www.leyaled.com\/wp-content\/uploads\/2025\/11\/display1-1-300x136.webp 300w, https:\/\/www.leyaled.com\/wp-content\/uploads\/2025\/11\/display1-1-768x348.webp 768w, https:\/\/www.leyaled.com\/wp-content\/uploads\/2025\/11\/display1-1-600x272.webp 600w\" sizes=\"(max-width: 800px) 100vw, 800px\" \/><\/p>\n<p style=\"text-align: center;\"><strong><span style=\"font-family: helvetica, arial, sans-serif; font-size: 14pt;\">Visuels sup\u00e9rieurs<\/span><\/strong><br \/>\n<span style=\"font-family: helvetica, arial, sans-serif;\">Haut contraste &amp; \u00e9chelle de gris : fournit des images cristallines.<\/span><br \/>\n<span style=\"font-family: helvetica, arial, sans-serif;\">Luminosit\u00e9 de 10 000 nits : visibilit\u00e9 nette m\u00eame sous la lumi\u00e8re directe du soleil.<\/span><\/p>\n<p>&nbsp;<\/p>\n<p style=\"text-align: center;\"><img loading=\"lazy\" decoding=\"async\" class=\"alignnone size-full wp-image-3097\" src=\"https:\/\/www.leyaled.com\/wp-content\/uploads\/2025\/11\/display5-1.webp\" alt=\"\" width=\"800\" height=\"566\" srcset=\"https:\/\/www.leyaled.com\/wp-content\/uploads\/2025\/11\/display5-1.webp 800w, https:\/\/www.leyaled.com\/wp-content\/uploads\/2025\/11\/display5-1-300x212.webp 300w, https:\/\/www.leyaled.com\/wp-content\/uploads\/2025\/11\/display5-1-768x543.webp 768w, https:\/\/www.leyaled.com\/wp-content\/uploads\/2025\/11\/display5-1-600x425.webp 600w\" sizes=\"(max-width: 800px) 100vw, 800px\" \/><\/p>\n<p style=\"text-align: center;\"><span style=\"font-size: 14pt;\"><strong><span style=\"font-family: helvetica, arial, sans-serif;\">Sc\u00e9narios d'application<\/span><\/strong><\/span><br \/>\n<span style=\"font-family: helvetica, arial, sans-serif;\">Publicit\u00e9 ext\u00e9rieure \/ Publicit\u00e9 num\u00e9rique \/ Affichages sur v\u00e9hicules (camions)<\/span><\/p>\n<p style=\"text-align: center;\"><img loading=\"lazy\" decoding=\"async\" class=\"alignnone size-full wp-image-3098\" src=\"https:\/\/www.leyaled.com\/wp-content\/uploads\/2025\/11\/display-2.webp\" alt=\"\" width=\"800\" height=\"566\" srcset=\"https:\/\/www.leyaled.com\/wp-content\/uploads\/2025\/11\/display-2.webp 800w, https:\/\/www.leyaled.com\/wp-content\/uploads\/2025\/11\/display-2-300x212.webp 300w, https:\/\/www.leyaled.com\/wp-content\/uploads\/2025\/11\/display-2-768x543.webp 768w, https:\/\/www.leyaled.com\/wp-content\/uploads\/2025\/11\/display-2-600x425.webp 600w\" sizes=\"(max-width: 800px) 100vw, 800px\" \/><\/p>\n<p style=\"text-align: center;\"><span style=\"font-family: helvetica, arial, sans-serif; font-size: 14pt;\">Vous \u00eates curieux des diff\u00e9rences entre P2.6 et P3.91 ? Contactez-nous maintenant !<\/span><\/p>","protected":false},"excerpt":{"rendered":"<p>Solide choix \u00e0 tous les niveaux.<br \/>\nPitch de 2,6 mm, taux de rafra\u00eechissement \u00e9lev\u00e9, vue large de 160\u00b0 \u2013 visuels clairs sous tous les angles. Luminosit\u00e9 de 10 000 nits, claire m\u00eame sous la lumi\u00e8re directe du soleil. Id\u00e9al pour l'ext\u00e9rieur &amp; utilisation semi-ext\u00e9rieure.<br \/>\nM\u00e9lange d'\u00e9pissage de cabinet 500 \u00d7 500mm \/ 500 \u00d7 1000mm. Serrures courbes pour formes elliptiques, s'adapte \u00e0 des surfaces in\u00e9gales. Armoire en aluminium l\u00e9ger, verrouillage rapide pour assemblage rapide &amp; d\u00e9chirer.<br \/>\nId\u00e9al pour les publicit\u00e9s ext\u00e9rieures, les m\u00e9dias num\u00e9riques, les affichages de camions.<\/p>","protected":false},"featured_media":2981,"comment_status":"closed","ping_status":"closed","template":"","meta":[],"product_brand":[],"product_cat":[43],"product_tag":[],"class_list":{"0":"post-2983","1":"product","2":"type-product","3":"status-publish","4":"has-post-thumbnail","6":"product_cat-outdoor-led-display","8":"first","9":"instock","10":"shipping-taxable","11":"product-type-simple"},"_links":{"self":[{"href":"https:\/\/www.leyaled.com\/fr\/wp-json\/wp\/v2\/product\/2983","targetHints":{"allow":["GET"]}}],"collection":[{"href":"https:\/\/www.leyaled.com\/fr\/wp-json\/wp\/v2\/product"}],"about":[{"href":"https:\/\/www.leyaled.com\/fr\/wp-json\/wp\/v2\/types\/product"}],"replies":[{"embeddable":true,"href":"https:\/\/www.leyaled.com\/fr\/wp-json\/wp\/v2\/comments?post=2983"}],"wp:featuredmedia":[{"embeddable":true,"href":"https:\/\/www.leyaled.com\/fr\/wp-json\/wp\/v2\/media\/2981"}],"wp:attachment":[{"href":"https:\/\/www.leyaled.com\/fr\/wp-json\/wp\/v2\/media?parent=2983"}],"wp:term":[{"taxonomy":"product_brand","embeddable":true,"href":"https:\/\/www.leyaled.com\/fr\/wp-json\/wp\/v2\/product_brand?post=2983"},{"taxonomy":"product_cat","embeddable":true,"href":"https:\/\/www.leyaled.com\/fr\/wp-json\/wp\/v2\/product_cat?post=2983"},{"taxonomy":"product_tag","embeddable":true,"href":"https:\/\/www.leyaled.com\/fr\/wp-json\/wp\/v2\/product_tag?post=2983"}],"curies":[{"name":"WP","href":"https:\/\/api.w.org\/{rel}","templated":true}]}}