{"id":2947,"date":"2025-11-10T14:29:27","date_gmt":"2025-11-10T06:29:27","guid":{"rendered":"https:\/\/www.leyaled.com\/?post_type=product&#038;p=2947"},"modified":"2025-12-09T11:53:40","modified_gmt":"2025-12-09T03:53:40","slug":"outdoor-display-p3","status":"publish","type":"product","link":"https:\/\/www.leyaled.com\/fr\/outdoor-led-display\/outdoor-display-p3\/","title":{"rendered":"affichage ext\u00e9rieur P3"},"content":{"rendered":"<p style=\"text-align: center;\"><strong><span style=\"font-family: helvetica, arial, sans-serif; font-size: 14pt;\">Les \u00e9crans LED sont des produits sur mesure. Pour la personnalisation en plein \u00e9cran, veuillez contacter le service \u00e0 la client\u00e8le pour toute demande.<\/span><\/strong><\/p>\n<p style=\"text-align: center;\"><strong><span style=\"font-family: helvetica, arial, sans-serif; font-size: 14pt;\">Points de vente du noyau de l'affichage P3 LED<\/span><\/strong><\/p>\n<p style=\"text-align: center;\"><span style=\"font-family: helvetica, arial, sans-serif; font-size: 14pt;\">Caract\u00e9ristiques principales: pas de pixel de 3 mm et 111 111 pixels par m\u00e8tre carr\u00e9, offrant des effets d'affichage ultra-clairs et d\u00e9licats.<\/span><\/p>\n<p style=\"text-align: center;\"><span style=\"font-family: helvetica, arial, sans-serif; font-size: 14pt;\"> fournit des images nettes et d\u00e9taill\u00e9es avec support 1080P\/4K.<\/span><\/p>\n<p style=\"text-align: center;\"><span style=\"font-family: helvetica, arial, sans-serif; font-size: 14pt;\">600 \u00e0 1000 cd\/ \u33a1  luminosit\u00e9 et contraste \u00e9lev\u00e9, parfait pour la visualisation confortable \u00e0 l'int\u00e9rieur.<\/span><\/p>\n<p style=\"text-align: center;\"><span style=\"font-family: helvetica, arial, sans-serif; font-size: 14pt;\">La conception modulaire permet un \u00e9pissage flexible et des formes personnalis\u00e9es, super facile \u00e0 installer.<\/span><\/p>\n<p style=\"text-align: center;\"><span style=\"font-family: helvetica, arial, sans-serif; font-size: 14pt;\">Angle de vision large de 160\u00b0, couleurs coh\u00e9rentes de tous les c\u00f4t\u00e9s, faible consommation d'\u00e9nergie et longue dur\u00e9e de vie.<\/span><\/p>\n<p style=\"text-align: center;\"><span style=\"font-family: helvetica, arial, sans-serif; font-size: 14pt;\">Id\u00e9al pour les espaces int\u00e9rieurs haut de gamme: salles d'exposition, salles de r\u00e9union, centres commerciaux et plus encore.<\/span><\/p>\n<p style=\"text-align: center;\"><strong><span style=\"font-family: helvetica, arial, sans-serif; font-size: 14pt;\">\u00c9cran de location de sc\u00e8ne<\/span><\/strong><\/p>\n<p style=\"text-align: center;\"><span style=\"font-family: helvetica, arial, sans-serif; font-size: 14pt;\">Haute d\u00e9finition ScreenSeamless couture-taux de rafra\u00eechissement \u00e9lev\u00e9<\/span><\/p>\n<p style=\"text-align: center;\"><img fetchpriority=\"high\" decoding=\"async\" class=\"alignnone size-full wp-image-3112\" src=\"https:\/\/www.leyaled.com\/wp-content\/uploads\/2025\/11\/disp1.webp\" alt=\"\" width=\"800\" height=\"812\" srcset=\"https:\/\/www.leyaled.com\/wp-content\/uploads\/2025\/11\/disp1.webp 800w, https:\/\/www.leyaled.com\/wp-content\/uploads\/2025\/11\/disp1-296x300.webp 296w, https:\/\/www.leyaled.com\/wp-content\/uploads\/2025\/11\/disp1-768x780.webp 768w, https:\/\/www.leyaled.com\/wp-content\/uploads\/2025\/11\/disp1-600x609.webp 600w\" sizes=\"(max-width: 800px) 100vw, 800px\" \/><\/p>\n<p style=\"text-align: center;\"><strong><span style=\"font-family: helvetica, arial, sans-serif; font-size: 14pt;\">Faible luminosit\u00e9 Haut gris<\/span><\/strong><\/p>\n<p style=\"text-align: center;\"><span style=\"font-family: helvetica, arial, sans-serif;\">Vif, color\u00e9, haute d\u00e9finition et nature<\/span><\/p>\n<p style=\"text-align: center;\"><img decoding=\"async\" class=\"alignnone size-full wp-image-3075\" src=\"https:\/\/www.leyaled.com\/wp-content\/uploads\/2025\/10\/display-3.webp\" alt=\"\" width=\"800\" height=\"648\" srcset=\"https:\/\/www.leyaled.com\/wp-content\/uploads\/2025\/10\/display-3.webp 800w, https:\/\/www.leyaled.com\/wp-content\/uploads\/2025\/10\/display-3-300x243.webp 300w, https:\/\/www.leyaled.com\/wp-content\/uploads\/2025\/10\/display-3-768x622.webp 768w, https:\/\/www.leyaled.com\/wp-content\/uploads\/2025\/10\/display-3-600x486.webp 600w\" sizes=\"(max-width: 800px) 100vw, 800px\" \/><\/p>\n<p style=\"text-align: center;\"><span style=\"font-family: helvetica, arial, sans-serif;\">\u00a0 Faible luminosit\u00e9 &amp;  &amp; \u00e9chelle de gris basse Haute luminosit\u00e9 &amp; \u00e9chelle de gris basse <\/span><\/p>\n<p style=\"text-align: center;\"><span style=\"font-family: helvetica, arial, sans-serif;\">Perte importante de d\u00e9tails de la zone sombre Perte minimale de d\u00e9tails de la zone sombre<\/span><\/p>\n<p style=\"text-align: center;\"><strong><span style=\"font-family: helvetica, arial, sans-serif; font-size: 14pt;\">Mince &amp; structure haute<\/span><\/strong><\/p>\n<p style=\"text-align: center;\"><span style=\"font-family: helvetica, arial, sans-serif; font-size: 14pt;\">L\u00e9ger avec une dur\u00e9e de vie de 10 ans<\/span><\/p>\n<p><img decoding=\"async\" class=\"size-full wp-image-3092 aligncenter\" src=\"https:\/\/www.leyaled.com\/wp-content\/uploads\/2025\/11\/display2.webp\" alt=\"\" width=\"800\" height=\"800\" srcset=\"https:\/\/www.leyaled.com\/wp-content\/uploads\/2025\/11\/display2.webp 800w, https:\/\/www.leyaled.com\/wp-content\/uploads\/2025\/11\/display2-300x300.webp 300w, https:\/\/www.leyaled.com\/wp-content\/uploads\/2025\/11\/display2-150x150.webp 150w, https:\/\/www.leyaled.com\/wp-content\/uploads\/2025\/11\/display2-768x768.webp 768w, https:\/\/www.leyaled.com\/wp-content\/uploads\/2025\/11\/display2-600x600.webp 600w, https:\/\/www.leyaled.com\/wp-content\/uploads\/2025\/11\/display2-100x100.webp 100w\" sizes=\"(max-width: 800px) 100vw, 800px\" \/><\/p>\n<p style=\"text-align: center;\"><span style=\"font-family: helvetica, arial, sans-serif; font-size: 14pt;\">Le corps de bo\u00eete adopte la r\u00e9sistance \u00e0 la hauteur de moulage en aluminium sous pression, la t\u00e9nacit\u00e9,<\/span><\/p>\n<p style=\"text-align: center;\"><span style=\"font-family: helvetica, arial, sans-serif; font-size: 14pt;\">haute pr\u00e9cision, pas facile \u00e0 d\u00e9former, pour le transport pour \u00e9conomiser de l'\u00e9nergie.<\/span><\/p>\n<p style=\"text-align: center;\"><span style=\"font-family: helvetica, arial, sans-serif; font-size: 14pt;\">Installation facile<\/span><\/p>\n<p style=\"text-align: center;\"><span style=\"font-family: helvetica, arial, sans-serif; font-size: 14pt;\">Installation positionn\u00e9e pr\u00e9cise rapide flexible<\/span><\/p>\n<p style=\"text-align: center;\"><img loading=\"lazy\" decoding=\"async\" class=\"alignnone size-full wp-image-3044\" src=\"https:\/\/www.leyaled.com\/wp-content\/uploads\/2025\/10\/display-led.webp\" alt=\"\" width=\"800\" height=\"556\" srcset=\"https:\/\/www.leyaled.com\/wp-content\/uploads\/2025\/10\/display-led.webp 800w, https:\/\/www.leyaled.com\/wp-content\/uploads\/2025\/10\/display-led-300x209.webp 300w, https:\/\/www.leyaled.com\/wp-content\/uploads\/2025\/10\/display-led-768x534.webp 768w, https:\/\/www.leyaled.com\/wp-content\/uploads\/2025\/10\/display-led-600x417.webp 600w\" sizes=\"(max-width: 800px) 100vw, 800px\" \/><\/p>\n<p style=\"text-align: center;\"><span style=\"font-family: helvetica, arial, sans-serif; font-size: 14pt;\">La bo\u00eete est l\u00e9g\u00e8re et mince, facile \u00e0 assembler et \u00e0 d\u00e9monter pour le transport, <\/span><\/p>\n<p style=\"text-align: center;\"><span style=\"font-family: helvetica, arial, sans-serif; font-size: 14pt;\">et l'\u00e9paisseur est r\u00e9duite pour \u00e9conomiser la zone de l'\u00e9cran.<\/span><\/p>\n<p style=\"text-align: center;\"><span style=\"font-size: 14pt;\"><strong><span style=\"font-family: helvetica, arial, sans-serif;\">Les d\u00e9tails d\u00e9terminent la qualit\u00e9.<\/span><\/strong><\/span><\/p>\n<p><span style=\"font-size: 14pt;\"><strong><span style=\"font-family: helvetica, arial, sans-serif;\"><img loading=\"lazy\" decoding=\"async\" class=\"size-full wp-image-3156 aligncenter\" src=\"https:\/\/www.leyaled.com\/wp-content\/uploads\/2025\/11\/ing-2.webp\" alt=\"\" width=\"800\" height=\"690\" srcset=\"https:\/\/www.leyaled.com\/wp-content\/uploads\/2025\/11\/ing-2.webp 800w, https:\/\/www.leyaled.com\/wp-content\/uploads\/2025\/11\/ing-2-300x259.webp 300w, https:\/\/www.leyaled.com\/wp-content\/uploads\/2025\/11\/ing-2-768x662.webp 768w, https:\/\/www.leyaled.com\/wp-content\/uploads\/2025\/11\/ing-2-600x518.webp 600w\" sizes=\"(max-width: 800px) 100vw, 800px\" \/><\/span><\/strong><\/span><\/p>\n<p style=\"text-align: center;\"><span style=\"font-family: helvetica, arial, sans-serif; font-size: 14pt;\">Nos \u00e9crans LED disposent de perles de lampes uniformes et n'ont jamais de pixels morts. Profitez pas d'\u00e9cran noir,<\/span><\/p>\n<p style=\"text-align: center;\"><span style=\"font-family: helvetica, arial, sans-serif; font-size: 14pt;\"> pas de gel, pas de latence, et super haute luminosit\u00e9! Les pixels de couleur pure Ultra HD apportent <\/span><\/p>\n<p style=\"text-align: center;\"><span style=\"font-family: helvetica, arial, sans-serif; font-size: 14pt;\">Des images claires, pas de clignotement, pas de fant\u00f4me et absolument pas d'image br\u00fbl\u00e9e!<\/span><\/p>\n<p style=\"text-align: center;\"><img loading=\"lazy\" decoding=\"async\" class=\"alignnone size-full wp-image-3157\" src=\"https:\/\/www.leyaled.com\/wp-content\/uploads\/2025\/11\/detailed-pictures.webp\" alt=\"\" width=\"800\" height=\"800\" srcset=\"https:\/\/www.leyaled.com\/wp-content\/uploads\/2025\/11\/detailed-pictures.webp 800w, https:\/\/www.leyaled.com\/wp-content\/uploads\/2025\/11\/detailed-pictures-300x300.webp 300w, https:\/\/www.leyaled.com\/wp-content\/uploads\/2025\/11\/detailed-pictures-150x150.webp 150w, https:\/\/www.leyaled.com\/wp-content\/uploads\/2025\/11\/detailed-pictures-768x768.webp 768w, https:\/\/www.leyaled.com\/wp-content\/uploads\/2025\/11\/detailed-pictures-600x600.webp 600w, https:\/\/www.leyaled.com\/wp-content\/uploads\/2025\/11\/detailed-pictures-100x100.webp 100w\" sizes=\"(max-width: 800px) 100vw, 800px\" \/><\/p>\n<p style=\"text-align: center;\"><span style=\"font-family: helvetica, arial, sans-serif; font-size: 14pt;\">Nos \u00e9crans LED poss\u00e8dent des surfaces de masque plates et une grande coh\u00e9rence du produit! Nous utilisons la technologie de pot leader de l'industrie<\/span><\/p>\n<p style=\"text-align: center;\"><span style=\"font-family: helvetica, arial, sans-serif; font-size: 14pt;\"> pour une finition lisse et uniforme qui \u00e9vite la poussi\u00e8re et l'humidit\u00e9, garantissant la m\u00eame qualit\u00e9 fiable pour chaque unit\u00e9.<\/span><\/p>\n<p style=\"text-align: center;\"><span style=\"font-family: helvetica, arial, sans-serif; font-size: 14pt;\">Nos \u00e9crans LED couvrent de multiples sc\u00e9narios d'application, y compris les expositions int\u00e9rieures et les panneaux publicitaires ext\u00e9rieurs.<\/span><\/p>\n<p style=\"text-align: center;\"><img loading=\"lazy\" decoding=\"async\" class=\"alignnone size-full wp-image-3158\" src=\"https:\/\/www.leyaled.com\/wp-content\/uploads\/2025\/11\/ing3.webp\" alt=\"\" width=\"800\" height=\"800\" srcset=\"https:\/\/www.leyaled.com\/wp-content\/uploads\/2025\/11\/ing3.webp 800w, https:\/\/www.leyaled.com\/wp-content\/uploads\/2025\/11\/ing3-300x300.webp 300w, https:\/\/www.leyaled.com\/wp-content\/uploads\/2025\/11\/ing3-150x150.webp 150w, https:\/\/www.leyaled.com\/wp-content\/uploads\/2025\/11\/ing3-768x768.webp 768w, https:\/\/www.leyaled.com\/wp-content\/uploads\/2025\/11\/ing3-600x600.webp 600w, https:\/\/www.leyaled.com\/wp-content\/uploads\/2025\/11\/ing3-100x100.webp 100w\" sizes=\"(max-width: 800px) 100vw, 800px\" \/><\/p>\n<p style=\"text-align: center;\"><span style=\"font-family: helvetica, arial, sans-serif; font-size: 14pt;\">ondering sur les points forts des \u00e9crans LED P3 ext\u00e9rieurs? Contactez-nous aujourd'hui pour des solutions personnalis\u00e9es!<\/span><\/p>","protected":false},"excerpt":{"rendered":"<p>L'\u00e9cran LED P3 dispose d'un pas de pixels de 3 mm et de 111 111 pixels par m\u00e8tre carr\u00e9, offrant des images nettes 1080P\/4K parfaites pour la visualisation de gros plans en int\u00e9rieur. Il offre 600-1000 cd\/ \u33a1  luminosit\u00e9 et contraste \u00e9lev\u00e9, de sorte que la lumi\u00e8re reste douce et douce sur les yeux. De plus, il prend en charge l'\u00e9pissage modulaire flexible et les formes irr\u00e9guli\u00e8res personnalis\u00e9es, avec une installation super facile. Il dispose \u00e9galement d'un large angle de vision de 160\u00b0, de couleurs coh\u00e9rentes, d'une faible consommation d'\u00e9nergie et d'une longue dur\u00e9e de vie, ce qui en fait un excellent choix pour les configurations d'\u00e9crans int\u00e9rieurs de gamme moyenne \u00e0 haute.<\/p>","protected":false},"featured_media":2949,"comment_status":"closed","ping_status":"closed","template":"","meta":[],"product_brand":[],"product_cat":[43,15],"product_tag":[],"class_list":{"0":"post-2947","1":"product","2":"type-product","3":"status-publish","4":"has-post-thumbnail","6":"product_cat-outdoor-led-display","7":"product_cat-standard-led-display","9":"first","10":"instock","11":"shipping-taxable","12":"product-type-simple"},"_links":{"self":[{"href":"https:\/\/www.leyaled.com\/fr\/wp-json\/wp\/v2\/product\/2947","targetHints":{"allow":["GET"]}}],"collection":[{"href":"https:\/\/www.leyaled.com\/fr\/wp-json\/wp\/v2\/product"}],"about":[{"href":"https:\/\/www.leyaled.com\/fr\/wp-json\/wp\/v2\/types\/product"}],"replies":[{"embeddable":true,"href":"https:\/\/www.leyaled.com\/fr\/wp-json\/wp\/v2\/comments?post=2947"}],"wp:featuredmedia":[{"embeddable":true,"href":"https:\/\/www.leyaled.com\/fr\/wp-json\/wp\/v2\/media\/2949"}],"wp:attachment":[{"href":"https:\/\/www.leyaled.com\/fr\/wp-json\/wp\/v2\/media?parent=2947"}],"wp:term":[{"taxonomy":"product_brand","embeddable":true,"href":"https:\/\/www.leyaled.com\/fr\/wp-json\/wp\/v2\/product_brand?post=2947"},{"taxonomy":"product_cat","embeddable":true,"href":"https:\/\/www.leyaled.com\/fr\/wp-json\/wp\/v2\/product_cat?post=2947"},{"taxonomy":"product_tag","embeddable":true,"href":"https:\/\/www.leyaled.com\/fr\/wp-json\/wp\/v2\/product_tag?post=2947"}],"curies":[{"name":"WP","href":"https:\/\/api.w.org\/{rel}","templated":true}]}}