{"id":2931,"date":"2025-11-07T11:59:46","date_gmt":"2025-11-07T03:59:46","guid":{"rendered":"https:\/\/www.leyaled.com\/?post_type=product&#038;p=2931"},"modified":"2025-12-09T14:32:59","modified_gmt":"2025-12-09T06:32:59","slug":"outdoor-p6","status":"publish","type":"product","link":"https:\/\/www.leyaled.com\/fr\/outdoor-fixed-installation\/outdoor-p6\/","title":{"rendered":"\u00e9cran ext\u00e9rieur P6 \u00e0 louer"},"content":{"rendered":"<p style=\"text-align: center;\"><strong><span style=\"font-family: helvetica, arial, sans-serif; font-size: 14pt;\">Les \u00e9crans LED sont des produits sur mesure. Pour la personnalisation en plein \u00e9cran, veuillez contacter le service \u00e0 la client\u00e8le pour toute demande.<\/span><\/strong><\/p>\n<p style=\"text-align: center;\"><span style=\"font-family: helvetica, arial, sans-serif; font-size: 14pt;\"><strong>Budget-Friendly &amp; Hautes performances<\/strong><\/span><br \/>\n<span style=\"font-family: helvetica, arial, sans-serif; font-size: 14pt;\">Le pas de pixel de 6 mm permet de trouver l'\u00e9quilibre id\u00e9al entre un visuel clair et une efficacit\u00e9 \u00e9conomique. Mieux que P3\/P4 pour <\/span><\/p>\n<p style=\"text-align: center;\"><span style=\"font-family: helvetica, arial, sans-serif; font-size: 14pt;\">vue de longueur moyenne (distance optimale de 6 \u00e0 30 m) \u2014 un choix privil\u00e9gi\u00e9 pour les panneaux publicitaires commerciaux ext\u00e9rieurs et les \u00e9crans d'annonce du campus.<\/span><\/p>\n<p style=\"text-align: center;\"><span style=\"font-family: helvetica, arial, sans-serif; font-size: 14pt;\"><strong>Dure contre les \u00e9l\u00e9ments ext\u00e9rieurs<\/strong><\/span><\/p>\n<p style=\"text-align: center;\"><span style=\"font-family: helvetica, arial, sans-serif; font-size: 14pt;\">Class\u00e9 IP65 avec pot professionnel: r\u00e9sistant \u00e0 la pluie, \u00e0 la poussi\u00e8re, \u00e0 la chaleur et \u00e0 l'humidit\u00e9.<\/span><\/p>\n<p style=\"text-align: center;\"><span style=\"font-family: helvetica, arial, sans-serif; font-size: 14pt;\">Luminosit\u00e9 \u00e9lev\u00e9e (\u22656000cd\/ \u33a1)  assure des images vives et non d\u00e9color\u00e9es m\u00eame sous la lumi\u00e8re directe du soleil, en douceur 24 heures sur 24.<\/span><\/p>\n<p style=\"text-align: center;\"><span style=\"font-family: helvetica, arial, sans-serif; font-size: 14pt;\"><strong>Longue dur\u00e9e &amp; Faible entretien<\/strong><\/span><\/p>\n<p style=\"text-align: center;\"><span style=\"font-family: helvetica, arial, sans-serif; font-size: 14pt;\">Masque plat pour \u00e9pissage sans couture et visuels uniformes; modules normalis\u00e9s pour<\/span><\/p>\n<p style=\"text-align: center;\"><span style=\"font-family: helvetica, arial, sans-serif; font-size: 14pt;\"> remplacement rapide, r\u00e9duisant les co\u00fbts d'entretien.<\/span><br \/>\n<span style=\"font-family: helvetica, arial, sans-serif; font-size: 14pt;\">Perles de lampe uniformes signifient aucun pixel mort, aucun clignotement, aucun burn-in ou fant\u00f4me. <\/span><\/p>\n<p style=\"text-align: center;\"><span style=\"font-family: helvetica, arial, sans-serif; font-size: 14pt;\">Qualit\u00e9 constante garantie pour les achats en vrac.<\/span><\/p>\n<p style=\"text-align: center;\"><span style=\"font-family: helvetica, arial, sans-serif; font-size: 14pt;\"><strong>Personnalisable pour plusieurs sc\u00e9narios<\/strong><\/span><\/p>\n<p style=\"text-align: center;\"><span style=\"font-family: helvetica, arial, sans-serif; font-size: 14pt;\">Personnaliser la taille de l'\u00e9cran et le type d'installation (mur \/ plafond \/ colonne) pour s'adapter aux annonces ext\u00e9rieures, <\/span><\/p>\n<p style=\"text-align: center;\"><span style=\"font-family: helvetica, arial, sans-serif; font-size: 14pt;\">affichage du p\u00e9rim\u00e8tre du stade, \u00e9crans de guidage de la circulation et plus encore.<\/span><\/p>\n<p style=\"text-align: center;\"><span style=\"font-family: helvetica, arial, sans-serif; font-size: 14pt;\">Nos \u00e9crans LED offrent une luminosit\u00e9 \u00e9lev\u00e9e pour la visibilit\u00e9 ext\u00e9rieure, une faible consommation d'\u00e9nergie<\/span><\/p>\n<p style=\"text-align: center;\"><span style=\"font-family: helvetica, arial, sans-serif; font-size: 14pt;\"> pour des \u00e9conomies de co\u00fbts et un taux de rafra\u00eechissement \u00e9lev\u00e9 pour des images lisses et sans clignotement!<\/span><\/p>\n<p style=\"text-align: center;\"><img fetchpriority=\"high\" decoding=\"async\" class=\"alignnone size-full wp-image-3161\" src=\"https:\/\/www.leyaled.com\/wp-content\/uploads\/2025\/11\/p6-display.webp\" alt=\"\" width=\"800\" height=\"468\" srcset=\"https:\/\/www.leyaled.com\/wp-content\/uploads\/2025\/11\/p6-display.webp 800w, https:\/\/www.leyaled.com\/wp-content\/uploads\/2025\/11\/p6-display-300x176.webp 300w, https:\/\/www.leyaled.com\/wp-content\/uploads\/2025\/11\/p6-display-768x449.webp 768w, https:\/\/www.leyaled.com\/wp-content\/uploads\/2025\/11\/p6-display-600x351.webp 600w\" sizes=\"(max-width: 800px) 100vw, 800px\" \/><\/p>\n<p style=\"text-align: center;\"><span style=\"font-family: helvetica, arial, sans-serif; font-size: 14pt;\">Ultra imperm\u00e9able, \u00e0 l'\u00e9preuve du vent et de la pluie<\/span><\/p>\n<p style=\"text-align: center;\"><span style=\"font-family: helvetica, arial, sans-serif; font-size: 14pt;\">R\u00e9siste aux typhons &amp; basses temp\u00e9ratures<\/span><\/p>\n<p style=\"text-align: center;\"><span style=\"font-family: helvetica, arial, sans-serif; font-size: 14pt;\">R\u00e9siste aux fortes pluies<\/span><\/p>\n<p style=\"text-align: center;\"><span style=\"font-family: helvetica, arial, sans-serif; font-size: 14pt;\">Tol\u00e8re une humidit\u00e9 \u00e9lev\u00e9e<\/span><\/p>\n<p style=\"text-align: center;\"><span style=\"font-family: helvetica, arial, sans-serif; font-size: 14pt;\">Dure la chaleur \u00e9lev\u00e9e &amp; spray de sel<\/span><\/p>\n<p style=\"text-align: center;\"><img decoding=\"async\" class=\"alignnone size-full wp-image-3160\" src=\"https:\/\/www.leyaled.com\/wp-content\/uploads\/2025\/11\/p6display.webp\" alt=\"\" width=\"800\" height=\"464\" srcset=\"https:\/\/www.leyaled.com\/wp-content\/uploads\/2025\/11\/p6display.webp 800w, https:\/\/www.leyaled.com\/wp-content\/uploads\/2025\/11\/p6display-300x174.webp 300w, https:\/\/www.leyaled.com\/wp-content\/uploads\/2025\/11\/p6display-768x445.webp 768w, https:\/\/www.leyaled.com\/wp-content\/uploads\/2025\/11\/p6display-600x348.webp 600w\" sizes=\"(max-width: 800px) 100vw, 800px\" \/><\/p>\n<p style=\"text-align: center;\"><span style=\"font-family: helvetica, arial, sans-serif; font-size: 14pt;\">Plus la densit\u00e9 de pixels est \u00e9lev\u00e9e, plus la qualit\u00e9 de l'image est nette<\/span><\/p>\n<p style=\"text-align: center;\"><img decoding=\"async\" class=\"alignnone size-full wp-image-3162\" src=\"https:\/\/www.leyaled.com\/wp-content\/uploads\/2025\/11\/p6display-for.webp\" alt=\"\" width=\"800\" height=\"533\" srcset=\"https:\/\/www.leyaled.com\/wp-content\/uploads\/2025\/11\/p6display-for.webp 800w, https:\/\/www.leyaled.com\/wp-content\/uploads\/2025\/11\/p6display-for-300x200.webp 300w, https:\/\/www.leyaled.com\/wp-content\/uploads\/2025\/11\/p6display-for-768x512.webp 768w, https:\/\/www.leyaled.com\/wp-content\/uploads\/2025\/11\/p6display-for-600x400.webp 600w\" sizes=\"(max-width: 800px) 100vw, 800px\" \/><\/p>\n<p style=\"text-align: center;\"><strong><span style=\"font-family: helvetica, arial, sans-serif; font-size: 14pt;\">FWS Technology LED Displays \u2013 Plus d\u2019attention \u00e0 chaque d\u00e9tail<\/span><\/strong><\/p>\n<p style=\"text-align: center;\"><strong><span style=\"font-family: helvetica, arial, sans-serif; font-size: 14pt;\">Modules de haute qualit\u00e9<\/span><\/strong><\/p>\n<p style=\"text-align: center;\"><span style=\"font-family: helvetica, arial, sans-serif; font-size: 14pt;\">Conception modulaire pour un \u00e9pissage facile Couleur vraie, stabilit\u00e9 \u00e9lev\u00e9e, longue dur\u00e9e de vie<\/span><\/p>\n<p style=\"text-align: center;\"><img loading=\"lazy\" decoding=\"async\" class=\"alignnone size-full wp-image-3163\" src=\"https:\/\/www.leyaled.com\/wp-content\/uploads\/2025\/11\/p6.webp\" alt=\"\" width=\"800\" height=\"662\" srcset=\"https:\/\/www.leyaled.com\/wp-content\/uploads\/2025\/11\/p6.webp 800w, https:\/\/www.leyaled.com\/wp-content\/uploads\/2025\/11\/p6-300x248.webp 300w, https:\/\/www.leyaled.com\/wp-content\/uploads\/2025\/11\/p6-768x636.webp 768w, https:\/\/www.leyaled.com\/wp-content\/uploads\/2025\/11\/p6-600x497.webp 600w\" sizes=\"(max-width: 800px) 100vw, 800px\" \/><\/p>\n<p style=\"text-align: center;\"><span style=\"font-size: 14pt;\"><strong><span style=\"font-family: helvetica, arial, sans-serif;\">Haute qualit\u00e9 PCB Board &amp; amp; Perles de lampe<\/span><\/strong><\/span><\/p>\n<p style=\"text-align: center;\"><span style=\"font-family: helvetica, arial, sans-serif; font-size: 14pt;\">Soudage \u00e0 onde automatique, soudage solidePerles de lampe ne tombent pas, plus de vie<\/span><\/p>\n<p style=\"text-align: center;\"><img loading=\"lazy\" decoding=\"async\" class=\"alignnone size-full wp-image-3164\" src=\"https:\/\/www.leyaled.com\/wp-content\/uploads\/2025\/11\/p6display-for-1.webp\" alt=\"\" width=\"800\" height=\"417\" srcset=\"https:\/\/www.leyaled.com\/wp-content\/uploads\/2025\/11\/p6display-for-1.webp 800w, https:\/\/www.leyaled.com\/wp-content\/uploads\/2025\/11\/p6display-for-1-300x156.webp 300w, https:\/\/www.leyaled.com\/wp-content\/uploads\/2025\/11\/p6display-for-1-768x400.webp 768w, https:\/\/www.leyaled.com\/wp-content\/uploads\/2025\/11\/p6display-for-1-600x313.webp 600w\" sizes=\"(max-width: 800px) 100vw, 800px\" \/><\/p>\n<p style=\"text-align: center;\"><strong><span style=\"font-family: helvetica, arial, sans-serif; font-size: 14pt;\">Aluminium coul\u00e9 sous pression<\/span><\/strong><\/p>\n<p style=\"text-align: center;\"><span style=\"font-size: 14pt; font-family: helvetica, arial, sans-serif;\">Aluminium coul\u00e9 sous pression, fort &amp; minceBelle &amp; g\u00e9n\u00e9reux, montrer la personnalit\u00e9<\/span><\/p>\n<p style=\"text-align: center;\"><img loading=\"lazy\" decoding=\"async\" class=\"alignnone size-full wp-image-3165\" src=\"https:\/\/www.leyaled.com\/wp-content\/uploads\/2025\/11\/display-7.webp\" alt=\"\" width=\"800\" height=\"533\" srcset=\"https:\/\/www.leyaled.com\/wp-content\/uploads\/2025\/11\/display-7.webp 800w, https:\/\/www.leyaled.com\/wp-content\/uploads\/2025\/11\/display-7-300x200.webp 300w, https:\/\/www.leyaled.com\/wp-content\/uploads\/2025\/11\/display-7-768x512.webp 768w, https:\/\/www.leyaled.com\/wp-content\/uploads\/2025\/11\/display-7-600x400.webp 600w\" sizes=\"(max-width: 800px) 100vw, 800px\" \/><\/p>\n<p style=\"text-align: center;\"><strong><span style=\"font-family: helvetica, arial, sans-serif; font-size: 14pt;\">Installation facile &amp; amp; Suppression<\/span><\/strong><\/p>\n<p style=\"text-align: center;\"><span style=\"font-family: helvetica, arial, sans-serif; font-size: 14pt;\">Conception structurelle innovanteBo\u00eete mince et l\u00e9g\u00e8re, facile \u00e0 connecter<\/span><\/p>\n<p style=\"text-align: center;\"><img loading=\"lazy\" decoding=\"async\" class=\"alignnone size-full wp-image-3166\" src=\"https:\/\/www.leyaled.com\/wp-content\/uploads\/2025\/11\/display-for.webp\" alt=\"\" width=\"800\" height=\"1067\" srcset=\"https:\/\/www.leyaled.com\/wp-content\/uploads\/2025\/11\/display-for.webp 800w, https:\/\/www.leyaled.com\/wp-content\/uploads\/2025\/11\/display-for-225x300.webp 225w, https:\/\/www.leyaled.com\/wp-content\/uploads\/2025\/11\/display-for-768x1024.webp 768w, https:\/\/www.leyaled.com\/wp-content\/uploads\/2025\/11\/display-for-600x800.webp 600w\" sizes=\"(max-width: 800px) 100vw, 800px\" \/><\/p>\n<p style=\"text-align: center;\"><strong><span style=\"font-family: helvetica, arial, sans-serif; font-size: 14pt;\">Sc\u00e8nes applicables<\/span><\/strong><\/p>\n<p style=\"text-align: center;\"><span style=\"font-family: helvetica, arial, sans-serif; font-size: 14pt;\">Convient \u00e0 diverses salles de conf\u00e9rence, supermarch\u00e9s, bars, etc.<\/span><\/p>\n<p style=\"text-align: center;\"><img loading=\"lazy\" decoding=\"async\" class=\"alignnone size-full wp-image-3167\" src=\"https:\/\/www.leyaled.com\/wp-content\/uploads\/2025\/11\/display-p6.webp\" alt=\"\" width=\"800\" height=\"769\" srcset=\"https:\/\/www.leyaled.com\/wp-content\/uploads\/2025\/11\/display-p6.webp 800w, https:\/\/www.leyaled.com\/wp-content\/uploads\/2025\/11\/display-p6-300x288.webp 300w, https:\/\/www.leyaled.com\/wp-content\/uploads\/2025\/11\/display-p6-768x738.webp 768w, https:\/\/www.leyaled.com\/wp-content\/uploads\/2025\/11\/display-p6-600x577.webp 600w\" sizes=\"(max-width: 800px) 100vw, 800px\" \/><\/p>\n<p style=\"text-align: center;\"><span style=\"font-family: helvetica, arial, sans-serif; font-size: 14pt;\">Qu'est-ce que les \u00e9crans LED P6 peuvent faire d'autre? Ils sont capables de fournir des effets 3D \u00e9tonnants \u00e0 l'oeil nu pour des applications commerciales.<\/span><\/p>\n<p style=\"text-align: center;\"><span style=\"font-family: helvetica, arial, sans-serif; font-size: 14pt;\"> quartiers et monuments culturels, cr\u00e9ant des exp\u00e9riences immersives sans \u00e9quipement suppl\u00e9mentaire. Personnalisable en courb\u00e9,<\/span><\/p>\n<p style=\"text-align: center;\"><span style=\"font-family: helvetica, arial, sans-serif; font-size: 14pt;\"> sph\u00e9riques ou d'autres formes sp\u00e9ciales, ils conviennent parfaitement pour les d\u00e9cors de sc\u00e8ne, les installations d'art pittoresque et les fa\u00e7ades de b\u00e2timents.<\/span><\/p>\n<p style=\"text-align: center;\"><span style=\"font-family: helvetica, arial, sans-serif; font-size: 14pt;\"> De la diffusion d'informations en temps r\u00e9el dans les centres de transport \u00e0 la publicit\u00e9 commerciale et la publicit\u00e9 gouvernementale, leur IP65<\/span><\/p>\n<p style=\"text-align: center;\"><span style=\"font-family: helvetica, arial, sans-serif; font-size: 14pt;\"> protection et affichage haute d\u00e9finition assurent des performances fiables. Contactez-nous maintenant pour explorer plus de possibilit\u00e9s!<\/span><\/p>","protected":false},"excerpt":{"rendered":"<p>Cet \u00e9cran LED P6 est con\u00e7u pour des sc\u00e9narios de visionnement \u00e0 moyenne distance en plein air, avec ses param\u00e8tres de base et ses processus de fabrication affin\u00e9s par 14 ans d'expertise dans l'industrie. Le pas de pixel de 6 mm r\u00e9pond aux exigences de clart\u00e9 de la publicit\u00e9 commerciale et de la diffusion d'information, tandis que la conception \u00e0 haute luminosit\u00e9 (\u22656000cd\/ \u33a1)  garantit des images vives et non d\u00e9color\u00e9es m\u00eame sous une forte lumi\u00e8re solaire directe. Adoptant une technologie compl\u00e8te d'\u00e9tanch\u00e9it\u00e9 et d'\u00e9tanch\u00e9it\u00e9, il atteint une classification de protection IP65, offrant une r\u00e9sistance aux typhons, aux temp\u00e9ratures extr\u00eames, aux fortes pluies et aux pulv\u00e9risations salines pour un fonctionnement stable 24 heures sur 24, 7 jours sur 7. Avec une excellente aplatitude du masque et la coh\u00e9rence du produit, l'\u00e9cran assure un minimum d'\u00e9carts d'\u00e9pissage. Les modules standardis\u00e9s permettent un d\u00e9montage et un remplacement rapides, r\u00e9duisant consid\u00e9rablement les co\u00fbts d'exploitation et d'entretien ult\u00e9rieurs. Des options d'installation personnalisables (mur, plafond, colonne) sont propos\u00e9es pour r\u00e9pondre aux besoins de d\u00e9ploiement sur place de diff\u00e9rents sites.<\/p>","protected":false},"featured_media":2944,"comment_status":"closed","ping_status":"closed","template":"","meta":[],"product_brand":[],"product_cat":[32,44],"product_tag":[],"class_list":{"0":"post-2931","1":"product","2":"type-product","3":"status-publish","4":"has-post-thumbnail","6":"product_cat-fixed-led-display","7":"product_cat-outdoor-fixed-installation","9":"first","10":"instock","11":"shipping-taxable","12":"product-type-simple"},"_links":{"self":[{"href":"https:\/\/www.leyaled.com\/fr\/wp-json\/wp\/v2\/product\/2931","targetHints":{"allow":["GET"]}}],"collection":[{"href":"https:\/\/www.leyaled.com\/fr\/wp-json\/wp\/v2\/product"}],"about":[{"href":"https:\/\/www.leyaled.com\/fr\/wp-json\/wp\/v2\/types\/product"}],"replies":[{"embeddable":true,"href":"https:\/\/www.leyaled.com\/fr\/wp-json\/wp\/v2\/comments?post=2931"}],"wp:featuredmedia":[{"embeddable":true,"href":"https:\/\/www.leyaled.com\/fr\/wp-json\/wp\/v2\/media\/2944"}],"wp:attachment":[{"href":"https:\/\/www.leyaled.com\/fr\/wp-json\/wp\/v2\/media?parent=2931"}],"wp:term":[{"taxonomy":"product_brand","embeddable":true,"href":"https:\/\/www.leyaled.com\/fr\/wp-json\/wp\/v2\/product_brand?post=2931"},{"taxonomy":"product_cat","embeddable":true,"href":"https:\/\/www.leyaled.com\/fr\/wp-json\/wp\/v2\/product_cat?post=2931"},{"taxonomy":"product_tag","embeddable":true,"href":"https:\/\/www.leyaled.com\/fr\/wp-json\/wp\/v2\/product_tag?post=2931"}],"curies":[{"name":"WP","href":"https:\/\/api.w.org\/{rel}","templated":true}]}}