{"id":2901,"date":"2025-11-06T15:36:32","date_gmt":"2025-11-06T07:36:32","guid":{"rendered":"https:\/\/www.leyaled.com\/?post_type=product&#038;p=2901"},"modified":"2025-12-10T15:33:34","modified_gmt":"2025-12-10T07:33:34","slug":"die-cast-aluminum-p6","status":"publish","type":"product","link":"https:\/\/www.leyaled.com\/fr\/outdoor-fixed-installation\/die-cast-aluminum-p6\/","title":{"rendered":"Aluminium coul\u00e9 sous pression P6 \u00e0 louer"},"content":{"rendered":"<h5 class=\"header-iWP5WJ auto-hide-last-sibling-br\" style=\"text-align: center;\"><span style=\"font-family: helvetica, arial, sans-serif;\"><strong><span style=\"font-size: 14pt;\">Affichage LED en aluminium moul\u00e9 sous pression P6: Caract\u00e9ristiques cl\u00e9s<\/span><\/strong><\/span><\/h5>\n<p style=\"text-align: center;\"><span style=\"font-family: helvetica, arial, sans-serif; font-size: 14pt;\">L'\u00e9cran LED en aluminium moul\u00e9 sous pression P6 int\u00e8gre un armoire en aluminium moul\u00e9 sous pression haute r\u00e9sistance avec un pixel de 6 mm<\/span><\/p>\n<p style=\"text-align: center;\"><span style=\"font-family: helvetica, arial, sans-serif; font-size: 14pt;\"> pitch (P6), alliant une structure robuste et des performances d'affichage nettes. C\u2019est une solution polyvalente pour l\u2019ext\u00e9rieur<\/span><\/p>\n<p style=\"text-align: center;\"><span style=\"font-family: helvetica, arial, sans-serif; font-size: 14pt;\"> publicit\u00e9, \u00e9v\u00e9nements sc\u00e9niques, salles d\u2019expositions et plus encore, voici pourquoi il se d\u00e9marque :<\/span><\/p>\n<h2 class=\"header-iWP5WJ auto-hide-last-sibling-br\" style=\"text-align: center;\"><span style=\"font-family: helvetica, arial, sans-serif; font-size: 14pt;\">1. Robuste, mince &amp; Facile \u00e0 manipuler<\/span><\/h2>\n<p style=\"text-align: center;\">Fabriqu\u00e9 en aluminium coul\u00e9 sous pression usin\u00e9 par CNC, le cabinet dispose d'une r\u00e9sistance exceptionnelle<\/p>\n<p style=\"text-align: center;\">et capacit\u00e9 anti-d\u00e9formation, parfait pour le transport ext\u00e9rieur et l'assemblage\/d\u00e9montage fr\u00e9quent.<\/p>\n<p style=\"text-align: center;\">Beaucoup plus mince et plus l\u00e9g\u00e8re que les armoires de t\u00f4le traditionnelles (portables par une personne),<\/p>\n<p style=\"text-align: center;\">r\u00e9duire les co\u00fbts de main-d'\u0153uvre pour l'installation et la logistique.<\/p>\n<p style=\"text-align: center;\">Supporte le montage flexible: levage, empilage,<\/p>\n<p style=\"text-align: center;\">ou montage mural - fonctionne sans couture pour les surfaces plates ou courbes.<\/p>\n<p style=\"text-align: center;\"><span style=\"font-size: 14pt; font-family: helvetica, arial, sans-serif;\"><strong>2.Seamless \u00e9pissage pour vues immersives<\/strong><\/span><\/p>\n<p style=\"text-align: center;\"><span style=\"font-size: 14pt; font-family: helvetica, arial, sans-serif;\">L'\u00e9cart d'\u00e9pissage ultra-pr\u00e9cis (aussi bas que 0,1 mm) \u00e9limine les ruptures d'image, offrant une douceur, <\/span><\/p>\n<p style=\"text-align: center;\"><span style=\"font-size: 14pt; font-family: helvetica, arial, sans-serif;\">une exp\u00e9rience visuelle \u00e0 \u00e9cran entier, sans plus de distractions par des lacunes comme les \u00e9crans traditionnels.<\/span><\/p>\n<p style=\"text-align: center;\"><span style=\"font-size: 14pt; font-family: helvetica, arial, sans-serif;\">La conception \u00e0 verrouillage rapide vous permet de mettre en place un armoire en ~10 secondes. R\u00e9glage pendant l'\u00e9pissage <\/span><\/p>\n<p style=\"text-align: center;\"><span style=\"font-size: 14pt; font-family: helvetica, arial, sans-serif;\">assure une luminosit\u00e9 et une couleur uniformes sur tout l'\u00e9cran.<\/span><\/p>\n<p style=\"text-align: center;\"><span style=\"font-family: helvetica, arial, sans-serif; font-size: 14pt;\"><strong>3. \u00e9cran \u00e9tonnant pour n'importe quel environnement<\/strong><\/span><\/p>\n<p style=\"text-align: center;\"><span style=\"font-family: helvetica, arial, sans-serif; font-size: 14pt;\">Dynamique lisse: fr\u00e9quence de rafra\u00eechissement \u22651920Hz assure des vid\u00e9os \/ animations sans clignotement et sans ondulation<\/span><\/p>\n<p style=\"text-align: center;\"><span style=\"font-family: helvetica, arial, sans-serif; font-size: 14pt;\">id\u00e9al pour les \u00e9missions en direct ou les spectacles de sc\u00e8ne o\u00f9 la clart\u00e9 sur la cam\u00e9ra est importante.<\/span><\/p>\n<p style=\"text-align: center;\"><span style=\"font-family: helvetica, arial, sans-serif; font-size: 14pt;\">16,7 millions de couleurs pleines avec haute fid\u00e9lit\u00e9. Calibration pixel par pixel (sur certains mod\u00e8les) <\/span><\/p>\n<p style=\"text-align: center;\"><span style=\"font-family: helvetica, arial, sans-serif; font-size: 14pt;\">corrige facilement l'\u00e9cart de couleur, gardant les images coh\u00e9rentes \u00e0 long terme.<\/span><\/p>\n<p style=\"text-align: center;\"><span style=\"font-family: helvetica, arial, sans-serif; font-size: 14pt;\">Lumi\u00e8re &amp; Angle adaptable: Les mod\u00e8les ext\u00e9rieurs offrent \u22655500 cd\/ \u33a1  luminosit\u00e9 <\/span><\/p>\n<p style=\"text-align: center;\"><span style=\"font-family: helvetica, arial, sans-serif; font-size: 14pt;\">(0-100% r\u00e9glable par logiciel) - clair dans la lumi\u00e8re du soleil, pas d'\u00e9blouissement la nuit.  100\u00b0-140\u00b0<\/span><\/p>\n<p style=\"text-align: center;\"><span style=\"font-family: helvetica, arial, sans-serif; font-size: 14pt;\"> grand angle de vision permet \u00e0 tout le monde de voir clairement, peu importe o\u00f9 ils se trouvent.<\/span><\/p>\n<p style=\"text-align: center;\"><span style=\"font-family: helvetica, arial, sans-serif; font-size: 14pt;\"><strong>4. Durable &amp; Stable pour une utilisation 24\/7<\/strong><\/span><\/p>\n<p style=\"text-align: center;\"><span style=\"font-family: helvetica, arial, sans-serif; font-size: 14pt;\">Il est con\u00e7u pour r\u00e9sister aux conditions ext\u00e9rieures, gr\u00e2ce \u00e0 un armoire scell\u00e9 avec protection IP65, ce qui \u00e9vite la pluie, <\/span><\/p>\n<p style=\"text-align: center;\"><span style=\"font-family: helvetica, arial, sans-serif; font-size: 14pt;\">poussi\u00e8re et humidit\u00e9, vous n\u2019avez donc pas \u00e0 vous soucier des dommages caus\u00e9s par les \u00e9l\u00e9ments. Les circuits ont \u00e9galement<\/span><\/p>\n<p style=\"text-align: center;\"><span style=\"font-family: helvetica, arial, sans-serif; font-size: 14pt;\"> un rev\u00eatement sp\u00e9cial qui lutte contre la corrosion, la statique et l'humidit\u00e9, rendant l'\u00e9cran fiable pendant des ann\u00e9es.<\/span><\/p>\n<p style=\"text-align: center;\"><span style=\"font-family: helvetica, arial, sans-serif; font-size: 14pt;\">Il supporte \u00e9galement des temp\u00e9ratures difficiles. Nous utilisons des sources d'alimentation de haut niveau et des puces IC de marques mondiales bien connues, <\/span><\/p>\n<p style=\"text-align: center;\"><span style=\"font-family: helvetica, arial, sans-serif; font-size: 14pt;\">il fonctionne donc r\u00e9guli\u00e8rement m\u00eame quand il fait aussi froid que -10 \u00b0 C ou aussi chaud que 50 \u00b0 C.<\/span><\/p>\n<p style=\"text-align: center;\"><span style=\"font-family: helvetica, arial, sans-serif; font-size: 14pt;\">De plus, certains mod\u00e8les sont \u00e9quip\u00e9s d'une double redondance pour l'alimentation et les signaux. Cela signifie que si une source d'alimentation ou un signal<\/span><\/p>\n<p style=\"text-align: center;\"><span style=\"font-family: helvetica, arial, sans-serif; font-size: 14pt;\">Le chemin cesse de fonctionner, l'autre se met tout de suite en marche - aucun blackout soudain pour g\u00e2cher votre \u00e9cran.<\/span><\/p>\n<p style=\"text-align: center;\"><span style=\"font-family: helvetica, arial, sans-serif;\"><strong>5. Basse entretien, haute valeur<\/strong><\/span><br \/>\n<span style=\"font-family: helvetica, arial, sans-serif;\">C'est vraiment bon pour rester frais - aucun probl\u00e8me de surchauffage ici. L'aluminium sous pression lui-m\u00eame laisse naturellement \u00e9chapper la chaleur,<\/span><\/p>\n<p style=\"text-align: center;\"><span style=\"font-family: helvetica, arial, sans-serif;\"> et si vous allez pour le mod\u00e8le ext\u00e9rieur, il vient m\u00eame avec des ventilateurs suppl\u00e9mentaires pour aider. De cette fa\u00e7on, l'\u00e9cran ne s'usure pas rapidement de trop chaud.<\/span><\/p>\n<p style=\"text-align: center;\"><span style=\"font-family: helvetica, arial, sans-serif;\">Les r\u00e9parations sont aussi une brise. Si quelque chose se casse, vous n'avez pas besoin de remplacer tout le cabinet - il suffit d'\u00e9changer le <\/span><\/p>\n<p style=\"text-align: center;\"><span style=\"font-family: helvetica, arial, sans-serif;\">module d\u00e9fectueux ou perle LED. Vous \u00e9conomisez beaucoup de temps et r\u00e9duisez \u00e9galement les co\u00fbts de r\u00e9paration.<\/span><\/p>\n<p style=\"text-align: center;\"><span style=\"font-family: helvetica, arial, sans-serif;\">Et les LEDs ? Ils sont construits pour aller la distance. Vous pouvez ex\u00e9cuter cet \u00e9cran 24\/7, jour apr\u00e8s jour, et ils vont<\/span><\/p>\n<p style=\"text-align: center;\"><span style=\"font-family: helvetica, arial, sans-serif;\"> maintenir pendant des ann\u00e9es. Pas besoin de d\u00e9penser de l'argent pour les remplacements fr\u00e9quents de LED plus tard.<\/span><\/p>\n<p style=\"text-align: center;\"><strong><span style=\"font-family: helvetica, arial, sans-serif; font-size: 14pt;\">Couverture de gamme de couleurs \u00e9lev\u00e9e<\/span><\/strong><\/p>\n<h5 class=\"header-iWP5WJ auto-hide-last-sibling-br\" style=\"text-align: center;\"><span style=\"font-family: helvetica, arial, sans-serif; font-size: 14pt;\">Traitement pr\u00e9cis des \u00e9chelles de gris<\/span><\/h5>\n<p style=\"text-align: center;\"><img fetchpriority=\"high\" decoding=\"async\" class=\"alignnone size-full wp-image-3074\" src=\"https:\/\/www.leyaled.com\/wp-content\/uploads\/2025\/10\/display-2.webp\" alt=\"\" width=\"800\" height=\"574\" srcset=\"https:\/\/www.leyaled.com\/wp-content\/uploads\/2025\/10\/display-2.webp 800w, https:\/\/www.leyaled.com\/wp-content\/uploads\/2025\/10\/display-2-300x215.webp 300w, https:\/\/www.leyaled.com\/wp-content\/uploads\/2025\/10\/display-2-768x551.webp 768w, https:\/\/www.leyaled.com\/wp-content\/uploads\/2025\/10\/display-2-600x431.webp 600w\" sizes=\"(max-width: 800px) 100vw, 800px\" \/><\/p>\n<p style=\"text-align: center;\"><strong><span style=\"font-family: helvetica, arial, sans-serif; font-size: 14pt;\">Corps ultra-mince \u00b7 Image HD<\/span><\/strong><\/p>\n<p style=\"text-align: center;\"><span style=\"font-size: 14pt; font-family: helvetica, arial, sans-serif;\">Body premium noir \u00e9l\u00e9gant, design minimaliste int\u00e9gr\u00e9 et texture l\u00e9g\u00e8re. L'image HD fournit <\/span><\/p>\n<p style=\"text-align: center;\"><span style=\"font-size: 14pt; font-family: helvetica, arial, sans-serif;\">reproduction des couleurs plus pr\u00e9cise pour une exp\u00e9rience de visualisation plus confortable.<\/span><\/p>\n<p style=\"text-align: center;\"><img decoding=\"async\" class=\"alignnone size-full wp-image-2905\" src=\"https:\/\/www.leyaled.com\/wp-content\/uploads\/2025\/11\/ing7-2.jpg\" alt=\"\" width=\"800\" height=\"800\" srcset=\"https:\/\/www.leyaled.com\/wp-content\/uploads\/2025\/11\/ing7-2.jpg 800w, https:\/\/www.leyaled.com\/wp-content\/uploads\/2025\/11\/ing7-2-300x300.jpg 300w, https:\/\/www.leyaled.com\/wp-content\/uploads\/2025\/11\/ing7-2-150x150.jpg 150w, https:\/\/www.leyaled.com\/wp-content\/uploads\/2025\/11\/ing7-2-768x768.jpg 768w, https:\/\/www.leyaled.com\/wp-content\/uploads\/2025\/11\/ing7-2-600x600.jpg 600w, https:\/\/www.leyaled.com\/wp-content\/uploads\/2025\/11\/ing7-2-100x100.jpg 100w\" sizes=\"(max-width: 800px) 100vw, 800px\" \/><\/p>\n<p style=\"text-align: center;\"><strong><span style=\"font-family: helvetica, arial, sans-serif; font-size: 14pt;\">Commodit\u00e9 illimit\u00e9e, contr\u00f4le intelligent<\/span><\/strong><\/p>\n<p style=\"text-align: center;\"><span style=\"font-family: helvetica, arial, sans-serif; font-size: 14pt;\">Connectez votre t\u00e9l\u00e9phone \u00e0 l'\u00e9cran mural LED via la fonction d'interconnexion mobile. <\/span><\/p>\n<p style=\"text-align: center;\"><span style=\"font-family: helvetica, arial, sans-serif; font-size: 14pt;\">Il suffit de vous connecter au Wi-Fi int\u00e9gr\u00e9, et vous pouvez rechercher rapidement et avec pr\u00e9cision vos films et fichiers de lecture souhait\u00e9s.<\/span><\/p>\n<p style=\"text-align: center;\"><img decoding=\"async\" class=\"alignnone size-full wp-image-3181\" src=\"https:\/\/www.leyaled.com\/wp-content\/uploads\/2025\/11\/display-p6-1.webp\" alt=\"\" width=\"800\" height=\"544\" srcset=\"https:\/\/www.leyaled.com\/wp-content\/uploads\/2025\/11\/display-p6-1.webp 800w, https:\/\/www.leyaled.com\/wp-content\/uploads\/2025\/11\/display-p6-1-300x204.webp 300w, https:\/\/www.leyaled.com\/wp-content\/uploads\/2025\/11\/display-p6-1-768x522.webp 768w, https:\/\/www.leyaled.com\/wp-content\/uploads\/2025\/11\/display-p6-1-600x408.webp 600w\" sizes=\"(max-width: 800px) 100vw, 800px\" \/><\/p>\n<p style=\"text-align: center;\"><span style=\"font-family: helvetica, arial, sans-serif; font-size: 14pt;\">Pourquoi choisir notre \u00e9cran LED en aluminium moul\u00e9 sous pression P6?<\/span><\/p>\n<p style=\"text-align: center;\"><span style=\"font-family: helvetica, arial, sans-serif; font-size: 14pt;\">Soutenu par 14 ans de LED R &amp; amp; D et exp\u00e9rience de mise en \u0153uvre de projet, nous offrons plus qu'un simple affichage - nous fournissons une solution compl\u00e8te, <\/span><\/p>\n<p style=\"text-align: center;\"><span style=\"font-family: helvetica, arial, sans-serif; font-size: 14pt;\">couvrant tout, du conseil technique avant vente au support apr\u00e8s-vente. Que vous ayez besoin d'un \u00e9cran unique ou d'un grand \u00e9cran<\/span><\/p>\n<p style=\"text-align: center;\"><span style=\"font-family: helvetica, arial, sans-serif; font-size: 14pt;\"> projet d'installation, nous pouvons l'adapter \u00e0 vos besoins sp\u00e9cifiques.<\/span><\/p>\n<table style=\"border-collapse: collapse; width: 91.4098%; height: 936px;\">\n<tbody>\n<tr style=\"height: 24px;\">\n<td style=\"width: 25%; text-align: center; height: 24px;\"><strong><b>\u00a0<\/b><\/strong><\/td>\n<td style=\"width: 25%; height: 24px; text-align: center;\"><strong><b>Nom du param\u00e8tre<\/b><\/strong><\/td>\n<td style=\"width: 41.3086%; height: 24px; text-align: center;\"><strong>Param\u00e8tres du produit<\/strong><\/td>\n<\/tr>\n<tr style=\"height: 24px;\">\n<td style=\"width: 25%; text-align: center; height: 144px;\" rowspan=\"6\"><strong><b>Composition du module<\/b><\/strong><\/td>\n<td style=\"width: 25%; height: 24px; text-align: center;\">Structure de pixel<\/td>\n<td style=\"width: 41.3086%; height: 24px; text-align: center;\">SMD2727\/1921 LED trois en un<\/td>\n<\/tr>\n<tr style=\"height: 24px;\">\n<td style=\"width: 25%; height: 24px; text-align: center;\">Pitch de pixel (mm)<\/td>\n<td style=\"width: 41.3086%; height: 24px; text-align: center;\">6<\/td>\n<\/tr>\n<tr style=\"height: 24px;\">\n<td style=\"width: 25%; height: 24px; text-align: center;\">\u00a0\u00a0\u00a0\u00a0\u00a0R\u00e9solution du module (W\u00d7H)<\/td>\n<td style=\"width: 41.3086%; height: 24px; text-align: center;\">\u00a032*16<\/td>\n<\/tr>\n<tr style=\"height: 24px;\">\n<td style=\"width: 25%; height: 24px; text-align: center;\">Dimensions du module (mm)<\/td>\n<td style=\"width: 41.3086%; text-align: center; height: 24px;\">320 (W) * 160 (H)<\/td>\n<\/tr>\n<tr style=\"height: 24px;\">\n<td style=\"width: 25%; height: 24px; text-align: center;\">Poids du module (kg)<\/td>\n<td style=\"width: 41.3086%; text-align: center; height: 24px;\">0.42<\/td>\n<\/tr>\n<tr style=\"height: 24px;\">\n<td style=\"width: 25%; height: 24px; text-align: center;\">ModuleMax. Consommation d'\u00e9nergie (W)<\/td>\n<td style=\"width: 41.3086%; text-align: center; height: 24px;\">40<\/td>\n<\/tr>\n<tr style=\"height: 24px;\">\n<td style=\"width: 25%; text-align: center; height: 216px;\" rowspan=\"9\"><strong>Composition du Cabinet<\/strong><\/td>\n<td style=\"width: 25%; text-align: center; height: 24px;\">Composition du module de cabinet (L \u00d7 H)<\/td>\n<td style=\"width: 41.3086%; text-align: center; height: 24px;\">3*6<\/td>\n<\/tr>\n<tr style=\"height: 24px;\">\n<td style=\"width: 25%; text-align: center; height: 24px;\">R\u00e9solution du cabinet (L \u00d7 H)<\/td>\n<td style=\"width: 41.3086%; text-align: center; height: 24px;\">96*96<\/td>\n<\/tr>\n<tr style=\"height: 24px;\">\n<td style=\"width: 25%; text-align: center; height: 24px;\">Dimensions du cabinet (mm)<\/td>\n<td style=\"width: 41.3086%; text-align: center; height: 24px;\">960 (L) \u00d7 960 (H) \u00d7 85 (D)<\/td>\n<\/tr>\n<tr style=\"height: 24px;\">\n<td style=\"width: 25%; text-align: center; height: 24px;\">Superficie du cabinet (m\u00b2)<\/td>\n<td style=\"width: 41.3086%; text-align: center; height: 24px;\">0.93<\/td>\n<\/tr>\n<tr style=\"height: 24px;\">\n<td style=\"width: 25%; text-align: center; height: 24px;\">Poids du cabinet (kg)<\/td>\n<td style=\"width: 41.3086%; text-align: center; height: 24px;\">15-18<\/td>\n<\/tr>\n<tr style=\"height: 24px;\">\n<td style=\"width: 25%; text-align: center; height: 24px;\">Densit\u00e9 de pixels de cabinet (points\/m\u00b2)<\/td>\n<td style=\"width: 41.3086%; text-align: center; height: 24px;\">10000<\/td>\n<\/tr>\n<tr style=\"height: 24px;\">\n<td style=\"width: 25%; text-align: center; height: 24px;\">Planitude du cabinet (mm)<\/td>\n<td style=\"width: 41.3086%; text-align: center; height: 24px;\">\u2264 0,1<\/td>\n<\/tr>\n<tr style=\"height: 24px;\">\n<td style=\"width: 25%; text-align: center; height: 24px;\">M\u00e9thode d'entretien<\/td>\n<td style=\"width: 41.3086%; text-align: center; height: 24px;\">Entretien arri\u00e8re<\/td>\n<\/tr>\n<tr style=\"height: 24px;\">\n<td style=\"width: 25%; text-align: center; height: 24px;\">Mat\u00e9riel de cabinet<\/td>\n<td style=\"width: 41.3086%; text-align: center; height: 24px;\">Fer\/Aluminium\/Profil<\/td>\n<\/tr>\n<tr style=\"height: 24px;\">\n<td style=\"width: 25%; text-align: center; height: 192px;\" rowspan=\"8\"><strong>Param\u00e8tres optiques<\/strong><\/td>\n<td style=\"width: 25%; text-align: center; height: 24px;\">Correction de luminosit\u00e9 \u00e0 point unique<\/td>\n<td style=\"width: 41.3086%; text-align: center; height: 24px;\">\/<\/td>\n<\/tr>\n<tr style=\"height: 24px;\">\n<td style=\"width: 25%; text-align: center; height: 24px;\">Correction de la chromaticit\u00e9 \u00e0 un seul point<\/td>\n<td style=\"width: 41.3086%; text-align: center; height: 24px;\">\/<\/td>\n<\/tr>\n<tr style=\"height: 24px;\">\n<td style=\"width: 25%; text-align: center; height: 24px;\">\u00c9quilibre des blancs Lumi\u00e8re (nits)<\/td>\n<td style=\"width: 41.3086%; text-align: center; height: 24px;\">\u2265 5500 - 7500<\/td>\n<\/tr>\n<tr style=\"height: 24px;\">\n<td style=\"width: 25%; text-align: center; height: 24px;\">Temp\u00e9rature de couleur (K)<\/td>\n<td style=\"width: 41.3086%; text-align: center; height: 24px;\">8000-10000<\/td>\n<\/tr>\n<tr style=\"height: 24px;\">\n<td style=\"width: 25%; text-align: center; height: 24px;\">Angle de vue (horizontal\/vertical \u00b0)<\/td>\n<td style=\"width: 41.3086%; text-align: center; height: 24px;\">120\/90<\/td>\n<\/tr>\n<tr style=\"height: 24px;\">\n<td style=\"width: 25%; text-align: center; height: 24px;\">D\u00e9viation du centre LED<\/td>\n<td style=\"width: 41.3086%; text-align: center; height: 24px;\">&lt; 3%<\/td>\n<\/tr>\n<tr style=\"height: 24px;\">\n<td style=\"width: 25%; text-align: center; height: 24px;\">Luminosit\u00e9\/Chromaticit\u00e9 Uniformit\u00e9<\/td>\n<td style=\"width: 41.3086%; text-align: center; height: 24px;\">\u2265 97%<\/td>\n<\/tr>\n<tr style=\"height: 24px;\">\n<td style=\"width: 25%; text-align: center; height: 24px;\">Ratio de contraste<\/td>\n<td style=\"width: 41.3086%; text-align: center; height: 24px;\">4000:1<\/td>\n<\/tr>\n<tr style=\"height: 24px;\">\n<td style=\"width: 25%; text-align: center; height: 96px;\" rowspan=\"4\"><strong>Param\u00e8tres \u00e9lectriques<\/strong><strong><br \/>\n<\/strong><\/td>\n<td style=\"width: 25%; height: 24px; text-align: center;\">Consommation d'\u00e9nergie maximale (W\/m\u00b2)<\/td>\n<td style=\"width: 41.3086%; height: 24px; text-align: center;\">850<\/td>\n<\/tr>\n<tr style=\"height: 24px;\">\n<td style=\"width: 25%; height: 24px; text-align: center;\">Consommation d'\u00e9nergie moyenne (W\/m\u00b2)<\/td>\n<td style=\"width: 41.3086%; height: 24px; text-align: center;\">350<\/td>\n<\/tr>\n<tr style=\"height: 24px;\">\n<td style=\"width: 25%; height: 24px; text-align: center;\">Exigence d'alimentation<\/td>\n<td style=\"width: 41.3086%; height: 24px; text-align: center;\">AC220V, Fr\u00e9quence 47-63 (Hz)<\/td>\n<\/tr>\n<tr style=\"height: 24px;\">\n<td style=\"width: 25%; height: 24px; text-align: center;\">Normes de s\u00e9curit\u00e9<\/td>\n<td style=\"width: 41.3086%; height: 24px; text-align: center;\">GB4943 \/ EN60950<\/td>\n<\/tr>\n<tr style=\"height: 24px;\">\n<td style=\"width: 25%; text-align: center; height: 168px;\" rowspan=\"7\"><strong>Performance de traitement<\/strong><br \/>\n<strong><br \/>\n<\/strong><\/td>\n<td style=\"width: 25%; text-align: center; height: 24px;\">Fr\u00e9quence de changement de cadre (Hz)<\/td>\n<td style=\"width: 41.3086%; height: 24px; text-align: center;\">50&amp; 60<\/td>\n<\/tr>\n<tr style=\"height: 24px;\">\n<td style=\"width: 25%; text-align: center; height: 24px;\">M\u00e9thode de conduite<\/td>\n<td style=\"width: 41.3086%; height: 24px; text-align: center;\">Drive \u00e0 courant constant, 2 balayages<\/td>\n<\/tr>\n<tr style=\"height: 24px;\">\n<td style=\"width: 25%; text-align: center; height: 24px;\">Niveaux d'\u00e9chelle de gris<\/td>\n<td style=\"width: 41.3086%; height: 24px; text-align: center;\">16384<\/td>\n<\/tr>\n<tr style=\"height: 24px;\">\n<td style=\"width: 25%; text-align: center; height: 24px;\">Taux de rafra\u00eechissement (Hz)<\/td>\n<td style=\"width: 41.3086%; height: 24px; text-align: center;\">\u2265 3840<\/td>\n<\/tr>\n<tr style=\"height: 24px;\">\n<td style=\"width: 25%; text-align: center; height: 24px;\">Profondeur de bit de traitement de couleur<\/td>\n<td style=\"width: 41.3086%; height: 24px; text-align: center;\">14 bits<\/td>\n<\/tr>\n<tr style=\"height: 24px;\">\n<td style=\"width: 25%; text-align: center; height: 24px;\">Module int\u00e9gr\u00e9 Fonction de stockage Power-off<\/td>\n<td style=\"width: 41.3086%; height: 24px; text-align: center;\">Enregistre la luminosit\u00e9, les donn\u00e9es de correction de chromaticit\u00e9, les param\u00e8tres du module<\/td>\n<\/tr>\n<tr style=\"height: 24px;\">\n<td style=\"width: 25%; text-align: center; height: 24px;\">Capacit\u00e9 de lecture vid\u00e9o<\/td>\n<td style=\"width: 41.3086%; height: 24px; text-align: center;\">Images 2K HD, 4K Ultra HD<\/td>\n<\/tr>\n<tr style=\"height: 24px;\">\n<td style=\"width: 25%; height: 96px; text-align: center;\" rowspan=\"4\"><strong>Param\u00e8tres d'utilisation<\/strong><\/td>\n<td style=\"width: 25%; text-align: center; height: 24px;\">Dur\u00e9e de vie typique (heures)<\/td>\n<td style=\"width: 41.3086%; height: 24px; text-align: center;\">50 000 H<\/td>\n<\/tr>\n<tr style=\"height: 24px;\">\n<td style=\"width: 25%; height: 24px; text-align: center;\">Plage de temp\u00e9rature de fonctionnement\/humidit\u00e9 (\u00b0C\/RH)<\/td>\n<td style=\"width: 41.3086%; height: 24px; text-align: center;\">-10 - 40 \/ 10% -80% RH (sans condensation)<\/td>\n<\/tr>\n<tr style=\"height: 24px;\">\n<td style=\"width: 25%; text-align: center; height: 24px;\">Plage de temp\u00e9rature\/humidit\u00e9 de stockage (\u00b0C\/RH)<\/td>\n<td style=\"width: 41.3086%; text-align: center; height: 24px;\">-20 - 60 \/ 10% -85% RH (non condensant)<\/td>\n<\/tr>\n<tr style=\"height: 24px;\">\n<td style=\"width: 25%; text-align: center; height: 24px;\">Normes applicables<\/td>\n<td style=\"width: 41.3086%; text-align: center; height: 24px;\">Le CCC,<\/td>\n<\/tr>\n<\/tbody>\n<\/table>\n<p style=\"text-align: center;\">","protected":false},"excerpt":{"rendered":"<p>Notre \u00e9cran LED en aluminium moul\u00e9 sous pression P6 est fiable en mati\u00e8re de mat\u00e9riau et de performance, parfait pour la publicit\u00e9 ext\u00e9rieure et les d\u00e9cors de sc\u00e8ne sans tracas. Son armoire en aluminium moul\u00e9 sous pression usin\u00e9 par CNC est robuste mais plus l\u00e9ger que les t\u00f4les traditionnelles - facile \u00e0 transporter par une seule personne, compatible avec le levage, l'empilage, le montage mural, m\u00eame les murs courbes - ce qui permet d'\u00e9conomiser des co\u00fbts de main-d'\u0153uvre d'installation et de logistique. Il offre un \u00e9pissage ultra-pr\u00e9cis (\u00e9carts inf\u00e9rieurs \u00e0 0,1 mm) avec des verrouillages rapides de 10 secondes et des r\u00e9glages fins pour une luminosit\u00e9\/couleur uniforme. Avec un taux de rafra\u00eechissement \u22651920Hz pour des vid\u00e9os lisses, 16,7 millions de couleurs pr\u00e9cises (\u00e9talonnage pixel par pixel sur certains mod\u00e8les), les versions ext\u00e9rieures ont \u22655500cd\/ \u33a1  luminosit\u00e9 dimmable et un angle de vision large de 100\u00b0-140\u00b0. Les mod\u00e8les ext\u00e9rieurs disposent d'une protection IP65, de cartes de circuits rev\u00eatus, d'alimentations\/circuits int\u00e9gr\u00e9s mondiaux premium, d'un fonctionnement stable 24 heures sur 24, 7 jours sur 7, de -10\u00b0C \u00e0 50\u00b0C (double sauvegarde sur certains mod\u00e8les), d'une bonne dissipation de chaleur (ventilateurs ext\u00e9rieurs suppl\u00e9mentaires en aluminium sous pression), de r\u00e9parations faciles (seuls les modules\/perles d\u00e9fectueux remplac\u00e9s) et de LED de longue dur\u00e9e pour des co\u00fbts d'entretien \u00e0 long terme faibles.<\/p>","protected":false},"featured_media":2910,"comment_status":"closed","ping_status":"closed","template":"","meta":[],"product_brand":[],"product_cat":[32,44,43,15],"product_tag":[],"class_list":{"0":"post-2901","1":"product","2":"type-product","3":"status-publish","4":"has-post-thumbnail","6":"product_cat-fixed-led-display","7":"product_cat-outdoor-fixed-installation","8":"product_cat-outdoor-led-display","9":"product_cat-standard-led-display","11":"first","12":"instock","13":"shipping-taxable","14":"product-type-simple"},"_links":{"self":[{"href":"https:\/\/www.leyaled.com\/fr\/wp-json\/wp\/v2\/product\/2901","targetHints":{"allow":["GET"]}}],"collection":[{"href":"https:\/\/www.leyaled.com\/fr\/wp-json\/wp\/v2\/product"}],"about":[{"href":"https:\/\/www.leyaled.com\/fr\/wp-json\/wp\/v2\/types\/product"}],"replies":[{"embeddable":true,"href":"https:\/\/www.leyaled.com\/fr\/wp-json\/wp\/v2\/comments?post=2901"}],"wp:featuredmedia":[{"embeddable":true,"href":"https:\/\/www.leyaled.com\/fr\/wp-json\/wp\/v2\/media\/2910"}],"wp:attachment":[{"href":"https:\/\/www.leyaled.com\/fr\/wp-json\/wp\/v2\/media?parent=2901"}],"wp:term":[{"taxonomy":"product_brand","embeddable":true,"href":"https:\/\/www.leyaled.com\/fr\/wp-json\/wp\/v2\/product_brand?post=2901"},{"taxonomy":"product_cat","embeddable":true,"href":"https:\/\/www.leyaled.com\/fr\/wp-json\/wp\/v2\/product_cat?post=2901"},{"taxonomy":"product_tag","embeddable":true,"href":"https:\/\/www.leyaled.com\/fr\/wp-json\/wp\/v2\/product_tag?post=2901"}],"curies":[{"name":"WP","href":"https:\/\/api.w.org\/{rel}","templated":true}]}}