{"id":2892,"date":"2025-11-06T14:05:58","date_gmt":"2025-11-06T06:05:58","guid":{"rendered":"https:\/\/www.leyaled.com\/?post_type=product&#038;p=2892"},"modified":"2025-12-09T15:57:12","modified_gmt":"2025-12-09T07:57:12","slug":"aluminum-profiles-p6-67","status":"publish","type":"product","link":"https:\/\/www.leyaled.com\/fr\/outdoor-special-led-screen\/aluminum-profiles-p6-67\/","title":{"rendered":"Profils en aluminium P6.67 \u00e0 louer"},"content":{"rendered":"<p style=\"text-align: center;\"><strong><span style=\"font-family: helvetica, arial, sans-serif; font-size: 14pt;\">Les \u00e9crans LED sont des produits sur mesure. Pour la personnalisation en plein \u00e9cran, veuillez contacter le service \u00e0 la client\u00e8le pour toute demande.<\/span><\/strong><\/p>\n<p style=\"text-align: center;\"><strong><span style=\"font-family: helvetica, arial, sans-serif; font-size: 14pt;\">Affichage LED de publicit\u00e9 ext\u00e9rieure<\/span><\/strong><\/p>\n<p style=\"text-align: center;\"><span style=\"font-family: helvetica, arial, sans-serif;\"><strong><span style=\"font-size: 14pt;\">L\u00e9ger &amp; Installation facile<\/span><\/strong> <\/span><br \/>\n<span style=\"font-family: helvetica, arial, sans-serif;\">plus l\u00e9ger que l'acier \u00e0 la m\u00eame r\u00e9sistance, les profils en aluminium r\u00e9duisent la charge globale des \u00e9crans LED. Cela r\u00e9duit la pression sur<\/span><\/p>\n<p style=\"text-align: center;\"><span style=\"font-family: helvetica, arial, sans-serif;\"> montage de structures comme les murs et les cadres en acier, tout en rendant le transport et l'assemblage sur place plus rapides - id\u00e9al <\/span><\/p>\n<p style=\"text-align: center;\"><span style=\"font-family: helvetica, arial, sans-serif;\">pour les grands \u00e9crans ext\u00e9rieurs et les \u00e9crans de location qui n\u00e9cessitent une mise en place et un d\u00e9montage rapides.<\/span><\/p>\n<p style=\"text-align: center;\"><strong><span style=\"font-family: helvetica, arial, sans-serif; font-size: 14pt;\">Haute r\u00e9sistance &amp; R\u00e9sistance \u00e0 la corrosion<\/span><\/strong><\/p>\n<p style=\"text-align: center;\"><span style=\"font-family: helvetica, arial, sans-serif; font-size: 14pt;\">Extrud\u00e9s et trait\u00e9s par oxydation ou rev\u00eatement pulv\u00e9ris\u00e9, les profils en aluminium pr\u00e9sentent une structure exceptionnelle <\/span><\/p>\n<p style=\"text-align: center;\"><span style=\"font-family: helvetica, arial, sans-serif; font-size: 14pt;\">stabilit\u00e9 et r\u00e9sistance \u00e0 la d\u00e9formation pour un fonctionnement fiable \u00e0 long terme. Avec une excellente anti-corrosion<\/span><\/p>\n<p style=\"text-align: center;\"><span style=\"font-family: helvetica, arial, sans-serif; font-size: 14pt;\"> et performance \u00e0 l'abri de la rouille, ils prosp\u00e8rent dans des conditions ext\u00e9rieures difficiles telles que <\/span><\/p>\n<p style=\"text-align: center;\"><span style=\"font-family: helvetica, arial, sans-serif; font-size: 14pt;\">humidit\u00e9 et spray de sel c\u00f4tier, prolongant la dur\u00e9e de vie de l'\u00e9cran LED.<\/span><\/p>\n<p style=\"text-align: center;\"><strong><span style=\"font-family: helvetica, arial, sans-serif; font-size: 14pt;\">Dissipation de chaleur sup\u00e9rieure<\/span><\/strong><\/p>\n<p style=\"text-align: center;\"><span style=\"font-family: helvetica, arial, sans-serif; font-size: 14pt;\">En tant qu'excellent conducteur thermique, les profils en aluminium transf\u00e8rent efficacement la chaleur g\u00e9n\u00e9r\u00e9e par les modules LED pendant le fonctionnement. <\/span><\/p>\n<p style=\"text-align: center;\"><span style=\"font-family: helvetica, arial, sans-serif; font-size: 14pt;\">Cela \u00e9vite les probl\u00e8mes li\u00e9s \u00e0 la surchauffe comme les pixels morts et le gel de l\u2019image, am\u00e9liorant la stabilit\u00e9 de fonctionnement de l\u2019\u00e9cran.<\/span><\/p>\n<p style=\"text-align: center;\"><strong><span style=\"font-family: helvetica, arial, sans-serif; font-size: 14pt;\">Production normalis\u00e9e et Compatibilit\u00e9 polyvalente<\/span><\/strong><\/p>\n<p style=\"text-align: center;\"><span style=\"font-family: helvetica, arial, sans-serif; font-size: 14pt;\">Des moules personnalis\u00e9s peuvent \u00eatre fabriqu\u00e9s pour correspondre aux tailles des armoires LED, permettant une production standardis\u00e9e et en masse <\/span><\/p>\n<p style=\"text-align: center;\"><span style=\"font-family: helvetica, arial, sans-serif; font-size: 14pt;\">avec une grande coh\u00e9rence du produit. Flexibles pour l'\u00e9pissage et la personnalisation, ils s'adaptent \u00e0 diverses conceptions d'\u00e9crans <\/span><\/p>\n<p style=\"text-align: center;\"><span style=\"font-family: helvetica, arial, sans-serif; font-size: 14pt;\">\u00e9crans rectangulaires standard \u00e0 \u00e9crans courbes de forme sp\u00e9ciale.<\/span><\/p>\n<p style=\"text-align: center;\"><strong><span style=\"font-family: helvetica, arial, sans-serif; font-size: 14pt;\">\u00c9conomique &amp; Faible entretien<\/span><\/strong><\/p>\n<p style=\"text-align: center;\"><span style=\"font-family: helvetica, arial, sans-serif; font-size: 14pt;\">Par rapport \u00e0 l'acier inoxydable et aux alliages, les profils en aluminium offrent une meilleure valeur pour les co\u00fbts d'approvisionnement et de traitement. <\/span><\/p>\n<p style=\"text-align: center;\"><span style=\"font-family: helvetica, arial, sans-serif; font-size: 14pt;\">Leur surface durable r\u00e9siste aux dommages, minimisant le besoin d'entretien fr\u00e9quent et <\/span><\/p>\n<p style=\"text-align: center;\"><span style=\"font-family: helvetica, arial, sans-serif; font-size: 14pt;\">r\u00e9duire le co\u00fbt total de propri\u00e9t\u00e9 des \u00e9crans LED.<\/span><\/p>\n<p style=\"text-align: center;\"><strong><span style=\"font-size: 14pt; font-family: helvetica, arial, sans-serif;\">Maintenance frontale et r\u00e9elle \u00c9cran \u00e0 \u00e9conomie d'\u00e9nergie haute luminosit\u00e9<\/span><\/strong><\/p>\n<p style=\"text-align: center;\"><img fetchpriority=\"high\" decoding=\"async\" class=\"alignnone size-full wp-image-3170\" src=\"https:\/\/www.leyaled.com\/wp-content\/uploads\/2025\/11\/p6.67-display.webp\" alt=\"\" width=\"800\" height=\"556\" srcset=\"https:\/\/www.leyaled.com\/wp-content\/uploads\/2025\/11\/p6.67-display.webp 800w, https:\/\/www.leyaled.com\/wp-content\/uploads\/2025\/11\/p6.67-display-300x209.webp 300w, https:\/\/www.leyaled.com\/wp-content\/uploads\/2025\/11\/p6.67-display-768x534.webp 768w, https:\/\/www.leyaled.com\/wp-content\/uploads\/2025\/11\/p6.67-display-600x417.webp 600w\" sizes=\"(max-width: 800px) 100vw, 800px\" \/><\/p>\n<p style=\"text-align: center;\"><strong><span style=\"font-family: helvetica, arial, sans-serif; font-size: 14pt;\">Taux de rafra\u00eechissement ultra-\u00e9lev\u00e9 pour des images claires et sans clignotement.<\/span><\/strong><\/p>\n<p style=\"text-align: center;\"><span style=\"font-family: helvetica, arial, sans-serif; font-size: 14pt;\">Dot\u00e9 d'un taux de rafra\u00eechissement de 3840 \u00e0 7680 Hz (beaucoup plus \u00e9lev\u00e9 que les \u00e9crans \u00e9piss\u00e9s standard),<\/span><\/p>\n<p style=\"text-align: center;\"><span style=\"font-family: helvetica, arial, sans-serif; font-size: 14pt;\"> il apporte des performances d'image plus nettes et plus lisses.<\/span><\/p>\n<p style=\"text-align: center;\"><img decoding=\"async\" class=\"alignnone size-full wp-image-3171\" src=\"https:\/\/www.leyaled.com\/wp-content\/uploads\/2025\/11\/p6.67-display-fot.webp\" alt=\"\" width=\"800\" height=\"584\" srcset=\"https:\/\/www.leyaled.com\/wp-content\/uploads\/2025\/11\/p6.67-display-fot.webp 800w, https:\/\/www.leyaled.com\/wp-content\/uploads\/2025\/11\/p6.67-display-fot-300x219.webp 300w, https:\/\/www.leyaled.com\/wp-content\/uploads\/2025\/11\/p6.67-display-fot-768x561.webp 768w, https:\/\/www.leyaled.com\/wp-content\/uploads\/2025\/11\/p6.67-display-fot-600x438.webp 600w\" sizes=\"(max-width: 800px) 100vw, 800px\" \/><\/p>\n<p style=\"text-align: center;\"><strong><span style=\"font-size: 14pt; font-family: helvetica, arial, sans-serif;\">Gamme de couleurs ultra large pour des images r\u00e9alistes et vibrantes.<\/span><\/strong><\/p>\n<p style=\"text-align: center;\"><img decoding=\"async\" class=\"alignnone size-full wp-image-3074\" src=\"https:\/\/www.leyaled.com\/wp-content\/uploads\/2025\/10\/display-2.webp\" alt=\"\" width=\"800\" height=\"574\" srcset=\"https:\/\/www.leyaled.com\/wp-content\/uploads\/2025\/10\/display-2.webp 800w, https:\/\/www.leyaled.com\/wp-content\/uploads\/2025\/10\/display-2-300x215.webp 300w, https:\/\/www.leyaled.com\/wp-content\/uploads\/2025\/10\/display-2-768x551.webp 768w, https:\/\/www.leyaled.com\/wp-content\/uploads\/2025\/10\/display-2-600x431.webp 600w\" sizes=\"(max-width: 800px) 100vw, 800px\" \/><\/p>\n<p style=\"text-align: center;\"><span style=\"font-size: 14pt;\"><strong><span style=\"font-family: helvetica, arial, sans-serif;\">\u00c9pincement sans soudure &amp; 4K Ultra HD : d\u00e9couvrez la beaut\u00e9 du r\u00e9alisme<\/span><\/strong><\/span><\/p>\n<p style=\"text-align: center;\"><span style=\"font-family: helvetica, arial, sans-serif; font-size: 14pt;\">La jonction sans couture des panneaux offre des images nettes et sans entrave avec des couleurs satur\u00e9es et un flou sans mouvement. <\/span><\/p>\n<p style=\"text-align: center;\"><span style=\"font-family: helvetica, arial, sans-serif; font-size: 14pt;\">Se vanter <\/span><span style=\"font-family: helvetica, arial, sans-serif; font-size: 14pt;\">R\u00e9solution 4K ultra HD, il offre une exp\u00e9rience de visualisation immersive et \u00e9tonnante.<\/span><\/p>\n<p style=\"text-align: center;\"><img loading=\"lazy\" decoding=\"async\" class=\"alignnone size-full wp-image-3172\" src=\"https:\/\/www.leyaled.com\/wp-content\/uploads\/2025\/11\/display-p6.67.webp\" alt=\"\" width=\"800\" height=\"1171\" srcset=\"https:\/\/www.leyaled.com\/wp-content\/uploads\/2025\/11\/display-p6.67.webp 800w, https:\/\/www.leyaled.com\/wp-content\/uploads\/2025\/11\/display-p6.67-205x300.webp 205w, https:\/\/www.leyaled.com\/wp-content\/uploads\/2025\/11\/display-p6.67-700x1024.webp 700w, https:\/\/www.leyaled.com\/wp-content\/uploads\/2025\/11\/display-p6.67-768x1124.webp 768w, https:\/\/www.leyaled.com\/wp-content\/uploads\/2025\/11\/display-p6.67-600x878.webp 600w\" sizes=\"(max-width: 800px) 100vw, 800px\" \/><\/p>\n<p style=\"text-align: center;\">\n<p style=\"text-align: center;\"><span style=\"font-family: helvetica, arial, sans-serif; font-size: 14pt;\">L'\u00e9cran LED P6 ext\u00e9rieur de FWS Technology est un choix intelligent et \u00e9conomique pour les installations commerciales de moyenne \u00e0 longue distance.<\/span><\/p>\n<p style=\"text-align: center;\"><span style=\"font-family: helvetica, arial, sans-serif; font-size: 14pt;\"> Il a un pas de pixels de 6 mm et environ 27 778 pixels par m\u00e8tre carr\u00e9, vous obtenez donc des images nettes et claires. <\/span><\/p>\n<p style=\"text-align: center;\"><span style=\"font-family: helvetica, arial, sans-serif; font-size: 14pt;\">vu de 6 \u00e0 30 m\u00e8tres - point doux total pour une utilisation ext\u00e9rieure.<\/span><\/p>\n<p style=\"text-align: center;\"><span style=\"font-family: helvetica, arial, sans-serif; font-size: 14pt;\">Mieux encore, il peut \u00eatre personnalis\u00e9 en formes courbes ou d'angle, s'adaptant parfaitement \u00e0 n'importe quel <\/span><\/p>\n<p style=\"text-align: center;\"><span style=\"font-family: helvetica, arial, sans-serif; font-size: 14pt;\">lignes du b\u00e2timent. Pas plus coinc\u00e9 avec des \u00e9crans rectangulaires simples, transformez vos id\u00e9es cr\u00e9atives en quelque chose de r\u00e9el.<\/span><\/p>\n<p><img loading=\"lazy\" decoding=\"async\" class=\"alignnone size-full wp-image-3070 aligncenter\" src=\"https:\/\/www.leyaled.com\/wp-content\/uploads\/2025\/10\/ing-2.webp\" alt=\"\" width=\"800\" height=\"533\" srcset=\"https:\/\/www.leyaled.com\/wp-content\/uploads\/2025\/10\/ing-2.webp 800w, https:\/\/www.leyaled.com\/wp-content\/uploads\/2025\/10\/ing-2-300x200.webp 300w, https:\/\/www.leyaled.com\/wp-content\/uploads\/2025\/10\/ing-2-768x512.webp 768w, https:\/\/www.leyaled.com\/wp-content\/uploads\/2025\/10\/ing-2-600x400.webp 600w\" sizes=\"(max-width: 800px) 100vw, 800px\" \/><\/p>\n<p style=\"text-align: center;\"><strong><span style=\"font-family: helvetica, arial, sans-serif; font-size: 14pt;\">Sc\u00e9narios d'application<\/span><\/strong><\/p>\n<p style=\"text-align: center;\"><span style=\"font-family: helvetica, arial, sans-serif; font-size: 14pt;\">Publicit\u00e9 &amp; M\u00e9dias | Exposition &amp; Affichage | Affichage commercial | Gouvernement et administration Image d'entreprise | Transport | etc.<\/span><\/p>\n<p>&nbsp;<\/p>\n<p style=\"text-align: center;\"><img loading=\"lazy\" decoding=\"async\" class=\"alignnone size-full wp-image-3065\" src=\"https:\/\/www.leyaled.com\/wp-content\/uploads\/2025\/10\/leddisplay.webp\" alt=\"\" width=\"805\" height=\"597\" srcset=\"https:\/\/www.leyaled.com\/wp-content\/uploads\/2025\/10\/leddisplay.webp 805w, https:\/\/www.leyaled.com\/wp-content\/uploads\/2025\/10\/leddisplay-300x222.webp 300w, https:\/\/www.leyaled.com\/wp-content\/uploads\/2025\/10\/leddisplay-768x570.webp 768w, https:\/\/www.leyaled.com\/wp-content\/uploads\/2025\/10\/leddisplay-600x445.webp 600w\" sizes=\"(max-width: 805px) 100vw, 805px\" \/><\/p>\n<div class=\"auto-hide-last-sibling-br paragraph-pP9ZLC paragraph-element br-paragraph-space\" style=\"text-align: center;\"><span style=\"font-family: helvetica, arial, sans-serif; font-size: 14pt;\">Vous voulez savoir \u00e0 quel point nos profils en aluminium sont l\u00e9gers? Bienvenue pour nous contacter!<\/span><\/div>\n<h3 class=\"header-iWP5WJ auto-hide-last-sibling-br\"><\/h3>","protected":false},"excerpt":{"rendered":"<p>L'\u00e9cran LED FWS P6.67 dispose d'un cadre de profil en aluminium premium. Sa conception l\u00e9g\u00e8re r\u00e9duit consid\u00e9rablement la charge de montage, facilitant ainsi le transport et l'assemblage sur place. Avec une excellente r\u00e9sistance \u00e0 la corrosion, il fonctionne parfaitement m\u00eame dans des conditions ext\u00e9rieures difficiles comme l'humidit\u00e9 c\u00f4ti\u00e8re et la lumi\u00e8re solaire extr\u00eame.<br \/>\nDot\u00e9 d'une dissipation de chaleur sup\u00e9rieure, il \u00e9vite les dysfonctionnements li\u00e9s \u00e0 la surchauffe et prolonge la dur\u00e9e de vie. Des conceptions courbes ou d'angle personnalis\u00e9es sont disponibles pour s'adapter \u00e0 diff\u00e9rents contours du b\u00e2timent, lib\u00e9rant ainsi les contraintes des \u00e9crans rectangulaires standard. Id\u00e9al pour la publicit\u00e9 ext\u00e9rieure, les promotions complexes commerciaux et les expositions culturelles, c\u2019est une solution rentable pour tous vos besoins de visualisation commerciale.<\/p>","protected":false},"featured_media":2900,"comment_status":"closed","ping_status":"closed","template":"","meta":[],"product_brand":[],"product_cat":[49,34],"product_tag":[],"class_list":{"0":"post-2892","1":"product","2":"type-product","3":"status-publish","4":"has-post-thumbnail","6":"product_cat-outdoor-special-led-screen","7":"product_cat-special-led-screen","9":"first","10":"instock","11":"shipping-taxable","12":"product-type-simple"},"_links":{"self":[{"href":"https:\/\/www.leyaled.com\/fr\/wp-json\/wp\/v2\/product\/2892","targetHints":{"allow":["GET"]}}],"collection":[{"href":"https:\/\/www.leyaled.com\/fr\/wp-json\/wp\/v2\/product"}],"about":[{"href":"https:\/\/www.leyaled.com\/fr\/wp-json\/wp\/v2\/types\/product"}],"replies":[{"embeddable":true,"href":"https:\/\/www.leyaled.com\/fr\/wp-json\/wp\/v2\/comments?post=2892"}],"wp:featuredmedia":[{"embeddable":true,"href":"https:\/\/www.leyaled.com\/fr\/wp-json\/wp\/v2\/media\/2900"}],"wp:attachment":[{"href":"https:\/\/www.leyaled.com\/fr\/wp-json\/wp\/v2\/media?parent=2892"}],"wp:term":[{"taxonomy":"product_brand","embeddable":true,"href":"https:\/\/www.leyaled.com\/fr\/wp-json\/wp\/v2\/product_brand?post=2892"},{"taxonomy":"product_cat","embeddable":true,"href":"https:\/\/www.leyaled.com\/fr\/wp-json\/wp\/v2\/product_cat?post=2892"},{"taxonomy":"product_tag","embeddable":true,"href":"https:\/\/www.leyaled.com\/fr\/wp-json\/wp\/v2\/product_tag?post=2892"}],"curies":[{"name":"WP","href":"https:\/\/api.w.org\/{rel}","templated":true}]}}