{"id":2880,"date":"2025-11-05T13:51:52","date_gmt":"2025-11-05T05:51:52","guid":{"rendered":"https:\/\/www.leyaled.com\/?post_type=product&#038;p=2880"},"modified":"2025-12-04T17:45:05","modified_gmt":"2025-12-04T09:45:05","slug":"stadium-screen","status":"publish","type":"product","link":"https:\/\/www.leyaled.com\/fr\/indoor-fixed-installation\/stadium-screen\/","title":{"rendered":"\u00e9cran du stade"},"content":{"rendered":"<p style=\"text-align: center;\"><span style=\"font-family: helvetica, arial, sans-serif; font-size: 14pt;\"><strong>Armoire en aluminium &amp; Protection fiable<\/strong><\/span><br \/>\n<span style=\"font-family: helvetica, arial, sans-serif;\">Ce produit dispose d'un armoire en alliage d'aluminium associ\u00e9 \u00e0 une plaque frontale douce moul\u00e9e sur mesure. Gr\u00e2ce \u00e0 sa sp\u00e9cialisation<\/span><\/p>\n<p style=\"text-align: center;\"><span style=\"font-family: helvetica, arial, sans-serif;\"> processus de fabrication, il offre une excellente r\u00e9sistance aux chocs. De plus, le rembourrage doux mont\u00e9 en haut emp\u00eache le joueur<\/span><\/p>\n<p style=\"text-align: center;\"><span style=\"font-family: helvetica, arial, sans-serif;\"> blessures en cas de collision accidentelle avec l'\u00e9cran sur le terrain.<\/span><\/p>\n<p style=\"text-align: center;\"><strong><span style=\"font-family: helvetica, arial, sans-serif; font-size: 14pt;\">Affichage de film transparentLED<\/span><\/strong><\/p>\n<p style=\"text-align: center;\"><span style=\"font-family: helvetica, arial, sans-serif;\">Affichage haute d\u00e9finition avant et arri\u00e8re Maintenance Installation Portabilit\u00e9<\/span><\/p>\n<p><img fetchpriority=\"high\" decoding=\"async\" class=\"size-full wp-image-3104 aligncenter\" src=\"https:\/\/www.leyaled.com\/wp-content\/uploads\/2025\/11\/display1-3.webp\" alt=\"\" width=\"800\" height=\"595\" srcset=\"https:\/\/www.leyaled.com\/wp-content\/uploads\/2025\/11\/display1-3.webp 800w, https:\/\/www.leyaled.com\/wp-content\/uploads\/2025\/11\/display1-3-300x223.webp 300w, https:\/\/www.leyaled.com\/wp-content\/uploads\/2025\/11\/display1-3-768x571.webp 768w, https:\/\/www.leyaled.com\/wp-content\/uploads\/2025\/11\/display1-3-600x446.webp 600w\" sizes=\"(max-width: 800px) 100vw, 800px\" \/><\/p>\n<p>&nbsp;<\/p>\n<p style=\"text-align: center;\"><img decoding=\"async\" class=\"alignnone size-full wp-image-3100\" src=\"https:\/\/www.leyaled.com\/wp-content\/uploads\/2025\/11\/display-.webp\" alt=\"\" width=\"800\" height=\"595\" srcset=\"https:\/\/www.leyaled.com\/wp-content\/uploads\/2025\/11\/display-.webp 800w, https:\/\/www.leyaled.com\/wp-content\/uploads\/2025\/11\/display--300x223.webp 300w, https:\/\/www.leyaled.com\/wp-content\/uploads\/2025\/11\/display--768x571.webp 768w, https:\/\/www.leyaled.com\/wp-content\/uploads\/2025\/11\/display--600x446.webp 600w\" sizes=\"(max-width: 800px) 100vw, 800px\" \/><\/p>\n<p style=\"text-align: center;\"><img decoding=\"async\" class=\"alignnone size-full wp-image-3101\" src=\"https:\/\/www.leyaled.com\/wp-content\/uploads\/2025\/11\/display-3.webp\" alt=\"\" width=\"800\" height=\"454\" srcset=\"https:\/\/www.leyaled.com\/wp-content\/uploads\/2025\/11\/display-3.webp 800w, https:\/\/www.leyaled.com\/wp-content\/uploads\/2025\/11\/display-3-300x170.webp 300w, https:\/\/www.leyaled.com\/wp-content\/uploads\/2025\/11\/display-3-768x436.webp 768w, https:\/\/www.leyaled.com\/wp-content\/uploads\/2025\/11\/display-3-600x341.webp 600w\" sizes=\"(max-width: 800px) 100vw, 800px\" \/><\/p>\n<p style=\"text-align: center;\"><strong><span style=\"font-family: helvetica, arial, sans-serif; font-size: 14pt;\">La technologie de conception du masque doux prot\u00e8ge mieux les athl\u00e8tes<\/span><\/strong><\/p>\n<p style=\"text-align: center;\"><span style=\"font-family: helvetica, arial, sans-serif;\">Le masque doux et le tampon protecteur doux sont con\u00e7us pour prot\u00e9ger la s\u00e9curit\u00e9 du personnel m\u00eame s'ils sont<\/span><\/p>\n<p style=\"text-align: center;\"><span style=\"font-family: helvetica, arial, sans-serif;\"> frapp\u00e9. Le module dispose de son propre stockage de donn\u00e9es d'\u00e9talonnage et importe automatiquement les donn\u00e9es lors du remplacement.<\/span><\/p>\n<p style=\"text-align: center;\"><img loading=\"lazy\" decoding=\"async\" class=\"alignnone size-full wp-image-3102\" src=\"https:\/\/www.leyaled.com\/wp-content\/uploads\/2025\/11\/display1-2.webp\" alt=\"\" width=\"800\" height=\"595\" srcset=\"https:\/\/www.leyaled.com\/wp-content\/uploads\/2025\/11\/display1-2.webp 800w, https:\/\/www.leyaled.com\/wp-content\/uploads\/2025\/11\/display1-2-300x223.webp 300w, https:\/\/www.leyaled.com\/wp-content\/uploads\/2025\/11\/display1-2-768x571.webp 768w, https:\/\/www.leyaled.com\/wp-content\/uploads\/2025\/11\/display1-2-600x446.webp 600w\" sizes=\"(max-width: 800px) 100vw, 800px\" \/><\/p>\n<p style=\"text-align: center;\"><span style=\"font-family: helvetica, arial, sans-serif;\">L'\u00e9cran est \u00e9tanche et a une classification IP65, ce qui lui permet de <\/span><\/p>\n<p style=\"text-align: center;\"><span style=\"font-family: helvetica, arial, sans-serif;\">pour continuer \u00e0 travailler m\u00eame par temps pluvieux.<\/span><\/p>\n<p style=\"text-align: center;\"><img loading=\"lazy\" decoding=\"async\" class=\"alignnone size-full wp-image-3103\" src=\"https:\/\/www.leyaled.com\/wp-content\/uploads\/2025\/11\/display2.jpg\" alt=\"\" width=\"800\" height=\"595\" srcset=\"https:\/\/www.leyaled.com\/wp-content\/uploads\/2025\/11\/display2.jpg 800w, https:\/\/www.leyaled.com\/wp-content\/uploads\/2025\/11\/display2-300x223.jpg 300w, https:\/\/www.leyaled.com\/wp-content\/uploads\/2025\/11\/display2-768x571.jpg 768w, https:\/\/www.leyaled.com\/wp-content\/uploads\/2025\/11\/display2-600x446.jpg 600w\" sizes=\"(max-width: 800px) 100vw, 800px\" \/><\/p>\n<p style=\"text-align: center;\"><span style=\"font-family: helvetica, arial, sans-serif;\">Le cadre de support arri\u00e8re peut \u00eatre ajust\u00e9 \u00e0 n'importe quel angle, de sorte que les utilisateurs peuvent <\/span><\/p>\n<p style=\"text-align: center;\"><span style=\"font-family: helvetica, arial, sans-serif;\">r\u00e9gler l'angle de vision de l'\u00e9cran pour obtenir de meilleurs effets d'affichage.<\/span><\/p>\n<p style=\"text-align: center;\"><img loading=\"lazy\" decoding=\"async\" class=\"alignnone size-full wp-image-3105\" src=\"https:\/\/www.leyaled.com\/wp-content\/uploads\/2025\/11\/display-4.webp\" alt=\"\" width=\"800\" height=\"595\" srcset=\"https:\/\/www.leyaled.com\/wp-content\/uploads\/2025\/11\/display-4.webp 800w, https:\/\/www.leyaled.com\/wp-content\/uploads\/2025\/11\/display-4-300x223.webp 300w, https:\/\/www.leyaled.com\/wp-content\/uploads\/2025\/11\/display-4-768x571.webp 768w, https:\/\/www.leyaled.com\/wp-content\/uploads\/2025\/11\/display-4-600x446.webp 600w\" sizes=\"(max-width: 800px) 100vw, 800px\" \/><\/p>\n<p style=\"text-align: center;\"><img loading=\"lazy\" decoding=\"async\" class=\"alignnone size-full wp-image-3106\" src=\"https:\/\/www.leyaled.com\/wp-content\/uploads\/2025\/11\/display-5.webp\" alt=\"\" width=\"800\" height=\"595\" srcset=\"https:\/\/www.leyaled.com\/wp-content\/uploads\/2025\/11\/display-5.webp 800w, https:\/\/www.leyaled.com\/wp-content\/uploads\/2025\/11\/display-5-300x223.webp 300w, https:\/\/www.leyaled.com\/wp-content\/uploads\/2025\/11\/display-5-768x571.webp 768w, https:\/\/www.leyaled.com\/wp-content\/uploads\/2025\/11\/display-5-600x446.webp 600w\" sizes=\"(max-width: 800px) 100vw, 800px\" \/><\/p>\n<p style=\"text-align: center;\"><span style=\"font-family: helvetica, arial, sans-serif;\">L'\u00e9cran du stade LED a la caract\u00e9ristique d'\u00e9pissage sans couture, qui peut briser la limitation de taille<\/span><\/p>\n<p style=\"text-align: center;\"><span style=\"font-family: helvetica, arial, sans-serif;\"> d'un seul \u00e9cran et former facilement un syst\u00e8me d'affichage ultra-grand couvrant n'importe quelle zone de \u200b\u200b Le stade.<\/span><\/p>\n<p>&nbsp;<\/p>\n<p style=\"text-align: center;\"><strong><span style=\"font-family: helvetica, arial, sans-serif; font-size: 14pt;\">Largement utilis\u00e9<\/span><\/strong><\/p>\n<p style=\"text-align: center;\"><span style=\"font-family: helvetica, arial, sans-serif;\">Convient pour les terrains de football, les terrains de basket-ball et d'autres sc\u00e8nes sportives<\/span><\/p>\n<p style=\"text-align: center;\"><img loading=\"lazy\" decoding=\"async\" class=\"alignnone size-full wp-image-3111\" src=\"https:\/\/www.leyaled.com\/wp-content\/uploads\/2025\/11\/display-6.webp\" alt=\"\" width=\"800\" height=\"812\" srcset=\"https:\/\/www.leyaled.com\/wp-content\/uploads\/2025\/11\/display-6.webp 800w, https:\/\/www.leyaled.com\/wp-content\/uploads\/2025\/11\/display-6-296x300.webp 296w, https:\/\/www.leyaled.com\/wp-content\/uploads\/2025\/11\/display-6-768x780.webp 768w, https:\/\/www.leyaled.com\/wp-content\/uploads\/2025\/11\/display-6-600x609.webp 600w\" sizes=\"(max-width: 800px) 100vw, 800px\" \/><\/p>\n<p style=\"text-align: center;\"><span style=\"font-family: helvetica, arial, sans-serif; font-size: 12pt;\">\u00c0 quelle hauteur peut atteindre la d\u00e9finition des \u00e9crans LED du stade?<\/span><\/p>\n<p style=\"text-align: center;\"><span style=\"font-family: helvetica, arial, sans-serif;\">La d\u00e9finition des \u00e9crans LED du stade est mesur\u00e9e par r\u00e9solution. Les mod\u00e8les mainstream prennent en charge la r\u00e9solution 4K, <\/span><\/p>\n<p style=\"text-align: center;\"><span style=\"font-family: helvetica, arial, sans-serif;\">tandis que les \u00e9crans accroch\u00e9s au centre dans les lieux haut de gamme \u00e9voluent vers la 8K. Affichages de tournoi haut de gamme : r\u00e9solution \u00e0 panneau unique<\/span><\/p>\n<p style=\"text-align: center;\"><span style=\"font-family: helvetica, arial, sans-serif;\"> peut d\u00e9passer 3000 \u00d7 1700 pixels, compatible avec l'entr\u00e9e de signal 4K.<\/span><\/p>\n<p style=\"text-align: center;\"><span style=\"font-family: helvetica, arial, sans-serif;\">Affichages standard FIFA : la haute d\u00e9finition est obtenue via l'\u00e9pissage de l'armoire, r\u00e9pondant aux besoins de l'affichage du score et de la r\u00e9p\u00e9tition<\/span><\/p>","protected":false},"excerpt":{"rendered":"<p>Les \u00e9crans LED du stade pr\u00e9sentent plusieurs avantages exceptionnels: luminosit\u00e9 allant de 5000 \u00e0 10000 nits, assurant une visibilit\u00e9 claire m\u00eame dans une lumi\u00e8re ext\u00e9rieure vive; des taux de rafra\u00eechissement de 1920Hz ou sup\u00e9rieurs \u00e9liminent efficacement le flou de mouvement et le fant\u00f4me, capturant avec pr\u00e9cision l'action en mouvement rapide; un large angle de vision d'environ 160\u00b0 assure une exp\u00e9rience de visionnement sup\u00e9rieure pour les spectateurs dans diff\u00e9rentes positions; excellentes performances de protection, g\u00e9n\u00e9ralement atteignant des niveaux de protection IP65 ou sup\u00e9rieurs, les rendant imperm\u00e9ables \u00e0 l'eau, \u00e0 la poussi\u00e8re et adaptables \u00e0 divers environnements ext\u00e9rieurs difficiles; certains produits disposent m\u00eame de boucliers faciaux en silicone r\u00e9sistants aux chocs pour prot\u00e9ger contre les chocs accidentels des joueurs; et un fonctionnement stable et fiable est garanti par des LED de montage en surface de haute qualit\u00e9, une excellente conception de PCB et des solutions \u00e0 double signal et \u00e0 double alimentation. En tant que type commun d'\u00e9cran LED p\u00e9riph\u00e9rique, install\u00e9 au bord du stade, il affiche non seulement des informations en temps r\u00e9el sur les matchs tels que les scores, le temps restant et les fautes, mais sert \u00e9galement de moyen publicitaire important, soulignant davantage sa valeur pratique.<\/p>","protected":false},"featured_media":2889,"comment_status":"closed","ping_status":"closed","template":"","meta":[],"product_brand":[],"product_cat":[32,45],"product_tag":[],"class_list":{"0":"post-2880","1":"product","2":"type-product","3":"status-publish","4":"has-post-thumbnail","6":"product_cat-fixed-led-display","7":"product_cat-indoor-fixed-installation","9":"first","10":"instock","11":"shipping-taxable","12":"product-type-simple"},"_links":{"self":[{"href":"https:\/\/www.leyaled.com\/fr\/wp-json\/wp\/v2\/product\/2880","targetHints":{"allow":["GET"]}}],"collection":[{"href":"https:\/\/www.leyaled.com\/fr\/wp-json\/wp\/v2\/product"}],"about":[{"href":"https:\/\/www.leyaled.com\/fr\/wp-json\/wp\/v2\/types\/product"}],"replies":[{"embeddable":true,"href":"https:\/\/www.leyaled.com\/fr\/wp-json\/wp\/v2\/comments?post=2880"}],"wp:featuredmedia":[{"embeddable":true,"href":"https:\/\/www.leyaled.com\/fr\/wp-json\/wp\/v2\/media\/2889"}],"wp:attachment":[{"href":"https:\/\/www.leyaled.com\/fr\/wp-json\/wp\/v2\/media?parent=2880"}],"wp:term":[{"taxonomy":"product_brand","embeddable":true,"href":"https:\/\/www.leyaled.com\/fr\/wp-json\/wp\/v2\/product_brand?post=2880"},{"taxonomy":"product_cat","embeddable":true,"href":"https:\/\/www.leyaled.com\/fr\/wp-json\/wp\/v2\/product_cat?post=2880"},{"taxonomy":"product_tag","embeddable":true,"href":"https:\/\/www.leyaled.com\/fr\/wp-json\/wp\/v2\/product_tag?post=2880"}],"curies":[{"name":"WP","href":"https:\/\/api.w.org\/{rel}","templated":true}]}}