{"id":2797,"date":"2025-10-31T14:28:32","date_gmt":"2025-10-31T06:28:32","guid":{"rendered":"https:\/\/www.leyaled.com\/?post_type=product&#038;p=2797"},"modified":"2025-12-08T11:08:52","modified_gmt":"2025-12-08T03:08:52","slug":"flexible-screen-p3-91","status":"publish","type":"product","link":"https:\/\/www.leyaled.com\/fr\/outdoor-flexible-display\/flexible-screen-p3-91\/","title":{"rendered":"LED \u00e9cran flexible"},"content":{"rendered":"<p style=\"text-align: center;\"><span style=\"font-family: helvetica, arial, sans-serif; font-size: 14pt;\"><strong>Flexibilit\u00e9 et pliable:<\/strong> Plier\/bouclier \u00e0 plusieurs angles \u2013 id\u00e9al pour les \u00e9tapes courbes, les fa\u00e7ades \u00e0 arc et installations sp\u00e9ciales<\/span><\/p>\n<p style=\"text-align: center;\"><span style=\"font-family: helvetica, arial, sans-serif; font-size: 14pt;\"><strong>Ultra-mince &amp; portable :<\/strong> 30 % plus l\u00e9ger que les \u00e9crans rigides, mince de 2 \u00e0 5 mm \u2013 facile \u00e0 transporter\/installer<\/span><\/p>\n<p style=\"text-align: center;\"><span style=\"font-family: helvetica, arial, sans-serif; font-size: 14pt;\"><strong>\u00c9pincement sans soudure:<\/strong> &lt; Espaces de 0,5 mm, visualisation sans interruption lisse<\/span><\/p>\n<p style=\"text-align: center;\"><span style=\"font-family: helvetica, arial, sans-serif; font-size: 14pt;\"><strong>Tough &amp; durable:<\/strong> Emballage flexible, r\u00e9sistant aux chocs et aux \u00e9clatures \u2013 supporte les conditions ext\u00e9rieures difficiles<\/span><\/p>\n<p style=\"text-align: center;\"><span style=\"font-family: helvetica, arial, sans-serif; font-size: 14pt;\"><strong>Formes personnalisables:<\/strong> Courbes, ondul\u00e9es, sph\u00e9riques &amp; autres designs cr\u00e9atifs pour des besoins uniques<\/span><\/p>\n<p style=\"text-align: center;\"><span style=\"font-family: helvetica, arial, sans-serif; font-size: 14pt;\"><strong>\u00c9conomie d'\u00e9nergie: 1<\/strong>5 \u00e0 20 % de moins de puissance par rapport aux \u00e9crans traditionnels \u2013 intelligent pour une utilisation \u00e0 long terme<\/span><\/p>\n<p style=\"text-align: center;\"><span style=\"font-family: helvetica, arial, sans-serif; font-size: 14pt;\"><strong>Excellente qualit\u00e9 d'image:<\/strong> Haute r\u00e9solution, contraste aigu, grands angles de vision &amp; couleurs pr\u00e9cises<\/span><\/p>\n<p style=\"text-align: center;\"><strong><span style=\"font-family: helvetica, arial, sans-serif; font-size: 14pt;\">Bendage arbitraire, angle de vision ultra-large, ultra-mince et ultra-l\u00e9ger<\/span><\/strong><\/p>\n<p style=\"text-align: center;\"><img fetchpriority=\"high\" decoding=\"async\" class=\"alignnone size-full wp-image-3081\" src=\"https:\/\/www.leyaled.com\/wp-content\/uploads\/2025\/10\/disp5.webp\" alt=\"\" width=\"800\" height=\"800\" srcset=\"https:\/\/www.leyaled.com\/wp-content\/uploads\/2025\/10\/disp5.webp 800w, https:\/\/www.leyaled.com\/wp-content\/uploads\/2025\/10\/disp5-300x300.webp 300w, https:\/\/www.leyaled.com\/wp-content\/uploads\/2025\/10\/disp5-150x150.webp 150w, https:\/\/www.leyaled.com\/wp-content\/uploads\/2025\/10\/disp5-768x768.webp 768w, https:\/\/www.leyaled.com\/wp-content\/uploads\/2025\/10\/disp5-600x600.webp 600w, https:\/\/www.leyaled.com\/wp-content\/uploads\/2025\/10\/disp5-100x100.webp 100w\" sizes=\"(max-width: 800px) 100vw, 800px\" \/><\/p>\n<p><img decoding=\"async\" class=\"size-full wp-image-3083 aligncenter\" src=\"https:\/\/www.leyaled.com\/wp-content\/uploads\/2025\/10\/display6.webp\" alt=\"\" width=\"800\" height=\"83\" srcset=\"https:\/\/www.leyaled.com\/wp-content\/uploads\/2025\/10\/display6.webp 800w, https:\/\/www.leyaled.com\/wp-content\/uploads\/2025\/10\/display6-300x31.webp 300w, https:\/\/www.leyaled.com\/wp-content\/uploads\/2025\/10\/display6-768x80.webp 768w, https:\/\/www.leyaled.com\/wp-content\/uploads\/2025\/10\/display6-600x62.webp 600w\" sizes=\"(max-width: 800px) 100vw, 800px\" \/><\/p>\n<p style=\"text-align: center;\"><span style=\"font-family: helvetica, arial, sans-serif;\">\u00e9pissage sans couture haute flexibilit\u00e9 libre-flexion<\/span><\/p>\n<p>&nbsp;<\/p>\n<p style=\"text-align: center;\"><img decoding=\"async\" class=\"alignnone size-full wp-image-3082\" src=\"https:\/\/www.leyaled.com\/wp-content\/uploads\/2025\/10\/display7.webp\" alt=\"\" width=\"800\" height=\"83\" srcset=\"https:\/\/www.leyaled.com\/wp-content\/uploads\/2025\/10\/display7.webp 800w, https:\/\/www.leyaled.com\/wp-content\/uploads\/2025\/10\/display7-300x31.webp 300w, https:\/\/www.leyaled.com\/wp-content\/uploads\/2025\/10\/display7-768x80.webp 768w, https:\/\/www.leyaled.com\/wp-content\/uploads\/2025\/10\/display7-600x62.webp 600w\" sizes=\"(max-width: 800px) 100vw, 800px\" \/><\/p>\n<p style=\"text-align: center;\"><span style=\"font-family: helvetica, arial, sans-serif;\">ultra-large angle de vision Design mince taux de rafra\u00eechissement \u00e9lev\u00e9<\/span><\/p>\n<p style=\"text-align: center;\"><span style=\"font-size: 14pt;\"><strong><span style=\"font-family: helvetica, arial, sans-serif;\">grande flexibilit\u00e9<\/span><\/strong><\/span><\/p>\n<p style=\"text-align: center;\"><span style=\"font-size: 14pt; font-family: helvetica, arial, sans-serif;\">\u00c9cran LED flexible peut \u00eatre con\u00e7u pour des occasions en forme<\/span><\/p>\n<p style=\"text-align: center;\"><img loading=\"lazy\" decoding=\"async\" class=\"alignnone size-full wp-image-3084\" src=\"https:\/\/www.leyaled.com\/wp-content\/uploads\/2025\/10\/display5.webp\" alt=\"\" width=\"800\" height=\"270\" srcset=\"https:\/\/www.leyaled.com\/wp-content\/uploads\/2025\/10\/display5.webp 800w, https:\/\/www.leyaled.com\/wp-content\/uploads\/2025\/10\/display5-300x101.webp 300w, https:\/\/www.leyaled.com\/wp-content\/uploads\/2025\/10\/display5-768x259.webp 768w, https:\/\/www.leyaled.com\/wp-content\/uploads\/2025\/10\/display5-600x203.webp 600w\" sizes=\"(max-width: 800px) 100vw, 800px\" \/><\/p>\n<p style=\"text-align: center;\"><strong><span style=\"font-size: 14pt;\"><span style=\"font-family: helvetica, arial, sans-serif;\">Libert\u00e9 de former<\/span><\/span><\/strong><\/p>\n<p style=\"text-align: center;\"><span style=\"font-family: helvetica, arial, sans-serif; font-size: 14pt;\">Convient \u00e0 tous les grands espaces, fa\u00e7onnage libre de style \u00e9cran<\/span><\/p>\n<p>&nbsp;<\/p>\n<p style=\"text-align: center;\"><img loading=\"lazy\" decoding=\"async\" class=\"alignnone size-full wp-image-3086\" src=\"https:\/\/www.leyaled.com\/wp-content\/uploads\/2025\/10\/display6-1.webp\" alt=\"\" width=\"800\" height=\"384\" srcset=\"https:\/\/www.leyaled.com\/wp-content\/uploads\/2025\/10\/display6-1.webp 800w, https:\/\/www.leyaled.com\/wp-content\/uploads\/2025\/10\/display6-1-300x144.webp 300w, https:\/\/www.leyaled.com\/wp-content\/uploads\/2025\/10\/display6-1-768x369.webp 768w, https:\/\/www.leyaled.com\/wp-content\/uploads\/2025\/10\/display6-1-600x288.webp 600w\" sizes=\"(max-width: 800px) 100vw, 800px\" \/><\/p>\n<p style=\"text-align: center;\"><span style=\"font-family: helvetica, arial, sans-serif;\">Style cylindrique Formulaire standard<\/span><\/p>\n<p style=\"text-align: center;\"><img loading=\"lazy\" decoding=\"async\" class=\"alignnone size-full wp-image-3085\" src=\"https:\/\/www.leyaled.com\/wp-content\/uploads\/2025\/10\/display7-1.webp\" alt=\"\" width=\"800\" height=\"387\" srcset=\"https:\/\/www.leyaled.com\/wp-content\/uploads\/2025\/10\/display7-1.webp 800w, https:\/\/www.leyaled.com\/wp-content\/uploads\/2025\/10\/display7-1-300x145.webp 300w, https:\/\/www.leyaled.com\/wp-content\/uploads\/2025\/10\/display7-1-768x372.webp 768w, https:\/\/www.leyaled.com\/wp-content\/uploads\/2025\/10\/display7-1-600x290.webp 600w\" sizes=\"(max-width: 800px) 100vw, 800px\" \/><\/p>\n<p style=\"text-align: center;\"><span style=\"font-family: helvetica, arial, sans-serif;\">cercle de trafic style Tunnel Arc<\/span><\/p>\n<p style=\"text-align: center;\"><span style=\"font-family: helvetica, arial, sans-serif; font-size: 14pt;\">Taux de rafra\u00eechissement jusqu'\u00e0 3840Hz, image plus claire, pas besoin de balayer la ligne<\/span><\/p>\n<p style=\"text-align: center;\"><img loading=\"lazy\" decoding=\"async\" class=\"alignnone size-full wp-image-3088\" src=\"https:\/\/www.leyaled.com\/wp-content\/uploads\/2025\/10\/display8.webp\" alt=\"\" width=\"800\" height=\"248\" srcset=\"https:\/\/www.leyaled.com\/wp-content\/uploads\/2025\/10\/display8.webp 800w, https:\/\/www.leyaled.com\/wp-content\/uploads\/2025\/10\/display8-300x93.webp 300w, https:\/\/www.leyaled.com\/wp-content\/uploads\/2025\/10\/display8-768x238.webp 768w, https:\/\/www.leyaled.com\/wp-content\/uploads\/2025\/10\/display8-600x186.webp 600w\" sizes=\"(max-width: 800px) 100vw, 800px\" \/><\/p>\n<p style=\"text-align: center;\"><span style=\"font-family: helvetica, arial, sans-serif;\">\u00a0 \u00a0 \u00a0 \u00a0 Taux de rafra\u00eechissement \u00e9lev\u00e9 Taux de rafra\u00eechissement faible\u00a0 \u00a0 \u00a0 \u00a0 \u00a0 \u00a0 \u00a0 \u00a0 \u00a0 \u00a0<\/span><\/p>\n<p style=\"text-align: center;\"><strong><span style=\"font-family: helvetica, arial, sans-serif; font-size: 14pt;\">Test de vieillissement<\/span><\/strong><\/p>\n<p style=\"text-align: center;\"><img loading=\"lazy\" decoding=\"async\" class=\"alignnone size-full wp-image-3087\" src=\"https:\/\/www.leyaled.com\/wp-content\/uploads\/2025\/10\/display1-1.webp\" alt=\"\" width=\"800\" height=\"684\" srcset=\"https:\/\/www.leyaled.com\/wp-content\/uploads\/2025\/10\/display1-1.webp 800w, https:\/\/www.leyaled.com\/wp-content\/uploads\/2025\/10\/display1-1-300x257.webp 300w, https:\/\/www.leyaled.com\/wp-content\/uploads\/2025\/10\/display1-1-768x657.webp 768w, https:\/\/www.leyaled.com\/wp-content\/uploads\/2025\/10\/display1-1-600x513.webp 600w\" sizes=\"(max-width: 800px) 100vw, 800px\" \/><\/p>\n<p style=\"text-align: center;\"><span style=\"font-family: helvetica, arial, sans-serif; font-size: 14pt;\">Voulez-vous en savoir plus sur d'autres \u00e9crans de forme irr\u00e9guli\u00e8re? N'h\u00e9sitez pas \u00e0 nous contacter.<\/span><\/p>","protected":false},"excerpt":{"rendered":"<p>Les \u00e9crans flexibles sont de v\u00e9ritables changeurs de jeu dans la technologie d'affichage - ils \u00e9cartent les limites rigides des \u00e9crans traditionnels, construits autour de substrats flexibles et d'\u00e9lectronique \u00e0 film mince pour une pliabilit\u00e9 et une moulabilit\u00e9 \u00e9tonnantes. Avec des substrats flexibles en polyimide, des dispositifs \u00e0 film mince OLED et des circuits pilotes compatibles, ils fonctionnent de mani\u00e8re fiable. Con\u00e7ues avec pr\u00e9cision, elles sont l\u00e9g\u00e8res, r\u00e9sistantes aux chocs, \u00e9conomisent de l\u2019\u00e9nergie, sont sensibles au tactile et se pr\u00e9sentent sous des formes infinies. Des smartphones et appareils portables aux lecteurs \u00e9lectroniques, aux \u00e9crans automobiles, aux espaces de vente au d\u00e9tail et aux installations de sc\u00e8ne, ils changent totalement la fa\u00e7on dont nous utilisons les \u00e9crans.<\/p>","protected":false},"featured_media":2816,"comment_status":"closed","ping_status":"closed","template":"","meta":[],"product_brand":[],"product_cat":[33,47],"product_tag":[],"class_list":{"0":"post-2797","1":"product","2":"type-product","3":"status-publish","4":"has-post-thumbnail","6":"product_cat-flexible-display","7":"product_cat-outdoor-flexible-display","9":"first","10":"instock","11":"shipping-taxable","12":"product-type-simple"},"_links":{"self":[{"href":"https:\/\/www.leyaled.com\/fr\/wp-json\/wp\/v2\/product\/2797","targetHints":{"allow":["GET"]}}],"collection":[{"href":"https:\/\/www.leyaled.com\/fr\/wp-json\/wp\/v2\/product"}],"about":[{"href":"https:\/\/www.leyaled.com\/fr\/wp-json\/wp\/v2\/types\/product"}],"replies":[{"embeddable":true,"href":"https:\/\/www.leyaled.com\/fr\/wp-json\/wp\/v2\/comments?post=2797"}],"wp:featuredmedia":[{"embeddable":true,"href":"https:\/\/www.leyaled.com\/fr\/wp-json\/wp\/v2\/media\/2816"}],"wp:attachment":[{"href":"https:\/\/www.leyaled.com\/fr\/wp-json\/wp\/v2\/media?parent=2797"}],"wp:term":[{"taxonomy":"product_brand","embeddable":true,"href":"https:\/\/www.leyaled.com\/fr\/wp-json\/wp\/v2\/product_brand?post=2797"},{"taxonomy":"product_cat","embeddable":true,"href":"https:\/\/www.leyaled.com\/fr\/wp-json\/wp\/v2\/product_cat?post=2797"},{"taxonomy":"product_tag","embeddable":true,"href":"https:\/\/www.leyaled.com\/fr\/wp-json\/wp\/v2\/product_tag?post=2797"}],"curies":[{"name":"WP","href":"https:\/\/api.w.org\/{rel}","templated":true}]}}