{"id":2776,"date":"2025-10-30T09:32:11","date_gmt":"2025-10-30T01:32:11","guid":{"rendered":"https:\/\/www.leyaled.com\/?post_type=product&#038;p=2776"},"modified":"2025-12-16T09:47:13","modified_gmt":"2025-12-16T01:47:13","slug":"indoor-p3-91","status":"publish","type":"product","link":"https:\/\/www.leyaled.com\/fr\/indoor-led-display\/indoor-p3-91\/","title":{"rendered":"Affichage int\u00e9rieur P3.91"},"content":{"rendered":"<table style=\"border-collapse: collapse; width: 91.0149%; height: 150px;\">\n<tbody>\n<tr style=\"height: 25px;\">\n<td style=\"width: 50%; text-align: center; height: 25px;\"><span style=\"font-family: impact, sans-serif;\">Product Model<\/span><\/td>\n<td style=\"width: 50%; text-align: center; height: 25px;\"><span style=\"font-family: impact, sans-serif;\">P3.91<\/span><\/td>\n<\/tr>\n<tr style=\"height: 25px;\">\n<td style=\"width: 50%; text-align: center; height: 25px;\"><span style=\"font-family: impact, sans-serif;\">Product Dimensions:<\/span><\/td>\n<td style=\"width: 50%; text-align: center; height: 25px;\"><span style=\"font-family: impact, sans-serif;\">(W]500mmx(H]500mmxt0]90mm\/[W]500mmx[H]1000mmx [0]90mm<\/span><\/td>\n<\/tr>\n<tr style=\"height: 25px;\">\n<td style=\"width: 50%; text-align: center; height: 25px;\"><span style=\"font-family: impact, sans-serif;\">Product weight<\/span><\/td>\n<td style=\"width: 50%; text-align: center; height: 25px;\"><span style=\"font-family: impact, sans-serif;\">7.5kg [500&#215;500 snecificatiom\/16kg [500&#215;1000 specificatiom]<\/span><\/td>\n<\/tr>\n<tr style=\"height: 25px;\">\n<td style=\"width: 50%; text-align: center; height: 25px;\"><span style=\"font-family: impact, sans-serif;\">Overall Dimensions<\/span><\/td>\n<td style=\"width: 50%; text-align: center; height: 25px;\"><span style=\"font-family: impact, sans-serif;\">Customized ner project<\/span><\/td>\n<\/tr>\n<tr style=\"height: 25px;\">\n<td style=\"width: 50%; text-align: center; height: 25px;\"><span style=\"font-family: impact, sans-serif;\">Splicing seam:<\/span><\/td>\n<td style=\"width: 50%; text-align: center; height: 25px;\"><span style=\"font-family: impact, sans-serif;\">Seamless $plicing<\/span><\/td>\n<\/tr>\n<tr style=\"height: 25px;\">\n<td style=\"width: 50%; text-align: center; height: 25px;\"><span style=\"font-family: impact, sans-serif;\">Applicable gcenarios:<\/span><\/td>\n<td style=\"width: 50%; height: 25px; text-align: center;\"><span style=\"font-family: impact, sans-serif;\">Stage\u3001Performance Radio &amp; Television\u3001 $tudios PromotionalEvents\u3001 Banquet Events<\/span><\/td>\n<\/tr>\n<\/tbody>\n<\/table>\n<h2 style=\"text-align: center;\"><span style=\"font-family: impact, sans-serif; font-size: 14pt;\">Indoor version:<span style=\"font-family: helvetica, arial, sans-serif;\"> 600-800 cd\/\u33a1 brightness \u2013 great for malls\/conference rooms, no glare.<\/span><\/span><br \/>\n<span style=\"font-family: impact, sans-serif; font-size: 14pt;\">Crisp display:<span style=\"font-family: helvetica, arial, sans-serif;\"> 65,536 dots\/\u33a1, 16-bit grayscale (28.1T colors), \u22651920Hz refresh (3840Hz premium). <\/span><\/span><\/h2>\n<h2 style=\"text-align: center;\"><span style=\"font-family: helvetica, arial, sans-serif; font-size: 14pt;\">Flicker-free, vivid colors, 140\u00b0H\/120\u00b0V wide view.<\/span><br \/>\n<span style=\"font-family: impact, sans-serif; font-size: 14pt;\">Use cases: <span style=\"font-family: helvetica, arial, sans-serif;\">TV studios, fitness screens, airport\/railway info, stadiums. Special models for <\/span><\/span><\/h2>\n<h2 style=\"text-align: center;\"><span style=\"font-family: helvetica, arial, sans-serif; font-size: 14pt;\">street ads, museum\/science center immersive displays.<\/span><\/h2>\n<h2><img fetchpriority=\"high\" decoding=\"async\" class=\"size-full wp-image-3042 aligncenter\" src=\"https:\/\/www.leyaled.com\/wp-content\/uploads\/2025\/10\/ingme.png\" alt=\"\" width=\"800\" height=\"1014\" srcset=\"https:\/\/www.leyaled.com\/wp-content\/uploads\/2025\/10\/ingme.png 800w, https:\/\/www.leyaled.com\/wp-content\/uploads\/2025\/10\/ingme-237x300.png 237w, https:\/\/www.leyaled.com\/wp-content\/uploads\/2025\/10\/ingme-768x973.png 768w, https:\/\/www.leyaled.com\/wp-content\/uploads\/2025\/10\/ingme-600x761.png 600w\" sizes=\"(max-width: 800px) 100vw, 800px\" \/><\/h2>\n<h2 style=\"text-align: center;\"><span style=\"font-family: impact, sans-serif; font-size: 36pt;\">Module Picture<\/span><\/h2>\n<p style=\"text-align: center;\"><span style=\"font-family: impact, sans-serif;\">Product Spacing\uff1a1.953p\u30012.604p\u30013.91p\u30014.81p\u00a0<\/span><\/p>\n<p><img decoding=\"async\" class=\"size-full wp-image-3037 aligncenter\" src=\"https:\/\/www.leyaled.com\/wp-content\/uploads\/2025\/10\/ing3-2.png\" alt=\"\" width=\"800\" height=\"473\" srcset=\"https:\/\/www.leyaled.com\/wp-content\/uploads\/2025\/10\/ing3-2.png 800w, https:\/\/www.leyaled.com\/wp-content\/uploads\/2025\/10\/ing3-2-300x177.png 300w, https:\/\/www.leyaled.com\/wp-content\/uploads\/2025\/10\/ing3-2-768x454.png 768w, https:\/\/www.leyaled.com\/wp-content\/uploads\/2025\/10\/ing3-2-600x355.png 600w\" sizes=\"(max-width: 800px) 100vw, 800px\" \/> <img decoding=\"async\" class=\"size-full wp-image-3038 aligncenter\" src=\"https:\/\/www.leyaled.com\/wp-content\/uploads\/2025\/10\/ing2-2.png\" alt=\"\" width=\"799\" height=\"474\" srcset=\"https:\/\/www.leyaled.com\/wp-content\/uploads\/2025\/10\/ing2-2.png 799w, https:\/\/www.leyaled.com\/wp-content\/uploads\/2025\/10\/ing2-2-300x178.png 300w, https:\/\/www.leyaled.com\/wp-content\/uploads\/2025\/10\/ing2-2-768x456.png 768w, https:\/\/www.leyaled.com\/wp-content\/uploads\/2025\/10\/ing2-2-600x356.png 600w\" sizes=\"(max-width: 799px) 100vw, 799px\" \/><\/p>\n<p>&nbsp;<\/p>\n<h2 style=\"text-align: center;\"><span style=\"font-family: impact, sans-serif; font-size: 36pt;\">Product Parameters<\/span><\/h2>\n<p>&nbsp;<\/p>\n<table style=\"border-collapse: collapse; width: 92.8196%; height: 157px;\">\n<tbody>\n<tr style=\"height: 24px;\">\n<td style=\"text-align: center; width: 27.1922%; height: 38px;\">Parameters<\/td>\n<td style=\"text-align: center; width: 23.6492%; height: 38px;\">Pixel Structrue<\/td>\n<td style=\"text-align: center; width: 24.7121%; height: 38px;\">Parameters Values<\/td>\n<td style=\"text-align: center; width: 43.667%; height: 38px;\">SMD1921 3 in 1 LED<\/td>\n<\/tr>\n<tr style=\"height: 24px;\">\n<td style=\"text-align: center; width: 27.1922%; height: 24px;\">Pixel Pitch\uff08mm\uff09<\/td>\n<td style=\"text-align: center; width: 23.6492%; height: 24px;\">3.91<\/td>\n<td style=\"text-align: center; width: 24.7121%; height: 24px;\">Module Definition\uff08W\u00d7H\uff09<\/td>\n<td style=\"text-align: center; width: 43.667%; height: 24px;\">64 \u00d7 64 = 4096<\/td>\n<\/tr>\n<tr style=\"height: 24px;\">\n<td style=\"text-align: center; width: 27.1922%; height: 24px;\">Module Size\uff08mm\uff09<\/td>\n<td style=\"text-align: center; width: 23.6492%; height: 24px;\">250\uff08W\uff09\u00d7 250\uff08H\uff09<\/td>\n<td style=\"text-align: center; width: 24.7121%; height: 24px;\">Refresh Rate\uff08Hz\uff09<\/td>\n<td style=\"text-align: center; width: 43.667%; height: 24px;\">3840Hz-7680Hz<\/td>\n<\/tr>\n<tr style=\"height: 24px;\">\n<td style=\"text-align: center; width: 27.1922%; height: 24px;\">Cabinet Module Composition\uff08W\u00d7H\uff09<\/td>\n<td style=\"text-align: center; width: 23.6492%; height: 24px;\">2 \u00d7 4<\/td>\n<td style=\"text-align: center; width: 24.7121%; height: 24px;\">Cabinet Definition \uff08W\u00d7H\uff09<\/td>\n<td style=\"text-align: center; width: 43.667%; height: 24px;\">128 \u00d7 256<\/td>\n<\/tr>\n<tr style=\"height: 24px;\">\n<td style=\"text-align: center; width: 27.1922%; height: 24px;\">Maintainece Method<\/td>\n<td style=\"text-align: center; width: 23.6492%; height: 24px;\">Matained from the Front \/ Behind<\/td>\n<td style=\"text-align: center; width: 24.7121%; height: 24px;\">Cabinet Size\uff08mm\uff09 (W\u00d7H\u00d7D)<\/td>\n<td style=\"text-align: center; width: 43.667%; height: 24px;\">500\uff08W\uff09\u00d7 1000\uff08H\uff09\u00d7 80\uff08D\uff09<\/td>\n<\/tr>\n<tr style=\"height: 24px;\">\n<td style=\"text-align: center; width: 27.1922%; height: 23px;\">Cabinet Material<\/td>\n<td style=\"text-align: center; width: 23.6492%; height: 23px;\">die-cast aluminum<\/td>\n<td style=\"text-align: center; width: 24.7121%; height: 23px;\">Cabinet Pixel Density \uff08Pixel\/m2\uff09<\/td>\n<td style=\"text-align: center; width: 43.667%; height: 23px;\">65,536<\/td>\n<\/tr>\n<\/tbody>\n<\/table>\n<h2 style=\"text-align: center;\"><span style=\"font-family: impact, sans-serif; font-size: 36pt;\">Installation to achieve seamless splicing<\/span><\/h2>\n<p style=\"text-align: center;\"><span style=\"font-size: 14pt;\">Hoisting installation, vertical installation<\/span><\/p>\n<p><img loading=\"lazy\" decoding=\"async\" class=\"size-full wp-image-3044 aligncenter\" src=\"https:\/\/www.leyaled.com\/wp-content\/uploads\/2025\/10\/display-led.webp\" alt=\"\" width=\"800\" height=\"556\" srcset=\"https:\/\/www.leyaled.com\/wp-content\/uploads\/2025\/10\/display-led.webp 800w, https:\/\/www.leyaled.com\/wp-content\/uploads\/2025\/10\/display-led-300x209.webp 300w, https:\/\/www.leyaled.com\/wp-content\/uploads\/2025\/10\/display-led-768x534.webp 768w, https:\/\/www.leyaled.com\/wp-content\/uploads\/2025\/10\/display-led-600x417.webp 600w\" sizes=\"(max-width: 800px) 100vw, 800px\" \/><\/p>\n<p style=\"text-align: center;\"><span style=\"font-size: 18pt;\">Light and thin box, easy to disassemble and assemble<\/span><\/p>\n<p style=\"text-align: center;\"><span style=\"font-size: 18pt;\">Adopting new structural design, beautiful appearance, not easy to deform and easy to splice<\/span><\/p>\n<p><img loading=\"lazy\" decoding=\"async\" class=\"size-full wp-image-3045 aligncenter\" src=\"https:\/\/www.leyaled.com\/wp-content\/uploads\/2025\/10\/display.webp\" alt=\"\" width=\"800\" height=\"466\" srcset=\"https:\/\/www.leyaled.com\/wp-content\/uploads\/2025\/10\/display.webp 800w, https:\/\/www.leyaled.com\/wp-content\/uploads\/2025\/10\/display-300x175.webp 300w, https:\/\/www.leyaled.com\/wp-content\/uploads\/2025\/10\/display-768x447.webp 768w, https:\/\/www.leyaled.com\/wp-content\/uploads\/2025\/10\/display-600x350.webp 600w\" sizes=\"(max-width: 800px) 100vw, 800px\" \/><\/p>\n<h2 style=\"text-align: center;\"><span style=\"font-family: impact, sans-serif; font-size: 36pt;\">Packing Method<\/span><\/h2>\n<p style=\"text-align: center;\"><span style=\"font-size: 14pt;\">We use premier cardboard and neutural packing to pack products. EPEcotton and cardboard corner<\/span><\/p>\n<p style=\"text-align: center;\"><span style=\"font-size: 14pt;\"> gurad are <\/span><span style=\"font-size: 14pt;\">installed inside to effectively avoid product damage inflicted by collision during transportation.<\/span><\/p>\n<p><img loading=\"lazy\" decoding=\"async\" class=\"size-full wp-image-3040 aligncenter\" src=\"https:\/\/www.leyaled.com\/wp-content\/uploads\/2025\/10\/ing.png\" alt=\"\" width=\"799\" height=\"256\" srcset=\"https:\/\/www.leyaled.com\/wp-content\/uploads\/2025\/10\/ing.png 799w, https:\/\/www.leyaled.com\/wp-content\/uploads\/2025\/10\/ing-300x96.png 300w, https:\/\/www.leyaled.com\/wp-content\/uploads\/2025\/10\/ing-768x246.png 768w, https:\/\/www.leyaled.com\/wp-content\/uploads\/2025\/10\/ing-600x192.png 600w\" sizes=\"(max-width: 799px) 100vw, 799px\" \/><\/p>\n<p style=\"text-align: center;\"><span style=\"font-family: impact, sans-serif;\">How is the brightness of the P3.91 LED screen?<\/span><\/p>\n<p style=\"text-align: center;\"><span style=\"font-family: impact, sans-serif;\"> Please feel free to contact us for further details.<\/span><\/p>\n","protected":false},"excerpt":{"rendered":"<p>L'\u00e9cran LED int\u00e9rieur haute d\u00e9finition P3.91 offre une qualit\u00e9 d'image \u00e9tonnamment nette gr\u00e2ce \u00e0 son pas de pixels de 3,91 mm. Il dispose d'une densit\u00e9 de pixels \u00e9lev\u00e9e, de couleurs riches et vives et d'un taux de rafra\u00eechissement \u00e9lev\u00e9, ce qui garantit une lecture fluide et stable du contenu dynamique. De plus, sa luminosit\u00e9 l\u00e9g\u00e8rement r\u00e9gl\u00e9e permet une exp\u00e9rience de visualisation confortable. Gr\u00e2ce \u00e0 la technologie d'\u00e9pissage sans soudure, cet \u00e9cran peut \u00eatre assembl\u00e9 de mani\u00e8re flexible en grands \u00e9crans immersifs, ce qui en fait le choix parfait pour les espaces int\u00e9rieurs haut de gamme tels que les showrooms d'entreprise, les salles de conf\u00e9rence et les studios.<\/p>","protected":false},"featured_media":2784,"comment_status":"closed","ping_status":"closed","template":"","meta":[],"product_brand":[],"product_cat":[42,15],"product_tag":[],"class_list":{"0":"post-2776","1":"product","2":"type-product","3":"status-publish","4":"has-post-thumbnail","6":"product_cat-indoor-led-display","7":"product_cat-standard-led-display","9":"first","10":"instock","11":"shipping-taxable","12":"product-type-simple"},"_links":{"self":[{"href":"https:\/\/www.leyaled.com\/fr\/wp-json\/wp\/v2\/product\/2776","targetHints":{"allow":["GET"]}}],"collection":[{"href":"https:\/\/www.leyaled.com\/fr\/wp-json\/wp\/v2\/product"}],"about":[{"href":"https:\/\/www.leyaled.com\/fr\/wp-json\/wp\/v2\/types\/product"}],"replies":[{"embeddable":true,"href":"https:\/\/www.leyaled.com\/fr\/wp-json\/wp\/v2\/comments?post=2776"}],"wp:featuredmedia":[{"embeddable":true,"href":"https:\/\/www.leyaled.com\/fr\/wp-json\/wp\/v2\/media\/2784"}],"wp:attachment":[{"href":"https:\/\/www.leyaled.com\/fr\/wp-json\/wp\/v2\/media?parent=2776"}],"wp:term":[{"taxonomy":"product_brand","embeddable":true,"href":"https:\/\/www.leyaled.com\/fr\/wp-json\/wp\/v2\/product_brand?post=2776"},{"taxonomy":"product_cat","embeddable":true,"href":"https:\/\/www.leyaled.com\/fr\/wp-json\/wp\/v2\/product_cat?post=2776"},{"taxonomy":"product_tag","embeddable":true,"href":"https:\/\/www.leyaled.com\/fr\/wp-json\/wp\/v2\/product_tag?post=2776"}],"curies":[{"name":"WP","href":"https:\/\/api.w.org\/{rel}","templated":true}]}}