{"id":2177,"date":"2025-10-09T17:04:11","date_gmt":"2025-10-09T09:04:11","guid":{"rendered":"https:\/\/www.leyaled.com\/?post_type=product&#038;p=2177"},"modified":"2025-12-11T14:43:22","modified_gmt":"2025-12-11T06:43:22","slug":"p3-91","status":"publish","type":"product","link":"https:\/\/www.leyaled.com\/fr\/outdoor-fixed-installation\/p3-91\/","title":{"rendered":"ext\u00e9rieur P3.91 \u00e0 louer"},"content":{"rendered":"<h5 class=\"header-iWP5WJ auto-hide-last-sibling-br\" style=\"text-align: center;\"><span style=\"font-family: helvetica, arial, sans-serif; font-size: 14pt;\">LED Ultra-Clear Location Grands \u00e9crans<\/span><\/h5>\n<p style=\"text-align: center;\"><span style=\"font-family: helvetica, arial, sans-serif; font-size: 14pt;\">avec une fonctionnalit\u00e9 facile \u00e0 installer<\/span><\/p>\n<h5 class=\"header-iWP5WJ auto-hide-last-sibling-br\" style=\"text-align: center;\"><span style=\"font-size: 14pt; font-family: helvetica, arial, sans-serif;\">Assemblable\u3001Large angle de vision\u3001Faible consommation d'\u00e9nergie<\/span><\/h5>\n<p style=\"text-align: center;\"><strong><span style=\"font-family: helvetica, arial, sans-serif; font-size: 14pt;\">1. Affichage ext\u00e9rieur id\u00e9al avec le pas de pixel P3.91<\/span><\/strong><\/p>\n<p style=\"text-align: center;\"><span style=\"font-family: helvetica, arial, sans-serif; font-size: 14pt;\">Avec un pas de pixel de 3,91 mm, il \u00e9quilibre bien la clart\u00e9 et la distance de vision.<\/span><\/p>\n<p style=\"text-align: center;\"><span style=\"font-family: helvetica, arial, sans-serif; font-size: 14pt;\"> Pour des \u00e9v\u00e9nements en plein air comme des concerts, des expositions et des roadshows, des textes, des logos et des vid\u00e9os dynamiques<\/span><\/p>\n<p style=\"text-align: center;\"><span style=\"font-family: helvetica, arial, sans-serif; font-size: 14pt;\"> sont tous clairs, et cela ne co\u00fbtera pas plus en raison de la densit\u00e9 de pixels trop \u00e9lev\u00e9e. M\u00eame en plein soleil, l'\u00e9cran<\/span><\/p>\n<p style=\"text-align: center;\"><span style=\"font-family: helvetica, arial, sans-serif; font-size: 14pt;\"> maintient un contraste \u00e9lev\u00e9, de sorte que le public peut voir clairement de 5 \u00e0 20 m\u00e8tres de distance.<\/span><\/p>\n<p style=\"text-align: center;\"><span style=\"font-size: 14pt;\"><strong><span style=\"font-family: helvetica, arial, sans-serif;\">2. R\u00e9sistant aux intemp\u00e9ries Durable pour une utilisation ext\u00e9rieure<\/span><\/strong><\/span><\/p>\n<p style=\"text-align: center;\"><span style=\"font-size: 14pt;\">Il a une classification IP65 ou plus \u00e9tanche \u00e0 la poussi\u00e8re et \u00e0 l'eau, de sorte qu'il peut r\u00e9sister \u00e0 la pluie, \u00e0 la poussi\u00e8re et soudainement<\/span><\/p>\n<p style=\"text-align: center;\"><span style=\"font-size: 14pt;\"> changements de temp\u00e9rature (fonctionne de -20 \u2103 \u00e0 50 \u2103). La surface de l'\u00e9cran est anti-UV<\/span><\/p>\n<p style=\"text-align: center;\"><span style=\"font-size: 14pt;\"> rev\u00eatement, de sorte qu'il ne deviendra pas jaune apr\u00e8s une longue exposition au soleil - cela est particuli\u00e8rement important pour les locations en plein air dans des zones ensoleill\u00e9es comme le Moyen-Orient.<\/span><\/p>\n<p style=\"text-align: center;\"><span style=\"font-size: 14pt;\"><strong><span style=\"font-family: helvetica, arial, sans-serif;\">3. l\u00e9ger &amp; Facile \u00e0 assembler\/d\u00e9monter<\/span><\/strong><\/span><\/p>\n<p style=\"text-align: center;\"><span style=\"font-size: 14pt;\">Le cabinet de location est fait d'alliage d'aluminium l\u00e9ger, seulement 8-10kg par unit\u00e9 - facile \u00e0 transporter<\/span><\/p>\n<p style=\"text-align: center;\"><span style=\"font-size: 14pt;\"> et le transport (\u00e9conomise des co\u00fbts logistiques pour les \u00e9v\u00e9nements temporaires). Les armoires se verrouillaient rapidement :<\/span><\/p>\n<p style=\"text-align: center;\"><span style=\"font-size: 14pt;\"> 2-3 personnes peuvent mettre un 50 \u33a1  \u00e9cran en 1-2 heures, parfait pour les locations en plein air qui ont besoin &#8220; installation rapide et d\u00e9molition. &#8221;<\/span><\/p>\n<p style=\"text-align: center;\"><span style=\"font-size: 14pt;\"><strong><span style=\"font-family: helvetica, arial, sans-serif;\">4. Taux de rafra\u00eechissement \u00e9lev\u00e9 &amp; Performance stable<\/span><\/strong><\/span><\/p>\n<p style=\"text-align: center;\"><span style=\"font-size: 14pt;\">Avec un taux de rafra\u00eechissement de \u22653840Hz, il n'y a pas de clignotement ou de flou de mouvement lors de la prise de vue avec des cam\u00e9ras ou des t\u00e9l\u00e9phones - c'est bon<\/span><\/p>\n<p style=\"text-align: center;\"><span style=\"font-size: 14pt;\"> pour les \u00e9v\u00e9nements qui n\u00e9cessitent une diffusion en direct ou une couverture m\u00e9diatique. Il dispose d'une alimentation \u00e9lectrique et de chaleur \u00e0 haut rendement int\u00e9gr\u00e9s<\/span><\/p>\n<p style=\"text-align: center;\"><span style=\"font-size: 14pt;\"> structure de dissipation, de sorte qu'il ne surchauffera pas m\u00eame s'il est utilis\u00e9 en continu pendant plus de 8 heures \u00e0 l'ext\u00e9rieur, r\u00e9duisant les risques de d\u00e9faillance pendant les locations.<\/span><\/p>\n<p style=\"text-align: center;\"><span style=\"font-family: helvetica, arial, sans-serif; font-size: 14pt;\"><strong>5. \u00e9pissage flexible pour les formes personnalis\u00e9es<\/strong><\/span><\/p>\n<p style=\"text-align: center;\"><span style=\"font-family: helvetica, arial, sans-serif; font-size: 14pt;\">Il prend en charge l'\u00e9pissage sans soudure (\u00e9cart \u22640.5mm) et peut \u00eatre fait en grands rectangles, arcs ou formes irr\u00e9guli\u00e8res bas\u00e9es sur <\/span><\/p>\n<p style=\"text-align: center;\"><span style=\"font-family: helvetica, arial, sans-serif; font-size: 14pt;\">besoins d'\u00e9v\u00e9nements, comme les d\u00e9cors de sc\u00e8ne ou les murs publicitaires ext\u00e9rieurs. La conception modulaire vous permet \u00e9galement de remplacer un seul d\u00e9fectueux<\/span><\/p>\n<p style=\"text-align: center;\"><span style=\"font-family: helvetica, arial, sans-serif; font-size: 14pt;\"> modules rapidement, sans impact sur tout l'\u00e9cran, aidant les entreprises de location \u00e0 r\u00e9duire les co\u00fbts de maintenance.<\/span><\/p>\n<p style=\"text-align: center;\"><img fetchpriority=\"high\" decoding=\"async\" class=\"alignnone size-full wp-image-3190\" src=\"https:\/\/www.leyaled.com\/wp-content\/uploads\/2025\/10\/outdoor-display1.webp\" alt=\"\" width=\"800\" height=\"752\" srcset=\"https:\/\/www.leyaled.com\/wp-content\/uploads\/2025\/10\/outdoor-display1.webp 800w, https:\/\/www.leyaled.com\/wp-content\/uploads\/2025\/10\/outdoor-display1-300x282.webp 300w, https:\/\/www.leyaled.com\/wp-content\/uploads\/2025\/10\/outdoor-display1-768x722.webp 768w, https:\/\/www.leyaled.com\/wp-content\/uploads\/2025\/10\/outdoor-display1-600x564.webp 600w\" sizes=\"(max-width: 800px) 100vw, 800px\" \/><\/p>\n<p style=\"text-align: center;\"><strong><span style=\"font-size: 14pt; font-family: helvetica, arial, sans-serif;\">Nos \u00e9crans de location \u00e0 LED disposent d'un espace extra grand \u00e0 l'arri\u00e8re <\/span><\/strong><\/p>\n<p style=\"text-align: center;\"><strong><span style=\"font-size: 14pt; font-family: helvetica, arial, sans-serif;\">couverture pour une meilleure dissipation de chaleur, id\u00e9ale pour les climats chauds<\/span><\/strong><\/p>\n<p style=\"text-align: center;\"><img decoding=\"async\" class=\"alignnone size-full wp-image-3191\" src=\"https:\/\/www.leyaled.com\/wp-content\/uploads\/2025\/10\/out-display.webp\" alt=\"\" width=\"800\" height=\"666\" srcset=\"https:\/\/www.leyaled.com\/wp-content\/uploads\/2025\/10\/out-display.webp 800w, https:\/\/www.leyaled.com\/wp-content\/uploads\/2025\/10\/out-display-300x250.webp 300w, https:\/\/www.leyaled.com\/wp-content\/uploads\/2025\/10\/out-display-768x639.webp 768w, https:\/\/www.leyaled.com\/wp-content\/uploads\/2025\/10\/out-display-600x500.webp 600w\" sizes=\"(max-width: 800px) 100vw, 800px\" \/><\/p>\n<p style=\"text-align: center;\"><strong><span style=\"font-family: helvetica, arial, sans-serif; font-size: 14pt;\">Taux de rafra\u00eechissement \u00e9lev\u00e9 pour une qualit\u00e9 d'image plus nette<\/span><\/strong><\/p>\n<p style=\"text-align: center;\"><span style=\"font-family: helvetica, arial, sans-serif; font-size: 14pt;\">Avec une fr\u00e9quence de rafra\u00eechissement de 3840 Hz, il dispose d'une vitesse de r\u00e9ponse rapide. L'\u00e9cran <\/span><\/p>\n<p style=\"text-align: center;\"><span style=\"font-family: helvetica, arial, sans-serif; font-size: 14pt;\">ne montre aucun flou de mouvement ou clignotement, offrant des images claires et stables.<\/span><\/p>\n<p style=\"text-align: center;\"><img decoding=\"async\" class=\"alignnone size-full wp-image-3074\" src=\"https:\/\/www.leyaled.com\/wp-content\/uploads\/2025\/10\/display-2.webp\" alt=\"\" width=\"800\" height=\"574\" srcset=\"https:\/\/www.leyaled.com\/wp-content\/uploads\/2025\/10\/display-2.webp 800w, https:\/\/www.leyaled.com\/wp-content\/uploads\/2025\/10\/display-2-300x215.webp 300w, https:\/\/www.leyaled.com\/wp-content\/uploads\/2025\/10\/display-2-768x551.webp 768w, https:\/\/www.leyaled.com\/wp-content\/uploads\/2025\/10\/display-2-600x431.webp 600w\" sizes=\"(max-width: 800px) 100vw, 800px\" \/><\/p>\n<p style=\"text-align: center;\"><strong><span style=\"font-size: 14pt; font-family: helvetica, arial, sans-serif;\">D\u00e9tail du produit Photos<\/span><\/strong><\/p>\n<p style=\"text-align: center;\"><img loading=\"lazy\" decoding=\"async\" class=\"alignnone size-full wp-image-3192\" src=\"https:\/\/www.leyaled.com\/wp-content\/uploads\/2025\/10\/outdoor.webp\" alt=\"\" width=\"800\" height=\"702\" srcset=\"https:\/\/www.leyaled.com\/wp-content\/uploads\/2025\/10\/outdoor.webp 800w, https:\/\/www.leyaled.com\/wp-content\/uploads\/2025\/10\/outdoor-300x263.webp 300w, https:\/\/www.leyaled.com\/wp-content\/uploads\/2025\/10\/outdoor-768x674.webp 768w, https:\/\/www.leyaled.com\/wp-content\/uploads\/2025\/10\/outdoor-600x527.webp 600w\" sizes=\"(max-width: 800px) 100vw, 800px\" \/><\/p>\n<p style=\"text-align: center;\"><span style=\"font-family: helvetica, arial, sans-serif; font-size: 14pt;\">Installation convenable<\/span><\/p>\n<p style=\"text-align: center;\"><img loading=\"lazy\" decoding=\"async\" class=\"alignnone size-full wp-image-3193\" src=\"https:\/\/www.leyaled.com\/wp-content\/uploads\/2025\/10\/display-outdoor.webp\" alt=\"\" width=\"800\" height=\"750\" srcset=\"https:\/\/www.leyaled.com\/wp-content\/uploads\/2025\/10\/display-outdoor.webp 800w, https:\/\/www.leyaled.com\/wp-content\/uploads\/2025\/10\/display-outdoor-300x281.webp 300w, https:\/\/www.leyaled.com\/wp-content\/uploads\/2025\/10\/display-outdoor-768x720.webp 768w, https:\/\/www.leyaled.com\/wp-content\/uploads\/2025\/10\/display-outdoor-600x563.webp 600w\" sizes=\"(max-width: 800px) 100vw, 800px\" \/><\/p>\n<table style=\"border-collapse: collapse; width: 84.4511%; height: 1104px;\">\n<tbody>\n<tr style=\"height: 44px;\">\n<td style=\"width: 58.4212%; text-align: center; height: 44px;\" colspan=\"2\"><strong><span style=\"font-size: 12pt;\">nom du param\u00e8tre<\/span><\/strong><\/td>\n<td style=\"width: 25.8263%; text-align: center; height: 44px;\" colspan=\"2\"><strong><span style=\"font-size: 12pt;\">Param\u00e8tres du produit<\/span><\/strong><\/td>\n<\/tr>\n<tr style=\"height: 29px;\">\n<td style=\"width: 28.1749%; height: 193px; text-align: center;\" rowspan=\"6\">Composition du module<\/td>\n<td style=\"height: 29px; width: 30.2463%; text-align: center;\" width=\"190\">structure du pixel<\/td>\n<td style=\"width: 25.8263%; height: 29px; text-align: center;\" colspan=\"2\">SMD1921 Trois en un LED<\/td>\n<\/tr>\n<tr style=\"height: 34px;\">\n<td style=\"height: 34px; width: 30.2463%; text-align: center;\" width=\"190\">pas de pixel (mm)<\/td>\n<td style=\"width: 25.8263%; height: 34px; text-align: center;\" colspan=\"2\">3.91<\/td>\n<\/tr>\n<tr style=\"height: 29px;\">\n<td style=\"height: 29px; width: 30.2463%; text-align: center;\" width=\"190\">R\u00e9solution du module (W x H)<\/td>\n<td style=\"width: 25.8263%; height: 29px; text-align: center;\" colspan=\"2\">64*64<\/td>\n<\/tr>\n<tr style=\"height: 35px;\">\n<td style=\"height: 35px; width: 30.2463%; text-align: center;\" width=\"190\">Dimensions du module (mm)<\/td>\n<td style=\"width: 25.8263%; height: 35px; text-align: center;\" colspan=\"2\">250 (W) * 250 (H)<\/td>\n<\/tr>\n<tr style=\"height: 33px;\">\n<td style=\"height: 33px; width: 30.2463%; text-align: center;\" width=\"190\">Poids du module (kg)<\/td>\n<td style=\"width: 25.8263%; height: 33px; text-align: center;\" colspan=\"2\">0.8<\/td>\n<\/tr>\n<tr style=\"height: 33px;\">\n<td style=\"height: 33px; width: 30.2463%; text-align: center;\" width=\"190\">Consommation maximale du module (W)<\/td>\n<td style=\"width: 25.8263%; height: 33px; text-align: center;\" colspan=\"2\">\u00a050<\/td>\n<\/tr>\n<tr style=\"height: 24px;\">\n<td style=\"width: 28.1749%; height: 226px; text-align: center;\" rowspan=\"10\">Formation de bo\u00eetes<\/td>\n<td style=\"width: 30.2463%; height: 24px; text-align: center;\">Composition du module de bo\u00eete (W \u00d7 H)<\/td>\n<td style=\"width: 13.3585%; height: 24px; text-align: center;\">2*2<\/td>\n<td style=\"width: 12.4678%; height: 24px; text-align: center;\">2*4<\/td>\n<\/tr>\n<tr style=\"height: 24px;\">\n<td style=\"height: 24px; width: 30.2463%; text-align: center;\" width=\"190\">R\u00e9solution de bo\u00eete (W x H)<\/td>\n<td style=\"height: 24px; width: 13.3585%; text-align: center;\" width=\"143\">128*128<\/td>\n<td style=\"height: 24px; width: 12.4678%; text-align: center;\" width=\"144\">128*256<\/td>\n<\/tr>\n<tr style=\"height: 24px;\">\n<td style=\"height: 24px; width: 30.2463%; text-align: center;\" width=\"190\">R\u00e9solution de bo\u00eete (W x H)<\/td>\n<td style=\"height: 24px; width: 13.3585%; text-align: center;\" width=\"143\">128*128<\/td>\n<td style=\"height: 24px; width: 12.4678%; text-align: center;\" width=\"144\">128*256<\/td>\n<\/tr>\n<tr style=\"height: 24px;\">\n<td style=\"height: 24px; width: 30.2463%; text-align: center;\" width=\"190\">Dimensions de la bo\u00eete (mm)<\/td>\n<td style=\"height: 24px; width: 13.3585%; text-align: center;\" width=\"143\">500*500*80<\/td>\n<td style=\"height: 24px; width: 12.4678%; text-align: center;\" width=\"144\">500*1000*80<\/td>\n<\/tr>\n<tr style=\"height: 24px;\">\n<td style=\"height: 24px; width: 30.2463%; text-align: center;\" width=\"190\">Zone de bo\u00eete (m)<sup>2<\/sup>) et<\/td>\n<td style=\"height: 24px; width: 13.3585%; text-align: center;\" width=\"143\">0.25<\/td>\n<td style=\"height: 24px; width: 12.4678%; text-align: center;\" width=\"144\">0.5<\/td>\n<\/tr>\n<tr style=\"height: 24px;\">\n<td style=\"height: 24px; width: 30.2463%; text-align: center;\" width=\"190\">Poids de la bo\u00eete (kg)<\/td>\n<td style=\"height: 24px; width: 13.3585%; text-align: center;\" width=\"143\">8<\/td>\n<td style=\"height: 24px; width: 12.4678%; text-align: center;\" width=\"144\">12<\/td>\n<\/tr>\n<tr style=\"height: 24px;\">\n<td style=\"width: 30.2463%; text-align: center; height: 24px;\">Densit\u00e9 de pixel de bo\u00eete (points\/m2)<\/td>\n<td style=\"width: 25.8263%; text-align: center; height: 24px;\" colspan=\"2\">65410<\/td>\n<\/tr>\n<tr style=\"height: 24px;\">\n<td style=\"width: 30.2463%; text-align: center; height: 24px;\">Planitude du corps de bo\u00eete (mm)<\/td>\n<td style=\"width: 25.8263%; text-align: center; height: 24px;\" colspan=\"2\">\u2264 0,1<\/td>\n<\/tr>\n<tr style=\"height: 10px;\">\n<td style=\"width: 30.2463%; text-align: center; height: 10px;\">M\u00e9thode d'entretien<\/td>\n<td style=\"width: 25.8263%; text-align: center; height: 10px;\" colspan=\"2\">post-entretien<\/td>\n<\/tr>\n<tr style=\"height: 24px;\">\n<td style=\"width: 30.2463%; text-align: center; height: 24px;\">Formation de bo\u00eetes<\/td>\n<td style=\"width: 25.8263%; text-align: center; height: 24px;\" colspan=\"2\">Fer\/Aluminium\/Profil<\/td>\n<\/tr>\n<tr style=\"height: 24px;\">\n<td style=\"width: 28.1749%; text-align: center; height: 216px;\" rowspan=\"8\">param\u00e8tres optiques<\/td>\n<td style=\"width: 30.2463%; text-align: center; height: 24px;\">Correction de luminosit\u00e9 en point unique<\/td>\n<td style=\"text-align: center; height: 24px; width: 25.8263%;\" colspan=\"2\">aucun<\/td>\n<\/tr>\n<tr style=\"height: 24px;\">\n<td style=\"width: 30.2463%; text-align: center; height: 24px;\">Correction de la chromaticit\u00e9 \u00e0 un seul point<\/td>\n<td style=\"text-align: center; height: 24px; width: 25.8263%;\" colspan=\"2\">aucun<\/td>\n<\/tr>\n<tr style=\"height: 24px;\">\n<td style=\"width: 30.2463%; text-align: center; height: 24px;\">\u00c9quilibre des blancs Lumi\u00e8re (nits)<\/td>\n<td style=\"text-align: center; height: 24px; width: 25.8263%;\" colspan=\"2\">\u2265 4500 - 7500<\/td>\n<\/tr>\n<tr style=\"height: 24px;\">\n<td style=\"width: 30.2463%; text-align: center; height: 24px;\">Temp\u00e9rature de couleur (K)<\/td>\n<td style=\"text-align: center; height: 24px; width: 25.8263%;\" colspan=\"2\">8000-10000<\/td>\n<\/tr>\n<tr style=\"height: 24px;\">\n<td style=\"width: 30.2463%; text-align: center; height: 24px;\">Perspective (horizontale\/verticale \u00b0)<\/td>\n<td style=\"text-align: center; width: 25.8263%; height: 24px;\" colspan=\"2\">140\/140<\/td>\n<\/tr>\n<tr style=\"height: 48px;\">\n<td style=\"width: 30.2463%; text-align: center; height: 48px;\">D\u00e9viation par rapport \u00e0 la distance centrale du point lumineux<\/td>\n<td style=\"text-align: center; width: 25.8263%; height: 48px;\" colspan=\"2\">&lt; 3%<\/td>\n<\/tr>\n<tr style=\"height: 24px;\">\n<td style=\"width: 30.2463%; text-align: center; height: 24px;\">Uniformit\u00e9 de luminosit\u00e9\/chromaticit\u00e9<\/td>\n<td style=\"text-align: center; width: 25.8263%; height: 24px;\" colspan=\"2\">\u2265 97%<\/td>\n<\/tr>\n<tr style=\"height: 24px;\">\n<td style=\"width: 30.2463%; text-align: center; height: 24px;\">Rapport de contraste<\/td>\n<td style=\"text-align: center; height: 24px; width: 25.8263%;\" colspan=\"2\">4000:1<\/td>\n<\/tr>\n<tr style=\"height: 49px;\">\n<td style=\"height: 121px; width: 28.1749%; text-align: center;\" rowspan=\"4\" width=\"100\">Param\u00e8tres \u00e9lectriques<\/td>\n<td style=\"width: 30.2463%; text-align: center; height: 49px;\">Consommation de puissance maximale (W\/m2)<\/td>\n<td style=\"width: 25.8263%; text-align: center; height: 49px;\" colspan=\"2\">500<\/td>\n<\/tr>\n<tr style=\"height: 24px;\">\n<td style=\"width: 30.2463%; text-align: center; height: 24px;\">Consommation moyenne (W\/m2)<\/td>\n<td style=\"text-align: center; width: 25.8263%; height: 24px;\" colspan=\"2\">300<\/td>\n<\/tr>\n<tr style=\"height: 24px;\">\n<td style=\"width: 30.2463%; text-align: center; height: 24px;\">Exigences en mati\u00e8re d'alimentation<\/td>\n<td style=\"width: 25.8263%; text-align: center; height: 24px;\" colspan=\"2\">AC220V, Fr\u00e9quence 47-63 (Hz)<\/td>\n<\/tr>\n<tr style=\"height: 24px;\">\n<td style=\"width: 30.2463%; text-align: center; height: 24px;\">fonctionnalit\u00e9s de s\u00e9curit\u00e9<\/td>\n<td style=\"text-align: center; height: 24px; width: 25.8263%;\" colspan=\"2\">GB4943 \/ EN60950<\/td>\n<\/tr>\n<tr style=\"height: 64px;\">\n<td style=\"height: 208px; width: 28.1749%; text-align: center;\" rowspan=\"7\" width=\"100\">Performance de traitement<\/td>\n<td style=\"width: 30.2463%; text-align: center; height: 64px;\">Fr\u00e9quence de commutation du cadre (Hz)<\/td>\n<td style=\"text-align: center; height: 64px; width: 25.8263%;\" colspan=\"2\">50&amp; 60<\/td>\n<\/tr>\n<tr style=\"height: 24px;\">\n<td style=\"width: 30.2463%; text-align: center; height: 24px;\">Mode d'entra\u00eenement<\/td>\n<td style=\"text-align: center; height: 24px; width: 25.8263%;\" colspan=\"2\">Drive \u00e0 courant constant, balayage 8\/16<\/td>\n<\/tr>\n<tr style=\"height: 24px;\">\n<td style=\"width: 30.2463%; text-align: center; height: 24px;\">Niveau de gris<\/td>\n<td style=\"text-align: center; height: 24px; width: 25.8263%;\" colspan=\"2\">16384<\/td>\n<\/tr>\n<tr style=\"height: 24px;\">\n<td style=\"width: 30.2463%; text-align: center; height: 24px;\">Taux de rafra\u00eechissement (Hz)<\/td>\n<td style=\"text-align: center; height: 24px; width: 25.8263%;\" colspan=\"2\">\u2265 3840<\/td>\n<\/tr>\n<tr style=\"height: 24px;\">\n<td style=\"width: 30.2463%; text-align: center; height: 24px;\">Nombre de bits de traitement des couleurs<\/td>\n<td style=\"text-align: center; height: 24px; width: 25.8263%;\" colspan=\"2\">14 bits<\/td>\n<\/tr>\n<tr style=\"height: 24px;\">\n<td style=\"width: 30.2463%; text-align: center; height: 24px;\">Le module est livr\u00e9 avec une fonction de stockage d'arr\u00eat int\u00e9gr\u00e9e<\/td>\n<td style=\"text-align: center; height: 24px; width: 25.8263%;\" colspan=\"2\">\u00c9conomisez les donn\u00e9es de correction de luminosit\u00e9 et de chromaticit\u00e9, les param\u00e8tres du module<\/td>\n<\/tr>\n<tr style=\"height: 24px;\">\n<td style=\"width: 30.2463%; text-align: center; height: 24px;\">Capacit\u00e9 de lecture vid\u00e9o<\/td>\n<td style=\"text-align: center; height: 24px; width: 25.8263%;\" colspan=\"2\">Image haute d\u00e9finition 2K, 4K ultra haute d\u00e9finition<\/td>\n<\/tr>\n<tr style=\"height: 24px;\">\n<td style=\"height: 96px; width: 28.1749%; text-align: center;\" rowspan=\"4\" width=\"100\">Utiliser les param\u00e8tres<\/td>\n<td style=\"width: 30.2463%; text-align: center; height: 24px;\">Valeur de dur\u00e9e de vie typique (heures)<\/td>\n<td style=\"text-align: center; height: 24px; width: 25.8263%;\" colspan=\"2\">50 000 H<\/td>\n<\/tr>\n<tr style=\"height: 24px;\">\n<td style=\"width: 30.2463%; text-align: center; height: 24px;\">Temp\u00e9rature de fonctionnement\/plage d'humidit\u00e9 (\u2103\/RH) Valeur de type (HR)<\/td>\n<td style=\"text-align: center; height: 24px; width: 25.8263%;\" colspan=\"2\">-10 \u2013 40 \/ 10% -80% RH (sans condensation)<\/td>\n<\/tr>\n<tr style=\"height: 24px;\">\n<td style=\"width: 30.2463%; text-align: center; height: 24px;\">Plage de temp\u00e9rature\/humidit\u00e9 de stockage (\u2103\/RH)<\/td>\n<td style=\"text-align: center; height: 24px; width: 25.8263%;\" colspan=\"2\">-20 \u2013 60 \/ 10% -85% RH (sans condensation)<\/td>\n<\/tr>\n<tr style=\"height: 24px;\">\n<td style=\"width: 30.2463%; text-align: center; height: 24px;\">Norme applicable<\/td>\n<td style=\"width: 25.8263%; text-align: center; height: 24px;\" colspan=\"2\">Le CCC,<\/td>\n<\/tr>\n<\/tbody>\n<\/table>\n<p>&nbsp;<\/p>","protected":false},"excerpt":{"rendered":"<p>\u00c9cran LED de location P3.91 ext\u00e9rieur: Protection IP65 de pas de pixel de 3.91mm l\u00e9ger &amp; Installation rapide, choix sup\u00e9rieur pour une utilisation temporaire en plein air<br \/>\nL'\u00e9cran LED de location P3.91 ext\u00e9rieur est con\u00e7u pour les besoins temporaires ext\u00e9rieurs, avec des caract\u00e9ristiques cl\u00e9s qui conviennent \u00e0 une utilisation r\u00e9elle: Son pas de pixel de 3,91 mm \u00e9quilibre bien la clart\u00e9 et le co\u00fbt. De 5 \u00e0 20 m\u00e8tres, le texte, les logos de marque et les vid\u00e9os dynamiques sont clairs - id\u00e9al pour les d\u00e9cors de concerts, les roadshows d'expositions et les publicit\u00e9s ext\u00e9rieures. Il a une protection IP65 imperm\u00e9able \u00e0 la poussi\u00e8re et \u00e0 l'eau, travaillant stablement de -20 \u2103 \u00e0 50 \u2103. La surface de l'\u00e9cran a un rev\u00eatement anti-UV - m\u00eame dans les endroits ensoleill\u00e9s et chauds comme le Moyen-Orient, il r\u00e9siste \u00e0 la pluie et \u00e0 la poussi\u00e8re et ne jaunira pas \u00e0 cause d'une longue exposition au soleil. Vous pouvez l'utiliser \u00e0 l'ext\u00e9rieur sans soucis. Le cabinet est en alliage d'aluminium l\u00e9ger, seulement 8-10kg chacun. 2-3 personnes peuvent assembler un 50 \u33a1  \u00e9cran en 1-2 heures, et il est facile de d\u00e9monter et de transporter, \u00e9conomisant beaucoup sur la logistique et la main-d'\u0153uvre. En outre, il peut \u00eatre \u00e9piss\u00e9 en rectangles, arcs et autres formes. Avec un taux de rafra\u00eechissement de \u22653840Hz, il n'y a pas de clignotement ou de flou lors de la prise de vue avec des t\u00e9l\u00e9phones ou des cam\u00e9ras, bon pour les flux en direct ou la couverture m\u00e9diatique. Si un module se casse, il suffit de le remplacer directement - cela n'affectera pas l'\u00e9cran entier, \u00e9conomisant aux entreprises de location beaucoup de probl\u00e8mes d'entretien et de co\u00fbts. Il r\u00e9pond pleinement aux besoins d'affichage temporaire ext\u00e9rieur.<\/p>","protected":false},"featured_media":2673,"comment_status":"closed","ping_status":"closed","template":"","meta":[],"product_brand":[],"product_cat":[32,44],"product_tag":[],"class_list":{"0":"post-2177","1":"product","2":"type-product","3":"status-publish","4":"has-post-thumbnail","6":"product_cat-fixed-led-display","7":"product_cat-outdoor-fixed-installation","9":"first","10":"instock","11":"shipping-taxable","12":"product-type-simple"},"_links":{"self":[{"href":"https:\/\/www.leyaled.com\/fr\/wp-json\/wp\/v2\/product\/2177","targetHints":{"allow":["GET"]}}],"collection":[{"href":"https:\/\/www.leyaled.com\/fr\/wp-json\/wp\/v2\/product"}],"about":[{"href":"https:\/\/www.leyaled.com\/fr\/wp-json\/wp\/v2\/types\/product"}],"replies":[{"embeddable":true,"href":"https:\/\/www.leyaled.com\/fr\/wp-json\/wp\/v2\/comments?post=2177"}],"wp:featuredmedia":[{"embeddable":true,"href":"https:\/\/www.leyaled.com\/fr\/wp-json\/wp\/v2\/media\/2673"}],"wp:attachment":[{"href":"https:\/\/www.leyaled.com\/fr\/wp-json\/wp\/v2\/media?parent=2177"}],"wp:term":[{"taxonomy":"product_brand","embeddable":true,"href":"https:\/\/www.leyaled.com\/fr\/wp-json\/wp\/v2\/product_brand?post=2177"},{"taxonomy":"product_cat","embeddable":true,"href":"https:\/\/www.leyaled.com\/fr\/wp-json\/wp\/v2\/product_cat?post=2177"},{"taxonomy":"product_tag","embeddable":true,"href":"https:\/\/www.leyaled.com\/fr\/wp-json\/wp\/v2\/product_tag?post=2177"}],"curies":[{"name":"WP","href":"https:\/\/api.w.org\/{rel}","templated":true}]}}