{"id":2173,"date":"2025-10-09T17:01:36","date_gmt":"2025-10-09T09:01:36","guid":{"rendered":"https:\/\/www.leyaled.com\/?post_type=product&#038;p=2173"},"modified":"2025-12-08T11:09:58","modified_gmt":"2025-12-08T03:09:58","slug":"profile-body","status":"publish","type":"product","link":"https:\/\/www.leyaled.com\/fr\/indoor-led-display\/profile-body\/","title":{"rendered":"Affichage LED en aluminium de profil"},"content":{"rendered":"<p style=\"text-align: center;\"><span style=\"font-family: helvetica, arial, sans-serif;\"><strong>Conception l\u00e9g\u00e8re: <\/strong>Adopte la conception du cadre en aluminium de profil, faisant le corps de l'\u00e9cran <\/span><\/p>\n<p style=\"text-align: center;\"><span style=\"font-family: helvetica, arial, sans-serif;\">mince et l\u00e9ger; \u00e9conomise de l'espace et des co\u00fbts, et est facile \u00e0 transporter et \u00e0 installer<\/span><\/p>\n<p style=\"text-align: center;\"><span style=\"font-family: helvetica, arial, sans-serif;\"><strong>Soutien d'entretien avant\/arri\u00e8re:<\/strong> Le produit prend en charge l'entretien avant et arri\u00e8re, <\/span><\/p>\n<p style=\"text-align: center;\"><span style=\"font-family: helvetica, arial, sans-serif;\">\u00e9conomiser de l'espace et des co\u00fbts de construction; am\u00e9liore l'efficacit\u00e9 de l'installation.<\/span><\/p>\n<p style=\"text-align: center;\"><span style=\"font-family: helvetica, arial, sans-serif;\"><strong>Ecologique\/haute luminosit\u00e9\/haute efficacit\u00e9 \u00e9nerg\u00e9tique:<\/strong> \u00c9quip\u00e9 d'alimentation \u00e0 tension divis\u00e9e <\/span><\/p>\n<p style=\"text-align: center;\"><span style=\"font-family: helvetica, arial, sans-serif;\">conception, avec une consommation d'\u00e9nergie moyenne maximale de seulement 200W; caract\u00e9ristiques haute luminosit\u00e9 <\/span><\/p>\n<p style=\"text-align: center;\"><span style=\"font-family: helvetica, arial, sans-serif;\">de plus de 6500 nits, r\u00e9alisant l'\u00e9cologie et l'efficacit\u00e9 \u00e9nerg\u00e9tique.<\/span><\/p>\n<p style=\"text-align: center;\"><span style=\"font-family: helvetica, arial, sans-serif;\"><strong>Installation facile:<\/strong> L'armoire peut \u00eatre empil\u00e9 ou soulev\u00e9, permettant une installation et un d\u00e9montage pratiques et rapides.<\/span><\/p>\n<p style=\"text-align: center;\"><span style=\"font-family: helvetica, arial, sans-serif;\"><strong>Angle de visualisation ultra-large\/oeil nu 3D:<\/strong> Poss\u00e8de un angle de vision ultra-large de 140\u00b0 (H \/ V);<\/span><\/p>\n<p style=\"text-align: center;\"><span style=\"font-family: helvetica, arial, sans-serif;\"> prend en charge l'\u00e9pissage \u00e0 angle droit et courb\u00e9, r\u00e9alisant facilement l'effet 3D \u00e0 l'oeil nu.<\/span><\/p>\n<p style=\"text-align: center;\"><span style=\"font-family: helvetica, arial, sans-serif;\"><strong>Haut contraste &amp; Couleurs vives:<\/strong> Offre des couleurs vives, d\u00e9licates et riches avec un rapport de contraste \u00e9lev\u00e9 allant jusqu'\u00e0 9500:1,<\/span><\/p>\n<p style=\"text-align: center;\"><span style=\"font-family: helvetica, arial, sans-serif;\"> gr\u00e2ce \u00e0 la conception du masque haute visi\u00e8re garantissant une excellente coh\u00e9rence des couleurs de l'encre; l'image est claire <\/span><\/p>\n<p style=\"text-align: center;\"><span style=\"font-family: helvetica, arial, sans-serif;\">et naturel, vous apportant une exp\u00e9rience de visualisation vive et vive.<\/span><\/p>\n<p style=\"text-align: center;\"><span style=\"font-family: helvetica, arial, sans-serif;\"><strong>Niveau de protection \u00e9lev\u00e9\/stable &amp; Fiable :<\/strong> Fabriqu\u00e9 en tissu anti-vieillissement haute r\u00e9sistance avec classification de protection IP65; coul\u00e9e sous pression <\/span><\/p>\n<p style=\"text-align: center;\"><span style=\"font-family: helvetica, arial, sans-serif;\">bo\u00eetier de fond en aluminium avec conception de nervure de dissipation de chaleur \u00e9lev\u00e9e assure une excellente<\/span><\/p>\n<p style=\"text-align: center;\"><span style=\"font-family: helvetica, arial, sans-serif;\"> performance de dissipation de chaleur et prolonge la dur\u00e9e de vie du corps d'\u00e9cran.<\/span><\/p>\n<p><img fetchpriority=\"high\" decoding=\"async\" class=\"size-full wp-image-3071 aligncenter\" src=\"https:\/\/www.leyaled.com\/wp-content\/uploads\/2025\/10\/ing3.webp\" alt=\"\" width=\"800\" height=\"654\" srcset=\"https:\/\/www.leyaled.com\/wp-content\/uploads\/2025\/10\/ing3.webp 800w, https:\/\/www.leyaled.com\/wp-content\/uploads\/2025\/10\/ing3-300x245.webp 300w, https:\/\/www.leyaled.com\/wp-content\/uploads\/2025\/10\/ing3-768x628.webp 768w, https:\/\/www.leyaled.com\/wp-content\/uploads\/2025\/10\/ing3-600x491.webp 600w\" sizes=\"(max-width: 800px) 100vw, 800px\" \/><\/p>\n<p><img decoding=\"async\" class=\"size-full wp-image-3070 aligncenter\" src=\"https:\/\/www.leyaled.com\/wp-content\/uploads\/2025\/10\/ing-2.webp\" alt=\"\" width=\"800\" height=\"533\" srcset=\"https:\/\/www.leyaled.com\/wp-content\/uploads\/2025\/10\/ing-2.webp 800w, https:\/\/www.leyaled.com\/wp-content\/uploads\/2025\/10\/ing-2-300x200.webp 300w, https:\/\/www.leyaled.com\/wp-content\/uploads\/2025\/10\/ing-2-768x512.webp 768w, https:\/\/www.leyaled.com\/wp-content\/uploads\/2025\/10\/ing-2-600x400.webp 600w\" sizes=\"(max-width: 800px) 100vw, 800px\" \/> <img decoding=\"async\" class=\"size-full wp-image-3072 aligncenter\" src=\"https:\/\/www.leyaled.com\/wp-content\/uploads\/2025\/10\/ing5.webp\" alt=\"\" width=\"800\" height=\"648\" srcset=\"https:\/\/www.leyaled.com\/wp-content\/uploads\/2025\/10\/ing5.webp 800w, https:\/\/www.leyaled.com\/wp-content\/uploads\/2025\/10\/ing5-300x243.webp 300w, https:\/\/www.leyaled.com\/wp-content\/uploads\/2025\/10\/ing5-768x622.webp 768w, https:\/\/www.leyaled.com\/wp-content\/uploads\/2025\/10\/ing5-600x486.webp 600w\" sizes=\"(max-width: 800px) 100vw, 800px\" \/><\/p>\n<p style=\"text-align: center;\"><span style=\"font-family: helvetica, arial, sans-serif; font-size: 14pt;\">Technologie haute luminosit\u00e9 et faible gris pour des d\u00e9tails plus clairs<\/span><\/p>\n<p style=\"text-align: center;\"><span style=\"font-family: helvetica, arial, sans-serif; font-size: 14pt;\">La luminosit\u00e9 peut \u00eatre ajust\u00e9e en fonction du<\/span><\/p>\n<p style=\"text-align: center;\"><span style=\"font-family: helvetica, arial, sans-serif; font-size: 14pt;\"> environnement (100-550nit) sans perdre l'\u00e9chelle de gris et la qualit\u00e9 de l'image.<\/span><\/p>\n<p style=\"text-align: center;\"><span style=\"font-family: helvetica, arial, sans-serif; font-size: 14pt;\">Haut taux de rafra\u00eechissement: 3840H<\/span><\/p>\n<p style=\"text-align: center;\"><img loading=\"lazy\" decoding=\"async\" class=\"alignnone size-full wp-image-3075\" src=\"https:\/\/www.leyaled.com\/wp-content\/uploads\/2025\/10\/display-3.webp\" alt=\"\" width=\"800\" height=\"648\" srcset=\"https:\/\/www.leyaled.com\/wp-content\/uploads\/2025\/10\/display-3.webp 800w, https:\/\/www.leyaled.com\/wp-content\/uploads\/2025\/10\/display-3-300x243.webp 300w, https:\/\/www.leyaled.com\/wp-content\/uploads\/2025\/10\/display-3-768x622.webp 768w, https:\/\/www.leyaled.com\/wp-content\/uploads\/2025\/10\/display-3-600x486.webp 600w\" sizes=\"(max-width: 800px) 100vw, 800px\" \/><\/p>\n<p style=\"text-align: center;\"><span style=\"font-family: helvetica, arial, sans-serif;\">\u00a0 \u00a0 \u00a0 Faible luminosit\u00e9 &amp;  &amp; \u00e9chelle de gris basse Haute luminosit\u00e9 &amp; \u00e9chelle de gris basse\u00a0<\/span><\/p>\n<p style=\"text-align: center;\"><span style=\"font-family: helvetica, arial, sans-serif;\">\u00a0 \u00a0 Perte importante de d\u00e9tails de la zone sombre Perte minimale de d\u00e9tails de la zone sombre<\/span><\/p>\n<p>&nbsp;<\/p>\n<p style=\"text-align: center;\"><span style=\"font-family: helvetica, arial, sans-serif; font-size: 14pt;\">Entretien avant et arri\u00e8re<\/span><\/p>\n<p style=\"text-align: center;\"><span style=\"font-family: helvetica, arial, sans-serif; font-size: 14pt;\">Montage rapide, d\u00e9montage et entretien de la bo\u00eete \u00e9lectrique et du module Module enti\u00e8rement scell\u00e9,<\/span><\/p>\n<p style=\"text-align: center;\"><span style=\"font-family: helvetica, arial, sans-serif; font-size: 14pt;\"> Soutient la maintenance avant et arri\u00e8re. Aucune maintenance AC n\u00e9cessaire<\/span><\/p>\n<p><img loading=\"lazy\" decoding=\"async\" class=\"size-full wp-image-3076 aligncenter\" src=\"https:\/\/www.leyaled.com\/wp-content\/uploads\/2025\/10\/ing22.webp\" alt=\"\" width=\"800\" height=\"638\" srcset=\"https:\/\/www.leyaled.com\/wp-content\/uploads\/2025\/10\/ing22.webp 800w, https:\/\/www.leyaled.com\/wp-content\/uploads\/2025\/10\/ing22-300x239.webp 300w, https:\/\/www.leyaled.com\/wp-content\/uploads\/2025\/10\/ing22-768x612.webp 768w, https:\/\/www.leyaled.com\/wp-content\/uploads\/2025\/10\/ing22-600x479.webp 600w\" sizes=\"(max-width: 800px) 100vw, 800px\" \/><\/p>\n<p style=\"text-align: center;\"><span style=\"font-family: helvetica, arial, sans-serif; font-size: 14pt;\">S\u00e9curit\u00e9<\/span><\/p>\n<p style=\"text-align: center;\"><span style=\"font-family: helvetica, arial, sans-serif; font-size: 14pt;\">Coque de fond en tout aluminium, point d'allumage \u00e9lev\u00e9, niveau de r\u00e9sistance au feu \u00e9lev\u00e9, peut passer le test d'incendie de l'agence TUV 5VB<\/span><\/p>\n<p>&nbsp;<\/p>\n<p style=\"text-align: center;\"><img loading=\"lazy\" decoding=\"async\" class=\"alignnone size-full wp-image-3077\" src=\"https:\/\/www.leyaled.com\/wp-content\/uploads\/2025\/10\/ing55.webp\" alt=\"\" width=\"800\" height=\"648\" srcset=\"https:\/\/www.leyaled.com\/wp-content\/uploads\/2025\/10\/ing55.webp 800w, https:\/\/www.leyaled.com\/wp-content\/uploads\/2025\/10\/ing55-300x243.webp 300w, https:\/\/www.leyaled.com\/wp-content\/uploads\/2025\/10\/ing55-768x622.webp 768w, https:\/\/www.leyaled.com\/wp-content\/uploads\/2025\/10\/ing55-600x486.webp 600w\" sizes=\"(max-width: 800px) 100vw, 800px\" \/><\/p>\n<p style=\"text-align: center;\"><span style=\"font-family: helvetica, arial, sans-serif; font-size: 14pt;\">Alimentation \u00e9lectrique double<\/span><\/p>\n<p style=\"text-align: center;\"><span style=\"font-family: helvetica, arial, sans-serif;\"><span style=\"font-size: 14pt;\">Alimentation \u00e0 double tension avec d\u00e9ploiement automatique et double fonction de sortie pour assurer la stabilit\u00e9 de l'alimentation<\/span> <\/span><\/p>\n<p style=\"text-align: center;\"><img loading=\"lazy\" decoding=\"async\" class=\"alignnone size-full wp-image-3078\" src=\"https:\/\/www.leyaled.com\/wp-content\/uploads\/2025\/10\/display-4.webp\" alt=\"\" width=\"800\" height=\"387\" srcset=\"https:\/\/www.leyaled.com\/wp-content\/uploads\/2025\/10\/display-4.webp 800w, https:\/\/www.leyaled.com\/wp-content\/uploads\/2025\/10\/display-4-300x145.webp 300w, https:\/\/www.leyaled.com\/wp-content\/uploads\/2025\/10\/display-4-768x372.webp 768w, https:\/\/www.leyaled.com\/wp-content\/uploads\/2025\/10\/display-4-600x290.webp 600w\" sizes=\"(max-width: 800px) 100vw, 800px\" \/><\/p>\n<p style=\"text-align: center;\"><span style=\"font-size: 12pt;\"><span style=\"font-family: helvetica, arial, sans-serif;\">Cabinet d'alimentation \u00a0 \u00a0 \u00a0 <\/span>\u00a0<\/span><\/p>\n<p style=\"text-align: center;\"><span style=\"font-family: helvetica, arial, sans-serif; font-size: 14pt;\">Sc\u00e9narios d'application: <\/span><\/p>\n<p style=\"text-align: center;\"><span style=\"font-family: helvetica, arial, sans-serif;\">Publicit\u00e9 &amp; M\u00e9dias | Exposition &amp; Affichage | Affichage commercial | Gouvernement et administration Image d'entreprise | Transport | etc.<\/span><\/p>\n<p style=\"text-align: center;\"><img loading=\"lazy\" decoding=\"async\" class=\"alignnone size-full wp-image-3079\" src=\"https:\/\/www.leyaled.com\/wp-content\/uploads\/2025\/10\/display3-1.webp\" alt=\"\" width=\"800\" height=\"800\" srcset=\"https:\/\/www.leyaled.com\/wp-content\/uploads\/2025\/10\/display3-1.webp 800w, https:\/\/www.leyaled.com\/wp-content\/uploads\/2025\/10\/display3-1-300x300.webp 300w, https:\/\/www.leyaled.com\/wp-content\/uploads\/2025\/10\/display3-1-150x150.webp 150w, https:\/\/www.leyaled.com\/wp-content\/uploads\/2025\/10\/display3-1-768x768.webp 768w, https:\/\/www.leyaled.com\/wp-content\/uploads\/2025\/10\/display3-1-600x600.webp 600w, https:\/\/www.leyaled.com\/wp-content\/uploads\/2025\/10\/display3-1-100x100.webp 100w\" sizes=\"(max-width: 800px) 100vw, 800px\" \/><\/p>\n<p style=\"text-align: center;\"><span style=\"font-family: helvetica, arial, sans-serif;\">Quelle est la dur\u00e9e de vie du profil LED en aluminium? N'h\u00e9sitez pas \u00e0 nous contacter.<\/span><\/p>","protected":false},"excerpt":{"rendered":"<p>Nos armoires en aluminium profil\u00e9 sont 15% plus l\u00e9gers que les mod\u00e8les standard, de plus ils offrent une dissipation de chaleur de premier ordre et r\u00e9pondent aux normes \u00e9tanches IP65 compl\u00e8tes.<br \/>\nL'entretien avant et arri\u00e8re est pris en charge, ce qui rend l'entretien sur place facile.<br \/>\nVous obtiendrez une qualit\u00e9 d\u2019image \u00e9tonnante : taux de rafra\u00eechissement de 3840 Hz, rapport de contraste de 10000:1, \u00e9chelle de gris de 16 bits et angle de vision large de 160\u00b0.<br \/>\nIls sont \u00e9galement tr\u00e8s \u00e9conomiques en \u00e9nergie, avec une consommation moyenne de puissance de seulement 270 watts par m\u00e8tre carr\u00e9.<br \/>\nCes \u00e9crans fonctionnent parfaitement pour la publicit\u00e9 ext\u00e9rieure, les spectacles en direct, les espaces d'exposition de marque et beaucoup d'autres applications.<\/p>","protected":false},"featured_media":2672,"comment_status":"closed","ping_status":"closed","template":"","meta":[],"product_brand":[],"product_cat":[42,15],"product_tag":[],"class_list":{"0":"post-2173","1":"product","2":"type-product","3":"status-publish","4":"has-post-thumbnail","6":"product_cat-indoor-led-display","7":"product_cat-standard-led-display","9":"first","10":"instock","11":"shipping-taxable","12":"product-type-simple"},"_links":{"self":[{"href":"https:\/\/www.leyaled.com\/fr\/wp-json\/wp\/v2\/product\/2173","targetHints":{"allow":["GET"]}}],"collection":[{"href":"https:\/\/www.leyaled.com\/fr\/wp-json\/wp\/v2\/product"}],"about":[{"href":"https:\/\/www.leyaled.com\/fr\/wp-json\/wp\/v2\/types\/product"}],"replies":[{"embeddable":true,"href":"https:\/\/www.leyaled.com\/fr\/wp-json\/wp\/v2\/comments?post=2173"}],"wp:featuredmedia":[{"embeddable":true,"href":"https:\/\/www.leyaled.com\/fr\/wp-json\/wp\/v2\/media\/2672"}],"wp:attachment":[{"href":"https:\/\/www.leyaled.com\/fr\/wp-json\/wp\/v2\/media?parent=2173"}],"wp:term":[{"taxonomy":"product_brand","embeddable":true,"href":"https:\/\/www.leyaled.com\/fr\/wp-json\/wp\/v2\/product_brand?post=2173"},{"taxonomy":"product_cat","embeddable":true,"href":"https:\/\/www.leyaled.com\/fr\/wp-json\/wp\/v2\/product_cat?post=2173"},{"taxonomy":"product_tag","embeddable":true,"href":"https:\/\/www.leyaled.com\/fr\/wp-json\/wp\/v2\/product_tag?post=2173"}],"curies":[{"name":"WP","href":"https:\/\/api.w.org\/{rel}","templated":true}]}}