{"id":2169,"date":"2025-10-09T16:57:42","date_gmt":"2025-10-09T08:57:42","guid":{"rendered":"https:\/\/www.leyaled.com\/?post_type=product&#038;p=2169"},"modified":"2025-12-11T14:46:45","modified_gmt":"2025-12-11T06:46:45","slug":"transparent-screen","status":"publish","type":"product","link":"https:\/\/www.leyaled.com\/fr\/outdoor-special-led-screen\/transparent-screen\/","title":{"rendered":"\u00c9cran transparent"},"content":{"rendered":"<p style=\"text-align: center;\"><span style=\"font-family: helvetica, arial, sans-serif; font-size: 14pt;\"><strong>Les \u00e9crans LED sont des produits sur mesure. Pour la personnalisation en plein \u00e9cran, veuillez contacter le service \u00e0 la client\u00e8le pour toute demande.<\/strong><\/span><\/p>\n<p style=\"text-align: center;\"><span style=\"font-family: helvetica, arial, sans-serif; font-size: 14pt;\"><strong>1. Transparence \u00e9lev\u00e9e avec vision sans entrave<\/strong><\/span><br \/>\n<span style=\"font-family: helvetica, arial, sans-serif; font-size: 14pt;\">Les \u00e9crans transparents offrent g\u00e9n\u00e9ralement un taux de transparence de 40% -90% (varie selon le mod\u00e8le). <\/span><\/p>\n<p style=\"text-align: center;\"><span style=\"font-family: helvetica, arial, sans-serif; font-size: 14pt;\">Adoptant des conceptions de perles LED \u00e0 base de verre ou creus\u00e9es, elles ne bloquent pas les coulisses derri\u00e8re <\/span><\/p>\n<p style=\"text-align: center;\"><span style=\"font-family: helvetica, arial, sans-serif; font-size: 14pt;\">(p. ex., vitrines de magasin, murs rideaux de verre de b\u00e2timent, affichages de cabinet d'exposition), fournissant un <\/span><\/p>\n<p style=\"text-align: center;\"><span style=\"font-family: helvetica, arial, sans-serif; font-size: 14pt;\">effet o\u00f9 &#8220; contenu affich\u00e9 superpose la sc\u00e8ne r\u00e9elle&#8221; et r\u00e9soudre le point de douleur de &#8220; vue obstru\u00e9e&#8221; avec des \u00e9crans traditionnels.<\/span><\/p>\n<p style=\"text-align: center;\"><span style=\"font-family: helvetica, arial, sans-serif; font-size: 14pt;\"><strong>2. Affichage haute d\u00e9finition avec excellente couleur &amp; Performance dynamique<\/strong><\/span><br \/>\n<span style=\"font-family: helvetica, arial, sans-serif; font-size: 14pt;\">H\u00e9ritant les avantages de qualit\u00e9 d'image des \u00e9crans LED, la plupart des \u00e9crans transparents supportent <\/span><\/p>\n<p style=\"text-align: center;\"><span style=\"font-family: helvetica, arial, sans-serif; font-size: 14pt;\">r\u00e9solution haute d\u00e9finition (p. ex. 1080P et sup\u00e9rieur) et rapports de contraste \u00e9lev\u00e9s (jusqu'\u00e0 10000:1 pour certains mod\u00e8les).<\/span><\/p>\n<p style=\"text-align: center;\"><span style=\"font-family: helvetica, arial, sans-serif; font-size: 14pt;\"> \u00c9quip\u00e9s d'une technologie de large gamme de couleurs, ils assurent un contenu dynamique clair et lisse<\/span><\/p>\n<p style=\"text-align: center;\"><span style=\"font-family: helvetica, arial, sans-serif; font-size: 14pt;\"> (vid\u00e9os et animations). M\u00eame dans des environnements tr\u00e8s lumineux (par exemple, fen\u00eatres ext\u00e9rieures),<\/span><\/p>\n<p style=\"text-align: center;\"><span style=\"font-family: helvetica, arial, sans-serif; font-size: 14pt;\"> ils maintiennent la pr\u00e9cision des couleurs et emp\u00eachent le blanchiment de l'\u00e9cran.<\/span><\/p>\n<p style=\"text-align: center;\"><span style=\"font-family: helvetica, arial, sans-serif; font-size: 14pt;\"><strong>3. Mince &amp; Design l\u00e9ger avec installation flexible<\/strong><\/span><br \/>\n<span style=\"font-family: helvetica, arial, sans-serif; font-size: 14pt;\">Dot\u00e9e d'une structure l\u00e9g\u00e8re, l'\u00e9paisseur est g\u00e9n\u00e9ralement de seulement 5-15mm. Ils peuvent \u00eatre mont\u00e9s directement <\/span><\/p>\n<p style=\"text-align: center;\"><span style=\"font-family: helvetica, arial, sans-serif; font-size: 14pt;\">sur verre (via adsorption magn\u00e9tique, montage mural ou plafond) sans n\u00e9cessit\u00e9 de montage complexe<\/span><\/p>\n<p style=\"text-align: center;\"><span style=\"font-family: helvetica, arial, sans-serif; font-size: 14pt;\"> parenth\u00e8ses. De plus, certains \u00e9crans transparents flexibles peuvent s'adapter \u00e0 des sc\u00e9narios courbes ou irr\u00e9guliers<\/span><\/p>\n<p style=\"text-align: center;\"><span style=\"font-family: helvetica, arial, sans-serif; font-size: 14pt;\"> (p. ex., armoires d'affichage cylindriques, murs en verre courbes), r\u00e9pondant aux exigences d'installation de diff\u00e9rents lieux.<\/span><\/p>\n<p style=\"text-align: center;\"><span style=\"font-family: helvetica, arial, sans-serif; font-size: 14pt;\"><strong>4. Basse consommation d'\u00e9nergie Stabilit\u00e9 \u00e9lev\u00e9e pour le fonctionnement \u00e0 long terme<\/strong><\/span><\/p>\n<p style=\"text-align: center;\"><span style=\"font-family: helvetica, arial, sans-serif; font-size: 14pt;\">En tirant parti des caract\u00e9ristiques de faible consommation des puces LED, les \u00e9crans transparents sont plus \u00e9conomiques en \u00e9nergie que les traditionnels<\/span><\/p>\n<p style=\"text-align: center;\"><span style=\"font-family: helvetica, arial, sans-serif; font-size: 14pt;\"> \u00c9crans LCD transparents. Ils assurent \u00e9galement un fonctionnement continu 24 heures sur 24, 7 jours sur 7 (par exemple, fen\u00eatres de centres commerciaux, \u00e9crans d'information a\u00e9roportuaires).<\/span><\/p>\n<p style=\"text-align: center;\"><span style=\"font-family: helvetica, arial, sans-serif; font-size: 14pt;\"> En combinaison avec le syst\u00e8me de soutien apr\u00e8s-vente de votre entreprise, ils aident \u00e0 r\u00e9duire les co\u00fbts de maintenance \u00e0 long terme des clients.<\/span><\/p>\n<p style=\"text-align: center;\"><span style=\"font-family: helvetica, arial, sans-serif; font-size: 14pt;\"><strong>Soins et pittoresques, ultra-l\u00e9gers et ultra-minces<\/strong>\u00a0<\/span><\/p>\n<p style=\"text-align: center;\"><span style=\"font-family: helvetica, arial, sans-serif; font-size: 14pt;\">Cadre simple en aluminium coul\u00e9 sous pression, anti-extension et d\u00e9formation, haute plan\u00e9it\u00e9 et \u00e9pissage sans bord <\/span><\/p>\n<p style=\"text-align: center;\"><strong><span style=\"font-family: helvetica, arial, sans-serif; font-size: 14pt;\">Haute transparence | 50% de transparence<\/span><\/strong><\/p>\n<p style=\"text-align: center;\"><span style=\"font-family: helvetica, arial, sans-serif; font-size: 14pt;\">La technologie de luminescence positive peut augmenter la transparence \u00e0 plus de 50%. <\/span><\/p>\n<p style=\"text-align: center;\"><span style=\"font-family: helvetica, arial, sans-serif; font-size: 14pt;\">Lorsque l'image est affich\u00e9e, c'est comme une image tridimensionnelle apparaissant directement dans l'air.<\/span><\/p>\n<p><img fetchpriority=\"high\" decoding=\"async\" class=\"size-full wp-image-3173 aligncenter\" src=\"https:\/\/www.leyaled.com\/wp-content\/uploads\/2025\/10\/tmp.webp\" alt=\"\" width=\"800\" height=\"476\" srcset=\"https:\/\/www.leyaled.com\/wp-content\/uploads\/2025\/10\/tmp.webp 800w, https:\/\/www.leyaled.com\/wp-content\/uploads\/2025\/10\/tmp-300x179.webp 300w, https:\/\/www.leyaled.com\/wp-content\/uploads\/2025\/10\/tmp-768x457.webp 768w, https:\/\/www.leyaled.com\/wp-content\/uploads\/2025\/10\/tmp-600x357.webp 600w\" sizes=\"(max-width: 800px) 100vw, 800px\" \/><\/p>\n<p style=\"text-align: center;\"><span style=\"font-size: 14pt;\"><strong><span style=\"font-family: helvetica, arial, sans-serif;\">\u00c9pincement sans soudure, installation flexible<\/span><\/strong><\/span><\/p>\n<p style=\"text-align: center;\"><span style=\"font-family: helvetica, arial, sans-serif; font-size: 14pt;\">L'\u00e9pissage sans soudure satisfait notre qu\u00eate d'une image plus belle. Une installation flexible convient <\/span><\/p>\n<p style=\"text-align: center;\"><span style=\"font-family: helvetica, arial, sans-serif; font-size: 14pt;\">pour n'importe quelle taille. La technologie d'extension vid\u00e9o est utilis\u00e9e pour s'assurer que l'image n'est pas <\/span><\/p>\n<p style=\"text-align: center;\"><span style=\"font-family: helvetica, arial, sans-serif; font-size: 14pt;\">d\u00e9form\u00e9 et la couleur n'est pas d\u00e9form\u00e9e lors de la visualisation de l'image. <\/span><\/p>\n<p style=\"text-align: center;\"><img decoding=\"async\" class=\"alignnone size-full wp-image-3174\" src=\"https:\/\/www.leyaled.com\/wp-content\/uploads\/2025\/10\/tmpdisplay.webp\" alt=\"\" width=\"800\" height=\"700\" srcset=\"https:\/\/www.leyaled.com\/wp-content\/uploads\/2025\/10\/tmpdisplay.webp 800w, https:\/\/www.leyaled.com\/wp-content\/uploads\/2025\/10\/tmpdisplay-300x263.webp 300w, https:\/\/www.leyaled.com\/wp-content\/uploads\/2025\/10\/tmpdisplay-768x672.webp 768w, https:\/\/www.leyaled.com\/wp-content\/uploads\/2025\/10\/tmpdisplay-600x525.webp 600w\" sizes=\"(max-width: 800px) 100vw, 800px\" \/><\/p>\n<p style=\"text-align: center;\"><strong><span style=\"font-family: helvetica, arial, sans-serif; font-size: 14pt;\"> D\u00e9tails du produit<\/span><\/strong><\/p>\n<p style=\"text-align: center;\"><img decoding=\"async\" class=\"alignnone size-full wp-image-3175\" src=\"https:\/\/www.leyaled.com\/wp-content\/uploads\/2025\/10\/display-tmp.webp\" alt=\"\" width=\"800\" height=\"617\" srcset=\"https:\/\/www.leyaled.com\/wp-content\/uploads\/2025\/10\/display-tmp.webp 800w, https:\/\/www.leyaled.com\/wp-content\/uploads\/2025\/10\/display-tmp-300x231.webp 300w, https:\/\/www.leyaled.com\/wp-content\/uploads\/2025\/10\/display-tmp-768x592.webp 768w, https:\/\/www.leyaled.com\/wp-content\/uploads\/2025\/10\/display-tmp-600x463.webp 600w\" sizes=\"(max-width: 800px) 100vw, 800px\" \/><\/p>\n<p><span style=\"font-family: helvetica, arial, sans-serif; font-size: 14pt;\"><strong><img loading=\"lazy\" decoding=\"async\" class=\"size-full wp-image-3178 aligncenter\" src=\"https:\/\/www.leyaled.com\/wp-content\/uploads\/2025\/10\/tmpdisplay-2.webp\" alt=\"\" width=\"800\" height=\"541\" srcset=\"https:\/\/www.leyaled.com\/wp-content\/uploads\/2025\/10\/tmpdisplay-2.webp 800w, https:\/\/www.leyaled.com\/wp-content\/uploads\/2025\/10\/tmpdisplay-2-300x203.webp 300w, https:\/\/www.leyaled.com\/wp-content\/uploads\/2025\/10\/tmpdisplay-2-768x519.webp 768w, https:\/\/www.leyaled.com\/wp-content\/uploads\/2025\/10\/tmpdisplay-2-600x406.webp 600w\" sizes=\"(max-width: 800px) 100vw, 800px\" \/><\/strong><\/span><\/p>\n<p style=\"text-align: center;\"><strong><span style=\"font-family: helvetica, arial, sans-serif; font-size: 14pt;\">Affichage haute d\u00e9finition<\/span><\/strong><\/p>\n<p style=\"text-align: center;\"><span style=\"font-family: helvetica, arial, sans-serif; font-size: 14pt;\">Fid\u00e9lit\u00e9 couleur<\/span><\/p>\n<p style=\"text-align: center;\"><span style=\"font-family: helvetica, arial, sans-serif; font-size: 14pt;\">Niveau d'\u00e9chelle de gris 14 bits<\/span><\/p>\n<p style=\"text-align: center;\"><span style=\"font-family: helvetica, arial, sans-serif; font-size: 14pt;\">Taux de rafra\u00eechissement \u2265 1920Hz<\/span><\/p>\n<p style=\"text-align: center;\"><span style=\"font-family: helvetica, arial, sans-serif; font-size: 14pt;\">Lumi\u00e8re 4500 cd\/ \u33a1<\/span><\/p>\n<p style=\"text-align: center;\"><img loading=\"lazy\" decoding=\"async\" class=\"alignnone size-full wp-image-3179\" src=\"https:\/\/www.leyaled.com\/wp-content\/uploads\/2025\/10\/zhiruy.webp\" alt=\"\" width=\"800\" height=\"643\" srcset=\"https:\/\/www.leyaled.com\/wp-content\/uploads\/2025\/10\/zhiruy.webp 800w, https:\/\/www.leyaled.com\/wp-content\/uploads\/2025\/10\/zhiruy-300x241.webp 300w, https:\/\/www.leyaled.com\/wp-content\/uploads\/2025\/10\/zhiruy-768x617.webp 768w, https:\/\/www.leyaled.com\/wp-content\/uploads\/2025\/10\/zhiruy-600x482.webp 600w\" sizes=\"(max-width: 800px) 100vw, 800px\" \/><\/p>\n<p style=\"text-align: center;\"><span style=\"font-size: 14pt; font-family: helvetica, arial, sans-serif;\"><strong> Avantages sp\u00e9cifiques au sc\u00e9nario: <\/strong>Large couverture industrielle avec une forte faisabilit\u00e9 de mise en \u0153uvre<\/span><\/p>\n<p style=\"text-align: center;\"><span style=\"font-size: 14pt; font-family: helvetica, arial, sans-serif;\"><strong>Sc\u00e9nario commercial de vente au d\u00e9tail:<\/strong> Les \u00e9crans transparents pour les vitrines peuvent jouer la promotion du produit <\/span><\/p>\n<p style=\"text-align: center;\"><span style=\"font-size: 14pt; font-family: helvetica, arial, sans-serif;\">vid\u00e9os sans bloquer les affichages en magasin. Les passants peuvent &#8220; voir les produits \u00e0 travers l'\u00e9cran, &#8221; <\/span><\/p>\n<p style=\"text-align: center;\"><span style=\"font-size: 14pt; font-family: helvetica, arial, sans-serif;\">Am\u00e9liorer la fen\u00eatre&#8217; appel (p. ex., magasins de bijoux, magasins de v\u00eatements, magasins 3C).<\/span><\/p>\n<p style=\"text-align: center;\"><span style=\"font-family: helvetica, arial, sans-serif; font-size: 14pt;\"><strong>exposition &amp; Sc\u00e9nario d'affichage:<\/strong> Des \u00e9crans transparents install\u00e9s sur des vitrines dans les mus\u00e9es et<\/span><\/p>\n<p style=\"text-align: center;\"><span style=\"font-family: helvetica, arial, sans-serif; font-size: 14pt;\"> Les mus\u00e9es de la science et de la technologie peuvent superposer du texte et des explications anim\u00e9es au-dessus des expositions<\/span><\/p>\n<p style=\"text-align: center;\"><span style=\"font-family: helvetica, arial, sans-serif; font-size: 14pt;\"> (tels que reliques culturelles et mod\u00e8les), permettant la pr\u00e9sentation simultan\u00e9e de &#8220; objets physiques informations num\u00e9riques&#8221; <\/span><\/p>\n<p style=\"text-align: center;\"><span style=\"font-family: helvetica, arial, sans-serif; font-size: 14pt;\">Am\u00e9liorer l\u2019exp\u00e9rience interactive.<\/span><\/p>\n<p style=\"text-align: center;\"><span style=\"font-family: helvetica, arial, sans-serif; font-size: 14pt;\"><strong>Architecture &amp; Sc\u00e9nario ext\u00e9rieur:<\/strong> Lorsque des \u00e9crans transparents sont install\u00e9s sur<\/span><\/p>\n<p style=\"text-align: center;\"><span style=\"font-family: helvetica, arial, sans-serif; font-size: 14pt;\"> les murs rideaux en verre des b\u00e2timents, ils n'affectent pas le b\u00e2timent&#8217; s \u00e9clairage du jour pendant <\/span><\/p>\n<p style=\"text-align: center;\"><span style=\"font-family: helvetica, arial, sans-serif; font-size: 14pt;\">le jour. La nuit, ils peuvent jouer des animations urbaines de sc\u00e8ne nocturne et des publicit\u00e9s de marque, <\/span><\/p>\n<p style=\"text-align: center;\"><span style=\"font-family: helvetica, arial, sans-serif; font-size: 14pt;\">alliant l\u2019attrait esth\u00e9tique \u00e0 la valeur commerciale.<\/span><\/p>\n<p style=\"text-align: center;\"><span style=\"font-size: 14pt; font-family: helvetica, arial, sans-serif;\"><strong>Transport et Sc\u00e9nario public :<\/strong> \u00c9crans transparents utilis\u00e9s pour les cloisons en verre dans <\/span><\/p>\n<p style=\"text-align: center;\"><span style=\"font-size: 14pt; font-family: helvetica, arial, sans-serif;\">les a\u00e9roports et les m\u00e9tros peuvent afficher les informations de vol\/itin\u00e9raire sans interf\u00e9rer avec les passagers; abilit\u00e9<\/span>y \u00e0<\/p>\n<p style=\"text-align: center;\"><span style=\"font-family: helvetica, arial, sans-serif; font-size: 14pt;\">observer l'environnement environnant, am\u00e9liorant l'efficacit\u00e9 de la livraison de l'information.<\/span><\/p>","protected":false},"excerpt":{"rendered":"<p>D\u00e9couvrez cet \u00e9cran LED transparent qui change le jeu - il m\u00e9lange le contenu num\u00e9rique directement dans le monde r\u00e9el de mani\u00e8re transparente.<br \/>\n80% de transmission, qualit\u00e9 Full HD ou m\u00eame 4K \u2013 visuels clairs et v\u00e9ritable transparence, tout en un.<br \/>\nUltra-mince, facile \u00e0 installer, reste nette sous le soleil brillant, et vous pouvez ajouter le toucher, le geste ou la r\u00e9alit\u00e9 augment\u00e9e pour des interactions rafra\u00eechissantes.<br \/>\nTailles et formes personnalis\u00e9es pour le commerce au d\u00e9tail, les expositions, les sc\u00e8nes, les h\u00f4tels \u2013 tout ce dont vous avez besoin!<\/p>","protected":false},"featured_media":2665,"comment_status":"closed","ping_status":"closed","template":"","meta":[],"product_brand":[],"product_cat":[49,34],"product_tag":[],"class_list":{"0":"post-2169","1":"product","2":"type-product","3":"status-publish","4":"has-post-thumbnail","6":"product_cat-outdoor-special-led-screen","7":"product_cat-special-led-screen","9":"first","10":"instock","11":"shipping-taxable","12":"product-type-simple"},"_links":{"self":[{"href":"https:\/\/www.leyaled.com\/fr\/wp-json\/wp\/v2\/product\/2169","targetHints":{"allow":["GET"]}}],"collection":[{"href":"https:\/\/www.leyaled.com\/fr\/wp-json\/wp\/v2\/product"}],"about":[{"href":"https:\/\/www.leyaled.com\/fr\/wp-json\/wp\/v2\/types\/product"}],"replies":[{"embeddable":true,"href":"https:\/\/www.leyaled.com\/fr\/wp-json\/wp\/v2\/comments?post=2169"}],"wp:featuredmedia":[{"embeddable":true,"href":"https:\/\/www.leyaled.com\/fr\/wp-json\/wp\/v2\/media\/2665"}],"wp:attachment":[{"href":"https:\/\/www.leyaled.com\/fr\/wp-json\/wp\/v2\/media?parent=2169"}],"wp:term":[{"taxonomy":"product_brand","embeddable":true,"href":"https:\/\/www.leyaled.com\/fr\/wp-json\/wp\/v2\/product_brand?post=2169"},{"taxonomy":"product_cat","embeddable":true,"href":"https:\/\/www.leyaled.com\/fr\/wp-json\/wp\/v2\/product_cat?post=2169"},{"taxonomy":"product_tag","embeddable":true,"href":"https:\/\/www.leyaled.com\/fr\/wp-json\/wp\/v2\/product_tag?post=2169"}],"curies":[{"name":"WP","href":"https:\/\/api.w.org\/{rel}","templated":true}]}}