{"id":2165,"date":"2025-10-09T16:55:10","date_gmt":"2025-10-09T08:55:10","guid":{"rendered":"https:\/\/www.leyaled.com\/?post_type=product&#038;p=2165"},"modified":"2025-12-11T14:50:57","modified_gmt":"2025-12-11T06:50:57","slug":"floor-tile-displayp3-91","status":"publish","type":"product","link":"https:\/\/www.leyaled.com\/fr\/indoor-fixed-installation\/floor-tile-displayp3-91\/","title":{"rendered":"Affichage de carreaux de plancherP3.91"},"content":{"rendered":"<p style=\"text-align: center;\"><span style=\"font-family: helvetica, arial, sans-serif; font-size: 14pt;\"><strong>Qu'est-ce qu'un \u00e9cran LED?<\/strong><\/span><\/p>\n<p style=\"text-align: center;\"><span style=\"font-family: helvetica, arial, sans-serif; font-size: 14pt;\">Un \u00e9cran LED au sol est un \u00e9cran LED personnalis\u00e9 sp\u00e9cialement con\u00e7u pour une utilisation au sol. Compar\u00e9 aux LED traditionnelles<\/span><\/p>\n<p style=\"text-align: center;\"><span style=\"font-family: helvetica, arial, sans-serif; font-size: 14pt;\"> affiche, il dispose de conceptions sp\u00e9cialis\u00e9es en capacit\u00e9 de charge, performance de protection et dissipation de chaleur. Son but <\/span><\/p>\n<p style=\"text-align: center;\"><span style=\"font-family: helvetica, arial, sans-serif; font-size: 14pt;\">est de permettre \u00e0 l'\u00e9cran de sol de r\u00e9sister au trafic de pieds \u00e0 haute intensit\u00e9 de plusieurs personnes tout en maintenant un fonctionnement stable \u00e0 long terme.<\/span><\/p>\n<p style=\"text-align: center;\"><span style=\"font-family: helvetica, arial, sans-serif; font-size: 14pt;\"><strong>1. Capacit\u00e9 de charge super &amp; Durabilit\u00e9 pour les sc\u00e9narios de marche \u00e0 haute fr\u00e9quence<\/strong><\/span><\/p>\n<p style=\"text-align: center;\"><span style=\"font-family: helvetica, arial, sans-serif; font-size: 14pt;\">Adoptant une conception structurale haute r\u00e9sistance (par exemple, bo\u00eetier en aluminium coul\u00e9 sous pression, masque PC \u00e9paissi), il a un<\/span><\/p>\n<p style=\"text-align: center;\"><span style=\"font-family: helvetica, arial, sans-serif; font-size: 14pt;\"> capacit\u00e9 de charge r\u00e9guli\u00e8re de 500-1000kg\/ \u33a1.  Il peut r\u00e9sister stablement au trafic de pieds dense, roulant <\/span><\/p>\n<p style=\"text-align: center;\"><span style=\"font-family: helvetica, arial, sans-serif; font-size: 14pt;\">de petits \u00e9quipements (tels que les chariots de sc\u00e8ne et le mat\u00e9riel de nettoyage du centre commercial), et reste non d\u00e9form\u00e9 ou<\/span><\/p>\n<p style=\"text-align: center;\"><span style=\"font-family: helvetica, arial, sans-serif; font-size: 14pt;\"> non endommag\u00e9 apr\u00e8s utilisation \u00e0 long terme. Il convient aux sc\u00e9narios d'utilisation \u00e0 haute fr\u00e9quence comme les centres commerciaux, les sc\u00e8nes et les expositions.<\/span><\/p>\n<p style=\"text-align: center;\"><span style=\"font-family: helvetica, arial, sans-serif; font-size: 14pt;\"><strong>2. Faible consommation d &apos; \u00e9nergie et Dissipation de chaleur stable pour une utilisation \u00e0 long terme sans soucis<\/strong><\/span><\/p>\n<p style=\"text-align: center;\"><span style=\"font-size: 14pt; font-family: helvetica, arial, sans-serif;\">En utilisant des perles LED \u00e0 faible puissance et des puces de pilote intelligentes, il \u00e9conomise plus de 30% d'\u00e9nergie c<\/span><\/p>\n<p style=\"text-align: center;\"><span style=\"font-size: 14pt; font-family: helvetica, arial, sans-serif;\">compar\u00e9 aux \u00e9crans de plancher traditionnels, ce qui le rend adapt\u00e9 aux sc\u00e9narios n\u00e9cessitant un long terme <\/span><\/p>\n<p style=\"text-align: center;\"><span style=\"font-size: 14pt; font-family: helvetica, arial, sans-serif;\">fonctionnement (par exemple, centres commerciaux ouverts 24 heures sur 24). La structure int\u00e9gr\u00e9e de dissipation de chaleur efficace <\/span><\/p>\n<p style=\"text-align: center;\"><span style=\"font-size: 14pt; font-family: helvetica, arial, sans-serif;\">(par exemple, arri\u00e8re plan dissipant la chaleur en aluminium, conception creuse dissipant la chaleur) emp\u00eache efficacement<\/span><\/p>\n<p style=\"text-align: center;\"><span style=\"font-size: 14pt; font-family: helvetica, arial, sans-serif;\"> surchauffage caus\u00e9 par une utilisation \u00e0 long terme, assurant un fonctionnement stable et continu de l'\u00e9cran et r\u00e9duisant la fr\u00e9quence des r\u00e9parations de d\u00e9fauts.<\/span><\/p>\n<p style=\"text-align: center;\"><strong><span style=\"font-family: helvetica, arial, sans-serif; font-size: 14pt;\">3. antid\u00e9rapant, anti-impact &amp; Protection IP65 pour une s\u00e9curit\u00e9 maximale<\/span><\/strong><\/p>\n<p style=\"text-align: center;\"><span style=\"font-family: helvetica, arial, sans-serif; font-size: 14pt;\">Il a une surface antid\u00e9rapante, de sorte que vous ne glisserez pas m\u00eame dans les zones humides, comme les stades humides ou les centres commerciaux juste nettoy\u00e9s. <\/span><\/p>\n<p style=\"text-align: center;\"><span style=\"font-family: helvetica, arial, sans-serif; font-size: 14pt;\">Avec IP65 ou meilleure qualit\u00e9 \u00e0 l'\u00e9preuve de poussi\u00e8re et \u00e0 l'\u00e9tanch\u00e9it\u00e9, il \u00e9vite la poussi\u00e8re et manipule facilement les \u00e9claboussures. <\/span><\/p>\n<p style=\"text-align: center;\"><span style=\"font-family: helvetica, arial, sans-serif; font-size: 14pt;\">Cela r\u00e9duit les co\u00fbts d'entretien pour les espaces ext\u00e9rieurs \/ semi-ext\u00e9rieurs (par exemple, les places ouvertes) et fonctionne parfaitement pour les \u00e9v\u00e9nements en plein air au Moyen-Orient \u00e9galement.<\/span><\/p>\n<p style=\"text-align: center;\"><span style=\"font-size: 14pt;\"><strong><span style=\"font-family: helvetica, arial, sans-serif;\">4. Qualit\u00e9 d'image HD &amp; Interaction dynamique pour une exp\u00e9rience visuelle am\u00e9lior\u00e9e<\/span><\/strong><\/span><\/p>\n<p style=\"text-align: center;\"><span style=\"font-size: 14pt;\">Il prend en charge la r\u00e9solution HD 1080P \/ 4K \/ 8K - les pixels denses rendent les images lisses et claires,<\/span><\/p>\n<p style=\"text-align: center;\"><span style=\"font-size: 14pt;\"> Pas de grain du tout. Certains mod\u00e8les ont la technologie de d\u00e9tection de pression: marcher sur l'\u00e9cran, il s'allume,<\/span><\/p>\n<p style=\"text-align: center;\"><span style=\"font-size: 14pt;\"> et vos mouvements d\u00e9clenchent m\u00eame des effets d'ombre. Vous pouvez \u00e9galement obtenir des changements de mod\u00e8le ou des liens musicaux.<\/span><\/p>\n<p style=\"text-align: center;\"><span style=\"font-size: 14pt;\"> Que ce soit pour les effets dynamiques de sc\u00e8ne ou le marketing interactif du centre commercial, il attire les yeux avec des visuels forts et rend l'espace plus anim\u00e9.<\/span><\/p>\n<p style=\"text-align: center;\"><span style=\"font-size: 14pt;\"><strong><span style=\"font-family: helvetica, arial, sans-serif;\">5. Personnalisation flexible &amp; Installation facile pour divers sc\u00e9narios<\/span><\/strong><\/span><\/p>\n<p style=\"text-align: center;\"><span style=\"font-family: helvetica, arial, sans-serif; font-size: 14pt;\">Nous pouvons en faire n'importe quelle forme que vous voulez - courbes, circulaires, m\u00eame irr\u00e9guli\u00e8res - il suffit de partager vos besoins de site. Il soutient \u00e9galement seamless<\/span><\/p>\n<p style=\"text-align: center;\"><span style=\"font-family: helvetica, arial, sans-serif; font-size: 14pt;\"> \u00e9pissage (\u00e9cart \u2264 0,5 mm), afin que vous puissiez facilement construire de grands \u00e9crans ou des formes sp\u00e9ciales, comme les pistes de sc\u00e8ne ou les planchers de l'atrium du centre commercial. <\/span><\/p>\n<p style=\"text-align: center;\"><span style=\"font-family: helvetica, arial, sans-serif; font-size: 14pt;\">La conception modulaire simplifie \u00e9galement la mise en place et le d\u00e9montage; si des r\u00e9parations sont n\u00e9cessaires plus tard,<\/span><\/p>\n<p style=\"text-align: center;\"><span style=\"font-family: helvetica, arial, sans-serif; font-size: 14pt;\"> Il suffit de remplacer un petit module - aucun gros travail n'est n\u00e9cessaire, ce qui permet d'\u00e9conomiser du temps et de la main-d'\u0153uvre.<\/span><\/p>\n<p>&nbsp;<\/p>\n<p>&nbsp;<\/p>\n<p style=\"text-align: center;\"><img fetchpriority=\"high\" decoding=\"async\" class=\"alignnone size-full wp-image-3185\" src=\"https:\/\/www.leyaled.com\/wp-content\/uploads\/2025\/10\/display-dzp.webp\" alt=\"\" width=\"800\" height=\"907\" srcset=\"https:\/\/www.leyaled.com\/wp-content\/uploads\/2025\/10\/display-dzp.webp 800w, https:\/\/www.leyaled.com\/wp-content\/uploads\/2025\/10\/display-dzp-265x300.webp 265w, https:\/\/www.leyaled.com\/wp-content\/uploads\/2025\/10\/display-dzp-768x871.webp 768w, https:\/\/www.leyaled.com\/wp-content\/uploads\/2025\/10\/display-dzp-600x680.webp 600w\" sizes=\"(max-width: 800px) 100vw, 800px\" \/><\/p>\n<p style=\"text-align: center;\"><strong><span style=\"font-size: 14pt; font-family: helvetica, arial, sans-serif;\">Classement IP66 imperm\u00e9able: sans peur contre les conditions ext\u00e9rieures difficiles<\/span><\/strong><\/p>\n<p style=\"text-align: center;\"><span style=\"font-family: helvetica, arial, sans-serif;\">Il r\u00e9pond \u00e0 la norme nationale IP66 imperm\u00e9able, debout <\/span><\/p>\n<p style=\"text-align: center;\"><span style=\"font-family: helvetica, arial, sans-serif;\">pour des environnements ext\u00e9rieurs difficiles et adapt\u00e9s \u00e0 plus de sc\u00e9narios.<\/span><\/p>\n<p style=\"text-align: center;\"><img decoding=\"async\" class=\"alignnone size-full wp-image-3184\" src=\"https:\/\/www.leyaled.com\/wp-content\/uploads\/2025\/10\/dzp1.webp\" alt=\"\" width=\"800\" height=\"449\" srcset=\"https:\/\/www.leyaled.com\/wp-content\/uploads\/2025\/10\/dzp1.webp 800w, https:\/\/www.leyaled.com\/wp-content\/uploads\/2025\/10\/dzp1-300x168.webp 300w, https:\/\/www.leyaled.com\/wp-content\/uploads\/2025\/10\/dzp1-768x431.webp 768w, https:\/\/www.leyaled.com\/wp-content\/uploads\/2025\/10\/dzp1-600x337.webp 600w\" sizes=\"(max-width: 800px) 100vw, 800px\" \/><\/p>\n<p style=\"text-align: center;\"><span style=\"font-size: 14pt; font-family: helvetica, arial, sans-serif;\"><strong>Personnalisable \u00e0 n'importe quelle forme<\/strong><\/span><\/p>\n<p style=\"text-align: center;\"><span style=\"font-size: 14pt; font-family: helvetica, arial, sans-serif;\">Nous concevons des formes et divers effets dynamiques en fonction de vos besoins. L'\u00e9cran prend en charge<\/span><\/p>\n<p style=\"text-align: center;\"><span style=\"font-size: 14pt; font-family: helvetica, arial, sans-serif;\"> coupe arbitraire et \u00e9pissage sans couture, permettant diverses configurations, tout en offrant une qualit\u00e9 d'image claire et visible.<\/span><\/p>\n<p style=\"text-align: center;\"><img decoding=\"async\" class=\"alignnone size-full wp-image-3186\" src=\"https:\/\/www.leyaled.com\/wp-content\/uploads\/2025\/10\/display-.webp\" alt=\"\" width=\"800\" height=\"535\" srcset=\"https:\/\/www.leyaled.com\/wp-content\/uploads\/2025\/10\/display-.webp 800w, https:\/\/www.leyaled.com\/wp-content\/uploads\/2025\/10\/display--300x201.webp 300w, https:\/\/www.leyaled.com\/wp-content\/uploads\/2025\/10\/display--768x514.webp 768w, https:\/\/www.leyaled.com\/wp-content\/uploads\/2025\/10\/display--600x401.webp 600w\" sizes=\"(max-width: 800px) 100vw, 800px\" \/><\/p>\n<p style=\"text-align: center;\"><span style=\"font-size: 14pt; font-family: helvetica, arial, sans-serif;\"><strong>Qualit\u00e9 d'image 8K Ultra-HD : une exp\u00e9rience visuelle plus nette<\/strong><\/span><\/p>\n<p style=\"text-align: center;\"><span style=\"font-size: 14pt; font-family: helvetica, arial, sans-serif;\">Avec un contr\u00f4le pr\u00e9cis des pixels, il offre des visuaux exquisement r\u00e9alistes. Que ce soit des vid\u00e9os dynamiques<\/span><\/p>\n<p style=\"text-align: center;\"><span style=\"font-size: 14pt; font-family: helvetica, arial, sans-serif;\"> ou des images statiques, il apporte un impact visuel puissant aux t\u00e9l\u00e9spectateurs.<\/span><\/p>\n<p style=\"text-align: center;\"><img loading=\"lazy\" decoding=\"async\" class=\"alignnone size-full wp-image-3187\" src=\"https:\/\/www.leyaled.com\/wp-content\/uploads\/2025\/10\/display6-2.webp\" alt=\"\" width=\"800\" height=\"535\" srcset=\"https:\/\/www.leyaled.com\/wp-content\/uploads\/2025\/10\/display6-2.webp 800w, https:\/\/www.leyaled.com\/wp-content\/uploads\/2025\/10\/display6-2-300x201.webp 300w, https:\/\/www.leyaled.com\/wp-content\/uploads\/2025\/10\/display6-2-768x514.webp 768w, https:\/\/www.leyaled.com\/wp-content\/uploads\/2025\/10\/display6-2-600x401.webp 600w\" sizes=\"(max-width: 800px) 100vw, 800px\" \/><\/p>\n<p style=\"text-align: center;\"><span style=\"font-family: helvetica, arial, sans-serif; font-size: 14pt;\">La chose amusante \u00e0 propos des \u00e9crans LED au sol est qu'ils peuvent interagir avec les gens et cr\u00e9er des effets diff\u00e9rents - saviez-vous cela?<\/span><\/p>\n<table style=\"border-collapse: collapse; width: 69.9823%; height: 1250px;\">\n<tbody>\n<tr style=\"height: 56px;\">\n<td style=\"height: 56px; width: 42.5678%;\" colspan=\"2\">\n<p style=\"text-align: center;\"><strong><b>\u00a0<\/b><\/strong><strong><b>P<\/b><\/strong><strong><b>aram\u00e8tres<\/b><\/strong><\/p>\n<\/td>\n<td style=\"width: 23.8358%; height: 56px; text-align: center;\"><strong><b>Param\u00e8tres<\/b><\/strong><strong><b>\u00a0Va<\/b><\/strong><strong><b>lues<\/b><\/strong><\/td>\n<\/tr>\n<tr style=\"height: 45px;\">\n<td style=\"width: 19.6851%; height: 263px; text-align: center;\" rowspan=\"7\"><strong><b>Composition modulaire<\/b><\/strong><\/td>\n<td style=\"height: 45px; width: 22.8827%; text-align: center;\">Structure de pixels<\/td>\n<td style=\"height: 45px; width: 23.8358%; text-align: center;\">SMD2121 3 en 1 LED<\/td>\n<\/tr>\n<tr style=\"height: 28px;\">\n<td style=\"height: 28px; width: 22.8827%; text-align: center;\">\u00a0Pitch de pixel (mm)<\/td>\n<td style=\"height: 28px; width: 23.8358%; text-align: center;\">2.976<\/td>\n<\/tr>\n<tr style=\"height: 42px;\">\n<td style=\"height: 42px; width: 22.8827%; text-align: center;\">D\u00e9finition du module (W x H)<\/td>\n<td style=\"height: 42px; width: 23.8358%; text-align: center;\">84 \u00d7 84 = 7 056<\/td>\n<\/tr>\n<tr style=\"height: 32px;\">\n<td style=\"height: 32px; width: 22.8827%; text-align: center;\">Taille du module (mm)<\/td>\n<td style=\"height: 32px; width: 23.8358%; text-align: center;\">250 (W) \u00d7 250 (H)<\/td>\n<\/tr>\n<tr style=\"height: 27px;\">\n<td style=\"height: 27px; width: 22.8827%; text-align: center;\">Poids du module (kg)<\/td>\n<td style=\"height: 27px; width: 23.8358%; text-align: center;\">0,32 \u00b1 0,1 kg<\/td>\n<\/tr>\n<tr style=\"height: 47px;\">\n<td style=\"height: 47px; width: 22.8827%; text-align: center;\">Module Maximun Dissipation de puissance<\/td>\n<td style=\"height: 47px; width: 23.8358%; text-align: center;\">\u2264 35<\/td>\n<\/tr>\n<tr style=\"height: 42px;\">\n<td style=\"height: 42px; width: 22.8827%; text-align: center;\">\u00a0Carte IC du pilote<\/td>\n<td style=\"height: 42px; width: 23.8358%; text-align: center;\">2153S<\/td>\n<\/tr>\n<tr style=\"height: 49px;\">\n<td style=\"width: 19.6851%; text-align: center; height: 306px;\" rowspan=\"9\"><strong><b><br \/>\n<\/b><\/strong><strong><b><br \/>\n<\/b><\/strong><strong><b>Composition du Cabinet<\/b><\/strong><\/td>\n<td style=\"height: 49px; width: 22.8827%; text-align: center;\">Composition du module de cabinet (W \u00d7 H)<\/td>\n<td style=\"height: 49px; width: 23.8358%; text-align: center;\">2\u00d74<\/td>\n<\/tr>\n<tr style=\"height: 28px;\">\n<td style=\"height: 28px; width: 22.8827%; text-align: center;\">D\u00e9finition du cabinet (L \u00d7 H)<\/td>\n<td style=\"height: 28px; width: 23.8358%; text-align: center;\">168 \u00d7 336<\/td>\n<\/tr>\n<tr style=\"height: 38px;\">\n<td style=\"height: 38px; width: 22.8827%; text-align: center;\">Taille du cabinet (mm) (L \u00d7 H \u00d7 D)<\/td>\n<td style=\"height: 38px; width: 23.8358%; text-align: center;\">500 (W) \u00d7 1000 (H) \u00d7 95 (D)<\/td>\n<\/tr>\n<tr style=\"height: 30px;\">\n<td style=\"height: 30px; width: 22.8827%; text-align: center;\">Cabinet Area (m)<sup>2<\/sup>) et<\/td>\n<td style=\"height: 30px; width: 23.8358%; text-align: center;\">0.5<\/td>\n<\/tr>\n<tr style=\"height: 27px;\">\n<td style=\"height: 27px; width: 22.8827%; text-align: center;\">Poids du cabinet (kg)<\/td>\n<td style=\"height: 27px; width: 23.8358%; text-align: center;\">25 kg \u00b1 1 kg<\/td>\n<\/tr>\n<tr style=\"height: 35px;\">\n<td style=\"height: 35px; width: 22.8827%; text-align: center;\">Densit\u00e9 de pixels du cabinet (pixel\/m)<sup>2<\/sup>) et<\/td>\n<td style=\"height: 35px; width: 23.8358%; text-align: center;\">112896<\/td>\n<\/tr>\n<tr style=\"height: 36px;\">\n<td style=\"height: 36px; width: 22.8827%; text-align: center;\">Erreur de nivellement du cabinet (mm)<\/td>\n<td style=\"height: 36px; width: 23.8358%; text-align: center;\">\u2264 0,1<\/td>\n<\/tr>\n<tr style=\"height: 36px;\">\n<td style=\"height: 36px; width: 22.8827%; text-align: center;\">M\u00e9thode de maintenance<\/td>\n<td style=\"height: 36px; width: 23.8358%; text-align: center;\">Matained de l'avant \/ derri\u00e8re<\/td>\n<\/tr>\n<tr style=\"height: 27px;\">\n<td style=\"height: 27px; width: 22.8827%; text-align: center;\">Mat\u00e9riel de cabinet<\/td>\n<td style=\"height: 27px; width: 23.8358%; text-align: center;\">Cabinet de fer<\/td>\n<\/tr>\n<tr style=\"height: 34px;\">\n<td style=\"width: 19.6851%; text-align: center; height: 202px;\" rowspan=\"8\"><strong><b><br \/>\n<\/b><\/strong><strong><b>Param\u00e8tres optiques<\/b><\/strong><strong><b><br \/>\n<\/b><\/strong><strong><b><br \/>\n<\/b><\/strong><strong><b><br \/>\n<\/b><\/strong><\/td>\n<td style=\"width: 22.8827%; text-align: center; height: 34px;\">Correction de la lumi\u00e8re en pixel unique<\/td>\n<td style=\"width: 23.8358%; text-align: center; height: 34px;\">\u00a0Aucun<\/td>\n<\/tr>\n<tr style=\"height: 24px;\">\n<td style=\"width: 22.8827%; text-align: center; height: 24px;\">Correction de couleur en pixel unique<\/td>\n<td style=\"width: 23.8358%; text-align: center; height: 24px;\">Aucun<\/td>\n<\/tr>\n<tr style=\"height: 24px;\">\n<td style=\"width: 22.8827%; text-align: center; height: 24px;\">\u00c9quilibre des blancs (nits)<\/td>\n<td style=\"width: 23.8358%; text-align: center; height: 24px;\">\u2265 600<\/td>\n<\/tr>\n<tr style=\"height: 24px;\">\n<td style=\"width: 22.8827%; text-align: center; height: 24px;\">Temp\u00e9rature de couleur (K)<\/td>\n<td style=\"width: 23.8358%; text-align: center; height: 24px;\">8000Ajusteable<\/td>\n<\/tr>\n<tr style=\"height: 24px;\">\n<td style=\"width: 22.8827%; text-align: center; height: 24px;\">Angle visuel (horizontal\/vertical)<\/td>\n<td style=\"width: 23.8358%; text-align: center; height: 24px;\">120\u00b0 \/ 90\u00b0<\/td>\n<\/tr>\n<tr style=\"height: 24px;\">\n<td style=\"width: 22.8827%; text-align: center; height: 24px;\">Erreur de position LED au centre<\/td>\n<td style=\"width: 23.8358%; text-align: center; height: 24px;\">&lt; 3%<\/td>\n<\/tr>\n<tr style=\"height: 24px;\">\n<td style=\"width: 22.8827%; text-align: center; height: 24px;\">Homog\u00e9nit\u00e9 luminosit\u00e9\/chrome<\/td>\n<td style=\"width: 23.8358%; text-align: center; height: 24px;\">\u2265 97%<\/td>\n<\/tr>\n<tr style=\"height: 24px;\">\n<td style=\"width: 22.8827%; text-align: center; height: 24px;\">Contraste<\/td>\n<td style=\"width: 23.8358%; text-align: center; height: 24px;\">4000:1<\/td>\n<\/tr>\n<tr style=\"height: 24px;\">\n<td style=\"width: 19.6851%; text-align: center; height: 96px;\" rowspan=\"4\"><strong><b><br \/>\n<\/b><\/strong><strong><b>Param\u00e8tres \u00e9lectriques<\/b><\/strong><strong><b><br \/>\n<\/b><\/strong><strong><b><br \/>\n<\/b><\/strong><\/td>\n<td style=\"width: 22.8827%; text-align: center; height: 24px;\">Dissipation de puissance sommet (W \/ m<sup>2<\/sup>) et<\/td>\n<td style=\"width: 23.8358%; text-align: center; height: 24px;\">450<\/td>\n<\/tr>\n<tr style=\"height: 24px;\">\n<td style=\"width: 22.8827%; text-align: center; height: 24px;\">Dissipation moyenne de puissance (W\/m)<sup>2<\/sup>) et<\/td>\n<td style=\"width: 23.8358%; text-align: center; height: 24px;\">200<\/td>\n<\/tr>\n<tr style=\"height: 24px;\">\n<td style=\"width: 22.8827%; text-align: center; height: 24px;\">Exigences d'alimentation<\/td>\n<td style=\"width: 23.8358%; text-align: center; height: 24px;\">AC110-240V\uff0c Fr\u00e9quence 50 - 60 (Hz)<\/td>\n<\/tr>\n<tr style=\"height: 24px;\">\n<td style=\"width: 22.8827%; text-align: center; height: 24px;\">Certifications de s\u00e9curit\u00e9<\/td>\n<td style=\"width: 23.8358%; text-align: center; height: 24px;\">GB4943 \/ EN60950<\/td>\n<\/tr>\n<tr style=\"height: 16px;\">\n<td style=\"width: 19.6851%; text-align: center; height: 177px;\" rowspan=\"7\"><strong><b><br \/>\n<\/b><\/strong><strong><b><br \/>\n<\/b><\/strong><strong><b>Performance de traitement<\/b><\/strong><strong><b><br \/>\n<\/b><\/strong><strong><b><br \/>\n<\/b><\/strong><strong><b><br \/>\n<\/b><\/strong><\/td>\n<td style=\"height: 16px; width: 22.8827%; text-align: center;\">Fr\u00e9quences de changement de cadre (Hz)<\/td>\n<td style=\"height: 16px; width: 23.8358%; text-align: center;\">60<\/td>\n<\/tr>\n<tr style=\"height: 25px;\">\n<td style=\"height: 25px; width: 22.8827%; text-align: center;\">\u00a0 Type de pilote<\/td>\n<td style=\"height: 25px; width: 23.8358%; text-align: center;\">Drive \u00e0 courant constant, 28Scans<\/td>\n<\/tr>\n<tr style=\"height: 17px;\">\n<td style=\"height: 17px; width: 22.8827%; text-align: center;\">gris<\/td>\n<td style=\"height: 17px; width: 23.8358%; text-align: center;\">4096-65536 R\u00e9glable<\/td>\n<\/tr>\n<tr style=\"height: 34px;\">\n<td style=\"height: 34px; width: 22.8827%; text-align: center;\">Frequence de rafra\u00eechissement (Hz)<\/td>\n<td style=\"height: 34px; width: 23.8358%; text-align: center;\">\u2265 3840Hz r\u00e9glable<\/td>\n<\/tr>\n<tr style=\"height: 29px;\">\n<td style=\"height: 29px; width: 22.8827%; text-align: center;\">Capacit\u00e9 de traitement de couleur<\/td>\n<td style=\"height: 29px; width: 23.8358%; text-align: center;\">16 bits<\/td>\n<\/tr>\n<tr style=\"height: 10px;\">\n<td style=\"height: 10px; width: 22.8827%; text-align: center;\">Param\u00e8tres de m\u00e9morisation de coupure de puissance<\/td>\n<td style=\"height: 10px; width: 23.8358%; text-align: center;\">Luminosit\u00e9, chiffres de fixation du chrome, param\u00e8tres du module<\/td>\n<\/tr>\n<tr style=\"height: 46px;\">\n<td style=\"height: 46px; width: 22.8827%; text-align: center;\">Capacit\u00e9 d'affichage horizontale<\/td>\n<td style=\"height: 46px; width: 23.8358%; text-align: center;\">2K HD, 4K UHD<\/td>\n<\/tr>\n<tr style=\"height: 24px;\">\n<td style=\"width: 19.6851%; text-align: center; height: 150px;\" rowspan=\"5\">&nbsp;<\/p>\n<p><strong><b>Param\u00e8tres d'utilisation<\/b><\/strong><strong><b><br \/>\n<\/b><\/strong><strong><b><br \/>\n<\/b><\/strong><\/p>\n<p>&nbsp;<\/p>\n<p>&nbsp;<\/td>\n<td style=\"width: 22.8827%; text-align: center; height: 24px;\">Dur\u00e9e de vie moyenne (h)<\/td>\n<td style=\"width: 23.8358%; text-align: center; height: 24px;\">50 000 H<\/td>\n<\/tr>\n<tr style=\"height: 77px;\">\n<td style=\"width: 22.8827%; text-align: center; height: 47px;\">Temp\u00e9rature de travail \/ humidit\u00e9 (\u2103 \/ RH)<\/td>\n<td style=\"width: 23.8358%; text-align: center; height: 47px;\">-10-40 \/ 10% -70% RH (sans condensation)<\/td>\n<\/tr>\n<tr style=\"height: 24px;\">\n<td style=\"width: 22.8827%; text-align: center; height: 24px;\">Temp\u00e9rature\/humidit\u00e9 de stockage (\u2103\/RH)<\/td>\n<td style=\"width: 23.8358%; text-align: center; height: 24px;\">-20-60 \/ 10% -80% RH (sans condensation)<\/td>\n<\/tr>\n<tr style=\"height: 24px;\">\n<td style=\"width: 22.8827%; text-align: center; height: 24px;\">Normes appliqu\u00e9es<\/td>\n<td style=\"width: 23.8358%; text-align: center; height: 24px;\">CCC<\/td>\n<\/tr>\n<tr style=\"height: 56px;\">\n<td style=\"width: 22.8827%; text-align: center; height: 31px;\">\u00a0\u00c9valuation imperm\u00e9able<\/td>\n<td style=\"width: 23.8358%; text-align: center; height: 31px;\">IP65Avant<\/td>\n<\/tr>\n<\/tbody>\n<\/table>\n<p>&nbsp;<\/p>\n<p>&nbsp;<\/p>","protected":false},"excerpt":{"rendered":"<p>Cette nouvelle g\u00e9n\u00e9ration d'\u00e9crans cr\u00e9atifs de carrelage de sol combine durabilit\u00e9, installation rapide et \u00e9pissage 3D r\u00e9volutionnaire. Son bo\u00eetier modulaire et son m\u00e9canisme de verrouillage magn\u00e9tique permettent une installation rapide et individuelle et une maintenance minute par minute. Il prend en charge le d\u00e9salignement vertical, horizontal, avant-\u00e0-dos arbitraire, cr\u00e9ant facilement des formes 3D comme des vagues et des marches. L'\u00e9talonnage avanc\u00e9 assure un affichage sans faille, ce qui le rend largement applicable dans les spectacles, les espaces commerciaux, le tourisme culturel et la radiodiffusion, alliant sans faille l'ing\u00e9nierie efficace \u00e0 l'expression visuelle cr\u00e9ative.<\/p>","protected":false},"featured_media":2692,"comment_status":"closed","ping_status":"closed","template":"","meta":[],"product_brand":[],"product_cat":[32,45],"product_tag":[],"class_list":{"0":"post-2165","1":"product","2":"type-product","3":"status-publish","4":"has-post-thumbnail","6":"product_cat-fixed-led-display","7":"product_cat-indoor-fixed-installation","9":"first","10":"instock","11":"shipping-taxable","12":"product-type-simple"},"_links":{"self":[{"href":"https:\/\/www.leyaled.com\/fr\/wp-json\/wp\/v2\/product\/2165","targetHints":{"allow":["GET"]}}],"collection":[{"href":"https:\/\/www.leyaled.com\/fr\/wp-json\/wp\/v2\/product"}],"about":[{"href":"https:\/\/www.leyaled.com\/fr\/wp-json\/wp\/v2\/types\/product"}],"replies":[{"embeddable":true,"href":"https:\/\/www.leyaled.com\/fr\/wp-json\/wp\/v2\/comments?post=2165"}],"wp:featuredmedia":[{"embeddable":true,"href":"https:\/\/www.leyaled.com\/fr\/wp-json\/wp\/v2\/media\/2692"}],"wp:attachment":[{"href":"https:\/\/www.leyaled.com\/fr\/wp-json\/wp\/v2\/media?parent=2165"}],"wp:term":[{"taxonomy":"product_brand","embeddable":true,"href":"https:\/\/www.leyaled.com\/fr\/wp-json\/wp\/v2\/product_brand?post=2165"},{"taxonomy":"product_cat","embeddable":true,"href":"https:\/\/www.leyaled.com\/fr\/wp-json\/wp\/v2\/product_cat?post=2165"},{"taxonomy":"product_tag","embeddable":true,"href":"https:\/\/www.leyaled.com\/fr\/wp-json\/wp\/v2\/product_tag?post=2165"}],"curies":[{"name":"WP","href":"https:\/\/api.w.org\/{rel}","templated":true}]}}