{"id":2160,"date":"2025-10-09T16:47:47","date_gmt":"2025-10-09T08:47:47","guid":{"rendered":"https:\/\/www.leyaled.com\/?post_type=product&#038;p=2160"},"modified":"2025-12-11T16:25:16","modified_gmt":"2025-12-11T08:25:16","slug":"p4-81enclosure","status":"publish","type":"product","link":"https:\/\/www.leyaled.com\/fr\/indoor-led-display\/p4-81enclosure\/","title":{"rendered":"int\u00e9rieur P4.81 affichage Enclosure"},"content":{"rendered":"<p style=\"text-align: center;\"><strong><span style=\"font-family: helvetica, arial, sans-serif; font-size: 14pt;\">1\u3001Qualit\u00e9 d'image int\u00e9rieure adapt\u00e9e \u00e0 la sc\u00e8ne avec de grands effets visuels<\/span><\/strong><\/p>\n<p style=\"text-align: center;\"><span style=\"font-family: helvetica, arial, sans-serif; font-size: 14pt;\">Avec un pas de pixels de 4,81 mm et une densit\u00e9 de pixels d'environ 43 264 pixels\/m\u00b2, <\/span><\/p>\n<p style=\"text-align: center;\"><span style=\"font-family: helvetica, arial, sans-serif; font-size: 14pt;\">il est \u00e9quip\u00e9 d'un 160\u00b0 ultra-large <\/span><span style=\"font-family: helvetica, arial, sans-serif; font-size: 14pt;\">angle de vision et une luminosit\u00e9 d'environ 1000cd\/m\u00b2.<\/span><\/p>\n<p style=\"text-align: center;\"><span style=\"font-family: helvetica, arial, sans-serif; font-size: 14pt;\"> Il affiche non seulement clairement les vid\u00e9os dynamiques et la marque <\/span><span style=\"font-family: helvetica, arial, sans-serif; font-size: 14pt;\">logos mais \u00e9vite \u00e9galement l'\u00e9blouissement caus\u00e9 par une luminosit\u00e9 excessive.<\/span><\/p>\n<p style=\"text-align: center;\"><span style=\"font-family: helvetica, arial, sans-serif; font-size: 14pt;\"> Avec une fr\u00e9quence de rafra\u00eechissement d'au moins 500Hz, il<\/span><span style=\"font-family: helvetica, arial, sans-serif; font-size: 14pt;\">n'a pas de baguettement ou de tra\u00eenement lors de la lecture d'effets interactifs ou d'images de sc\u00e8ne,<\/span><\/p>\n<p style=\"text-align: center;\"><span style=\"font-family: helvetica, arial, sans-serif; font-size: 14pt;\">veiller \u00e0 ce que le public puisse voir du contenu clair sous n'importe quel angle.<\/span><\/p>\n<p style=\"text-align: center;\"><span style=\"font-family: helvetica, arial, sans-serif; font-size: 14pt;\"><strong>2\u3001L\u00e9ger, facile \u00e0 d\u00e9monter - id\u00e9al pour l'efficacit\u00e9 de la location<\/strong><\/span><\/p>\n<p style=\"text-align: center;\"><span style=\"font-family: helvetica, arial, sans-serif; font-size: 14pt;\">Il a un armoire l\u00e9ger, principalement en aluminium coul\u00e9 sous pression. Chaque unit\u00e9 n\u2019est pas lourde \u2013 2 \u00e0 3 personnes peuvent la transporter et l\u2019installer. <\/span><\/p>\n<p style=\"text-align: center;\"><span style=\"font-family: helvetica, arial, sans-serif; font-size: 14pt;\">donc l'\u00e9pissage est rapide. Les tailles communes sont celles standard comme 500 \u00d7 500mm et 500 \u00d7 1000mm, et vous pouvez ajuster<\/span><\/p>\n<p style=\"text-align: center;\"><span style=\"font-family: helvetica, arial, sans-serif; font-size: 14pt;\"> la taille et la forme pour s'adapter \u00e0 l'espace de l'\u00e9v\u00e9nement. Lorsqu\u2019il est d\u00e9mont\u00e9, il s\u2019empile pour le stockage, ce qui permet d\u2019\u00e9conomiser de l\u2019espace logistique et des co\u00fbts de main-d\u2019\u0153uvre.<\/span><\/p>\n<p style=\"text-align: center;\"><span style=\"font-size: 14pt; font-family: helvetica, arial, sans-serif;\"><strong>3\u3001Protection de base &amp; durabilit\u00e9 pour une utilisation fr\u00e9quente<\/strong><\/span><\/p>\n<p style=\"text-align: center;\"><span style=\"font-size: 14pt; font-family: helvetica, arial, sans-serif;\">Bien qu'il soit destin\u00e9 \u00e0 une utilisation int\u00e9rieure, il a des capacit\u00e9s de base \u00e0 l'abri de la poussi\u00e8re et de l'humidit\u00e9, qui peuvent g\u00e9rer la poussi\u00e8re l\u00e9g\u00e8re et l'humidit\u00e9 <\/span><\/p>\n<p style=\"text-align: center;\"><span style=\"font-size: 14pt; font-family: helvetica, arial, sans-serif;\">changements dans les environnements int\u00e9rieurs tels que les expositions et les centres commerciaux. La surface de l'\u00e9cran est principalement r\u00e9sistante aux rayures,<\/span><\/p>\n<p style=\"text-align: center;\"><span style=\"font-size: 14pt; font-family: helvetica, arial, sans-serif;\"> et les interfaces du module sont renforc\u00e9es, ce qui le rend moins susceptible d'endommagement m\u00eame avec des assemblages fr\u00e9quents et <\/span><\/p>\n<p style=\"text-align: center;\"><span style=\"font-size: 14pt; font-family: helvetica, arial, sans-serif;\">d\u00e9montage, r\u00e9pondant ainsi au &#8220; utilisation cyclique r\u00e9p\u00e9t\u00e9e&#8221; demande dans le secteur de la location.<\/span><\/p>\n<p style=\"text-align: center;\"><span style=\"font-size: 14pt; font-family: helvetica, arial, sans-serif;\"><strong>4\u3001Support pour le d\u00e9bogage rapide &amp; adaptation flexible de la sc\u00e8ne<\/strong><\/span><\/p>\n<p style=\"text-align: center;\"><span style=\"font-size: 14pt; font-family: helvetica, arial, sans-serif;\">Il est livr\u00e9 avec des interfaces de connexion de signal pratiques et est associ\u00e9 \u00e0 un syst\u00e8me de contr\u00f4le sp\u00e9cifique \u00e0 la location, ce qui lui permet d'\u00eatre \u00e9clair\u00e9 <\/span><\/p>\n<p style=\"text-align: center;\"><span style=\"font-size: 14pt; font-family: helvetica, arial, sans-serif;\">rapidement apr\u00e8s la connexion sur place. Il est compatible avec des modules de capteurs interactifs, permettant l'ajout temporaire de<\/span><\/p>\n<p style=\"text-align: center;\"><span style=\"font-size: 14pt; font-family: helvetica, arial, sans-serif;\"> effets interactifs tels que les ondulations d'eau et les d\u00e9clencheurs tactiles. Cela le rend appropri\u00e9 pour les sc\u00e9narios qui n\u00e9cessitent une<\/span><\/p>\n<p style=\"text-align: center;\"><span style=\"font-size: 14pt; font-family: helvetica, arial, sans-serif;\"> cr\u00e9ation d'atmosph\u00e8res, telles que les couloirs de mariage et les espaces d'exp\u00e9rience d'exposition, sans avoir besoin de modifications complexes.<\/span><\/p>\n<p style=\"text-align: center;\"><img fetchpriority=\"high\" decoding=\"async\" class=\"alignnone size-full wp-image-3206\" src=\"https:\/\/www.leyaled.com\/wp-content\/uploads\/2025\/10\/display-outdoor-1.webp\" alt=\"\" width=\"800\" height=\"591\" srcset=\"https:\/\/www.leyaled.com\/wp-content\/uploads\/2025\/10\/display-outdoor-1.webp 800w, https:\/\/www.leyaled.com\/wp-content\/uploads\/2025\/10\/display-outdoor-1-300x222.webp 300w, https:\/\/www.leyaled.com\/wp-content\/uploads\/2025\/10\/display-outdoor-1-768x567.webp 768w, https:\/\/www.leyaled.com\/wp-content\/uploads\/2025\/10\/display-outdoor-1-600x443.webp 600w\" sizes=\"(max-width: 800px) 100vw, 800px\" \/><\/p>\n<p style=\"text-align: center;\"><strong><span style=\"font-family: helvetica, arial, sans-serif; font-size: 14pt;\">Angle de vision large &amp; Haut contraste pour des images couleurs vives<\/span><\/strong><br \/>\n<span style=\"font-family: helvetica, arial, sans-serif; font-size: 14pt;\">Support\u00e9 par \u00e9pissage sans soudure, avec angles de vision horizontal et vertical de 160\u00b0. Il permet \u00e9galement une exp\u00e9rience d'\u00e9pissage courb\u00e9.<\/span><\/p>\n<p style=\"text-align: center;\"><img decoding=\"async\" class=\"alignnone size-full wp-image-3207\" src=\"https:\/\/www.leyaled.com\/wp-content\/uploads\/2025\/10\/display-5.webp\" alt=\"\" width=\"800\" height=\"446\" srcset=\"https:\/\/www.leyaled.com\/wp-content\/uploads\/2025\/10\/display-5.webp 800w, https:\/\/www.leyaled.com\/wp-content\/uploads\/2025\/10\/display-5-300x167.webp 300w, https:\/\/www.leyaled.com\/wp-content\/uploads\/2025\/10\/display-5-768x428.webp 768w, https:\/\/www.leyaled.com\/wp-content\/uploads\/2025\/10\/display-5-600x335.webp 600w\" sizes=\"(max-width: 800px) 100vw, 800px\" \/><\/p>\n<p style=\"text-align: center;\"><span style=\"font-family: helvetica, arial, sans-serif; font-size: 14pt;\"><strong>Taux de rafra\u00eechissement \u00e9lev\u00e9 &amp; Haut rapport de contraste<\/strong><\/span><\/p>\n<p style=\"text-align: center;\"><span style=\"font-family: helvetica, arial, sans-serif; font-size: 14pt;\">L'\u00e9cran offre des images stables et lisses avec une vitesse de r\u00e9ponse rapide. Avec un ratio 8000:1<\/span><\/p>\n<p style=\"text-align: center;\"><span style=\"font-family: helvetica, arial, sans-serif; font-size: 14pt;\"> rapport de contraste, il pr\u00e9sente des d\u00e9tails plus clairs, et sa luminosit\u00e9 peut s'ajuster automatiquement en fonction de l'environnement.<\/span><\/p>\n<p style=\"text-align: center;\"><img decoding=\"async\" class=\"alignnone size-full wp-image-3075\" src=\"https:\/\/www.leyaled.com\/wp-content\/uploads\/2025\/10\/display-3.webp\" alt=\"\" width=\"800\" height=\"648\" srcset=\"https:\/\/www.leyaled.com\/wp-content\/uploads\/2025\/10\/display-3.webp 800w, https:\/\/www.leyaled.com\/wp-content\/uploads\/2025\/10\/display-3-300x243.webp 300w, https:\/\/www.leyaled.com\/wp-content\/uploads\/2025\/10\/display-3-768x622.webp 768w, https:\/\/www.leyaled.com\/wp-content\/uploads\/2025\/10\/display-3-600x486.webp 600w\" sizes=\"(max-width: 800px) 100vw, 800px\" \/><\/p>\n<p style=\"text-align: center;\"><span style=\"font-family: helvetica, arial, sans-serif; font-size: 14pt;\">\u00a0 Faible luminosit\u00e9 &amp;  &amp; \u00e9chelle de gris basse Haute luminosit\u00e9 &amp; \u00e9chelle de gris basse\u00a0<\/span><\/p>\n<p style=\"text-align: center;\"><span style=\"font-family: helvetica, arial, sans-serif; font-size: 14pt;\">\u00a0 \u00a0 Perte importante de d\u00e9tails de la zone sombre Perte minimale de d\u00e9tails de la zone sombre \u00a0 \u00a0\u00a0<\/span><\/p>\n<p style=\"text-align: center;\"><span style=\"font-family: helvetica, arial, sans-serif; font-size: 14pt;\"><strong>Dissipation de chaleur intelligente &amp; Efficacit\u00e9 \u00e9nerg\u00e9tique<\/strong><\/span><\/p>\n<p style=\"text-align: center;\"><span style=\"font-family: helvetica, arial, sans-serif; font-size: 14pt;\">Les modules ont une dissipation thermique int\u00e9gr\u00e9e, ce qui prolonge la dur\u00e9e de vie de l\u2019\u00e9cran LED. Il dispose \u00e9galement de faibles<\/span><\/p>\n<p style=\"text-align: center;\"><span style=\"font-family: helvetica, arial, sans-serif; font-size: 14pt;\">consommation d'\u00e9nergie pour une meilleure \u00e9conomie d'\u00e9nergie et de respect de l'environnement.<\/span><\/p>\n<p style=\"text-align: center;\"><img loading=\"lazy\" decoding=\"async\" class=\"alignnone size-full wp-image-3208\" src=\"https:\/\/www.leyaled.com\/wp-content\/uploads\/2025\/10\/display1-2.webp\" alt=\"\" width=\"800\" height=\"446\" srcset=\"https:\/\/www.leyaled.com\/wp-content\/uploads\/2025\/10\/display1-2.webp 800w, https:\/\/www.leyaled.com\/wp-content\/uploads\/2025\/10\/display1-2-300x167.webp 300w, https:\/\/www.leyaled.com\/wp-content\/uploads\/2025\/10\/display1-2-768x428.webp 768w, https:\/\/www.leyaled.com\/wp-content\/uploads\/2025\/10\/display1-2-600x335.webp 600w\" sizes=\"(max-width: 800px) 100vw, 800px\" \/><\/p>\n<p style=\"text-align: center;\"><strong><span style=\"font-size: 14pt; font-family: helvetica, arial, sans-serif;\">Affichage LED haute d\u00e9finition pleine couleur<\/span><\/strong><\/p>\n<p style=\"text-align: center;\"><span style=\"font-size: 14pt; font-family: helvetica, arial, sans-serif;\">Il utilise des perles de lampe SMD de haute qualit\u00e9, assurant une qualit\u00e9 stable, fiable et garantie du produit.<\/span><\/p>\n<p style=\"text-align: center;\"><span style=\"font-size: 14pt; font-family: helvetica, arial, sans-serif;\"> Sans clignotement ni grainit\u00e9, il surpasse les produits d'affichage tels que le DLP.<\/span><\/p>\n<p style=\"text-align: center;\"><img loading=\"lazy\" decoding=\"async\" class=\"alignnone size-full wp-image-3209\" src=\"https:\/\/www.leyaled.com\/wp-content\/uploads\/2025\/10\/outdoor-1.webp\" alt=\"\" width=\"790\" height=\"613\" srcset=\"https:\/\/www.leyaled.com\/wp-content\/uploads\/2025\/10\/outdoor-1.webp 790w, https:\/\/www.leyaled.com\/wp-content\/uploads\/2025\/10\/outdoor-1-300x233.webp 300w, https:\/\/www.leyaled.com\/wp-content\/uploads\/2025\/10\/outdoor-1-768x596.webp 768w, https:\/\/www.leyaled.com\/wp-content\/uploads\/2025\/10\/outdoor-1-600x466.webp 600w\" sizes=\"(max-width: 790px) 100vw, 790px\" \/><\/p>","protected":false},"excerpt":{"rendered":"<p>L'\u00e9cran LED int\u00e9rieur haute d\u00e9finition P4.81 offre une qualit\u00e9 d'image exquise avec son pas de pixels de 3,91 mm. Il poss\u00e8de une densit\u00e9 de pixels \u00e9lev\u00e9e, des couleurs vibrantes et un taux de rafra\u00eechissement \u00e9lev\u00e9, assurant des images dynamiques lisses et stables; simultan\u00e9ment, sa luminosit\u00e9 douce permet une visualisation confortable. En utilisant une technologie d'\u00e9pissage sans couture, il peut \u00eatre combin\u00e9 librement en grands \u00e9crans immersifs, ce qui en fait une solution d'affichage id\u00e9ale pour les lieux int\u00e9rieurs haut de gamme tels que les showrooms d'entreprise, les salles de conf\u00e9rence et les studios.<\/p>","protected":false},"featured_media":2502,"comment_status":"closed","ping_status":"closed","template":"","meta":[],"product_brand":[],"product_cat":[42,15],"product_tag":[],"class_list":{"0":"post-2160","1":"product","2":"type-product","3":"status-publish","4":"has-post-thumbnail","6":"product_cat-indoor-led-display","7":"product_cat-standard-led-display","9":"first","10":"instock","11":"shipping-taxable","12":"product-type-simple"},"_links":{"self":[{"href":"https:\/\/www.leyaled.com\/fr\/wp-json\/wp\/v2\/product\/2160","targetHints":{"allow":["GET"]}}],"collection":[{"href":"https:\/\/www.leyaled.com\/fr\/wp-json\/wp\/v2\/product"}],"about":[{"href":"https:\/\/www.leyaled.com\/fr\/wp-json\/wp\/v2\/types\/product"}],"replies":[{"embeddable":true,"href":"https:\/\/www.leyaled.com\/fr\/wp-json\/wp\/v2\/comments?post=2160"}],"wp:featuredmedia":[{"embeddable":true,"href":"https:\/\/www.leyaled.com\/fr\/wp-json\/wp\/v2\/media\/2502"}],"wp:attachment":[{"href":"https:\/\/www.leyaled.com\/fr\/wp-json\/wp\/v2\/media?parent=2160"}],"wp:term":[{"taxonomy":"product_brand","embeddable":true,"href":"https:\/\/www.leyaled.com\/fr\/wp-json\/wp\/v2\/product_brand?post=2160"},{"taxonomy":"product_cat","embeddable":true,"href":"https:\/\/www.leyaled.com\/fr\/wp-json\/wp\/v2\/product_cat?post=2160"},{"taxonomy":"product_tag","embeddable":true,"href":"https:\/\/www.leyaled.com\/fr\/wp-json\/wp\/v2\/product_tag?post=2160"}],"curies":[{"name":"WP","href":"https:\/\/api.w.org\/{rel}","templated":true}]}}