{"id":2152,"date":"2025-10-09T16:42:58","date_gmt":"2025-10-09T08:42:58","guid":{"rendered":"https:\/\/www.leyaled.com\/?post_type=product&#038;p=2152"},"modified":"2025-12-12T10:53:32","modified_gmt":"2025-12-12T02:53:32","slug":"p2-604enclosure","status":"publish","type":"product","link":"https:\/\/www.leyaled.com\/fr\/indoor-led-display\/p2-604enclosure\/","title":{"rendered":"int\u00e9rieur P2.604 affichage Bo\u00eetier"},"content":{"rendered":"<p style=\"text-align: center;\"><span style=\"font-size: 14pt; font-family: helvetica, arial, sans-serif;\"><strong>Les \u00e9crans LED sont des produits sur mesure. Pour la personnalisation en plein \u00e9cran, veuillez contacter le service \u00e0 la client\u00e8le pour toute demande.<\/strong><\/span><\/p>\n<p style=\"text-align: center;\"><strong><span style=\"font-family: helvetica, arial, sans-serif; font-size: 14pt;\">Qualit\u00e9 d'image nette et excellente:<\/span><\/strong><span style=\"font-family: helvetica, arial, sans-serif; font-size: 14pt;\">Petit pas de pixel (2.604mm) pour des d\u00e9tails clairs. Lumi\u00e8re,<\/span><\/p>\n<p style=\"text-align: center;\"><span style=\"font-family: helvetica, arial, sans-serif; font-size: 14pt;\"> m\u00eame les couleurs et la luminosit\u00e9 juste juste - semble naturel et <\/span><\/p>\n<p style=\"text-align: center;\"><span style=\"font-family: helvetica, arial, sans-serif; font-size: 14pt;\">facile sur les yeux que vous regardiez en personne, que vous filmiez ou que vous l'utilisiez pour des configurations virtuelles. Vue claire de n'importe quel angle.<\/span><\/p>\n<p style=\"text-align: center;\"><span style=\"font-family: helvetica, arial, sans-serif; font-size: 14pt;\"><strong>Facile \u00e0 installer, d\u00e9monter et Transport :<\/strong> Les armoires sont l\u00e9gers (environ 7,5-12kg chacun) et minces,<\/span><\/p>\n<p style=\"text-align: center;\"><span style=\"font-family: helvetica, arial, sans-serif; font-size: 14pt;\"> Ils sont donc faciles \u00e0 transporter. Il peut \u00eatre \u00e9piss\u00e9 sans faille, ce qui rend la mise en place rapide - parfait pour des \u00e9v\u00e9nements temporaires tels que des concerts et des lancements de produits.<\/span><\/p>\n<p style=\"text-align: center;\"><span style=\"font-size: 14pt; font-family: helvetica, arial, sans-serif;\"><strong>Facile \u00e0 entretenir &amp; Longue dur\u00e9e :<\/strong>Aucun ventilateur n\u00e9cessaire pour le refroidissement, il fonctionne donc silencieusement - parfait pour <\/span><\/p>\n<p style=\"text-align: center;\"><span style=\"font-size: 14pt; font-family: helvetica, arial, sans-serif;\">endroits calmes comme des salles de r\u00e9union ou des studios. Si une ampoule LED tombe mal, vous pouvez la r\u00e9parer<\/span><\/p>\n<p style=\"text-align: center;\"><span style=\"font-size: 14pt; font-family: helvetica, arial, sans-serif;\"> de l'avant ou de l'arri\u00e8re, il n'est pas n\u00e9cessaire de d\u00e9monter tout l'\u00e9cran. Il fonctionne parfaitement jusqu'\u00e0 50 000 heures, m\u00eame avec une utilisation r\u00e9guli\u00e8re.<\/span><\/p>\n<p style=\"text-align: center;\"><span style=\"font-family: helvetica, arial, sans-serif; font-size: 14pt;\"><strong>Versatile pour de nombreux sc\u00e9narios :<\/strong> Il fonctionne pour des \u00e9v\u00e9nements int\u00e9rieurs tels que des salons commerciaux, des r\u00e9unions et des lancements. <\/span><\/p>\n<p style=\"text-align: center;\"><span style=\"font-family: helvetica, arial, sans-serif; font-size: 14pt;\">Certains mod\u00e8les imperm\u00e9ables peuvent \u00e9galement \u00eatre utilis\u00e9s \u00e0 l'ext\u00e9rieur pour les expositions - super adaptables.<\/span><\/p>\n<p style=\"text-align: center;\"><span style=\"font-family: helvetica, arial, sans-serif; font-size: 14pt;\"><strong>Exp\u00e9rience entourante avec une grande perspective<\/strong><\/span><\/p>\n<p style=\"text-align: center;\"><span style=\"font-family: helvetica, arial, sans-serif; font-size: 14pt;\">Les puces LED mont\u00e9es en surface pr\u00e9sentent eux-m\u00eames un large angle de vision. En outre, l'adoption <\/span><\/p>\n<p style=\"text-align: center;\"><span style=\"font-family: helvetica, arial, sans-serif; font-size: 14pt;\">des \u00e9quipements de haute pr\u00e9cision et des proc\u00e9d\u00e9s de fabrication avanc\u00e9s, combin\u00e9s \u00e0 un anti-\u00e9lectromagn\u00e9tique unique <\/span><\/p>\n<p style=\"text-align: center;\"><span style=\"font-family: helvetica, arial, sans-serif; font-size: 14pt;\">traitement d'onde, \u00e9largit encore les angles de vision horizontal et vertical.<\/span><\/p>\n<p style=\"text-align: center;\"><img fetchpriority=\"high\" decoding=\"async\" class=\"alignnone size-full wp-image-3217\" src=\"https:\/\/www.leyaled.com\/wp-content\/uploads\/2025\/10\/display-6.webp\" alt=\"\" width=\"800\" height=\"491\" srcset=\"https:\/\/www.leyaled.com\/wp-content\/uploads\/2025\/10\/display-6.webp 800w, https:\/\/www.leyaled.com\/wp-content\/uploads\/2025\/10\/display-6-300x184.webp 300w, https:\/\/www.leyaled.com\/wp-content\/uploads\/2025\/10\/display-6-768x471.webp 768w, https:\/\/www.leyaled.com\/wp-content\/uploads\/2025\/10\/display-6-600x368.webp 600w\" sizes=\"(max-width: 800px) 100vw, 800px\" \/><\/p>\n<p style=\"text-align: center;\"><span style=\"font-family: helvetica, arial, sans-serif; font-size: 14pt;\">\u00c9pincement sans couture, superbe f\u00eate visuelle HD<\/span><\/p>\n<p style=\"text-align: center;\"><span style=\"font-family: helvetica, arial, sans-serif; font-size: 14pt;\">Gr\u00e2ce \u00e0 sa structure d'affichage unitaire de haute pr\u00e9cision, il assure la coh\u00e9rence du pas de pixel. Cela \u00e9limine les \u00e9carts entre <\/span><\/p>\n<p style=\"text-align: center;\"><span style=\"font-family: helvetica, arial, sans-serif; font-size: 14pt;\">\u00e9crans \u00e9piss\u00e9s, offrant une image sans couture avec luminosit\u00e9 et couleur uniformes.<\/span><\/p>\n<p style=\"text-align: center;\"><img decoding=\"async\" class=\"alignnone size-full wp-image-3218\" src=\"https:\/\/www.leyaled.com\/wp-content\/uploads\/2025\/10\/display-5-1.webp\" alt=\"\" width=\"800\" height=\"491\" srcset=\"https:\/\/www.leyaled.com\/wp-content\/uploads\/2025\/10\/display-5-1.webp 800w, https:\/\/www.leyaled.com\/wp-content\/uploads\/2025\/10\/display-5-1-300x184.webp 300w, https:\/\/www.leyaled.com\/wp-content\/uploads\/2025\/10\/display-5-1-768x471.webp 768w, https:\/\/www.leyaled.com\/wp-content\/uploads\/2025\/10\/display-5-1-600x368.webp 600w\" sizes=\"(max-width: 800px) 100vw, 800px\" \/><\/p>\n<h5 class=\"header-iWP5WJ auto-hide-last-sibling-br\" style=\"text-align: center;\"><span style=\"font-family: helvetica, arial, sans-serif; font-size: 14pt;\">Affichage LED haute d\u00e9finition pleine couleur<\/span><\/h5>\n<h5 class=\"auto-hide-last-sibling-br paragraph-pP9ZLC paragraph-element br-paragraph-space\" style=\"text-align: center;\"><span style=\"font-family: helvetica, arial, sans-serif; font-size: 14pt;\">Adoptant une conception LED mont\u00e9e en surface, il dispose d'un large angle de vision, <\/span><\/h5>\n<h5 class=\"auto-hide-last-sibling-br paragraph-pP9ZLC paragraph-element br-paragraph-space\" style=\"text-align: center;\"><span style=\"font-family: helvetica, arial, sans-serif; font-size: 14pt;\">haute luminosit\u00e9, et fournit des images nettes, vibrantes et naturelles en haute d\u00e9finition.<\/span><\/h5>\n<p style=\"text-align: center;\"><img decoding=\"async\" class=\"alignnone size-full wp-image-3220\" src=\"https:\/\/www.leyaled.com\/wp-content\/uploads\/2025\/10\/display2-1.webp\" alt=\"\" width=\"800\" height=\"821\" srcset=\"https:\/\/www.leyaled.com\/wp-content\/uploads\/2025\/10\/display2-1.webp 800w, https:\/\/www.leyaled.com\/wp-content\/uploads\/2025\/10\/display2-1-292x300.webp 292w, https:\/\/www.leyaled.com\/wp-content\/uploads\/2025\/10\/display2-1-768x788.webp 768w, https:\/\/www.leyaled.com\/wp-content\/uploads\/2025\/10\/display2-1-600x616.webp 600w\" sizes=\"(max-width: 800px) 100vw, 800px\" \/><\/p>\n<p style=\"text-align: center;\"><span style=\"font-size: 14pt; font-family: helvetica, arial, sans-serif;\">Haute D\u00e9finition &amp; \u00c9cran convivial, tout gr\u00e2ce \u00e0 la haute r\u00e9solution<\/span><\/p>\n<p style=\"text-align: center;\"><span style=\"font-size: 14pt; font-family: helvetica, arial, sans-serif;\">Pour une exp\u00e9rience visuelle am\u00e9lior\u00e9e, nous nous assurons que l'\u00e9cran est exempt de LED trop lumineuses ou mortes. Il d\u00e9livre riche, <\/span><\/p>\n<p style=\"text-align: center;\"><span style=\"font-size: 14pt; font-family: helvetica, arial, sans-serif;\">couleurs uniformes et vives, associ\u00e9es \u00e0 une haute r\u00e9solution et \u00e0 un large angle de vision, vous offrant un plaisir visuel plus lisse et plus immersif<\/span><\/p>\n<p style=\"text-align: center;\"><img loading=\"lazy\" decoding=\"async\" class=\"alignnone size-full wp-image-3207\" src=\"https:\/\/www.leyaled.com\/wp-content\/uploads\/2025\/10\/display-5.webp\" alt=\"\" width=\"800\" height=\"446\" srcset=\"https:\/\/www.leyaled.com\/wp-content\/uploads\/2025\/10\/display-5.webp 800w, https:\/\/www.leyaled.com\/wp-content\/uploads\/2025\/10\/display-5-300x167.webp 300w, https:\/\/www.leyaled.com\/wp-content\/uploads\/2025\/10\/display-5-768x428.webp 768w, https:\/\/www.leyaled.com\/wp-content\/uploads\/2025\/10\/display-5-600x335.webp 600w\" sizes=\"(max-width: 800px) 100vw, 800px\" \/><\/p>\n<p style=\"text-align: center;\"><span style=\"font-family: helvetica, arial, sans-serif; font-size: 14pt;\">Vous voulez des d\u00e9tails ? Allez \u00e0 tout moment ! <\/span><\/p>\n<p style=\"text-align: center;\"><span style=\"font-family: helvetica, arial, sans-serif; font-size: 14pt;\">Vous avez besoin de conna\u00eetre les sp\u00e9cifications exactes du mod\u00e8le, quels sc\u00e9narios il convient le mieux, ou obtenir un devis?<\/span><\/p>\n<p style=\"text-align: center;\"><span style=\"font-family: helvetica, arial, sans-serif; font-size: 14pt;\"> Contactez-nous chaque fois que vous le souhaitez - nous vous donnerons des r\u00e9ponses qui fonctionnent pour vous!<\/span><\/p>","protected":false},"excerpt":{"rendered":"<p>P2.604 Affichage LED: Grande HD &amp; Facile \u00e0 utiliser<br \/>\nLe P2.604 est un \u00e9cran LED populaire, et sa meilleure partie est le &#8220; 2.604mm petit pas de pixel&#8221; Les pixels sont denses, donc les vid\u00e9os, les graphiques et le contenu dynamique montrent tous des d\u00e9tails clairs, sans flou. Les couleurs sont vives et uniformes, la luminosit\u00e9 est juste juste. Vous voyez clairement de l\u2019avant ou du c\u00f4t\u00e9, et c\u2019est facile sur vos yeux m\u00eame apr\u00e8s avoir regard\u00e9 un certain temps. L\u2019installation est simple : les armoires sont l\u00e9gers, s\u2019\u00e9picent sans couture. Il est rapide \u00e0 mettre en place pour des expositions ou des salles de r\u00e9union. Si une ampoule LED se casse plus tard, r\u00e9parez-la de l'avant ou de l'arri\u00e8re - il n'est pas n\u00e9cessaire de d\u00e9monter tout l'\u00e9cran, vous \u00e9vitez des probl\u00e8mes. Il fonctionne aussi calme, ne d\u00e9rangera pas les r\u00e9unions ou le travail en studio. Il existe des versions int\u00e9rieures et ext\u00e9rieures: une int\u00e9rieure pour les r\u00e9unions, les spectacles, les salles; l'ext\u00e9rieur est imperm\u00e9able \u00e0 l'eau, \u00e0 la poussi\u00e8re et plus lumineux - m\u00eame sous la lumi\u00e8re du soleil, l'image ne se fane pas, bon pour les \u00e9v\u00e9nements en plein air ou les spectacles en plein air. Dans l\u2019ensemble, c\u2019est un choix polyvalent qui est \u00e0 la fois HD et pratique.<\/p>","protected":false},"featured_media":2472,"comment_status":"closed","ping_status":"closed","template":"","meta":[],"product_brand":[],"product_cat":[42,15],"product_tag":[],"class_list":{"0":"post-2152","1":"product","2":"type-product","3":"status-publish","4":"has-post-thumbnail","6":"product_cat-indoor-led-display","7":"product_cat-standard-led-display","9":"first","10":"instock","11":"shipping-taxable","12":"product-type-simple"},"_links":{"self":[{"href":"https:\/\/www.leyaled.com\/fr\/wp-json\/wp\/v2\/product\/2152","targetHints":{"allow":["GET"]}}],"collection":[{"href":"https:\/\/www.leyaled.com\/fr\/wp-json\/wp\/v2\/product"}],"about":[{"href":"https:\/\/www.leyaled.com\/fr\/wp-json\/wp\/v2\/types\/product"}],"replies":[{"embeddable":true,"href":"https:\/\/www.leyaled.com\/fr\/wp-json\/wp\/v2\/comments?post=2152"}],"wp:featuredmedia":[{"embeddable":true,"href":"https:\/\/www.leyaled.com\/fr\/wp-json\/wp\/v2\/media\/2472"}],"wp:attachment":[{"href":"https:\/\/www.leyaled.com\/fr\/wp-json\/wp\/v2\/media?parent=2152"}],"wp:term":[{"taxonomy":"product_brand","embeddable":true,"href":"https:\/\/www.leyaled.com\/fr\/wp-json\/wp\/v2\/product_brand?post=2152"},{"taxonomy":"product_cat","embeddable":true,"href":"https:\/\/www.leyaled.com\/fr\/wp-json\/wp\/v2\/product_cat?post=2152"},{"taxonomy":"product_tag","embeddable":true,"href":"https:\/\/www.leyaled.com\/fr\/wp-json\/wp\/v2\/product_tag?post=2152"}],"curies":[{"name":"WP","href":"https:\/\/api.w.org\/{rel}","templated":true}]}}