{"id":2148,"date":"2025-10-09T16:40:05","date_gmt":"2025-10-09T08:40:05","guid":{"rendered":"https:\/\/www.leyaled.com\/?post_type=product&#038;p=2148"},"modified":"2025-12-08T11:09:02","modified_gmt":"2025-12-08T03:09:02","slug":"flexible-screen","status":"publish","type":"product","link":"https:\/\/www.leyaled.com\/fr\/indoor-flexible-display\/flexible-screen\/","title":{"rendered":"Affichage \u00e0 \u00e9cran flexible P3.91"},"content":{"rendered":"<p style=\"text-align: center;\"><span style=\"font-family: impact, sans-serif; font-size: 14pt;\">En tant qu'\u00e9cran cr\u00e9atif flexible, la s\u00e9rie S offre une flexibilit\u00e9 ultra-\u00e9lev\u00e9e et peut \u00eatre facilement cr\u00e9\u00e9e <\/span><\/p>\n<p style=\"text-align: center;\"><span style=\"font-family: impact, sans-serif; font-size: 14pt;\">qu'il s'agisse d'une forme d'arc interne ou externe \u00e0 grand angle, d'un cylindre ou d'un arc \u00e0 angle droit \u00e0 90 degr\u00e9s.!<\/span><\/p>\n<p style=\"text-align: center;\">\u00a0 \u00a0\u00a0<img fetchpriority=\"high\" decoding=\"async\" class=\"alignnone wp-image-3064\" src=\"https:\/\/www.leyaled.com\/wp-content\/uploads\/2025\/10\/display-1.webp\" alt=\"\" width=\"785\" height=\"272\" srcset=\"https:\/\/www.leyaled.com\/wp-content\/uploads\/2025\/10\/display-1.webp 805w, https:\/\/www.leyaled.com\/wp-content\/uploads\/2025\/10\/display-1-300x104.webp 300w, https:\/\/www.leyaled.com\/wp-content\/uploads\/2025\/10\/display-1-768x266.webp 768w, https:\/\/www.leyaled.com\/wp-content\/uploads\/2025\/10\/display-1-600x208.webp 600w\" sizes=\"(max-width: 785px) 100vw, 785px\" \/><\/p>\n<p style=\"text-align: center;\"><span style=\"font-family: helvetica, arial, sans-serif; font-size: 14pt;\">La membrane douce pr\u00e9sente une excellente flexibilit\u00e9 et peut<\/span><\/p>\n<p style=\"text-align: center;\"><span style=\"font-family: helvetica, arial, sans-serif; font-size: 14pt;\"> \u00eatre pli\u00e9 sous plusieurs angles et rayons<\/span><\/p>\n<p style=\"text-align: center;\"><span style=\"font-family: helvetica, arial, sans-serif; font-size: 14pt;\">\u00c9pincement \u00e0 membrane douce, compatible avec des \u00e9crans LED irr\u00e9guliers de forme cylindrique, <\/span><\/p>\n<p style=\"text-align: center;\"><span style=\"font-family: helvetica, arial, sans-serif; font-size: 14pt;\">courbes, sph\u00e9riques, en forme de S et autres formes<\/span><\/p>\n<p style=\"text-align: center;\"><img decoding=\"async\" class=\"alignnone size-full wp-image-3060\" src=\"https:\/\/www.leyaled.com\/wp-content\/uploads\/2025\/10\/display1.webp\" alt=\"\" width=\"789\" height=\"340\" srcset=\"https:\/\/www.leyaled.com\/wp-content\/uploads\/2025\/10\/display1.webp 789w, https:\/\/www.leyaled.com\/wp-content\/uploads\/2025\/10\/display1-300x129.webp 300w, https:\/\/www.leyaled.com\/wp-content\/uploads\/2025\/10\/display1-768x331.webp 768w, https:\/\/www.leyaled.com\/wp-content\/uploads\/2025\/10\/display1-600x259.webp 600w\" sizes=\"(max-width: 789px) 100vw, 789px\" \/><\/p>\n<p style=\"text-align: center;\"><img decoding=\"async\" class=\"alignnone size-full wp-image-3062\" src=\"https:\/\/www.leyaled.com\/wp-content\/uploads\/2025\/10\/display3.webp\" alt=\"\" width=\"805\" height=\"231\" srcset=\"https:\/\/www.leyaled.com\/wp-content\/uploads\/2025\/10\/display3.webp 805w, https:\/\/www.leyaled.com\/wp-content\/uploads\/2025\/10\/display3-300x86.webp 300w, https:\/\/www.leyaled.com\/wp-content\/uploads\/2025\/10\/display3-768x220.webp 768w, https:\/\/www.leyaled.com\/wp-content\/uploads\/2025\/10\/display3-600x172.webp 600w\" sizes=\"(max-width: 805px) 100vw, 805px\" \/><\/p>\n<p style=\"text-align: center;\"><span style=\"font-family: helvetica, arial, sans-serif;\">\u00a0<span style=\"font-size: 14pt;\"> \u00a0 \u00a0 Bonne flexibilit\u00e9 Pas de d\u00e9tachement adh\u00e9sif<\/span><\/span><\/p>\n<p style=\"text-align: center;\"><img loading=\"lazy\" decoding=\"async\" class=\"alignnone size-full wp-image-3061\" src=\"https:\/\/www.leyaled.com\/wp-content\/uploads\/2025\/10\/display2.webp\" alt=\"\" width=\"805\" height=\"219\" srcset=\"https:\/\/www.leyaled.com\/wp-content\/uploads\/2025\/10\/display2.webp 805w, https:\/\/www.leyaled.com\/wp-content\/uploads\/2025\/10\/display2-300x82.webp 300w, https:\/\/www.leyaled.com\/wp-content\/uploads\/2025\/10\/display2-768x209.webp 768w, https:\/\/www.leyaled.com\/wp-content\/uploads\/2025\/10\/display2-600x163.webp 600w\" sizes=\"(max-width: 805px) 100vw, 805px\" \/><\/p>\n<p style=\"text-align: center;\"><span style=\"font-family: helvetica, arial, sans-serif;\">\u00a0 \u00a0 \u00a0 \u00a0 \u00a0 \u00a0 \u00a0 \u00a0 \u00a0 \u00a0 \u00a0 \u00a0 \u00a0<span style=\"font-size: 14pt;\">\u00a0Grand angle Bonne flexibilit\u00e9<\/span><\/span><\/p>\n<p style=\"text-align: center;\"><img loading=\"lazy\" decoding=\"async\" class=\"alignnone size-full wp-image-3063\" src=\"https:\/\/www.leyaled.com\/wp-content\/uploads\/2025\/10\/display4.webp\" alt=\"\" width=\"805\" height=\"348\" srcset=\"https:\/\/www.leyaled.com\/wp-content\/uploads\/2025\/10\/display4.webp 805w, https:\/\/www.leyaled.com\/wp-content\/uploads\/2025\/10\/display4-300x130.webp 300w, https:\/\/www.leyaled.com\/wp-content\/uploads\/2025\/10\/display4-768x332.webp 768w, https:\/\/www.leyaled.com\/wp-content\/uploads\/2025\/10\/display4-600x259.webp 600w\" sizes=\"(max-width: 805px) 100vw, 805px\" \/><\/p>\n<p style=\"text-align: center;\"><span style=\"font-family: helvetica, arial, sans-serif; font-size: 14pt;\">Perles de lampe de haute qualit\u00e9 avec une longue dur\u00e9e de vie de l'affichage.<\/span><br \/>\n<span style=\"font-family: helvetica, arial, sans-serif; font-size: 14pt;\">Perles de lampe de qualit\u00e9 sup\u00e9rieure sont adopt\u00e9es, pr\u00e9sentant un effet de m\u00e9lange de couleur excellent, une longue dur\u00e9e de vie, un taux de lampe morte r\u00e9duit,<\/span><\/p>\n<p style=\"text-align: center;\"><span style=\"font-family: helvetica, arial, sans-serif; font-size: 14pt;\">fonctionnement stable et en douceur des images affich\u00e9es, ainsi que la protection de l'environnement et la stabilit\u00e9<\/span><\/p>\n<p>&nbsp;<\/p>\n<p style=\"text-align: center;\"><span style=\"font-family: impact, sans-serif; font-size: 18pt;\">M\u00c9THODE D'INSTALLATION<\/span><\/p>\n<p>&nbsp;<\/p>\n<p style=\"text-align: center;\"><img loading=\"lazy\" decoding=\"async\" class=\"size-full wp-image-3067 aligncenter\" src=\"https:\/\/www.leyaled.com\/wp-content\/uploads\/2025\/10\/display1.png\" alt=\"\" width=\"714\" height=\"215\" srcset=\"https:\/\/www.leyaled.com\/wp-content\/uploads\/2025\/10\/display1.png 714w, https:\/\/www.leyaled.com\/wp-content\/uploads\/2025\/10\/display1-300x90.png 300w, https:\/\/www.leyaled.com\/wp-content\/uploads\/2025\/10\/display1-600x181.png 600w\" sizes=\"(max-width: 714px) 100vw, 714px\" \/><span style=\"font-family: helvetica, arial, sans-serif; font-size: 14pt;\">\u00a0 \u00a0Suspension incrust\u00e9e mont\u00e9e au plafond<\/span><\/p>\n<p><img loading=\"lazy\" decoding=\"async\" class=\"size-full wp-image-3068 aligncenter\" src=\"https:\/\/www.leyaled.com\/wp-content\/uploads\/2025\/10\/display2.png\" alt=\"\" width=\"714\" height=\"233\" srcset=\"https:\/\/www.leyaled.com\/wp-content\/uploads\/2025\/10\/display2.png 714w, https:\/\/www.leyaled.com\/wp-content\/uploads\/2025\/10\/display2-300x98.png 300w, https:\/\/www.leyaled.com\/wp-content\/uploads\/2025\/10\/display2-600x196.png 600w\" sizes=\"(max-width: 714px) 100vw, 714px\" \/><\/p>\n<p><span style=\"font-family: helvetica, arial, sans-serif;\">\u00a0 \u00a0 \u00a0 \u00a0 \u00a0 \u00a0 \u00a0 \u00a0 \u00a0 \u00a0 \u00a0 \u00a0 \u00a0 \u00a0 \u00a0 \u00a0 \u00a0 \u00a0 \u00a0 \u00a0 \u00a0 \u00a0 \u00a0 \u00a0 \u00a0 \u00a0 \u00a0 \u00a0 <\/span><\/p>\n<p style=\"text-align: center;\"><span style=\"font-family: helvetica, arial, sans-serif;\">\u00a0 \u00a0 \u00a0 \u00a0<span style=\"font-size: 14pt;\"> mount\u00e9 mural Type de support de colonne Floor-standin<\/span><\/span><\/p>\n<p>&nbsp;<\/p>\n<p style=\"text-align: center;\"><span style=\"font-family: impact, sans-serif; font-size: 18pt;\">Sc\u00e9narios d'application<\/span><\/p>\n<p style=\"text-align: center;\"><span style=\"font-family: helvetica, arial, sans-serif; font-size: 14pt;\">Centre commercial Mus\u00e9e Salle d'exposition<\/span><\/p>\n<p style=\"text-align: center;\"><span style=\"font-family: helvetica, arial, sans-serif; font-size: 14pt;\">Gr\u00e2ce \u00e0 ses caract\u00e9ristiques de corps mince, de haute qualit\u00e9 d'affichage et de pliabilit\u00e9, il est largement utilis\u00e9 dans diverses occasions.<\/span><\/p>\n<p style=\"text-align: center;\"><img loading=\"lazy\" decoding=\"async\" class=\"alignnone size-full wp-image-3065\" src=\"https:\/\/www.leyaled.com\/wp-content\/uploads\/2025\/10\/leddisplay.webp\" alt=\"\" width=\"805\" height=\"597\" srcset=\"https:\/\/www.leyaled.com\/wp-content\/uploads\/2025\/10\/leddisplay.webp 805w, https:\/\/www.leyaled.com\/wp-content\/uploads\/2025\/10\/leddisplay-300x222.webp 300w, https:\/\/www.leyaled.com\/wp-content\/uploads\/2025\/10\/leddisplay-768x570.webp 768w, https:\/\/www.leyaled.com\/wp-content\/uploads\/2025\/10\/leddisplay-600x445.webp 600w\" sizes=\"(max-width: 805px) 100vw, 805px\" \/><\/p>\n<p style=\"text-align: center;\"><span style=\"font-family: helvetica, arial, sans-serif;\"><strong>Q: Quelle est l'\u00e9paisseur minimale possible pour les \u00e9crans flexibles?<\/strong><\/span><\/p>\n<p style=\"text-align: center;\"><span style=\"font-family: helvetica, arial, sans-serif;\"><strong>R: Nos produits d'\u00e9cran flexible peuvent \u00eatre personnalis\u00e9s pour l'\u00e9paisseur en fonction des sc\u00e9narios d'application. <\/strong><\/span><\/p>\n<p style=\"text-align: center;\"><span style=\"font-family: helvetica, arial, sans-serif;\"><strong>Le module d'affichage du noyau peut \u00eatre aussi mince que 0,1 mm (y compris le substrat); avec encapsulation\/protection<\/strong><\/span><\/p>\n<p style=\"text-align: center;\"><span style=\"font-family: helvetica, arial, sans-serif;\"><strong> couches, les mod\u00e8les commerciaux standard sont 0,3-0,5 mm d'\u00e9paisseur, tandis que les versions personnalis\u00e9es pour des sc\u00e9narios sp\u00e9ciaux<\/strong><\/span><\/p>\n<p style=\"text-align: center;\"><span style=\"font-family: helvetica, arial, sans-serif;\"><strong> (par exemple, utilisation dans le v\u00e9hicule \/ ext\u00e9rieur) sont d'environ 0,8-1,2 mm d'\u00e9paisseur. L'\u00e9paisseur de la base varie l\u00e9g\u00e8rement selon la voie technologique<\/strong><\/span><\/p>\n<p style=\"text-align: center;\"><span style=\"font-family: helvetica, arial, sans-serif;\"><strong> (OLED \/ Micro-LED), et peut \u00eatre ajust\u00e9 avec pr\u00e9cision pour r\u00e9pondre \u00e0 vos besoins d'utilisation sp\u00e9cifiques.<\/strong><\/span><\/p>","protected":false},"excerpt":{"rendered":"<p>Les \u00e9crans flexibles sont des produits d'affichage r\u00e9volutionnaires bas\u00e9s sur des technologies OLED ou Micro-LED avanc\u00e9es. Ils poss\u00e8dent des propri\u00e9t\u00e9s physiques uniques d'\u00eatre pliables, pliables et m\u00eame laminables, qui brisent compl\u00e8tement les limites de forme des \u00e9crans rigides traditionnels et offrent aux utilisateurs de nouvelles exp\u00e9riences visuelles et de nouvelles possibilit\u00e9s d'application. Ces \u00e9crans ne sont pas seulement extr\u00eamement flexibles avec des conceptions en forme libre, capables de s'adapter \u00e0 divers terminaux tels que les smartphones pliables, les t\u00e9l\u00e9viseurs roulables et les montres intelligentes enveloppantes pour atteindre &#8220; affichage qui se conforme \u00e0 la forme&#8221;  \u2014 mais poss\u00e8dent \u00e9galement des avantages tels qu'\u00eatre mince, l\u00e9ger et portable, r\u00e9sistant aux chocs, faible \u00e9mission de lumi\u00e8re bleue, taux de rafra\u00eechissement \u00e9lev\u00e9s (jusqu'\u00e0 120 Hz et plus) et une large gamme de couleurs. Leurs images sont lisses et d\u00e9licates, tout en \u00e9tant protectrices oculaires et \u00e9conomiques en \u00e9nergie. De plus, leur technologie auto-\u00e9clairante peut r\u00e9duire consid\u00e9rablement la consommation d'\u00e9nergie et prolonger la dur\u00e9e de vie de la batterie des appareils. Ils supportent \u00e9galement la personnalisation flexible de la courbure, de la taille et de la transparence, ce qui les rend largement utilis\u00e9s dans des domaines tels que l'\u00e9lectronique grand public, les affichages embarqu\u00e9s, les expositions commerciales, les appareils portables et la d\u00e9coration de la maison. Les \u00e9crans flexibles continuent de stimuler l\u2019innovation dans les terminaux intelligents et de transformer l\u2019interaction visuelle.<\/p>","protected":false},"featured_media":2508,"comment_status":"closed","ping_status":"closed","template":"","meta":[],"product_brand":[],"product_cat":[33,46],"product_tag":[],"class_list":{"0":"post-2148","1":"product","2":"type-product","3":"status-publish","4":"has-post-thumbnail","6":"product_cat-flexible-display","7":"product_cat-indoor-flexible-display","9":"first","10":"instock","11":"shipping-taxable","12":"product-type-simple"},"_links":{"self":[{"href":"https:\/\/www.leyaled.com\/fr\/wp-json\/wp\/v2\/product\/2148","targetHints":{"allow":["GET"]}}],"collection":[{"href":"https:\/\/www.leyaled.com\/fr\/wp-json\/wp\/v2\/product"}],"about":[{"href":"https:\/\/www.leyaled.com\/fr\/wp-json\/wp\/v2\/types\/product"}],"replies":[{"embeddable":true,"href":"https:\/\/www.leyaled.com\/fr\/wp-json\/wp\/v2\/comments?post=2148"}],"wp:featuredmedia":[{"embeddable":true,"href":"https:\/\/www.leyaled.com\/fr\/wp-json\/wp\/v2\/media\/2508"}],"wp:attachment":[{"href":"https:\/\/www.leyaled.com\/fr\/wp-json\/wp\/v2\/media?parent=2148"}],"wp:term":[{"taxonomy":"product_brand","embeddable":true,"href":"https:\/\/www.leyaled.com\/fr\/wp-json\/wp\/v2\/product_brand?post=2148"},{"taxonomy":"product_cat","embeddable":true,"href":"https:\/\/www.leyaled.com\/fr\/wp-json\/wp\/v2\/product_cat?post=2148"},{"taxonomy":"product_tag","embeddable":true,"href":"https:\/\/www.leyaled.com\/fr\/wp-json\/wp\/v2\/product_tag?post=2148"}],"curies":[{"name":"WP","href":"https:\/\/api.w.org\/{rel}","templated":true}]}}