{"id":2901,"date":"2025-11-06T15:36:32","date_gmt":"2025-11-06T07:36:32","guid":{"rendered":"https:\/\/www.leyaled.com\/?post_type=product&#038;p=2901"},"modified":"2025-12-10T15:33:34","modified_gmt":"2025-12-10T07:33:34","slug":"die-cast-aluminum-p6","status":"publish","type":"product","link":"https:\/\/www.leyaled.com\/es\/outdoor-fixed-installation\/die-cast-aluminum-p6\/","title":{"rendered":"Aluminio fundido a presi\u00f3n P6 para alquiler"},"content":{"rendered":"<h5 class=\"header-iWP5WJ auto-hide-last-sibling-br\" style=\"text-align: center;\"><span style=\"font-family: helvetica, arial, sans-serif;\"><strong><span style=\"font-size: 14pt;\">Pantalla led de aluminio fundido a presi\u00f3n P6: Caracter\u00edsticas clave<\/span><\/strong><\/span><\/h5>\n<p style=\"text-align: center;\"><span style=\"font-family: helvetica, arial, sans-serif; font-size: 14pt;\">La pantalla led de aluminio fundido a presi\u00f3n P6 integra un gabinete de aluminio fundido a presi\u00f3n de alta resistencia con un p\u00edxel de 6 mm<\/span><\/p>\n<p style=\"text-align: center;\"><span style=\"font-family: helvetica, arial, sans-serif; font-size: 14pt;\"> pitch (P6), que combina una estructura robusta y un rendimiento de pantalla n\u00edtido. Es una soluci\u00f3n vers\u00e1til para el exterior<\/span><\/p>\n<p style=\"text-align: center;\"><span style=\"font-family: helvetica, arial, sans-serif; font-size: 14pt;\"> publicidad, eventos de escenario, salas de exposiciones y m\u00e1s, aqu\u00ed es por qu\u00e9 destaca:<\/span><\/p>\n<h2 class=\"header-iWP5WJ auto-hide-last-sibling-br\" style=\"text-align: center;\"><span style=\"font-family: helvetica, arial, sans-serif; font-size: 14pt;\">1. Robusto, delgado &amp; F\u00e1cil de manejar<\/span><\/h2>\n<p style=\"text-align: center;\">Fabricado con aluminio fundido a presi\u00f3n mecanizado por CNC, el gabinete cuenta con una resistencia excepcional<\/p>\n<p style=\"text-align: center;\">y capacidad anti-deformaci\u00f3n, perfecta para el transporte al aire libre y el montaje \/ desmontaje frecuente.<\/p>\n<p style=\"text-align: center;\">Mucho m\u00e1s delgado y ligero que los gabinetes tradicionales de chapa met\u00e1lica (port\u00e1til por una persona),<\/p>\n<p style=\"text-align: center;\">Reducir los costos laborales de instalaci\u00f3n y log\u00edstica.<\/p>\n<p style=\"text-align: center;\">Soporta montaje flexible: elevaci\u00f3n, apilamiento,<\/p>\n<p style=\"text-align: center;\">o montaje en pared: funciona sin problemas para superficies planas o curvas.<\/p>\n<p style=\"text-align: center;\"><span style=\"font-size: 14pt; font-family: helvetica, arial, sans-serif;\"><strong>2. empalme sin costuras para vistas inmersivas<\/strong><\/span><\/p>\n<p style=\"text-align: center;\"><span style=\"font-size: 14pt; font-family: helvetica, arial, sans-serif;\">El espacio de empalme ultrapreciso (tan bajo como 0,1 mm) elimina las roturas de la imagen, proporcionando un suave, <\/span><\/p>\n<p style=\"text-align: center;\"><span style=\"font-size: 14pt; font-family: helvetica, arial, sans-serif;\">experiencia visual de pantalla completa, sin m\u00e1s distracci\u00f3n de las brechas como las pantallas tradicionales.<\/span><\/p>\n<p style=\"text-align: center;\"><span style=\"font-size: 14pt; font-family: helvetica, arial, sans-serif;\">El dise\u00f1o de bloqueo r\u00e1pido le permite configurar un gabinete en ~10 segundos. Ajuste fino durante el empalme <\/span><\/p>\n<p style=\"text-align: center;\"><span style=\"font-size: 14pt; font-family: helvetica, arial, sans-serif;\">garantiza brillo y color uniformes en toda la pantalla.<\/span><\/p>\n<p style=\"text-align: center;\"><span style=\"font-family: helvetica, arial, sans-serif; font-size: 14pt;\"><strong>3. Impresionante pantalla para cualquier entorno<\/strong><\/span><\/p>\n<p style=\"text-align: center;\"><span style=\"font-family: helvetica, arial, sans-serif; font-size: 14pt;\">Din\u00e1mica suave: tasa de actualizaci\u00f3n de \u22651920Hz garantiza v\u00eddeos \/ animaciones sin parpadeo y sin ondas<\/span><\/p>\n<p style=\"text-align: center;\"><span style=\"font-family: helvetica, arial, sans-serif; font-size: 14pt;\">ideal para transmisiones en vivo o espect\u00e1culos escenarios donde la claridad en la c\u00e1mara importa.<\/span><\/p>\n<p style=\"text-align: center;\"><span style=\"font-family: helvetica, arial, sans-serif; font-size: 14pt;\">Colores v\u00edvidos: 16,7 millones de colores completos con alta fidelidad. Calibraci\u00f3n p\u00edxel por p\u00edxel (en modelos seleccionados) <\/span><\/p>\n<p style=\"text-align: center;\"><span style=\"font-family: helvetica, arial, sans-serif; font-size: 14pt;\">soluciona la desviaci\u00f3n del color f\u00e1cilmente, manteniendo las im\u00e1genes consistentes a largo plazo.<\/span><\/p>\n<p style=\"text-align: center;\"><span style=\"font-family: helvetica, arial, sans-serif; font-size: 14pt;\">Luz &amp; \u00c1ngulo adaptable: modelos al aire libre ofrecen \u22655500 cd\/ \u33a1  brillo <\/span><\/p>\n<p style=\"text-align: center;\"><span style=\"font-family: helvetica, arial, sans-serif; font-size: 14pt;\">(0-100% ajustable por software) - claro en la luz solar, sin resplandor por la noche.  100\u00b0-140\u00b0<\/span><\/p>\n<p style=\"text-align: center;\"><span style=\"font-family: helvetica, arial, sans-serif; font-size: 14pt;\"> Un amplio \u00e1ngulo de visi\u00f3n permite que todos vean claramente, sin importar d\u00f3nde se encuentren.<\/span><\/p>\n<p style=\"text-align: center;\"><span style=\"font-family: helvetica, arial, sans-serif; font-size: 14pt;\"><strong>4. Durable &amp; Estable para uso 24\/7<\/strong><\/span><\/p>\n<p style=\"text-align: center;\"><span style=\"font-family: helvetica, arial, sans-serif; font-size: 14pt;\">Est\u00e1 construido para resistir las condiciones exteriores, gracias a un gabinete sellado con protecci\u00f3n IP65, lo que evita la lluvia. <\/span><\/p>\n<p style=\"text-align: center;\"><span style=\"font-family: helvetica, arial, sans-serif; font-size: 14pt;\">polvo y humedad, por lo que no tiene que preocuparse por el da\u00f1o de los elementos. Los circuitos tambi\u00e9n tienen<\/span><\/p>\n<p style=\"text-align: center;\"><span style=\"font-family: helvetica, arial, sans-serif; font-size: 14pt;\"> un recubrimiento especial que combate la corrosi\u00f3n, la est\u00e1tica y la humedad, haciendo que la pantalla sea fiable durante a\u00f1os.<\/span><\/p>\n<p style=\"text-align: center;\"><span style=\"font-family: helvetica, arial, sans-serif; font-size: 14pt;\">Tambi\u00e9n soporta temperaturas dif\u00edciles. Utilizamos fuentes de alimentaci\u00f3n de primer nivel y chips de IC de marcas mundiales conocidas, <\/span><\/p>\n<p style=\"text-align: center;\"><span style=\"font-family: helvetica, arial, sans-serif; font-size: 14pt;\">por lo que funciona de forma constante incluso cuando es tan fr\u00edo como -10 \u00b0 C o tan caliente como 50 \u00b0 C.<\/span><\/p>\n<p style=\"text-align: center;\"><span style=\"font-family: helvetica, arial, sans-serif; font-size: 14pt;\">Adem\u00e1s, algunos modelos vienen con doble redundancia para potencia y se\u00f1ales. Esto significa que si una fuente de energ\u00eda o se\u00f1al<\/span><\/p>\n<p style=\"text-align: center;\"><span style=\"font-family: helvetica, arial, sans-serif; font-size: 14pt;\">El camino deja de funcionar, el otro se activa de inmediato, sin apagones repentinos para arruinar su pantalla.<\/span><\/p>\n<p style=\"text-align: center;\"><span style=\"font-family: helvetica, arial, sans-serif;\"><strong>5. Bajo mantenimiento, alto valor<\/strong><\/span><br \/>\n<span style=\"font-family: helvetica, arial, sans-serif;\">Es realmente bueno para mantenerse fresco, no hay problemas de sobrecalentamiento aqu\u00ed. El aluminio fundido a presi\u00f3n permite que el calor escape naturalmente,<\/span><\/p>\n<p style=\"text-align: center;\"><span style=\"font-family: helvetica, arial, sans-serif;\"> y si vas por el modelo al aire libre, incluso viene con ventiladores adicionales para ayudar. De esta manera, la pantalla no se desgasta r\u00e1pidamente por hacerse demasiado caliente.<\/span><\/p>\n<p style=\"text-align: center;\"><span style=\"font-family: helvetica, arial, sans-serif;\">Las reparaciones tambi\u00e9n son una brisa. Si algo se rompe, no tienes que reemplazar todo el gabinete, solo cambia el <\/span><\/p>\n<p style=\"text-align: center;\"><span style=\"font-family: helvetica, arial, sans-serif;\">m\u00f3dulo defectuoso o perla led. Le ahorra un mont\u00f3n de tiempo y tambi\u00e9n reduce los costos de reparaci\u00f3n.<\/span><\/p>\n<p style=\"text-align: center;\"><span style=\"font-family: helvetica, arial, sans-serif;\">\u00bfY los LEDs? Est\u00e1n construidos para ir la distancia. Puedes ejecutar esta pantalla 24\/7, d\u00eda tras d\u00eda, y<\/span><\/p>\n<p style=\"text-align: center;\"><span style=\"font-family: helvetica, arial, sans-serif;\"> aguantar durante a\u00f1os. No hay necesidad de gastar dinero por reemplazos frecuentes de LED m\u00e1s tarde.<\/span><\/p>\n<p style=\"text-align: center;\"><strong><span style=\"font-family: helvetica, arial, sans-serif; font-size: 14pt;\">Cobertura de alta gama de colores<\/span><\/strong><\/p>\n<h5 class=\"header-iWP5WJ auto-hide-last-sibling-br\" style=\"text-align: center;\"><span style=\"font-family: helvetica, arial, sans-serif; font-size: 14pt;\">Procesamiento preciso de escala de grises<\/span><\/h5>\n<p style=\"text-align: center;\"><img fetchpriority=\"high\" decoding=\"async\" class=\"alignnone size-full wp-image-3074\" src=\"https:\/\/www.leyaled.com\/wp-content\/uploads\/2025\/10\/display-2.webp\" alt=\"\" width=\"800\" height=\"574\" srcset=\"https:\/\/www.leyaled.com\/wp-content\/uploads\/2025\/10\/display-2.webp 800w, https:\/\/www.leyaled.com\/wp-content\/uploads\/2025\/10\/display-2-300x215.webp 300w, https:\/\/www.leyaled.com\/wp-content\/uploads\/2025\/10\/display-2-768x551.webp 768w, https:\/\/www.leyaled.com\/wp-content\/uploads\/2025\/10\/display-2-600x431.webp 600w\" sizes=\"(max-width: 800px) 100vw, 800px\" \/><\/p>\n<p style=\"text-align: center;\"><strong><span style=\"font-family: helvetica, arial, sans-serif; font-size: 14pt;\">Cuerpo ultra delgado \u00b7 Imagen HD<\/span><\/strong><\/p>\n<p style=\"text-align: center;\"><span style=\"font-size: 14pt; font-family: helvetica, arial, sans-serif;\">Cuerpo premium negro elegante, dise\u00f1o minimalista integrado y textura ligera. La imagen HD ofrece <\/span><\/p>\n<p style=\"text-align: center;\"><span style=\"font-size: 14pt; font-family: helvetica, arial, sans-serif;\">reproducci\u00f3n de color m\u00e1s precisa para una experiencia de visualizaci\u00f3n m\u00e1s c\u00f3moda.<\/span><\/p>\n<p style=\"text-align: center;\"><img decoding=\"async\" class=\"alignnone size-full wp-image-2905\" src=\"https:\/\/www.leyaled.com\/wp-content\/uploads\/2025\/11\/ing7-2.jpg\" alt=\"\" width=\"800\" height=\"800\" srcset=\"https:\/\/www.leyaled.com\/wp-content\/uploads\/2025\/11\/ing7-2.jpg 800w, https:\/\/www.leyaled.com\/wp-content\/uploads\/2025\/11\/ing7-2-300x300.jpg 300w, https:\/\/www.leyaled.com\/wp-content\/uploads\/2025\/11\/ing7-2-150x150.jpg 150w, https:\/\/www.leyaled.com\/wp-content\/uploads\/2025\/11\/ing7-2-768x768.jpg 768w, https:\/\/www.leyaled.com\/wp-content\/uploads\/2025\/11\/ing7-2-600x600.jpg 600w, https:\/\/www.leyaled.com\/wp-content\/uploads\/2025\/11\/ing7-2-100x100.jpg 100w\" sizes=\"(max-width: 800px) 100vw, 800px\" \/><\/p>\n<p style=\"text-align: center;\"><strong><span style=\"font-family: helvetica, arial, sans-serif; font-size: 14pt;\">Conveniencia ilimitada, control inteligente<\/span><\/strong><\/p>\n<p style=\"text-align: center;\"><span style=\"font-family: helvetica, arial, sans-serif; font-size: 14pt;\">Conecte su tel\u00e9fono a la pantalla LED montada en la pared a trav\u00e9s de la funci\u00f3n de interconexi\u00f3n m\u00f3vil. <\/span><\/p>\n<p style=\"text-align: center;\"><span style=\"font-family: helvetica, arial, sans-serif; font-size: 14pt;\">Solo tienes que conectarte a la conexi\u00f3n Wi-Fi integrada y puedes buscar r\u00e1pidamente y con precisi\u00f3n tus pel\u00edculas y archivos de reproducci\u00f3n deseados.<\/span><\/p>\n<p style=\"text-align: center;\"><img decoding=\"async\" class=\"alignnone size-full wp-image-3181\" src=\"https:\/\/www.leyaled.com\/wp-content\/uploads\/2025\/11\/display-p6-1.webp\" alt=\"\" width=\"800\" height=\"544\" srcset=\"https:\/\/www.leyaled.com\/wp-content\/uploads\/2025\/11\/display-p6-1.webp 800w, https:\/\/www.leyaled.com\/wp-content\/uploads\/2025\/11\/display-p6-1-300x204.webp 300w, https:\/\/www.leyaled.com\/wp-content\/uploads\/2025\/11\/display-p6-1-768x522.webp 768w, https:\/\/www.leyaled.com\/wp-content\/uploads\/2025\/11\/display-p6-1-600x408.webp 600w\" sizes=\"(max-width: 800px) 100vw, 800px\" \/><\/p>\n<p style=\"text-align: center;\"><span style=\"font-family: helvetica, arial, sans-serif; font-size: 14pt;\">\u00bfPor qu\u00e9 elegir nuestra pantalla led de aluminio fundido a presi\u00f3n P6?<\/span><\/p>\n<p style=\"text-align: center;\"><span style=\"font-family: helvetica, arial, sans-serif; font-size: 14pt;\">Apoyado por 14 a\u00f1os de led R &amp; amp; D y experiencia en la implementaci\u00f3n de proyectos, ofrecemos m\u00e1s que solo una pantalla, proporcionamos una soluci\u00f3n completa, <\/span><\/p>\n<p style=\"text-align: center;\"><span style=\"font-family: helvetica, arial, sans-serif; font-size: 14pt;\">cubriendo todo, desde la consultor\u00eda t\u00e9cnica previa a la venta hasta el soporte posventa. Ya sea que necesite una pantalla \u00fanica o una pantalla a gran escala<\/span><\/p>\n<p style=\"text-align: center;\"><span style=\"font-family: helvetica, arial, sans-serif; font-size: 14pt;\"> proyecto de instalaci\u00f3n, podemos adaptarlo a sus necesidades espec\u00edficas.<\/span><\/p>\n<table style=\"border-collapse: collapse; width: 91.4098%; height: 936px;\">\n<tbody>\n<tr style=\"height: 24px;\">\n<td style=\"width: 25%; text-align: center; height: 24px;\"><strong><b>\u00a0<\/b><\/strong><\/td>\n<td style=\"width: 25%; height: 24px; text-align: center;\"><strong><b>Nombre del par\u00e1metro<\/b><\/strong><\/td>\n<td style=\"width: 41.3086%; height: 24px; text-align: center;\"><strong>Par\u00e1metros del producto<\/strong><\/td>\n<\/tr>\n<tr style=\"height: 24px;\">\n<td style=\"width: 25%; text-align: center; height: 144px;\" rowspan=\"6\"><strong><b>Composici\u00f3n del m\u00f3dulo<\/b><\/strong><\/td>\n<td style=\"width: 25%; height: 24px; text-align: center;\">Estructura de p\u00edxeles<\/td>\n<td style=\"width: 41.3086%; height: 24px; text-align: center;\">SMD2727\/1921 led tres en uno<\/td>\n<\/tr>\n<tr style=\"height: 24px;\">\n<td style=\"width: 25%; height: 24px; text-align: center;\">Pitch de p\u00edxeles (mm)<\/td>\n<td style=\"width: 41.3086%; height: 24px; text-align: center;\">6<\/td>\n<\/tr>\n<tr style=\"height: 24px;\">\n<td style=\"width: 25%; height: 24px; text-align: center;\">\u00a0\u00a0\u00a0\u00a0\u00a0Resoluci\u00f3n del m\u00f3dulo (W\u00d7H)<\/td>\n<td style=\"width: 41.3086%; height: 24px; text-align: center;\">\u00a032*16<\/td>\n<\/tr>\n<tr style=\"height: 24px;\">\n<td style=\"width: 25%; height: 24px; text-align: center;\">Dimensiones del m\u00f3dulo (mm)<\/td>\n<td style=\"width: 41.3086%; text-align: center; height: 24px;\">320 (W) * 160 (H)<\/td>\n<\/tr>\n<tr style=\"height: 24px;\">\n<td style=\"width: 25%; height: 24px; text-align: center;\">Peso del m\u00f3dulo (kg)<\/td>\n<td style=\"width: 41.3086%; text-align: center; height: 24px;\">0.42<\/td>\n<\/tr>\n<tr style=\"height: 24px;\">\n<td style=\"width: 25%; height: 24px; text-align: center;\">ModuleMax. Consumo de energ\u00eda (W)<\/td>\n<td style=\"width: 41.3086%; text-align: center; height: 24px;\">40<\/td>\n<\/tr>\n<tr style=\"height: 24px;\">\n<td style=\"width: 25%; text-align: center; height: 216px;\" rowspan=\"9\"><strong>Composici\u00f3n del gabinete<\/strong><\/td>\n<td style=\"width: 25%; text-align: center; height: 24px;\">Composici\u00f3n del m\u00f3dulo del gabinete (W \u00d7 H)<\/td>\n<td style=\"width: 41.3086%; text-align: center; height: 24px;\">3*6<\/td>\n<\/tr>\n<tr style=\"height: 24px;\">\n<td style=\"width: 25%; text-align: center; height: 24px;\">Resoluci\u00f3n del gabinete (W \u00d7 H)<\/td>\n<td style=\"width: 41.3086%; text-align: center; height: 24px;\">96*96<\/td>\n<\/tr>\n<tr style=\"height: 24px;\">\n<td style=\"width: 25%; text-align: center; height: 24px;\">Dimensiones del gabinete (mm)<\/td>\n<td style=\"width: 41.3086%; text-align: center; height: 24px;\">960 (W) \u00d7 960 (H) \u00d7 85 (D)<\/td>\n<\/tr>\n<tr style=\"height: 24px;\">\n<td style=\"width: 25%; text-align: center; height: 24px;\">\u00c1rea del gabinete (m\u00b2)<\/td>\n<td style=\"width: 41.3086%; text-align: center; height: 24px;\">0.93<\/td>\n<\/tr>\n<tr style=\"height: 24px;\">\n<td style=\"width: 25%; text-align: center; height: 24px;\">Peso del gabinete (kg)<\/td>\n<td style=\"width: 41.3086%; text-align: center; height: 24px;\">15-18<\/td>\n<\/tr>\n<tr style=\"height: 24px;\">\n<td style=\"width: 25%; text-align: center; height: 24px;\">Densidad de p\u00edxeles del gabinete (puntos\/m\u00b2)<\/td>\n<td style=\"width: 41.3086%; text-align: center; height: 24px;\">10000<\/td>\n<\/tr>\n<tr style=\"height: 24px;\">\n<td style=\"width: 25%; text-align: center; height: 24px;\">Planitud del gabinete (mm)<\/td>\n<td style=\"width: 41.3086%; text-align: center; height: 24px;\">\u2264 0,1<\/td>\n<\/tr>\n<tr style=\"height: 24px;\">\n<td style=\"width: 25%; text-align: center; height: 24px;\">M\u00e9todo de mantenimiento<\/td>\n<td style=\"width: 41.3086%; text-align: center; height: 24px;\">Mantenimiento trasero<\/td>\n<\/tr>\n<tr style=\"height: 24px;\">\n<td style=\"width: 25%; text-align: center; height: 24px;\">Material del gabinete<\/td>\n<td style=\"width: 41.3086%; text-align: center; height: 24px;\">Hierro\/Aluminio\/Perfil<\/td>\n<\/tr>\n<tr style=\"height: 24px;\">\n<td style=\"width: 25%; text-align: center; height: 192px;\" rowspan=\"8\"><strong>Par\u00e1metros \u00f3pticos<\/strong><\/td>\n<td style=\"width: 25%; text-align: center; height: 24px;\">Correcci\u00f3n de brillo de punto \u00fanico<\/td>\n<td style=\"width: 41.3086%; text-align: center; height: 24px;\">\/<\/td>\n<\/tr>\n<tr style=\"height: 24px;\">\n<td style=\"width: 25%; text-align: center; height: 24px;\">Correcci\u00f3n de cromaticidad de punto \u00fanico<\/td>\n<td style=\"width: 41.3086%; text-align: center; height: 24px;\">\/<\/td>\n<\/tr>\n<tr style=\"height: 24px;\">\n<td style=\"width: 25%; text-align: center; height: 24px;\">Balance de blancos Brillo (nits)<\/td>\n<td style=\"width: 41.3086%; text-align: center; height: 24px;\">\u2265 5.500 - 7.500<\/td>\n<\/tr>\n<tr style=\"height: 24px;\">\n<td style=\"width: 25%; text-align: center; height: 24px;\">Temperatura del color (K)<\/td>\n<td style=\"width: 41.3086%; text-align: center; height: 24px;\">8000-10000<\/td>\n<\/tr>\n<tr style=\"height: 24px;\">\n<td style=\"width: 25%; text-align: center; height: 24px;\">\u00c1ngulo de visi\u00f3n (horizontal \/ vertical \u00b0)<\/td>\n<td style=\"width: 41.3086%; text-align: center; height: 24px;\">120\/90<\/td>\n<\/tr>\n<tr style=\"height: 24px;\">\n<td style=\"width: 25%; text-align: center; height: 24px;\">Desviaci\u00f3n del centro LED<\/td>\n<td style=\"width: 41.3086%; text-align: center; height: 24px;\">&lt; 3%<\/td>\n<\/tr>\n<tr style=\"height: 24px;\">\n<td style=\"width: 25%; text-align: center; height: 24px;\">Brillo\/Cromaticidad Uniformidad<\/td>\n<td style=\"width: 41.3086%; text-align: center; height: 24px;\">\u2265 97%<\/td>\n<\/tr>\n<tr style=\"height: 24px;\">\n<td style=\"width: 25%; text-align: center; height: 24px;\">Relaci\u00f3n de contraste<\/td>\n<td style=\"width: 41.3086%; text-align: center; height: 24px;\">4000:1<\/td>\n<\/tr>\n<tr style=\"height: 24px;\">\n<td style=\"width: 25%; text-align: center; height: 96px;\" rowspan=\"4\"><strong>Par\u00e1metros el\u00e9ctricos<\/strong><strong><br \/>\n<\/strong><\/td>\n<td style=\"width: 25%; height: 24px; text-align: center;\">Consumo m\u00e1ximo de energ\u00eda (W\/m\u00b2)<\/td>\n<td style=\"width: 41.3086%; height: 24px; text-align: center;\">850<\/td>\n<\/tr>\n<tr style=\"height: 24px;\">\n<td style=\"width: 25%; height: 24px; text-align: center;\">Consumo de energ\u00eda promedio (W\/m\u00b2)<\/td>\n<td style=\"width: 41.3086%; height: 24px; text-align: center;\">350<\/td>\n<\/tr>\n<tr style=\"height: 24px;\">\n<td style=\"width: 25%; height: 24px; text-align: center;\">Requisito de fuente de alimentaci\u00f3n<\/td>\n<td style=\"width: 41.3086%; height: 24px; text-align: center;\">AC220V, Frecuencia 47-63 (Hz)<\/td>\n<\/tr>\n<tr style=\"height: 24px;\">\n<td style=\"width: 25%; height: 24px; text-align: center;\">Normas de seguridad<\/td>\n<td style=\"width: 41.3086%; height: 24px; text-align: center;\">GB4943 \/ EN60950<\/td>\n<\/tr>\n<tr style=\"height: 24px;\">\n<td style=\"width: 25%; text-align: center; height: 168px;\" rowspan=\"7\"><strong>Rendimiento de procesamiento<\/strong><br \/>\n<strong><br \/>\n<\/strong><\/td>\n<td style=\"width: 25%; text-align: center; height: 24px;\">Frecuencia de cambio de marco (Hz)<\/td>\n<td style=\"width: 41.3086%; height: 24px; text-align: center;\">50&amp; 60<\/td>\n<\/tr>\n<tr style=\"height: 24px;\">\n<td style=\"width: 25%; text-align: center; height: 24px;\">M\u00e9todo de conducci\u00f3n<\/td>\n<td style=\"width: 41.3086%; height: 24px; text-align: center;\">Drive de corriente constante, 2 escaneo<\/td>\n<\/tr>\n<tr style=\"height: 24px;\">\n<td style=\"width: 25%; text-align: center; height: 24px;\">Niveles de escala de grises<\/td>\n<td style=\"width: 41.3086%; height: 24px; text-align: center;\">16384<\/td>\n<\/tr>\n<tr style=\"height: 24px;\">\n<td style=\"width: 25%; text-align: center; height: 24px;\">Velocidad de actualizaci\u00f3n (Hz)<\/td>\n<td style=\"width: 41.3086%; height: 24px; text-align: center;\">\u2265 3.840<\/td>\n<\/tr>\n<tr style=\"height: 24px;\">\n<td style=\"width: 25%; text-align: center; height: 24px;\">Profundidad del bit de procesamiento de color<\/td>\n<td style=\"width: 41.3086%; height: 24px; text-align: center;\">14 bits<\/td>\n<\/tr>\n<tr style=\"height: 24px;\">\n<td style=\"width: 25%; text-align: center; height: 24px;\">Funci\u00f3n de almacenamiento de apagado integrada del m\u00f3dulo<\/td>\n<td style=\"width: 41.3086%; height: 24px; text-align: center;\">Almacenar datos de correcci\u00f3n de brillo, cromaticidad, par\u00e1metros del m\u00f3dulo<\/td>\n<\/tr>\n<tr style=\"height: 24px;\">\n<td style=\"width: 25%; text-align: center; height: 24px;\">Capacidad de reproducci\u00f3n de v\u00eddeo<\/td>\n<td style=\"width: 41.3086%; height: 24px; text-align: center;\">Im\u00e1genes 2K HD, 4K Ultra HD<\/td>\n<\/tr>\n<tr style=\"height: 24px;\">\n<td style=\"width: 25%; height: 96px; text-align: center;\" rowspan=\"4\"><strong>Par\u00e1metros de uso<\/strong><\/td>\n<td style=\"width: 25%; text-align: center; height: 24px;\">Vida \u00fatil t\u00edpica (horas)<\/td>\n<td style=\"width: 41.3086%; height: 24px; text-align: center;\">50.000H<\/td>\n<\/tr>\n<tr style=\"height: 24px;\">\n<td style=\"width: 25%; height: 24px; text-align: center;\">Rango de temperatura de funcionamiento\/humedad (\u00b0C\/RH)<\/td>\n<td style=\"width: 41.3086%; height: 24px; text-align: center;\">-10 - 40 \/ 10% -80% RH (sin condensaci\u00f3n)<\/td>\n<\/tr>\n<tr style=\"height: 24px;\">\n<td style=\"width: 25%; text-align: center; height: 24px;\">Rango de temperatura\/humedad de almacenamiento (\u00b0C\/RH)<\/td>\n<td style=\"width: 41.3086%; text-align: center; height: 24px;\">-20 - 60 \/ 10% -85% RH (sin condensaci\u00f3n)<\/td>\n<\/tr>\n<tr style=\"height: 24px;\">\n<td style=\"width: 25%; text-align: center; height: 24px;\">Normas aplicables<\/td>\n<td style=\"width: 41.3086%; text-align: center; height: 24px;\">CCC,<\/td>\n<\/tr>\n<\/tbody>\n<\/table>\n<p style=\"text-align: center;\">","protected":false},"excerpt":{"rendered":"<p>Nuestra pantalla led de aluminio fundido a presi\u00f3n P6 es fiable en el material y el rendimiento, perfecta para la publicidad al aire libre sin problemas y los fondos del escenario. Su gabinete de aluminio fundido a presi\u00f3n mecanizado por CNC es robusto pero m\u00e1s ligero que los tradicionales de chapa met\u00e1lica, f\u00e1cil de llevar por una persona, compatible con la elevaci\u00f3n, apilamiento, montaje en pared, incluso paredes curvas, ahorrando costos de mano de obra de instalaci\u00f3n y log\u00edstica. Ofrece empalmes ultraprecisos (huecos inferiores a 0,1 mm) con cierres de bloqueo r\u00e1pido de 10 segundos y ajustes finos para un brillo\/color uniforme. Con una tasa de actualizaci\u00f3n de \u22651920Hz para v\u00eddeos suaves, 16,7 millones de colores precisos (calibraci\u00f3n p\u00edxel por p\u00edxel en modelos seleccionados), las versiones al aire libre tienen \u22655500cd\/ \u33a1  brillo regulable y un \u00e1ngulo de visi\u00f3n amplio de 100\u00b0-140\u00b0. Los modelos exteriores cuentan con protecci\u00f3n IP65, placas de circuito recubiertas, fuentes de alimentaci\u00f3n\/ICs globales de primera calidad, funcionamiento estable 24\/7 de -10\u00b0C a 50\u00b0C (doble respaldo en modelos seleccionados), buena disipaci\u00f3n del calor (ventiladores exteriores adicionales de aluminio fundido a presi\u00f3n), reparaciones f\u00e1ciles (solo se reemplazan m\u00f3dulos\/perlas defectuosos) y LEDs de larga duraci\u00f3n para bajos costos de mantenimiento a largo plazo.<\/p>","protected":false},"featured_media":2910,"comment_status":"closed","ping_status":"closed","template":"","meta":[],"product_brand":[],"product_cat":[32,44,43,15],"product_tag":[],"class_list":{"0":"post-2901","1":"product","2":"type-product","3":"status-publish","4":"has-post-thumbnail","6":"product_cat-fixed-led-display","7":"product_cat-outdoor-fixed-installation","8":"product_cat-outdoor-led-display","9":"product_cat-standard-led-display","11":"first","12":"instock","13":"shipping-taxable","14":"product-type-simple"},"_links":{"self":[{"href":"https:\/\/www.leyaled.com\/es\/wp-json\/wp\/v2\/product\/2901","targetHints":{"allow":["GET"]}}],"collection":[{"href":"https:\/\/www.leyaled.com\/es\/wp-json\/wp\/v2\/product"}],"about":[{"href":"https:\/\/www.leyaled.com\/es\/wp-json\/wp\/v2\/types\/product"}],"replies":[{"embeddable":true,"href":"https:\/\/www.leyaled.com\/es\/wp-json\/wp\/v2\/comments?post=2901"}],"wp:featuredmedia":[{"embeddable":true,"href":"https:\/\/www.leyaled.com\/es\/wp-json\/wp\/v2\/media\/2910"}],"wp:attachment":[{"href":"https:\/\/www.leyaled.com\/es\/wp-json\/wp\/v2\/media?parent=2901"}],"wp:term":[{"taxonomy":"product_brand","embeddable":true,"href":"https:\/\/www.leyaled.com\/es\/wp-json\/wp\/v2\/product_brand?post=2901"},{"taxonomy":"product_cat","embeddable":true,"href":"https:\/\/www.leyaled.com\/es\/wp-json\/wp\/v2\/product_cat?post=2901"},{"taxonomy":"product_tag","embeddable":true,"href":"https:\/\/www.leyaled.com\/es\/wp-json\/wp\/v2\/product_tag?post=2901"}],"curies":[{"name":"WP","href":"https:\/\/api.w.org\/{rel}","templated":true}]}}