{"id":2892,"date":"2025-11-06T14:05:58","date_gmt":"2025-11-06T06:05:58","guid":{"rendered":"https:\/\/www.leyaled.com\/?post_type=product&#038;p=2892"},"modified":"2025-12-09T15:57:12","modified_gmt":"2025-12-09T07:57:12","slug":"aluminum-profiles-p6-67","status":"publish","type":"product","link":"https:\/\/www.leyaled.com\/es\/outdoor-special-led-screen\/aluminum-profiles-p6-67\/","title":{"rendered":"Perfiles de aluminio P6.67 para alquiler"},"content":{"rendered":"<p style=\"text-align: center;\"><strong><span style=\"font-family: helvetica, arial, sans-serif; font-size: 14pt;\">Las pantallas LED son productos hechos a medida. Para la personalizaci\u00f3n de pantalla completa, p\u00f3ngase en contacto con el servicio al cliente para consultas.<\/span><\/strong><\/p>\n<p style=\"text-align: center;\"><strong><span style=\"font-family: helvetica, arial, sans-serif; font-size: 14pt;\">Publicidad al aire libre pantalla led<\/span><\/strong><\/p>\n<p style=\"text-align: center;\"><span style=\"font-family: helvetica, arial, sans-serif;\"><strong><span style=\"font-size: 14pt;\">Ligero &amp; Instalaci\u00f3n f\u00e1cil<\/span><\/strong> <\/span><br \/>\n<span style=\"font-family: helvetica, arial, sans-serif;\">m\u00e1s ligero que el acero a la misma resistencia, los perfiles de aluminio reducen la carga total de las pantallas LED. Esto reduce la presi\u00f3n sobre<\/span><\/p>\n<p style=\"text-align: center;\"><span style=\"font-family: helvetica, arial, sans-serif;\"> montaje de estructuras como paredes y marcos de acero, al tiempo que hace que el transporte y el montaje en el sitio sean m\u00e1s r\u00e1pidos - ideal <\/span><\/p>\n<p style=\"text-align: center;\"><span style=\"font-family: helvetica, arial, sans-serif;\">para pantallas exteriores grandes y pantallas de alquiler que requieren instalaci\u00f3n y desmontaje r\u00e1pidos.<\/span><\/p>\n<p style=\"text-align: center;\"><strong><span style=\"font-family: helvetica, arial, sans-serif; font-size: 14pt;\">Alta resistencia &amp; Resistencia a la corrosi\u00f3n<\/span><\/strong><\/p>\n<p style=\"text-align: center;\"><span style=\"font-family: helvetica, arial, sans-serif; font-size: 14pt;\">Extrudidos y tratados con revestimiento de oxidaci\u00f3n o pulverizaci\u00f3n, los perfiles de aluminio cuentan con una estructura excepcional <\/span><\/p>\n<p style=\"text-align: center;\"><span style=\"font-family: helvetica, arial, sans-serif; font-size: 14pt;\">estabilidad y resistencia a la deformaci\u00f3n para un funcionamiento fiable a largo plazo. Con excelente anticorrosi\u00f3n<\/span><\/p>\n<p style=\"text-align: center;\"><span style=\"font-family: helvetica, arial, sans-serif; font-size: 14pt;\"> y rendimiento a prueba de la oxidaci\u00f3n, prosperan en condiciones exteriores duras como <\/span><\/p>\n<p style=\"text-align: center;\"><span style=\"font-family: helvetica, arial, sans-serif; font-size: 14pt;\">humedad y pulverizaci\u00f3n de sal costera, prolongando la vida \u00fatil de la pantalla LED.<\/span><\/p>\n<p style=\"text-align: center;\"><strong><span style=\"font-family: helvetica, arial, sans-serif; font-size: 14pt;\">Disipaci\u00f3n de calor superior<\/span><\/strong><\/p>\n<p style=\"text-align: center;\"><span style=\"font-family: helvetica, arial, sans-serif; font-size: 14pt;\">Como un excelente conductor t\u00e9rmico, los perfiles de aluminio transfieren eficientemente el calor generado por los m\u00f3dulos LED durante el funcionamiento. <\/span><\/p>\n<p style=\"text-align: center;\"><span style=\"font-family: helvetica, arial, sans-serif; font-size: 14pt;\">Esto evita problemas relacionados con el sobrecalentamiento como p\u00edxeles muertos y congelaci\u00f3n de la imagen, aumentando la estabilidad de funcionamiento de la pantalla.<\/span><\/p>\n<p style=\"text-align: center;\"><strong><span style=\"font-family: helvetica, arial, sans-serif; font-size: 14pt;\">Producci\u00f3n estandarizada &amp; Compatibilidad vers\u00e1til<\/span><\/strong><\/p>\n<p style=\"text-align: center;\"><span style=\"font-family: helvetica, arial, sans-serif; font-size: 14pt;\">Los moldes personalizados se pueden hacer para coincidir con los tama\u00f1os del gabinete LED, lo que permite la producci\u00f3n estandarizada y en masa <\/span><\/p>\n<p style=\"text-align: center;\"><span style=\"font-family: helvetica, arial, sans-serif; font-size: 14pt;\">con alta consistencia del producto. Flexibles para empalme y personalizaci\u00f3n, se ajustan a diversos dise\u00f1os de pantalla, desde <\/span><\/p>\n<p style=\"text-align: center;\"><span style=\"font-family: helvetica, arial, sans-serif; font-size: 14pt;\">pantallas rectangulares est\u00e1ndar a pantallas curvas de forma especial.<\/span><\/p>\n<p style=\"text-align: center;\"><strong><span style=\"font-family: helvetica, arial, sans-serif; font-size: 14pt;\">Efectivo en funci\u00f3n de los costos Bajo mantenimiento<\/span><\/strong><\/p>\n<p style=\"text-align: center;\"><span style=\"font-family: helvetica, arial, sans-serif; font-size: 14pt;\">En comparaci\u00f3n con el acero inoxidable y las aleaciones, los perfiles de aluminio ofrecen un mejor valor en los costos de adquisici\u00f3n y procesamiento. <\/span><\/p>\n<p style=\"text-align: center;\"><span style=\"font-family: helvetica, arial, sans-serif; font-size: 14pt;\">Su superficie resistente a los da\u00f1os, minimizando la necesidad de mantenimiento frecuente y <\/span><\/p>\n<p style=\"text-align: center;\"><span style=\"font-family: helvetica, arial, sans-serif; font-size: 14pt;\">reducir el costo total de propiedad de las pantallas LED.<\/span><\/p>\n<p style=\"text-align: center;\"><strong><span style=\"font-size: 14pt; font-family: helvetica, arial, sans-serif;\">Mantenimiento frontal y real Pantalla de ahorro de energ\u00eda de alto brillo Fuente de votaje doble<\/span><\/strong><\/p>\n<p style=\"text-align: center;\"><img fetchpriority=\"high\" decoding=\"async\" class=\"alignnone size-full wp-image-3170\" src=\"https:\/\/www.leyaled.com\/wp-content\/uploads\/2025\/11\/p6.67-display.webp\" alt=\"\" width=\"800\" height=\"556\" srcset=\"https:\/\/www.leyaled.com\/wp-content\/uploads\/2025\/11\/p6.67-display.webp 800w, https:\/\/www.leyaled.com\/wp-content\/uploads\/2025\/11\/p6.67-display-300x209.webp 300w, https:\/\/www.leyaled.com\/wp-content\/uploads\/2025\/11\/p6.67-display-768x534.webp 768w, https:\/\/www.leyaled.com\/wp-content\/uploads\/2025\/11\/p6.67-display-600x417.webp 600w\" sizes=\"(max-width: 800px) 100vw, 800px\" \/><\/p>\n<p style=\"text-align: center;\"><strong><span style=\"font-family: helvetica, arial, sans-serif; font-size: 14pt;\">Alta tasa de actualizaci\u00f3n para im\u00e1genes claras y sin parpadeos.<\/span><\/strong><\/p>\n<p style=\"text-align: center;\"><span style=\"font-family: helvetica, arial, sans-serif; font-size: 14pt;\">Con una velocidad de actualizaci\u00f3n de 3840-7680Hz (mucho m\u00e1s alta que las pantallas empalmadas est\u00e1ndar),<\/span><\/p>\n<p style=\"text-align: center;\"><span style=\"font-family: helvetica, arial, sans-serif; font-size: 14pt;\"> ofrece un rendimiento de imagen m\u00e1s n\u00edtido y suave.<\/span><\/p>\n<p style=\"text-align: center;\"><img decoding=\"async\" class=\"alignnone size-full wp-image-3171\" src=\"https:\/\/www.leyaled.com\/wp-content\/uploads\/2025\/11\/p6.67-display-fot.webp\" alt=\"\" width=\"800\" height=\"584\" srcset=\"https:\/\/www.leyaled.com\/wp-content\/uploads\/2025\/11\/p6.67-display-fot.webp 800w, https:\/\/www.leyaled.com\/wp-content\/uploads\/2025\/11\/p6.67-display-fot-300x219.webp 300w, https:\/\/www.leyaled.com\/wp-content\/uploads\/2025\/11\/p6.67-display-fot-768x561.webp 768w, https:\/\/www.leyaled.com\/wp-content\/uploads\/2025\/11\/p6.67-display-fot-600x438.webp 600w\" sizes=\"(max-width: 800px) 100vw, 800px\" \/><\/p>\n<p style=\"text-align: center;\"><strong><span style=\"font-size: 14pt; font-family: helvetica, arial, sans-serif;\">Gama de colores ultra amplia para im\u00e1genes realistas y vibrantes.<\/span><\/strong><\/p>\n<p style=\"text-align: center;\"><img decoding=\"async\" class=\"alignnone size-full wp-image-3074\" src=\"https:\/\/www.leyaled.com\/wp-content\/uploads\/2025\/10\/display-2.webp\" alt=\"\" width=\"800\" height=\"574\" srcset=\"https:\/\/www.leyaled.com\/wp-content\/uploads\/2025\/10\/display-2.webp 800w, https:\/\/www.leyaled.com\/wp-content\/uploads\/2025\/10\/display-2-300x215.webp 300w, https:\/\/www.leyaled.com\/wp-content\/uploads\/2025\/10\/display-2-768x551.webp 768w, https:\/\/www.leyaled.com\/wp-content\/uploads\/2025\/10\/display-2-600x431.webp 600w\" sizes=\"(max-width: 800px) 100vw, 800px\" \/><\/p>\n<p style=\"text-align: center;\"><span style=\"font-size: 14pt;\"><strong><span style=\"font-family: helvetica, arial, sans-serif;\">Empalme sin costuras &amp; 4K Ultra HD: experimenta la belleza del realismo<\/span><\/strong><\/span><\/p>\n<p style=\"text-align: center;\"><span style=\"font-family: helvetica, arial, sans-serif; font-size: 14pt;\">La uni\u00f3n de paneles sin costuras ofrece im\u00e1genes n\u00edtidas y sin obst\u00e1culos con colores saturados y desdibujo cero de movimiento. <\/span><\/p>\n<p style=\"text-align: center;\"><span style=\"font-family: helvetica, arial, sans-serif; font-size: 14pt;\">Se jactan <\/span><span style=\"font-family: helvetica, arial, sans-serif; font-size: 14pt;\">Con resoluci\u00f3n 4K ultra HD, ofrece una experiencia de visualizaci\u00f3n inmersiva y impresionante.<\/span><\/p>\n<p style=\"text-align: center;\"><img loading=\"lazy\" decoding=\"async\" class=\"alignnone size-full wp-image-3172\" src=\"https:\/\/www.leyaled.com\/wp-content\/uploads\/2025\/11\/display-p6.67.webp\" alt=\"\" width=\"800\" height=\"1171\" srcset=\"https:\/\/www.leyaled.com\/wp-content\/uploads\/2025\/11\/display-p6.67.webp 800w, https:\/\/www.leyaled.com\/wp-content\/uploads\/2025\/11\/display-p6.67-205x300.webp 205w, https:\/\/www.leyaled.com\/wp-content\/uploads\/2025\/11\/display-p6.67-700x1024.webp 700w, https:\/\/www.leyaled.com\/wp-content\/uploads\/2025\/11\/display-p6.67-768x1124.webp 768w, https:\/\/www.leyaled.com\/wp-content\/uploads\/2025\/11\/display-p6.67-600x878.webp 600w\" sizes=\"(max-width: 800px) 100vw, 800px\" \/><\/p>\n<p style=\"text-align: center;\">\n<p style=\"text-align: center;\"><span style=\"font-family: helvetica, arial, sans-serif; font-size: 14pt;\">La pantalla led P6 al aire libre de FWS Technology es una opci\u00f3n inteligente y econ\u00f3mica para instalaciones comerciales de media a larga distancia.<\/span><\/p>\n<p style=\"text-align: center;\"><span style=\"font-family: helvetica, arial, sans-serif; font-size: 14pt;\"> Tiene un paso de p\u00edxeles de 6 mm y unos 27.778 p\u00edxeles por metro cuadrado, por lo que obtiene im\u00e1genes n\u00edtidas y claras. <\/span><\/p>\n<p style=\"text-align: center;\"><span style=\"font-family: helvetica, arial, sans-serif; font-size: 14pt;\">cuando se ve de 6 a 30 metros - punto dulce total para uso al aire libre.<\/span><\/p>\n<p style=\"text-align: center;\"><span style=\"font-family: helvetica, arial, sans-serif; font-size: 14pt;\">Mejor a\u00fan, se puede personalizar en formas curvas o esquinas, que encajan perfectamente con cualquier <\/span><\/p>\n<p style=\"text-align: center;\"><span style=\"font-family: helvetica, arial, sans-serif; font-size: 14pt;\">l\u00edneas del edificio. Ya no te quedas atascado con pantallas rectangulares sencillas y viejas: convierte tus ideas creativas en algo real.<\/span><\/p>\n<p><img loading=\"lazy\" decoding=\"async\" class=\"alignnone size-full wp-image-3070 aligncenter\" src=\"https:\/\/www.leyaled.com\/wp-content\/uploads\/2025\/10\/ing-2.webp\" alt=\"\" width=\"800\" height=\"533\" srcset=\"https:\/\/www.leyaled.com\/wp-content\/uploads\/2025\/10\/ing-2.webp 800w, https:\/\/www.leyaled.com\/wp-content\/uploads\/2025\/10\/ing-2-300x200.webp 300w, https:\/\/www.leyaled.com\/wp-content\/uploads\/2025\/10\/ing-2-768x512.webp 768w, https:\/\/www.leyaled.com\/wp-content\/uploads\/2025\/10\/ing-2-600x400.webp 600w\" sizes=\"(max-width: 800px) 100vw, 800px\" \/><\/p>\n<p style=\"text-align: center;\"><strong><span style=\"font-family: helvetica, arial, sans-serif; font-size: 14pt;\">Escenarios de aplicaci\u00f3n<\/span><\/strong><\/p>\n<p style=\"text-align: center;\"><span style=\"font-family: helvetica, arial, sans-serif; font-size: 14pt;\">Publicidad y Medios de comunicaci\u00f3n | Exposici\u00f3n &amp; Exposici\u00f3n | Exposici\u00f3n comercial | Gobierno &amp; Imagen de la empresa | Transporte | etc.<\/span><\/p>\n<p>&nbsp;<\/p>\n<p style=\"text-align: center;\"><img loading=\"lazy\" decoding=\"async\" class=\"alignnone size-full wp-image-3065\" src=\"https:\/\/www.leyaled.com\/wp-content\/uploads\/2025\/10\/leddisplay.webp\" alt=\"\" width=\"805\" height=\"597\" srcset=\"https:\/\/www.leyaled.com\/wp-content\/uploads\/2025\/10\/leddisplay.webp 805w, https:\/\/www.leyaled.com\/wp-content\/uploads\/2025\/10\/leddisplay-300x222.webp 300w, https:\/\/www.leyaled.com\/wp-content\/uploads\/2025\/10\/leddisplay-768x570.webp 768w, https:\/\/www.leyaled.com\/wp-content\/uploads\/2025\/10\/leddisplay-600x445.webp 600w\" sizes=\"(max-width: 805px) 100vw, 805px\" \/><\/p>\n<div class=\"auto-hide-last-sibling-br paragraph-pP9ZLC paragraph-element br-paragraph-space\" style=\"text-align: center;\"><span style=\"font-family: helvetica, arial, sans-serif; font-size: 14pt;\">\u00bfQuieres saber lo ligeros que son nuestros perfiles de aluminio de pantalla LED? Bienvenido a ponerse en contacto con nosotros!<\/span><\/div>\n<h3 class=\"header-iWP5WJ auto-hide-last-sibling-br\"><\/h3>","protected":false},"excerpt":{"rendered":"<p>La pantalla led FWS P6.67 cuenta con un marco de perfil de aluminio premium. Su dise\u00f1o ligero reduce significativamente la carga de montaje, haciendo que el transporte y el montaje en el sitio sean f\u00e1ciles. Con una excelente resistencia a la corrosi\u00f3n, funciona perfectamente incluso en condiciones exteriores duras como la humedad costera y la luz solar extrema.<br \/>\nCon una disipaci\u00f3n de calor superior, evita los fallos relacionados con el sobrecalentamiento y prolonga la vida \u00fatil. Los dise\u00f1os curvados o de esquina personalizados est\u00e1n disponibles para adaptarse a varios contornos del edificio, liberando de las restricciones de las pantallas rectangulares est\u00e1ndar. Ideal para publicidad al aire libre, promociones comerciales complejas y exhibiciones de puntos de referencia culturales, es una soluci\u00f3n rentable para todas sus necesidades de visualizaci\u00f3n comercial.<\/p>","protected":false},"featured_media":2900,"comment_status":"closed","ping_status":"closed","template":"","meta":[],"product_brand":[],"product_cat":[49,34],"product_tag":[],"class_list":{"0":"post-2892","1":"product","2":"type-product","3":"status-publish","4":"has-post-thumbnail","6":"product_cat-outdoor-special-led-screen","7":"product_cat-special-led-screen","9":"first","10":"instock","11":"shipping-taxable","12":"product-type-simple"},"_links":{"self":[{"href":"https:\/\/www.leyaled.com\/es\/wp-json\/wp\/v2\/product\/2892","targetHints":{"allow":["GET"]}}],"collection":[{"href":"https:\/\/www.leyaled.com\/es\/wp-json\/wp\/v2\/product"}],"about":[{"href":"https:\/\/www.leyaled.com\/es\/wp-json\/wp\/v2\/types\/product"}],"replies":[{"embeddable":true,"href":"https:\/\/www.leyaled.com\/es\/wp-json\/wp\/v2\/comments?post=2892"}],"wp:featuredmedia":[{"embeddable":true,"href":"https:\/\/www.leyaled.com\/es\/wp-json\/wp\/v2\/media\/2900"}],"wp:attachment":[{"href":"https:\/\/www.leyaled.com\/es\/wp-json\/wp\/v2\/media?parent=2892"}],"wp:term":[{"taxonomy":"product_brand","embeddable":true,"href":"https:\/\/www.leyaled.com\/es\/wp-json\/wp\/v2\/product_brand?post=2892"},{"taxonomy":"product_cat","embeddable":true,"href":"https:\/\/www.leyaled.com\/es\/wp-json\/wp\/v2\/product_cat?post=2892"},{"taxonomy":"product_tag","embeddable":true,"href":"https:\/\/www.leyaled.com\/es\/wp-json\/wp\/v2\/product_tag?post=2892"}],"curies":[{"name":"WP","href":"https:\/\/api.w.org\/{rel}","templated":true}]}}