{"id":2797,"date":"2025-10-31T14:28:32","date_gmt":"2025-10-31T06:28:32","guid":{"rendered":"https:\/\/www.leyaled.com\/?post_type=product&#038;p=2797"},"modified":"2025-12-08T11:08:52","modified_gmt":"2025-12-08T03:08:52","slug":"flexible-screen-p3-91","status":"publish","type":"product","link":"https:\/\/www.leyaled.com\/es\/outdoor-flexible-display\/flexible-screen-p3-91\/","title":{"rendered":"pantalla flexible led"},"content":{"rendered":"<p style=\"text-align: center;\"><span style=\"font-family: helvetica, arial, sans-serif; font-size: 14pt;\"><strong>Flexible y doblable:<\/strong> Plegado\/curvado con m\u00faltiples \u00e1ngulos \u2013 ideal para escenarios curvados, fachadas de arco y instalaciones especiales<\/span><\/p>\n<p style=\"text-align: center;\"><span style=\"font-family: helvetica, arial, sans-serif; font-size: 14pt;\"><strong>Ultra delgado &amp; port\u00e1til:<\/strong> 30% m\u00e1s ligero que las pantallas r\u00edgidas, delgado de 2-5 mm \u2013 f\u00e1cil de transportar\/instalar<\/span><\/p>\n<p style=\"text-align: center;\"><span style=\"font-family: helvetica, arial, sans-serif; font-size: 14pt;\"><strong>Empalme sin costuras:<\/strong> &lt; Huesos de 0,5 mm, visi\u00f3n ininterrumpida suave<\/span><\/p>\n<p style=\"text-align: center;\"><span style=\"font-family: helvetica, arial, sans-serif; font-size: 14pt;\"><strong>Fuerte &amp; duradero:<\/strong> Embalaje flexible, resistente al impacto y a las roturas: soporta condiciones exteriores duras<\/span><\/p>\n<p style=\"text-align: center;\"><span style=\"font-family: helvetica, arial, sans-serif; font-size: 14pt;\"><strong>Formas personalizables:<\/strong> Curva, ondulada, esf\u00e9rica &amp; otros dise\u00f1os creativos para necesidades \u00fanicas<\/span><\/p>\n<p style=\"text-align: center;\"><span style=\"font-family: helvetica, arial, sans-serif; font-size: 14pt;\"><strong>Ahorro de energ\u00eda: 1<\/strong>5-20% menos potencia que las pantallas tradicionales \u2013 inteligente para uso a largo plazo<\/span><\/p>\n<p style=\"text-align: center;\"><span style=\"font-family: helvetica, arial, sans-serif; font-size: 14pt;\"><strong>Gran calidad de imagen:<\/strong> Alta resoluci\u00f3n, contraste n\u00edtido, amplios \u00e1ngulos de visi\u00f3n &amp; colores precisos<\/span><\/p>\n<p style=\"text-align: center;\"><strong><span style=\"font-family: helvetica, arial, sans-serif; font-size: 14pt;\">Doblado arbitrario, \u00e1ngulo de visi\u00f3n ultra amplio, ultra delgado y ultra ligero<\/span><\/strong><\/p>\n<p style=\"text-align: center;\"><img fetchpriority=\"high\" decoding=\"async\" class=\"alignnone size-full wp-image-3081\" src=\"https:\/\/www.leyaled.com\/wp-content\/uploads\/2025\/10\/disp5.webp\" alt=\"\" width=\"800\" height=\"800\" srcset=\"https:\/\/www.leyaled.com\/wp-content\/uploads\/2025\/10\/disp5.webp 800w, https:\/\/www.leyaled.com\/wp-content\/uploads\/2025\/10\/disp5-300x300.webp 300w, https:\/\/www.leyaled.com\/wp-content\/uploads\/2025\/10\/disp5-150x150.webp 150w, https:\/\/www.leyaled.com\/wp-content\/uploads\/2025\/10\/disp5-768x768.webp 768w, https:\/\/www.leyaled.com\/wp-content\/uploads\/2025\/10\/disp5-600x600.webp 600w, https:\/\/www.leyaled.com\/wp-content\/uploads\/2025\/10\/disp5-100x100.webp 100w\" sizes=\"(max-width: 800px) 100vw, 800px\" \/><\/p>\n<p><img decoding=\"async\" class=\"size-full wp-image-3083 aligncenter\" src=\"https:\/\/www.leyaled.com\/wp-content\/uploads\/2025\/10\/display6.webp\" alt=\"\" width=\"800\" height=\"83\" srcset=\"https:\/\/www.leyaled.com\/wp-content\/uploads\/2025\/10\/display6.webp 800w, https:\/\/www.leyaled.com\/wp-content\/uploads\/2025\/10\/display6-300x31.webp 300w, https:\/\/www.leyaled.com\/wp-content\/uploads\/2025\/10\/display6-768x80.webp 768w, https:\/\/www.leyaled.com\/wp-content\/uploads\/2025\/10\/display6-600x62.webp 600w\" sizes=\"(max-width: 800px) 100vw, 800px\" \/><\/p>\n<p style=\"text-align: center;\"><span style=\"font-family: helvetica, arial, sans-serif;\">empalme sin costuras alta flexibilidad flexi\u00f3n libre<\/span><\/p>\n<p>&nbsp;<\/p>\n<p style=\"text-align: center;\"><img decoding=\"async\" class=\"alignnone size-full wp-image-3082\" src=\"https:\/\/www.leyaled.com\/wp-content\/uploads\/2025\/10\/display7.webp\" alt=\"\" width=\"800\" height=\"83\" srcset=\"https:\/\/www.leyaled.com\/wp-content\/uploads\/2025\/10\/display7.webp 800w, https:\/\/www.leyaled.com\/wp-content\/uploads\/2025\/10\/display7-300x31.webp 300w, https:\/\/www.leyaled.com\/wp-content\/uploads\/2025\/10\/display7-768x80.webp 768w, https:\/\/www.leyaled.com\/wp-content\/uploads\/2025\/10\/display7-600x62.webp 600w\" sizes=\"(max-width: 800px) 100vw, 800px\" \/><\/p>\n<p style=\"text-align: center;\"><span style=\"font-family: helvetica, arial, sans-serif;\">\u00e1ngulo de visi\u00f3n ultra amplio Dise\u00f1o delgado alta tasa de actualizaci\u00f3n<\/span><\/p>\n<p style=\"text-align: center;\"><span style=\"font-size: 14pt;\"><strong><span style=\"font-family: helvetica, arial, sans-serif;\">alta flexibilidad<\/span><\/strong><\/span><\/p>\n<p style=\"text-align: center;\"><span style=\"font-size: 14pt; font-family: helvetica, arial, sans-serif;\">La pantalla led flexible se puede dise\u00f1ar para ocasiones con forma<\/span><\/p>\n<p style=\"text-align: center;\"><img loading=\"lazy\" decoding=\"async\" class=\"alignnone size-full wp-image-3084\" src=\"https:\/\/www.leyaled.com\/wp-content\/uploads\/2025\/10\/display5.webp\" alt=\"\" width=\"800\" height=\"270\" srcset=\"https:\/\/www.leyaled.com\/wp-content\/uploads\/2025\/10\/display5.webp 800w, https:\/\/www.leyaled.com\/wp-content\/uploads\/2025\/10\/display5-300x101.webp 300w, https:\/\/www.leyaled.com\/wp-content\/uploads\/2025\/10\/display5-768x259.webp 768w, https:\/\/www.leyaled.com\/wp-content\/uploads\/2025\/10\/display5-600x203.webp 600w\" sizes=\"(max-width: 800px) 100vw, 800px\" \/><\/p>\n<p style=\"text-align: center;\"><strong><span style=\"font-size: 14pt;\"><span style=\"font-family: helvetica, arial, sans-serif;\">Libertad para dar forma<\/span><\/span><\/strong><\/p>\n<p style=\"text-align: center;\"><span style=\"font-family: helvetica, arial, sans-serif; font-size: 14pt;\">Adecuado para todos los espacios grandes, estilo de pantalla libre de moldeo<\/span><\/p>\n<p>&nbsp;<\/p>\n<p style=\"text-align: center;\"><img loading=\"lazy\" decoding=\"async\" class=\"alignnone size-full wp-image-3086\" src=\"https:\/\/www.leyaled.com\/wp-content\/uploads\/2025\/10\/display6-1.webp\" alt=\"\" width=\"800\" height=\"384\" srcset=\"https:\/\/www.leyaled.com\/wp-content\/uploads\/2025\/10\/display6-1.webp 800w, https:\/\/www.leyaled.com\/wp-content\/uploads\/2025\/10\/display6-1-300x144.webp 300w, https:\/\/www.leyaled.com\/wp-content\/uploads\/2025\/10\/display6-1-768x369.webp 768w, https:\/\/www.leyaled.com\/wp-content\/uploads\/2025\/10\/display6-1-600x288.webp 600w\" sizes=\"(max-width: 800px) 100vw, 800px\" \/><\/p>\n<p style=\"text-align: center;\"><span style=\"font-family: helvetica, arial, sans-serif;\">estilo cilindricidad Formulario est\u00e1ndar<\/span><\/p>\n<p style=\"text-align: center;\"><img loading=\"lazy\" decoding=\"async\" class=\"alignnone size-full wp-image-3085\" src=\"https:\/\/www.leyaled.com\/wp-content\/uploads\/2025\/10\/display7-1.webp\" alt=\"\" width=\"800\" height=\"387\" srcset=\"https:\/\/www.leyaled.com\/wp-content\/uploads\/2025\/10\/display7-1.webp 800w, https:\/\/www.leyaled.com\/wp-content\/uploads\/2025\/10\/display7-1-300x145.webp 300w, https:\/\/www.leyaled.com\/wp-content\/uploads\/2025\/10\/display7-1-768x372.webp 768w, https:\/\/www.leyaled.com\/wp-content\/uploads\/2025\/10\/display7-1-600x290.webp 600w\" sizes=\"(max-width: 800px) 100vw, 800px\" \/><\/p>\n<p style=\"text-align: center;\"><span style=\"font-family: helvetica, arial, sans-serif;\">estilo c\u00edrculo de tr\u00e1fico Arco de t\u00fanel<\/span><\/p>\n<p style=\"text-align: center;\"><span style=\"font-family: helvetica, arial, sans-serif; font-size: 14pt;\">Frecuencia de actualizaci\u00f3n de hasta 3840Hz, imagen m\u00e1s clara, sin necesidad de barrer la l\u00ednea<\/span><\/p>\n<p style=\"text-align: center;\"><img loading=\"lazy\" decoding=\"async\" class=\"alignnone size-full wp-image-3088\" src=\"https:\/\/www.leyaled.com\/wp-content\/uploads\/2025\/10\/display8.webp\" alt=\"\" width=\"800\" height=\"248\" srcset=\"https:\/\/www.leyaled.com\/wp-content\/uploads\/2025\/10\/display8.webp 800w, https:\/\/www.leyaled.com\/wp-content\/uploads\/2025\/10\/display8-300x93.webp 300w, https:\/\/www.leyaled.com\/wp-content\/uploads\/2025\/10\/display8-768x238.webp 768w, https:\/\/www.leyaled.com\/wp-content\/uploads\/2025\/10\/display8-600x186.webp 600w\" sizes=\"(max-width: 800px) 100vw, 800px\" \/><\/p>\n<p style=\"text-align: center;\"><span style=\"font-family: helvetica, arial, sans-serif;\">\u00a0 \u00a0 \u00a0 \u00a0 Alta tasa de actualizaci\u00f3n Baja tasa de actualizaci\u00f3n\u00a0 \u00a0 \u00a0 \u00a0 \u00a0 \u00a0 \u00a0 \u00a0 \u00a0 \u00a0<\/span><\/p>\n<p style=\"text-align: center;\"><strong><span style=\"font-family: helvetica, arial, sans-serif; font-size: 14pt;\">Prueba de envejecimiento<\/span><\/strong><\/p>\n<p style=\"text-align: center;\"><img loading=\"lazy\" decoding=\"async\" class=\"alignnone size-full wp-image-3087\" src=\"https:\/\/www.leyaled.com\/wp-content\/uploads\/2025\/10\/display1-1.webp\" alt=\"\" width=\"800\" height=\"684\" srcset=\"https:\/\/www.leyaled.com\/wp-content\/uploads\/2025\/10\/display1-1.webp 800w, https:\/\/www.leyaled.com\/wp-content\/uploads\/2025\/10\/display1-1-300x257.webp 300w, https:\/\/www.leyaled.com\/wp-content\/uploads\/2025\/10\/display1-1-768x657.webp 768w, https:\/\/www.leyaled.com\/wp-content\/uploads\/2025\/10\/display1-1-600x513.webp 600w\" sizes=\"(max-width: 800px) 100vw, 800px\" \/><\/p>\n<p style=\"text-align: center;\"><span style=\"font-family: helvetica, arial, sans-serif; font-size: 14pt;\">\u00bfQuieres saber m\u00e1s sobre otras pantallas de forma irregular? No dude en ponerse en contacto con nosotros.<\/span><\/p>","protected":false},"excerpt":{"rendered":"<p>Las pantallas flexibles son verdaderos revolucionarios en la tecnolog\u00eda de pantalla: sacudieron los l\u00edmites r\u00edgidos de las pantallas tradicionales, construidas alrededor de sustratos flexibles y electr\u00f3nica de pel\u00edcula delgada para una incre\u00edble flexibilidad y moldeabilidad. Con sustratos flexibles de poliimida, dispositivos de pel\u00edcula delgada OLED y circuitos controladores compatibles, funcionan de manera fiable. Elaborados con precisi\u00f3n, son ligeros, resistentes a los impactos, ahorran energ\u00eda, son sensibles al tacto y vienen en formas infinitas. Desde tel\u00e9fonos inteligentes y wearables hasta lectores electr\u00f3nicos, pantallas de autom\u00f3viles, espacios minoristas y configuraciones de escenario, est\u00e1n cambiando totalmente la forma en que usamos las pantallas.<\/p>","protected":false},"featured_media":2816,"comment_status":"closed","ping_status":"closed","template":"","meta":[],"product_brand":[],"product_cat":[33,47],"product_tag":[],"class_list":{"0":"post-2797","1":"product","2":"type-product","3":"status-publish","4":"has-post-thumbnail","6":"product_cat-flexible-display","7":"product_cat-outdoor-flexible-display","9":"first","10":"instock","11":"shipping-taxable","12":"product-type-simple"},"_links":{"self":[{"href":"https:\/\/www.leyaled.com\/es\/wp-json\/wp\/v2\/product\/2797","targetHints":{"allow":["GET"]}}],"collection":[{"href":"https:\/\/www.leyaled.com\/es\/wp-json\/wp\/v2\/product"}],"about":[{"href":"https:\/\/www.leyaled.com\/es\/wp-json\/wp\/v2\/types\/product"}],"replies":[{"embeddable":true,"href":"https:\/\/www.leyaled.com\/es\/wp-json\/wp\/v2\/comments?post=2797"}],"wp:featuredmedia":[{"embeddable":true,"href":"https:\/\/www.leyaled.com\/es\/wp-json\/wp\/v2\/media\/2816"}],"wp:attachment":[{"href":"https:\/\/www.leyaled.com\/es\/wp-json\/wp\/v2\/media?parent=2797"}],"wp:term":[{"taxonomy":"product_brand","embeddable":true,"href":"https:\/\/www.leyaled.com\/es\/wp-json\/wp\/v2\/product_brand?post=2797"},{"taxonomy":"product_cat","embeddable":true,"href":"https:\/\/www.leyaled.com\/es\/wp-json\/wp\/v2\/product_cat?post=2797"},{"taxonomy":"product_tag","embeddable":true,"href":"https:\/\/www.leyaled.com\/es\/wp-json\/wp\/v2\/product_tag?post=2797"}],"curies":[{"name":"WP","href":"https:\/\/api.w.org\/{rel}","templated":true}]}}