{"id":2173,"date":"2025-10-09T17:01:36","date_gmt":"2025-10-09T09:01:36","guid":{"rendered":"https:\/\/www.leyaled.com\/?post_type=product&#038;p=2173"},"modified":"2025-12-08T11:09:58","modified_gmt":"2025-12-08T03:09:58","slug":"profile-body","status":"publish","type":"product","link":"https:\/\/www.leyaled.com\/es\/indoor-led-display\/profile-body\/","title":{"rendered":"Perfil de aluminio pantalla led"},"content":{"rendered":"<p style=\"text-align: center;\"><span style=\"font-family: helvetica, arial, sans-serif;\"><strong>Dise\u00f1o ligero: <\/strong>Adopta dise\u00f1o de marco de aluminio de perfil, haciendo el cuerpo de la pantalla <\/span><\/p>\n<p style=\"text-align: center;\"><span style=\"font-family: helvetica, arial, sans-serif;\">delgado y ligero; ahorra espacio y coste, y es f\u00e1cil de llevar e instalar<\/span><\/p>\n<p style=\"text-align: center;\"><span style=\"font-family: helvetica, arial, sans-serif;\"><strong>Soporte de mantenimiento delantero\/trasero:<\/strong> El producto soporta el mantenimiento delantero y trasero, <\/span><\/p>\n<p style=\"text-align: center;\"><span style=\"font-family: helvetica, arial, sans-serif;\">ahorrar espacio y costos de construcci\u00f3n; Mejora la eficiencia de la instalaci\u00f3n.<\/span><\/p>\n<p style=\"text-align: center;\"><span style=\"font-family: helvetica, arial, sans-serif;\"><strong>Ecol\u00f3gico\/alto brillo\/alta eficiencia energ\u00e9tica:<\/strong> Equipado con fuente de alimentaci\u00f3n dividida por voltaje <\/span><\/p>\n<p style=\"text-align: center;\"><span style=\"font-family: helvetica, arial, sans-serif;\">dise\u00f1o, con un consumo m\u00e1ximo de potencia promedio de solo 200W; caracter\u00edsticas de alto brillo <\/span><\/p>\n<p style=\"text-align: center;\"><span style=\"font-family: helvetica, arial, sans-serif;\">de m\u00e1s de 6500 nits, logrando la ecolog\u00eda y la eficiencia energ\u00e9tica.<\/span><\/p>\n<p style=\"text-align: center;\"><span style=\"font-family: helvetica, arial, sans-serif;\"><strong>Instalaci\u00f3n f\u00e1cil:<\/strong> El gabinete se puede apilar o levantar, lo que permite una instalaci\u00f3n y desmontaje c\u00f3modos y r\u00e1pidos.<\/span><\/p>\n<p style=\"text-align: center;\"><span style=\"font-family: helvetica, arial, sans-serif;\"><strong>\u00c1ngulo de visi\u00f3n ultra-amplio\/3D a ojo desnudo:<\/strong> Cuenta con un \u00e1ngulo de visi\u00f3n ultra amplio de 140 \u00b0 (H \/ V);<\/span><\/p>\n<p style=\"text-align: center;\"><span style=\"font-family: helvetica, arial, sans-serif;\"> soporta empalmes en \u00e1ngulo recto y curvos, realizando f\u00e1cilmente el efecto 3D a simple vista.<\/span><\/p>\n<p style=\"text-align: center;\"><span style=\"font-family: helvetica, arial, sans-serif;\"><strong>Alto contraste &amp; Colores v\u00edvidos:<\/strong> Ofrece colores brillantes, delicados y ricos con una alta relaci\u00f3n de contraste de hasta 9500:1,<\/span><\/p>\n<p style=\"text-align: center;\"><span style=\"font-family: helvetica, arial, sans-serif;\"> gracias al dise\u00f1o de la m\u00e1scara de visor alto que garantiza una excelente consistencia del color de la tinta; La imagen es clara <\/span><\/p>\n<p style=\"text-align: center;\"><span style=\"font-family: helvetica, arial, sans-serif;\">y natural, trayendo una experiencia de visi\u00f3n v\u00edvida y n\u00edtida.<\/span><\/p>\n<p style=\"text-align: center;\"><span style=\"font-family: helvetica, arial, sans-serif;\"><strong>Alto nivel de protecci\u00f3n\/estable &amp; Confiable:<\/strong> Hecho de tela antienvejecimiento de alta resistencia con clasificaci\u00f3n de protecci\u00f3n IP65; fundido a presi\u00f3n <\/span><\/p>\n<p style=\"text-align: center;\"><span style=\"font-family: helvetica, arial, sans-serif;\">caja inferior de aluminio con dise\u00f1o de nervadura de alta disipaci\u00f3n de calor garantiza excelente<\/span><\/p>\n<p style=\"text-align: center;\"><span style=\"font-family: helvetica, arial, sans-serif;\"> rendimiento de disipaci\u00f3n de calor y prolonga la vida \u00fatil del cuerpo de la pantalla.<\/span><\/p>\n<p><img fetchpriority=\"high\" decoding=\"async\" class=\"size-full wp-image-3071 aligncenter\" src=\"https:\/\/www.leyaled.com\/wp-content\/uploads\/2025\/10\/ing3.webp\" alt=\"\" width=\"800\" height=\"654\" srcset=\"https:\/\/www.leyaled.com\/wp-content\/uploads\/2025\/10\/ing3.webp 800w, https:\/\/www.leyaled.com\/wp-content\/uploads\/2025\/10\/ing3-300x245.webp 300w, https:\/\/www.leyaled.com\/wp-content\/uploads\/2025\/10\/ing3-768x628.webp 768w, https:\/\/www.leyaled.com\/wp-content\/uploads\/2025\/10\/ing3-600x491.webp 600w\" sizes=\"(max-width: 800px) 100vw, 800px\" \/><\/p>\n<p><img decoding=\"async\" class=\"size-full wp-image-3070 aligncenter\" src=\"https:\/\/www.leyaled.com\/wp-content\/uploads\/2025\/10\/ing-2.webp\" alt=\"\" width=\"800\" height=\"533\" srcset=\"https:\/\/www.leyaled.com\/wp-content\/uploads\/2025\/10\/ing-2.webp 800w, https:\/\/www.leyaled.com\/wp-content\/uploads\/2025\/10\/ing-2-300x200.webp 300w, https:\/\/www.leyaled.com\/wp-content\/uploads\/2025\/10\/ing-2-768x512.webp 768w, https:\/\/www.leyaled.com\/wp-content\/uploads\/2025\/10\/ing-2-600x400.webp 600w\" sizes=\"(max-width: 800px) 100vw, 800px\" \/> <img decoding=\"async\" class=\"size-full wp-image-3072 aligncenter\" src=\"https:\/\/www.leyaled.com\/wp-content\/uploads\/2025\/10\/ing5.webp\" alt=\"\" width=\"800\" height=\"648\" srcset=\"https:\/\/www.leyaled.com\/wp-content\/uploads\/2025\/10\/ing5.webp 800w, https:\/\/www.leyaled.com\/wp-content\/uploads\/2025\/10\/ing5-300x243.webp 300w, https:\/\/www.leyaled.com\/wp-content\/uploads\/2025\/10\/ing5-768x622.webp 768w, https:\/\/www.leyaled.com\/wp-content\/uploads\/2025\/10\/ing5-600x486.webp 600w\" sizes=\"(max-width: 800px) 100vw, 800px\" \/><\/p>\n<p style=\"text-align: center;\"><span style=\"font-family: helvetica, arial, sans-serif; font-size: 14pt;\">Tecnolog\u00eda de alto brillo y bajo gris para detalles m\u00e1s claros<\/span><\/p>\n<p style=\"text-align: center;\"><span style=\"font-family: helvetica, arial, sans-serif; font-size: 14pt;\">El brillo se puede ajustar seg\u00fan el<\/span><\/p>\n<p style=\"text-align: center;\"><span style=\"font-family: helvetica, arial, sans-serif; font-size: 14pt;\"> ambiente (100-550nit) sin perder escala de grises y calidad de imagen.<\/span><\/p>\n<p style=\"text-align: center;\"><span style=\"font-family: helvetica, arial, sans-serif; font-size: 14pt;\">Alta tasa de actualizaci\u00f3n: 3840H<\/span><\/p>\n<p style=\"text-align: center;\"><img loading=\"lazy\" decoding=\"async\" class=\"alignnone size-full wp-image-3075\" src=\"https:\/\/www.leyaled.com\/wp-content\/uploads\/2025\/10\/display-3.webp\" alt=\"\" width=\"800\" height=\"648\" srcset=\"https:\/\/www.leyaled.com\/wp-content\/uploads\/2025\/10\/display-3.webp 800w, https:\/\/www.leyaled.com\/wp-content\/uploads\/2025\/10\/display-3-300x243.webp 300w, https:\/\/www.leyaled.com\/wp-content\/uploads\/2025\/10\/display-3-768x622.webp 768w, https:\/\/www.leyaled.com\/wp-content\/uploads\/2025\/10\/display-3-600x486.webp 600w\" sizes=\"(max-width: 800px) 100vw, 800px\" \/><\/p>\n<p style=\"text-align: center;\"><span style=\"font-family: helvetica, arial, sans-serif;\">\u00a0 \u00a0 \u00a0 Bajo brillo &amp;  &amp; baja escala de grises alto brillo &amp; baja escala de grises\u00a0<\/span><\/p>\n<p style=\"text-align: center;\"><span style=\"font-family: helvetica, arial, sans-serif;\">\u00a0 \u00a0 P\u00e9rdida significativa de detalles del \u00e1rea oscura P\u00e9rdida m\u00ednima de detalles del \u00e1rea oscura<\/span><\/p>\n<p>&nbsp;<\/p>\n<p style=\"text-align: center;\"><span style=\"font-family: helvetica, arial, sans-serif; font-size: 14pt;\">Mantenimiento delantero y trasero<\/span><\/p>\n<p style=\"text-align: center;\"><span style=\"font-family: helvetica, arial, sans-serif; font-size: 14pt;\">R\u00e1pido montaje, desmontaje y mantenimiento de la caja de alimentaci\u00f3n y el m\u00f3dulo M\u00f3dulo totalmente sellado,<\/span><\/p>\n<p style=\"text-align: center;\"><span style=\"font-family: helvetica, arial, sans-serif; font-size: 14pt;\"> Soporta el mantenimiento frontal y trasero. No se requiere mantenimiento AC<\/span><\/p>\n<p><img loading=\"lazy\" decoding=\"async\" class=\"size-full wp-image-3076 aligncenter\" src=\"https:\/\/www.leyaled.com\/wp-content\/uploads\/2025\/10\/ing22.webp\" alt=\"\" width=\"800\" height=\"638\" srcset=\"https:\/\/www.leyaled.com\/wp-content\/uploads\/2025\/10\/ing22.webp 800w, https:\/\/www.leyaled.com\/wp-content\/uploads\/2025\/10\/ing22-300x239.webp 300w, https:\/\/www.leyaled.com\/wp-content\/uploads\/2025\/10\/ing22-768x612.webp 768w, https:\/\/www.leyaled.com\/wp-content\/uploads\/2025\/10\/ing22-600x479.webp 600w\" sizes=\"(max-width: 800px) 100vw, 800px\" \/><\/p>\n<p style=\"text-align: center;\"><span style=\"font-family: helvetica, arial, sans-serif; font-size: 14pt;\">Seguridad<\/span><\/p>\n<p style=\"text-align: center;\"><span style=\"font-family: helvetica, arial, sans-serif; font-size: 14pt;\">Casca inferior de aluminio, alto punto de ignici\u00f3n, alto nivel de resistencia al fuego, puede pasar la prueba de fuego de la agencia TUV 5VB<\/span><\/p>\n<p>&nbsp;<\/p>\n<p style=\"text-align: center;\"><img loading=\"lazy\" decoding=\"async\" class=\"alignnone size-full wp-image-3077\" src=\"https:\/\/www.leyaled.com\/wp-content\/uploads\/2025\/10\/ing55.webp\" alt=\"\" width=\"800\" height=\"648\" srcset=\"https:\/\/www.leyaled.com\/wp-content\/uploads\/2025\/10\/ing55.webp 800w, https:\/\/www.leyaled.com\/wp-content\/uploads\/2025\/10\/ing55-300x243.webp 300w, https:\/\/www.leyaled.com\/wp-content\/uploads\/2025\/10\/ing55-768x622.webp 768w, https:\/\/www.leyaled.com\/wp-content\/uploads\/2025\/10\/ing55-600x486.webp 600w\" sizes=\"(max-width: 800px) 100vw, 800px\" \/><\/p>\n<p style=\"text-align: center;\"><span style=\"font-family: helvetica, arial, sans-serif; font-size: 14pt;\">Fuente de alimentaci\u00f3n doble<\/span><\/p>\n<p style=\"text-align: center;\"><span style=\"font-family: helvetica, arial, sans-serif;\"><span style=\"font-size: 14pt;\">Fuente de alimentaci\u00f3n de doble voltaje con despliegue autom\u00e1tico y funci\u00f3n de salida doble para garantizar la estabilidad de la fuente de alimentaci\u00f3n<\/span> <\/span><\/p>\n<p style=\"text-align: center;\"><img loading=\"lazy\" decoding=\"async\" class=\"alignnone size-full wp-image-3078\" src=\"https:\/\/www.leyaled.com\/wp-content\/uploads\/2025\/10\/display-4.webp\" alt=\"\" width=\"800\" height=\"387\" srcset=\"https:\/\/www.leyaled.com\/wp-content\/uploads\/2025\/10\/display-4.webp 800w, https:\/\/www.leyaled.com\/wp-content\/uploads\/2025\/10\/display-4-300x145.webp 300w, https:\/\/www.leyaled.com\/wp-content\/uploads\/2025\/10\/display-4-768x372.webp 768w, https:\/\/www.leyaled.com\/wp-content\/uploads\/2025\/10\/display-4-600x290.webp 600w\" sizes=\"(max-width: 800px) 100vw, 800px\" \/><\/p>\n<p style=\"text-align: center;\"><span style=\"font-size: 12pt;\"><span style=\"font-family: helvetica, arial, sans-serif;\">Gabinete de fuente de alimentaci\u00f3n \u00a0 \u00a0 \u00a0 <\/span>\u00a0<\/span><\/p>\n<p style=\"text-align: center;\"><span style=\"font-family: helvetica, arial, sans-serif; font-size: 14pt;\">Escenarios de aplicaci\u00f3n: <\/span><\/p>\n<p style=\"text-align: center;\"><span style=\"font-family: helvetica, arial, sans-serif;\">Publicidad y Medios de comunicaci\u00f3n | Exposici\u00f3n &amp; Exposici\u00f3n | Exposici\u00f3n comercial | Gobierno &amp; Imagen de la empresa | Transporte | etc.<\/span><\/p>\n<p style=\"text-align: center;\"><img loading=\"lazy\" decoding=\"async\" class=\"alignnone size-full wp-image-3079\" src=\"https:\/\/www.leyaled.com\/wp-content\/uploads\/2025\/10\/display3-1.webp\" alt=\"\" width=\"800\" height=\"800\" srcset=\"https:\/\/www.leyaled.com\/wp-content\/uploads\/2025\/10\/display3-1.webp 800w, https:\/\/www.leyaled.com\/wp-content\/uploads\/2025\/10\/display3-1-300x300.webp 300w, https:\/\/www.leyaled.com\/wp-content\/uploads\/2025\/10\/display3-1-150x150.webp 150w, https:\/\/www.leyaled.com\/wp-content\/uploads\/2025\/10\/display3-1-768x768.webp 768w, https:\/\/www.leyaled.com\/wp-content\/uploads\/2025\/10\/display3-1-600x600.webp 600w, https:\/\/www.leyaled.com\/wp-content\/uploads\/2025\/10\/display3-1-100x100.webp 100w\" sizes=\"(max-width: 800px) 100vw, 800px\" \/><\/p>\n<p style=\"text-align: center;\"><span style=\"font-family: helvetica, arial, sans-serif;\">\u00bfCu\u00e1nto tiempo dura la vida \u00fatil del perfil LED de aluminio? No dude en ponerse en contacto con nosotros.<\/span><\/p>","protected":false},"excerpt":{"rendered":"<p>Nuestros gabinetes de perfil de aluminio son un 15% m\u00e1s ligeros que los modelos est\u00e1ndar, adem\u00e1s ofrecen una disipaci\u00f3n de calor de primera clase y cumplen con los est\u00e1ndares impermeables IP65 completos.<br \/>\nTanto el mantenimiento delantero como trasero son soportados, lo que facilita el mantenimiento en el sitio.<br \/>\nObtendr\u00e1s una calidad de imagen impresionante: velocidad de actualizaci\u00f3n de 3840 Hz, relaci\u00f3n de contraste de 10000:1, escala de grises de 16 bits y un \u00e1ngulo de visi\u00f3n ancho de 160\u00b0.<br \/>\nTambi\u00e9n son altamente eficientes en energ\u00eda, con un consumo promedio de energ\u00eda de solo 270 vatios por metro cuadrado.<br \/>\nEstas pantallas funcionan brillantemente para publicidad al aire libre, espect\u00e1culos en vivo, espacios de exposici\u00f3n de marca y muchas otras aplicaciones.<\/p>","protected":false},"featured_media":2672,"comment_status":"closed","ping_status":"closed","template":"","meta":[],"product_brand":[],"product_cat":[42,15],"product_tag":[],"class_list":{"0":"post-2173","1":"product","2":"type-product","3":"status-publish","4":"has-post-thumbnail","6":"product_cat-indoor-led-display","7":"product_cat-standard-led-display","9":"first","10":"instock","11":"shipping-taxable","12":"product-type-simple"},"_links":{"self":[{"href":"https:\/\/www.leyaled.com\/es\/wp-json\/wp\/v2\/product\/2173","targetHints":{"allow":["GET"]}}],"collection":[{"href":"https:\/\/www.leyaled.com\/es\/wp-json\/wp\/v2\/product"}],"about":[{"href":"https:\/\/www.leyaled.com\/es\/wp-json\/wp\/v2\/types\/product"}],"replies":[{"embeddable":true,"href":"https:\/\/www.leyaled.com\/es\/wp-json\/wp\/v2\/comments?post=2173"}],"wp:featuredmedia":[{"embeddable":true,"href":"https:\/\/www.leyaled.com\/es\/wp-json\/wp\/v2\/media\/2672"}],"wp:attachment":[{"href":"https:\/\/www.leyaled.com\/es\/wp-json\/wp\/v2\/media?parent=2173"}],"wp:term":[{"taxonomy":"product_brand","embeddable":true,"href":"https:\/\/www.leyaled.com\/es\/wp-json\/wp\/v2\/product_brand?post=2173"},{"taxonomy":"product_cat","embeddable":true,"href":"https:\/\/www.leyaled.com\/es\/wp-json\/wp\/v2\/product_cat?post=2173"},{"taxonomy":"product_tag","embeddable":true,"href":"https:\/\/www.leyaled.com\/es\/wp-json\/wp\/v2\/product_tag?post=2173"}],"curies":[{"name":"WP","href":"https:\/\/api.w.org\/{rel}","templated":true}]}}