{"id":2169,"date":"2025-10-09T16:57:42","date_gmt":"2025-10-09T08:57:42","guid":{"rendered":"https:\/\/www.leyaled.com\/?post_type=product&#038;p=2169"},"modified":"2025-12-11T14:46:45","modified_gmt":"2025-12-11T06:46:45","slug":"transparent-screen","status":"publish","type":"product","link":"https:\/\/www.leyaled.com\/es\/outdoor-special-led-screen\/transparent-screen\/","title":{"rendered":"Pantalla transparente"},"content":{"rendered":"<p style=\"text-align: center;\"><span style=\"font-family: helvetica, arial, sans-serif; font-size: 14pt;\"><strong>Las pantallas LED son productos hechos a medida. Para la personalizaci\u00f3n de pantalla completa, p\u00f3ngase en contacto con el servicio al cliente para consultas.<\/strong><\/span><\/p>\n<p style=\"text-align: center;\"><span style=\"font-family: helvetica, arial, sans-serif; font-size: 14pt;\"><strong>1. Alta transparencia con visi\u00f3n sin obst\u00e1culos<\/strong><\/span><br \/>\n<span style=\"font-family: helvetica, arial, sans-serif; font-size: 14pt;\">Las pantallas transparentes t\u00edpicamente ofrecen una tasa de transparencia del 40%-90% (var\u00eda seg\u00fan el modelo). <\/span><\/p>\n<p style=\"text-align: center;\"><span style=\"font-family: helvetica, arial, sans-serif; font-size: 14pt;\">Adoptando dise\u00f1os de perlas LED a base de vidrio o huecos, no bloquean las escenas detr\u00e1s <\/span><\/p>\n<p style=\"text-align: center;\"><span style=\"font-family: helvetica, arial, sans-serif; font-size: 14pt;\">(por ejemplo, ventanas de tiendas, paredes cortinas de vidrio de edificio, exhibiciones de gabinete de exposici\u00f3n), entregando un transl\u00facido <\/span><\/p>\n<p style=\"text-align: center;\"><span style=\"font-family: helvetica, arial, sans-serif; font-size: 14pt;\">efecto donde &#8220; contenido mostrado superpone la escena real&#8221; y resolver el punto de dolor de &#8220; vista obstruida&#8221; con pantallas tradicionales.<\/span><\/p>\n<p style=\"text-align: center;\"><span style=\"font-family: helvetica, arial, sans-serif; font-size: 14pt;\"><strong>2. pantalla de alta definici\u00f3n con excelente color &amp; Rendimiento din\u00e1mico<\/strong><\/span><br \/>\n<span style=\"font-family: helvetica, arial, sans-serif; font-size: 14pt;\">Herdando las ventajas de calidad de imagen de las pantallas LED, la mayor\u00eda de las pantallas transparentes soportan <\/span><\/p>\n<p style=\"text-align: center;\"><span style=\"font-family: helvetica, arial, sans-serif; font-size: 14pt;\">Resoluci\u00f3n de alta definici\u00f3n (por ejemplo, 1080P y superior) y altas relaciones de contraste (hasta 10000:1 para algunos modelos).<\/span><\/p>\n<p style=\"text-align: center;\"><span style=\"font-family: helvetica, arial, sans-serif; font-size: 14pt;\"> Equipados con tecnolog\u00eda de amplia gama de colores, garantizan un contenido din\u00e1mico claro y suave<\/span><\/p>\n<p style=\"text-align: center;\"><span style=\"font-family: helvetica, arial, sans-serif; font-size: 14pt;\"> (como v\u00eddeos y animaciones). Incluso en ambientes de alta luz (por ejemplo, ventanas al aire libre),<\/span><\/p>\n<p style=\"text-align: center;\"><span style=\"font-family: helvetica, arial, sans-serif; font-size: 14pt;\"> Mantienen la precisi\u00f3n del color y evitan el blanqueamiento de la pantalla.<\/span><\/p>\n<p style=\"text-align: center;\"><span style=\"font-family: helvetica, arial, sans-serif; font-size: 14pt;\"><strong>3. delgado &amp; Dise\u00f1o ligero con instalaci\u00f3n flexible<\/strong><\/span><br \/>\n<span style=\"font-family: helvetica, arial, sans-serif; font-size: 14pt;\">Con una estructura ligera, el grosor suele ser de solo 5-15 mm. Se pueden montar directamente <\/span><\/p>\n<p style=\"text-align: center;\"><span style=\"font-family: helvetica, arial, sans-serif; font-size: 14pt;\">sobre vidrio (mediante adsorci\u00f3n magn\u00e9tica, montaje en pared o montaje en techo) sin necesidad de<\/span><\/p>\n<p style=\"text-align: center;\"><span style=\"font-family: helvetica, arial, sans-serif; font-size: 14pt;\"> corchetes. Adem\u00e1s, algunas pantallas transparentes flexibles pueden adaptarse a escenarios curvos o irregulares.<\/span><\/p>\n<p style=\"text-align: center;\"><span style=\"font-family: helvetica, arial, sans-serif; font-size: 14pt;\"> (por ejemplo, armarios de exhibici\u00f3n cil\u00edndricos, paredes de vidrio curvas), que cumplen con los requisitos de instalaci\u00f3n de diferentes lugares.<\/span><\/p>\n<p style=\"text-align: center;\"><span style=\"font-family: helvetica, arial, sans-serif; font-size: 14pt;\"><strong>4. Bajo consumo de energ\u00eda Alta estabilidad para la operaci\u00f3n a largo plazo<\/strong><\/span><\/p>\n<p style=\"text-align: center;\"><span style=\"font-family: helvetica, arial, sans-serif; font-size: 14pt;\">Aprovechando las caracter\u00edsticas de baja potencia de los chips LED, las pantallas transparentes son m\u00e1s eficientes en energ\u00eda que las tradicionales<\/span><\/p>\n<p style=\"text-align: center;\"><span style=\"font-family: helvetica, arial, sans-serif; font-size: 14pt;\"> Pantallas transparentes LCD. Tambi\u00e9n soportan el funcionamiento continuo 24\/7 (por ejemplo, ventanas de centros comerciales, pantallas de informaci\u00f3n del aeropuerto).<\/span><\/p>\n<p style=\"text-align: center;\"><span style=\"font-family: helvetica, arial, sans-serif; font-size: 14pt;\"> Combinados con el sistema de soporte posventa de su empresa, ayudan a reducir los costos de mantenimiento a largo plazo de los clientes.<\/span><\/p>\n<p style=\"text-align: center;\"><span style=\"font-family: helvetica, arial, sans-serif; font-size: 14pt;\"><strong>Ni\u00f1o y pintoresco, ultra ligero y ultra delgado<\/strong>\u00a0<\/span><\/p>\n<p style=\"text-align: center;\"><span style=\"font-family: helvetica, arial, sans-serif; font-size: 14pt;\">Marco de aluminio fundido a presi\u00f3n simple, anti-extensi\u00f3n y deformaci\u00f3n, alta planura y empalme sin borde <\/span><\/p>\n<p style=\"text-align: center;\"><strong><span style=\"font-family: helvetica, arial, sans-serif; font-size: 14pt;\">Alta transparencia | 50% de transparencia<\/span><\/strong><\/p>\n<p style=\"text-align: center;\"><span style=\"font-family: helvetica, arial, sans-serif; font-size: 14pt;\">La tecnolog\u00eda de luminescencia positiva puede aumentar la transparencia a m\u00e1s del 50%. <\/span><\/p>\n<p style=\"text-align: center;\"><span style=\"font-family: helvetica, arial, sans-serif; font-size: 14pt;\">Cuando se muestra la imagen, es como una imagen tridimensional que aparece directamente en el aire.<\/span><\/p>\n<p><img fetchpriority=\"high\" decoding=\"async\" class=\"size-full wp-image-3173 aligncenter\" src=\"https:\/\/www.leyaled.com\/wp-content\/uploads\/2025\/10\/tmp.webp\" alt=\"\" width=\"800\" height=\"476\" srcset=\"https:\/\/www.leyaled.com\/wp-content\/uploads\/2025\/10\/tmp.webp 800w, https:\/\/www.leyaled.com\/wp-content\/uploads\/2025\/10\/tmp-300x179.webp 300w, https:\/\/www.leyaled.com\/wp-content\/uploads\/2025\/10\/tmp-768x457.webp 768w, https:\/\/www.leyaled.com\/wp-content\/uploads\/2025\/10\/tmp-600x357.webp 600w\" sizes=\"(max-width: 800px) 100vw, 800px\" \/><\/p>\n<p style=\"text-align: center;\"><span style=\"font-size: 14pt;\"><strong><span style=\"font-family: helvetica, arial, sans-serif;\">Empalme sin costuras, instalaci\u00f3n flexible<\/span><\/strong><\/span><\/p>\n<p style=\"text-align: center;\"><span style=\"font-family: helvetica, arial, sans-serif; font-size: 14pt;\">El empalme sin costuras satisface nuestra b\u00fasqueda de una imagen m\u00e1s hermosa. La instalaci\u00f3n flexible es adecuada <\/span><\/p>\n<p style=\"text-align: center;\"><span style=\"font-family: helvetica, arial, sans-serif; font-size: 14pt;\">para cualquier tama\u00f1o. La tecnolog\u00eda de extensi\u00f3n de v\u00eddeo se utiliza para asegurar que la imagen no <\/span><\/p>\n<p style=\"text-align: center;\"><span style=\"font-family: helvetica, arial, sans-serif; font-size: 14pt;\">deformado y el color no se distorsiona al ver la imagen. <\/span><\/p>\n<p style=\"text-align: center;\"><img decoding=\"async\" class=\"alignnone size-full wp-image-3174\" src=\"https:\/\/www.leyaled.com\/wp-content\/uploads\/2025\/10\/tmpdisplay.webp\" alt=\"\" width=\"800\" height=\"700\" srcset=\"https:\/\/www.leyaled.com\/wp-content\/uploads\/2025\/10\/tmpdisplay.webp 800w, https:\/\/www.leyaled.com\/wp-content\/uploads\/2025\/10\/tmpdisplay-300x263.webp 300w, https:\/\/www.leyaled.com\/wp-content\/uploads\/2025\/10\/tmpdisplay-768x672.webp 768w, https:\/\/www.leyaled.com\/wp-content\/uploads\/2025\/10\/tmpdisplay-600x525.webp 600w\" sizes=\"(max-width: 800px) 100vw, 800px\" \/><\/p>\n<p style=\"text-align: center;\"><strong><span style=\"font-family: helvetica, arial, sans-serif; font-size: 14pt;\"> Detalles del producto<\/span><\/strong><\/p>\n<p style=\"text-align: center;\"><img decoding=\"async\" class=\"alignnone size-full wp-image-3175\" src=\"https:\/\/www.leyaled.com\/wp-content\/uploads\/2025\/10\/display-tmp.webp\" alt=\"\" width=\"800\" height=\"617\" srcset=\"https:\/\/www.leyaled.com\/wp-content\/uploads\/2025\/10\/display-tmp.webp 800w, https:\/\/www.leyaled.com\/wp-content\/uploads\/2025\/10\/display-tmp-300x231.webp 300w, https:\/\/www.leyaled.com\/wp-content\/uploads\/2025\/10\/display-tmp-768x592.webp 768w, https:\/\/www.leyaled.com\/wp-content\/uploads\/2025\/10\/display-tmp-600x463.webp 600w\" sizes=\"(max-width: 800px) 100vw, 800px\" \/><\/p>\n<p><span style=\"font-family: helvetica, arial, sans-serif; font-size: 14pt;\"><strong><img loading=\"lazy\" decoding=\"async\" class=\"size-full wp-image-3178 aligncenter\" src=\"https:\/\/www.leyaled.com\/wp-content\/uploads\/2025\/10\/tmpdisplay-2.webp\" alt=\"\" width=\"800\" height=\"541\" srcset=\"https:\/\/www.leyaled.com\/wp-content\/uploads\/2025\/10\/tmpdisplay-2.webp 800w, https:\/\/www.leyaled.com\/wp-content\/uploads\/2025\/10\/tmpdisplay-2-300x203.webp 300w, https:\/\/www.leyaled.com\/wp-content\/uploads\/2025\/10\/tmpdisplay-2-768x519.webp 768w, https:\/\/www.leyaled.com\/wp-content\/uploads\/2025\/10\/tmpdisplay-2-600x406.webp 600w\" sizes=\"(max-width: 800px) 100vw, 800px\" \/><\/strong><\/span><\/p>\n<p style=\"text-align: center;\"><strong><span style=\"font-family: helvetica, arial, sans-serif; font-size: 14pt;\">Pantalla de alta definici\u00f3n<\/span><\/strong><\/p>\n<p style=\"text-align: center;\"><span style=\"font-family: helvetica, arial, sans-serif; font-size: 14pt;\">Fidelidad del color<\/span><\/p>\n<p style=\"text-align: center;\"><span style=\"font-family: helvetica, arial, sans-serif; font-size: 14pt;\">Nivel de escala de grises de 14 bits<\/span><\/p>\n<p style=\"text-align: center;\"><span style=\"font-family: helvetica, arial, sans-serif; font-size: 14pt;\">Tasa de actualizaci\u00f3n \u2265 1920Hz<\/span><\/p>\n<p style=\"text-align: center;\"><span style=\"font-family: helvetica, arial, sans-serif; font-size: 14pt;\">Brillo 4500 cd\/ \u33a1<\/span><\/p>\n<p style=\"text-align: center;\"><img loading=\"lazy\" decoding=\"async\" class=\"alignnone size-full wp-image-3179\" src=\"https:\/\/www.leyaled.com\/wp-content\/uploads\/2025\/10\/zhiruy.webp\" alt=\"\" width=\"800\" height=\"643\" srcset=\"https:\/\/www.leyaled.com\/wp-content\/uploads\/2025\/10\/zhiruy.webp 800w, https:\/\/www.leyaled.com\/wp-content\/uploads\/2025\/10\/zhiruy-300x241.webp 300w, https:\/\/www.leyaled.com\/wp-content\/uploads\/2025\/10\/zhiruy-768x617.webp 768w, https:\/\/www.leyaled.com\/wp-content\/uploads\/2025\/10\/zhiruy-600x482.webp 600w\" sizes=\"(max-width: 800px) 100vw, 800px\" \/><\/p>\n<p style=\"text-align: center;\"><span style=\"font-size: 14pt; font-family: helvetica, arial, sans-serif;\"><strong> Ventajas espec\u00edficas del escenario: <\/strong>Amplia cobertura de la industria con una fuerte viabilidad de implementaci\u00f3n<\/span><\/p>\n<p style=\"text-align: center;\"><span style=\"font-size: 14pt; font-family: helvetica, arial, sans-serif;\"><strong>Escenario comercial al por menor:<\/strong> Pantallas transparentes para ventanas de la tienda pueden jugar promoci\u00f3n del producto <\/span><\/p>\n<p style=\"text-align: center;\"><span style=\"font-size: 14pt; font-family: helvetica, arial, sans-serif;\">videos sin bloquear las pantallas en la tienda. Los pasajeros pueden &#8220; ver los productos a trav\u00e9s de la pantalla,&#8221; <\/span><\/p>\n<p style=\"text-align: center;\"><span style=\"font-size: 14pt; font-family: helvetica, arial, sans-serif;\">Mejorar la ventana&#8217; apelaci\u00f3n (por ejemplo, tiendas de joyer\u00eda, tiendas de ropa, tiendas 3C).<\/span><\/p>\n<p style=\"text-align: center;\"><span style=\"font-family: helvetica, arial, sans-serif; font-size: 14pt;\"><strong>exposici\u00f3n &amp; Escenario de la pantalla:<\/strong> Pantallas transparentes instaladas en vitrinas en museos y<\/span><\/p>\n<p style=\"text-align: center;\"><span style=\"font-family: helvetica, arial, sans-serif; font-size: 14pt;\"> Los museos de ciencia y tecnolog\u00eda pueden superponer texto y explicaciones animadas sobre las exposiciones<\/span><\/p>\n<p style=\"text-align: center;\"><span style=\"font-family: helvetica, arial, sans-serif; font-size: 14pt;\"> (como reliquias culturales y modelos), permitiendo la presentaci\u00f3n simult\u00e1nea de &#8220; objetos f\u00edsicos informaci\u00f3n digital&#8221; <\/span><\/p>\n<p style=\"text-align: center;\"><span style=\"font-family: helvetica, arial, sans-serif; font-size: 14pt;\">Mejorar la experiencia interactiva.<\/span><\/p>\n<p style=\"text-align: center;\"><span style=\"font-family: helvetica, arial, sans-serif; font-size: 14pt;\"><strong>Arquitectura y Escenario al aire libre:<\/strong> Cuando se instalan pantallas transparentes en<\/span><\/p>\n<p style=\"text-align: center;\"><span style=\"font-family: helvetica, arial, sans-serif; font-size: 14pt;\"> las paredes cortinas de vidrio de los edificios, no afectan al edificio&#8217; s luz diurna durante <\/span><\/p>\n<p style=\"text-align: center;\"><span style=\"font-family: helvetica, arial, sans-serif; font-size: 14pt;\">El d\u00eda. Por la noche, pueden jugar animaciones de escena nocturna urbana y anuncios de marca, <\/span><\/p>\n<p style=\"text-align: center;\"><span style=\"font-family: helvetica, arial, sans-serif; font-size: 14pt;\">Combinar atractivo est\u00e9tico con valor comercial.<\/span><\/p>\n<p style=\"text-align: center;\"><span style=\"font-size: 14pt; font-family: helvetica, arial, sans-serif;\"><strong>Transporte y Escenario p\u00fablico:<\/strong> Pantallas transparentes utilizadas para particiones de vidrio en <\/span><\/p>\n<p style=\"text-align: center;\"><span style=\"font-size: 14pt; font-family: helvetica, arial, sans-serif;\">aeropuertos y metro pueden mostrar informaci\u00f3n de vuelo \/ ruta sin interferir con los pasajeros; habilidad<\/span>y para<\/p>\n<p style=\"text-align: center;\"><span style=\"font-family: helvetica, arial, sans-serif; font-size: 14pt;\">observar el entorno circundante, mejorando la eficiencia de la entrega de informaci\u00f3n.<\/span><\/p>","protected":false},"excerpt":{"rendered":"<p>Echa un vistazo a esta pantalla LED transparente que cambia el juego: mezcla el contenido digital directamente con el mundo real sin problemas.<br \/>\n80% de transmitancia, calidad Full HD o incluso 4K: im\u00e1genes claras y verdadera transparencia, todo en uno.<br \/>\nUltra delgado, f\u00e1cil de instalar, se mantiene n\u00edtido en el sol brillante, y puede agregar tacto, gesto o AR para interacciones frescas.<br \/>\nTama\u00f1os y formas personalizados para venta al por menor, exposiciones, escenarios, hoteles, \u00a1lo que necesites!<\/p>","protected":false},"featured_media":2665,"comment_status":"closed","ping_status":"closed","template":"","meta":[],"product_brand":[],"product_cat":[49,34],"product_tag":[],"class_list":{"0":"post-2169","1":"product","2":"type-product","3":"status-publish","4":"has-post-thumbnail","6":"product_cat-outdoor-special-led-screen","7":"product_cat-special-led-screen","9":"first","10":"instock","11":"shipping-taxable","12":"product-type-simple"},"_links":{"self":[{"href":"https:\/\/www.leyaled.com\/es\/wp-json\/wp\/v2\/product\/2169","targetHints":{"allow":["GET"]}}],"collection":[{"href":"https:\/\/www.leyaled.com\/es\/wp-json\/wp\/v2\/product"}],"about":[{"href":"https:\/\/www.leyaled.com\/es\/wp-json\/wp\/v2\/types\/product"}],"replies":[{"embeddable":true,"href":"https:\/\/www.leyaled.com\/es\/wp-json\/wp\/v2\/comments?post=2169"}],"wp:featuredmedia":[{"embeddable":true,"href":"https:\/\/www.leyaled.com\/es\/wp-json\/wp\/v2\/media\/2665"}],"wp:attachment":[{"href":"https:\/\/www.leyaled.com\/es\/wp-json\/wp\/v2\/media?parent=2169"}],"wp:term":[{"taxonomy":"product_brand","embeddable":true,"href":"https:\/\/www.leyaled.com\/es\/wp-json\/wp\/v2\/product_brand?post=2169"},{"taxonomy":"product_cat","embeddable":true,"href":"https:\/\/www.leyaled.com\/es\/wp-json\/wp\/v2\/product_cat?post=2169"},{"taxonomy":"product_tag","embeddable":true,"href":"https:\/\/www.leyaled.com\/es\/wp-json\/wp\/v2\/product_tag?post=2169"}],"curies":[{"name":"WP","href":"https:\/\/api.w.org\/{rel}","templated":true}]}}