{"id":2160,"date":"2025-10-09T16:47:47","date_gmt":"2025-10-09T08:47:47","guid":{"rendered":"https:\/\/www.leyaled.com\/?post_type=product&#038;p=2160"},"modified":"2025-12-11T16:25:16","modified_gmt":"2025-12-11T08:25:16","slug":"p4-81enclosure","status":"publish","type":"product","link":"https:\/\/www.leyaled.com\/es\/indoor-led-display\/p4-81enclosure\/","title":{"rendered":"pantalla interior P4.81 Caja"},"content":{"rendered":"<p style=\"text-align: center;\"><strong><span style=\"font-family: helvetica, arial, sans-serif; font-size: 14pt;\">1\u3001Calidad de imagen interior adaptada a la escena con grandes efectos visuales<\/span><\/strong><\/p>\n<p style=\"text-align: center;\"><span style=\"font-family: helvetica, arial, sans-serif; font-size: 14pt;\">Con un paso de p\u00edxeles de 4,81 mm y una densidad de p\u00edxeles de aproximadamente 43.264 p\u00edxeles\/m\u00b2, <\/span><\/p>\n<p style=\"text-align: center;\"><span style=\"font-family: helvetica, arial, sans-serif; font-size: 14pt;\">est\u00e1 equipado con un 160 \u00b0 ultra-ancho <\/span><span style=\"font-family: helvetica, arial, sans-serif; font-size: 14pt;\">\u00e1ngulo de visi\u00f3n y un brillo de alrededor de 1000cd\/m\u00b2.<\/span><\/p>\n<p style=\"text-align: center;\"><span style=\"font-family: helvetica, arial, sans-serif; font-size: 14pt;\"> No solo muestra claramente v\u00eddeos din\u00e1micos y marca <\/span><span style=\"font-family: helvetica, arial, sans-serif; font-size: 14pt;\">logotipos pero tambi\u00e9n evita el deslumbramiento causado por el brillo excesivo.<\/span><\/p>\n<p style=\"text-align: center;\"><span style=\"font-family: helvetica, arial, sans-serif; font-size: 14pt;\"> Con una velocidad de actualizaci\u00f3n de no menos de 500Hz, hay<\/span><span style=\"font-family: helvetica, arial, sans-serif; font-size: 14pt;\">no est\u00e1 tartameteando o atrasado cuando se reproducen efectos interactivos o im\u00e1genes escenarias,<\/span><\/p>\n<p style=\"text-align: center;\"><span style=\"font-family: helvetica, arial, sans-serif; font-size: 14pt;\">Asegurar que la audiencia pueda ver contenido claro desde cualquier \u00e1ngulo.<\/span><\/p>\n<p style=\"text-align: center;\"><span style=\"font-family: helvetica, arial, sans-serif; font-size: 14pt;\"><strong>2, ligero, f\u00e1cil de desmontar - ideal para la eficiencia del alquiler<\/strong><\/span><\/p>\n<p style=\"text-align: center;\"><span style=\"font-family: helvetica, arial, sans-serif; font-size: 14pt;\">Tiene un armario ligero, principalmente de aluminio fundido a presi\u00f3n. Cada unidad no es pesada \u2013 2 a 3 personas pueden llevarla e instalarla. Tambi\u00e9n es modular, <\/span><\/p>\n<p style=\"text-align: center;\"><span style=\"font-family: helvetica, arial, sans-serif; font-size: 14pt;\">por lo que el empalme es r\u00e1pido. Los tama\u00f1os comunes son est\u00e1ndares como 500 \u00d7 500mm y 500 \u00d7 1000mm, y puede ajustar<\/span><\/p>\n<p style=\"text-align: center;\"><span style=\"font-family: helvetica, arial, sans-serif; font-size: 14pt;\"> tama\u00f1o y forma para adaptarse al espacio del evento. Cuando se desmonta, se apila para almacenamiento, ahorrando espacio log\u00edstico y costos de mano de obra.<\/span><\/p>\n<p style=\"text-align: center;\"><span style=\"font-size: 14pt; font-family: helvetica, arial, sans-serif;\"><strong>3\u3001Protecci\u00f3n b\u00e1sica &amp; Durabilidad para uso frecuente<\/strong><\/span><\/p>\n<p style=\"text-align: center;\"><span style=\"font-size: 14pt; font-family: helvetica, arial, sans-serif;\">Aunque est\u00e1 dise\u00f1ado para uso en interiores, tiene capacidades b\u00e1sicas a prueba de polvo y humedad, que pueden manejar ligero polvo y humedad. <\/span><\/p>\n<p style=\"text-align: center;\"><span style=\"font-size: 14pt; font-family: helvetica, arial, sans-serif;\">cambios en entornos interiores como exposiciones y centros comerciales. La superficie de la pantalla es principalmente resistente a los ara\u00f1azos,<\/span><\/p>\n<p style=\"text-align: center;\"><span style=\"font-size: 14pt; font-family: helvetica, arial, sans-serif;\"> y las interfaces del m\u00f3dulo est\u00e1n reforzadas, lo que lo hace menos propenso a da\u00f1os incluso con montaje frecuente y <\/span><\/p>\n<p style=\"text-align: center;\"><span style=\"font-size: 14pt; font-family: helvetica, arial, sans-serif;\">desmontaje, cumpliendo as\u00ed con el &#8220; uso c\u00edclico repetido&#8221; demanda en el negocio de alquiler.<\/span><\/p>\n<p style=\"text-align: center;\"><span style=\"font-size: 14pt; font-family: helvetica, arial, sans-serif;\"><strong>4\u3001Soporte para depuraci\u00f3n r\u00e1pida &amp; adaptaci\u00f3n de escena flexible<\/strong><\/span><\/p>\n<p style=\"text-align: center;\"><span style=\"font-size: 14pt; font-family: helvetica, arial, sans-serif;\">Viene con interfaces de conexi\u00f3n de se\u00f1al convenientes y est\u00e1 emparejado con un sistema de control espec\u00edfico de alquiler, lo que permite que se ilumine <\/span><\/p>\n<p style=\"text-align: center;\"><span style=\"font-size: 14pt; font-family: helvetica, arial, sans-serif;\">r\u00e1pidamente despu\u00e9s de la conexi\u00f3n en el sitio. Es compatible con m\u00f3dulos de sensores interactivos, lo que permite la adici\u00f3n temporal de<\/span><\/p>\n<p style=\"text-align: center;\"><span style=\"font-size: 14pt; font-family: helvetica, arial, sans-serif;\"> efectos interactivos como ondas de agua y disparadores t\u00e1ctiles. Esto lo hace adecuado para escenarios que requieren instant\u00e1neo<\/span><\/p>\n<p style=\"text-align: center;\"><span style=\"font-size: 14pt; font-family: helvetica, arial, sans-serif;\"> creaci\u00f3n de atm\u00f3sfera, como pasillos de bodas y \u00e1reas de experiencia de exposici\u00f3n, sin necesidad de modificaciones complejas.<\/span><\/p>\n<p style=\"text-align: center;\"><img fetchpriority=\"high\" decoding=\"async\" class=\"alignnone size-full wp-image-3206\" src=\"https:\/\/www.leyaled.com\/wp-content\/uploads\/2025\/10\/display-outdoor-1.webp\" alt=\"\" width=\"800\" height=\"591\" srcset=\"https:\/\/www.leyaled.com\/wp-content\/uploads\/2025\/10\/display-outdoor-1.webp 800w, https:\/\/www.leyaled.com\/wp-content\/uploads\/2025\/10\/display-outdoor-1-300x222.webp 300w, https:\/\/www.leyaled.com\/wp-content\/uploads\/2025\/10\/display-outdoor-1-768x567.webp 768w, https:\/\/www.leyaled.com\/wp-content\/uploads\/2025\/10\/display-outdoor-1-600x443.webp 600w\" sizes=\"(max-width: 800px) 100vw, 800px\" \/><\/p>\n<p style=\"text-align: center;\"><strong><span style=\"font-family: helvetica, arial, sans-serif; font-size: 14pt;\">Amplio \u00e1ngulo de visi\u00f3n &amp; Alto contraste para im\u00e1genes en color v\u00edvido<\/span><\/strong><br \/>\n<span style=\"font-family: helvetica, arial, sans-serif; font-size: 14pt;\">Soportado empalme sin costuras, con \u00e1ngulos de visi\u00f3n horizontales y verticales de 160\u00b0. Tambi\u00e9n permite una experiencia de empalme curvado envolvente.<\/span><\/p>\n<p style=\"text-align: center;\"><img decoding=\"async\" class=\"alignnone size-full wp-image-3207\" src=\"https:\/\/www.leyaled.com\/wp-content\/uploads\/2025\/10\/display-5.webp\" alt=\"\" width=\"800\" height=\"446\" srcset=\"https:\/\/www.leyaled.com\/wp-content\/uploads\/2025\/10\/display-5.webp 800w, https:\/\/www.leyaled.com\/wp-content\/uploads\/2025\/10\/display-5-300x167.webp 300w, https:\/\/www.leyaled.com\/wp-content\/uploads\/2025\/10\/display-5-768x428.webp 768w, https:\/\/www.leyaled.com\/wp-content\/uploads\/2025\/10\/display-5-600x335.webp 600w\" sizes=\"(max-width: 800px) 100vw, 800px\" \/><\/p>\n<p style=\"text-align: center;\"><span style=\"font-family: helvetica, arial, sans-serif; font-size: 14pt;\"><strong>Alta tasa de actualizaci\u00f3n &amp; Alta relaci\u00f3n de contraste<\/strong><\/span><\/p>\n<p style=\"text-align: center;\"><span style=\"font-family: helvetica, arial, sans-serif; font-size: 14pt;\">La pantalla ofrece im\u00e1genes estables y suaves con una velocidad de respuesta r\u00e1pida. Con una relaci\u00f3n de 8000:1<\/span><\/p>\n<p style=\"text-align: center;\"><span style=\"font-family: helvetica, arial, sans-serif; font-size: 14pt;\"> relaci\u00f3n de contraste, presenta detalles m\u00e1s claros, y su brillo puede ajustarse autom\u00e1ticamente en funci\u00f3n del entorno.<\/span><\/p>\n<p style=\"text-align: center;\"><img decoding=\"async\" class=\"alignnone size-full wp-image-3075\" src=\"https:\/\/www.leyaled.com\/wp-content\/uploads\/2025\/10\/display-3.webp\" alt=\"\" width=\"800\" height=\"648\" srcset=\"https:\/\/www.leyaled.com\/wp-content\/uploads\/2025\/10\/display-3.webp 800w, https:\/\/www.leyaled.com\/wp-content\/uploads\/2025\/10\/display-3-300x243.webp 300w, https:\/\/www.leyaled.com\/wp-content\/uploads\/2025\/10\/display-3-768x622.webp 768w, https:\/\/www.leyaled.com\/wp-content\/uploads\/2025\/10\/display-3-600x486.webp 600w\" sizes=\"(max-width: 800px) 100vw, 800px\" \/><\/p>\n<p style=\"text-align: center;\"><span style=\"font-family: helvetica, arial, sans-serif; font-size: 14pt;\">\u00a0 Bajo brillo &amp;  &amp; baja escala de grises alto brillo &amp; baja escala de grises\u00a0<\/span><\/p>\n<p style=\"text-align: center;\"><span style=\"font-family: helvetica, arial, sans-serif; font-size: 14pt;\">\u00a0 \u00a0 P\u00e9rdida significativa de detalles del \u00e1rea oscura P\u00e9rdida m\u00ednima de detalles del \u00e1rea oscura \u00a0 \u00a0\u00a0<\/span><\/p>\n<p style=\"text-align: center;\"><span style=\"font-family: helvetica, arial, sans-serif; font-size: 14pt;\"><strong>Disipaci\u00f3n de calor inteligente &amp; Eficiencia energ\u00e9tica<\/strong><\/span><\/p>\n<p style=\"text-align: center;\"><span style=\"font-family: helvetica, arial, sans-serif; font-size: 14pt;\">Los m\u00f3dulos tienen una disipaci\u00f3n de calor incorporada, lo que prolonga la vida \u00fatil de la pantalla LED. Tambi\u00e9n cuenta con bajos<\/span><\/p>\n<p style=\"text-align: center;\"><span style=\"font-family: helvetica, arial, sans-serif; font-size: 14pt;\">consumo de energ\u00eda para un mejor ahorro de energ\u00eda y respetuosidad con el medio ambiente.<\/span><\/p>\n<p style=\"text-align: center;\"><img loading=\"lazy\" decoding=\"async\" class=\"alignnone size-full wp-image-3208\" src=\"https:\/\/www.leyaled.com\/wp-content\/uploads\/2025\/10\/display1-2.webp\" alt=\"\" width=\"800\" height=\"446\" srcset=\"https:\/\/www.leyaled.com\/wp-content\/uploads\/2025\/10\/display1-2.webp 800w, https:\/\/www.leyaled.com\/wp-content\/uploads\/2025\/10\/display1-2-300x167.webp 300w, https:\/\/www.leyaled.com\/wp-content\/uploads\/2025\/10\/display1-2-768x428.webp 768w, https:\/\/www.leyaled.com\/wp-content\/uploads\/2025\/10\/display1-2-600x335.webp 600w\" sizes=\"(max-width: 800px) 100vw, 800px\" \/><\/p>\n<p style=\"text-align: center;\"><strong><span style=\"font-size: 14pt; font-family: helvetica, arial, sans-serif;\">Pantalla LED a color de alta definici\u00f3n<\/span><\/strong><\/p>\n<p style=\"text-align: center;\"><span style=\"font-size: 14pt; font-family: helvetica, arial, sans-serif;\">Utiliza perlas de l\u00e1mpara SMD de alta calidad, garantizando una calidad estable, fiable y garantizada del producto.<\/span><\/p>\n<p style=\"text-align: center;\"><span style=\"font-size: 14pt; font-family: helvetica, arial, sans-serif;\"> Sin parpadeo ni granularidad, supera los productos de pantalla como DLP.<\/span><\/p>\n<p style=\"text-align: center;\"><img loading=\"lazy\" decoding=\"async\" class=\"alignnone size-full wp-image-3209\" src=\"https:\/\/www.leyaled.com\/wp-content\/uploads\/2025\/10\/outdoor-1.webp\" alt=\"\" width=\"790\" height=\"613\" srcset=\"https:\/\/www.leyaled.com\/wp-content\/uploads\/2025\/10\/outdoor-1.webp 790w, https:\/\/www.leyaled.com\/wp-content\/uploads\/2025\/10\/outdoor-1-300x233.webp 300w, https:\/\/www.leyaled.com\/wp-content\/uploads\/2025\/10\/outdoor-1-768x596.webp 768w, https:\/\/www.leyaled.com\/wp-content\/uploads\/2025\/10\/outdoor-1-600x466.webp 600w\" sizes=\"(max-width: 790px) 100vw, 790px\" \/><\/p>","protected":false},"excerpt":{"rendered":"<p>La pantalla led interior de alta definici\u00f3n P4.81 ofrece una calidad de imagen exquisita con su paso de p\u00edxeles de 3,91 mm. Cuenta con alta densidad de p\u00edxeles, colores vibrantes y una alta tasa de actualizaci\u00f3n, lo que garantiza im\u00e1genes din\u00e1micas suaves y estables; al mismo tiempo, su suave brillo proporciona una visi\u00f3n c\u00f3moda. Utilizando tecnolog\u00eda de empalme sin costuras, se puede combinar libremente en grandes pantallas inmersivas, lo que lo convierte en una soluci\u00f3n de visualizaci\u00f3n ideal para lugares interiores de gama alta como salas de exposici\u00f3n corporativas, salas de conferencias y estudios.<\/p>","protected":false},"featured_media":2502,"comment_status":"closed","ping_status":"closed","template":"","meta":[],"product_brand":[],"product_cat":[42,15],"product_tag":[],"class_list":{"0":"post-2160","1":"product","2":"type-product","3":"status-publish","4":"has-post-thumbnail","6":"product_cat-indoor-led-display","7":"product_cat-standard-led-display","9":"first","10":"instock","11":"shipping-taxable","12":"product-type-simple"},"_links":{"self":[{"href":"https:\/\/www.leyaled.com\/es\/wp-json\/wp\/v2\/product\/2160","targetHints":{"allow":["GET"]}}],"collection":[{"href":"https:\/\/www.leyaled.com\/es\/wp-json\/wp\/v2\/product"}],"about":[{"href":"https:\/\/www.leyaled.com\/es\/wp-json\/wp\/v2\/types\/product"}],"replies":[{"embeddable":true,"href":"https:\/\/www.leyaled.com\/es\/wp-json\/wp\/v2\/comments?post=2160"}],"wp:featuredmedia":[{"embeddable":true,"href":"https:\/\/www.leyaled.com\/es\/wp-json\/wp\/v2\/media\/2502"}],"wp:attachment":[{"href":"https:\/\/www.leyaled.com\/es\/wp-json\/wp\/v2\/media?parent=2160"}],"wp:term":[{"taxonomy":"product_brand","embeddable":true,"href":"https:\/\/www.leyaled.com\/es\/wp-json\/wp\/v2\/product_brand?post=2160"},{"taxonomy":"product_cat","embeddable":true,"href":"https:\/\/www.leyaled.com\/es\/wp-json\/wp\/v2\/product_cat?post=2160"},{"taxonomy":"product_tag","embeddable":true,"href":"https:\/\/www.leyaled.com\/es\/wp-json\/wp\/v2\/product_tag?post=2160"}],"curies":[{"name":"WP","href":"https:\/\/api.w.org\/{rel}","templated":true}]}}