{"id":2152,"date":"2025-10-09T16:42:58","date_gmt":"2025-10-09T08:42:58","guid":{"rendered":"https:\/\/www.leyaled.com\/?post_type=product&#038;p=2152"},"modified":"2025-12-12T10:53:32","modified_gmt":"2025-12-12T02:53:32","slug":"p2-604enclosure","status":"publish","type":"product","link":"https:\/\/www.leyaled.com\/es\/indoor-led-display\/p2-604enclosure\/","title":{"rendered":"pantalla interior P2.604 Caja"},"content":{"rendered":"<p style=\"text-align: center;\"><span style=\"font-size: 14pt; font-family: helvetica, arial, sans-serif;\"><strong>Las pantallas LED son productos hechos a medida. Para la personalizaci\u00f3n de pantalla completa, p\u00f3ngase en contacto con el servicio al cliente para consultas.<\/strong><\/span><\/p>\n<p style=\"text-align: center;\"><strong><span style=\"font-family: helvetica, arial, sans-serif; font-size: 14pt;\">Calidad de imagen n\u00edtida y excelente:<\/span><\/strong><span style=\"font-family: helvetica, arial, sans-serif; font-size: 14pt;\">Peque\u00f1o paso de p\u00edxeles (2.604 mm) para detalles claros y finos. Brillante,<\/span><\/p>\n<p style=\"text-align: center;\"><span style=\"font-family: helvetica, arial, sans-serif; font-size: 14pt;\"> incluso los colores y el brillo justo, se ve natural y <\/span><\/p>\n<p style=\"text-align: center;\"><span style=\"font-family: helvetica, arial, sans-serif; font-size: 14pt;\">f\u00e1cil para los ojos, ya sea que lo est\u00e9s viendo en persona, filmando o us\u00e1ndolo para configuraciones virtuales. Vista clara desde cualquier \u00e1ngulo tambi\u00e9n.<\/span><\/p>\n<p style=\"text-align: center;\"><span style=\"font-family: helvetica, arial, sans-serif; font-size: 14pt;\"><strong>F\u00e1cil de instalar, desmontar y Transporte:<\/strong> Los armarios son ligeros (aproximadamente 7,5-12kg cada uno) y delgados,<\/span><\/p>\n<p style=\"text-align: center;\"><span style=\"font-family: helvetica, arial, sans-serif; font-size: 14pt;\"> As\u00ed que son f\u00e1ciles de llevar. Puede empalmarse sin problemas, lo que hace que la configuraci\u00f3n sea r\u00e1pida, perfecta para eventos temporales como conciertos y lanzamientos de productos.<\/span><\/p>\n<p style=\"text-align: center;\"><span style=\"font-size: 14pt; font-family: helvetica, arial, sans-serif;\"><strong>F\u00e1cil de mantener &amp; Larga duraci\u00f3n:<\/strong>No se necesitan ventiladores para enfriar, por lo que funciona silenciosamente, perfecto para <\/span><\/p>\n<p style=\"text-align: center;\"><span style=\"font-size: 14pt; font-family: helvetica, arial, sans-serif;\">lugares tranquilos como salas de reuniones o estudios. Si una bombilla LED se pone mal, usted puede arreglarla<\/span><\/p>\n<p style=\"text-align: center;\"><span style=\"font-size: 14pt; font-family: helvetica, arial, sans-serif;\"> desde la parte delantera o trasera, no es necesario separar toda la pantalla. Funciona perfectamente durante hasta 50.000 horas, incluso con uso regular.<\/span><\/p>\n<p style=\"text-align: center;\"><span style=\"font-family: helvetica, arial, sans-serif; font-size: 14pt;\"><strong>Versatile para muchos escenarios:<\/strong> Funciona para eventos de interior como espect\u00e1culos comerciales, reuniones y lanzamientos. <\/span><\/p>\n<p style=\"text-align: center;\"><span style=\"font-family: helvetica, arial, sans-serif; font-size: 14pt;\">Algunos modelos impermeables tambi\u00e9n se pueden usar al aire libre para exposiciones, s\u00faper adaptables.<\/span><\/p>\n<p style=\"text-align: center;\"><span style=\"font-family: helvetica, arial, sans-serif; font-size: 14pt;\"><strong>Experiencia envolvente con una gran perspectiva<\/strong><\/span><\/p>\n<p style=\"text-align: center;\"><span style=\"font-family: helvetica, arial, sans-serif; font-size: 14pt;\">Los chips LED montados en superficie tienen un amplio \u00e1ngulo de visi\u00f3n. Adem\u00e1s, la adopci\u00f3n <\/span><\/p>\n<p style=\"text-align: center;\"><span style=\"font-family: helvetica, arial, sans-serif; font-size: 14pt;\">de equipos de alta precisi\u00f3n y procesos de fabricaci\u00f3n avanzados, combinados con un anti-electromagn\u00e9tico \u00fanico <\/span><\/p>\n<p style=\"text-align: center;\"><span style=\"font-family: helvetica, arial, sans-serif; font-size: 14pt;\">tratamiento de onda, ampl\u00eda a\u00fan m\u00e1s los \u00e1ngulos de visi\u00f3n horizontales y verticales.<\/span><\/p>\n<p style=\"text-align: center;\"><img fetchpriority=\"high\" decoding=\"async\" class=\"alignnone size-full wp-image-3217\" src=\"https:\/\/www.leyaled.com\/wp-content\/uploads\/2025\/10\/display-6.webp\" alt=\"\" width=\"800\" height=\"491\" srcset=\"https:\/\/www.leyaled.com\/wp-content\/uploads\/2025\/10\/display-6.webp 800w, https:\/\/www.leyaled.com\/wp-content\/uploads\/2025\/10\/display-6-300x184.webp 300w, https:\/\/www.leyaled.com\/wp-content\/uploads\/2025\/10\/display-6-768x471.webp 768w, https:\/\/www.leyaled.com\/wp-content\/uploads\/2025\/10\/display-6-600x368.webp 600w\" sizes=\"(max-width: 800px) 100vw, 800px\" \/><\/p>\n<p style=\"text-align: center;\"><span style=\"font-family: helvetica, arial, sans-serif; font-size: 14pt;\">Empalme sin costuras, impresionante fiesta visual HD<\/span><\/p>\n<p style=\"text-align: center;\"><span style=\"font-family: helvetica, arial, sans-serif; font-size: 14pt;\">Con su estructura de pantalla unitaria de alta precisi\u00f3n, garantiza la consistencia en el paso de p\u00edxeles. Esto elimina las brechas entre <\/span><\/p>\n<p style=\"text-align: center;\"><span style=\"font-family: helvetica, arial, sans-serif; font-size: 14pt;\">pantallas empalmadas, entregando una imagen sin costuras con brillo y color uniformes.<\/span><\/p>\n<p style=\"text-align: center;\"><img decoding=\"async\" class=\"alignnone size-full wp-image-3218\" src=\"https:\/\/www.leyaled.com\/wp-content\/uploads\/2025\/10\/display-5-1.webp\" alt=\"\" width=\"800\" height=\"491\" srcset=\"https:\/\/www.leyaled.com\/wp-content\/uploads\/2025\/10\/display-5-1.webp 800w, https:\/\/www.leyaled.com\/wp-content\/uploads\/2025\/10\/display-5-1-300x184.webp 300w, https:\/\/www.leyaled.com\/wp-content\/uploads\/2025\/10\/display-5-1-768x471.webp 768w, https:\/\/www.leyaled.com\/wp-content\/uploads\/2025\/10\/display-5-1-600x368.webp 600w\" sizes=\"(max-width: 800px) 100vw, 800px\" \/><\/p>\n<h5 class=\"header-iWP5WJ auto-hide-last-sibling-br\" style=\"text-align: center;\"><span style=\"font-family: helvetica, arial, sans-serif; font-size: 14pt;\">Pantalla LED a color de alta definici\u00f3n<\/span><\/h5>\n<h5 class=\"auto-hide-last-sibling-br paragraph-pP9ZLC paragraph-element br-paragraph-space\" style=\"text-align: center;\"><span style=\"font-family: helvetica, arial, sans-serif; font-size: 14pt;\">Adoptando un dise\u00f1o led montado en superficie, cuenta con un amplio \u00e1ngulo de visi\u00f3n, <\/span><\/h5>\n<h5 class=\"auto-hide-last-sibling-br paragraph-pP9ZLC paragraph-element br-paragraph-space\" style=\"text-align: center;\"><span style=\"font-family: helvetica, arial, sans-serif; font-size: 14pt;\">alto brillo, y ofrece im\u00e1genes n\u00edtidas, vibrantes y naturales de alta definici\u00f3n.<\/span><\/h5>\n<p style=\"text-align: center;\"><img decoding=\"async\" class=\"alignnone size-full wp-image-3220\" src=\"https:\/\/www.leyaled.com\/wp-content\/uploads\/2025\/10\/display2-1.webp\" alt=\"\" width=\"800\" height=\"821\" srcset=\"https:\/\/www.leyaled.com\/wp-content\/uploads\/2025\/10\/display2-1.webp 800w, https:\/\/www.leyaled.com\/wp-content\/uploads\/2025\/10\/display2-1-292x300.webp 292w, https:\/\/www.leyaled.com\/wp-content\/uploads\/2025\/10\/display2-1-768x788.webp 768w, https:\/\/www.leyaled.com\/wp-content\/uploads\/2025\/10\/display2-1-600x616.webp 600w\" sizes=\"(max-width: 800px) 100vw, 800px\" \/><\/p>\n<p style=\"text-align: center;\"><span style=\"font-size: 14pt; font-family: helvetica, arial, sans-serif;\">Alta definici\u00f3n &amp; Pantalla amigable con los ojos, todo gracias a la alta resoluci\u00f3n<\/span><\/p>\n<p style=\"text-align: center;\"><span style=\"font-size: 14pt; font-family: helvetica, arial, sans-serif;\">Para una experiencia visual mejorada, nos aseguramos de que la pantalla est\u00e9 libre de LEDs demasiado brillantes o muertos. entrega ricos, <\/span><\/p>\n<p style=\"text-align: center;\"><span style=\"font-size: 14pt; font-family: helvetica, arial, sans-serif;\">Colores uniformes y v\u00edvidos, combinados con alta resoluci\u00f3n y un amplio \u00e1ngulo de visi\u00f3n, lo que le brinda un disfrute visual m\u00e1s suave e inmersivo<\/span><\/p>\n<p style=\"text-align: center;\"><img loading=\"lazy\" decoding=\"async\" class=\"alignnone size-full wp-image-3207\" src=\"https:\/\/www.leyaled.com\/wp-content\/uploads\/2025\/10\/display-5.webp\" alt=\"\" width=\"800\" height=\"446\" srcset=\"https:\/\/www.leyaled.com\/wp-content\/uploads\/2025\/10\/display-5.webp 800w, https:\/\/www.leyaled.com\/wp-content\/uploads\/2025\/10\/display-5-300x167.webp 300w, https:\/\/www.leyaled.com\/wp-content\/uploads\/2025\/10\/display-5-768x428.webp 768w, https:\/\/www.leyaled.com\/wp-content\/uploads\/2025\/10\/display-5-600x335.webp 600w\" sizes=\"(max-width: 800px) 100vw, 800px\" \/><\/p>\n<p style=\"text-align: center;\"><span style=\"font-family: helvetica, arial, sans-serif; font-size: 14pt;\">\u00bfQuieres detalles?  \u00a1Solo ponte en contacto en cualquier momento! <\/span><\/p>\n<p style=\"text-align: center;\"><span style=\"font-family: helvetica, arial, sans-serif; font-size: 14pt;\">\u00bfNecesita conocer las especificaciones exactas del modelo, qu\u00e9 escenarios se ajustan mejor, o obtener una cotizaci\u00f3n?<\/span><\/p>\n<p style=\"text-align: center;\"><span style=\"font-family: helvetica, arial, sans-serif; font-size: 14pt;\"> P\u00f3ngase en contacto con nosotros cuando quiera, \u00a1le daremos respuestas que funcionen para usted!<\/span><\/p>","protected":false},"excerpt":{"rendered":"<p>P2.604 pantalla led: Gran HD y amp; F\u00e1cil de usar<br \/>\nLa P2.604 es una pantalla led popular, y su mejor parte es la &#8220; Pitch de p\u00edxel peque\u00f1o de 2.604mm&#8221; Los p\u00edxeles son densos, por lo que los v\u00eddeos, gr\u00e1ficos y contenido din\u00e1mico muestran detalles claros, sin borrosidad. Los colores son brillantes y uniformes, el brillo es justo. Usted ve claramente desde el frente o el lado, y es f\u00e1cil en sus ojos incluso despu\u00e9s de mirar un tiempo. La configuraci\u00f3n es sencilla: los armarios son ligeros, empalme sin problemas. Es r\u00e1pido para preparar para exposiciones o salas de reuniones. Si una bombilla LED se rompe m\u00e1s tarde, arreglala desde delante o atr\u00e1s, no es necesario desmontar toda la pantalla, ahorra problemas. Tambi\u00e9n funciona en silencio, no interrumpir\u00e1 reuniones o trabajo de estudio. Hay versiones interiores y exteriores: una interior para reuniones, espect\u00e1culos, salas; uno al aire libre es impermeable, a prueba de polvo y m\u00e1s brillante, incluso en la luz solar, la imagen no se desvanece, bueno para eventos al aire libre o espect\u00e1culos al aire libre. En general, es una opci\u00f3n vers\u00e1til que es HD y pr\u00e1ctica.<\/p>","protected":false},"featured_media":2472,"comment_status":"closed","ping_status":"closed","template":"","meta":[],"product_brand":[],"product_cat":[42,15],"product_tag":[],"class_list":{"0":"post-2152","1":"product","2":"type-product","3":"status-publish","4":"has-post-thumbnail","6":"product_cat-indoor-led-display","7":"product_cat-standard-led-display","9":"first","10":"instock","11":"shipping-taxable","12":"product-type-simple"},"_links":{"self":[{"href":"https:\/\/www.leyaled.com\/es\/wp-json\/wp\/v2\/product\/2152","targetHints":{"allow":["GET"]}}],"collection":[{"href":"https:\/\/www.leyaled.com\/es\/wp-json\/wp\/v2\/product"}],"about":[{"href":"https:\/\/www.leyaled.com\/es\/wp-json\/wp\/v2\/types\/product"}],"replies":[{"embeddable":true,"href":"https:\/\/www.leyaled.com\/es\/wp-json\/wp\/v2\/comments?post=2152"}],"wp:featuredmedia":[{"embeddable":true,"href":"https:\/\/www.leyaled.com\/es\/wp-json\/wp\/v2\/media\/2472"}],"wp:attachment":[{"href":"https:\/\/www.leyaled.com\/es\/wp-json\/wp\/v2\/media?parent=2152"}],"wp:term":[{"taxonomy":"product_brand","embeddable":true,"href":"https:\/\/www.leyaled.com\/es\/wp-json\/wp\/v2\/product_brand?post=2152"},{"taxonomy":"product_cat","embeddable":true,"href":"https:\/\/www.leyaled.com\/es\/wp-json\/wp\/v2\/product_cat?post=2152"},{"taxonomy":"product_tag","embeddable":true,"href":"https:\/\/www.leyaled.com\/es\/wp-json\/wp\/v2\/product_tag?post=2152"}],"curies":[{"name":"WP","href":"https:\/\/api.w.org\/{rel}","templated":true}]}}