{"id":2148,"date":"2025-10-09T16:40:05","date_gmt":"2025-10-09T08:40:05","guid":{"rendered":"https:\/\/www.leyaled.com\/?post_type=product&#038;p=2148"},"modified":"2025-12-08T11:09:02","modified_gmt":"2025-12-08T03:09:02","slug":"flexible-screen","status":"publish","type":"product","link":"https:\/\/www.leyaled.com\/es\/indoor-flexible-display\/flexible-screen\/","title":{"rendered":"Pantalla flexible P3.91"},"content":{"rendered":"<p style=\"text-align: center;\"><span style=\"font-family: impact, sans-serif; font-size: 14pt;\">Como una pantalla flexible creativa, la serie S tiene una flexibilidad ultra alta y se puede crear f\u00e1cilmente <\/span><\/p>\n<p style=\"text-align: center;\"><span style=\"font-family: impact, sans-serif; font-size: 14pt;\">ya sea una forma de arco interno o externo de gran \u00e1ngulo, un cilindro o una forma de \u00e1ngulo recto de arco de 90 grados.!<\/span><\/p>\n<p style=\"text-align: center;\">\u00a0 \u00a0\u00a0<img fetchpriority=\"high\" decoding=\"async\" class=\"alignnone wp-image-3064\" src=\"https:\/\/www.leyaled.com\/wp-content\/uploads\/2025\/10\/display-1.webp\" alt=\"\" width=\"785\" height=\"272\" srcset=\"https:\/\/www.leyaled.com\/wp-content\/uploads\/2025\/10\/display-1.webp 805w, https:\/\/www.leyaled.com\/wp-content\/uploads\/2025\/10\/display-1-300x104.webp 300w, https:\/\/www.leyaled.com\/wp-content\/uploads\/2025\/10\/display-1-768x266.webp 768w, https:\/\/www.leyaled.com\/wp-content\/uploads\/2025\/10\/display-1-600x208.webp 600w\" sizes=\"(max-width: 785px) 100vw, 785px\" \/><\/p>\n<p style=\"text-align: center;\"><span style=\"font-family: helvetica, arial, sans-serif; font-size: 14pt;\">La membrana suave tiene una excelente flexibilidad y puede<\/span><\/p>\n<p style=\"text-align: center;\"><span style=\"font-family: helvetica, arial, sans-serif; font-size: 14pt;\"> ser doblado en m\u00faltiples \u00e1ngulos y radios<\/span><\/p>\n<p style=\"text-align: center;\"><span style=\"font-family: helvetica, arial, sans-serif; font-size: 14pt;\">Empalme de membrana suave, compatible con pantallas led irregulares de cilindro, <\/span><\/p>\n<p style=\"text-align: center;\"><span style=\"font-family: helvetica, arial, sans-serif; font-size: 14pt;\">curva, esf\u00e9rica, en forma de S y otras formas<\/span><\/p>\n<p style=\"text-align: center;\"><img decoding=\"async\" class=\"alignnone size-full wp-image-3060\" src=\"https:\/\/www.leyaled.com\/wp-content\/uploads\/2025\/10\/display1.webp\" alt=\"\" width=\"789\" height=\"340\" srcset=\"https:\/\/www.leyaled.com\/wp-content\/uploads\/2025\/10\/display1.webp 789w, https:\/\/www.leyaled.com\/wp-content\/uploads\/2025\/10\/display1-300x129.webp 300w, https:\/\/www.leyaled.com\/wp-content\/uploads\/2025\/10\/display1-768x331.webp 768w, https:\/\/www.leyaled.com\/wp-content\/uploads\/2025\/10\/display1-600x259.webp 600w\" sizes=\"(max-width: 789px) 100vw, 789px\" \/><\/p>\n<p style=\"text-align: center;\"><img decoding=\"async\" class=\"alignnone size-full wp-image-3062\" src=\"https:\/\/www.leyaled.com\/wp-content\/uploads\/2025\/10\/display3.webp\" alt=\"\" width=\"805\" height=\"231\" srcset=\"https:\/\/www.leyaled.com\/wp-content\/uploads\/2025\/10\/display3.webp 805w, https:\/\/www.leyaled.com\/wp-content\/uploads\/2025\/10\/display3-300x86.webp 300w, https:\/\/www.leyaled.com\/wp-content\/uploads\/2025\/10\/display3-768x220.webp 768w, https:\/\/www.leyaled.com\/wp-content\/uploads\/2025\/10\/display3-600x172.webp 600w\" sizes=\"(max-width: 805px) 100vw, 805px\" \/><\/p>\n<p style=\"text-align: center;\"><span style=\"font-family: helvetica, arial, sans-serif;\">\u00a0<span style=\"font-size: 14pt;\"> \u00a0 \u00a0 Buena flexibilidad Sin desprendimiento de adhesivo<\/span><\/span><\/p>\n<p style=\"text-align: center;\"><img loading=\"lazy\" decoding=\"async\" class=\"alignnone size-full wp-image-3061\" src=\"https:\/\/www.leyaled.com\/wp-content\/uploads\/2025\/10\/display2.webp\" alt=\"\" width=\"805\" height=\"219\" srcset=\"https:\/\/www.leyaled.com\/wp-content\/uploads\/2025\/10\/display2.webp 805w, https:\/\/www.leyaled.com\/wp-content\/uploads\/2025\/10\/display2-300x82.webp 300w, https:\/\/www.leyaled.com\/wp-content\/uploads\/2025\/10\/display2-768x209.webp 768w, https:\/\/www.leyaled.com\/wp-content\/uploads\/2025\/10\/display2-600x163.webp 600w\" sizes=\"(max-width: 805px) 100vw, 805px\" \/><\/p>\n<p style=\"text-align: center;\"><span style=\"font-family: helvetica, arial, sans-serif;\">\u00a0 \u00a0 \u00a0 \u00a0 \u00a0 \u00a0 \u00a0 \u00a0 \u00a0 \u00a0 \u00a0 \u00a0 \u00a0<span style=\"font-size: 14pt;\">\u00a0Gran \u00e1ngulo Buena flexibilidad<\/span><\/span><\/p>\n<p style=\"text-align: center;\"><img loading=\"lazy\" decoding=\"async\" class=\"alignnone size-full wp-image-3063\" src=\"https:\/\/www.leyaled.com\/wp-content\/uploads\/2025\/10\/display4.webp\" alt=\"\" width=\"805\" height=\"348\" srcset=\"https:\/\/www.leyaled.com\/wp-content\/uploads\/2025\/10\/display4.webp 805w, https:\/\/www.leyaled.com\/wp-content\/uploads\/2025\/10\/display4-300x130.webp 300w, https:\/\/www.leyaled.com\/wp-content\/uploads\/2025\/10\/display4-768x332.webp 768w, https:\/\/www.leyaled.com\/wp-content\/uploads\/2025\/10\/display4-600x259.webp 600w\" sizes=\"(max-width: 805px) 100vw, 805px\" \/><\/p>\n<p style=\"text-align: center;\"><span style=\"font-family: helvetica, arial, sans-serif; font-size: 14pt;\">Cuentas de l\u00e1mpara de alta calidad con una larga vida \u00fatil de la pantalla.<\/span><br \/>\n<span style=\"font-family: helvetica, arial, sans-serif; font-size: 14pt;\">Se adoptan perlas de l\u00e1mpara premium, con excelente efecto de mezcla de colores, larga vida \u00fatil, tasa de l\u00e1mpara muerta reducida,<\/span><\/p>\n<p style=\"text-align: center;\"><span style=\"font-family: helvetica, arial, sans-serif; font-size: 14pt;\">funcionamiento estable y suave de las im\u00e1genes mostradas, as\u00ed como protecci\u00f3n ambiental y estabilidad<\/span><\/p>\n<p>&nbsp;<\/p>\n<p style=\"text-align: center;\"><span style=\"font-family: impact, sans-serif; font-size: 18pt;\">M\u00c9TODO DE INSTALACI\u00d3N<\/span><\/p>\n<p>&nbsp;<\/p>\n<p style=\"text-align: center;\"><img loading=\"lazy\" decoding=\"async\" class=\"size-full wp-image-3067 aligncenter\" src=\"https:\/\/www.leyaled.com\/wp-content\/uploads\/2025\/10\/display1.png\" alt=\"\" width=\"714\" height=\"215\" srcset=\"https:\/\/www.leyaled.com\/wp-content\/uploads\/2025\/10\/display1.png 714w, https:\/\/www.leyaled.com\/wp-content\/uploads\/2025\/10\/display1-300x90.png 300w, https:\/\/www.leyaled.com\/wp-content\/uploads\/2025\/10\/display1-600x181.png 600w\" sizes=\"(max-width: 714px) 100vw, 714px\" \/><span style=\"font-family: helvetica, arial, sans-serif; font-size: 14pt;\">\u00a0 \u00a0Colgante incrustado montado en el techo<\/span><\/p>\n<p><img loading=\"lazy\" decoding=\"async\" class=\"size-full wp-image-3068 aligncenter\" src=\"https:\/\/www.leyaled.com\/wp-content\/uploads\/2025\/10\/display2.png\" alt=\"\" width=\"714\" height=\"233\" srcset=\"https:\/\/www.leyaled.com\/wp-content\/uploads\/2025\/10\/display2.png 714w, https:\/\/www.leyaled.com\/wp-content\/uploads\/2025\/10\/display2-300x98.png 300w, https:\/\/www.leyaled.com\/wp-content\/uploads\/2025\/10\/display2-600x196.png 600w\" sizes=\"(max-width: 714px) 100vw, 714px\" \/><\/p>\n<p><span style=\"font-family: helvetica, arial, sans-serif;\">\u00a0 \u00a0 \u00a0 \u00a0 \u00a0 \u00a0 \u00a0 \u00a0 \u00a0 \u00a0 \u00a0 \u00a0 \u00a0 \u00a0 \u00a0 \u00a0 \u00a0 \u00a0 \u00a0 \u00a0 \u00a0 \u00a0 \u00a0 \u00a0 \u00a0 \u00a0 \u00a0 \u00a0 <\/span><\/p>\n<p style=\"text-align: center;\"><span style=\"font-family: helvetica, arial, sans-serif;\">\u00a0 \u00a0 \u00a0 \u00a0<span style=\"font-size: 14pt;\"> montado en pared Tipo de soporte de columna Floor-standin<\/span><\/span><\/p>\n<p>&nbsp;<\/p>\n<p style=\"text-align: center;\"><span style=\"font-family: impact, sans-serif; font-size: 18pt;\">Escenarios de aplicaci\u00f3n<\/span><\/p>\n<p style=\"text-align: center;\"><span style=\"font-family: helvetica, arial, sans-serif; font-size: 14pt;\">Centro Comercial Museo Sal\u00f3n de Exposiciones<\/span><\/p>\n<p style=\"text-align: center;\"><span style=\"font-family: helvetica, arial, sans-serif; font-size: 14pt;\">Gracias a sus caracter\u00edsticas de cuerpo delgado, alta calidad de pantalla y flexibilidad, es ampliamente utilizado en varias ocasiones.<\/span><\/p>\n<p style=\"text-align: center;\"><img loading=\"lazy\" decoding=\"async\" class=\"alignnone size-full wp-image-3065\" src=\"https:\/\/www.leyaled.com\/wp-content\/uploads\/2025\/10\/leddisplay.webp\" alt=\"\" width=\"805\" height=\"597\" srcset=\"https:\/\/www.leyaled.com\/wp-content\/uploads\/2025\/10\/leddisplay.webp 805w, https:\/\/www.leyaled.com\/wp-content\/uploads\/2025\/10\/leddisplay-300x222.webp 300w, https:\/\/www.leyaled.com\/wp-content\/uploads\/2025\/10\/leddisplay-768x570.webp 768w, https:\/\/www.leyaled.com\/wp-content\/uploads\/2025\/10\/leddisplay-600x445.webp 600w\" sizes=\"(max-width: 805px) 100vw, 805px\" \/><\/p>\n<p style=\"text-align: center;\"><span style=\"font-family: helvetica, arial, sans-serif;\"><strong>P: \u00bfCu\u00e1l es el grosor m\u00ednimo alcanzable para pantallas flexibles?<\/strong><\/span><\/p>\n<p style=\"text-align: center;\"><span style=\"font-family: helvetica, arial, sans-serif;\"><strong>R: Nuestros productos de pantalla flexible se pueden personalizar para el grosor en funci\u00f3n de los escenarios de aplicaci\u00f3n. <\/strong><\/span><\/p>\n<p style=\"text-align: center;\"><span style=\"font-family: helvetica, arial, sans-serif;\"><strong>El m\u00f3dulo de visualizaci\u00f3n del n\u00facleo puede ser tan delgado como 0,1 mm (incluyendo el sustrato); con encapsulaci\u00f3n\/protector<\/strong><\/span><\/p>\n<p style=\"text-align: center;\"><span style=\"font-family: helvetica, arial, sans-serif;\"><strong> capas, modelos comerciales est\u00e1ndar son de 0,3-0,5 mm de grosor, mientras que las versiones personalizadas para escenarios especiales<\/strong><\/span><\/p>\n<p style=\"text-align: center;\"><span style=\"font-family: helvetica, arial, sans-serif;\"><strong> (por ejemplo, uso en el veh\u00edculo \/ al aire libre) son de aproximadamente 0,8-1,2 mm de grosor. El espesor de la base var\u00eda ligeramente seg\u00fan la ruta tecnol\u00f3gica<\/strong><\/span><\/p>\n<p style=\"text-align: center;\"><span style=\"font-family: helvetica, arial, sans-serif;\"><strong> (OLED \/ Micro-LED), y se puede ajustar con precisi\u00f3n para satisfacer sus necesidades espec\u00edficas de uso.<\/strong><\/span><\/p>","protected":false},"excerpt":{"rendered":"<p>Las pantallas flexibles son productos de pantalla revolucionarios basados en tecnolog\u00edas avanzadas OLED o Micro-LED. Poseen propiedades f\u00edsicas \u00fanicas de ser doblables, plegables e incluso laminables, que rompen completamente las limitaciones de forma de las pantallas r\u00edgidas tradicionales y brindan a los usuarios nuevas experiencias visuales y posibilidades de aplicaci\u00f3n. Estas pantallas no solo son extremadamente flexibles con dise\u00f1os de forma libre, capaces de adaptarse a varios terminales como tel\u00e9fonos inteligentes plegables, televisores rodables y relojes inteligentes envolvibles para lograr &#8220; pantalla que se ajusta a la forma&#8221; Pero tambi\u00e9n cuentan con ventajas como ser delgado, ligero y port\u00e1til, resistente a los impactos, baja emisi\u00f3n de luz azul, altas tasas de refresco (hasta 120 Hz y m\u00e1s) y amplias gamas de colores. Sus im\u00e1genes son suaves y delicadas, al mismo tiempo que son protectoras oculares y eficientes en energ\u00eda. Adem\u00e1s, su tecnolog\u00eda de autoiluminaci\u00f3n puede reducir significativamente el consumo de energ\u00eda y prolongar la vida \u00fatil de la bater\u00eda de los dispositivos. Tambi\u00e9n soportan la personalizaci\u00f3n flexible de la curvatura, el tama\u00f1o y la transparencia, lo que los hace ampliamente utilizados en campos como electr\u00f3nica de consumo, pantallas en veh\u00edculos, exposiciones comerciales, dispositivos port\u00e1tiles y decoraci\u00f3n del hogar. Las pantallas flexibles contin\u00faan impulsando la innovaci\u00f3n en los terminales inteligentes y transformando la interacci\u00f3n visual.<\/p>","protected":false},"featured_media":2508,"comment_status":"closed","ping_status":"closed","template":"","meta":[],"product_brand":[],"product_cat":[33,46],"product_tag":[],"class_list":{"0":"post-2148","1":"product","2":"type-product","3":"status-publish","4":"has-post-thumbnail","6":"product_cat-flexible-display","7":"product_cat-indoor-flexible-display","9":"first","10":"instock","11":"shipping-taxable","12":"product-type-simple"},"_links":{"self":[{"href":"https:\/\/www.leyaled.com\/es\/wp-json\/wp\/v2\/product\/2148","targetHints":{"allow":["GET"]}}],"collection":[{"href":"https:\/\/www.leyaled.com\/es\/wp-json\/wp\/v2\/product"}],"about":[{"href":"https:\/\/www.leyaled.com\/es\/wp-json\/wp\/v2\/types\/product"}],"replies":[{"embeddable":true,"href":"https:\/\/www.leyaled.com\/es\/wp-json\/wp\/v2\/comments?post=2148"}],"wp:featuredmedia":[{"embeddable":true,"href":"https:\/\/www.leyaled.com\/es\/wp-json\/wp\/v2\/media\/2508"}],"wp:attachment":[{"href":"https:\/\/www.leyaled.com\/es\/wp-json\/wp\/v2\/media?parent=2148"}],"wp:term":[{"taxonomy":"product_brand","embeddable":true,"href":"https:\/\/www.leyaled.com\/es\/wp-json\/wp\/v2\/product_brand?post=2148"},{"taxonomy":"product_cat","embeddable":true,"href":"https:\/\/www.leyaled.com\/es\/wp-json\/wp\/v2\/product_cat?post=2148"},{"taxonomy":"product_tag","embeddable":true,"href":"https:\/\/www.leyaled.com\/es\/wp-json\/wp\/v2\/product_tag?post=2148"}],"curies":[{"name":"WP","href":"https:\/\/api.w.org\/{rel}","templated":true}]}}