{"id":2144,"date":"2025-10-09T16:35:17","date_gmt":"2025-10-09T08:35:17","guid":{"rendered":"https:\/\/www.leyaled.com\/?post_type=product&#038;p=2144"},"modified":"2025-12-17T14:21:29","modified_gmt":"2025-12-17T06:21:29","slug":"mirror-screen","status":"publish","type":"product","link":"https:\/\/www.leyaled.com\/es\/indoor-special-led-screen\/mirror-screen\/","title":{"rendered":"Jugador de publicidad"},"content":{"rendered":"<style>.elementor1{display: flex;flex-wrap: wrap;}<\/style>\n<p style=\"text-align: left;\"><span style=\"font-family: arial, helvetica, sans-serif;\"><strong><span style=\"font-size: 14pt;\">Ahorro de energ\u00eda sin &#8220; oscurecimiento&#8221; implicaciones, alto brillo con definici\u00f3n m\u00e1s clara \u2014 pantalla publicitaria led <\/span><\/strong><strong><span style=\"font-size: 14pt;\">Definici\u00f3n Display Color claro hermosa imagen<\/span><\/strong><\/span><\/p>\n<p style=\"text-align: left;\"><span style=\"font-family: arial, helvetica, sans-serif;\"><span style=\"font-size: 14pt;\">1,<strong>Eficiente energ\u00e9ticamente, sin compromiso de brillo:<\/strong> Nuestra soluci\u00f3n de accionamiento de baja potencia reduce <\/span><span style=\"font-size: 14pt;\">consumo de energ\u00eda: no se requiere atenuaci\u00f3n ni reducci\u00f3n del brillo.<\/span><\/span><\/p>\n<p style=\"text-align: left;\"><span style=\"font-family: arial, helvetica, sans-serif;\"><span style=\"font-size: 14pt;\">2,<strong>Eficiencia energ\u00e9tica superior:<\/strong> Utiliza al menos un 20% menos de energ\u00eda que las pantallas tradicionales al mismo tiempo <\/span><span style=\"font-size: 14pt;\">brillo, equilibrando perfectamente el ahorro de energ\u00eda y la calidad de la pantalla.<\/span><\/span><\/p>\n<p style=\"text-align: left;\"><img fetchpriority=\"high\" decoding=\"async\" class=\"alignnone size-full wp-image-3051\" src=\"https:\/\/www.leyaled.com\/wp-content\/uploads\/2025\/10\/ingaer1.webp\" alt=\"\" width=\"787\" height=\"822\" srcset=\"https:\/\/www.leyaled.com\/wp-content\/uploads\/2025\/10\/ingaer1.webp 787w, https:\/\/www.leyaled.com\/wp-content\/uploads\/2025\/10\/ingaer1-287x300.webp 287w, https:\/\/www.leyaled.com\/wp-content\/uploads\/2025\/10\/ingaer1-768x802.webp 768w, https:\/\/www.leyaled.com\/wp-content\/uploads\/2025\/10\/ingaer1-600x627.webp 600w\" sizes=\"(max-width: 787px) 100vw, 787px\" \/><\/p>\n<p style=\"text-align: left;\"><span style=\"font-family: arial, helvetica, sans-serif;\"><strong><span style=\"font-size: 18pt;\"> Publicidad interior llev\u00f3 pantalla de cartel:<\/span><span style=\"font-size: 14pt;\">P1.25, P1.53, P1.86, P2, P2.5<\/span><\/strong><\/span><\/p>\n<p style=\"text-align: left;\"><span style=\"font-family: arial, helvetica, sans-serif;\"><strong><span style=\"font-size: 18pt;\">Publicidad al aire libre llev\u00f3 pantalla de cartel<\/span><span style=\"font-size: 18pt;\">:<\/span><span style=\"font-size: 14pt;\">P2, P2.5 y P3.076<\/span><\/strong><\/span><\/p>\n<div class=\"elementor1\">\n<table class=\"alignleft\" style=\"border-collapse: collapse; width: 95.695%; height: 151px;\">\n<tbody>\n<tr style=\"height: 24px;\">\n<td style=\"width: 33.3333%; height: 24px; text-align: center;\"><span style=\"font-family: arial, helvetica, sans-serif; font-size: 14pt;\"> alta tasa de actualizaci\u00f3n<\/span><\/td>\n<td style=\"width: 33.3333%; height: 24px; text-align: center;\"><span style=\"font-family: arial, helvetica, sans-serif; font-size: 14pt;\">Transsistor de salida horizontal<\/span><\/td>\n<td style=\"width: 33.3333%; height: 24px; text-align: center;\"><span style=\"font-family: arial, helvetica, sans-serif; font-size: 14pt;\">Alta escala de grises<\/span><\/td>\n<\/tr>\n<tr style=\"height: 24px;\">\n<td style=\"width: 33.3333%; height: 24px; text-align: center;\"><span style=\"font-family: arial, helvetica, sans-serif; font-size: 14pt;\">7680 Hz<\/span><\/td>\n<td style=\"width: 33.3333%; height: 24px; text-align: center;\"><span style=\"font-family: arial, helvetica, sans-serif; font-size: 14pt;\">Balance de blancos sin tinte cian<\/span><\/td>\n<td style=\"width: 33.3333%; height: 24px; text-align: center;\"><span style=\"font-family: arial, helvetica, sans-serif; font-size: 14pt;\">Fuente de luz de pantalla de alta calidad <\/span><\/td>\n<\/tr>\n<tr style=\"height: 24px;\">\n<td style=\"width: 33.3333%; height: 24px; text-align: center;\"><span style=\"font-family: arial, helvetica, sans-serif; font-size: 14pt;\">empalme r\u00e1pido<\/span><\/td>\n<td style=\"width: 33.3333%; height: 24px; text-align: center;\"><span style=\"font-family: arial, helvetica, sans-serif; font-size: 14pt;\">C\u00f3mo utilizar<\/span><\/td>\n<td style=\"width: 33.3333%; height: 24px; text-align: center;\"><span style=\"font-family: arial, helvetica, sans-serif; font-size: 14pt;\">protector de esquina anti-colisi\u00f3n<\/span><\/td>\n<\/tr>\n<tr style=\"height: 24px;\">\n<td style=\"width: 33.3333%; height: 24px; text-align: center;\"><span style=\"font-family: arial, helvetica, sans-serif; font-size: 14pt;\">dise\u00f1o de instalaci\u00f3n eficiente<\/span><\/td>\n<td style=\"width: 33.3333%; height: 24px; text-align: center;\"><span style=\"font-family: arial, helvetica, sans-serif; font-size: 14pt;\">pliegue \/ Tri-pliegue<\/span><\/td>\n<td style=\"width: 33.3333%; height: 24px; text-align: center;\"><span style=\"font-family: arial, helvetica, sans-serif; font-size: 14pt;\">Instalaci\u00f3n m\u00e1s segura<\/span><\/td>\n<\/tr>\n<\/tbody>\n<\/table>\n<p>&nbsp;<\/p>\n<p>&nbsp;<\/p>\n<p>&nbsp;<\/p>\n<p>&nbsp;<\/p>\n<p>&nbsp;<\/p>\n<p style=\"text-align: left;\"><span style=\"font-family: arial, helvetica, sans-serif;\"><strong><span style=\"font-size: 18pt;\">Detalle de la imagen:<\/span><\/strong><span style=\"font-size: 14pt;\">Dise\u00f1ado con la \u00faltima tecnolog\u00eda, es m\u00e1s suave y delgado. El peso total del marco del cartel es inferior a 28 kg, lo que lo hace m\u00e1s port\u00e1til y m\u00e1s f\u00e1cil de instalar.<\/span><\/span><\/p>\n<p style=\"text-align: left;\"><img decoding=\"async\" class=\"alignnone size-full wp-image-3057\" src=\"https:\/\/www.leyaled.com\/wp-content\/uploads\/2025\/10\/ing.webp\" alt=\"\" width=\"787\" height=\"826\" srcset=\"https:\/\/www.leyaled.com\/wp-content\/uploads\/2025\/10\/ing.webp 787w, https:\/\/www.leyaled.com\/wp-content\/uploads\/2025\/10\/ing-286x300.webp 286w, https:\/\/www.leyaled.com\/wp-content\/uploads\/2025\/10\/ing-768x806.webp 768w, https:\/\/www.leyaled.com\/wp-content\/uploads\/2025\/10\/ing-600x630.webp 600w\" sizes=\"(max-width: 787px) 100vw, 787px\" \/><\/p>\n<p style=\"text-align: left;\"><span style=\"font-family: arial, helvetica, sans-serif; font-size: 14pt;\">El sistema de gesti\u00f3n en la nube le permite administrar su contenido en cualquier momento y en cualquier lugar.<\/span><\/p>\n<p style=\"text-align: left;\"><img decoding=\"async\" class=\"alignnone size-full wp-image-3052\" src=\"https:\/\/www.leyaled.com\/wp-content\/uploads\/2025\/10\/ingaer12.webp\" alt=\"\" width=\"790\" height=\"701\" srcset=\"https:\/\/www.leyaled.com\/wp-content\/uploads\/2025\/10\/ingaer12.webp 790w, https:\/\/www.leyaled.com\/wp-content\/uploads\/2025\/10\/ingaer12-300x266.webp 300w, https:\/\/www.leyaled.com\/wp-content\/uploads\/2025\/10\/ingaer12-768x681.webp 768w, https:\/\/www.leyaled.com\/wp-content\/uploads\/2025\/10\/ingaer12-600x532.webp 600w\" sizes=\"(max-width: 790px) 100vw, 790px\" \/><\/p>\n<p style=\"text-align: left;\"><span style=\"font-family: arial, helvetica, sans-serif; font-size: 14pt;\">Enchufe y juegue sin ajustes de par\u00e1metros necesarios \u2013 no&#8217; t necesita establecer cualquier par\u00e1metro.<\/span><\/p>\n<p style=\"text-align: left;\"><img loading=\"lazy\" decoding=\"async\" class=\"alignnone wp-image-3053\" src=\"https:\/\/www.leyaled.com\/wp-content\/uploads\/2025\/10\/ingaer13.webp\" alt=\"\" width=\"793\" height=\"182\" srcset=\"https:\/\/www.leyaled.com\/wp-content\/uploads\/2025\/10\/ingaer13.webp 790w, https:\/\/www.leyaled.com\/wp-content\/uploads\/2025\/10\/ingaer13-300x69.webp 300w, https:\/\/www.leyaled.com\/wp-content\/uploads\/2025\/10\/ingaer13-768x176.webp 768w, https:\/\/www.leyaled.com\/wp-content\/uploads\/2025\/10\/ingaer13-600x137.webp 600w\" sizes=\"(max-width: 793px) 100vw, 793px\" \/><\/p>\n<p style=\"text-align: left;\"><span style=\"font-family: arial, helvetica, sans-serif;\"><strong><span style=\"font-size: 18pt;\">carteles en solitario o video walls:<\/span><\/strong><span style=\"font-size: 14pt;\">Mezcla. Compa\u00f1\u00eda. Magnificar. Las pantallas LED publicitarias funcionan perfectamente solo o combinadas para un gigante <\/span>anvas. Libera tu creatividad con FWS.<\/span><\/p>\n<p style=\"text-align: left;\"><span style=\"font-family: arial, helvetica, sans-serif;\"><strong><span style=\"font-size: 18pt;\">Dise\u00f1o de rueda universal:<\/span><\/strong><span style=\"font-size: 14pt;\">Viene con 4 ruedas universales, lo que facilita moverse a cualquier lugar donde quieras\u00a0<\/span><\/span><\/p>\n<p style=\"text-align: left;\"><img loading=\"lazy\" decoding=\"async\" class=\"alignnone size-full wp-image-3058\" src=\"https:\/\/www.leyaled.com\/wp-content\/uploads\/2025\/10\/display-led-1.webp\" alt=\"\" width=\"712\" height=\"707\" srcset=\"https:\/\/www.leyaled.com\/wp-content\/uploads\/2025\/10\/display-led-1.webp 712w, https:\/\/www.leyaled.com\/wp-content\/uploads\/2025\/10\/display-led-1-300x298.webp 300w, https:\/\/www.leyaled.com\/wp-content\/uploads\/2025\/10\/display-led-1-150x150.webp 150w, https:\/\/www.leyaled.com\/wp-content\/uploads\/2025\/10\/display-led-1-600x596.webp 600w, https:\/\/www.leyaled.com\/wp-content\/uploads\/2025\/10\/display-led-1-100x100.webp 100w\" sizes=\"(max-width: 712px) 100vw, 712px\" \/><\/p>\n<p style=\"text-align: left;\"><img loading=\"lazy\" decoding=\"async\" class=\"alignnone wp-image-3054\" src=\"https:\/\/www.leyaled.com\/wp-content\/uploads\/2025\/10\/ingaer114.webp\" alt=\"\" width=\"796\" height=\"240\" srcset=\"https:\/\/www.leyaled.com\/wp-content\/uploads\/2025\/10\/ingaer114.webp 779w, https:\/\/www.leyaled.com\/wp-content\/uploads\/2025\/10\/ingaer114-300x91.webp 300w, https:\/\/www.leyaled.com\/wp-content\/uploads\/2025\/10\/ingaer114-768x232.webp 768w, https:\/\/www.leyaled.com\/wp-content\/uploads\/2025\/10\/ingaer114-600x181.webp 600w\" sizes=\"(max-width: 796px) 100vw, 796px\" \/><\/p>\n<p style=\"text-align: left;\"><span style=\"font-family: arial, helvetica, sans-serif;\"><strong><span style=\"font-size: 18pt;\">m\u00e9todo de embalaje<\/span><\/strong><\/span><\/p>\n<p style=\"text-align: left;\"><img loading=\"lazy\" decoding=\"async\" class=\"alignnone size-full wp-image-3055\" src=\"https:\/\/www.leyaled.com\/wp-content\/uploads\/2025\/10\/ingaer115.webp\" alt=\"\" width=\"790\" height=\"289\" srcset=\"https:\/\/www.leyaled.com\/wp-content\/uploads\/2025\/10\/ingaer115.webp 790w, https:\/\/www.leyaled.com\/wp-content\/uploads\/2025\/10\/ingaer115-300x110.webp 300w, https:\/\/www.leyaled.com\/wp-content\/uploads\/2025\/10\/ingaer115-768x281.webp 768w, https:\/\/www.leyaled.com\/wp-content\/uploads\/2025\/10\/ingaer115-600x219.webp 600w\" sizes=\"(max-width: 790px) 100vw, 790px\" \/><\/p>\n<p style=\"text-align: left;\"><span style=\"font-family: arial, helvetica, sans-serif;\"><strong><span style=\"font-size: 18pt;\">especificaci\u00f3n personalizaci\u00f3n<\/span><\/strong><\/span><\/p>\n<p style=\"text-align: left;\"><img loading=\"lazy\" decoding=\"async\" class=\"alignnone size-full wp-image-3056\" src=\"https:\/\/www.leyaled.com\/wp-content\/uploads\/2025\/10\/ingaer116.webp\" alt=\"\" width=\"790\" height=\"721\" srcset=\"https:\/\/www.leyaled.com\/wp-content\/uploads\/2025\/10\/ingaer116.webp 790w, https:\/\/www.leyaled.com\/wp-content\/uploads\/2025\/10\/ingaer116-300x274.webp 300w, https:\/\/www.leyaled.com\/wp-content\/uploads\/2025\/10\/ingaer116-768x701.webp 768w, https:\/\/www.leyaled.com\/wp-content\/uploads\/2025\/10\/ingaer116-600x548.webp 600w\" sizes=\"(max-width: 790px) 100vw, 790px\" \/><\/p>\n<table class=\"alignleft\" style=\"width: 63.9222%; height: 518px;\" width=\"963\">\n<tbody>\n<tr style=\"height: 24px;\">\n<td style=\"text-align: center; height: 24px;\" colspan=\"2\" width=\"263\"><span style=\"font-family: arial, helvetica, sans-serif; font-size: 14pt;\">ART\u00cdCULO<\/span><\/td>\n<td style=\"text-align: center; height: 24px;\" width=\"140\"><span style=\"font-family: arial, helvetica, sans-serif; font-size: 14pt;\">P1.25<\/span><\/td>\n<td style=\"text-align: center; height: 24px;\" width=\"140\"><span style=\"font-family: arial, helvetica, sans-serif; font-size: 14pt;\">P1.53<\/span><\/td>\n<td style=\"text-align: center; height: 24px;\" width=\"140\"><span style=\"font-family: arial, helvetica, sans-serif; font-size: 14pt;\">P1.86<\/span><\/td>\n<td style=\"text-align: center; height: 24px;\" width=\"140\"><span style=\"font-family: arial, helvetica, sans-serif; font-size: 14pt;\">P2<\/span><\/td>\n<td style=\"text-align: center; height: 24px;\" width=\"140\"><span style=\"font-family: arial, helvetica, sans-serif; font-size: 14pt;\">P2.5<\/span><\/td>\n<\/tr>\n<tr style=\"height: 24px;\">\n<td style=\"text-align: center; height: 168px;\" rowspan=\"7\"><span style=\"font-family: arial, helvetica, sans-serif; font-size: 14pt;\">m\u00f3dulo led<\/span><\/td>\n<td style=\"text-align: center; height: 24px;\"><span style=\"font-family: arial, helvetica, sans-serif; font-size: 14pt;\">Led<\/span><\/td>\n<td style=\"text-align: center; height: 24px;\" colspan=\"5\"><span style=\"font-family: arial, helvetica, sans-serif; font-size: 14pt;\">smd3in1<\/span><\/td>\n<\/tr>\n<tr style=\"height: 24px;\">\n<td style=\"text-align: center; height: 24px;\" width=\"158\"><span style=\"font-family: arial, helvetica, sans-serif; font-size: 14pt;\">paso de pxoel (mm)<\/span><\/td>\n<td style=\"text-align: center; height: 24px;\"><span style=\"font-family: arial, helvetica, sans-serif; font-size: 14pt;\">P1.25<\/span><\/td>\n<td style=\"text-align: center; height: 24px;\"><span style=\"font-family: arial, helvetica, sans-serif; font-size: 14pt;\">P1.53<\/span><\/td>\n<td style=\"text-align: center; height: 24px;\"><span style=\"font-family: arial, helvetica, sans-serif; font-size: 14pt;\">P1.86<\/span><\/td>\n<td style=\"text-align: center; height: 24px;\"><span style=\"font-family: arial, helvetica, sans-serif; font-size: 14pt;\">P2<\/span><\/td>\n<td style=\"text-align: center; height: 24px;\"><span style=\"font-family: arial, helvetica, sans-serif; font-size: 14pt;\">P2.5<\/span><\/td>\n<\/tr>\n<tr style=\"height: 24px;\">\n<td style=\"text-align: center; height: 24px;\"><span style=\"font-family: arial, helvetica, sans-serif; font-size: 14pt;\">Tama\u00f1o del m\u00f3dulo<\/span><\/td>\n<td style=\"text-align: center; height: 24px;\"><span style=\"font-family: arial, helvetica, sans-serif; font-size: 14pt;\">320*160<\/span><\/td>\n<td style=\"text-align: center; height: 24px;\"><span style=\"font-family: arial, helvetica, sans-serif; font-size: 14pt;\">320*160<\/span><\/td>\n<td style=\"text-align: center; height: 24px;\"><span style=\"font-family: arial, helvetica, sans-serif; font-size: 14pt;\">320*160<\/span><\/td>\n<td style=\"text-align: center; height: 24px;\"><span style=\"font-family: arial, helvetica, sans-serif; font-size: 14pt;\">320*160<\/span><\/td>\n<td style=\"text-align: center; height: 24px;\"><span style=\"font-family: arial, helvetica, sans-serif; font-size: 14pt;\">320*160<\/span><\/td>\n<\/tr>\n<tr style=\"height: 24px;\">\n<td style=\"text-align: center; height: 24px;\" width=\"158\"><span style=\"font-family: arial, helvetica, sans-serif; font-size: 14pt;\">Peso del m\u00f3dulo<\/span><\/td>\n<td style=\"text-align: center; height: 24px;\" colspan=\"5\"><span style=\"font-family: arial, helvetica, sans-serif; font-size: 14pt;\">0.28kg<\/span><\/td>\n<\/tr>\n<tr style=\"height: 24px;\">\n<td style=\"text-align: center; height: 24px;\"><span style=\"font-family: arial, helvetica, sans-serif; font-size: 14pt;\">Cantidad del m\u00f3dulo<\/span><\/td>\n<td style=\"text-align: center; height: 24px;\" colspan=\"5\"><span style=\"font-family: arial, helvetica, sans-serif; font-size: 14pt;\">2*12<\/span><\/td>\n<\/tr>\n<tr style=\"height: 24px;\">\n<td style=\"text-align: center; height: 24px;\" width=\"158\"><span style=\"font-family: arial, helvetica, sans-serif; font-size: 14pt;\">Censo pixelado<\/span><\/td>\n<td style=\"text-align: center; height: 24px;\"><span style=\"font-family: arial, helvetica, sans-serif; font-size: 14pt;\">640,000\/\u33a1<\/span><\/td>\n<td style=\"text-align: center; height: 24px;\"><span style=\"font-family: arial, helvetica, sans-serif; font-size: 14pt;\">427.716\/\u33a1<\/span><\/td>\n<td style=\"text-align: center; height: 24px;\"><span style=\"font-family: arial, helvetica, sans-serif; font-size: 14pt;\">289,444\/\u33a1<\/span><\/td>\n<td style=\"text-align: center; height: 24px;\"><span style=\"font-family: arial, helvetica, sans-serif; font-size: 14pt;\">250,000\/\u33a1<\/span><\/td>\n<td style=\"text-align: center; height: 24px;\"><span style=\"font-family: arial, helvetica, sans-serif; font-size: 14pt;\">160,000\/\u33a1<\/span><\/td>\n<\/tr>\n<tr style=\"height: 24px;\">\n<td style=\"text-align: center; height: 24px;\" width=\"158\"><span style=\"font-family: arial, helvetica, sans-serif; font-size: 14pt;\">Resoluci\u00f3n del Gabinete<\/span><\/td>\n<td style=\"text-align: center; height: 24px;\"><span style=\"font-family: arial, helvetica, sans-serif; font-size: 14pt;\">512*1536<\/span><\/td>\n<td style=\"text-align: center; height: 24px;\"><span style=\"font-family: arial, helvetica, sans-serif; font-size: 14pt;\">418*1255<\/span><\/td>\n<td style=\"text-align: center; height: 24px;\"><span style=\"font-family: arial, helvetica, sans-serif; font-size: 14pt;\">344*1032<\/span><\/td>\n<td style=\"text-align: center; height: 24px;\"><span style=\"font-family: arial, helvetica, sans-serif; font-size: 14pt;\">320*960<\/span><\/td>\n<td style=\"text-align: center; height: 24px;\"><span style=\"font-family: arial, helvetica, sans-serif; font-size: 14pt;\">256*768<\/span><\/td>\n<\/tr>\n<tr style=\"height: 24px;\">\n<td style=\"text-align: center; height: 326px;\" rowspan=\"11\" width=\"105\"><span style=\"font-family: arial, helvetica, sans-serif; font-size: 14pt;\">P\u00f3ster led<\/span><br \/>\n<span style=\"font-family: arial, helvetica, sans-serif; font-size: 14pt;\">Gabinete<\/span><\/td>\n<td style=\"text-align: center; height: 24px;\" width=\"158\"><span style=\"font-family: arial, helvetica, sans-serif; font-size: 14pt;\">Catianat Tama\u00f1o<\/span><\/td>\n<td style=\"text-align: center; height: 24px;\" colspan=\"5\"><span style=\"font-family: arial, helvetica, sans-serif; font-size: 14pt;\">640 * 1920mm<\/span><\/td>\n<\/tr>\n<tr style=\"height: 24px;\">\n<td style=\"text-align: center; height: 24px;\" width=\"158\"><span style=\"font-family: arial, helvetica, sans-serif; font-size: 14pt;\">Gabinete Weelght<\/span><\/td>\n<td style=\"text-align: center; height: 24px;\" colspan=\"5\"><span style=\"font-family: arial, helvetica, sans-serif; font-size: 14pt;\">28<\/span><\/td>\n<\/tr>\n<tr style=\"height: 24px;\">\n<td style=\"text-align: center; height: 24px;\" width=\"158\"><span style=\"font-family: arial, helvetica, sans-serif; font-size: 14pt;\">Cabiret Mlaierial<\/span><\/td>\n<td style=\"text-align: center; height: 24px;\" colspan=\"5\"><span style=\"font-family: arial, helvetica, sans-serif; font-size: 14pt;\">aluminio<\/span><\/td>\n<\/tr>\n<tr style=\"height: 24px;\">\n<td style=\"text-align: center; height: 24px;\" width=\"158\"><span style=\"font-family: arial, helvetica, sans-serif; font-size: 14pt;\">Protecci\u00f3n contra la entrada<\/span><\/td>\n<td style=\"text-align: center; height: 24px;\" colspan=\"5\"><span style=\"font-family: arial, helvetica, sans-serif; font-size: 14pt;\">IP30<\/span><\/td>\n<\/tr>\n<tr style=\"height: 24px;\">\n<td style=\"text-align: center; height: 24px;\" width=\"158\"><span style=\"font-family: arial, helvetica, sans-serif; font-size: 14pt;\">Cclor Ternparabure<\/span><\/td>\n<td style=\"text-align: center; height: 24px;\" colspan=\"5\"><span style=\"font-family: arial, helvetica, sans-serif; font-size: 14pt;\">3.200-12.000 (Ajuste)<\/span><\/td>\n<\/tr>\n<tr style=\"height: 24px;\">\n<td style=\"text-align: center; height: 24px;\" width=\"158\"><span style=\"font-family: arial, helvetica, sans-serif; font-size: 14pt;\">Brightress (nits)<\/span><\/td>\n<td style=\"text-align: center; height: 24px;\" colspan=\"5\"><span style=\"font-family: arial, helvetica, sans-serif; font-size: 14pt;\">600-800<\/span><\/td>\n<\/tr>\n<tr style=\"height: 24px;\">\n<td style=\"text-align: center; height: 24px;\" width=\"158\"><span style=\"font-family: arial, helvetica, sans-serif; font-size: 14pt;\">\u00c1ngulo de vista<\/span><\/td>\n<td style=\"text-align: center; height: 24px;\" colspan=\"5\"><span style=\"font-family: arial, helvetica, sans-serif; font-size: 14pt;\">H.140\u00b0\/V.140\u00b0<\/span><\/td>\n<\/tr>\n<tr style=\"height: 24px;\">\n<td style=\"text-align: center; height: 24px;\" width=\"158\"><span style=\"font-family: arial, helvetica, sans-serif; font-size: 14pt;\">Relaci\u00f3n de contraste<\/span><\/td>\n<td style=\"text-align: center; height: 24px;\" colspan=\"5\"><span style=\"font-family: arial, helvetica, sans-serif; font-size: 14pt;\">4.000:1<\/span><\/td>\n<\/tr>\n<tr style=\"height: 48px;\">\n<td style=\"text-align: center; height: 48px;\" width=\"158\"><span style=\"font-family: arial, helvetica, sans-serif; font-size: 14pt;\">Fower Consumptlon<\/span><\/td>\n<td style=\"text-align: center; height: 48px;\" colspan=\"5\"><span style=\"font-family: arial, helvetica, sans-serif; font-size: 14pt;\">400 W \/ PCS<\/span><\/td>\n<\/tr>\n<tr style=\"height: 48px;\">\n<td style=\"text-align: center; height: 48px;\" width=\"158\"><span style=\"font-family: arial, helvetica, sans-serif; font-size: 14pt;\">AvgPower Consurci\u00f3n<\/span><\/td>\n<td style=\"text-align: center; height: 48px;\" colspan=\"5\"><span style=\"font-family: arial, helvetica, sans-serif; font-size: 14pt;\">120 W \/ PCS<\/span><\/td>\n<\/tr>\n<tr style=\"height: 38px;\">\n<td style=\"text-align: center; height: 38px;\" width=\"158\"><span style=\"font-size: 14pt; font-family: arial, helvetica, sans-serif;\">Rase de reanudaci\u00f3n (Hz)<\/span><\/td>\n<td style=\"text-align: center; height: 38px;\" colspan=\"5\"><span style=\"font-size: 14pt; font-family: arial, helvetica, sans-serif;\">\u22653840Hz<\/span><\/td>\n<\/tr>\n<\/tbody>\n<\/table>\n<p style=\"text-align: left;\"><span style=\"font-family: arial, helvetica, sans-serif; font-size: 14pt;\"><strong>Reproductor de publicidad LED: \u00a1Super f\u00e1cil de instalar! Con un dise\u00f1o de empalme modular, se puede montar r\u00e1pidamente en tres pasos:<\/strong><\/span><\/p>\n<p style=\"text-align: left;\"><span style=\"font-family: arial, helvetica, sans-serif; font-size: 14pt;\">\u2460  Fijar el soporte, <\/span><\/p>\n<p style=\"text-align: left;\"><span style=\"font-family: arial, helvetica, sans-serif; font-size: 14pt;\">\u2461  Empalme la pantalla y conecte la alimentaci\u00f3n\/se\u00f1al,<\/span><\/p>\n<p style=\"text-align: left;\"><span style=\"font-family: arial, helvetica, sans-serif; font-size: 14pt;\">\u2462  Debug el sistema y comienza a usarlo. Desde la construcci\u00f3n de soportes hasta la depuraci\u00f3n de pantallas, no se necesita un equipo profesional, incluso<\/span><\/p>\n<p style=\"text-align: left;\"><span style=\"font-family: arial, helvetica, sans-serif; font-size: 14pt;\">Los principiantes pueden manejarlo f\u00e1cilmente. Si necesita un plan de instalaci\u00f3n personalizado o asistencia t\u00e9cnica, p\u00f3ngase en contacto con nosotros en cualquier momento!<\/span><\/p>\n<\/div>","protected":false},"excerpt":{"rendered":"<p><span style=\"font-family: arial, helvetica, sans-serif;\">La pantalla LED Smart Mirror combina espejos de gama alta con tecnolog\u00eda Micro-LED, cambiando sin problemas entre un espejo regular y una pantalla HD. Apagado, es un espejo de calidad; en, muestra im\u00e1genes 4K ultra-HD. Soporta interacciones inteligentes (proyecci\u00f3n inal\u00e1mbrica multisistema, t\u00e1ctil, control de voz) y personalizaciones (tama\u00f1o, relaci\u00f3n, formas irregulares). Hecho de vidrio templado, es anti-niebla, impermeable y duradero. Ampliamente utilizado en hogares inteligentes (ver dramas de ba\u00f1o, mostrar recetas de cocina, vestir de dormitorio) y escenas comerciales (accesorios minoristas, informaci\u00f3n de hotel, interacci\u00f3n de fitness), es una puerta de enlace inteligente que conecta mundos f\u00edsicos y digitales.<\/span><\/p>\n<ul>\n<li><span style=\"font-family: arial, helvetica, sans-serif;\"><strong>Modo doble sin costuras<\/strong>: Combina espejo de gama alta Micro-LED; se convierte en espejo de calidad (apagado) o pantalla HD (encendido) sin problemas.<\/span><\/li>\n<li style=\"list-style-type: none;\">\n<ul>\n<li><span style=\"font-family: arial, helvetica, sans-serif;\"><strong>HD &amp; Interacci\u00f3n inteligente<\/strong>: pantalla 4K ultra-HD; soporta proyecci\u00f3n inal\u00e1mbrica multisistema, control t\u00e1ctil y de voz<\/span><\/li>\n<li><span style=\"font-family: arial, helvetica, sans-serif;\"><strong>Personalizaci\u00f3n flexible<\/strong>Personalizable en tama\u00f1o, relaci\u00f3n de aspecto, incluso formas irregulares para diferentes necesidades.<\/span><\/li>\n<li><span style=\"font-family: arial, helvetica, sans-serif;\"><strong>Alta durabilidad<\/strong>: vidrio templado construir con anti-niebla, impermeable; larga vida \u00fatil para entornos complejos.<\/span><\/li>\n<\/ul>\n<\/li>\n<\/ul>\n<ul>\n<li><span style=\"font-family: arial, helvetica, sans-serif;\"><strong>Uso de escenarios m\u00faltiples<\/strong>Se adapta a hogares inteligentes (ba\u00f1o \/ cocina \/ dormitorio) y entornos comerciales (retail \/ hotel \/ fitness); enlaces f\u00edsicos &amp; mundos digitales.<\/span><\/li>\n<\/ul>","protected":false},"featured_media":2666,"comment_status":"closed","ping_status":"closed","template":"","meta":[],"product_brand":[],"product_cat":[48,34],"product_tag":[],"class_list":{"0":"post-2144","1":"product","2":"type-product","3":"status-publish","4":"has-post-thumbnail","6":"product_cat-indoor-special-led-screen","7":"product_cat-special-led-screen","9":"first","10":"instock","11":"shipping-taxable","12":"product-type-simple"},"_links":{"self":[{"href":"https:\/\/www.leyaled.com\/es\/wp-json\/wp\/v2\/product\/2144","targetHints":{"allow":["GET"]}}],"collection":[{"href":"https:\/\/www.leyaled.com\/es\/wp-json\/wp\/v2\/product"}],"about":[{"href":"https:\/\/www.leyaled.com\/es\/wp-json\/wp\/v2\/types\/product"}],"replies":[{"embeddable":true,"href":"https:\/\/www.leyaled.com\/es\/wp-json\/wp\/v2\/comments?post=2144"}],"wp:featuredmedia":[{"embeddable":true,"href":"https:\/\/www.leyaled.com\/es\/wp-json\/wp\/v2\/media\/2666"}],"wp:attachment":[{"href":"https:\/\/www.leyaled.com\/es\/wp-json\/wp\/v2\/media?parent=2144"}],"wp:term":[{"taxonomy":"product_brand","embeddable":true,"href":"https:\/\/www.leyaled.com\/es\/wp-json\/wp\/v2\/product_brand?post=2144"},{"taxonomy":"product_cat","embeddable":true,"href":"https:\/\/www.leyaled.com\/es\/wp-json\/wp\/v2\/product_cat?post=2144"},{"taxonomy":"product_tag","embeddable":true,"href":"https:\/\/www.leyaled.com\/es\/wp-json\/wp\/v2\/product_tag?post=2144"}],"curies":[{"name":"WP","href":"https:\/\/api.w.org\/{rel}","templated":true}]}}